{"id":355,"date":"2019-03-28T10:51:00","date_gmt":"2019-03-28T09:51:00","guid":{"rendered":"https:\/\/www.ull.es\/portal\/opina-y-debates\/?page_id=355"},"modified":"2019-03-28T17:05:29","modified_gmt":"2019-03-28T16:05:29","slug":"dialogos","status":"publish","type":"page","link":"https:\/\/www.ull.es\/portal\/opina-y-debates\/dialogos\/","title":{"rendered":"Di\u00e1logos"},"content":{"rendered":"<p>[vc_row full_width=\u00bbstretch_row\u00bb content_placement=\u00bbmiddle\u00bb css=\u00bb.vc_custom_1553786822945{padding-top: 50px !important;padding-bottom: 50px !important;background-color: #e5a472 !important;}\u00bb][vc_column][vc_column_text css_animation=\u00bbnone\u00bb]<\/p>\n<h1 style=\"color: black;font-weight: 600;font-size: 55px !important;text-align: center\">Objetivos de Di\u00e1logos<\/h1>\n<p>[\/vc_column_text][\/vc_column][vc_column css_animation=\u00bbfadeInUp\u00bb width=\u00bb1\/2&#8243;][vc_row_inner][vc_column_inner width=\u00bb1\/2&#8243;][vc_column_text]<\/p>\n<h3>Docencia<\/h3>\n<p>Acercar a la comunidad universitaria, especialmente al alumnado, a la realidad de las organizaciones empresariales y sociales para complementar y enriquecer la formaci\u00f3n acad\u00e9mica con las experiencias de sus responsables con reconocida trayectoria.[\/vc_column_text][\/vc_column_inner][vc_column_inner width=\u00bb1\/2&#8243;][vc_column_text]<\/p>\n<h3>Investigaci\u00f3n<\/h3>\n<p>Identificar y descubrir posibles \u00e1reas de inter\u00e9s mutuo para la Universidad y las entidades empresariales o sociales para la realizaci\u00f3n de proyectos y trabajos de investigaci\u00f3n, Trabajos de fin de grado o Trabajos de fin de master.[\/vc_column_text][\/vc_column_inner][\/vc_row_inner][vc_row_inner][vc_column_inner width=\u00bb1\/2&#8243;][vc_column_text]<\/p>\n<h3>Transferencia del conocimiento<\/h3>\n<p>Facilitar f\u00f3rmulas y procesos que permitan la transferencia del conocimiento en funci\u00f3n de las experiencias y necesidades del entorno empresarial y social.[\/vc_column_text][\/vc_column_inner][vc_column_inner width=\u00bb1\/2&#8243;][vc_column_text]<\/p>\n<h3>Medios de comunicaci\u00f3n y sociedad<\/h3>\n<p>Transmitir y dar a conocer en un contexto de responsabilidad social los valores de las acciones conjuntas entre la Universidad y los agentes sociales.[\/vc_column_text][\/vc_column_inner][\/vc_row_inner][vc_row_inner][vc_column_inner width=\u00bb1\/2&#8243;][vc_column_text]<\/p>\n<h3>Instituciones, empresas y asociaciones<\/h3>\n<p>Facilitar que los agentes sociales conozcan de primera mano el funcionamiento y demandas de la Universidad y puedan comunicar a la comunidad universitaria sus inquietudes y propuestas para co-crear valor.[\/vc_column_text][\/vc_column_inner][vc_column_inner width=\u00bb1\/2&#8243;][\/vc_column_inner][\/vc_row_inner][\/vc_column][vc_column width=\u00bb1\/2&#8243;][vc_single_image image=\u00bb380&#8243; img_size=\u00bblarge\u00bb alignment=\u00bbcenter\u00bb css_animation=\u00bbzoomIn\u00bb][\/vc_column][\/vc_row][vc_row full_width=\u00bbstretch_row\u00bb css=\u00bb.vc_custom_1551962899924{padding-right: 300px !important;padding-left: 300px !important;background-image: url(http:\/\/www.ull.es\/opina-y-debates\/wp-content\/uploads\/sites\/13\/2019\/03\/Artboard-4.png?id=157) !important;background-position: center !important;background-repeat: no-repeat !important;background-size: cover !important;}\u00bb el_class=\u00bbproces\u00bb][vc_column][vc_empty_space height=\u00bb100px\u00bb][vc_column_text css_animation=\u00bbfadeInUp\u00bb]<\/p>\n<h1 style=\"color: black;font-weight: 600;font-size: 55px !important;text-align: center\">\u00bfC\u00f3mo se desarrolla Di\u00e1logos?<\/h1>\n<p>[\/vc_column_text][vc_empty_space height=\u00bb100px\u00bb][vc_row_inner content_placement=\u00bbmiddle\u00bb][vc_column_inner width=\u00bb1\/2&#8243;][vc_single_image image=\u00bb267&#8243; img_size=\u00bb440&#215;440&#8243; alignment=\u00bbcenter\u00bb][\/vc_column_inner][vc_column_inner width=\u00bb1\/2&#8243; css=\u00bb.vc_custom_1551960519835{padding-right: 50px !important;padding-left: 100px !important;}\u00bb][vc_column_text css_animation=\u00bbfadeInLeft\u00bb]<\/p>\n<h1>Invitado<\/h1>\n<p>Se invita a una persona responsable de organizaciones empresariales o sociales con reconocida trayectoria.[\/vc_column_text][\/vc_column_inner][\/vc_row_inner][vc_empty_space height=\u00bb100px\u00bb][vc_row_inner content_placement=\u00bbmiddle\u00bb][vc_column_inner width=\u00bb1\/2&#8243; css=\u00bb.vc_custom_1551960541651{padding-right: 100px !important;padding-left: 50px !important;}\u00bb][vc_column_text css_animation=\u00bbfadeInRight\u00bb]<\/p>\n<h1>Di\u00e1logo Guiado por Periodista<\/h1>\n<p>El evento en s\u00ed mismo consiste en una entrevista p\u00fablica desarrollada por un periodista, con el fin de que el alumnado pueda conocer la trayectoria, experiencia, valores y aspecto esenciales de la historia de la persona responsable y de la instituci\u00f3n a la que representa.[\/vc_column_text][\/vc_column_inner][vc_column_inner width=\u00bb1\/2&#8243;][vc_single_image image=\u00bb360&#8243; img_size=\u00bb440&#215;440&#8243; alignment=\u00bbcenter\u00bb][\/vc_column_inner][\/vc_row_inner][vc_empty_space height=\u00bb100px\u00bb][vc_row_inner content_placement=\u00bbmiddle\u00bb][vc_column_inner width=\u00bb1\/2&#8243;][vc_single_image image=\u00bb361&#8243; img_size=\u00bb440&#215;440&#8243; alignment=\u00bbcenter\u00bb][\/vc_column_inner][vc_column_inner width=\u00bb1\/2&#8243; css=\u00bb.vc_custom_1551960527731{padding-right: 50px !important;padding-left: 100px !important;}\u00bb][vc_column_text css_animation=\u00bbfadeInRight\u00bb]<\/p>\n<h1>Di\u00e1logo con Comunidad Universitaria<\/h1>\n<p>La entrevista se desarrolla en un ambiente distendido y cercano, y al tratarse de una entrevista semi-estructurada, las propias preguntas del periodista y\/o del alumando abren nuevos aspectos de inter\u00e9s sobre los que hablar o preguntar. Finalmente el alumnado realiza preguntas y dialogan con el invitado sobre aquellos aspectos que m\u00e1s le interesen.[\/vc_column_text][\/vc_column_inner][\/vc_row_inner][vc_empty_space height=\u00bb100px\u00bb][\/vc_column][\/vc_row][vc_row][vc_column width=\u00bb1\/3&#8243;][vc_raw_html]JTVCbm90aWNpYXMtdWxsJTIwcGxhbnRpbGxhJTNEcGVyZmlsZXMlMjBjYXRlZ29yaWElM0Q1NTI1JTIwbnVtX3Bvc3RzJTNENSU1RA==[\/vc_raw_html][\/vc_column][vc_column width=\u00bb1\/3&#8243;][vc_raw_html]JTVCZXZlbnRvcy11bGwlMjBzbHVnY2F0ZWdvcmlhJTNEZGlhbG9nb3MlMjAlMjBwbGFudGlsbGElM0RwZXJmaWxlcyUyMGZlY2hhX2luaWNpbyUzRDIwMTctMTItMTIlMjBudW1fcG9zdHMlM0Q1JTIwY2F0ZWdvcmlhJTNEMjcwOSU1RCUwQSUwQSUwQSUwQQ==[\/vc_raw_html][\/vc_column][vc_column width=\u00bb1\/3&#8243;][\/vc_column][\/vc_row][vc_row][vc_column][vc_empty_space height=\u00bb50px\u00bb][\/vc_column][\/vc_row]<\/p>\n","protected":false},"excerpt":{"rendered":"<p>[vc_row full_width=\u00bbstretch_row\u00bb content_placement=\u00bbmiddle\u00bb css=\u00bb.vc_custom_1553786822945{padding-top: 50px !important;padding-bottom: 50px !important;background-color: #e5a472 !important;}\u00bb][vc_column][vc_column_text css_animation=\u00bbnone\u00bb] Objetivos de Di\u00e1logos [\/vc_column_text][\/vc_column][vc_column css_animation=\u00bbfadeInUp\u00bb width=\u00bb1\/2&#8243;][vc_row_inner][vc_column_inner width=\u00bb1\/2&#8243;][vc_column_text] Docencia Acercar a la comunidad universitaria, especialmente al alumnado, a la realidad de las organizaciones empresariales y sociales para complementar y enriquecer la formaci\u00f3n acad\u00e9mica con las experiencias de sus responsables con reconocida trayectoria.[\/vc_column_text][\/vc_column_inner][vc_column_inner width=\u00bb1\/2&#8243;][vc_column_text] Investigaci\u00f3n Identificar&#8230;<\/p>\n","protected":false},"author":41,"featured_media":0,"parent":0,"menu_order":0,"comment_status":"closed","ping_status":"closed","template":"templates\/template-no-title.php","meta":{"inline_featured_image":false,"footnotes":""},"acf":[],"yoast_head":"<!-- This site is optimized with the Yoast SEO plugin v21.3 - https:\/\/yoast.com\/wordpress\/plugins\/seo\/ -->\n<title>Di\u00e1logos - Opina y Debates<\/title>\n<meta name=\"robots\" content=\"index, follow, max-snippet:-1, max-image-preview:large, max-video-preview:-1\" \/>\n<link rel=\"canonical\" href=\"https:\/\/www.ull.es\/portal\/opina-y-debates\/dialogos\/\" \/>\n<meta property=\"og:locale\" content=\"es_ES\" \/>\n<meta property=\"og:type\" content=\"article\" \/>\n<meta property=\"og:title\" content=\"Di\u00e1logos - Opina y Debates\" \/>\n<meta property=\"og:description\" content=\"[vc_row full_width=\u00bbstretch_row\u00bb content_placement=\u00bbmiddle\u00bb css=\u00bb.vc_custom_1553786822945{padding-top: 50px !important;padding-bottom: 50px !important;background-color: #e5a472 !important;}\u00bb][vc_column][vc_column_text css_animation=\u00bbnone\u00bb] Objetivos de Di\u00e1logos [\/vc_column_text][\/vc_column][vc_column css_animation=\u00bbfadeInUp\u00bb width=\u00bb1\/2&#8243;][vc_row_inner][vc_column_inner width=\u00bb1\/2&#8243;][vc_column_text] Docencia Acercar a la comunidad universitaria, especialmente al alumnado, a la realidad de las organizaciones empresariales y sociales para complementar y enriquecer la formaci\u00f3n acad\u00e9mica con las experiencias de sus responsables con reconocida trayectoria.[\/vc_column_text][\/vc_column_inner][vc_column_inner width=\u00bb1\/2&#8243;][vc_column_text] Investigaci\u00f3n Identificar...\" \/>\n<meta property=\"og:url\" content=\"https:\/\/www.ull.es\/portal\/opina-y-debates\/dialogos\/\" \/>\n<meta property=\"og:site_name\" content=\"Opina y Debates\" \/>\n<meta property=\"article:modified_time\" content=\"2019-03-28T16:05:29+00:00\" \/>\n<meta name=\"twitter:card\" content=\"summary_large_image\" \/>\n<meta name=\"twitter:label1\" content=\"Tiempo de lectura\" \/>\n\t<meta name=\"twitter:data1\" content=\"4 minutos\" \/>\n<script type=\"application\/ld+json\" class=\"yoast-schema-graph\">{\"@context\":\"https:\/\/schema.org\",\"@graph\":[{\"@type\":\"WebPage\",\"@id\":\"https:\/\/www.ull.es\/portal\/opina-y-debates\/dialogos\/\",\"url\":\"https:\/\/www.ull.es\/portal\/opina-y-debates\/dialogos\/\",\"name\":\"Di\u00e1logos - Opina y Debates\",\"isPartOf\":{\"@id\":\"https:\/\/www.ull.es\/portal\/opina-y-debates\/#website\"},\"datePublished\":\"2019-03-28T09:51:00+00:00\",\"dateModified\":\"2019-03-28T16:05:29+00:00\",\"breadcrumb\":{\"@id\":\"https:\/\/www.ull.es\/portal\/opina-y-debates\/dialogos\/#breadcrumb\"},\"inLanguage\":\"es\",\"potentialAction\":[{\"@type\":\"ReadAction\",\"target\":[\"https:\/\/www.ull.es\/portal\/opina-y-debates\/dialogos\/\"]}]},{\"@type\":\"BreadcrumbList\",\"@id\":\"https:\/\/www.ull.es\/portal\/opina-y-debates\/dialogos\/#breadcrumb\",\"itemListElement\":[{\"@type\":\"ListItem\",\"position\":1,\"name\":\"Portada\",\"item\":\"https:\/\/www.ull.es\/portal\/opina-y-debates\/\"},{\"@type\":\"ListItem\",\"position\":2,\"name\":\"Di\u00e1logos\"}]},{\"@type\":\"WebSite\",\"@id\":\"https:\/\/www.ull.es\/portal\/opina-y-debates\/#website\",\"url\":\"https:\/\/www.ull.es\/portal\/opina-y-debates\/\",\"name\":\"Opina y Debates\",\"description\":\"\",\"potentialAction\":[{\"@type\":\"SearchAction\",\"target\":{\"@type\":\"EntryPoint\",\"urlTemplate\":\"https:\/\/www.ull.es\/portal\/opina-y-debates\/?s={search_term_string}\"},\"query-input\":\"required name=search_term_string\"}],\"inLanguage\":\"es\"}]}<\/script>\n<!-- \/ Yoast SEO plugin. -->","yoast_head_json":{"title":"Di\u00e1logos - Opina y Debates","robots":{"index":"index","follow":"follow","max-snippet":"max-snippet:-1","max-image-preview":"max-image-preview:large","max-video-preview":"max-video-preview:-1"},"canonical":"https:\/\/www.ull.es\/portal\/opina-y-debates\/dialogos\/","og_locale":"es_ES","og_type":"article","og_title":"Di\u00e1logos - Opina y Debates","og_description":"[vc_row full_width=\u00bbstretch_row\u00bb content_placement=\u00bbmiddle\u00bb css=\u00bb.vc_custom_1553786822945{padding-top: 50px !important;padding-bottom: 50px !important;background-color: #e5a472 !important;}\u00bb][vc_column][vc_column_text css_animation=\u00bbnone\u00bb] Objetivos de Di\u00e1logos [\/vc_column_text][\/vc_column][vc_column css_animation=\u00bbfadeInUp\u00bb width=\u00bb1\/2&#8243;][vc_row_inner][vc_column_inner width=\u00bb1\/2&#8243;][vc_column_text] Docencia Acercar a la comunidad universitaria, especialmente al alumnado, a la realidad de las organizaciones empresariales y sociales para complementar y enriquecer la formaci\u00f3n acad\u00e9mica con las experiencias de sus responsables con reconocida trayectoria.[\/vc_column_text][\/vc_column_inner][vc_column_inner width=\u00bb1\/2&#8243;][vc_column_text] Investigaci\u00f3n Identificar...","og_url":"https:\/\/www.ull.es\/portal\/opina-y-debates\/dialogos\/","og_site_name":"Opina y Debates","article_modified_time":"2019-03-28T16:05:29+00:00","twitter_card":"summary_large_image","twitter_misc":{"Tiempo de lectura":"4 minutos"},"schema":{"@context":"https:\/\/schema.org","@graph":[{"@type":"WebPage","@id":"https:\/\/www.ull.es\/portal\/opina-y-debates\/dialogos\/","url":"https:\/\/www.ull.es\/portal\/opina-y-debates\/dialogos\/","name":"Di\u00e1logos - Opina y Debates","isPartOf":{"@id":"https:\/\/www.ull.es\/portal\/opina-y-debates\/#website"},"datePublished":"2019-03-28T09:51:00+00:00","dateModified":"2019-03-28T16:05:29+00:00","breadcrumb":{"@id":"https:\/\/www.ull.es\/portal\/opina-y-debates\/dialogos\/#breadcrumb"},"inLanguage":"es","potentialAction":[{"@type":"ReadAction","target":["https:\/\/www.ull.es\/portal\/opina-y-debates\/dialogos\/"]}]},{"@type":"BreadcrumbList","@id":"https:\/\/www.ull.es\/portal\/opina-y-debates\/dialogos\/#breadcrumb","itemListElement":[{"@type":"ListItem","position":1,"name":"Portada","item":"https:\/\/www.ull.es\/portal\/opina-y-debates\/"},{"@type":"ListItem","position":2,"name":"Di\u00e1logos"}]},{"@type":"WebSite","@id":"https:\/\/www.ull.es\/portal\/opina-y-debates\/#website","url":"https:\/\/www.ull.es\/portal\/opina-y-debates\/","name":"Opina y Debates","description":"","potentialAction":[{"@type":"SearchAction","target":{"@type":"EntryPoint","urlTemplate":"https:\/\/www.ull.es\/portal\/opina-y-debates\/?s={search_term_string}"},"query-input":"required name=search_term_string"}],"inLanguage":"es"}]}},"_links":{"self":[{"href":"https:\/\/www.ull.es\/portal\/opina-y-debates\/wp-json\/wp\/v2\/pages\/355"}],"collection":[{"href":"https:\/\/www.ull.es\/portal\/opina-y-debates\/wp-json\/wp\/v2\/pages"}],"about":[{"href":"https:\/\/www.ull.es\/portal\/opina-y-debates\/wp-json\/wp\/v2\/types\/page"}],"author":[{"embeddable":true,"href":"https:\/\/www.ull.es\/portal\/opina-y-debates\/wp-json\/wp\/v2\/users\/41"}],"replies":[{"embeddable":true,"href":"https:\/\/www.ull.es\/portal\/opina-y-debates\/wp-json\/wp\/v2\/comments?post=355"}],"version-history":[{"count":17,"href":"https:\/\/www.ull.es\/portal\/opina-y-debates\/wp-json\/wp\/v2\/pages\/355\/revisions"}],"predecessor-version":[{"id":382,"href":"https:\/\/www.ull.es\/portal\/opina-y-debates\/wp-json\/wp\/v2\/pages\/355\/revisions\/382"}],"wp:attachment":[{"href":"https:\/\/www.ull.es\/portal\/opina-y-debates\/wp-json\/wp\/v2\/media?parent=355"}],"curies":[{"name":"wp","href":"https:\/\/api.w.org\/{rel}","templated":true}]}}