{"id":63,"date":"2019-03-06T14:13:02","date_gmt":"2019-03-06T13:13:02","guid":{"rendered":"https:\/\/www.ull.es\/opina-y-debates\/?page_id=63"},"modified":"2023-12-13T11:16:54","modified_gmt":"2023-12-13T10:16:54","slug":"debates","status":"publish","type":"page","link":"https:\/\/www.ull.es\/portal\/opina-y-debates\/debates\/","title":{"rendered":"Debates"},"content":{"rendered":"<p>[vc_row full_width=\u00bbstretch_row\u00bb content_placement=\u00bbmiddle\u00bb css=\u00bb.vc_custom_1551966869300{padding-top: 50px !important;padding-bottom: 50px !important;background-color: #9ccc65 !important;}\u00bb][vc_column][vc_column_text css_animation=\u00bbnone\u00bb]<\/p>\n<h1 style=\"color: black; font-weight: 600; font-size: 55px !important; text-align: center;\">Objetivos de Debates<\/h1>\n<p>[\/vc_column_text][\/vc_column][vc_column css_animation=\u00bbfadeInUp\u00bb width=\u00bb1\/2&#8243;][vc_row_inner][vc_column_inner width=\u00bb1\/2&#8243;][vc_column_text]<\/p>\n<h3>Docencia<\/h3>\n<p>Favorecer la reflexi\u00f3n epistemol\u00f3gica acerca de los modos de producci\u00f3n y gesti\u00f3n del conocimiento que, expl\u00edcita o impl\u00edcitamente, se proponen en las universidades y en otros niveles del sistema educativo. Albergar el debate sobre temas relativos a la innovaci\u00f3n social y nuevos paradigmas emergentes.[\/vc_column_text][\/vc_column_inner][vc_column_inner width=\u00bb1\/2&#8243;][vc_column_text]<\/p>\n<h3>Ciudadan\u00eda<\/h3>\n<p>Invitar a los ciudadanos a reflexionar sobre sus h\u00e1bitos y sobre la influencia de sus decisiones en el desarrollo de la comunidad. Promover la concienciaci\u00f3n, sensibilizaci\u00f3n y responsabilizaci\u00f3n.[\/vc_column_text][\/vc_column_inner][\/vc_row_inner][vc_row_inner][vc_column_inner width=\u00bb1\/2&#8243;][vc_column_text]<\/p>\n<h3>Pol\u00edtica local e insular<\/h3>\n<p>Servir de est\u00edmulo para la incorporaci\u00f3n y el dise\u00f1o de nuevas pol\u00edticas en las agendas de desarrollo municipales e insulares.[\/vc_column_text][\/vc_column_inner][vc_column_inner width=\u00bb1\/2&#8243;][vc_column_text]<\/p>\n<h3>Medios de Comunicaci\u00f3n<\/h3>\n<p>Invitarles a reflexionar sobre la pertinencia y desviar su atenci\u00f3n a temas cr\u00edticos para lograr un desarrollo sostenible.[\/vc_column_text][\/vc_column_inner][\/vc_row_inner][vc_row_inner][vc_column_inner width=\u00bb1\/2&#8243;][vc_column_text]<\/p>\n<h3>Investigaci\u00f3n<\/h3>\n<p>Influir en la agenda cient\u00edfica estimulando la investigaci\u00f3n en temas cr\u00edticos que preocupan a la ciudadan\u00eda, aumentando as\u00ed el impacto social de la misma y la transferencia de conocimiento.[\/vc_column_text][\/vc_column_inner][vc_column_inner width=\u00bb1\/2&#8243;][vc_column_text]<\/p>\n<h3>Empresas y asociaciones<\/h3>\n<p>Promover la concienciaci\u00f3n, sensibilizaci\u00f3n y responsabilizaci\u00f3n. Empresas sostenibles:Buenas pr\u00e1cticas y casos de \u00e9xito.[\/vc_column_text][\/vc_column_inner][\/vc_row_inner][\/vc_column][vc_column width=\u00bb1\/2&#8243;][vc_single_image image=\u00bb276&#8243; img_size=\u00bblarge\u00bb alignment=\u00bbcenter\u00bb css_animation=\u00bbzoomIn\u00bb][\/vc_column][\/vc_row][vc_row full_width=\u00bbstretch_row\u00bb disable_element=\u00bbyes\u00bb css=\u00bb.vc_custom_1552051450847{padding-right: 300px !important;padding-left: 300px !important;background-image: url(http:\/\/www.ull.es\/opina-y-debates\/wp-content\/uploads\/sites\/13\/2019\/03\/Artboard-4.png?id=157) !important;background-position: center !important;background-repeat: no-repeat !important;background-size: cover !important;}\u00bb el_class=\u00bbproces\u00bb][vc_column][vc_empty_space height=\u00bb100px\u00bb][vc_column_text css_animation=\u00bbfadeInUp\u00bb]<\/p>\n<h1 style=\"color: black; font-weight: 600; font-size: 55px !important; text-align: center;\">\u00bfC\u00f3mo se desarrolla ULL Debates?<\/h1>\n<p style=\"text-align: center;\">El formato de las actividades ser\u00e1 el de una conferencia-coloquio moderada por un periodista que se seguir\u00e1 de un debate en el que participar\u00e1n profesores universitarios, estudiantes y p\u00fablico en general.<\/p>\n<p>[\/vc_column_text][vc_empty_space height=\u00bb100px\u00bb][vc_row_inner content_placement=\u00bbmiddle\u00bb][vc_column_inner width=\u00bb1\/2&#8243;][vc_single_image image=\u00bb202&#8243; img_size=\u00bb440&#215;440&#8243; alignment=\u00bbcenter\u00bb][\/vc_column_inner][vc_column_inner width=\u00bb1\/2&#8243; css=\u00bb.vc_custom_1551960519835{padding-right: 50px !important;padding-left: 100px !important;}\u00bb][vc_column_text css_animation=\u00bbfadeInLeft\u00bb]<\/p>\n<h1>Conferenciantes de Prestigio<\/h1>\n<p><span style=\"font-size: 2rem;\">Las conferencias ser\u00e1n impartidas por personas de reconocido prestigio en un \u00e1mbito relacionado con los objetivos del ciclo y tendr\u00e1n una duraci\u00f3n de unos 40 minutos.<\/span>[\/vc_column_text][\/vc_column_inner][\/vc_row_inner][vc_empty_space height=\u00bb100px\u00bb][vc_row_inner content_placement=\u00bbmiddle\u00bb][vc_column_inner width=\u00bb1\/2&#8243; css=\u00bb.vc_custom_1551960541651{padding-right: 100px !important;padding-left: 50px !important;}\u00bb][vc_column_text css_animation=\u00bbfadeInRight\u00bb]<\/p>\n<h1>Casos de \u00c9xito<\/h1>\n<p>Intervenci\u00f3n de un\/una representante de una empresa o instituci\u00f3n que haya puesto en pr\u00e1ctica con \u00e9xito alguna de las propuestas que propugna el conferenciante.[\/vc_column_text][\/vc_column_inner][vc_column_inner width=\u00bb1\/2&#8243;][vc_single_image image=\u00bb204&#8243; img_size=\u00bb440&#215;440&#8243; alignment=\u00bbcenter\u00bb][\/vc_column_inner][\/vc_row_inner][vc_empty_space height=\u00bb100px\u00bb][vc_row_inner content_placement=\u00bbmiddle\u00bb][vc_column_inner width=\u00bb1\/2&#8243;][vc_single_image image=\u00bb205&#8243; img_size=\u00bb440&#215;440&#8243; alignment=\u00bbcenter\u00bb][\/vc_column_inner][vc_column_inner width=\u00bb1\/2&#8243; css=\u00bb.vc_custom_1551960527731{padding-right: 50px !important;padding-left: 100px !important;}\u00bb][vc_column_text css_animation=\u00bbfadeInLeft\u00bb]<\/p>\n<h1>Breve Coloquio<\/h1>\n<p>Coloquio entre el conferenciante y el\/la ponente del caso de \u00e9xito moderado por un periodista donde se har\u00e1 \u00e9nfasis en los aspectos m\u00e1s novedosos.[\/vc_column_text][\/vc_column_inner][\/vc_row_inner][vc_empty_space height=\u00bb100px\u00bb][vc_row_inner content_placement=\u00bbmiddle\u00bb][vc_column_inner width=\u00bb1\/2&#8243; css=\u00bb.vc_custom_1551960536971{padding-right: 100px !important;padding-left: 50px !important;}\u00bb][vc_column_text css_animation=\u00bbfadeInRight\u00bb]<\/p>\n<h1>Participaci\u00f3n del P\u00fablico<\/h1>\n<p>En la parte final del acto se invita a intervenir tanto a los profesores y estudiantes asistentes como al p\u00fablico en general para favorecer la existencia de un debate final.[\/vc_column_text][\/vc_column_inner][vc_column_inner width=\u00bb1\/2&#8243;][vc_single_image image=\u00bb206&#8243; img_size=\u00bb440&#215;440&#8243; alignment=\u00bbcenter\u00bb][\/vc_column_inner][\/vc_row_inner][vc_empty_space height=\u00bb100px\u00bb][vc_row_inner content_placement=\u00bbmiddle\u00bb][vc_column_inner width=\u00bb1\/2&#8243;][vc_single_image image=\u00bb207&#8243; img_size=\u00bb440&#215;440&#8243; alignment=\u00bbcenter\u00bb][\/vc_column_inner][vc_column_inner width=\u00bb1\/2&#8243; css=\u00bb.vc_custom_1551960527731{padding-right: 50px !important;padding-left: 100px !important;}\u00bb][vc_column_text css_animation=\u00bbfadeInLeft\u00bb]<\/p>\n<h1>Conclusiones Finales<\/h1>\n<p>Para concluir, el periodista cierra el acto haciendo un resumen de lo acontecido y extrayendo las principales conclusiones.[\/vc_column_text][\/vc_column_inner][\/vc_row_inner][vc_empty_space height=\u00bb100px\u00bb][\/vc_column][\/vc_row][vc_row full_width=\u00bbstretch_row\u00bb parallax=\u00bbcontent-moving\u00bb css=\u00bb.vc_custom_1552052176958{background-image: url(http:\/\/www.ull.es\/opina-y-debates\/wp-content\/uploads\/sites\/13\/2019\/03\/Artboard-5.png?id=240) !important;background-position: center;background-repeat: no-repeat !important;background-size: cover !important;}\u00bb el_class=\u00bbother\u00bb][vc_column][vc_empty_space height=\u00bb100px\u00bb][vc_column_text css_animation=\u00bbfadeInUp\u00bb]<\/p>\n<h1 style=\"color: black; font-weight: 600; font-size: 55px !important; text-align: center;\">\u00bfC\u00f3mo se desarrolla ULL Debates?<\/h1>\n<p style=\"text-align: center;\">El formato de las actividades ser\u00e1 el de una conferencia-coloquio moderada por un periodista que se seguir\u00e1 de un debate en el que participar\u00e1n profesores universitarios, estudiantes y p\u00fablico en general.<\/p>\n<p>[\/vc_column_text][vc_empty_space height=\u00bb100px\u00bb][vc_row_inner content_placement=\u00bbtop\u00bb gap=\u00bb35&#8243;][vc_column_inner width=\u00bb1\/3&#8243;][vc_single_image image=\u00bb265&#8243; img_size=\u00bbmedium\u00bb][vc_empty_space height=\u00bb35px\u00bb][vc_column_text css_animation=\u00bbnone\u00bb]<\/p>\n<h1>Conferenciantes de Prestigio<\/h1>\n<p>Las conferencias ser\u00e1n impartidas por personas de reconocido prestigio en un \u00e1mbito relacionado con los objetivos del ciclo y tendr\u00e1n una duraci\u00f3n de unos 40 minutos.[\/vc_column_text][\/vc_column_inner][vc_column_inner width=\u00bb1\/3&#8243;][vc_single_image image=\u00bb263&#8243; img_size=\u00bbmedium\u00bb][vc_empty_space height=\u00bb35px\u00bb][vc_column_text css_animation=\u00bbnone\u00bb]<\/p>\n<h1>Casos de \u00c9xito<\/h1>\n<p>Intervenci\u00f3n de un\/una representante de una empresa o instituci\u00f3n que haya puesto en pr\u00e1ctica con \u00e9xito alguna de las propuestas que propugna el conferenciante.[\/vc_column_text][\/vc_column_inner][vc_column_inner width=\u00bb1\/3&#8243;][vc_single_image image=\u00bb262&#8243; img_size=\u00bbmedium\u00bb][vc_empty_space height=\u00bb35px\u00bb][vc_column_text css_animation=\u00bbnone\u00bb]<\/p>\n<h1>Breve Coloquio<\/h1>\n<p>Coloquio entre el conferenciante y el\/la ponente del caso de \u00e9xito moderado por un periodista donde se har\u00e1 \u00e9nfasis en los aspectos m\u00e1s novedosos.[\/vc_column_text][\/vc_column_inner][\/vc_row_inner][vc_empty_space height=\u00bb100px\u00bb][vc_row_inner content_placement=\u00bbtop\u00bb][vc_column_inner width=\u00bb1\/3&#8243;][vc_single_image image=\u00bb269&#8243; img_size=\u00bbmedium\u00bb][vc_empty_space height=\u00bb35px\u00bb][vc_column_text css_animation=\u00bbnone\u00bb]<\/p>\n<h1>Participaci\u00f3n del P\u00fablico<\/h1>\n<p>En la parte final del acto se invita a intervenir tanto a los profesores y estudiantes asistentes como al p\u00fablico en general para favorecer la existencia de un debate final.[\/vc_column_text][\/vc_column_inner][vc_column_inner width=\u00bb1\/3&#8243;][vc_single_image image=\u00bb264&#8243; img_size=\u00bbmedium\u00bb][vc_empty_space height=\u00bb35px\u00bb][vc_column_text css_animation=\u00bbnone\u00bb]<\/p>\n<h1>Conclusiones Finales<\/h1>\n<p>Para concluir, el periodista cierra el acto haciendo un resumen de lo acontecido y extrayendo las principales conclusiones.[\/vc_column_text][\/vc_column_inner][vc_column_inner width=\u00bb1\/3&#8243;][\/vc_column_inner][\/vc_row_inner][vc_empty_space height=\u00bb100px\u00bb][\/vc_column][\/vc_row][vc_row equal_height=\u00bbyes\u00bb content_placement=\u00bbtop\u00bb disable_element=\u00bbyes\u00bb css=\u00bb.vc_custom_1552481759387{padding-top: 50px !important;padding-bottom: 50px !important;}\u00bb][vc_column width=\u00bb1\/2&#8243;][vc_column_text]<\/p>\n<h1 style=\"color: #9ccc65; font-weight: 600; font-size: 55px !important; text-align: center;\">Valora<\/h1>\n<p style=\"text-align: center;\">\u00bfHas asistido a alguno de los debates que hemos organizado? Env\u00edanos tu valoraci\u00f3n, la revisaremos y la publicaremos lo antes posible. Queremos conocer mejor a nuestro p\u00fablico.<\/p>\n<p>[\/vc_column_text][vc_empty_space height=\u00bb30px\u00bb][\/vc_column][vc_column width=\u00bb1\/2&#8243;][vc_column_text]<\/p>\n<h1 style=\"color: #9ccc65; font-weight: 600; font-size: 55px !important; text-align: center;\">Participa<\/h1>\n<p style=\"text-align: center;\">Desde ULL Debates queremos hacerte participe de la iniciativa. Cumplimenta el siguiente formulario y env\u00edanos tus sugerencias y propuestas respecto a cualquiera de las actividades organizadas.<\/p>\n<p>[\/vc_column_text][vc_empty_space height=\u00bb30px\u00bb][\/vc_column][\/vc_row][vc_row full_width=\u00bbstretch_row\u00bb content_placement=\u00bbmiddle\u00bb disable_element=\u00bbyes\u00bb css=\u00bb.vc_custom_1552481772439{background-color: #9ccc65 !important;}\u00bb][vc_column][vc_empty_space height=\u00bb30px\u00bb][vc_basic_grid post_type=\u00bbpost\u00bb max_items=\u00bb10&#8243; item=\u00bb253&#8243; grid_id=\u00bbvc_gid:1702462595557-f963461e-421c-4&#8243; taxonomies=\u00bb3&#8243;][vc_empty_space height=\u00bb30px\u00bb][\/vc_column][\/vc_row][vc_row][vc_column width=\u00bb1\/3&#8243;][vc_raw_html]JTVCbm90aWNpYXMtdWxsJTIwcGxhbnRpbGxhJTNEcGVyZmlsZXMlMjBjYXRlZ29yaWElM0Q1NDY1JTIwbnVtX3Bvc3RzJTNENSU1RA==[\/vc_raw_html][\/vc_column][vc_column width=\u00bb1\/3&#8243;][vc_raw_html]JTVCZXZlbnRvcy11bGwlMjBzbHVnY2F0ZWdvcmlhJTNEZGViYXRlcyUyMHBsYW50aWxsYSUzRHBlcmZpbGVzJTIwZmVjaGFfaW5pY2lvJTNEMjAyMi0xMi0xMiUyMG51bV9wb3N0cyUzRDUlNUQ=[\/vc_raw_html][\/vc_column][vc_column width=\u00bb1\/3&#8243;][\/vc_column][\/vc_row]<\/p>\n","protected":false},"excerpt":{"rendered":"<p>[vc_row full_width=\u00bbstretch_row\u00bb content_placement=\u00bbmiddle\u00bb css=\u00bb.vc_custom_1551966869300{padding-top: 50px !important;padding-bottom: 50px !important;background-color: #9ccc65 !important;}\u00bb][vc_column][vc_column_text css_animation=\u00bbnone\u00bb] Objetivos de Debates [\/vc_column_text][\/vc_column][vc_column css_animation=\u00bbfadeInUp\u00bb width=\u00bb1\/2&#8243;][vc_row_inner][vc_column_inner width=\u00bb1\/2&#8243;][vc_column_text] Docencia Favorecer la reflexi\u00f3n epistemol\u00f3gica acerca de los modos de producci\u00f3n y gesti\u00f3n del conocimiento que, expl\u00edcita o impl\u00edcitamente, se proponen en las universidades y en otros niveles del sistema educativo. Albergar el debate sobre temas relativos&#8230;<\/p>\n","protected":false},"author":41,"featured_media":0,"parent":0,"menu_order":0,"comment_status":"closed","ping_status":"closed","template":"templates\/template-no-title.php","meta":{"inline_featured_image":false,"footnotes":""},"acf":[],"yoast_head":"<!-- This site is optimized with the Yoast SEO plugin v21.3 - https:\/\/yoast.com\/wordpress\/plugins\/seo\/ -->\n<title>Debates - Opina y Debates<\/title>\n<meta name=\"robots\" content=\"index, follow, max-snippet:-1, max-image-preview:large, max-video-preview:-1\" \/>\n<link rel=\"canonical\" href=\"https:\/\/www.ull.es\/portal\/opina-y-debates\/debates\/\" \/>\n<meta property=\"og:locale\" content=\"es_ES\" \/>\n<meta property=\"og:type\" content=\"article\" \/>\n<meta property=\"og:title\" content=\"Debates - Opina y Debates\" \/>\n<meta property=\"og:description\" content=\"[vc_row full_width=\u00bbstretch_row\u00bb content_placement=\u00bbmiddle\u00bb css=\u00bb.vc_custom_1551966869300{padding-top: 50px !important;padding-bottom: 50px !important;background-color: #9ccc65 !important;}\u00bb][vc_column][vc_column_text css_animation=\u00bbnone\u00bb] Objetivos de Debates [\/vc_column_text][\/vc_column][vc_column css_animation=\u00bbfadeInUp\u00bb width=\u00bb1\/2&#8243;][vc_row_inner][vc_column_inner width=\u00bb1\/2&#8243;][vc_column_text] Docencia Favorecer la reflexi\u00f3n epistemol\u00f3gica acerca de los modos de producci\u00f3n y gesti\u00f3n del conocimiento que, expl\u00edcita o impl\u00edcitamente, se proponen en las universidades y en otros niveles del sistema educativo. Albergar el debate sobre temas relativos...\" \/>\n<meta property=\"og:url\" content=\"https:\/\/www.ull.es\/portal\/opina-y-debates\/debates\/\" \/>\n<meta property=\"og:site_name\" content=\"Opina y Debates\" \/>\n<meta property=\"article:modified_time\" content=\"2023-12-13T10:16:54+00:00\" \/>\n<meta name=\"twitter:card\" content=\"summary_large_image\" \/>\n<meta name=\"twitter:label1\" content=\"Tiempo de lectura\" \/>\n\t<meta name=\"twitter:data1\" content=\"4 minutos\" \/>\n<script type=\"application\/ld+json\" class=\"yoast-schema-graph\">{\"@context\":\"https:\/\/schema.org\",\"@graph\":[{\"@type\":\"WebPage\",\"@id\":\"https:\/\/www.ull.es\/portal\/opina-y-debates\/debates\/\",\"url\":\"https:\/\/www.ull.es\/portal\/opina-y-debates\/debates\/\",\"name\":\"Debates - Opina y Debates\",\"isPartOf\":{\"@id\":\"https:\/\/www.ull.es\/portal\/opina-y-debates\/#website\"},\"datePublished\":\"2019-03-06T13:13:02+00:00\",\"dateModified\":\"2023-12-13T10:16:54+00:00\",\"breadcrumb\":{\"@id\":\"https:\/\/www.ull.es\/portal\/opina-y-debates\/debates\/#breadcrumb\"},\"inLanguage\":\"es\",\"potentialAction\":[{\"@type\":\"ReadAction\",\"target\":[\"https:\/\/www.ull.es\/portal\/opina-y-debates\/debates\/\"]}]},{\"@type\":\"BreadcrumbList\",\"@id\":\"https:\/\/www.ull.es\/portal\/opina-y-debates\/debates\/#breadcrumb\",\"itemListElement\":[{\"@type\":\"ListItem\",\"position\":1,\"name\":\"Portada\",\"item\":\"https:\/\/www.ull.es\/portal\/opina-y-debates\/\"},{\"@type\":\"ListItem\",\"position\":2,\"name\":\"Debates\"}]},{\"@type\":\"WebSite\",\"@id\":\"https:\/\/www.ull.es\/portal\/opina-y-debates\/#website\",\"url\":\"https:\/\/www.ull.es\/portal\/opina-y-debates\/\",\"name\":\"Opina y Debates\",\"description\":\"\",\"potentialAction\":[{\"@type\":\"SearchAction\",\"target\":{\"@type\":\"EntryPoint\",\"urlTemplate\":\"https:\/\/www.ull.es\/portal\/opina-y-debates\/?s={search_term_string}\"},\"query-input\":\"required name=search_term_string\"}],\"inLanguage\":\"es\"}]}<\/script>\n<!-- \/ Yoast SEO plugin. -->","yoast_head_json":{"title":"Debates - Opina y Debates","robots":{"index":"index","follow":"follow","max-snippet":"max-snippet:-1","max-image-preview":"max-image-preview:large","max-video-preview":"max-video-preview:-1"},"canonical":"https:\/\/www.ull.es\/portal\/opina-y-debates\/debates\/","og_locale":"es_ES","og_type":"article","og_title":"Debates - Opina y Debates","og_description":"[vc_row full_width=\u00bbstretch_row\u00bb content_placement=\u00bbmiddle\u00bb css=\u00bb.vc_custom_1551966869300{padding-top: 50px !important;padding-bottom: 50px !important;background-color: #9ccc65 !important;}\u00bb][vc_column][vc_column_text css_animation=\u00bbnone\u00bb] Objetivos de Debates [\/vc_column_text][\/vc_column][vc_column css_animation=\u00bbfadeInUp\u00bb width=\u00bb1\/2&#8243;][vc_row_inner][vc_column_inner width=\u00bb1\/2&#8243;][vc_column_text] Docencia Favorecer la reflexi\u00f3n epistemol\u00f3gica acerca de los modos de producci\u00f3n y gesti\u00f3n del conocimiento que, expl\u00edcita o impl\u00edcitamente, se proponen en las universidades y en otros niveles del sistema educativo. Albergar el debate sobre temas relativos...","og_url":"https:\/\/www.ull.es\/portal\/opina-y-debates\/debates\/","og_site_name":"Opina y Debates","article_modified_time":"2023-12-13T10:16:54+00:00","twitter_card":"summary_large_image","twitter_misc":{"Tiempo de lectura":"4 minutos"},"schema":{"@context":"https:\/\/schema.org","@graph":[{"@type":"WebPage","@id":"https:\/\/www.ull.es\/portal\/opina-y-debates\/debates\/","url":"https:\/\/www.ull.es\/portal\/opina-y-debates\/debates\/","name":"Debates - Opina y Debates","isPartOf":{"@id":"https:\/\/www.ull.es\/portal\/opina-y-debates\/#website"},"datePublished":"2019-03-06T13:13:02+00:00","dateModified":"2023-12-13T10:16:54+00:00","breadcrumb":{"@id":"https:\/\/www.ull.es\/portal\/opina-y-debates\/debates\/#breadcrumb"},"inLanguage":"es","potentialAction":[{"@type":"ReadAction","target":["https:\/\/www.ull.es\/portal\/opina-y-debates\/debates\/"]}]},{"@type":"BreadcrumbList","@id":"https:\/\/www.ull.es\/portal\/opina-y-debates\/debates\/#breadcrumb","itemListElement":[{"@type":"ListItem","position":1,"name":"Portada","item":"https:\/\/www.ull.es\/portal\/opina-y-debates\/"},{"@type":"ListItem","position":2,"name":"Debates"}]},{"@type":"WebSite","@id":"https:\/\/www.ull.es\/portal\/opina-y-debates\/#website","url":"https:\/\/www.ull.es\/portal\/opina-y-debates\/","name":"Opina y Debates","description":"","potentialAction":[{"@type":"SearchAction","target":{"@type":"EntryPoint","urlTemplate":"https:\/\/www.ull.es\/portal\/opina-y-debates\/?s={search_term_string}"},"query-input":"required name=search_term_string"}],"inLanguage":"es"}]}},"_links":{"self":[{"href":"https:\/\/www.ull.es\/portal\/opina-y-debates\/wp-json\/wp\/v2\/pages\/63"}],"collection":[{"href":"https:\/\/www.ull.es\/portal\/opina-y-debates\/wp-json\/wp\/v2\/pages"}],"about":[{"href":"https:\/\/www.ull.es\/portal\/opina-y-debates\/wp-json\/wp\/v2\/types\/page"}],"author":[{"embeddable":true,"href":"https:\/\/www.ull.es\/portal\/opina-y-debates\/wp-json\/wp\/v2\/users\/41"}],"replies":[{"embeddable":true,"href":"https:\/\/www.ull.es\/portal\/opina-y-debates\/wp-json\/wp\/v2\/comments?post=63"}],"version-history":[{"count":9,"href":"https:\/\/www.ull.es\/portal\/opina-y-debates\/wp-json\/wp\/v2\/pages\/63\/revisions"}],"predecessor-version":[{"id":392,"href":"https:\/\/www.ull.es\/portal\/opina-y-debates\/wp-json\/wp\/v2\/pages\/63\/revisions\/392"}],"wp:attachment":[{"href":"https:\/\/www.ull.es\/portal\/opina-y-debates\/wp-json\/wp\/v2\/media?parent=63"}],"curies":[{"name":"wp","href":"https:\/\/api.w.org\/{rel}","templated":true}]}}