{"id":14,"date":"2020-01-30T13:16:25","date_gmt":"2020-01-30T13:16:25","guid":{"rendered":"https:\/\/www.ull.es\/portal\/premios-institucionales\/?page_id=14"},"modified":"2020-01-30T14:18:35","modified_gmt":"2020-01-30T14:18:35","slug":"inicio","status":"publish","type":"page","link":"https:\/\/www.ull.es\/portal\/premios-institucionales\/","title":{"rendered":"Premios Institucionales"},"content":{"rendered":"<p>[vc_row][vc_column][vc_column_text]<\/p>\n<h1>Premios institucionales de la Universidad de La Laguna 2020<\/h1>\n<p>[\/vc_column_text][\/vc_column][\/vc_row][vc_row][vc_column][vc_column_text]La Universidad de La Laguna convoca sus premios institucionales de car\u00e1cter anual, que atienden a la excelencia en la internacionalizaci\u00f3n, investigaci\u00f3n, mejores pr\u00e1cticas en administraci\u00f3n y servicios e innovaci\u00f3n educativa. En esta p\u00e1gina podr\u00e1 acceder a las convocatorias ya abiertas y una vez hecho p\u00fablico el fallo del jurado se publicar\u00e1n tambi\u00e9n sus resultados en este sitio web.<\/p>\n<p>La entrega de estos galardones tendr\u00e1 lugar en el Paraninfo de la instituci\u00f3n acad\u00e9mica con motivo del D\u00eda Institucional, el 11 de marzo de 2020.[\/vc_column_text][\/vc_column][\/vc_row][vc_row][vc_column][vc_column_text]<\/p>\n<ul>\n<li><a href=\"https:\/\/www.ull.es\/portal\/convocatorias\/convocatoria\/quinta-edicion-de-los-premios-a-la-internacionalizacion-de-la-universidad-de-la-laguna-convocatoria-2020\/\" target=\"_blank\" rel=\"noopener\">Convocatoria del premio a la Internacionalizaci\u00f3n de la Universidad de La Laguna (Convocatoria 2020)<\/a><\/li>\n<li><a href=\"https:\/\/www.ull.es\/portal\/convocatorias\/convocatoria\/convocatoria-de-premios-de-innovacion-educativa-2020\/\" target=\"_blank\" rel=\"noopener\">Convocatoria del premio de Innovaci\u00f3n Educativa 2020<\/a><\/li>\n<li><a href=\"https:\/\/www.ull.es\/portal\/convocatorias\/convocatoria\/convocatoria-de-la-ix-edicion-de-los-premios-a-las-mejores-practicas-en-administracion-y-servicios-de-la-ull\/\" target=\"_blank\" rel=\"noopener\">Convocatoria del premio a las mejores pr\u00e1cticas en administraci\u00f3n y servicios de la ULL<\/a><\/li>\n<li><a href=\"https:\/\/www.ull.es\/portal\/convocatorias\/convocatoria\/convocatoria-del-premio-a-la-investigacion-2020\/\" target=\"_blank\" rel=\"noopener\">Convocatoria del Premio a la Investigaci\u00f3n 2020<\/a><\/li>\n<li>El\u00a0<strong>Premio al Mecenazgo<\/strong> no es de car\u00e1cter competitivo. Es designado directamente por el Rectorado a una entidad o persona cuya contribuci\u00f3n a la universidad haya sido relevante.<\/li>\n<\/ul>\n<p>[\/vc_column_text][\/vc_column][\/vc_row]<\/p>\n","protected":false},"excerpt":{"rendered":"<p>[vc_row][vc_column][vc_column_text] Premios institucionales de la Universidad de La Laguna 2020 [\/vc_column_text][\/vc_column][\/vc_row][vc_row][vc_column][vc_column_text]La Universidad de La Laguna convoca sus premios institucionales de car\u00e1cter anual, que atienden a la excelencia en la internacionalizaci\u00f3n, investigaci\u00f3n, mejores pr\u00e1cticas en administraci\u00f3n y servicios e innovaci\u00f3n educativa. En esta p\u00e1gina podr\u00e1 acceder a las convocatorias ya abiertas y una vez hecho p\u00fablico&#8230;<\/p>\n","protected":false},"author":22,"featured_media":0,"parent":0,"menu_order":0,"comment_status":"closed","ping_status":"closed","template":"","meta":{"inline_featured_image":false,"footnotes":""},"acf":[],"yoast_head":"<!-- This site is optimized with the Yoast SEO plugin v21.3 - https:\/\/yoast.com\/wordpress\/plugins\/seo\/ -->\n<title>Premios Institucionales - Premios Institucionales<\/title>\n<meta name=\"robots\" content=\"index, follow, max-snippet:-1, max-image-preview:large, max-video-preview:-1\" \/>\n<link rel=\"canonical\" href=\"https:\/\/www.ull.es\/portal\/premios-institucionales\/\" \/>\n<meta property=\"og:locale\" content=\"es_ES\" \/>\n<meta property=\"og:type\" content=\"article\" \/>\n<meta property=\"og:title\" content=\"Premios Institucionales - Premios Institucionales\" \/>\n<meta property=\"og:description\" content=\"[vc_row][vc_column][vc_column_text] Premios institucionales de la Universidad de La Laguna 2020 [\/vc_column_text][\/vc_column][\/vc_row][vc_row][vc_column][vc_column_text]La Universidad de La Laguna convoca sus premios institucionales de car\u00e1cter anual, que atienden a la excelencia en la internacionalizaci\u00f3n, investigaci\u00f3n, mejores pr\u00e1cticas en administraci\u00f3n y servicios e innovaci\u00f3n educativa. En esta p\u00e1gina podr\u00e1 acceder a las convocatorias ya abiertas y una vez hecho p\u00fablico...\" \/>\n<meta property=\"og:url\" content=\"https:\/\/www.ull.es\/portal\/premios-institucionales\/\" \/>\n<meta property=\"og:site_name\" content=\"Premios Institucionales\" \/>\n<meta property=\"article:modified_time\" content=\"2020-01-30T14:18:35+00:00\" \/>\n<meta name=\"twitter:card\" content=\"summary_large_image\" \/>\n<meta name=\"twitter:label1\" content=\"Tiempo de lectura\" \/>\n\t<meta name=\"twitter:data1\" content=\"1 minuto\" \/>\n<script type=\"application\/ld+json\" class=\"yoast-schema-graph\">{\"@context\":\"https:\/\/schema.org\",\"@graph\":[{\"@type\":\"WebPage\",\"@id\":\"https:\/\/www.ull.es\/portal\/premios-institucionales\/\",\"url\":\"https:\/\/www.ull.es\/portal\/premios-institucionales\/\",\"name\":\"Premios Institucionales - Premios Institucionales\",\"isPartOf\":{\"@id\":\"https:\/\/www.ull.es\/portal\/premios-institucionales\/#website\"},\"datePublished\":\"2020-01-30T13:16:25+00:00\",\"dateModified\":\"2020-01-30T14:18:35+00:00\",\"breadcrumb\":{\"@id\":\"https:\/\/www.ull.es\/portal\/premios-institucionales\/#breadcrumb\"},\"inLanguage\":\"es\",\"potentialAction\":[{\"@type\":\"ReadAction\",\"target\":[\"https:\/\/www.ull.es\/portal\/premios-institucionales\/\"]}]},{\"@type\":\"BreadcrumbList\",\"@id\":\"https:\/\/www.ull.es\/portal\/premios-institucionales\/#breadcrumb\",\"itemListElement\":[{\"@type\":\"ListItem\",\"position\":1,\"name\":\"Portada\",\"item\":\"https:\/\/www.ull.es\/portal\/premios-institucionales\/\"},{\"@type\":\"ListItem\",\"position\":2,\"name\":\"Premios Institucionales\"}]},{\"@type\":\"WebSite\",\"@id\":\"https:\/\/www.ull.es\/portal\/premios-institucionales\/#website\",\"url\":\"https:\/\/www.ull.es\/portal\/premios-institucionales\/\",\"name\":\"Premios Institucionales\",\"description\":\"\",\"potentialAction\":[{\"@type\":\"SearchAction\",\"target\":{\"@type\":\"EntryPoint\",\"urlTemplate\":\"https:\/\/www.ull.es\/portal\/premios-institucionales\/?s={search_term_string}\"},\"query-input\":\"required name=search_term_string\"}],\"inLanguage\":\"es\"}]}<\/script>\n<!-- \/ Yoast SEO plugin. -->","yoast_head_json":{"title":"Premios Institucionales - Premios Institucionales","robots":{"index":"index","follow":"follow","max-snippet":"max-snippet:-1","max-image-preview":"max-image-preview:large","max-video-preview":"max-video-preview:-1"},"canonical":"https:\/\/www.ull.es\/portal\/premios-institucionales\/","og_locale":"es_ES","og_type":"article","og_title":"Premios Institucionales - Premios Institucionales","og_description":"[vc_row][vc_column][vc_column_text] Premios institucionales de la Universidad de La Laguna 2020 [\/vc_column_text][\/vc_column][\/vc_row][vc_row][vc_column][vc_column_text]La Universidad de La Laguna convoca sus premios institucionales de car\u00e1cter anual, que atienden a la excelencia en la internacionalizaci\u00f3n, investigaci\u00f3n, mejores pr\u00e1cticas en administraci\u00f3n y servicios e innovaci\u00f3n educativa. En esta p\u00e1gina podr\u00e1 acceder a las convocatorias ya abiertas y una vez hecho p\u00fablico...","og_url":"https:\/\/www.ull.es\/portal\/premios-institucionales\/","og_site_name":"Premios Institucionales","article_modified_time":"2020-01-30T14:18:35+00:00","twitter_card":"summary_large_image","twitter_misc":{"Tiempo de lectura":"1 minuto"},"schema":{"@context":"https:\/\/schema.org","@graph":[{"@type":"WebPage","@id":"https:\/\/www.ull.es\/portal\/premios-institucionales\/","url":"https:\/\/www.ull.es\/portal\/premios-institucionales\/","name":"Premios Institucionales - Premios Institucionales","isPartOf":{"@id":"https:\/\/www.ull.es\/portal\/premios-institucionales\/#website"},"datePublished":"2020-01-30T13:16:25+00:00","dateModified":"2020-01-30T14:18:35+00:00","breadcrumb":{"@id":"https:\/\/www.ull.es\/portal\/premios-institucionales\/#breadcrumb"},"inLanguage":"es","potentialAction":[{"@type":"ReadAction","target":["https:\/\/www.ull.es\/portal\/premios-institucionales\/"]}]},{"@type":"BreadcrumbList","@id":"https:\/\/www.ull.es\/portal\/premios-institucionales\/#breadcrumb","itemListElement":[{"@type":"ListItem","position":1,"name":"Portada","item":"https:\/\/www.ull.es\/portal\/premios-institucionales\/"},{"@type":"ListItem","position":2,"name":"Premios Institucionales"}]},{"@type":"WebSite","@id":"https:\/\/www.ull.es\/portal\/premios-institucionales\/#website","url":"https:\/\/www.ull.es\/portal\/premios-institucionales\/","name":"Premios Institucionales","description":"","potentialAction":[{"@type":"SearchAction","target":{"@type":"EntryPoint","urlTemplate":"https:\/\/www.ull.es\/portal\/premios-institucionales\/?s={search_term_string}"},"query-input":"required name=search_term_string"}],"inLanguage":"es"}]}},"_links":{"self":[{"href":"https:\/\/www.ull.es\/portal\/premios-institucionales\/wp-json\/wp\/v2\/pages\/14"}],"collection":[{"href":"https:\/\/www.ull.es\/portal\/premios-institucionales\/wp-json\/wp\/v2\/pages"}],"about":[{"href":"https:\/\/www.ull.es\/portal\/premios-institucionales\/wp-json\/wp\/v2\/types\/page"}],"author":[{"embeddable":true,"href":"https:\/\/www.ull.es\/portal\/premios-institucionales\/wp-json\/wp\/v2\/users\/22"}],"replies":[{"embeddable":true,"href":"https:\/\/www.ull.es\/portal\/premios-institucionales\/wp-json\/wp\/v2\/comments?post=14"}],"version-history":[{"count":7,"href":"https:\/\/www.ull.es\/portal\/premios-institucionales\/wp-json\/wp\/v2\/pages\/14\/revisions"}],"predecessor-version":[{"id":22,"href":"https:\/\/www.ull.es\/portal\/premios-institucionales\/wp-json\/wp\/v2\/pages\/14\/revisions\/22"}],"wp:attachment":[{"href":"https:\/\/www.ull.es\/portal\/premios-institucionales\/wp-json\/wp\/v2\/media?parent=14"}],"curies":[{"name":"wp","href":"https:\/\/api.w.org\/{rel}","templated":true}]}}