{"id":160,"date":"2021-03-22T15:59:37","date_gmt":"2021-03-22T15:59:37","guid":{"rendered":"https:\/\/www.ull.es\/portal\/presupuesto-participativos\/?page_id=160"},"modified":"2021-10-18T10:09:12","modified_gmt":"2021-10-18T10:09:12","slug":"vota","status":"publish","type":"page","link":"https:\/\/www.ull.es\/portal\/presupuestos-participativos\/vota\/","title":{"rendered":"Votaci\u00f3n"},"content":{"rendered":"<p>[vc_section full_width=\u00bbstretch_row\u00bb parallax=\u00bbcontent-moving\u00bb parallax_image=\u00bb161&#8243; css=\u00bb.vc_custom_1616427173016{margin-top: 20px !important;}\u00bb][vc_row css=\u00bb.vc_custom_1616428599532{margin-bottom: 40px !important;}\u00bb][vc_column][vc_single_image image=\u00bb34&#8243; img_size=\u00bb398&#215;197&#8243; alignment=\u00bbright\u00bb][vc_column_text css=\u00bb.vc_custom_1634551450687{margin-bottom: 20px !important;}\u00bb]<\/p>\n<h1 style=\"text-align: right;\"><strong><span style=\"color: #522580;\">Ahora, toca dar apoyo<\/span><\/strong><\/h1>\n<h4 style=\"text-align: right;\"><span style=\"color: #eae5e4;\">Del 27 de septiembre al 27 de octubre de 2021<\/span><\/h4>\n<p>[\/vc_column_text][vc_btn title=\u00bbVota utilizando el enlace que recibiste en tu correo institucional\u00bb style=\u00bbcustom\u00bb custom_background=\u00bb#522580&#8243; custom_text=\u00bb#fcf5f4&#8243; align=\u00bbright\u00bb][\/vc_column][\/vc_row][\/vc_section][vc_section][vc_row content_placement=\u00bbmiddle\u00bb][vc_column width=\u00bb1\/4&#8243;][vc_single_image image=\u00bb67&#8243; img_size=\u00bblarge\u00bb alignment=\u00bbcenter\u00bb][\/vc_column][vc_column width=\u00bb3\/4&#8243;][vc_column_text]<\/p>\n<h2><span style=\"font-weight: 400;\">\u00bfQui\u00e9n puede participar en la votaci\u00f3n? <\/span><\/h2>\n<p><span style=\"font-weight: 400;\">Cualquier persona<strong>\u00a0miembro de la comunidad universitaria:<\/strong>\u00a0<\/span><\/p>\n<ul>\n<li><span style=\"font-weight: 400;\">Estudiantes<\/span><\/li>\n<li><span style=\"font-weight: 400;\">Personal docente e investigador<\/span><\/li>\n<li><span style=\"font-weight: 400;\">Investigadores <\/span><\/li>\n<li><span style=\"font-weight: 400;\">Personal de administraci\u00f3n y servicios<\/span><\/li>\n<\/ul>\n<h2><span style=\"font-weight: 400;\">\u00bfCu\u00e1ntas propuestas puedo votar?<\/span><\/h2>\n<p><span style=\"font-weight: 400;\">Puedes <strong>votar\u00a05 propuestas<\/strong> de las presentadas por cualquiera de los colectivos. Al final, ser\u00e1n seleccionados aquellos proyectos que reciban el mayor n\u00famero de votos hasta agotar el presupuesto establecido.<\/span><\/p>\n<h2><span style=\"font-weight: 400;\">Plazo<\/span><\/h2>\n<p><span style=\"font-weight: 400;\">El <strong>plazo<\/strong> para la votaci\u00f3n comenzar\u00e1 una vez finalice la fase de evaluaci\u00f3n de proyectos presentados. <\/span><span style=\"font-weight: 400;\">El proceso de votaci\u00f3n se desarrollar\u00e1 del <strong>27 de septiembre al 27 de octubre de 2021.<\/strong><\/span><\/p>\n<p><a href=\"https:\/\/drive.google.com\/file\/d\/1y2IGmFo_wuHPLUP1QnZ7bO4dXFt1Ryps\/view?usp=sharing\" target=\"_blank\" rel=\"noopener\" target=\"_blank\" rel=\"noopener\">Resoluci\u00f3n de la Gerencia por la que se modifica el plazo de la fase de votaci\u00f3n de los Presupuestos Participativos de la Universidad de La Laguna para el ejercicio 2022.<\/a>[\/vc_column_text][\/vc_column][\/vc_row][\/vc_section]<\/p>\n","protected":false},"excerpt":{"rendered":"<p>[vc_section full_width=\u00bbstretch_row\u00bb parallax=\u00bbcontent-moving\u00bb parallax_image=\u00bb161&#8243; css=\u00bb.vc_custom_1616427173016{margin-top: 20px !important;}\u00bb][vc_row css=\u00bb.vc_custom_1616428599532{margin-bottom: 40px !important;}\u00bb][vc_column][vc_single_image image=\u00bb34&#8243; img_size=\u00bb398&#215;197&#8243; alignment=\u00bbright\u00bb][vc_column_text css=\u00bb.vc_custom_1634551450687{margin-bottom: 20px !important;}\u00bb] Ahora, toca dar apoyo Del 27 de septiembre al 27 de octubre de 2021 [\/vc_column_text][vc_btn title=\u00bbVota utilizando el enlace que recibiste en tu correo institucional\u00bb style=\u00bbcustom\u00bb custom_background=\u00bb#522580&#8243; custom_text=\u00bb#fcf5f4&#8243; align=\u00bbright\u00bb][\/vc_column][\/vc_row][\/vc_section][vc_section][vc_row content_placement=\u00bbmiddle\u00bb][vc_column width=\u00bb1\/4&#8243;][vc_single_image image=\u00bb67&#8243; img_size=\u00bblarge\u00bb alignment=\u00bbcenter\u00bb][\/vc_column][vc_column width=\u00bb3\/4&#8243;][vc_column_text] \u00bfQui\u00e9n puede participar en&#8230;<\/p>\n","protected":false},"author":77,"featured_media":0,"parent":0,"menu_order":0,"comment_status":"closed","ping_status":"closed","template":"templates\/template-frontpage.php","meta":{"inline_featured_image":false,"footnotes":""},"acf":[],"yoast_head":"<!-- This site is optimized with the Yoast SEO plugin v21.3 - https:\/\/yoast.com\/wordpress\/plugins\/seo\/ -->\n<title>Votaci\u00f3n - Presupuestos Participativos - Ahora, toca dar apoyo<\/title>\n<meta name=\"description\" content=\"\u00a1Participa! ya est\u00e1 todo listo para que votes tus 5 propuestas favoritas. Ha llegado el momento de o\u00edr tu voz.\" \/>\n<meta name=\"robots\" content=\"index, follow, max-snippet:-1, max-image-preview:large, max-video-preview:-1\" \/>\n<link rel=\"canonical\" href=\"https:\/\/www.ull.es\/portal\/presupuestos-participativos\/vota\/\" \/>\n<meta property=\"og:locale\" content=\"es_ES\" \/>\n<meta property=\"og:type\" content=\"article\" \/>\n<meta property=\"og:title\" content=\"Votaci\u00f3n - Presupuestos Participativos - Ahora, toca dar apoyo\" \/>\n<meta property=\"og:description\" content=\"\u00a1Participa! ya est\u00e1 todo listo para que votes tus 5 propuestas favoritas. Ha llegado el momento de o\u00edr tu voz.\" \/>\n<meta property=\"og:url\" content=\"https:\/\/www.ull.es\/portal\/presupuestos-participativos\/vota\/\" \/>\n<meta property=\"og:site_name\" content=\"Presupuestos Participativos\" \/>\n<meta property=\"article:modified_time\" content=\"2021-10-18T10:09:12+00:00\" \/>\n<meta name=\"twitter:card\" content=\"summary_large_image\" \/>\n<meta name=\"twitter:label1\" content=\"Tiempo de lectura\" \/>\n\t<meta name=\"twitter:data1\" content=\"1 minuto\" \/>\n<script type=\"application\/ld+json\" class=\"yoast-schema-graph\">{\"@context\":\"https:\/\/schema.org\",\"@graph\":[{\"@type\":\"WebPage\",\"@id\":\"https:\/\/www.ull.es\/portal\/presupuestos-participativos\/vota\/\",\"url\":\"https:\/\/www.ull.es\/portal\/presupuestos-participativos\/vota\/\",\"name\":\"Votaci\u00f3n - Presupuestos Participativos - Ahora, toca dar apoyo\",\"isPartOf\":{\"@id\":\"https:\/\/www.ull.es\/portal\/presupuestos-participativos\/#website\"},\"datePublished\":\"2021-03-22T15:59:37+00:00\",\"dateModified\":\"2021-10-18T10:09:12+00:00\",\"description\":\"\u00a1Participa! ya est\u00e1 todo listo para que votes tus 5 propuestas favoritas. Ha llegado el momento de o\u00edr tu voz.\",\"breadcrumb\":{\"@id\":\"https:\/\/www.ull.es\/portal\/presupuestos-participativos\/vota\/#breadcrumb\"},\"inLanguage\":\"es\",\"potentialAction\":[{\"@type\":\"ReadAction\",\"target\":[\"https:\/\/www.ull.es\/portal\/presupuestos-participativos\/vota\/\"]}]},{\"@type\":\"BreadcrumbList\",\"@id\":\"https:\/\/www.ull.es\/portal\/presupuestos-participativos\/vota\/#breadcrumb\",\"itemListElement\":[{\"@type\":\"ListItem\",\"position\":1,\"name\":\"Portada\",\"item\":\"https:\/\/www.ull.es\/portal\/presupuestos-participativos\/\"},{\"@type\":\"ListItem\",\"position\":2,\"name\":\"Votaci\u00f3n\"}]},{\"@type\":\"WebSite\",\"@id\":\"https:\/\/www.ull.es\/portal\/presupuestos-participativos\/#website\",\"url\":\"https:\/\/www.ull.es\/portal\/presupuestos-participativos\/\",\"name\":\"Presupuestos Participativos\",\"description\":\"\",\"potentialAction\":[{\"@type\":\"SearchAction\",\"target\":{\"@type\":\"EntryPoint\",\"urlTemplate\":\"https:\/\/www.ull.es\/portal\/presupuestos-participativos\/?s={search_term_string}\"},\"query-input\":\"required name=search_term_string\"}],\"inLanguage\":\"es\"}]}<\/script>\n<!-- \/ Yoast SEO plugin. -->","yoast_head_json":{"title":"Votaci\u00f3n - Presupuestos Participativos - Ahora, toca dar apoyo","description":"\u00a1Participa! ya est\u00e1 todo listo para que votes tus 5 propuestas favoritas. Ha llegado el momento de o\u00edr tu voz.","robots":{"index":"index","follow":"follow","max-snippet":"max-snippet:-1","max-image-preview":"max-image-preview:large","max-video-preview":"max-video-preview:-1"},"canonical":"https:\/\/www.ull.es\/portal\/presupuestos-participativos\/vota\/","og_locale":"es_ES","og_type":"article","og_title":"Votaci\u00f3n - Presupuestos Participativos - Ahora, toca dar apoyo","og_description":"\u00a1Participa! ya est\u00e1 todo listo para que votes tus 5 propuestas favoritas. Ha llegado el momento de o\u00edr tu voz.","og_url":"https:\/\/www.ull.es\/portal\/presupuestos-participativos\/vota\/","og_site_name":"Presupuestos Participativos","article_modified_time":"2021-10-18T10:09:12+00:00","twitter_card":"summary_large_image","twitter_misc":{"Tiempo de lectura":"1 minuto"},"schema":{"@context":"https:\/\/schema.org","@graph":[{"@type":"WebPage","@id":"https:\/\/www.ull.es\/portal\/presupuestos-participativos\/vota\/","url":"https:\/\/www.ull.es\/portal\/presupuestos-participativos\/vota\/","name":"Votaci\u00f3n - Presupuestos Participativos - Ahora, toca dar apoyo","isPartOf":{"@id":"https:\/\/www.ull.es\/portal\/presupuestos-participativos\/#website"},"datePublished":"2021-03-22T15:59:37+00:00","dateModified":"2021-10-18T10:09:12+00:00","description":"\u00a1Participa! ya est\u00e1 todo listo para que votes tus 5 propuestas favoritas. Ha llegado el momento de o\u00edr tu voz.","breadcrumb":{"@id":"https:\/\/www.ull.es\/portal\/presupuestos-participativos\/vota\/#breadcrumb"},"inLanguage":"es","potentialAction":[{"@type":"ReadAction","target":["https:\/\/www.ull.es\/portal\/presupuestos-participativos\/vota\/"]}]},{"@type":"BreadcrumbList","@id":"https:\/\/www.ull.es\/portal\/presupuestos-participativos\/vota\/#breadcrumb","itemListElement":[{"@type":"ListItem","position":1,"name":"Portada","item":"https:\/\/www.ull.es\/portal\/presupuestos-participativos\/"},{"@type":"ListItem","position":2,"name":"Votaci\u00f3n"}]},{"@type":"WebSite","@id":"https:\/\/www.ull.es\/portal\/presupuestos-participativos\/#website","url":"https:\/\/www.ull.es\/portal\/presupuestos-participativos\/","name":"Presupuestos Participativos","description":"","potentialAction":[{"@type":"SearchAction","target":{"@type":"EntryPoint","urlTemplate":"https:\/\/www.ull.es\/portal\/presupuestos-participativos\/?s={search_term_string}"},"query-input":"required name=search_term_string"}],"inLanguage":"es"}]}},"_links":{"self":[{"href":"https:\/\/www.ull.es\/portal\/presupuestos-participativos\/wp-json\/wp\/v2\/pages\/160"}],"collection":[{"href":"https:\/\/www.ull.es\/portal\/presupuestos-participativos\/wp-json\/wp\/v2\/pages"}],"about":[{"href":"https:\/\/www.ull.es\/portal\/presupuestos-participativos\/wp-json\/wp\/v2\/types\/page"}],"author":[{"embeddable":true,"href":"https:\/\/www.ull.es\/portal\/presupuestos-participativos\/wp-json\/wp\/v2\/users\/77"}],"replies":[{"embeddable":true,"href":"https:\/\/www.ull.es\/portal\/presupuestos-participativos\/wp-json\/wp\/v2\/comments?post=160"}],"version-history":[{"count":32,"href":"https:\/\/www.ull.es\/portal\/presupuestos-participativos\/wp-json\/wp\/v2\/pages\/160\/revisions"}],"predecessor-version":[{"id":279,"href":"https:\/\/www.ull.es\/portal\/presupuestos-participativos\/wp-json\/wp\/v2\/pages\/160\/revisions\/279"}],"wp:attachment":[{"href":"https:\/\/www.ull.es\/portal\/presupuestos-participativos\/wp-json\/wp\/v2\/media?parent=160"}],"curies":[{"name":"wp","href":"https:\/\/api.w.org\/{rel}","templated":true}]}}