{"id":486,"date":"2022-12-23T11:04:15","date_gmt":"2022-12-23T11:04:15","guid":{"rendered":"https:\/\/www.ull.es\/portal\/puertas-abiertas\/?page_id=486"},"modified":"2026-01-13T11:20:49","modified_gmt":"2026-01-13T11:20:49","slug":"aulario-general-de-guajara","status":"publish","type":"page","link":"https:\/\/www.ull.es\/portal\/puertas-abiertas\/aulario-general-de-guajara\/","title":{"rendered":"Aulario General C\u00e9sar Manrique"},"content":{"rendered":"\t\t<div data-elementor-type=\"wp-page\" data-elementor-id=\"486\" class=\"elementor elementor-486\">\n\t\t\t\t\t\t\t\t\t<section class=\"elementor-section elementor-top-section elementor-element elementor-element-d8c4ad7 elementor-section-height-min-height elementor-section-full_width elementor-hidden-mobile elementor-section-height-default elementor-section-items-middle\" data-id=\"d8c4ad7\" data-element_type=\"section\" data-settings=\"{&quot;background_background&quot;:&quot;classic&quot;}\">\n\t\t\t\t\t\t\t<div class=\"elementor-background-overlay\"><\/div>\n\t\t\t\t\t\t\t<div class=\"elementor-container elementor-column-gap-default\">\n\t\t\t\t\t<div class=\"elementor-column elementor-col-50 elementor-top-column elementor-element elementor-element-727166a\" data-id=\"727166a\" data-element_type=\"column\" data-settings=\"{&quot;background_background&quot;:&quot;classic&quot;}\">\n\t\t\t<div class=\"elementor-widget-wrap elementor-element-populated\">\n\t\t\t\t\t<div class=\"elementor-background-overlay\"><\/div>\n\t\t\t\t\t\t\t\t<div class=\"elementor-element elementor-element-c78ab52 elementor-widget elementor-widget-image\" data-id=\"c78ab52\" data-element_type=\"widget\" data-widget_type=\"image.default\">\n\t\t\t\t<div class=\"elementor-widget-container\">\n\t\t\t<style>\/*! elementor - v3.9.2 - 21-12-2022 *\/\n.elementor-widget-image{text-align:center}.elementor-widget-image a{display:inline-block}.elementor-widget-image a img[src$=\".svg\"]{width:48px}.elementor-widget-image img{vertical-align:middle;display:inline-block}<\/style>\t\t\t\t\t\t\t\t\t\t\t\t<img decoding=\"async\" loading=\"lazy\" width=\"1024\" height=\"179\" src=\"https:\/\/www.ull.es\/portal\/puertas-abiertas\/wp-content\/uploads\/sites\/53\/2024\/11\/Group-20-1024x179.png\" class=\"attachment-large size-large wp-image-2184\" alt=\"\" srcset=\"https:\/\/www.ull.es\/portal\/puertas-abiertas\/wp-content\/uploads\/sites\/53\/2024\/11\/Group-20-1024x179.png 1024w, https:\/\/www.ull.es\/portal\/puertas-abiertas\/wp-content\/uploads\/sites\/53\/2024\/11\/Group-20-300x53.png 300w, https:\/\/www.ull.es\/portal\/puertas-abiertas\/wp-content\/uploads\/sites\/53\/2024\/11\/Group-20-768x135.png 768w, https:\/\/www.ull.es\/portal\/puertas-abiertas\/wp-content\/uploads\/sites\/53\/2024\/11\/Group-20-375x66.png 375w, https:\/\/www.ull.es\/portal\/puertas-abiertas\/wp-content\/uploads\/sites\/53\/2024\/11\/Group-20-750x131.png 750w, https:\/\/www.ull.es\/portal\/puertas-abiertas\/wp-content\/uploads\/sites\/53\/2024\/11\/Group-20.png 1044w\" sizes=\"(max-width: 1024px) 100vw, 1024px\" \/>\t\t\t\t\t\t\t\t\t\t\t\t\t\t\t<\/div>\n\t\t\t\t<\/div>\n\t\t\t\t\t<\/div>\n\t\t<\/div>\n\t\t\t\t<div class=\"elementor-column elementor-col-50 elementor-top-column elementor-element elementor-element-d6e33d5 elementor-hidden-mobile\" data-id=\"d6e33d5\" data-element_type=\"column\" data-settings=\"{&quot;background_background&quot;:&quot;classic&quot;}\">\n\t\t\t<div class=\"elementor-widget-wrap elementor-element-populated\">\n\t\t\t\t\t<div class=\"elementor-background-overlay\"><\/div>\n\t\t\t\t\t\t\t\t<div class=\"elementor-element elementor-element-b8b9eac elementor-absolute elementor-widget elementor-widget-image\" data-id=\"b8b9eac\" data-element_type=\"widget\" data-settings=\"{&quot;_position&quot;:&quot;absolute&quot;}\" data-widget_type=\"image.default\">\n\t\t\t\t<div class=\"elementor-widget-container\">\n\t\t\t\t\t\t\t\t\t\t\t\t\t\t\t<img decoding=\"async\" loading=\"lazy\" width=\"160\" height=\"160\" src=\"https:\/\/www.ull.es\/portal\/puertas-abiertas\/wp-content\/uploads\/sites\/53\/2024\/11\/Frame-1.png\" class=\"attachment-large size-large wp-image-2182\" alt=\"\" srcset=\"https:\/\/www.ull.es\/portal\/puertas-abiertas\/wp-content\/uploads\/sites\/53\/2024\/11\/Frame-1.png 160w, https:\/\/www.ull.es\/portal\/puertas-abiertas\/wp-content\/uploads\/sites\/53\/2024\/11\/Frame-1-150x150.png 150w, https:\/\/www.ull.es\/portal\/puertas-abiertas\/wp-content\/uploads\/sites\/53\/2024\/11\/Frame-1-50x50.png 50w\" sizes=\"(max-width: 160px) 100vw, 160px\" \/>\t\t\t\t\t\t\t\t\t\t\t\t\t\t\t<\/div>\n\t\t\t\t<\/div>\n\t\t\t\t\t<\/div>\n\t\t<\/div>\n\t\t\t\t\t\t\t<\/div>\n\t\t<\/section>\n\t\t\t\t<section class=\"elementor-section elementor-top-section elementor-element elementor-element-8ce86d4 elementor-hidden-desktop elementor-hidden-tablet elementor-section-boxed elementor-section-height-default elementor-section-height-default\" data-id=\"8ce86d4\" data-element_type=\"section\" data-settings=\"{&quot;background_background&quot;:&quot;classic&quot;}\">\n\t\t\t\t\t\t<div class=\"elementor-container elementor-column-gap-default\">\n\t\t\t\t\t<div class=\"elementor-column elementor-col-100 elementor-top-column elementor-element elementor-element-7816193\" data-id=\"7816193\" data-element_type=\"column\">\n\t\t\t<div class=\"elementor-widget-wrap elementor-element-populated\">\n\t\t\t\t\t\t\t\t<div class=\"elementor-element elementor-element-8e69913 elementor-widget elementor-widget-image\" data-id=\"8e69913\" data-element_type=\"widget\" data-widget_type=\"image.default\">\n\t\t\t\t<div class=\"elementor-widget-container\">\n\t\t\t\t\t\t\t\t\t\t\t\t\t\t\t<img decoding=\"async\" loading=\"lazy\" width=\"1024\" height=\"179\" src=\"https:\/\/www.ull.es\/portal\/puertas-abiertas\/wp-content\/uploads\/sites\/53\/2024\/11\/Group-20-1024x179.png\" class=\"attachment-large size-large wp-image-2184\" alt=\"\" srcset=\"https:\/\/www.ull.es\/portal\/puertas-abiertas\/wp-content\/uploads\/sites\/53\/2024\/11\/Group-20-1024x179.png 1024w, https:\/\/www.ull.es\/portal\/puertas-abiertas\/wp-content\/uploads\/sites\/53\/2024\/11\/Group-20-300x53.png 300w, https:\/\/www.ull.es\/portal\/puertas-abiertas\/wp-content\/uploads\/sites\/53\/2024\/11\/Group-20-768x135.png 768w, https:\/\/www.ull.es\/portal\/puertas-abiertas\/wp-content\/uploads\/sites\/53\/2024\/11\/Group-20-375x66.png 375w, https:\/\/www.ull.es\/portal\/puertas-abiertas\/wp-content\/uploads\/sites\/53\/2024\/11\/Group-20-750x131.png 750w, https:\/\/www.ull.es\/portal\/puertas-abiertas\/wp-content\/uploads\/sites\/53\/2024\/11\/Group-20.png 1044w\" sizes=\"(max-width: 1024px) 100vw, 1024px\" \/>\t\t\t\t\t\t\t\t\t\t\t\t\t\t\t<\/div>\n\t\t\t\t<\/div>\n\t\t\t\t\t<\/div>\n\t\t<\/div>\n\t\t\t\t\t\t\t<\/div>\n\t\t<\/section>\n\t\t\t\t<section class=\"elementor-section elementor-top-section elementor-element elementor-element-2fa8211 elementor-section-full_width elementor-section-height-default elementor-section-height-default\" data-id=\"2fa8211\" data-element_type=\"section\">\n\t\t\t\t\t\t<div class=\"elementor-container elementor-column-gap-default\">\n\t\t\t\t\t<div class=\"elementor-column elementor-col-50 elementor-top-column elementor-element elementor-element-297d81a\" data-id=\"297d81a\" data-element_type=\"column\">\n\t\t\t<div class=\"elementor-widget-wrap elementor-element-populated\">\n\t\t\t\t\t\t\t\t<div class=\"elementor-element elementor-element-dc25c74 elementor-widget elementor-widget-image\" data-id=\"dc25c74\" data-element_type=\"widget\" data-widget_type=\"image.default\">\n\t\t\t\t<div class=\"elementor-widget-container\">\n\t\t\t\t\t\t\t\t\t\t\t\t\t\t\t<img decoding=\"async\" loading=\"lazy\" width=\"805\" height=\"657\" src=\"https:\/\/www.ull.es\/portal\/puertas-abiertas\/wp-content\/uploads\/sites\/53\/2024\/11\/ICONOS-1.png\" class=\"attachment-full size-full wp-image-2762\" alt=\"\" srcset=\"https:\/\/www.ull.es\/portal\/puertas-abiertas\/wp-content\/uploads\/sites\/53\/2024\/11\/ICONOS-1.png 805w, https:\/\/www.ull.es\/portal\/puertas-abiertas\/wp-content\/uploads\/sites\/53\/2024\/11\/ICONOS-1-300x245.png 300w, https:\/\/www.ull.es\/portal\/puertas-abiertas\/wp-content\/uploads\/sites\/53\/2024\/11\/ICONOS-1-768x627.png 768w, https:\/\/www.ull.es\/portal\/puertas-abiertas\/wp-content\/uploads\/sites\/53\/2024\/11\/ICONOS-1-375x306.png 375w, https:\/\/www.ull.es\/portal\/puertas-abiertas\/wp-content\/uploads\/sites\/53\/2024\/11\/ICONOS-1-750x612.png 750w\" sizes=\"(max-width: 805px) 100vw, 805px\" \/>\t\t\t\t\t\t\t\t\t\t\t\t\t\t\t<\/div>\n\t\t\t\t<\/div>\n\t\t\t\t\t<\/div>\n\t\t<\/div>\n\t\t\t\t<div class=\"elementor-column elementor-col-50 elementor-top-column elementor-element elementor-element-a7e5e16\" data-id=\"a7e5e16\" data-element_type=\"column\">\n\t\t\t<div class=\"elementor-widget-wrap elementor-element-populated\">\n\t\t\t\t\t\t\t\t<div class=\"elementor-element elementor-element-caa8386 elementor-mobile-align-center elementor-icon-list--layout-traditional elementor-list-item-link-full_width elementor-widget elementor-widget-icon-list\" data-id=\"caa8386\" data-element_type=\"widget\" data-widget_type=\"icon-list.default\">\n\t\t\t\t<div class=\"elementor-widget-container\">\n\t\t\t<link rel=\"stylesheet\" href=\"https:\/\/www.ull.es\/portal\/puertas-abiertas\/wp-content\/uploads\/sites\/53\/elementor\/css\/custom-widget-icon-list.min.css?ver=1699437368\">\t\t<ul class=\"elementor-icon-list-items\">\n\t\t\t\t\t\t\t<li class=\"elementor-icon-list-item\">\n\t\t\t\t\t\t\t\t\t\t<span class=\"elementor-icon-list-text\"><b>Aula Magna<\/b> <br> <p style=\"font-weight:500\">Planta cero, Aulario General C\u00e9sar Manrique<\/p><\/span>\n\t\t\t\t\t\t\t\t\t<\/li>\n\t\t\t\t\t\t\t\t<li class=\"elementor-icon-list-item\">\n\t\t\t\t\t\t\t\t\t\t<span class=\"elementor-icon-list-text\"><b>Aula 0.4<\/b> <br> <p style=\"font-weight:500\">Planta cero, Aulario General C\u00e9sar Manrique<\/p><\/span>\n\t\t\t\t\t\t\t\t\t<\/li>\n\t\t\t\t\t\t\t\t<li class=\"elementor-icon-list-item\">\n\t\t\t\t\t\t\t\t\t\t<span class=\"elementor-icon-list-text\"><b>Aula 0.5<\/b> <br> <p style=\"font-weight:500\">Planta cero, Aulario General C\u00e9sar Manrique<\/p><\/span>\n\t\t\t\t\t\t\t\t\t<\/li>\n\t\t\t\t\t\t\t\t<li class=\"elementor-icon-list-item\">\n\t\t\t\t\t\t\t\t\t\t<span class=\"elementor-icon-list-text\"><b>Sala de Grados<\/b> <br> <p style=\"font-weight:500\">1\u00aa planta, Aulario General C\u00e9sar Manrique<\/p><\/span>\n\t\t\t\t\t\t\t\t\t<\/li>\n\t\t\t\t\t\t\t\t<li class=\"elementor-icon-list-item\">\n\t\t\t\t\t\t\t\t\t\t<span class=\"elementor-icon-list-text\"><b>Aula 1.6<\/b> <br> <p style=\"font-weight:500\">1\u00aa planta, Aulario General C\u00e9sar Manrique<\/p><\/span>\n\t\t\t\t\t\t\t\t\t<\/li>\n\t\t\t\t\t\t\t\t<li class=\"elementor-icon-list-item\">\n\t\t\t\t\t\t\t\t\t\t<span class=\"elementor-icon-list-text\"><b>Aula 1.7<\/b> <br> <p style=\"font-weight:500\">1\u00aa planta, Aulario General C\u00e9sar Manrique<\/p><\/span>\n\t\t\t\t\t\t\t\t\t<\/li>\n\t\t\t\t\t\t\t\t<li class=\"elementor-icon-list-item\">\n\t\t\t\t\t\t\t\t\t\t<span class=\"elementor-icon-list-text\"><b>Aula 1.9<\/b> <br> <p style=\"font-weight:500\">1\u00aa planta, Aulario General C\u00e9sar Manrique<\/p><\/span>\n\t\t\t\t\t\t\t\t\t<\/li>\n\t\t\t\t\t\t\t\t<li class=\"elementor-icon-list-item\">\n\t\t\t\t\t\t\t\t\t\t<span class=\"elementor-icon-list-text\"><b>Aula 1.10<\/b> <br> <p style=\"font-weight:500\">1\u00aa planta, Aulario General C\u00e9sar Manrique<\/p><\/span>\n\t\t\t\t\t\t\t\t\t<\/li>\n\t\t\t\t\t\t<\/ul>\n\t\t\t\t<\/div>\n\t\t\t\t<\/div>\n\t\t\t\t\t<\/div>\n\t\t<\/div>\n\t\t\t\t\t\t\t<\/div>\n\t\t<\/section>\n\t\t\t\t<section class=\"elementor-section elementor-top-section elementor-element elementor-element-8040fa6 elementor-section-boxed elementor-section-height-default elementor-section-height-default\" data-id=\"8040fa6\" data-element_type=\"section\">\n\t\t\t\t\t\t<div class=\"elementor-container elementor-column-gap-default\">\n\t\t\t\t\t<div class=\"elementor-column elementor-col-33 elementor-top-column elementor-element elementor-element-13e8a94\" data-id=\"13e8a94\" data-element_type=\"column\">\n\t\t\t<div class=\"elementor-widget-wrap elementor-element-populated\">\n\t\t\t\t\t\t\t\t<div class=\"elementor-element elementor-element-a1db01e elementor-widget elementor-widget-heading\" data-id=\"a1db01e\" data-element_type=\"widget\" data-widget_type=\"heading.default\">\n\t\t\t\t<div class=\"elementor-widget-container\">\n\t\t\t<style>\/*! elementor - v3.9.2 - 21-12-2022 *\/\n.elementor-heading-title{padding:0;margin:0;line-height:1}.elementor-widget-heading .elementor-heading-title[class*=elementor-size-]>a{color:inherit;font-size:inherit;line-height:inherit}.elementor-widget-heading .elementor-heading-title.elementor-size-small{font-size:15px}.elementor-widget-heading .elementor-heading-title.elementor-size-medium{font-size:19px}.elementor-widget-heading .elementor-heading-title.elementor-size-large{font-size:29px}.elementor-widget-heading .elementor-heading-title.elementor-size-xl{font-size:39px}.elementor-widget-heading .elementor-heading-title.elementor-size-xxl{font-size:59px}<\/style><h3 class=\"elementor-heading-title elementor-size-default\">Informaci\u00f3n<\/h3>\t\t<\/div>\n\t\t\t\t<\/div>\n\t\t\t\t<div class=\"elementor-element elementor-element-7271980 elementor-align-left elementor-mobile-align-center elementor-icon-list--layout-traditional elementor-list-item-link-full_width elementor-widget elementor-widget-icon-list\" data-id=\"7271980\" data-element_type=\"widget\" data-widget_type=\"icon-list.default\">\n\t\t\t\t<div class=\"elementor-widget-container\">\n\t\t\t\t\t<ul class=\"elementor-icon-list-items\">\n\t\t\t\t\t\t\t<li class=\"elementor-icon-list-item\">\n\t\t\t\t\t\t\t\t\t\t\t<span class=\"elementor-icon-list-icon\">\n\t\t\t\t\t\t\t<i aria-hidden=\"true\" class=\"fas fa-map-marker-alt\"><\/i>\t\t\t\t\t\t<\/span>\n\t\t\t\t\t\t\t\t\t\t<span class=\"elementor-icon-list-text\">Jos\u00e9 Luis Moreno Becerra s\/n<br> San Crist\u00f3bal de La Laguna,<br> S\/C de Tenerife<\/span>\n\t\t\t\t\t\t\t\t\t<\/li>\n\t\t\t\t\t\t\t\t<li class=\"elementor-icon-list-item\">\n\t\t\t\t\t\t\t\t\t\t\t<a href=\"tel:922317630\" target=\"_blank\" rel=\"noopener\">\n\n\t\t\t\t\t\t\t\t\t\t\t\t<span class=\"elementor-icon-list-icon\">\n\t\t\t\t\t\t\t<i aria-hidden=\"true\" class=\"fas fa-phone-alt\"><\/i>\t\t\t\t\t\t<\/span>\n\t\t\t\t\t\t\t\t\t\t<span class=\"elementor-icon-list-text\">922 31 76 30<\/span>\n\t\t\t\t\t\t\t\t\t\t\t<\/a>\n\t\t\t\t\t\t\t\t\t<\/li>\n\t\t\t\t\t\t\t\t<li class=\"elementor-icon-list-item\">\n\t\t\t\t\t\t\t\t\t\t\t<a href=\"mailto:aulario@ull.es\" target=\"_blank\" rel=\"noopener\">\n\n\t\t\t\t\t\t\t\t\t\t\t\t<span class=\"elementor-icon-list-icon\">\n\t\t\t\t\t\t\t<i aria-hidden=\"true\" class=\"fas fa-envelope\"><\/i>\t\t\t\t\t\t<\/span>\n\t\t\t\t\t\t\t\t\t\t<span class=\"elementor-icon-list-text\">aulario@ull.es<\/span>\n\t\t\t\t\t\t\t\t\t\t\t<\/a>\n\t\t\t\t\t\t\t\t\t<\/li>\n\t\t\t\t\t\t<\/ul>\n\t\t\t\t<\/div>\n\t\t\t\t<\/div>\n\t\t\t\t<div class=\"elementor-element elementor-element-ae07b3e elementor-align-left elementor-mobile-align-center elementor-widget elementor-widget-button\" data-id=\"ae07b3e\" data-element_type=\"widget\" data-widget_type=\"button.default\">\n\t\t\t\t<div class=\"elementor-widget-container\">\n\t\t\t\t\t<div class=\"elementor-button-wrapper\">\n\t\t\t<a href=\"https:\/\/www.ull.es\/donde\/\" class=\"elementor-button-link elementor-button elementor-size-sm\" role=\"button\" target=\"_blank\" rel=\"noopener\">\n\t\t\t\t\t\t<span class=\"elementor-button-content-wrapper\">\n\t\t\t\t\t\t<span class=\"elementor-button-text\">C\u00f3mo llegar<\/span>\n\t\t<\/span>\n\t\t\t\t\t<\/a>\n\t\t<\/div>\n\t\t\t\t<\/div>\n\t\t\t\t<\/div>\n\t\t\t\t\t<\/div>\n\t\t<\/div>\n\t\t\t\t<div class=\"elementor-column elementor-col-66 elementor-top-column elementor-element elementor-element-f413504\" data-id=\"f413504\" data-element_type=\"column\" data-settings=\"{&quot;background_background&quot;:&quot;classic&quot;}\">\n\t\t\t<div class=\"elementor-widget-wrap elementor-element-populated\">\n\t\t\t\t\t\t\t\t<div class=\"elementor-element elementor-element-20607fc elementor-widget elementor-widget-spacer\" data-id=\"20607fc\" data-element_type=\"widget\" data-widget_type=\"spacer.default\">\n\t\t\t\t<div class=\"elementor-widget-container\">\n\t\t\t<style>\/*! elementor - v3.9.2 - 21-12-2022 *\/\n.elementor-column .elementor-spacer-inner{height:var(--spacer-size)}.e-con{--container-widget-width:100%}.e-con-inner>.elementor-widget-spacer,.e-con>.elementor-widget-spacer{width:var(--container-widget-width,var(--spacer-size));--align-self:var(--container-widget-align-self,initial);--flex-shrink:0}.e-con-inner>.elementor-widget-spacer>.elementor-widget-container,.e-con-inner>.elementor-widget-spacer>.elementor-widget-container>.elementor-spacer,.e-con>.elementor-widget-spacer>.elementor-widget-container,.e-con>.elementor-widget-spacer>.elementor-widget-container>.elementor-spacer{height:100%}.e-con-inner>.elementor-widget-spacer>.elementor-widget-container>.elementor-spacer>.elementor-spacer-inner,.e-con>.elementor-widget-spacer>.elementor-widget-container>.elementor-spacer>.elementor-spacer-inner{height:var(--container-widget-height,var(--spacer-size))}<\/style>\t\t<div class=\"elementor-spacer\">\n\t\t\t<div class=\"elementor-spacer-inner\"><\/div>\n\t\t<\/div>\n\t\t\t\t<\/div>\n\t\t\t\t<\/div>\n\t\t\t\t\t<\/div>\n\t\t<\/div>\n\t\t\t\t\t\t\t<\/div>\n\t\t<\/section>\n\t\t\t\t\t\t\t<\/div>\n\t\t","protected":false},"excerpt":{"rendered":"<p>Aula Magna Planta cero, Aulario General C\u00e9sar Manrique Aula 0.4 Planta cero, Aulario General C\u00e9sar Manrique Aula 0.5 Planta cero, Aulario General C\u00e9sar Manrique Sala de Grados 1\u00aa planta, Aulario General C\u00e9sar Manrique Aula 1.6 1\u00aa planta, Aulario General C\u00e9sar Manrique Aula 1.7 1\u00aa planta, Aulario General C\u00e9sar Manrique Aula 1.9 1\u00aa planta, Aulario General&#8230;<\/p>\n","protected":false},"author":93,"featured_media":0,"parent":0,"menu_order":0,"comment_status":"closed","ping_status":"closed","template":"elementor_header_footer","meta":{"inline_featured_image":false,"footnotes":""},"acf":[],"yoast_head":"<!-- This site is optimized with the Yoast SEO plugin v21.3 - https:\/\/yoast.com\/wordpress\/plugins\/seo\/ -->\n<title>Aulario General C\u00e9sar Manrique - Puertas Abiertas<\/title>\n<meta name=\"robots\" content=\"index, follow, max-snippet:-1, max-image-preview:large, max-video-preview:-1\" \/>\n<link rel=\"canonical\" href=\"https:\/\/www.ull.es\/portal\/puertas-abiertas\/aulario-general-de-guajara\/\" \/>\n<meta property=\"og:locale\" content=\"es_ES\" \/>\n<meta property=\"og:type\" content=\"article\" \/>\n<meta property=\"og:title\" content=\"Aulario General C\u00e9sar Manrique - Puertas Abiertas\" \/>\n<meta property=\"og:description\" content=\"Aula Magna Planta cero, Aulario General C\u00e9sar Manrique Aula 0.4 Planta cero, Aulario General C\u00e9sar Manrique Aula 0.5 Planta cero, Aulario General C\u00e9sar Manrique Sala de Grados 1\u00aa planta, Aulario General C\u00e9sar Manrique Aula 1.6 1\u00aa planta, Aulario General C\u00e9sar Manrique Aula 1.7 1\u00aa planta, Aulario General C\u00e9sar Manrique Aula 1.9 1\u00aa planta, Aulario General...\" \/>\n<meta property=\"og:url\" content=\"https:\/\/www.ull.es\/portal\/puertas-abiertas\/aulario-general-de-guajara\/\" \/>\n<meta property=\"og:site_name\" content=\"Puertas Abiertas\" \/>\n<meta property=\"article:modified_time\" content=\"2026-01-13T11:20:49+00:00\" \/>\n<meta property=\"og:image\" content=\"https:\/\/www.ull.es\/portal\/puertas-abiertas\/wp-content\/uploads\/sites\/53\/2024\/11\/Group-20-1024x179.png\" \/>\n<meta name=\"twitter:card\" content=\"summary_large_image\" \/>\n<meta name=\"twitter:label1\" content=\"Tiempo de lectura\" \/>\n\t<meta name=\"twitter:data1\" content=\"2 minutos\" \/>\n<script type=\"application\/ld+json\" class=\"yoast-schema-graph\">{\"@context\":\"https:\/\/schema.org\",\"@graph\":[{\"@type\":\"WebPage\",\"@id\":\"https:\/\/www.ull.es\/portal\/puertas-abiertas\/aulario-general-de-guajara\/\",\"url\":\"https:\/\/www.ull.es\/portal\/puertas-abiertas\/aulario-general-de-guajara\/\",\"name\":\"Aulario General C\u00e9sar Manrique - Puertas Abiertas\",\"isPartOf\":{\"@id\":\"https:\/\/www.ull.es\/portal\/puertas-abiertas\/#website\"},\"datePublished\":\"2022-12-23T11:04:15+00:00\",\"dateModified\":\"2026-01-13T11:20:49+00:00\",\"breadcrumb\":{\"@id\":\"https:\/\/www.ull.es\/portal\/puertas-abiertas\/aulario-general-de-guajara\/#breadcrumb\"},\"inLanguage\":\"es\",\"potentialAction\":[{\"@type\":\"ReadAction\",\"target\":[\"https:\/\/www.ull.es\/portal\/puertas-abiertas\/aulario-general-de-guajara\/\"]}]},{\"@type\":\"BreadcrumbList\",\"@id\":\"https:\/\/www.ull.es\/portal\/puertas-abiertas\/aulario-general-de-guajara\/#breadcrumb\",\"itemListElement\":[{\"@type\":\"ListItem\",\"position\":1,\"name\":\"Portada\",\"item\":\"https:\/\/www.ull.es\/portal\/puertas-abiertas\/\"},{\"@type\":\"ListItem\",\"position\":2,\"name\":\"Aulario General C\u00e9sar Manrique\"}]},{\"@type\":\"WebSite\",\"@id\":\"https:\/\/www.ull.es\/portal\/puertas-abiertas\/#website\",\"url\":\"https:\/\/www.ull.es\/portal\/puertas-abiertas\/\",\"name\":\"Puertas Abiertas\",\"description\":\"\",\"potentialAction\":[{\"@type\":\"SearchAction\",\"target\":{\"@type\":\"EntryPoint\",\"urlTemplate\":\"https:\/\/www.ull.es\/portal\/puertas-abiertas\/?s={search_term_string}\"},\"query-input\":\"required name=search_term_string\"}],\"inLanguage\":\"es\"}]}<\/script>\n<!-- \/ Yoast SEO plugin. -->","yoast_head_json":{"title":"Aulario General C\u00e9sar Manrique - Puertas Abiertas","robots":{"index":"index","follow":"follow","max-snippet":"max-snippet:-1","max-image-preview":"max-image-preview:large","max-video-preview":"max-video-preview:-1"},"canonical":"https:\/\/www.ull.es\/portal\/puertas-abiertas\/aulario-general-de-guajara\/","og_locale":"es_ES","og_type":"article","og_title":"Aulario General C\u00e9sar Manrique - Puertas Abiertas","og_description":"Aula Magna Planta cero, Aulario General C\u00e9sar Manrique Aula 0.4 Planta cero, Aulario General C\u00e9sar Manrique Aula 0.5 Planta cero, Aulario General C\u00e9sar Manrique Sala de Grados 1\u00aa planta, Aulario General C\u00e9sar Manrique Aula 1.6 1\u00aa planta, Aulario General C\u00e9sar Manrique Aula 1.7 1\u00aa planta, Aulario General C\u00e9sar Manrique Aula 1.9 1\u00aa planta, Aulario General...","og_url":"https:\/\/www.ull.es\/portal\/puertas-abiertas\/aulario-general-de-guajara\/","og_site_name":"Puertas Abiertas","article_modified_time":"2026-01-13T11:20:49+00:00","og_image":[{"url":"https:\/\/www.ull.es\/portal\/puertas-abiertas\/wp-content\/uploads\/sites\/53\/2024\/11\/Group-20-1024x179.png"}],"twitter_card":"summary_large_image","twitter_misc":{"Tiempo de lectura":"2 minutos"},"schema":{"@context":"https:\/\/schema.org","@graph":[{"@type":"WebPage","@id":"https:\/\/www.ull.es\/portal\/puertas-abiertas\/aulario-general-de-guajara\/","url":"https:\/\/www.ull.es\/portal\/puertas-abiertas\/aulario-general-de-guajara\/","name":"Aulario General C\u00e9sar Manrique - Puertas Abiertas","isPartOf":{"@id":"https:\/\/www.ull.es\/portal\/puertas-abiertas\/#website"},"datePublished":"2022-12-23T11:04:15+00:00","dateModified":"2026-01-13T11:20:49+00:00","breadcrumb":{"@id":"https:\/\/www.ull.es\/portal\/puertas-abiertas\/aulario-general-de-guajara\/#breadcrumb"},"inLanguage":"es","potentialAction":[{"@type":"ReadAction","target":["https:\/\/www.ull.es\/portal\/puertas-abiertas\/aulario-general-de-guajara\/"]}]},{"@type":"BreadcrumbList","@id":"https:\/\/www.ull.es\/portal\/puertas-abiertas\/aulario-general-de-guajara\/#breadcrumb","itemListElement":[{"@type":"ListItem","position":1,"name":"Portada","item":"https:\/\/www.ull.es\/portal\/puertas-abiertas\/"},{"@type":"ListItem","position":2,"name":"Aulario General C\u00e9sar Manrique"}]},{"@type":"WebSite","@id":"https:\/\/www.ull.es\/portal\/puertas-abiertas\/#website","url":"https:\/\/www.ull.es\/portal\/puertas-abiertas\/","name":"Puertas Abiertas","description":"","potentialAction":[{"@type":"SearchAction","target":{"@type":"EntryPoint","urlTemplate":"https:\/\/www.ull.es\/portal\/puertas-abiertas\/?s={search_term_string}"},"query-input":"required name=search_term_string"}],"inLanguage":"es"}]}},"_links":{"self":[{"href":"https:\/\/www.ull.es\/portal\/puertas-abiertas\/wp-json\/wp\/v2\/pages\/486"}],"collection":[{"href":"https:\/\/www.ull.es\/portal\/puertas-abiertas\/wp-json\/wp\/v2\/pages"}],"about":[{"href":"https:\/\/www.ull.es\/portal\/puertas-abiertas\/wp-json\/wp\/v2\/types\/page"}],"author":[{"embeddable":true,"href":"https:\/\/www.ull.es\/portal\/puertas-abiertas\/wp-json\/wp\/v2\/users\/93"}],"replies":[{"embeddable":true,"href":"https:\/\/www.ull.es\/portal\/puertas-abiertas\/wp-json\/wp\/v2\/comments?post=486"}],"version-history":[{"count":218,"href":"https:\/\/www.ull.es\/portal\/puertas-abiertas\/wp-json\/wp\/v2\/pages\/486\/revisions"}],"predecessor-version":[{"id":3424,"href":"https:\/\/www.ull.es\/portal\/puertas-abiertas\/wp-json\/wp\/v2\/pages\/486\/revisions\/3424"}],"wp:attachment":[{"href":"https:\/\/www.ull.es\/portal\/puertas-abiertas\/wp-json\/wp\/v2\/media?parent=486"}],"curies":[{"name":"wp","href":"https:\/\/api.w.org\/{rel}","templated":true}]}}