{"id":540,"date":"2022-12-27T13:30:18","date_gmt":"2022-12-27T13:30:18","guid":{"rendered":"https:\/\/www.ull.es\/portal\/puertas-abiertas\/?page_id=540"},"modified":"2026-01-19T12:57:52","modified_gmt":"2026-01-19T12:57:52","slug":"facultad-de-economia-empresa-y-turismo","status":"publish","type":"page","link":"https:\/\/www.ull.es\/portal\/puertas-abiertas\/facultad-de-economia-empresa-y-turismo\/","title":{"rendered":"Facultad de Econom\u00eda, Empresa y Turismo"},"content":{"rendered":"\t\t<div data-elementor-type=\"wp-page\" data-elementor-id=\"540\" class=\"elementor elementor-540\">\n\t\t\t\t\t\t\t\t\t<section class=\"elementor-section elementor-top-section elementor-element elementor-element-36b4dc2 elementor-section-height-min-height elementor-section-full_width elementor-hidden-mobile elementor-section-height-default elementor-section-items-middle\" data-id=\"36b4dc2\" data-element_type=\"section\" data-settings=\"{&quot;background_background&quot;:&quot;classic&quot;}\">\n\t\t\t\t\t\t\t<div class=\"elementor-background-overlay\"><\/div>\n\t\t\t\t\t\t\t<div class=\"elementor-container elementor-column-gap-default\">\n\t\t\t\t\t<div class=\"elementor-column elementor-col-50 elementor-top-column elementor-element elementor-element-9b3af2c\" data-id=\"9b3af2c\" data-element_type=\"column\" data-settings=\"{&quot;background_background&quot;:&quot;classic&quot;}\">\n\t\t\t<div class=\"elementor-widget-wrap elementor-element-populated\">\n\t\t\t\t\t<div class=\"elementor-background-overlay\"><\/div>\n\t\t\t\t\t\t\t\t<div class=\"elementor-element elementor-element-d03662f elementor-widget elementor-widget-image\" data-id=\"d03662f\" data-element_type=\"widget\" data-widget_type=\"image.default\">\n\t\t\t\t<div class=\"elementor-widget-container\">\n\t\t\t<style>\/*! elementor - v3.9.2 - 21-12-2022 *\/\n.elementor-widget-image{text-align:center}.elementor-widget-image a{display:inline-block}.elementor-widget-image a img[src$=\".svg\"]{width:48px}.elementor-widget-image img{vertical-align:middle;display:inline-block}<\/style>\t\t\t\t\t\t\t\t\t\t\t\t<img decoding=\"async\" loading=\"lazy\" width=\"1024\" height=\"250\" src=\"https:\/\/www.ull.es\/portal\/puertas-abiertas\/wp-content\/uploads\/sites\/53\/2024\/11\/Group-20-1-1024x250.png\" class=\"attachment-large size-large wp-image-2552\" alt=\"\" srcset=\"https:\/\/www.ull.es\/portal\/puertas-abiertas\/wp-content\/uploads\/sites\/53\/2024\/11\/Group-20-1-1024x250.png 1024w, https:\/\/www.ull.es\/portal\/puertas-abiertas\/wp-content\/uploads\/sites\/53\/2024\/11\/Group-20-1-300x73.png 300w, https:\/\/www.ull.es\/portal\/puertas-abiertas\/wp-content\/uploads\/sites\/53\/2024\/11\/Group-20-1-768x188.png 768w, https:\/\/www.ull.es\/portal\/puertas-abiertas\/wp-content\/uploads\/sites\/53\/2024\/11\/Group-20-1-375x92.png 375w, https:\/\/www.ull.es\/portal\/puertas-abiertas\/wp-content\/uploads\/sites\/53\/2024\/11\/Group-20-1-750x183.png 750w, https:\/\/www.ull.es\/portal\/puertas-abiertas\/wp-content\/uploads\/sites\/53\/2024\/11\/Group-20-1-1140x279.png 1140w, https:\/\/www.ull.es\/portal\/puertas-abiertas\/wp-content\/uploads\/sites\/53\/2024\/11\/Group-20-1.png 1247w\" sizes=\"(max-width: 1024px) 100vw, 1024px\" \/>\t\t\t\t\t\t\t\t\t\t\t\t\t\t\t<\/div>\n\t\t\t\t<\/div>\n\t\t\t\t\t<\/div>\n\t\t<\/div>\n\t\t\t\t<div class=\"elementor-column elementor-col-50 elementor-top-column elementor-element elementor-element-90dd9bb\" data-id=\"90dd9bb\" data-element_type=\"column\" data-settings=\"{&quot;background_background&quot;:&quot;classic&quot;}\">\n\t\t\t<div class=\"elementor-widget-wrap elementor-element-populated\">\n\t\t\t\t\t<div class=\"elementor-background-overlay\"><\/div>\n\t\t\t\t\t\t\t\t<div class=\"elementor-element elementor-element-b1e259e elementor-absolute elementor-widget elementor-widget-image\" data-id=\"b1e259e\" data-element_type=\"widget\" data-settings=\"{&quot;_position&quot;:&quot;absolute&quot;}\" data-widget_type=\"image.default\">\n\t\t\t\t<div class=\"elementor-widget-container\">\n\t\t\t\t\t\t\t\t\t\t\t\t\t\t\t<img decoding=\"async\" loading=\"lazy\" width=\"160\" height=\"160\" src=\"https:\/\/www.ull.es\/portal\/puertas-abiertas\/wp-content\/uploads\/sites\/53\/2024\/11\/Frame-1.png\" class=\"attachment-large size-large wp-image-2182\" alt=\"\" srcset=\"https:\/\/www.ull.es\/portal\/puertas-abiertas\/wp-content\/uploads\/sites\/53\/2024\/11\/Frame-1.png 160w, https:\/\/www.ull.es\/portal\/puertas-abiertas\/wp-content\/uploads\/sites\/53\/2024\/11\/Frame-1-150x150.png 150w, https:\/\/www.ull.es\/portal\/puertas-abiertas\/wp-content\/uploads\/sites\/53\/2024\/11\/Frame-1-50x50.png 50w\" sizes=\"(max-width: 160px) 100vw, 160px\" \/>\t\t\t\t\t\t\t\t\t\t\t\t\t\t\t<\/div>\n\t\t\t\t<\/div>\n\t\t\t\t\t<\/div>\n\t\t<\/div>\n\t\t\t\t\t\t\t<\/div>\n\t\t<\/section>\n\t\t\t\t<section class=\"elementor-section elementor-top-section elementor-element elementor-element-87edbd0 elementor-section-full_width elementor-hidden-desktop elementor-hidden-tablet elementor-section-height-default elementor-section-height-default\" data-id=\"87edbd0\" data-element_type=\"section\" data-settings=\"{&quot;background_background&quot;:&quot;classic&quot;}\">\n\t\t\t\t\t\t\t<div class=\"elementor-background-overlay\"><\/div>\n\t\t\t\t\t\t\t<div class=\"elementor-container elementor-column-gap-default\">\n\t\t\t\t\t<div class=\"elementor-column elementor-col-100 elementor-top-column elementor-element elementor-element-c4edbae\" data-id=\"c4edbae\" data-element_type=\"column\">\n\t\t\t<div class=\"elementor-widget-wrap elementor-element-populated\">\n\t\t\t\t\t\t\t\t<div class=\"elementor-element elementor-element-78886c9 elementor-widget elementor-widget-image\" data-id=\"78886c9\" data-element_type=\"widget\" data-widget_type=\"image.default\">\n\t\t\t\t<div class=\"elementor-widget-container\">\n\t\t\t\t\t\t\t\t\t\t\t\t\t\t\t<img decoding=\"async\" loading=\"lazy\" width=\"1024\" height=\"250\" src=\"https:\/\/www.ull.es\/portal\/puertas-abiertas\/wp-content\/uploads\/sites\/53\/2024\/11\/Group-20-1-1024x250.png\" class=\"attachment-large size-large wp-image-2552\" alt=\"\" srcset=\"https:\/\/www.ull.es\/portal\/puertas-abiertas\/wp-content\/uploads\/sites\/53\/2024\/11\/Group-20-1-1024x250.png 1024w, https:\/\/www.ull.es\/portal\/puertas-abiertas\/wp-content\/uploads\/sites\/53\/2024\/11\/Group-20-1-300x73.png 300w, https:\/\/www.ull.es\/portal\/puertas-abiertas\/wp-content\/uploads\/sites\/53\/2024\/11\/Group-20-1-768x188.png 768w, https:\/\/www.ull.es\/portal\/puertas-abiertas\/wp-content\/uploads\/sites\/53\/2024\/11\/Group-20-1-375x92.png 375w, https:\/\/www.ull.es\/portal\/puertas-abiertas\/wp-content\/uploads\/sites\/53\/2024\/11\/Group-20-1-750x183.png 750w, https:\/\/www.ull.es\/portal\/puertas-abiertas\/wp-content\/uploads\/sites\/53\/2024\/11\/Group-20-1-1140x279.png 1140w, https:\/\/www.ull.es\/portal\/puertas-abiertas\/wp-content\/uploads\/sites\/53\/2024\/11\/Group-20-1.png 1247w\" sizes=\"(max-width: 1024px) 100vw, 1024px\" \/>\t\t\t\t\t\t\t\t\t\t\t\t\t\t\t<\/div>\n\t\t\t\t<\/div>\n\t\t\t\t\t<\/div>\n\t\t<\/div>\n\t\t\t\t\t\t\t<\/div>\n\t\t<\/section>\n\t\t\t\t<section class=\"elementor-section elementor-top-section elementor-element elementor-element-28bb34c elementor-section-full_width elementor-section-height-default elementor-section-height-default\" data-id=\"28bb34c\" data-element_type=\"section\">\n\t\t\t\t\t\t<div class=\"elementor-container elementor-column-gap-default\">\n\t\t\t\t\t<div class=\"elementor-column elementor-col-50 elementor-top-column elementor-element elementor-element-b4f65ff\" data-id=\"b4f65ff\" data-element_type=\"column\">\n\t\t\t<div class=\"elementor-widget-wrap elementor-element-populated\">\n\t\t\t\t\t\t\t\t<div class=\"elementor-element elementor-element-3160a55 elementor-widget elementor-widget-image\" data-id=\"3160a55\" data-element_type=\"widget\" data-widget_type=\"image.default\">\n\t\t\t\t<div class=\"elementor-widget-container\">\n\t\t\t\t\t\t\t\t\t\t\t\t\t\t\t<img decoding=\"async\" loading=\"lazy\" width=\"799\" height=\"747\" src=\"https:\/\/www.ull.es\/portal\/puertas-abiertas\/wp-content\/uploads\/sites\/53\/2024\/11\/INFO-2.png\" class=\"attachment-full size-full wp-image-2696\" alt=\"\" srcset=\"https:\/\/www.ull.es\/portal\/puertas-abiertas\/wp-content\/uploads\/sites\/53\/2024\/11\/INFO-2.png 799w, https:\/\/www.ull.es\/portal\/puertas-abiertas\/wp-content\/uploads\/sites\/53\/2024\/11\/INFO-2-300x280.png 300w, https:\/\/www.ull.es\/portal\/puertas-abiertas\/wp-content\/uploads\/sites\/53\/2024\/11\/INFO-2-768x718.png 768w, https:\/\/www.ull.es\/portal\/puertas-abiertas\/wp-content\/uploads\/sites\/53\/2024\/11\/INFO-2-375x351.png 375w, https:\/\/www.ull.es\/portal\/puertas-abiertas\/wp-content\/uploads\/sites\/53\/2024\/11\/INFO-2-750x701.png 750w\" sizes=\"(max-width: 799px) 100vw, 799px\" \/>\t\t\t\t\t\t\t\t\t\t\t\t\t\t\t<\/div>\n\t\t\t\t<\/div>\n\t\t\t\t\t<\/div>\n\t\t<\/div>\n\t\t\t\t<div class=\"elementor-column elementor-col-50 elementor-top-column elementor-element elementor-element-18b6f13\" data-id=\"18b6f13\" data-element_type=\"column\">\n\t\t\t<div class=\"elementor-widget-wrap elementor-element-populated\">\n\t\t\t\t\t\t\t\t<div class=\"elementor-element elementor-element-476ab4d elementor-mobile-align-center elementor-icon-list--layout-traditional elementor-list-item-link-full_width elementor-widget elementor-widget-icon-list\" data-id=\"476ab4d\" data-element_type=\"widget\" data-widget_type=\"icon-list.default\">\n\t\t\t\t<div class=\"elementor-widget-container\">\n\t\t\t<link rel=\"stylesheet\" href=\"https:\/\/www.ull.es\/portal\/puertas-abiertas\/wp-content\/uploads\/sites\/53\/elementor\/css\/custom-widget-icon-list.min.css?ver=1699437368\">\t\t<ul class=\"elementor-icon-list-items\">\n\t\t\t\t\t\t\t<li class=\"elementor-icon-list-item\">\n\t\t\t\t\t\t\t\t\t\t<span class=\"elementor-icon-list-text\"><b>Aula E 1.1<\/b> <br><p style=\"font-weight:500\">Planta primera, Facultad de Econom\u00eda, Empresa y Turismo<span style=\"color: rgb(252, 117, 38); font-family: var( --e-global-typography-text-font-family ), Sans-serif; font-size: var( --e-global-typography-text-font-size ); font-weight: var( --e-global-typography-text-font-weight );\"><\/span><\/p><\/span>\n\t\t\t\t\t\t\t\t\t<\/li>\n\t\t\t\t\t\t\t\t<li class=\"elementor-icon-list-item\">\n\t\t\t\t\t\t\t\t\t\t<span class=\"elementor-icon-list-text\"><b>Aula E 2.1<\/b> <br> <p style=\"font-weight:500\">Planta segunda, Facultad de Econom\u00eda, Empresa y Turismo<\/p><\/span>\n\t\t\t\t\t\t\t\t\t<\/li>\n\t\t\t\t\t\t\t\t<li class=\"elementor-icon-list-item\">\n\t\t\t\t\t\t\t\t\t\t<span class=\"elementor-icon-list-text\"><b>Aula F 0.1<\/b> <br> <p style=\"font-weight:500\">Planta cero, Facultad de Econom\u00eda, Empresa y Turismo<\/p><\/span>\n\t\t\t\t\t\t\t\t\t<\/li>\n\t\t\t\t\t\t\t\t<li class=\"elementor-icon-list-item\">\n\t\t\t\t\t\t\t\t\t\t<span class=\"elementor-icon-list-text\"><b>Aula F 1.1<\/b> <br> <p style=\"font-weight:500\">Planta primera,  Facultad de Econom\u00eda, Empresa y Turismo<\/p><\/span>\n\t\t\t\t\t\t\t\t\t<\/li>\n\t\t\t\t\t\t\t\t<li class=\"elementor-icon-list-item\">\n\t\t\t\t\t\t\t\t\t\t<span class=\"elementor-icon-list-text\"><b>Aula Magna<\/b> <br> <p style=\"font-weight:500\">Planta primera, Facultad de Econom\u00eda, Empresa y Turismo<\/p><\/span>\n\t\t\t\t\t\t\t\t\t<\/li>\n\t\t\t\t\t\t<\/ul>\n\t\t\t\t<\/div>\n\t\t\t\t<\/div>\n\t\t\t\t\t<\/div>\n\t\t<\/div>\n\t\t\t\t\t\t\t<\/div>\n\t\t<\/section>\n\t\t\t\t<section class=\"elementor-section elementor-top-section elementor-element elementor-element-6406960 elementor-section-boxed elementor-section-height-default elementor-section-height-default\" data-id=\"6406960\" data-element_type=\"section\">\n\t\t\t\t\t\t<div class=\"elementor-container elementor-column-gap-default\">\n\t\t\t\t\t<div class=\"elementor-column elementor-col-33 elementor-top-column elementor-element elementor-element-9537489\" data-id=\"9537489\" data-element_type=\"column\">\n\t\t\t<div class=\"elementor-widget-wrap elementor-element-populated\">\n\t\t\t\t\t\t\t\t<div class=\"elementor-element elementor-element-9df18ed elementor-widget elementor-widget-heading\" data-id=\"9df18ed\" data-element_type=\"widget\" data-widget_type=\"heading.default\">\n\t\t\t\t<div class=\"elementor-widget-container\">\n\t\t\t<style>\/*! elementor - v3.9.2 - 21-12-2022 *\/\n.elementor-heading-title{padding:0;margin:0;line-height:1}.elementor-widget-heading .elementor-heading-title[class*=elementor-size-]>a{color:inherit;font-size:inherit;line-height:inherit}.elementor-widget-heading .elementor-heading-title.elementor-size-small{font-size:15px}.elementor-widget-heading .elementor-heading-title.elementor-size-medium{font-size:19px}.elementor-widget-heading .elementor-heading-title.elementor-size-large{font-size:29px}.elementor-widget-heading .elementor-heading-title.elementor-size-xl{font-size:39px}.elementor-widget-heading .elementor-heading-title.elementor-size-xxl{font-size:59px}<\/style><h3 class=\"elementor-heading-title elementor-size-default\">Informaci\u00f3n<\/h3>\t\t<\/div>\n\t\t\t\t<\/div>\n\t\t\t\t<div class=\"elementor-element elementor-element-1e88142 elementor-align-left elementor-mobile-align-center elementor-icon-list--layout-traditional elementor-list-item-link-full_width elementor-widget elementor-widget-icon-list\" data-id=\"1e88142\" data-element_type=\"widget\" data-widget_type=\"icon-list.default\">\n\t\t\t\t<div class=\"elementor-widget-container\">\n\t\t\t\t\t<ul class=\"elementor-icon-list-items\">\n\t\t\t\t\t\t\t<li class=\"elementor-icon-list-item\">\n\t\t\t\t\t\t\t\t\t\t\t<span class=\"elementor-icon-list-icon\">\n\t\t\t\t\t\t\t<i aria-hidden=\"true\" class=\"fas fa-map-marker-alt\"><\/i>\t\t\t\t\t\t<\/span>\n\t\t\t\t\t\t\t\t\t\t<span class=\"elementor-icon-list-text\">Jos\u00e9 Luis Moreno Becerra s\/n<br> San Crist\u00f3bal de La Laguna,<br> S\/C de Tenerife<\/span>\n\t\t\t\t\t\t\t\t\t<\/li>\n\t\t\t\t\t\t\t\t<li class=\"elementor-icon-list-item\">\n\t\t\t\t\t\t\t\t\t\t\t<a href=\"tel:922317630\" target=\"_blank\" rel=\"noopener\">\n\n\t\t\t\t\t\t\t\t\t\t\t\t<span class=\"elementor-icon-list-icon\">\n\t\t\t\t\t\t\t<i aria-hidden=\"true\" class=\"fas fa-phone-alt\"><\/i>\t\t\t\t\t\t<\/span>\n\t\t\t\t\t\t\t\t\t\t<span class=\"elementor-icon-list-text\">922 31 76 30<\/span>\n\t\t\t\t\t\t\t\t\t\t\t<\/a>\n\t\t\t\t\t\t\t\t\t<\/li>\n\t\t\t\t\t\t\t\t<li class=\"elementor-icon-list-item\">\n\t\t\t\t\t\t\t\t\t\t\t<a href=\"mailto:aulario@ull.es\" target=\"_blank\" rel=\"noopener\">\n\n\t\t\t\t\t\t\t\t\t\t\t\t<span class=\"elementor-icon-list-icon\">\n\t\t\t\t\t\t\t<i aria-hidden=\"true\" class=\"fas fa-envelope\"><\/i>\t\t\t\t\t\t<\/span>\n\t\t\t\t\t\t\t\t\t\t<span class=\"elementor-icon-list-text\">aulario@ull.es<\/span>\n\t\t\t\t\t\t\t\t\t\t\t<\/a>\n\t\t\t\t\t\t\t\t\t<\/li>\n\t\t\t\t\t\t<\/ul>\n\t\t\t\t<\/div>\n\t\t\t\t<\/div>\n\t\t\t\t<div class=\"elementor-element elementor-element-83e1fbe elementor-align-left elementor-mobile-align-center elementor-widget elementor-widget-button\" data-id=\"83e1fbe\" data-element_type=\"widget\" data-widget_type=\"button.default\">\n\t\t\t\t<div class=\"elementor-widget-container\">\n\t\t\t\t\t<div class=\"elementor-button-wrapper\">\n\t\t\t<a href=\"https:\/\/www.ull.es\/donde\/\" class=\"elementor-button-link elementor-button elementor-size-sm\" role=\"button\" target=\"_blank\" rel=\"noopener\">\n\t\t\t\t\t\t<span class=\"elementor-button-content-wrapper\">\n\t\t\t\t\t\t<span class=\"elementor-button-text\">C\u00f3mo llegar<\/span>\n\t\t<\/span>\n\t\t\t\t\t<\/a>\n\t\t<\/div>\n\t\t\t\t<\/div>\n\t\t\t\t<\/div>\n\t\t\t\t\t<\/div>\n\t\t<\/div>\n\t\t\t\t<div class=\"elementor-column elementor-col-66 elementor-top-column elementor-element elementor-element-c69df22\" data-id=\"c69df22\" data-element_type=\"column\" data-settings=\"{&quot;background_background&quot;:&quot;classic&quot;}\">\n\t\t\t<div class=\"elementor-widget-wrap elementor-element-populated\">\n\t\t\t\t\t\t\t\t<div class=\"elementor-element elementor-element-d04d312 elementor-widget elementor-widget-spacer\" data-id=\"d04d312\" data-element_type=\"widget\" data-widget_type=\"spacer.default\">\n\t\t\t\t<div class=\"elementor-widget-container\">\n\t\t\t<style>\/*! elementor - v3.9.2 - 21-12-2022 *\/\n.elementor-column .elementor-spacer-inner{height:var(--spacer-size)}.e-con{--container-widget-width:100%}.e-con-inner>.elementor-widget-spacer,.e-con>.elementor-widget-spacer{width:var(--container-widget-width,var(--spacer-size));--align-self:var(--container-widget-align-self,initial);--flex-shrink:0}.e-con-inner>.elementor-widget-spacer>.elementor-widget-container,.e-con-inner>.elementor-widget-spacer>.elementor-widget-container>.elementor-spacer,.e-con>.elementor-widget-spacer>.elementor-widget-container,.e-con>.elementor-widget-spacer>.elementor-widget-container>.elementor-spacer{height:100%}.e-con-inner>.elementor-widget-spacer>.elementor-widget-container>.elementor-spacer>.elementor-spacer-inner,.e-con>.elementor-widget-spacer>.elementor-widget-container>.elementor-spacer>.elementor-spacer-inner{height:var(--container-widget-height,var(--spacer-size))}<\/style>\t\t<div class=\"elementor-spacer\">\n\t\t\t<div class=\"elementor-spacer-inner\"><\/div>\n\t\t<\/div>\n\t\t\t\t<\/div>\n\t\t\t\t<\/div>\n\t\t\t\t\t<\/div>\n\t\t<\/div>\n\t\t\t\t\t\t\t<\/div>\n\t\t<\/section>\n\t\t\t\t\t\t\t<\/div>\n\t\t","protected":false},"excerpt":{"rendered":"<p>Aula E 1.1 Planta primera, Facultad de Econom\u00eda, Empresa y Turismo Aula E 2.1 Planta segunda, Facultad de Econom\u00eda, Empresa y Turismo Aula F 0.1 Planta cero, Facultad de Econom\u00eda, Empresa y Turismo Aula F 1.1 Planta primera, Facultad de Econom\u00eda, Empresa y Turismo Aula Magna Planta primera, Facultad de Econom\u00eda, Empresa y Turismo Informaci\u00f3n&#8230;<\/p>\n","protected":false},"author":93,"featured_media":0,"parent":0,"menu_order":0,"comment_status":"closed","ping_status":"closed","template":"elementor_header_footer","meta":{"inline_featured_image":false,"footnotes":""},"acf":[],"yoast_head":"<!-- This site is optimized with the Yoast SEO plugin v21.3 - https:\/\/yoast.com\/wordpress\/plugins\/seo\/ -->\n<title>Facultad de Econom\u00eda, Empresa y Turismo - Puertas Abiertas<\/title>\n<meta name=\"robots\" content=\"index, follow, max-snippet:-1, max-image-preview:large, max-video-preview:-1\" \/>\n<link rel=\"canonical\" href=\"https:\/\/www.ull.es\/portal\/puertas-abiertas\/facultad-de-economia-empresa-y-turismo\/\" \/>\n<meta property=\"og:locale\" content=\"es_ES\" \/>\n<meta property=\"og:type\" content=\"article\" \/>\n<meta property=\"og:title\" content=\"Facultad de Econom\u00eda, Empresa y Turismo - Puertas Abiertas\" \/>\n<meta property=\"og:description\" content=\"Aula E 1.1 Planta primera, Facultad de Econom\u00eda, Empresa y Turismo Aula E 2.1 Planta segunda, Facultad de Econom\u00eda, Empresa y Turismo Aula F 0.1 Planta cero, Facultad de Econom\u00eda, Empresa y Turismo Aula F 1.1 Planta primera, Facultad de Econom\u00eda, Empresa y Turismo Aula Magna Planta primera, Facultad de Econom\u00eda, Empresa y Turismo Informaci\u00f3n...\" \/>\n<meta property=\"og:url\" content=\"https:\/\/www.ull.es\/portal\/puertas-abiertas\/facultad-de-economia-empresa-y-turismo\/\" \/>\n<meta property=\"og:site_name\" content=\"Puertas Abiertas\" \/>\n<meta property=\"article:modified_time\" content=\"2026-01-19T12:57:52+00:00\" \/>\n<meta property=\"og:image\" content=\"https:\/\/www.ull.es\/portal\/puertas-abiertas\/wp-content\/uploads\/sites\/53\/2024\/11\/Group-20-1-1024x250.png\" \/>\n<meta name=\"twitter:card\" content=\"summary_large_image\" \/>\n<meta name=\"twitter:label1\" content=\"Tiempo de lectura\" \/>\n\t<meta name=\"twitter:data1\" content=\"2 minutos\" \/>\n<script type=\"application\/ld+json\" class=\"yoast-schema-graph\">{\"@context\":\"https:\/\/schema.org\",\"@graph\":[{\"@type\":\"WebPage\",\"@id\":\"https:\/\/www.ull.es\/portal\/puertas-abiertas\/facultad-de-economia-empresa-y-turismo\/\",\"url\":\"https:\/\/www.ull.es\/portal\/puertas-abiertas\/facultad-de-economia-empresa-y-turismo\/\",\"name\":\"Facultad de Econom\u00eda, Empresa y Turismo - Puertas Abiertas\",\"isPartOf\":{\"@id\":\"https:\/\/www.ull.es\/portal\/puertas-abiertas\/#website\"},\"datePublished\":\"2022-12-27T13:30:18+00:00\",\"dateModified\":\"2026-01-19T12:57:52+00:00\",\"breadcrumb\":{\"@id\":\"https:\/\/www.ull.es\/portal\/puertas-abiertas\/facultad-de-economia-empresa-y-turismo\/#breadcrumb\"},\"inLanguage\":\"es\",\"potentialAction\":[{\"@type\":\"ReadAction\",\"target\":[\"https:\/\/www.ull.es\/portal\/puertas-abiertas\/facultad-de-economia-empresa-y-turismo\/\"]}]},{\"@type\":\"BreadcrumbList\",\"@id\":\"https:\/\/www.ull.es\/portal\/puertas-abiertas\/facultad-de-economia-empresa-y-turismo\/#breadcrumb\",\"itemListElement\":[{\"@type\":\"ListItem\",\"position\":1,\"name\":\"Portada\",\"item\":\"https:\/\/www.ull.es\/portal\/puertas-abiertas\/\"},{\"@type\":\"ListItem\",\"position\":2,\"name\":\"Facultad de Econom\u00eda, Empresa y Turismo\"}]},{\"@type\":\"WebSite\",\"@id\":\"https:\/\/www.ull.es\/portal\/puertas-abiertas\/#website\",\"url\":\"https:\/\/www.ull.es\/portal\/puertas-abiertas\/\",\"name\":\"Puertas Abiertas\",\"description\":\"\",\"potentialAction\":[{\"@type\":\"SearchAction\",\"target\":{\"@type\":\"EntryPoint\",\"urlTemplate\":\"https:\/\/www.ull.es\/portal\/puertas-abiertas\/?s={search_term_string}\"},\"query-input\":\"required name=search_term_string\"}],\"inLanguage\":\"es\"}]}<\/script>\n<!-- \/ Yoast SEO plugin. -->","yoast_head_json":{"title":"Facultad de Econom\u00eda, Empresa y Turismo - Puertas Abiertas","robots":{"index":"index","follow":"follow","max-snippet":"max-snippet:-1","max-image-preview":"max-image-preview:large","max-video-preview":"max-video-preview:-1"},"canonical":"https:\/\/www.ull.es\/portal\/puertas-abiertas\/facultad-de-economia-empresa-y-turismo\/","og_locale":"es_ES","og_type":"article","og_title":"Facultad de Econom\u00eda, Empresa y Turismo - Puertas Abiertas","og_description":"Aula E 1.1 Planta primera, Facultad de Econom\u00eda, Empresa y Turismo Aula E 2.1 Planta segunda, Facultad de Econom\u00eda, Empresa y Turismo Aula F 0.1 Planta cero, Facultad de Econom\u00eda, Empresa y Turismo Aula F 1.1 Planta primera, Facultad de Econom\u00eda, Empresa y Turismo Aula Magna Planta primera, Facultad de Econom\u00eda, Empresa y Turismo Informaci\u00f3n...","og_url":"https:\/\/www.ull.es\/portal\/puertas-abiertas\/facultad-de-economia-empresa-y-turismo\/","og_site_name":"Puertas Abiertas","article_modified_time":"2026-01-19T12:57:52+00:00","og_image":[{"url":"https:\/\/www.ull.es\/portal\/puertas-abiertas\/wp-content\/uploads\/sites\/53\/2024\/11\/Group-20-1-1024x250.png"}],"twitter_card":"summary_large_image","twitter_misc":{"Tiempo de lectura":"2 minutos"},"schema":{"@context":"https:\/\/schema.org","@graph":[{"@type":"WebPage","@id":"https:\/\/www.ull.es\/portal\/puertas-abiertas\/facultad-de-economia-empresa-y-turismo\/","url":"https:\/\/www.ull.es\/portal\/puertas-abiertas\/facultad-de-economia-empresa-y-turismo\/","name":"Facultad de Econom\u00eda, Empresa y Turismo - Puertas Abiertas","isPartOf":{"@id":"https:\/\/www.ull.es\/portal\/puertas-abiertas\/#website"},"datePublished":"2022-12-27T13:30:18+00:00","dateModified":"2026-01-19T12:57:52+00:00","breadcrumb":{"@id":"https:\/\/www.ull.es\/portal\/puertas-abiertas\/facultad-de-economia-empresa-y-turismo\/#breadcrumb"},"inLanguage":"es","potentialAction":[{"@type":"ReadAction","target":["https:\/\/www.ull.es\/portal\/puertas-abiertas\/facultad-de-economia-empresa-y-turismo\/"]}]},{"@type":"BreadcrumbList","@id":"https:\/\/www.ull.es\/portal\/puertas-abiertas\/facultad-de-economia-empresa-y-turismo\/#breadcrumb","itemListElement":[{"@type":"ListItem","position":1,"name":"Portada","item":"https:\/\/www.ull.es\/portal\/puertas-abiertas\/"},{"@type":"ListItem","position":2,"name":"Facultad de Econom\u00eda, Empresa y Turismo"}]},{"@type":"WebSite","@id":"https:\/\/www.ull.es\/portal\/puertas-abiertas\/#website","url":"https:\/\/www.ull.es\/portal\/puertas-abiertas\/","name":"Puertas Abiertas","description":"","potentialAction":[{"@type":"SearchAction","target":{"@type":"EntryPoint","urlTemplate":"https:\/\/www.ull.es\/portal\/puertas-abiertas\/?s={search_term_string}"},"query-input":"required name=search_term_string"}],"inLanguage":"es"}]}},"_links":{"self":[{"href":"https:\/\/www.ull.es\/portal\/puertas-abiertas\/wp-json\/wp\/v2\/pages\/540"}],"collection":[{"href":"https:\/\/www.ull.es\/portal\/puertas-abiertas\/wp-json\/wp\/v2\/pages"}],"about":[{"href":"https:\/\/www.ull.es\/portal\/puertas-abiertas\/wp-json\/wp\/v2\/types\/page"}],"author":[{"embeddable":true,"href":"https:\/\/www.ull.es\/portal\/puertas-abiertas\/wp-json\/wp\/v2\/users\/93"}],"replies":[{"embeddable":true,"href":"https:\/\/www.ull.es\/portal\/puertas-abiertas\/wp-json\/wp\/v2\/comments?post=540"}],"version-history":[{"count":154,"href":"https:\/\/www.ull.es\/portal\/puertas-abiertas\/wp-json\/wp\/v2\/pages\/540\/revisions"}],"predecessor-version":[{"id":3500,"href":"https:\/\/www.ull.es\/portal\/puertas-abiertas\/wp-json\/wp\/v2\/pages\/540\/revisions\/3500"}],"wp:attachment":[{"href":"https:\/\/www.ull.es\/portal\/puertas-abiertas\/wp-json\/wp\/v2\/media?parent=540"}],"curies":[{"name":"wp","href":"https:\/\/api.w.org\/{rel}","templated":true}]}}