{"id":115,"date":"2019-06-04T12:56:20","date_gmt":"2019-06-04T10:56:20","guid":{"rendered":"https:\/\/www.ull.es\/portal\/responsabilidad-social\/?page_id=115"},"modified":"2019-06-05T10:53:29","modified_gmt":"2019-06-05T08:53:29","slug":"internacional","status":"publish","type":"page","link":"https:\/\/www.ull.es\/portal\/responsabilidad-social\/internacional\/","title":{"rendered":"Internacional"},"content":{"rendered":"<p>[vc_row full_width=\u00bbstretch_row\u00bb css=\u00bb.vc_custom_1559645761866{background-image: url(https:\/\/www.ull.es\/portal\/responsabilidad-social\/wp-content\/uploads\/sites\/31\/2019\/06\/rs6.jpg?id=116) !important;background-position: center !important;background-repeat: no-repeat !important;background-size: cover !important;}\u00bb][vc_column][vc_empty_space][vc_empty_space][vc_custom_heading text=\u00bbInternacional\u00bb font_container=\u00bbtag:h1|font_size:3em|text_align:left|color:%23000000&#8243; use_theme_fonts=\u00bbyes\u00bb][vc_empty_space][vc_empty_space][\/vc_column][\/vc_row][vc_row equal_height=\u00bbyes\u00bb][vc_column width=\u00bb1\/2&#8243;][vc_column_text]<span style=\"font-weight: 400\">La Universidad de La Laguna est\u00e1 abierta al mundo y continuamente est\u00e1 ampliando su <\/span><a href=\"https:\/\/www.ull.es\/internacional\/material-promocional\" target=\"_blank\" rel=\"noopener\"><span style=\"font-weight: 400\">proyecci\u00f3n internacional<\/span><\/a><span style=\"font-weight: 400\">. Esta misi\u00f3n es competencia del <\/span><a href=\"https:\/\/www.ull.es\/internacional\/\" target=\"_blank\" rel=\"noopener\"><span style=\"font-weight: 400\">Vicerrectorado de Internacionalizaci\u00f3n<\/span><\/a><span style=\"font-weight: 400\">.<\/span><\/p>\n<p><span style=\"font-weight: 400\">En la actualidad la ULL posee colaboraciones en casi todos los continentes, mediante la firma de <\/span><a href=\"https:\/\/www.ull.es\/internacional\/convenios\/\" target=\"_blank\" rel=\"noopener\"><span style=\"font-weight: 400\">convenios de movilidad<\/span><\/a><span style=\"font-weight: 400\">, investigaci\u00f3n o <\/span><a href=\"https:\/\/www.ull.es\/internacional\/programas-de-cooperacion\" target=\"_blank\" rel=\"noopener\"><span style=\"font-weight: 400\">cooperaci\u00f3n<\/span><\/a><span style=\"font-weight: 400\"> con otras instituciones acad\u00e9micas y de investigaci\u00f3n. Dichos acuerdos facilitan el intercambio de alumnado y personal docente, cient\u00edfico y administrativo, adem\u00e1s de la cooperaci\u00f3n cient\u00edfica y tecnol\u00f3gica.<\/span><\/p>\n<p><span style=\"font-weight: 400\">Al principio de cada semestre se ofrece una <\/span><a href=\"https:\/\/www.ull.es\/internacional\/welcome-day\/\" target=\"_blank\" rel=\"noopener\"><span style=\"font-weight: 400\">jornada de bienvenida<\/span><\/a><span style=\"font-weight: 400\"> para todo el alumnado Erasmus y tambi\u00e9n contempla un <\/span><a href=\"https:\/\/www.ull.es\/portal\/convocatorias\/convocatoria\/resolucion-de-27-de-diciembre-de-2018-por-la-que-se-efectua-convocatoria-de-19-plazas-para-estudiantes-de-segundo-y-tercer-ano-de-programas-de-doctorado-de-la-ull-que-deseen-participar-dentro-del-ma\/\" target=\"_blank\" rel=\"noopener\"><span style=\"font-weight: 400\">programa un proyecci\u00f3n internacional para \u00a0sus doctorandos<\/span><\/a><span style=\"font-weight: 400\">.<\/span>[\/vc_column_text][\/vc_column][vc_column width=\u00bb1\/2&#8243;][vc_single_image image=\u00bb117&#8243; img_size=\u00bbfull\u00bb alignment=\u00bbcenter\u00bb css_animation=\u00bbbounceInDown\u00bb][\/vc_column][\/vc_row]<\/p>\n","protected":false},"excerpt":{"rendered":"<p>[vc_row full_width=\u00bbstretch_row\u00bb css=\u00bb.vc_custom_1559645761866{background-image: url(https:\/\/www.ull.es\/portal\/responsabilidad-social\/wp-content\/uploads\/sites\/31\/2019\/06\/rs6.jpg?id=116) !important;background-position: center !important;background-repeat: no-repeat !important;background-size: cover !important;}\u00bb][vc_column][vc_empty_space][vc_empty_space][vc_custom_heading text=\u00bbInternacional\u00bb font_container=\u00bbtag:h1|font_size:3em|text_align:left|color:%23000000&#8243; use_theme_fonts=\u00bbyes\u00bb][vc_empty_space][vc_empty_space][\/vc_column][\/vc_row][vc_row equal_height=\u00bbyes\u00bb][vc_column width=\u00bb1\/2&#8243;][vc_column_text]La Universidad de La Laguna est\u00e1 abierta al mundo y continuamente est\u00e1 ampliando su proyecci\u00f3n internacional. Esta misi\u00f3n es competencia del Vicerrectorado de Internacionalizaci\u00f3n. En la actualidad la ULL posee colaboraciones en casi todos los continentes, mediante la firma de&#8230;<\/p>\n","protected":false},"author":41,"featured_media":0,"parent":0,"menu_order":0,"comment_status":"closed","ping_status":"closed","template":"templates\/template-no-title.php","meta":{"inline_featured_image":false,"footnotes":""},"acf":[],"yoast_head":"<!-- This site is optimized with the Yoast SEO plugin v21.3 - https:\/\/yoast.com\/wordpress\/plugins\/seo\/ -->\n<title>Internacional - Responsabilidad Social<\/title>\n<meta name=\"robots\" content=\"index, follow, max-snippet:-1, max-image-preview:large, max-video-preview:-1\" \/>\n<link rel=\"canonical\" href=\"https:\/\/www.ull.es\/portal\/responsabilidad-social\/internacional\/\" \/>\n<meta property=\"og:locale\" content=\"es_ES\" \/>\n<meta property=\"og:type\" content=\"article\" \/>\n<meta property=\"og:title\" content=\"Internacional - Responsabilidad Social\" \/>\n<meta property=\"og:description\" content=\"[vc_row full_width=\u00bbstretch_row\u00bb css=\u00bb.vc_custom_1559645761866{background-image: url(https:\/\/www.ull.es\/portal\/responsabilidad-social\/wp-content\/uploads\/sites\/31\/2019\/06\/rs6.jpg?id=116) !important;background-position: center !important;background-repeat: no-repeat !important;background-size: cover !important;}\u00bb][vc_column][vc_empty_space][vc_empty_space][vc_custom_heading text=\u00bbInternacional\u00bb font_container=\u00bbtag:h1|font_size:3em|text_align:left|color:%23000000&#8243; use_theme_fonts=\u00bbyes\u00bb][vc_empty_space][vc_empty_space][\/vc_column][\/vc_row][vc_row equal_height=\u00bbyes\u00bb][vc_column width=\u00bb1\/2&#8243;][vc_column_text]La Universidad de La Laguna est\u00e1 abierta al mundo y continuamente est\u00e1 ampliando su proyecci\u00f3n internacional. Esta misi\u00f3n es competencia del Vicerrectorado de Internacionalizaci\u00f3n. En la actualidad la ULL posee colaboraciones en casi todos los continentes, mediante la firma de...\" \/>\n<meta property=\"og:url\" content=\"https:\/\/www.ull.es\/portal\/responsabilidad-social\/internacional\/\" \/>\n<meta property=\"og:site_name\" content=\"Responsabilidad Social\" \/>\n<meta property=\"article:modified_time\" content=\"2019-06-05T08:53:29+00:00\" \/>\n<meta name=\"twitter:card\" content=\"summary_large_image\" \/>\n<meta name=\"twitter:label1\" content=\"Tiempo de lectura\" \/>\n\t<meta name=\"twitter:data1\" content=\"1 minuto\" \/>\n<script type=\"application\/ld+json\" class=\"yoast-schema-graph\">{\"@context\":\"https:\/\/schema.org\",\"@graph\":[{\"@type\":\"WebPage\",\"@id\":\"https:\/\/www.ull.es\/portal\/responsabilidad-social\/internacional\/\",\"url\":\"https:\/\/www.ull.es\/portal\/responsabilidad-social\/internacional\/\",\"name\":\"Internacional - Responsabilidad Social\",\"isPartOf\":{\"@id\":\"https:\/\/www.ull.es\/portal\/responsabilidad-social\/#website\"},\"datePublished\":\"2019-06-04T10:56:20+00:00\",\"dateModified\":\"2019-06-05T08:53:29+00:00\",\"breadcrumb\":{\"@id\":\"https:\/\/www.ull.es\/portal\/responsabilidad-social\/internacional\/#breadcrumb\"},\"inLanguage\":\"es\",\"potentialAction\":[{\"@type\":\"ReadAction\",\"target\":[\"https:\/\/www.ull.es\/portal\/responsabilidad-social\/internacional\/\"]}]},{\"@type\":\"BreadcrumbList\",\"@id\":\"https:\/\/www.ull.es\/portal\/responsabilidad-social\/internacional\/#breadcrumb\",\"itemListElement\":[{\"@type\":\"ListItem\",\"position\":1,\"name\":\"Portada\",\"item\":\"https:\/\/www.ull.es\/portal\/responsabilidad-social\/\"},{\"@type\":\"ListItem\",\"position\":2,\"name\":\"Internacional\"}]},{\"@type\":\"WebSite\",\"@id\":\"https:\/\/www.ull.es\/portal\/responsabilidad-social\/#website\",\"url\":\"https:\/\/www.ull.es\/portal\/responsabilidad-social\/\",\"name\":\"Responsabilidad Social\",\"description\":\"\",\"potentialAction\":[{\"@type\":\"SearchAction\",\"target\":{\"@type\":\"EntryPoint\",\"urlTemplate\":\"https:\/\/www.ull.es\/portal\/responsabilidad-social\/?s={search_term_string}\"},\"query-input\":\"required name=search_term_string\"}],\"inLanguage\":\"es\"}]}<\/script>\n<!-- \/ Yoast SEO plugin. -->","yoast_head_json":{"title":"Internacional - Responsabilidad Social","robots":{"index":"index","follow":"follow","max-snippet":"max-snippet:-1","max-image-preview":"max-image-preview:large","max-video-preview":"max-video-preview:-1"},"canonical":"https:\/\/www.ull.es\/portal\/responsabilidad-social\/internacional\/","og_locale":"es_ES","og_type":"article","og_title":"Internacional - Responsabilidad Social","og_description":"[vc_row full_width=\u00bbstretch_row\u00bb css=\u00bb.vc_custom_1559645761866{background-image: url(https:\/\/www.ull.es\/portal\/responsabilidad-social\/wp-content\/uploads\/sites\/31\/2019\/06\/rs6.jpg?id=116) !important;background-position: center !important;background-repeat: no-repeat !important;background-size: cover !important;}\u00bb][vc_column][vc_empty_space][vc_empty_space][vc_custom_heading text=\u00bbInternacional\u00bb font_container=\u00bbtag:h1|font_size:3em|text_align:left|color:%23000000&#8243; use_theme_fonts=\u00bbyes\u00bb][vc_empty_space][vc_empty_space][\/vc_column][\/vc_row][vc_row equal_height=\u00bbyes\u00bb][vc_column width=\u00bb1\/2&#8243;][vc_column_text]La Universidad de La Laguna est\u00e1 abierta al mundo y continuamente est\u00e1 ampliando su proyecci\u00f3n internacional. Esta misi\u00f3n es competencia del Vicerrectorado de Internacionalizaci\u00f3n. En la actualidad la ULL posee colaboraciones en casi todos los continentes, mediante la firma de...","og_url":"https:\/\/www.ull.es\/portal\/responsabilidad-social\/internacional\/","og_site_name":"Responsabilidad Social","article_modified_time":"2019-06-05T08:53:29+00:00","twitter_card":"summary_large_image","twitter_misc":{"Tiempo de lectura":"1 minuto"},"schema":{"@context":"https:\/\/schema.org","@graph":[{"@type":"WebPage","@id":"https:\/\/www.ull.es\/portal\/responsabilidad-social\/internacional\/","url":"https:\/\/www.ull.es\/portal\/responsabilidad-social\/internacional\/","name":"Internacional - Responsabilidad Social","isPartOf":{"@id":"https:\/\/www.ull.es\/portal\/responsabilidad-social\/#website"},"datePublished":"2019-06-04T10:56:20+00:00","dateModified":"2019-06-05T08:53:29+00:00","breadcrumb":{"@id":"https:\/\/www.ull.es\/portal\/responsabilidad-social\/internacional\/#breadcrumb"},"inLanguage":"es","potentialAction":[{"@type":"ReadAction","target":["https:\/\/www.ull.es\/portal\/responsabilidad-social\/internacional\/"]}]},{"@type":"BreadcrumbList","@id":"https:\/\/www.ull.es\/portal\/responsabilidad-social\/internacional\/#breadcrumb","itemListElement":[{"@type":"ListItem","position":1,"name":"Portada","item":"https:\/\/www.ull.es\/portal\/responsabilidad-social\/"},{"@type":"ListItem","position":2,"name":"Internacional"}]},{"@type":"WebSite","@id":"https:\/\/www.ull.es\/portal\/responsabilidad-social\/#website","url":"https:\/\/www.ull.es\/portal\/responsabilidad-social\/","name":"Responsabilidad Social","description":"","potentialAction":[{"@type":"SearchAction","target":{"@type":"EntryPoint","urlTemplate":"https:\/\/www.ull.es\/portal\/responsabilidad-social\/?s={search_term_string}"},"query-input":"required name=search_term_string"}],"inLanguage":"es"}]}},"_links":{"self":[{"href":"https:\/\/www.ull.es\/portal\/responsabilidad-social\/wp-json\/wp\/v2\/pages\/115"}],"collection":[{"href":"https:\/\/www.ull.es\/portal\/responsabilidad-social\/wp-json\/wp\/v2\/pages"}],"about":[{"href":"https:\/\/www.ull.es\/portal\/responsabilidad-social\/wp-json\/wp\/v2\/types\/page"}],"author":[{"embeddable":true,"href":"https:\/\/www.ull.es\/portal\/responsabilidad-social\/wp-json\/wp\/v2\/users\/41"}],"replies":[{"embeddable":true,"href":"https:\/\/www.ull.es\/portal\/responsabilidad-social\/wp-json\/wp\/v2\/comments?post=115"}],"version-history":[{"count":3,"href":"https:\/\/www.ull.es\/portal\/responsabilidad-social\/wp-json\/wp\/v2\/pages\/115\/revisions"}],"predecessor-version":[{"id":185,"href":"https:\/\/www.ull.es\/portal\/responsabilidad-social\/wp-json\/wp\/v2\/pages\/115\/revisions\/185"}],"wp:attachment":[{"href":"https:\/\/www.ull.es\/portal\/responsabilidad-social\/wp-json\/wp\/v2\/media?parent=115"}],"curies":[{"name":"wp","href":"https:\/\/api.w.org\/{rel}","templated":true}]}}