{"id":121,"date":"2019-06-04T13:10:25","date_gmt":"2019-06-04T11:10:25","guid":{"rendered":"https:\/\/www.ull.es\/portal\/responsabilidad-social\/?page_id=121"},"modified":"2019-09-23T15:39:56","modified_gmt":"2019-09-23T13:39:56","slug":"sostenibilidad-ambiental","status":"publish","type":"page","link":"https:\/\/www.ull.es\/portal\/responsabilidad-social\/sostenibilidad-ambiental\/","title":{"rendered":"Sostenibilidad ambiental"},"content":{"rendered":"<p>[vc_row full_width=\u00bbstretch_row\u00bb css=\u00bb.vc_custom_1559646733813{background-image: url(https:\/\/www.ull.es\/portal\/responsabilidad-social\/wp-content\/uploads\/sites\/31\/2019\/06\/rs9.jpg?id=126) !important;background-position: center !important;background-repeat: no-repeat !important;background-size: cover !important;}\u00bb][vc_column][vc_empty_space][vc_empty_space][vc_custom_heading text=\u00bbSostenibilidad ambiental\u00bb font_container=\u00bbtag:h1|font_size:3em|text_align:left|color:%23000000&#8243; use_theme_fonts=\u00bbyes\u00bb][vc_empty_space][vc_empty_space][\/vc_column][\/vc_row][vc_row equal_height=\u00bbyes\u00bb][vc_column width=\u00bb1\/2&#8243;][vc_column_text]<span style=\"font-weight: 400;\">La Universidad de La Laguna es una instituci\u00f3n consciente del marco social, econ\u00f3mico y medioambiental en el que se encuentra, y trabaja firmemente para enfrentar los retos relacionados con la sostenibilidad a los que se enfrenta la sociedad canaria y espa\u00f1ola actual. <\/span><\/p>\n<p><span style=\"font-weight: 400;\">En este contexto, se desarrolla un diagn\u00f3stico inicial en 2017 y se establecen una serie de objetivos para impulsar la sostenibilidad entre toda la comunidad universitaria, en las \u00e1reas de la organizaci\u00f3n, de la docencia, la investigaci\u00f3n y la gesti\u00f3n ambiental.<\/span><\/p>\n<p><span style=\"font-weight: 400;\">La ULL forma parte de la <\/span><a href=\"https:\/\/www.ull.es\/portal\/noticias\/2019\/la-universidad-de-la-laguna-se-adhiere-a-la-red-de-soluciones-para-un-desarrollo-sostenible\/\" target=\"_blank\" rel=\"noopener\"><span style=\"font-weight: 400;\">Red de Soluciones para Desarrollo Sostenible (REDS)<\/span><\/a><span style=\"font-weight: 400;\"> y participa activamente en varios de los grupos de trabajo de <\/span><a href=\"http:\/\/www.crue.org\/SitePages\/Crue-Sostenibilidad.aspx\" target=\"_blank\" rel=\"noopener\"><span style=\"font-weight: 400;\">CRUE-Sostenibilidad<\/span><\/a><span style=\"font-weight: 400;\">. Para conocer la actuaciones en materia de sostenibilidad ambiental, as\u00ed como las pr\u00f3ximas actividades previstas, indicadores de consumo de energ\u00eda, agua, tratamientos de residuos, etc. \u00a0puede visitarse la secci\u00f3n <\/span><a href=\"https:\/\/www.ull.es\/portal\/campus-y-sostenibilidad\/\" target=\"_blank\" rel=\"noopener\"><span style=\"font-weight: 400;\">Campus y Sostenibilidad.<\/span><\/a><\/p>\n<p><span style=\"font-weight: 400;\">La Universidad de La Laguna tambi\u00e9n cuenta con un <\/span><a href=\"https:\/\/www.ull.es\/servicios\/servicio-medio-ambiente\/\" target=\"_blank\" rel=\"noopener\"><span style=\"font-weight: 400;\">Servicio de Medio Ambiente (SEMALL)<\/span><\/a><span style=\"font-weight: 400;\">, un laboratorio de an\u00e1lisis fundamentado en la labor de comprobaci\u00f3n, seguimiento, vigilancia e inspecci\u00f3n de la contaminaci\u00f3n de origen urbano e industrial.<\/span>[\/vc_column_text][\/vc_column][vc_column width=\u00bb1\/2&#8243;][vc_single_image image=\u00bb123&#8243; img_size=\u00bbfull\u00bb alignment=\u00bbcenter\u00bb css_animation=\u00bbbounceInDown\u00bb][\/vc_column][\/vc_row]<\/p>\n","protected":false},"excerpt":{"rendered":"<p>[vc_row full_width=\u00bbstretch_row\u00bb css=\u00bb.vc_custom_1559646733813{background-image: url(https:\/\/www.ull.es\/portal\/responsabilidad-social\/wp-content\/uploads\/sites\/31\/2019\/06\/rs9.jpg?id=126) !important;background-position: center !important;background-repeat: no-repeat !important;background-size: cover !important;}\u00bb][vc_column][vc_empty_space][vc_empty_space][vc_custom_heading text=\u00bbSostenibilidad ambiental\u00bb font_container=\u00bbtag:h1|font_size:3em|text_align:left|color:%23000000&#8243; use_theme_fonts=\u00bbyes\u00bb][vc_empty_space][vc_empty_space][\/vc_column][\/vc_row][vc_row equal_height=\u00bbyes\u00bb][vc_column width=\u00bb1\/2&#8243;][vc_column_text]La Universidad de La Laguna es una instituci\u00f3n consciente del marco social, econ\u00f3mico y medioambiental en el que se encuentra, y trabaja firmemente para enfrentar los retos relacionados con la sostenibilidad a los que se enfrenta la sociedad canaria&#8230;<\/p>\n","protected":false},"author":41,"featured_media":0,"parent":0,"menu_order":0,"comment_status":"closed","ping_status":"closed","template":"templates\/template-no-title.php","meta":{"inline_featured_image":false,"footnotes":""},"acf":[],"yoast_head":"<!-- This site is optimized with the Yoast SEO plugin v21.3 - https:\/\/yoast.com\/wordpress\/plugins\/seo\/ -->\n<title>Sostenibilidad ambiental - Responsabilidad Social<\/title>\n<meta name=\"robots\" content=\"index, follow, max-snippet:-1, max-image-preview:large, max-video-preview:-1\" \/>\n<link rel=\"canonical\" href=\"https:\/\/www.ull.es\/portal\/responsabilidad-social\/sostenibilidad-ambiental\/\" \/>\n<meta property=\"og:locale\" content=\"es_ES\" \/>\n<meta property=\"og:type\" content=\"article\" \/>\n<meta property=\"og:title\" content=\"Sostenibilidad ambiental - Responsabilidad Social\" \/>\n<meta property=\"og:description\" content=\"[vc_row full_width=\u00bbstretch_row\u00bb css=\u00bb.vc_custom_1559646733813{background-image: url(https:\/\/www.ull.es\/portal\/responsabilidad-social\/wp-content\/uploads\/sites\/31\/2019\/06\/rs9.jpg?id=126) !important;background-position: center !important;background-repeat: no-repeat !important;background-size: cover !important;}\u00bb][vc_column][vc_empty_space][vc_empty_space][vc_custom_heading text=\u00bbSostenibilidad ambiental\u00bb font_container=\u00bbtag:h1|font_size:3em|text_align:left|color:%23000000&#8243; use_theme_fonts=\u00bbyes\u00bb][vc_empty_space][vc_empty_space][\/vc_column][\/vc_row][vc_row equal_height=\u00bbyes\u00bb][vc_column width=\u00bb1\/2&#8243;][vc_column_text]La Universidad de La Laguna es una instituci\u00f3n consciente del marco social, econ\u00f3mico y medioambiental en el que se encuentra, y trabaja firmemente para enfrentar los retos relacionados con la sostenibilidad a los que se enfrenta la sociedad canaria...\" \/>\n<meta property=\"og:url\" content=\"https:\/\/www.ull.es\/portal\/responsabilidad-social\/sostenibilidad-ambiental\/\" \/>\n<meta property=\"og:site_name\" content=\"Responsabilidad Social\" \/>\n<meta property=\"article:modified_time\" content=\"2019-09-23T13:39:56+00:00\" \/>\n<meta name=\"twitter:card\" content=\"summary_large_image\" \/>\n<meta name=\"twitter:label1\" content=\"Tiempo de lectura\" \/>\n\t<meta name=\"twitter:data1\" content=\"1 minuto\" \/>\n<script type=\"application\/ld+json\" class=\"yoast-schema-graph\">{\"@context\":\"https:\/\/schema.org\",\"@graph\":[{\"@type\":\"WebPage\",\"@id\":\"https:\/\/www.ull.es\/portal\/responsabilidad-social\/sostenibilidad-ambiental\/\",\"url\":\"https:\/\/www.ull.es\/portal\/responsabilidad-social\/sostenibilidad-ambiental\/\",\"name\":\"Sostenibilidad ambiental - Responsabilidad Social\",\"isPartOf\":{\"@id\":\"https:\/\/www.ull.es\/portal\/responsabilidad-social\/#website\"},\"datePublished\":\"2019-06-04T11:10:25+00:00\",\"dateModified\":\"2019-09-23T13:39:56+00:00\",\"breadcrumb\":{\"@id\":\"https:\/\/www.ull.es\/portal\/responsabilidad-social\/sostenibilidad-ambiental\/#breadcrumb\"},\"inLanguage\":\"es\",\"potentialAction\":[{\"@type\":\"ReadAction\",\"target\":[\"https:\/\/www.ull.es\/portal\/responsabilidad-social\/sostenibilidad-ambiental\/\"]}]},{\"@type\":\"BreadcrumbList\",\"@id\":\"https:\/\/www.ull.es\/portal\/responsabilidad-social\/sostenibilidad-ambiental\/#breadcrumb\",\"itemListElement\":[{\"@type\":\"ListItem\",\"position\":1,\"name\":\"Portada\",\"item\":\"https:\/\/www.ull.es\/portal\/responsabilidad-social\/\"},{\"@type\":\"ListItem\",\"position\":2,\"name\":\"Sostenibilidad ambiental\"}]},{\"@type\":\"WebSite\",\"@id\":\"https:\/\/www.ull.es\/portal\/responsabilidad-social\/#website\",\"url\":\"https:\/\/www.ull.es\/portal\/responsabilidad-social\/\",\"name\":\"Responsabilidad Social\",\"description\":\"\",\"potentialAction\":[{\"@type\":\"SearchAction\",\"target\":{\"@type\":\"EntryPoint\",\"urlTemplate\":\"https:\/\/www.ull.es\/portal\/responsabilidad-social\/?s={search_term_string}\"},\"query-input\":\"required name=search_term_string\"}],\"inLanguage\":\"es\"}]}<\/script>\n<!-- \/ Yoast SEO plugin. -->","yoast_head_json":{"title":"Sostenibilidad ambiental - Responsabilidad Social","robots":{"index":"index","follow":"follow","max-snippet":"max-snippet:-1","max-image-preview":"max-image-preview:large","max-video-preview":"max-video-preview:-1"},"canonical":"https:\/\/www.ull.es\/portal\/responsabilidad-social\/sostenibilidad-ambiental\/","og_locale":"es_ES","og_type":"article","og_title":"Sostenibilidad ambiental - Responsabilidad Social","og_description":"[vc_row full_width=\u00bbstretch_row\u00bb css=\u00bb.vc_custom_1559646733813{background-image: url(https:\/\/www.ull.es\/portal\/responsabilidad-social\/wp-content\/uploads\/sites\/31\/2019\/06\/rs9.jpg?id=126) !important;background-position: center !important;background-repeat: no-repeat !important;background-size: cover !important;}\u00bb][vc_column][vc_empty_space][vc_empty_space][vc_custom_heading text=\u00bbSostenibilidad ambiental\u00bb font_container=\u00bbtag:h1|font_size:3em|text_align:left|color:%23000000&#8243; use_theme_fonts=\u00bbyes\u00bb][vc_empty_space][vc_empty_space][\/vc_column][\/vc_row][vc_row equal_height=\u00bbyes\u00bb][vc_column width=\u00bb1\/2&#8243;][vc_column_text]La Universidad de La Laguna es una instituci\u00f3n consciente del marco social, econ\u00f3mico y medioambiental en el que se encuentra, y trabaja firmemente para enfrentar los retos relacionados con la sostenibilidad a los que se enfrenta la sociedad canaria...","og_url":"https:\/\/www.ull.es\/portal\/responsabilidad-social\/sostenibilidad-ambiental\/","og_site_name":"Responsabilidad Social","article_modified_time":"2019-09-23T13:39:56+00:00","twitter_card":"summary_large_image","twitter_misc":{"Tiempo de lectura":"1 minuto"},"schema":{"@context":"https:\/\/schema.org","@graph":[{"@type":"WebPage","@id":"https:\/\/www.ull.es\/portal\/responsabilidad-social\/sostenibilidad-ambiental\/","url":"https:\/\/www.ull.es\/portal\/responsabilidad-social\/sostenibilidad-ambiental\/","name":"Sostenibilidad ambiental - Responsabilidad Social","isPartOf":{"@id":"https:\/\/www.ull.es\/portal\/responsabilidad-social\/#website"},"datePublished":"2019-06-04T11:10:25+00:00","dateModified":"2019-09-23T13:39:56+00:00","breadcrumb":{"@id":"https:\/\/www.ull.es\/portal\/responsabilidad-social\/sostenibilidad-ambiental\/#breadcrumb"},"inLanguage":"es","potentialAction":[{"@type":"ReadAction","target":["https:\/\/www.ull.es\/portal\/responsabilidad-social\/sostenibilidad-ambiental\/"]}]},{"@type":"BreadcrumbList","@id":"https:\/\/www.ull.es\/portal\/responsabilidad-social\/sostenibilidad-ambiental\/#breadcrumb","itemListElement":[{"@type":"ListItem","position":1,"name":"Portada","item":"https:\/\/www.ull.es\/portal\/responsabilidad-social\/"},{"@type":"ListItem","position":2,"name":"Sostenibilidad ambiental"}]},{"@type":"WebSite","@id":"https:\/\/www.ull.es\/portal\/responsabilidad-social\/#website","url":"https:\/\/www.ull.es\/portal\/responsabilidad-social\/","name":"Responsabilidad Social","description":"","potentialAction":[{"@type":"SearchAction","target":{"@type":"EntryPoint","urlTemplate":"https:\/\/www.ull.es\/portal\/responsabilidad-social\/?s={search_term_string}"},"query-input":"required name=search_term_string"}],"inLanguage":"es"}]}},"_links":{"self":[{"href":"https:\/\/www.ull.es\/portal\/responsabilidad-social\/wp-json\/wp\/v2\/pages\/121"}],"collection":[{"href":"https:\/\/www.ull.es\/portal\/responsabilidad-social\/wp-json\/wp\/v2\/pages"}],"about":[{"href":"https:\/\/www.ull.es\/portal\/responsabilidad-social\/wp-json\/wp\/v2\/types\/page"}],"author":[{"embeddable":true,"href":"https:\/\/www.ull.es\/portal\/responsabilidad-social\/wp-json\/wp\/v2\/users\/41"}],"replies":[{"embeddable":true,"href":"https:\/\/www.ull.es\/portal\/responsabilidad-social\/wp-json\/wp\/v2\/comments?post=121"}],"version-history":[{"count":5,"href":"https:\/\/www.ull.es\/portal\/responsabilidad-social\/wp-json\/wp\/v2\/pages\/121\/revisions"}],"predecessor-version":[{"id":211,"href":"https:\/\/www.ull.es\/portal\/responsabilidad-social\/wp-json\/wp\/v2\/pages\/121\/revisions\/211"}],"wp:attachment":[{"href":"https:\/\/www.ull.es\/portal\/responsabilidad-social\/wp-json\/wp\/v2\/media?parent=121"}],"curies":[{"name":"wp","href":"https:\/\/api.w.org\/{rel}","templated":true}]}}