{"id":128,"date":"2019-06-04T13:25:28","date_gmt":"2019-06-04T11:25:28","guid":{"rendered":"https:\/\/www.ull.es\/portal\/responsabilidad-social\/?page_id=128"},"modified":"2019-09-30T14:03:14","modified_gmt":"2019-09-30T12:03:14","slug":"accion-social","status":"publish","type":"page","link":"https:\/\/www.ull.es\/portal\/responsabilidad-social\/accion-social\/","title":{"rendered":"Acci\u00f3n social"},"content":{"rendered":"<p>[vc_row full_width=\u00bbstretch_row\u00bb css=\u00bb.vc_custom_1559647523664{background-image: url(https:\/\/www.ull.es\/portal\/responsabilidad-social\/wp-content\/uploads\/sites\/31\/2019\/06\/accion-social.jpg?id=130) !important;background-position: center !important;background-repeat: no-repeat !important;background-size: cover !important;}\u00bb][vc_column][vc_empty_space][vc_empty_space][vc_custom_heading text=\u00bbAcci\u00f3n social\u00bb font_container=\u00bbtag:h1|font_size:3em|text_align:left|color:%23ffffff\u00bb use_theme_fonts=\u00bbyes\u00bb][vc_empty_space][vc_empty_space][\/vc_column][\/vc_row][vc_row equal_height=\u00bbyes\u00bb][vc_column width=\u00bb1\/2&#8243;][vc_column_text]<span style=\"font-weight: 400;\">La Universidad de La Laguna ofrece una serie de <\/span><a href=\"https:\/\/www.ull.es\/portal\/convocatorias\/categorias\/asistenciales\/\" target=\"_blank\" rel=\"noopener\"><span style=\"font-weight: 400;\">ayudas asistenciales <\/span><\/a><span style=\"font-weight: 400;\">con las que se pretende mejorar las condiciones de vida de los estudiantes y del personal, ya sea facilit\u00e1ndoles determinados servicios o apoyando econ\u00f3micamente algunas de sus iniciativas.<\/span><\/p>\n<p><span style=\"font-weight: 400;\">Tambi\u00e9n cuenta con un<\/span><a href=\"https:\/\/www.ull.es\/admision-becas\/paed\/\" target=\"_blank\" rel=\"noopener\"><span style=\"font-weight: 400;\"> Programa de Atenci\u00f3n a Estudiantes con Necesidades Espec\u00edficas de Apoyo Educativo <\/span><\/a><span style=\"font-weight: 400;\">(PAED) a trav\u00e9s del cual se trata de analizar y dar respuesta a las demandas del alumnado con discapacidad (visual, auditiva, f\u00edsica y ps\u00edquica) y\/o necesidades espec\u00edficas de apoyo educativo (NEAE). \u00a0<\/span><\/p>\n<p><span style=\"font-weight: 400;\">Su <\/span><a href=\"https:\/\/www.ull.es\/servicios\/alojamiento\/\" target=\"_blank\" rel=\"noopener\"><span style=\"font-weight: 400;\">Servicio de Alojamiento<\/span><\/a><span style=\"font-weight: 400;\"> trata de proporcionar un alojamiento digno que facilite el acceso y la continuaci\u00f3n de sus estudios en la Universidad al alumnado con mayores dificultades econ\u00f3micas y asume como fin estrat\u00e9gico la cohesi\u00f3n social, territorial y cultural, reserv\u00e1ndose un cupo del 2% de las plazas de alojamiento para aquellos solicitantes que se encuentren \u00a0en una situaci\u00f3n de grave desamparo econ\u00f3mico.<\/span><\/p>\n<p><span style=\"font-weight: 400;\">El <\/span><a href=\"https:\/\/www.ull.es\/servicios\/servicio-de-informacion-y-orientacion-sio\/\" target=\"_blank\" rel=\"noopener\"><span style=\"font-weight: 400;\">Servicio de Informaci\u00f3n y Orientaci\u00f3n (SIO)<\/span><\/a><span style=\"font-weight: 400;\"> informa, asesora y orienta a los futuros estudiantes y a la comunidad universitaria en general. La Universidad de La Laguna cuenta adem\u00e1s con una <\/span><a href=\"https:\/\/www.ull.es\/servicios\/unidad-de-mediacion-y-asesoramiento-de-conflictos-unimac\/\" target=\"_blank\" rel=\"noopener\"><span style=\"font-weight: 400;\">Unidad de Mediaci\u00f3n y Asesoramiento de Conflictos<\/span><\/a><span style=\"font-weight: 400;\"> que trata asistir y ayudar para la resoluci\u00f3n cooperativa de los conflictos en cualquier \u00e1mbito de la actividad universitaria mediante el di\u00e1logo, la mediaci\u00f3n y el asesoramiento. <\/span><\/p>\n<p><span style=\"font-weight: 400;\">La proyecci\u00f3n social de la Universidad de La Laguna tambi\u00e9n se canaliza activamente a trav\u00e9s de su <\/span><a href=\"https:\/\/www.ull.es\/servicios\/deportes\/\" target=\"_blank\" rel=\"noopener\"><span style=\"font-weight: 400;\">Servicio de Deportes<\/span><\/a><span style=\"font-weight: 400;\"> y de su <\/span><a href=\"https:\/\/www.ull.es\/servicios\/biblioteca\/\" target=\"_blank\" rel=\"noopener\"><span style=\"font-weight: 400;\">Servicio de Biblioteca<\/span><\/a><span style=\"font-weight: 400;\">, que incluyen el compromiso social en tanto en el dise\u00f1o de su programaci\u00f3n como en los requisitos para disfrutar de las actividades que organizan. Se cuenta adem\u00e1s con un programa de promoci\u00f3n del voluntariado en entidades sociales y otras acciones solidarias denominado ULL Solidaria. <\/span><\/p>\n<p><span style=\"font-weight: 400;\">En el \u00e1mbito formativo, la Universidad de La Laguna ofrece m\u00faltiples <\/span><a href=\"https:\/\/miriadax.net\/web\/universidad-de-la-laguna\" target=\"_blank\" rel=\"noopener\"><span style=\"font-weight: 400;\">Cursos MOOC<\/span><\/a><span style=\"font-weight: 400;\"> y un <\/span><a href=\"https:\/\/riull.ull.es\/xmlui\/handle\/915\/800\" target=\"_blank\" rel=\"noopener\"><span style=\"font-weight: 400;\">repositorio de materiales acad\u00e9micos <\/span><\/a><span style=\"font-weight: 400;\">de libre acceso. \u00a0Asimismo oferta un programa de <\/span><a href=\"https:\/\/www.ull.es\/portal\/universidaddemayores\/\" target=\"_blank\" rel=\"noopener\"><span style=\"font-weight: 400;\">Estudios Universitarios para Personas Adultas y Mayores<\/span><\/a><span style=\"font-weight: 400;\">, como oferta formativa para personas a partir de los 45 a\u00f1os.<\/span>[\/vc_column_text][\/vc_column][vc_column width=\u00bb1\/2&#8243;][vc_single_image image=\u00bb129&#8243; img_size=\u00bbfull\u00bb alignment=\u00bbcenter\u00bb css_animation=\u00bbbounceInDown\u00bb][\/vc_column][\/vc_row]<\/p>\n","protected":false},"excerpt":{"rendered":"<p>[vc_row full_width=\u00bbstretch_row\u00bb css=\u00bb.vc_custom_1559647523664{background-image: url(https:\/\/www.ull.es\/portal\/responsabilidad-social\/wp-content\/uploads\/sites\/31\/2019\/06\/accion-social.jpg?id=130) !important;background-position: center !important;background-repeat: no-repeat !important;background-size: cover !important;}\u00bb][vc_column][vc_empty_space][vc_empty_space][vc_custom_heading text=\u00bbAcci\u00f3n social\u00bb font_container=\u00bbtag:h1|font_size:3em|text_align:left|color:%23ffffff\u00bb use_theme_fonts=\u00bbyes\u00bb][vc_empty_space][vc_empty_space][\/vc_column][\/vc_row][vc_row equal_height=\u00bbyes\u00bb][vc_column width=\u00bb1\/2&#8243;][vc_column_text]La Universidad de La Laguna ofrece una serie de ayudas asistenciales con las que se pretende mejorar las condiciones de vida de los estudiantes y del personal, ya sea facilit\u00e1ndoles determinados servicios o apoyando econ\u00f3micamente algunas de sus iniciativas&#8230;.<\/p>\n","protected":false},"author":41,"featured_media":0,"parent":0,"menu_order":0,"comment_status":"closed","ping_status":"closed","template":"templates\/template-no-title.php","meta":{"inline_featured_image":false,"footnotes":""},"acf":[],"yoast_head":"<!-- This site is optimized with the Yoast SEO plugin v21.3 - https:\/\/yoast.com\/wordpress\/plugins\/seo\/ -->\n<title>Acci\u00f3n social - Responsabilidad Social<\/title>\n<meta name=\"robots\" content=\"index, follow, max-snippet:-1, max-image-preview:large, max-video-preview:-1\" \/>\n<link rel=\"canonical\" href=\"https:\/\/www.ull.es\/portal\/responsabilidad-social\/accion-social\/\" \/>\n<meta property=\"og:locale\" content=\"es_ES\" \/>\n<meta property=\"og:type\" content=\"article\" \/>\n<meta property=\"og:title\" content=\"Acci\u00f3n social - Responsabilidad Social\" \/>\n<meta property=\"og:description\" content=\"[vc_row full_width=\u00bbstretch_row\u00bb css=\u00bb.vc_custom_1559647523664{background-image: url(https:\/\/www.ull.es\/portal\/responsabilidad-social\/wp-content\/uploads\/sites\/31\/2019\/06\/accion-social.jpg?id=130) !important;background-position: center !important;background-repeat: no-repeat !important;background-size: cover !important;}\u00bb][vc_column][vc_empty_space][vc_empty_space][vc_custom_heading text=\u00bbAcci\u00f3n social\u00bb font_container=\u00bbtag:h1|font_size:3em|text_align:left|color:%23ffffff\u00bb use_theme_fonts=\u00bbyes\u00bb][vc_empty_space][vc_empty_space][\/vc_column][\/vc_row][vc_row equal_height=\u00bbyes\u00bb][vc_column width=\u00bb1\/2&#8243;][vc_column_text]La Universidad de La Laguna ofrece una serie de ayudas asistenciales con las que se pretende mejorar las condiciones de vida de los estudiantes y del personal, ya sea facilit\u00e1ndoles determinados servicios o apoyando econ\u00f3micamente algunas de sus iniciativas....\" \/>\n<meta property=\"og:url\" content=\"https:\/\/www.ull.es\/portal\/responsabilidad-social\/accion-social\/\" \/>\n<meta property=\"og:site_name\" content=\"Responsabilidad Social\" \/>\n<meta property=\"article:modified_time\" content=\"2019-09-30T12:03:14+00:00\" \/>\n<meta name=\"twitter:card\" content=\"summary_large_image\" \/>\n<meta name=\"twitter:label1\" content=\"Tiempo de lectura\" \/>\n\t<meta name=\"twitter:data1\" content=\"2 minutos\" \/>\n<script type=\"application\/ld+json\" class=\"yoast-schema-graph\">{\"@context\":\"https:\/\/schema.org\",\"@graph\":[{\"@type\":\"WebPage\",\"@id\":\"https:\/\/www.ull.es\/portal\/responsabilidad-social\/accion-social\/\",\"url\":\"https:\/\/www.ull.es\/portal\/responsabilidad-social\/accion-social\/\",\"name\":\"Acci\u00f3n social - Responsabilidad Social\",\"isPartOf\":{\"@id\":\"https:\/\/www.ull.es\/portal\/responsabilidad-social\/#website\"},\"datePublished\":\"2019-06-04T11:25:28+00:00\",\"dateModified\":\"2019-09-30T12:03:14+00:00\",\"breadcrumb\":{\"@id\":\"https:\/\/www.ull.es\/portal\/responsabilidad-social\/accion-social\/#breadcrumb\"},\"inLanguage\":\"es\",\"potentialAction\":[{\"@type\":\"ReadAction\",\"target\":[\"https:\/\/www.ull.es\/portal\/responsabilidad-social\/accion-social\/\"]}]},{\"@type\":\"BreadcrumbList\",\"@id\":\"https:\/\/www.ull.es\/portal\/responsabilidad-social\/accion-social\/#breadcrumb\",\"itemListElement\":[{\"@type\":\"ListItem\",\"position\":1,\"name\":\"Portada\",\"item\":\"https:\/\/www.ull.es\/portal\/responsabilidad-social\/\"},{\"@type\":\"ListItem\",\"position\":2,\"name\":\"Acci\u00f3n social\"}]},{\"@type\":\"WebSite\",\"@id\":\"https:\/\/www.ull.es\/portal\/responsabilidad-social\/#website\",\"url\":\"https:\/\/www.ull.es\/portal\/responsabilidad-social\/\",\"name\":\"Responsabilidad Social\",\"description\":\"\",\"potentialAction\":[{\"@type\":\"SearchAction\",\"target\":{\"@type\":\"EntryPoint\",\"urlTemplate\":\"https:\/\/www.ull.es\/portal\/responsabilidad-social\/?s={search_term_string}\"},\"query-input\":\"required name=search_term_string\"}],\"inLanguage\":\"es\"}]}<\/script>\n<!-- \/ Yoast SEO plugin. -->","yoast_head_json":{"title":"Acci\u00f3n social - Responsabilidad Social","robots":{"index":"index","follow":"follow","max-snippet":"max-snippet:-1","max-image-preview":"max-image-preview:large","max-video-preview":"max-video-preview:-1"},"canonical":"https:\/\/www.ull.es\/portal\/responsabilidad-social\/accion-social\/","og_locale":"es_ES","og_type":"article","og_title":"Acci\u00f3n social - Responsabilidad Social","og_description":"[vc_row full_width=\u00bbstretch_row\u00bb css=\u00bb.vc_custom_1559647523664{background-image: url(https:\/\/www.ull.es\/portal\/responsabilidad-social\/wp-content\/uploads\/sites\/31\/2019\/06\/accion-social.jpg?id=130) !important;background-position: center !important;background-repeat: no-repeat !important;background-size: cover !important;}\u00bb][vc_column][vc_empty_space][vc_empty_space][vc_custom_heading text=\u00bbAcci\u00f3n social\u00bb font_container=\u00bbtag:h1|font_size:3em|text_align:left|color:%23ffffff\u00bb use_theme_fonts=\u00bbyes\u00bb][vc_empty_space][vc_empty_space][\/vc_column][\/vc_row][vc_row equal_height=\u00bbyes\u00bb][vc_column width=\u00bb1\/2&#8243;][vc_column_text]La Universidad de La Laguna ofrece una serie de ayudas asistenciales con las que se pretende mejorar las condiciones de vida de los estudiantes y del personal, ya sea facilit\u00e1ndoles determinados servicios o apoyando econ\u00f3micamente algunas de sus iniciativas....","og_url":"https:\/\/www.ull.es\/portal\/responsabilidad-social\/accion-social\/","og_site_name":"Responsabilidad Social","article_modified_time":"2019-09-30T12:03:14+00:00","twitter_card":"summary_large_image","twitter_misc":{"Tiempo de lectura":"2 minutos"},"schema":{"@context":"https:\/\/schema.org","@graph":[{"@type":"WebPage","@id":"https:\/\/www.ull.es\/portal\/responsabilidad-social\/accion-social\/","url":"https:\/\/www.ull.es\/portal\/responsabilidad-social\/accion-social\/","name":"Acci\u00f3n social - Responsabilidad Social","isPartOf":{"@id":"https:\/\/www.ull.es\/portal\/responsabilidad-social\/#website"},"datePublished":"2019-06-04T11:25:28+00:00","dateModified":"2019-09-30T12:03:14+00:00","breadcrumb":{"@id":"https:\/\/www.ull.es\/portal\/responsabilidad-social\/accion-social\/#breadcrumb"},"inLanguage":"es","potentialAction":[{"@type":"ReadAction","target":["https:\/\/www.ull.es\/portal\/responsabilidad-social\/accion-social\/"]}]},{"@type":"BreadcrumbList","@id":"https:\/\/www.ull.es\/portal\/responsabilidad-social\/accion-social\/#breadcrumb","itemListElement":[{"@type":"ListItem","position":1,"name":"Portada","item":"https:\/\/www.ull.es\/portal\/responsabilidad-social\/"},{"@type":"ListItem","position":2,"name":"Acci\u00f3n social"}]},{"@type":"WebSite","@id":"https:\/\/www.ull.es\/portal\/responsabilidad-social\/#website","url":"https:\/\/www.ull.es\/portal\/responsabilidad-social\/","name":"Responsabilidad Social","description":"","potentialAction":[{"@type":"SearchAction","target":{"@type":"EntryPoint","urlTemplate":"https:\/\/www.ull.es\/portal\/responsabilidad-social\/?s={search_term_string}"},"query-input":"required name=search_term_string"}],"inLanguage":"es"}]}},"_links":{"self":[{"href":"https:\/\/www.ull.es\/portal\/responsabilidad-social\/wp-json\/wp\/v2\/pages\/128"}],"collection":[{"href":"https:\/\/www.ull.es\/portal\/responsabilidad-social\/wp-json\/wp\/v2\/pages"}],"about":[{"href":"https:\/\/www.ull.es\/portal\/responsabilidad-social\/wp-json\/wp\/v2\/types\/page"}],"author":[{"embeddable":true,"href":"https:\/\/www.ull.es\/portal\/responsabilidad-social\/wp-json\/wp\/v2\/users\/41"}],"replies":[{"embeddable":true,"href":"https:\/\/www.ull.es\/portal\/responsabilidad-social\/wp-json\/wp\/v2\/comments?post=128"}],"version-history":[{"count":7,"href":"https:\/\/www.ull.es\/portal\/responsabilidad-social\/wp-json\/wp\/v2\/pages\/128\/revisions"}],"predecessor-version":[{"id":216,"href":"https:\/\/www.ull.es\/portal\/responsabilidad-social\/wp-json\/wp\/v2\/pages\/128\/revisions\/216"}],"wp:attachment":[{"href":"https:\/\/www.ull.es\/portal\/responsabilidad-social\/wp-json\/wp\/v2\/media?parent=128"}],"curies":[{"name":"wp","href":"https:\/\/api.w.org\/{rel}","templated":true}]}}