{"id":140,"date":"2019-06-04T13:51:18","date_gmt":"2019-06-04T11:51:18","guid":{"rendered":"https:\/\/www.ull.es\/portal\/responsabilidad-social\/?page_id=140"},"modified":"2019-06-05T10:56:13","modified_gmt":"2019-06-05T08:56:13","slug":"cooperacion-y-solidaridad","status":"publish","type":"page","link":"https:\/\/www.ull.es\/portal\/responsabilidad-social\/cooperacion-y-solidaridad\/","title":{"rendered":"Cooperaci\u00f3n y solidaridad"},"content":{"rendered":"<p>[vc_row full_width=\u00bbstretch_row\u00bb css=\u00bb.vc_custom_1559649591972{background-image: url(https:\/\/www.ull.es\/portal\/responsabilidad-social\/wp-content\/uploads\/sites\/31\/2019\/06\/solidario1.jpg?id=144) !important;background-position: center !important;background-repeat: no-repeat !important;background-size: cover !important;}\u00bb][vc_column][vc_empty_space][vc_empty_space][vc_custom_heading text=\u00bbCooperaci\u00f3n y solidaridad\u00bb font_container=\u00bbtag:h1|font_size:3em|text_align:left|color:%23ffffff\u00bb use_theme_fonts=\u00bbyes\u00bb][vc_empty_space][vc_empty_space][\/vc_column][\/vc_row][vc_row equal_height=\u00bbyes\u00bb][vc_column width=\u00bb1\/2&#8243;][vc_column_text]<span style=\"font-weight: 400\">La Universidad de La Laguna lleva a cabo una serie de actuaciones en el <\/span><a href=\"https:\/\/www.ull.es\/internacional\/\" target=\"_blank\" rel=\"noopener\"><span style=\"font-weight: 400\">\u00e1rea de cooperaci\u00f3n para el desarrollo<\/span><\/a><span style=\"font-weight: 400\"> entre las que se pueden distinguir acciones de formaci\u00f3n y sensibilizaci\u00f3n, de apoyo a la investigaci\u00f3n y acciones de cooperaci\u00f3n directa de miembros de la comunidad universitaria con otros pa\u00edses.<\/span><\/p>\n<p><span style=\"font-weight: 400\">Se entiende por Cooperaci\u00f3n Universitaria al Desarrollo (CUD) el conjunto de actuaciones de car\u00e1cter internacional orientadas al intercambio de experiencias y recursos entre pa\u00edses para alcanzar metas comunes basadas en criterios de solidaridad, equidad, eficacia, inter\u00e9s mutuo, sostenibilidad y corresponsabilidad.<\/span><\/p>\n<p><span style=\"font-weight: 400\">Para financiar estas actividades la Universidad destina una parte de su presupuesto, adem\u00e1s de la dedicaci\u00f3n y el trabajo de muchos de sus profesionales, al tiempo que se accede a financiaci\u00f3n de convocatorias tanto p\u00fablicas como privadas.<\/span>[\/vc_column_text][\/vc_column][vc_column width=\u00bb1\/2&#8243;][vc_single_image image=\u00bb143&#8243; img_size=\u00bbfull\u00bb alignment=\u00bbcenter\u00bb css_animation=\u00bbbounceInDown\u00bb][\/vc_column][\/vc_row]<\/p>\n","protected":false},"excerpt":{"rendered":"<p>[vc_row full_width=\u00bbstretch_row\u00bb css=\u00bb.vc_custom_1559649591972{background-image: url(https:\/\/www.ull.es\/portal\/responsabilidad-social\/wp-content\/uploads\/sites\/31\/2019\/06\/solidario1.jpg?id=144) !important;background-position: center !important;background-repeat: no-repeat !important;background-size: cover !important;}\u00bb][vc_column][vc_empty_space][vc_empty_space][vc_custom_heading text=\u00bbCooperaci\u00f3n y solidaridad\u00bb font_container=\u00bbtag:h1|font_size:3em|text_align:left|color:%23ffffff\u00bb use_theme_fonts=\u00bbyes\u00bb][vc_empty_space][vc_empty_space][\/vc_column][\/vc_row][vc_row equal_height=\u00bbyes\u00bb][vc_column width=\u00bb1\/2&#8243;][vc_column_text]La Universidad de La Laguna lleva a cabo una serie de actuaciones en el \u00e1rea de cooperaci\u00f3n para el desarrollo entre las que se pueden distinguir acciones de formaci\u00f3n y sensibilizaci\u00f3n, de apoyo a la investigaci\u00f3n y acciones&#8230;<\/p>\n","protected":false},"author":41,"featured_media":0,"parent":0,"menu_order":0,"comment_status":"closed","ping_status":"closed","template":"templates\/template-no-title.php","meta":{"inline_featured_image":false,"footnotes":""},"acf":[],"yoast_head":"<!-- This site is optimized with the Yoast SEO plugin v21.3 - https:\/\/yoast.com\/wordpress\/plugins\/seo\/ -->\n<title>Cooperaci\u00f3n y solidaridad - Responsabilidad Social<\/title>\n<meta name=\"robots\" content=\"index, follow, max-snippet:-1, max-image-preview:large, max-video-preview:-1\" \/>\n<link rel=\"canonical\" href=\"https:\/\/www.ull.es\/portal\/responsabilidad-social\/cooperacion-y-solidaridad\/\" \/>\n<meta property=\"og:locale\" content=\"es_ES\" \/>\n<meta property=\"og:type\" content=\"article\" \/>\n<meta property=\"og:title\" content=\"Cooperaci\u00f3n y solidaridad - Responsabilidad Social\" \/>\n<meta property=\"og:description\" content=\"[vc_row full_width=\u00bbstretch_row\u00bb css=\u00bb.vc_custom_1559649591972{background-image: url(https:\/\/www.ull.es\/portal\/responsabilidad-social\/wp-content\/uploads\/sites\/31\/2019\/06\/solidario1.jpg?id=144) !important;background-position: center !important;background-repeat: no-repeat !important;background-size: cover !important;}\u00bb][vc_column][vc_empty_space][vc_empty_space][vc_custom_heading text=\u00bbCooperaci\u00f3n y solidaridad\u00bb font_container=\u00bbtag:h1|font_size:3em|text_align:left|color:%23ffffff\u00bb use_theme_fonts=\u00bbyes\u00bb][vc_empty_space][vc_empty_space][\/vc_column][\/vc_row][vc_row equal_height=\u00bbyes\u00bb][vc_column width=\u00bb1\/2&#8243;][vc_column_text]La Universidad de La Laguna lleva a cabo una serie de actuaciones en el \u00e1rea de cooperaci\u00f3n para el desarrollo entre las que se pueden distinguir acciones de formaci\u00f3n y sensibilizaci\u00f3n, de apoyo a la investigaci\u00f3n y acciones...\" \/>\n<meta property=\"og:url\" content=\"https:\/\/www.ull.es\/portal\/responsabilidad-social\/cooperacion-y-solidaridad\/\" \/>\n<meta property=\"og:site_name\" content=\"Responsabilidad Social\" \/>\n<meta property=\"article:modified_time\" content=\"2019-06-05T08:56:13+00:00\" \/>\n<meta name=\"twitter:card\" content=\"summary_large_image\" \/>\n<meta name=\"twitter:label1\" content=\"Tiempo de lectura\" \/>\n\t<meta name=\"twitter:data1\" content=\"1 minuto\" \/>\n<script type=\"application\/ld+json\" class=\"yoast-schema-graph\">{\"@context\":\"https:\/\/schema.org\",\"@graph\":[{\"@type\":\"WebPage\",\"@id\":\"https:\/\/www.ull.es\/portal\/responsabilidad-social\/cooperacion-y-solidaridad\/\",\"url\":\"https:\/\/www.ull.es\/portal\/responsabilidad-social\/cooperacion-y-solidaridad\/\",\"name\":\"Cooperaci\u00f3n y solidaridad - Responsabilidad Social\",\"isPartOf\":{\"@id\":\"https:\/\/www.ull.es\/portal\/responsabilidad-social\/#website\"},\"datePublished\":\"2019-06-04T11:51:18+00:00\",\"dateModified\":\"2019-06-05T08:56:13+00:00\",\"breadcrumb\":{\"@id\":\"https:\/\/www.ull.es\/portal\/responsabilidad-social\/cooperacion-y-solidaridad\/#breadcrumb\"},\"inLanguage\":\"es\",\"potentialAction\":[{\"@type\":\"ReadAction\",\"target\":[\"https:\/\/www.ull.es\/portal\/responsabilidad-social\/cooperacion-y-solidaridad\/\"]}]},{\"@type\":\"BreadcrumbList\",\"@id\":\"https:\/\/www.ull.es\/portal\/responsabilidad-social\/cooperacion-y-solidaridad\/#breadcrumb\",\"itemListElement\":[{\"@type\":\"ListItem\",\"position\":1,\"name\":\"Portada\",\"item\":\"https:\/\/www.ull.es\/portal\/responsabilidad-social\/\"},{\"@type\":\"ListItem\",\"position\":2,\"name\":\"Cooperaci\u00f3n y solidaridad\"}]},{\"@type\":\"WebSite\",\"@id\":\"https:\/\/www.ull.es\/portal\/responsabilidad-social\/#website\",\"url\":\"https:\/\/www.ull.es\/portal\/responsabilidad-social\/\",\"name\":\"Responsabilidad Social\",\"description\":\"\",\"potentialAction\":[{\"@type\":\"SearchAction\",\"target\":{\"@type\":\"EntryPoint\",\"urlTemplate\":\"https:\/\/www.ull.es\/portal\/responsabilidad-social\/?s={search_term_string}\"},\"query-input\":\"required name=search_term_string\"}],\"inLanguage\":\"es\"}]}<\/script>\n<!-- \/ Yoast SEO plugin. -->","yoast_head_json":{"title":"Cooperaci\u00f3n y solidaridad - Responsabilidad Social","robots":{"index":"index","follow":"follow","max-snippet":"max-snippet:-1","max-image-preview":"max-image-preview:large","max-video-preview":"max-video-preview:-1"},"canonical":"https:\/\/www.ull.es\/portal\/responsabilidad-social\/cooperacion-y-solidaridad\/","og_locale":"es_ES","og_type":"article","og_title":"Cooperaci\u00f3n y solidaridad - Responsabilidad Social","og_description":"[vc_row full_width=\u00bbstretch_row\u00bb css=\u00bb.vc_custom_1559649591972{background-image: url(https:\/\/www.ull.es\/portal\/responsabilidad-social\/wp-content\/uploads\/sites\/31\/2019\/06\/solidario1.jpg?id=144) !important;background-position: center !important;background-repeat: no-repeat !important;background-size: cover !important;}\u00bb][vc_column][vc_empty_space][vc_empty_space][vc_custom_heading text=\u00bbCooperaci\u00f3n y solidaridad\u00bb font_container=\u00bbtag:h1|font_size:3em|text_align:left|color:%23ffffff\u00bb use_theme_fonts=\u00bbyes\u00bb][vc_empty_space][vc_empty_space][\/vc_column][\/vc_row][vc_row equal_height=\u00bbyes\u00bb][vc_column width=\u00bb1\/2&#8243;][vc_column_text]La Universidad de La Laguna lleva a cabo una serie de actuaciones en el \u00e1rea de cooperaci\u00f3n para el desarrollo entre las que se pueden distinguir acciones de formaci\u00f3n y sensibilizaci\u00f3n, de apoyo a la investigaci\u00f3n y acciones...","og_url":"https:\/\/www.ull.es\/portal\/responsabilidad-social\/cooperacion-y-solidaridad\/","og_site_name":"Responsabilidad Social","article_modified_time":"2019-06-05T08:56:13+00:00","twitter_card":"summary_large_image","twitter_misc":{"Tiempo de lectura":"1 minuto"},"schema":{"@context":"https:\/\/schema.org","@graph":[{"@type":"WebPage","@id":"https:\/\/www.ull.es\/portal\/responsabilidad-social\/cooperacion-y-solidaridad\/","url":"https:\/\/www.ull.es\/portal\/responsabilidad-social\/cooperacion-y-solidaridad\/","name":"Cooperaci\u00f3n y solidaridad - Responsabilidad Social","isPartOf":{"@id":"https:\/\/www.ull.es\/portal\/responsabilidad-social\/#website"},"datePublished":"2019-06-04T11:51:18+00:00","dateModified":"2019-06-05T08:56:13+00:00","breadcrumb":{"@id":"https:\/\/www.ull.es\/portal\/responsabilidad-social\/cooperacion-y-solidaridad\/#breadcrumb"},"inLanguage":"es","potentialAction":[{"@type":"ReadAction","target":["https:\/\/www.ull.es\/portal\/responsabilidad-social\/cooperacion-y-solidaridad\/"]}]},{"@type":"BreadcrumbList","@id":"https:\/\/www.ull.es\/portal\/responsabilidad-social\/cooperacion-y-solidaridad\/#breadcrumb","itemListElement":[{"@type":"ListItem","position":1,"name":"Portada","item":"https:\/\/www.ull.es\/portal\/responsabilidad-social\/"},{"@type":"ListItem","position":2,"name":"Cooperaci\u00f3n y solidaridad"}]},{"@type":"WebSite","@id":"https:\/\/www.ull.es\/portal\/responsabilidad-social\/#website","url":"https:\/\/www.ull.es\/portal\/responsabilidad-social\/","name":"Responsabilidad Social","description":"","potentialAction":[{"@type":"SearchAction","target":{"@type":"EntryPoint","urlTemplate":"https:\/\/www.ull.es\/portal\/responsabilidad-social\/?s={search_term_string}"},"query-input":"required name=search_term_string"}],"inLanguage":"es"}]}},"_links":{"self":[{"href":"https:\/\/www.ull.es\/portal\/responsabilidad-social\/wp-json\/wp\/v2\/pages\/140"}],"collection":[{"href":"https:\/\/www.ull.es\/portal\/responsabilidad-social\/wp-json\/wp\/v2\/pages"}],"about":[{"href":"https:\/\/www.ull.es\/portal\/responsabilidad-social\/wp-json\/wp\/v2\/types\/page"}],"author":[{"embeddable":true,"href":"https:\/\/www.ull.es\/portal\/responsabilidad-social\/wp-json\/wp\/v2\/users\/41"}],"replies":[{"embeddable":true,"href":"https:\/\/www.ull.es\/portal\/responsabilidad-social\/wp-json\/wp\/v2\/comments?post=140"}],"version-history":[{"count":4,"href":"https:\/\/www.ull.es\/portal\/responsabilidad-social\/wp-json\/wp\/v2\/pages\/140\/revisions"}],"predecessor-version":[{"id":204,"href":"https:\/\/www.ull.es\/portal\/responsabilidad-social\/wp-json\/wp\/v2\/pages\/140\/revisions\/204"}],"wp:attachment":[{"href":"https:\/\/www.ull.es\/portal\/responsabilidad-social\/wp-json\/wp\/v2\/media?parent=140"}],"curies":[{"name":"wp","href":"https:\/\/api.w.org\/{rel}","templated":true}]}}