{"id":147,"date":"2019-06-04T14:02:35","date_gmt":"2019-06-04T12:02:35","guid":{"rendered":"https:\/\/www.ull.es\/portal\/responsabilidad-social\/?page_id=147"},"modified":"2019-06-05T10:56:47","modified_gmt":"2019-06-05T08:56:47","slug":"cultura-y-arte","status":"publish","type":"page","link":"https:\/\/www.ull.es\/portal\/responsabilidad-social\/cultura-y-arte\/","title":{"rendered":"Cultura y arte"},"content":{"rendered":"<p>[vc_row full_width=\u00bbstretch_row\u00bb css=\u00bb.vc_custom_1559650353659{background-image: url(https:\/\/www.ull.es\/portal\/responsabilidad-social\/wp-content\/uploads\/sites\/31\/2019\/06\/arte2.jpg?id=151) !important;background-position: center !important;background-repeat: no-repeat !important;background-size: cover !important;}\u00bb][vc_column][vc_empty_space][vc_empty_space][vc_custom_heading text=\u00bbCultura y arte\u00bb font_container=\u00bbtag:h1|font_size:3em|text_align:left|color:%23ffffff\u00bb use_theme_fonts=\u00bbyes\u00bb][vc_empty_space][vc_empty_space][\/vc_column][\/vc_row][vc_row equal_height=\u00bbyes\u00bb][vc_column width=\u00bb1\/2&#8243;][vc_column_text]<span style=\"font-weight: 400\">La Universidad de La Laguna ofrece una amplio abanico de actividades culturales. Cada mes publica la <\/span><a href=\"https:\/\/docs.google.com\/forms\/d\/e\/1FAIpQLSe-7LFgcfEU3mk2nQR-Thv3ouCE3U_o8lHccEub-oaVRRSv9Q\/viewform\" target=\"_blank\" rel=\"noopener\"><span style=\"font-weight: 400\">programaci\u00f3n<\/span><\/a><span style=\"font-weight: 400\"> de su \u00a0<\/span><a href=\"https:\/\/www.ull.es\/vive-la-ull\/teatro-paraninfo\/\" target=\"_blank\" rel=\"noopener\"><span style=\"font-weight: 400\">Teatro Paraninfo<\/span><\/a><span style=\"font-weight: 400\">, un espacio para el disfrute del arte, la cultura y los grandes debates sociales en el coraz\u00f3n de San Crist\u00f3bal de La Laguna, ciudad Universitaria y Patrimonio de la Humanidad. Adem\u00e1s, es posible disfrutar regularmente de una selecci\u00f3n de <\/span><a href=\"https:\/\/www.ull.es\/vive-la-ull\/exposiciones\/\" target=\"_blank\" rel=\"noopener\"><span style=\"font-weight: 400\">exposiciones<\/span><\/a><span style=\"font-weight: 400\"> en dos de sus espacios m\u00e1s emblem\u00e1ticos situados en el coraz\u00f3n de su hist\u00f3rico edificio central, pensados para compartir la creatividad art\u00edstica surgida de la comunidad universitaria o de nuestro entorno social.<\/span><\/p>\n<p><span style=\"font-weight: 400\">La oferta cultural se completa con la programaci\u00f3n de sus <\/span><a href=\"https:\/\/www.ull.es\/portal\/aulasycatedrasculturales\/\" target=\"_blank\" rel=\"noopener\"><span style=\"font-weight: 400\">Aulas y C\u00e1tedras Culturales<\/span><\/a><span style=\"font-weight: 400\">, que organizan actividades en \u00e1mbitos tan diversos como el arte, literatura, medioambiente, patrimonio, historia, tradiciones, filosof\u00eda, participaci\u00f3n, divulgaci\u00f3n y comunicaci\u00f3n. A ello hay que a\u00f1adir las actividades promovidas por los diversos <\/span><a href=\"https:\/\/www.ull.es\/vive-la-ull\/colectivos-culturales-universitarios\/\" target=\"_blank\" rel=\"noopener\"><span style=\"font-weight: 400\">colectivos culturales universitarios<\/span><\/a><span style=\"font-weight: 400\">, entre los que destacan los <\/span><a href=\"https:\/\/www.ull.es\/vive-la-ull\/colectivos-culturales-universitarios\/#grupos-teatro-universitario\" target=\"_blank\" rel=\"noopener\"><span style=\"font-weight: 400\">grupos de teatro universitarios<\/span><\/a><span style=\"font-weight: 400\">, las <\/span><a href=\"https:\/\/www.ull.es\/vive-la-ull\/colectivos-culturales-universitarios\/#tunas\" target=\"_blank\" rel=\"noopener\"><span style=\"font-weight: 400\">tunas<\/span><\/a><span style=\"font-weight: 400\">, los <\/span><a href=\"https:\/\/www.ull.es\/vive-la-ull\/colectivos-culturales-universitarios\/#coros-corales\" target=\"_blank\" rel=\"noopener\"><span style=\"font-weight: 400\">coros y corales<\/span><\/a><span style=\"font-weight: 400\">, y las <\/span><a href=\"https:\/\/www.ull.es\/vive-la-ull\/colectivos-culturales-universitarios\/#agrupaciones-folcloricas\" target=\"_blank\" rel=\"noopener\"><span style=\"font-weight: 400\">agrupaciones folcl\u00f3ricas<\/span><\/a><span style=\"font-weight: 400\">, as\u00ed como las ofrecidas en el marco de los <\/span><a href=\"https:\/\/www.ull.es\/portal\/cursosextension\/\" target=\"_blank\" rel=\"noopener\"><span style=\"font-weight: 400\">cursos de extensi\u00f3n universitaria y universidades de verano<\/span><\/a><span style=\"font-weight: 400\">. <\/span><\/p>\n<p><span style=\"font-weight: 400\">La Universidad de La Laguna tiene un firme compromiso con el arte y la cultura que se manifiesta a trav\u00e9s de la convocatoria de m\u00faltiples <\/span><a href=\"https:\/\/www.ull.es\/vive-la-ull\/premios-culturales\/\" target=\"_blank\" rel=\"noopener\"><span style=\"font-weight: 400\">premios de alcance nacional e internacional<\/span><\/a><span style=\"font-weight: 400\"> en los \u00e1mbitos del teatro, la poes\u00eda, el relato breve, la fotograf\u00eda, el cine y la m\u00fasica.<\/span>[\/vc_column_text][\/vc_column][vc_column width=\u00bb1\/2&#8243;][vc_single_image image=\u00bb150&#8243; img_size=\u00bbfull\u00bb alignment=\u00bbcenter\u00bb css_animation=\u00bbbounceInDown\u00bb][\/vc_column][\/vc_row]<\/p>\n","protected":false},"excerpt":{"rendered":"<p>[vc_row full_width=\u00bbstretch_row\u00bb css=\u00bb.vc_custom_1559650353659{background-image: url(https:\/\/www.ull.es\/portal\/responsabilidad-social\/wp-content\/uploads\/sites\/31\/2019\/06\/arte2.jpg?id=151) !important;background-position: center !important;background-repeat: no-repeat !important;background-size: cover !important;}\u00bb][vc_column][vc_empty_space][vc_empty_space][vc_custom_heading text=\u00bbCultura y arte\u00bb font_container=\u00bbtag:h1|font_size:3em|text_align:left|color:%23ffffff\u00bb use_theme_fonts=\u00bbyes\u00bb][vc_empty_space][vc_empty_space][\/vc_column][\/vc_row][vc_row equal_height=\u00bbyes\u00bb][vc_column width=\u00bb1\/2&#8243;][vc_column_text]La Universidad de La Laguna ofrece una amplio abanico de actividades culturales. Cada mes publica la programaci\u00f3n de su \u00a0Teatro Paraninfo, un espacio para el disfrute del arte, la cultura y los grandes debates sociales en el coraz\u00f3n&#8230;<\/p>\n","protected":false},"author":41,"featured_media":0,"parent":0,"menu_order":0,"comment_status":"closed","ping_status":"closed","template":"templates\/template-no-title.php","meta":{"inline_featured_image":false,"footnotes":""},"acf":[],"yoast_head":"<!-- This site is optimized with the Yoast SEO plugin v21.3 - https:\/\/yoast.com\/wordpress\/plugins\/seo\/ -->\n<title>Cultura y arte - Responsabilidad Social<\/title>\n<meta name=\"robots\" content=\"index, follow, max-snippet:-1, max-image-preview:large, max-video-preview:-1\" \/>\n<link rel=\"canonical\" href=\"https:\/\/www.ull.es\/portal\/responsabilidad-social\/cultura-y-arte\/\" \/>\n<meta property=\"og:locale\" content=\"es_ES\" \/>\n<meta property=\"og:type\" content=\"article\" \/>\n<meta property=\"og:title\" content=\"Cultura y arte - Responsabilidad Social\" \/>\n<meta property=\"og:description\" content=\"[vc_row full_width=\u00bbstretch_row\u00bb css=\u00bb.vc_custom_1559650353659{background-image: url(https:\/\/www.ull.es\/portal\/responsabilidad-social\/wp-content\/uploads\/sites\/31\/2019\/06\/arte2.jpg?id=151) !important;background-position: center !important;background-repeat: no-repeat !important;background-size: cover !important;}\u00bb][vc_column][vc_empty_space][vc_empty_space][vc_custom_heading text=\u00bbCultura y arte\u00bb font_container=\u00bbtag:h1|font_size:3em|text_align:left|color:%23ffffff\u00bb use_theme_fonts=\u00bbyes\u00bb][vc_empty_space][vc_empty_space][\/vc_column][\/vc_row][vc_row equal_height=\u00bbyes\u00bb][vc_column width=\u00bb1\/2&#8243;][vc_column_text]La Universidad de La Laguna ofrece una amplio abanico de actividades culturales. Cada mes publica la programaci\u00f3n de su \u00a0Teatro Paraninfo, un espacio para el disfrute del arte, la cultura y los grandes debates sociales en el coraz\u00f3n...\" \/>\n<meta property=\"og:url\" content=\"https:\/\/www.ull.es\/portal\/responsabilidad-social\/cultura-y-arte\/\" \/>\n<meta property=\"og:site_name\" content=\"Responsabilidad Social\" \/>\n<meta property=\"article:modified_time\" content=\"2019-06-05T08:56:47+00:00\" \/>\n<meta name=\"twitter:card\" content=\"summary_large_image\" \/>\n<meta name=\"twitter:label1\" content=\"Tiempo de lectura\" \/>\n\t<meta name=\"twitter:data1\" content=\"2 minutos\" \/>\n<script type=\"application\/ld+json\" class=\"yoast-schema-graph\">{\"@context\":\"https:\/\/schema.org\",\"@graph\":[{\"@type\":\"WebPage\",\"@id\":\"https:\/\/www.ull.es\/portal\/responsabilidad-social\/cultura-y-arte\/\",\"url\":\"https:\/\/www.ull.es\/portal\/responsabilidad-social\/cultura-y-arte\/\",\"name\":\"Cultura y arte - Responsabilidad Social\",\"isPartOf\":{\"@id\":\"https:\/\/www.ull.es\/portal\/responsabilidad-social\/#website\"},\"datePublished\":\"2019-06-04T12:02:35+00:00\",\"dateModified\":\"2019-06-05T08:56:47+00:00\",\"breadcrumb\":{\"@id\":\"https:\/\/www.ull.es\/portal\/responsabilidad-social\/cultura-y-arte\/#breadcrumb\"},\"inLanguage\":\"es\",\"potentialAction\":[{\"@type\":\"ReadAction\",\"target\":[\"https:\/\/www.ull.es\/portal\/responsabilidad-social\/cultura-y-arte\/\"]}]},{\"@type\":\"BreadcrumbList\",\"@id\":\"https:\/\/www.ull.es\/portal\/responsabilidad-social\/cultura-y-arte\/#breadcrumb\",\"itemListElement\":[{\"@type\":\"ListItem\",\"position\":1,\"name\":\"Portada\",\"item\":\"https:\/\/www.ull.es\/portal\/responsabilidad-social\/\"},{\"@type\":\"ListItem\",\"position\":2,\"name\":\"Cultura y arte\"}]},{\"@type\":\"WebSite\",\"@id\":\"https:\/\/www.ull.es\/portal\/responsabilidad-social\/#website\",\"url\":\"https:\/\/www.ull.es\/portal\/responsabilidad-social\/\",\"name\":\"Responsabilidad Social\",\"description\":\"\",\"potentialAction\":[{\"@type\":\"SearchAction\",\"target\":{\"@type\":\"EntryPoint\",\"urlTemplate\":\"https:\/\/www.ull.es\/portal\/responsabilidad-social\/?s={search_term_string}\"},\"query-input\":\"required name=search_term_string\"}],\"inLanguage\":\"es\"}]}<\/script>\n<!-- \/ Yoast SEO plugin. -->","yoast_head_json":{"title":"Cultura y arte - Responsabilidad Social","robots":{"index":"index","follow":"follow","max-snippet":"max-snippet:-1","max-image-preview":"max-image-preview:large","max-video-preview":"max-video-preview:-1"},"canonical":"https:\/\/www.ull.es\/portal\/responsabilidad-social\/cultura-y-arte\/","og_locale":"es_ES","og_type":"article","og_title":"Cultura y arte - Responsabilidad Social","og_description":"[vc_row full_width=\u00bbstretch_row\u00bb css=\u00bb.vc_custom_1559650353659{background-image: url(https:\/\/www.ull.es\/portal\/responsabilidad-social\/wp-content\/uploads\/sites\/31\/2019\/06\/arte2.jpg?id=151) !important;background-position: center !important;background-repeat: no-repeat !important;background-size: cover !important;}\u00bb][vc_column][vc_empty_space][vc_empty_space][vc_custom_heading text=\u00bbCultura y arte\u00bb font_container=\u00bbtag:h1|font_size:3em|text_align:left|color:%23ffffff\u00bb use_theme_fonts=\u00bbyes\u00bb][vc_empty_space][vc_empty_space][\/vc_column][\/vc_row][vc_row equal_height=\u00bbyes\u00bb][vc_column width=\u00bb1\/2&#8243;][vc_column_text]La Universidad de La Laguna ofrece una amplio abanico de actividades culturales. Cada mes publica la programaci\u00f3n de su \u00a0Teatro Paraninfo, un espacio para el disfrute del arte, la cultura y los grandes debates sociales en el coraz\u00f3n...","og_url":"https:\/\/www.ull.es\/portal\/responsabilidad-social\/cultura-y-arte\/","og_site_name":"Responsabilidad Social","article_modified_time":"2019-06-05T08:56:47+00:00","twitter_card":"summary_large_image","twitter_misc":{"Tiempo de lectura":"2 minutos"},"schema":{"@context":"https:\/\/schema.org","@graph":[{"@type":"WebPage","@id":"https:\/\/www.ull.es\/portal\/responsabilidad-social\/cultura-y-arte\/","url":"https:\/\/www.ull.es\/portal\/responsabilidad-social\/cultura-y-arte\/","name":"Cultura y arte - Responsabilidad Social","isPartOf":{"@id":"https:\/\/www.ull.es\/portal\/responsabilidad-social\/#website"},"datePublished":"2019-06-04T12:02:35+00:00","dateModified":"2019-06-05T08:56:47+00:00","breadcrumb":{"@id":"https:\/\/www.ull.es\/portal\/responsabilidad-social\/cultura-y-arte\/#breadcrumb"},"inLanguage":"es","potentialAction":[{"@type":"ReadAction","target":["https:\/\/www.ull.es\/portal\/responsabilidad-social\/cultura-y-arte\/"]}]},{"@type":"BreadcrumbList","@id":"https:\/\/www.ull.es\/portal\/responsabilidad-social\/cultura-y-arte\/#breadcrumb","itemListElement":[{"@type":"ListItem","position":1,"name":"Portada","item":"https:\/\/www.ull.es\/portal\/responsabilidad-social\/"},{"@type":"ListItem","position":2,"name":"Cultura y arte"}]},{"@type":"WebSite","@id":"https:\/\/www.ull.es\/portal\/responsabilidad-social\/#website","url":"https:\/\/www.ull.es\/portal\/responsabilidad-social\/","name":"Responsabilidad Social","description":"","potentialAction":[{"@type":"SearchAction","target":{"@type":"EntryPoint","urlTemplate":"https:\/\/www.ull.es\/portal\/responsabilidad-social\/?s={search_term_string}"},"query-input":"required name=search_term_string"}],"inLanguage":"es"}]}},"_links":{"self":[{"href":"https:\/\/www.ull.es\/portal\/responsabilidad-social\/wp-json\/wp\/v2\/pages\/147"}],"collection":[{"href":"https:\/\/www.ull.es\/portal\/responsabilidad-social\/wp-json\/wp\/v2\/pages"}],"about":[{"href":"https:\/\/www.ull.es\/portal\/responsabilidad-social\/wp-json\/wp\/v2\/types\/page"}],"author":[{"embeddable":true,"href":"https:\/\/www.ull.es\/portal\/responsabilidad-social\/wp-json\/wp\/v2\/users\/41"}],"replies":[{"embeddable":true,"href":"https:\/\/www.ull.es\/portal\/responsabilidad-social\/wp-json\/wp\/v2\/comments?post=147"}],"version-history":[{"count":4,"href":"https:\/\/www.ull.es\/portal\/responsabilidad-social\/wp-json\/wp\/v2\/pages\/147\/revisions"}],"predecessor-version":[{"id":183,"href":"https:\/\/www.ull.es\/portal\/responsabilidad-social\/wp-json\/wp\/v2\/pages\/147\/revisions\/183"}],"wp:attachment":[{"href":"https:\/\/www.ull.es\/portal\/responsabilidad-social\/wp-json\/wp\/v2\/media?parent=147"}],"curies":[{"name":"wp","href":"https:\/\/api.w.org\/{rel}","templated":true}]}}