{"id":16,"date":"2019-04-23T13:12:28","date_gmt":"2019-04-23T11:12:28","guid":{"rendered":"https:\/\/www.ull.es\/portal\/responsabilidad-social\/?page_id=16"},"modified":"2019-06-05T10:52:25","modified_gmt":"2019-06-05T08:52:25","slug":"formacion","status":"publish","type":"page","link":"https:\/\/www.ull.es\/portal\/responsabilidad-social\/formacion\/","title":{"rendered":"Formaci\u00f3n"},"content":{"rendered":"<p>[vc_row full_width=\u00bbstretch_row\u00bb css=\u00bb.vc_custom_1559640362312{background-image: url(https:\/\/www.ull.es\/portal\/responsabilidad-social\/wp-content\/uploads\/sites\/31\/2019\/06\/rs2.jpg?id=101) !important;background-position: center !important;background-repeat: no-repeat !important;background-size: cover !important;}\u00bb][vc_column][vc_empty_space][vc_empty_space][vc_custom_heading text=\u00bbFormaci\u00f3n\u00bb font_container=\u00bbtag:h1|font_size:3em|text_align:left|color:%23000000&#8243; use_theme_fonts=\u00bbyes\u00bb][vc_empty_space][vc_empty_space][\/vc_column][\/vc_row][vc_row equal_height=\u00bbyes\u00bb][vc_column width=\u00bb1\/2&#8243;][vc_column_text]<span style=\"font-weight: 400\">El cat\u00e1logo actual de titulaciones de la Universidad de La Laguna comprende <\/span><a href=\"https:\/\/www.ull.es\/estudios-docencia\/grados\/\" target=\"_blank\" rel=\"noopener\"><span style=\"font-weight: 400\">Grados<\/span><\/a><span style=\"font-weight: 400\">, <\/span><a href=\"https:\/\/www.ull.es\/estudios-docencia\/masteres\/\" target=\"_blank\" rel=\"noopener\"><span style=\"font-weight: 400\">M\u00e1ster Oficial<\/span><\/a><span style=\"font-weight: 400\">, <\/span><a href=\"https:\/\/www.ull.es\/estudios-docencia\/doctorados\/\" target=\"_blank\" rel=\"noopener\"><span style=\"font-weight: 400\">Programas de Doctorado<\/span><\/a><span style=\"font-weight: 400\"> y <\/span><a href=\"https:\/\/www.ull.es\/estudios-docencia\/titulospropios\/#diplomas-universitarios\" target=\"_blank\" rel=\"noopener\"><span style=\"font-weight: 400\">T\u00edtulos Propios<\/span><\/a><span style=\"font-weight: 400\">. <\/span><\/p>\n<p><span style=\"font-weight: 400\">Tambi\u00e9n ofrece modalidades de <\/span><a href=\"https:\/\/www.ull.es\/estudios-docencia\/titulos-online-semipresenciales\/#titulos-propios-online\" target=\"_blank\" rel=\"noopener\"><span style=\"font-weight: 400\">ense\u00f1anza online<\/span><\/a><span style=\"font-weight: 400\"> actualmente conformadas por M\u00e1ster Oficiales y T\u00edtulos Propios, as\u00ed como de <\/span><a href=\"https:\/\/www.ull.es\/estudios-docencia\/titulos-online-semipresenciales\/#titulos-oficiales-semipresenciales\" target=\"_blank\" rel=\"noopener\"><span style=\"font-weight: 400\">ense\u00f1anza semiprensencial<\/span><\/a><span style=\"font-weight: 400\"> estructurada en varios M\u00e1ster Oficiales y un T\u00edtulo Propio. <\/span><\/p>\n<p><span style=\"font-weight: 400\">En el curso 2017\/18 se contaba con 17.485 estudiantes matriculados en titulaciones de Grado y 1.003 matriculados en M\u00e1ster Oficiales.<\/span><\/p>\n<p><span style=\"font-weight: 400\">La <\/span><a href=\"https:\/\/www.ull.es\/centros\/escuela-doctorado-estudios-posgrado\/\" target=\"_blank\" rel=\"noopener\"><span style=\"font-weight: 400\">Escuela Doctorado y Estudios de Posgrado<\/span><\/a><span style=\"font-weight: 400\"> es el \u00f3rgano encargado de la organizaci\u00f3n de las ense\u00f1anzas y los procesos acad\u00e9micos, administrativos y de gesti\u00f3n conducentes a la obtenci\u00f3n de <\/span><a href=\"https:\/\/www.ull.es\/doctorados\/\" target=\"_blank\" rel=\"noopener\"><span style=\"font-weight: 400\">t\u00edtulos de doctorado<\/span><\/a><span style=\"font-weight: 400\"> y restantes titulaciones de posgrado de car\u00e1cter oficial y validez en todo el territorio nacional que se impartan en ella y dem\u00e1s t\u00edtulos que le otorgue la legislaci\u00f3n vigente.<\/span><\/p>\n<p><span style=\"font-weight: 400\">La ULL ofrece, adem\u00e1s, formaci\u00f3n permanente a su personal, mediante programas espec\u00edficos destinados tanto al <\/span><a href=\"https:\/\/www.ull.es\/estudios-docencia\/formacion-profesorado\/\" target=\"_blank\" rel=\"noopener\"><span style=\"font-weight: 400\">PDI <\/span><\/a><span style=\"font-weight: 400\">como al <\/span><a href=\"https:\/\/www.ull.es\/estudios-docencia\/formacion-del-pas\/#formacion-interna\" target=\"_blank\" rel=\"noopener\"><span style=\"font-weight: 400\">PAS<\/span><\/a><span style=\"font-weight: 400\"> y dispone de un <\/span><a href=\"https:\/\/fg.ull.es\/idiomas\/servicio-de-idiomas\/\" target=\"_blank\" rel=\"noopener\"><span style=\"font-weight: 400\">Servicio de Idiomas<\/span><\/a><span style=\"font-weight: 400\"> dedicado a la formaci\u00f3n en lenguas extranjeras tanto para la comunidad universitaria como para la sociedad canaria en general,<\/span><\/p>\n<p><span style=\"font-weight: 400\">Con el fin de lograr una mayor proyecci\u00f3n exterior, la ULL tambi\u00e9n organiza <\/span><a href=\"https:\/\/www.ull.es\/portal\/cursosextension\/\" target=\"_blank\" rel=\"noopener\"><span style=\"font-weight: 400\">Cursos de Extensi\u00f3n Universitaria<\/span><\/a><span style=\"font-weight: 400\"> en respuesta a la demanda formativa no reglada de los diferentes municipios de Canarias y tambi\u00e9n ofrece un programa de <\/span><a href=\"https:\/\/www.ull.es\/portal\/universidaddemayores\/\" target=\"_blank\" rel=\"noopener\"><span style=\"font-weight: 400\">Estudios Universitarios para Personas Adultas y Mayores<\/span><\/a><span style=\"font-weight: 400\"> como oferta formativa para personas a partir de los 45 a\u00f1os que contempla tres titulaciones posibles.<\/span>[\/vc_column_text][\/vc_column][vc_column width=\u00bb1\/2&#8243;][vc_single_image image=\u00bb103&#8243; img_size=\u00bbfull\u00bb alignment=\u00bbcenter\u00bb css_animation=\u00bbbounceInDown\u00bb][\/vc_column][\/vc_row]<\/p>\n","protected":false},"excerpt":{"rendered":"<p>[vc_row full_width=\u00bbstretch_row\u00bb css=\u00bb.vc_custom_1559640362312{background-image: url(https:\/\/www.ull.es\/portal\/responsabilidad-social\/wp-content\/uploads\/sites\/31\/2019\/06\/rs2.jpg?id=101) !important;background-position: center !important;background-repeat: no-repeat !important;background-size: cover !important;}\u00bb][vc_column][vc_empty_space][vc_empty_space][vc_custom_heading text=\u00bbFormaci\u00f3n\u00bb font_container=\u00bbtag:h1|font_size:3em|text_align:left|color:%23000000&#8243; use_theme_fonts=\u00bbyes\u00bb][vc_empty_space][vc_empty_space][\/vc_column][\/vc_row][vc_row equal_height=\u00bbyes\u00bb][vc_column width=\u00bb1\/2&#8243;][vc_column_text]El cat\u00e1logo actual de titulaciones de la Universidad de La Laguna comprende Grados, M\u00e1ster Oficial, Programas de Doctorado y T\u00edtulos Propios. Tambi\u00e9n ofrece modalidades de ense\u00f1anza online actualmente conformadas por M\u00e1ster Oficiales y T\u00edtulos Propios, as\u00ed como de ense\u00f1anza semiprensencial&#8230;<\/p>\n","protected":false},"author":41,"featured_media":0,"parent":0,"menu_order":0,"comment_status":"closed","ping_status":"closed","template":"templates\/template-no-title.php","meta":{"inline_featured_image":false,"footnotes":""},"acf":[],"yoast_head":"<!-- This site is optimized with the Yoast SEO plugin v21.3 - https:\/\/yoast.com\/wordpress\/plugins\/seo\/ -->\n<title>Formaci\u00f3n - Responsabilidad Social<\/title>\n<meta name=\"robots\" content=\"index, follow, max-snippet:-1, max-image-preview:large, max-video-preview:-1\" \/>\n<link rel=\"canonical\" href=\"https:\/\/www.ull.es\/portal\/responsabilidad-social\/formacion\/\" \/>\n<meta property=\"og:locale\" content=\"es_ES\" \/>\n<meta property=\"og:type\" content=\"article\" \/>\n<meta property=\"og:title\" content=\"Formaci\u00f3n - Responsabilidad Social\" \/>\n<meta property=\"og:description\" content=\"[vc_row full_width=\u00bbstretch_row\u00bb css=\u00bb.vc_custom_1559640362312{background-image: url(https:\/\/www.ull.es\/portal\/responsabilidad-social\/wp-content\/uploads\/sites\/31\/2019\/06\/rs2.jpg?id=101) !important;background-position: center !important;background-repeat: no-repeat !important;background-size: cover !important;}\u00bb][vc_column][vc_empty_space][vc_empty_space][vc_custom_heading text=\u00bbFormaci\u00f3n\u00bb font_container=\u00bbtag:h1|font_size:3em|text_align:left|color:%23000000&#8243; use_theme_fonts=\u00bbyes\u00bb][vc_empty_space][vc_empty_space][\/vc_column][\/vc_row][vc_row equal_height=\u00bbyes\u00bb][vc_column width=\u00bb1\/2&#8243;][vc_column_text]El cat\u00e1logo actual de titulaciones de la Universidad de La Laguna comprende Grados, M\u00e1ster Oficial, Programas de Doctorado y T\u00edtulos Propios. Tambi\u00e9n ofrece modalidades de ense\u00f1anza online actualmente conformadas por M\u00e1ster Oficiales y T\u00edtulos Propios, as\u00ed como de ense\u00f1anza semiprensencial...\" \/>\n<meta property=\"og:url\" content=\"https:\/\/www.ull.es\/portal\/responsabilidad-social\/formacion\/\" \/>\n<meta property=\"og:site_name\" content=\"Responsabilidad Social\" \/>\n<meta property=\"article:modified_time\" content=\"2019-06-05T08:52:25+00:00\" \/>\n<meta name=\"twitter:card\" content=\"summary_large_image\" \/>\n<meta name=\"twitter:label1\" content=\"Tiempo de lectura\" \/>\n\t<meta name=\"twitter:data1\" content=\"2 minutos\" \/>\n<script type=\"application\/ld+json\" class=\"yoast-schema-graph\">{\"@context\":\"https:\/\/schema.org\",\"@graph\":[{\"@type\":\"WebPage\",\"@id\":\"https:\/\/www.ull.es\/portal\/responsabilidad-social\/formacion\/\",\"url\":\"https:\/\/www.ull.es\/portal\/responsabilidad-social\/formacion\/\",\"name\":\"Formaci\u00f3n - Responsabilidad Social\",\"isPartOf\":{\"@id\":\"https:\/\/www.ull.es\/portal\/responsabilidad-social\/#website\"},\"datePublished\":\"2019-04-23T11:12:28+00:00\",\"dateModified\":\"2019-06-05T08:52:25+00:00\",\"breadcrumb\":{\"@id\":\"https:\/\/www.ull.es\/portal\/responsabilidad-social\/formacion\/#breadcrumb\"},\"inLanguage\":\"es\",\"potentialAction\":[{\"@type\":\"ReadAction\",\"target\":[\"https:\/\/www.ull.es\/portal\/responsabilidad-social\/formacion\/\"]}]},{\"@type\":\"BreadcrumbList\",\"@id\":\"https:\/\/www.ull.es\/portal\/responsabilidad-social\/formacion\/#breadcrumb\",\"itemListElement\":[{\"@type\":\"ListItem\",\"position\":1,\"name\":\"Portada\",\"item\":\"https:\/\/www.ull.es\/portal\/responsabilidad-social\/\"},{\"@type\":\"ListItem\",\"position\":2,\"name\":\"Formaci\u00f3n\"}]},{\"@type\":\"WebSite\",\"@id\":\"https:\/\/www.ull.es\/portal\/responsabilidad-social\/#website\",\"url\":\"https:\/\/www.ull.es\/portal\/responsabilidad-social\/\",\"name\":\"Responsabilidad Social\",\"description\":\"\",\"potentialAction\":[{\"@type\":\"SearchAction\",\"target\":{\"@type\":\"EntryPoint\",\"urlTemplate\":\"https:\/\/www.ull.es\/portal\/responsabilidad-social\/?s={search_term_string}\"},\"query-input\":\"required name=search_term_string\"}],\"inLanguage\":\"es\"}]}<\/script>\n<!-- \/ Yoast SEO plugin. -->","yoast_head_json":{"title":"Formaci\u00f3n - Responsabilidad Social","robots":{"index":"index","follow":"follow","max-snippet":"max-snippet:-1","max-image-preview":"max-image-preview:large","max-video-preview":"max-video-preview:-1"},"canonical":"https:\/\/www.ull.es\/portal\/responsabilidad-social\/formacion\/","og_locale":"es_ES","og_type":"article","og_title":"Formaci\u00f3n - Responsabilidad Social","og_description":"[vc_row full_width=\u00bbstretch_row\u00bb css=\u00bb.vc_custom_1559640362312{background-image: url(https:\/\/www.ull.es\/portal\/responsabilidad-social\/wp-content\/uploads\/sites\/31\/2019\/06\/rs2.jpg?id=101) !important;background-position: center !important;background-repeat: no-repeat !important;background-size: cover !important;}\u00bb][vc_column][vc_empty_space][vc_empty_space][vc_custom_heading text=\u00bbFormaci\u00f3n\u00bb font_container=\u00bbtag:h1|font_size:3em|text_align:left|color:%23000000&#8243; use_theme_fonts=\u00bbyes\u00bb][vc_empty_space][vc_empty_space][\/vc_column][\/vc_row][vc_row equal_height=\u00bbyes\u00bb][vc_column width=\u00bb1\/2&#8243;][vc_column_text]El cat\u00e1logo actual de titulaciones de la Universidad de La Laguna comprende Grados, M\u00e1ster Oficial, Programas de Doctorado y T\u00edtulos Propios. Tambi\u00e9n ofrece modalidades de ense\u00f1anza online actualmente conformadas por M\u00e1ster Oficiales y T\u00edtulos Propios, as\u00ed como de ense\u00f1anza semiprensencial...","og_url":"https:\/\/www.ull.es\/portal\/responsabilidad-social\/formacion\/","og_site_name":"Responsabilidad Social","article_modified_time":"2019-06-05T08:52:25+00:00","twitter_card":"summary_large_image","twitter_misc":{"Tiempo de lectura":"2 minutos"},"schema":{"@context":"https:\/\/schema.org","@graph":[{"@type":"WebPage","@id":"https:\/\/www.ull.es\/portal\/responsabilidad-social\/formacion\/","url":"https:\/\/www.ull.es\/portal\/responsabilidad-social\/formacion\/","name":"Formaci\u00f3n - Responsabilidad Social","isPartOf":{"@id":"https:\/\/www.ull.es\/portal\/responsabilidad-social\/#website"},"datePublished":"2019-04-23T11:12:28+00:00","dateModified":"2019-06-05T08:52:25+00:00","breadcrumb":{"@id":"https:\/\/www.ull.es\/portal\/responsabilidad-social\/formacion\/#breadcrumb"},"inLanguage":"es","potentialAction":[{"@type":"ReadAction","target":["https:\/\/www.ull.es\/portal\/responsabilidad-social\/formacion\/"]}]},{"@type":"BreadcrumbList","@id":"https:\/\/www.ull.es\/portal\/responsabilidad-social\/formacion\/#breadcrumb","itemListElement":[{"@type":"ListItem","position":1,"name":"Portada","item":"https:\/\/www.ull.es\/portal\/responsabilidad-social\/"},{"@type":"ListItem","position":2,"name":"Formaci\u00f3n"}]},{"@type":"WebSite","@id":"https:\/\/www.ull.es\/portal\/responsabilidad-social\/#website","url":"https:\/\/www.ull.es\/portal\/responsabilidad-social\/","name":"Responsabilidad Social","description":"","potentialAction":[{"@type":"SearchAction","target":{"@type":"EntryPoint","urlTemplate":"https:\/\/www.ull.es\/portal\/responsabilidad-social\/?s={search_term_string}"},"query-input":"required name=search_term_string"}],"inLanguage":"es"}]}},"_links":{"self":[{"href":"https:\/\/www.ull.es\/portal\/responsabilidad-social\/wp-json\/wp\/v2\/pages\/16"}],"collection":[{"href":"https:\/\/www.ull.es\/portal\/responsabilidad-social\/wp-json\/wp\/v2\/pages"}],"about":[{"href":"https:\/\/www.ull.es\/portal\/responsabilidad-social\/wp-json\/wp\/v2\/types\/page"}],"author":[{"embeddable":true,"href":"https:\/\/www.ull.es\/portal\/responsabilidad-social\/wp-json\/wp\/v2\/users\/41"}],"replies":[{"embeddable":true,"href":"https:\/\/www.ull.es\/portal\/responsabilidad-social\/wp-json\/wp\/v2\/comments?post=16"}],"version-history":[{"count":8,"href":"https:\/\/www.ull.es\/portal\/responsabilidad-social\/wp-json\/wp\/v2\/pages\/16\/revisions"}],"predecessor-version":[{"id":200,"href":"https:\/\/www.ull.es\/portal\/responsabilidad-social\/wp-json\/wp\/v2\/pages\/16\/revisions\/200"}],"wp:attachment":[{"href":"https:\/\/www.ull.es\/portal\/responsabilidad-social\/wp-json\/wp\/v2\/media?parent=16"}],"curies":[{"name":"wp","href":"https:\/\/api.w.org\/{rel}","templated":true}]}}