{"id":194,"date":"2019-06-05T10:44:40","date_gmt":"2019-06-05T08:44:40","guid":{"rendered":"https:\/\/www.ull.es\/portal\/responsabilidad-social\/?page_id=194"},"modified":"2019-06-05T17:17:12","modified_gmt":"2019-06-05T15:17:12","slug":"compromiso","status":"publish","type":"page","link":"https:\/\/www.ull.es\/portal\/responsabilidad-social\/compromiso\/","title":{"rendered":"Compromiso"},"content":{"rendered":"<p>[vc_row full_width=\u00bbstretch_row\u00bb css=\u00bb.vc_custom_1559724675988{background-image: url(https:\/\/www.ull.es\/portal\/responsabilidad-social\/wp-content\/uploads\/sites\/31\/2019\/06\/compromiso1.jpg?id=197) !important;background-position: center !important;background-repeat: no-repeat !important;background-size: cover !important;}\u00bb][vc_column][vc_empty_space][vc_empty_space][vc_custom_heading text=\u00bbCompromiso\u00bb font_container=\u00bbtag:h1|font_size:3em|text_align:left|color:%23ffffff\u00bb use_theme_fonts=\u00bbyes\u00bb][vc_empty_space][vc_empty_space][\/vc_column][\/vc_row][vc_row equal_height=\u00bbyes\u00bb][vc_column width=\u00bb1\/2&#8243;][vc_column_text]<span style=\"font-weight: 400\">La Universidad de La Laguna reconoce como misi\u00f3n, la formaci\u00f3n, la investigaci\u00f3n, la transmisi\u00f3n de conocimientos y la responsabilidad social universitaria, o lo que es lo mismo, contribuir al bienestar de los ciudadanos de Canarias, garantiz\u00e1ndoles una educaci\u00f3n superior de calidad, impulsando el desarrollo econ\u00f3mico mediante la investigaci\u00f3n cient\u00edfica y t\u00e9cnica de alto nivel y la difusi\u00f3n de la cultura, el conocimiento cient\u00edfico y las artes. <\/span><\/p>\n<p><span style=\"font-weight: 400\">Se compromete \u00a0a transmitir estos valores y asume como tarea primordial la formaci\u00f3n integral de sus estudiantes como personas cr\u00edticas, solidarias, emprendedoras y comprometidas con el futuro de su comunidad y de la Humanidad, contando para ello con un <\/span><a href=\"https:\/\/riull.ull.es\/xmlui\/bitstream\/handle\/915\/14011\/WEB%20GUI%CC%81A%20Plan%20Estrate%CC%81gico%20ULL%202019.pdf\" target=\"_blank\" rel=\"noopener\"><span style=\"font-weight: 400\">Plan Estrat\u00e9gico<\/span><\/a><span style=\"font-weight: 400\"> para el periodo 2018\/21.<\/span><\/p>\n<p><span style=\"font-weight: 400\">Como parte de las actividades que promueven la responsabilidad social universitaria, la ULL organiza un ciclo de actividades que favorecen la creaci\u00f3n espacios que facilitan la reflexi\u00f3n, el debate y el di\u00e1logo sobre los principales problemas que preocupan a la sociedad y que se contemplan en la agenda para el desarrollo sostenible: <\/span><a href=\"https:\/\/www.ull.es\/portal\/opina-y-debates\/opina\/\" target=\"_blank\" rel=\"noopener\"><span style=\"font-weight: 400\">Opina<\/span><\/a><span style=\"font-weight: 400\">, <\/span><a href=\"https:\/\/www.ull.es\/portal\/opina-y-debates\/debates\/\" target=\"_blank\" rel=\"noopener\"><span style=\"font-weight: 400\">Debate<\/span><\/a><span style=\"font-weight: 400\"> y <\/span><a href=\"https:\/\/www.ull.es\/portal\/opina-y-debates\/dialogos\/\" target=\"_blank\" rel=\"noopener\"><span style=\"font-weight: 400\">Di\u00e1logos<\/span><\/a><span style=\"font-weight: 400\">.<\/span><\/p>\n<p><span style=\"font-weight: 400\">La Universidad de La Laguna participa activamente en las diferentes comisiones sectoriales de la <\/span><a href=\"http:\/\/www.crue.org\/SitePages\/Inicio.aspx\" target=\"_blank\" rel=\"noopener\"><span style=\"font-weight: 400\">Conferencia de Rectores de Universidades Espa\u00f1olas (CRUE)<\/span><\/a><span style=\"font-weight: 400\"> y tambi\u00e9n pertenece a la <\/span><a href=\"https:\/\/www.unisaludables.es\/es\/\" target=\"_blank\" rel=\"noopener\"><span style=\"font-weight: 400\">Red Espa\u00f1ola de Universidades Saludables (REUS<\/span><\/a><span style=\"font-weight: 400\">), llevando a cabo <\/span><a href=\"https:\/\/www.ull.es\/portal\/campus-y-sostenibilidad\/campus-saludable\/\" target=\"_blank\" rel=\"noopener\"><span style=\"font-weight: 400\">acciones que persiguen promover la salud<\/span><\/a><span style=\"font-weight: 400\"> en el entorno universitario. <\/span><\/p>\n<p><span style=\"font-weight: 400\">Algunas de las actividades que se han promovido en los \u00faltimos a\u00f1os en relaci\u00f3n con la responsabilidad social universitaria pueden consultarse en las <\/span><a href=\"https:\/\/www.ull.es\/portal\/responsabilidad-social\/memorias\/\" target=\"_blank\" rel=\"noopener\"><span style=\"font-weight: 400\">memorias de responsabilidad social.<\/span><\/a>[\/vc_column_text][\/vc_column][vc_column width=\u00bb1\/2&#8243;][vc_single_image image=\u00bb198&#8243; img_size=\u00bbfull\u00bb alignment=\u00bbcenter\u00bb css_animation=\u00bbbounceInDown\u00bb][\/vc_column][\/vc_row]<\/p>\n","protected":false},"excerpt":{"rendered":"<p>[vc_row full_width=\u00bbstretch_row\u00bb css=\u00bb.vc_custom_1559724675988{background-image: url(https:\/\/www.ull.es\/portal\/responsabilidad-social\/wp-content\/uploads\/sites\/31\/2019\/06\/compromiso1.jpg?id=197) !important;background-position: center !important;background-repeat: no-repeat !important;background-size: cover !important;}\u00bb][vc_column][vc_empty_space][vc_empty_space][vc_custom_heading text=\u00bbCompromiso\u00bb font_container=\u00bbtag:h1|font_size:3em|text_align:left|color:%23ffffff\u00bb use_theme_fonts=\u00bbyes\u00bb][vc_empty_space][vc_empty_space][\/vc_column][\/vc_row][vc_row equal_height=\u00bbyes\u00bb][vc_column width=\u00bb1\/2&#8243;][vc_column_text]La Universidad de La Laguna reconoce como misi\u00f3n, la formaci\u00f3n, la investigaci\u00f3n, la transmisi\u00f3n de conocimientos y la responsabilidad social universitaria, o lo que es lo mismo, contribuir al bienestar de los ciudadanos de Canarias, garantiz\u00e1ndoles una educaci\u00f3n superior de&#8230;<\/p>\n","protected":false},"author":41,"featured_media":0,"parent":0,"menu_order":0,"comment_status":"closed","ping_status":"closed","template":"templates\/template-no-title.php","meta":{"inline_featured_image":false,"footnotes":""},"acf":[],"yoast_head":"<!-- This site is optimized with the Yoast SEO plugin v21.3 - https:\/\/yoast.com\/wordpress\/plugins\/seo\/ -->\n<title>Compromiso - Responsabilidad Social<\/title>\n<meta name=\"robots\" content=\"index, follow, max-snippet:-1, max-image-preview:large, max-video-preview:-1\" \/>\n<link rel=\"canonical\" href=\"https:\/\/www.ull.es\/portal\/responsabilidad-social\/compromiso\/\" \/>\n<meta property=\"og:locale\" content=\"es_ES\" \/>\n<meta property=\"og:type\" content=\"article\" \/>\n<meta property=\"og:title\" content=\"Compromiso - Responsabilidad Social\" \/>\n<meta property=\"og:description\" content=\"[vc_row full_width=\u00bbstretch_row\u00bb css=\u00bb.vc_custom_1559724675988{background-image: url(https:\/\/www.ull.es\/portal\/responsabilidad-social\/wp-content\/uploads\/sites\/31\/2019\/06\/compromiso1.jpg?id=197) !important;background-position: center !important;background-repeat: no-repeat !important;background-size: cover !important;}\u00bb][vc_column][vc_empty_space][vc_empty_space][vc_custom_heading text=\u00bbCompromiso\u00bb font_container=\u00bbtag:h1|font_size:3em|text_align:left|color:%23ffffff\u00bb use_theme_fonts=\u00bbyes\u00bb][vc_empty_space][vc_empty_space][\/vc_column][\/vc_row][vc_row equal_height=\u00bbyes\u00bb][vc_column width=\u00bb1\/2&#8243;][vc_column_text]La Universidad de La Laguna reconoce como misi\u00f3n, la formaci\u00f3n, la investigaci\u00f3n, la transmisi\u00f3n de conocimientos y la responsabilidad social universitaria, o lo que es lo mismo, contribuir al bienestar de los ciudadanos de Canarias, garantiz\u00e1ndoles una educaci\u00f3n superior de...\" \/>\n<meta property=\"og:url\" content=\"https:\/\/www.ull.es\/portal\/responsabilidad-social\/compromiso\/\" \/>\n<meta property=\"og:site_name\" content=\"Responsabilidad Social\" \/>\n<meta property=\"article:modified_time\" content=\"2019-06-05T15:17:12+00:00\" \/>\n<meta name=\"twitter:card\" content=\"summary_large_image\" \/>\n<meta name=\"twitter:label1\" content=\"Tiempo de lectura\" \/>\n\t<meta name=\"twitter:data1\" content=\"2 minutos\" \/>\n<script type=\"application\/ld+json\" class=\"yoast-schema-graph\">{\"@context\":\"https:\/\/schema.org\",\"@graph\":[{\"@type\":\"WebPage\",\"@id\":\"https:\/\/www.ull.es\/portal\/responsabilidad-social\/compromiso\/\",\"url\":\"https:\/\/www.ull.es\/portal\/responsabilidad-social\/compromiso\/\",\"name\":\"Compromiso - Responsabilidad Social\",\"isPartOf\":{\"@id\":\"https:\/\/www.ull.es\/portal\/responsabilidad-social\/#website\"},\"datePublished\":\"2019-06-05T08:44:40+00:00\",\"dateModified\":\"2019-06-05T15:17:12+00:00\",\"breadcrumb\":{\"@id\":\"https:\/\/www.ull.es\/portal\/responsabilidad-social\/compromiso\/#breadcrumb\"},\"inLanguage\":\"es\",\"potentialAction\":[{\"@type\":\"ReadAction\",\"target\":[\"https:\/\/www.ull.es\/portal\/responsabilidad-social\/compromiso\/\"]}]},{\"@type\":\"BreadcrumbList\",\"@id\":\"https:\/\/www.ull.es\/portal\/responsabilidad-social\/compromiso\/#breadcrumb\",\"itemListElement\":[{\"@type\":\"ListItem\",\"position\":1,\"name\":\"Portada\",\"item\":\"https:\/\/www.ull.es\/portal\/responsabilidad-social\/\"},{\"@type\":\"ListItem\",\"position\":2,\"name\":\"Compromiso\"}]},{\"@type\":\"WebSite\",\"@id\":\"https:\/\/www.ull.es\/portal\/responsabilidad-social\/#website\",\"url\":\"https:\/\/www.ull.es\/portal\/responsabilidad-social\/\",\"name\":\"Responsabilidad Social\",\"description\":\"\",\"potentialAction\":[{\"@type\":\"SearchAction\",\"target\":{\"@type\":\"EntryPoint\",\"urlTemplate\":\"https:\/\/www.ull.es\/portal\/responsabilidad-social\/?s={search_term_string}\"},\"query-input\":\"required name=search_term_string\"}],\"inLanguage\":\"es\"}]}<\/script>\n<!-- \/ Yoast SEO plugin. -->","yoast_head_json":{"title":"Compromiso - Responsabilidad Social","robots":{"index":"index","follow":"follow","max-snippet":"max-snippet:-1","max-image-preview":"max-image-preview:large","max-video-preview":"max-video-preview:-1"},"canonical":"https:\/\/www.ull.es\/portal\/responsabilidad-social\/compromiso\/","og_locale":"es_ES","og_type":"article","og_title":"Compromiso - Responsabilidad Social","og_description":"[vc_row full_width=\u00bbstretch_row\u00bb css=\u00bb.vc_custom_1559724675988{background-image: url(https:\/\/www.ull.es\/portal\/responsabilidad-social\/wp-content\/uploads\/sites\/31\/2019\/06\/compromiso1.jpg?id=197) !important;background-position: center !important;background-repeat: no-repeat !important;background-size: cover !important;}\u00bb][vc_column][vc_empty_space][vc_empty_space][vc_custom_heading text=\u00bbCompromiso\u00bb font_container=\u00bbtag:h1|font_size:3em|text_align:left|color:%23ffffff\u00bb use_theme_fonts=\u00bbyes\u00bb][vc_empty_space][vc_empty_space][\/vc_column][\/vc_row][vc_row equal_height=\u00bbyes\u00bb][vc_column width=\u00bb1\/2&#8243;][vc_column_text]La Universidad de La Laguna reconoce como misi\u00f3n, la formaci\u00f3n, la investigaci\u00f3n, la transmisi\u00f3n de conocimientos y la responsabilidad social universitaria, o lo que es lo mismo, contribuir al bienestar de los ciudadanos de Canarias, garantiz\u00e1ndoles una educaci\u00f3n superior de...","og_url":"https:\/\/www.ull.es\/portal\/responsabilidad-social\/compromiso\/","og_site_name":"Responsabilidad Social","article_modified_time":"2019-06-05T15:17:12+00:00","twitter_card":"summary_large_image","twitter_misc":{"Tiempo de lectura":"2 minutos"},"schema":{"@context":"https:\/\/schema.org","@graph":[{"@type":"WebPage","@id":"https:\/\/www.ull.es\/portal\/responsabilidad-social\/compromiso\/","url":"https:\/\/www.ull.es\/portal\/responsabilidad-social\/compromiso\/","name":"Compromiso - Responsabilidad Social","isPartOf":{"@id":"https:\/\/www.ull.es\/portal\/responsabilidad-social\/#website"},"datePublished":"2019-06-05T08:44:40+00:00","dateModified":"2019-06-05T15:17:12+00:00","breadcrumb":{"@id":"https:\/\/www.ull.es\/portal\/responsabilidad-social\/compromiso\/#breadcrumb"},"inLanguage":"es","potentialAction":[{"@type":"ReadAction","target":["https:\/\/www.ull.es\/portal\/responsabilidad-social\/compromiso\/"]}]},{"@type":"BreadcrumbList","@id":"https:\/\/www.ull.es\/portal\/responsabilidad-social\/compromiso\/#breadcrumb","itemListElement":[{"@type":"ListItem","position":1,"name":"Portada","item":"https:\/\/www.ull.es\/portal\/responsabilidad-social\/"},{"@type":"ListItem","position":2,"name":"Compromiso"}]},{"@type":"WebSite","@id":"https:\/\/www.ull.es\/portal\/responsabilidad-social\/#website","url":"https:\/\/www.ull.es\/portal\/responsabilidad-social\/","name":"Responsabilidad Social","description":"","potentialAction":[{"@type":"SearchAction","target":{"@type":"EntryPoint","urlTemplate":"https:\/\/www.ull.es\/portal\/responsabilidad-social\/?s={search_term_string}"},"query-input":"required name=search_term_string"}],"inLanguage":"es"}]}},"_links":{"self":[{"href":"https:\/\/www.ull.es\/portal\/responsabilidad-social\/wp-json\/wp\/v2\/pages\/194"}],"collection":[{"href":"https:\/\/www.ull.es\/portal\/responsabilidad-social\/wp-json\/wp\/v2\/pages"}],"about":[{"href":"https:\/\/www.ull.es\/portal\/responsabilidad-social\/wp-json\/wp\/v2\/types\/page"}],"author":[{"embeddable":true,"href":"https:\/\/www.ull.es\/portal\/responsabilidad-social\/wp-json\/wp\/v2\/users\/41"}],"replies":[{"embeddable":true,"href":"https:\/\/www.ull.es\/portal\/responsabilidad-social\/wp-json\/wp\/v2\/comments?post=194"}],"version-history":[{"count":3,"href":"https:\/\/www.ull.es\/portal\/responsabilidad-social\/wp-json\/wp\/v2\/pages\/194\/revisions"}],"predecessor-version":[{"id":206,"href":"https:\/\/www.ull.es\/portal\/responsabilidad-social\/wp-json\/wp\/v2\/pages\/194\/revisions\/206"}],"wp:attachment":[{"href":"https:\/\/www.ull.es\/portal\/responsabilidad-social\/wp-json\/wp\/v2\/media?parent=194"}],"curies":[{"name":"wp","href":"https:\/\/api.w.org\/{rel}","templated":true}]}}