{"id":124,"date":"2021-11-22T17:49:08","date_gmt":"2021-11-22T17:49:08","guid":{"rendered":"https:\/\/www.ull.es\/portal\/the-premise-of-happiness-the-function-of-feelings-in-north-american-narratives\/?page_id=124"},"modified":"2023-10-03T13:57:39","modified_gmt":"2023-10-03T13:57:39","slug":"gallery","status":"publish","type":"page","link":"https:\/\/www.ull.es\/portal\/the-premise-happiness-feelings-nan\/gallery\/","title":{"rendered":"Gallery"},"content":{"rendered":"<p>[vc_row full_width=\u00bbstretch_row_content\u00bb el_class=\u00bbprincipio-marcha\u00bb][vc_column css=\u00bb.vc_custom_1588939369209{padding-top: 40px !important;}\u00bb][vc_custom_heading text=\u00bbGallery\u00bb font_container=\u00bbtag:h2|text_align:center|color:%23ffffff\u00bb use_theme_fonts=\u00bbyes\u00bb css_animation=\u00bbfadeInDownBig\u00bb][\/vc_column][\/vc_row][vc_row][vc_column][vc_empty_space][vc_gallery type=\u00bbimage_grid\u00bb images=\u00bb290,291,292,293&#8243; title=\u00bbNarratives of Happiness and Resilience Project International Workshop II (June 2023)\u00bb][vc_empty_space][vc_gallery type=\u00bbimage_grid\u00bb images=\u00bb287,288,289&#8243; title=\u00bbLarissa Lai\u00bb][vc_empty_space][vc_gallery type=\u00bbimage_grid\u00bb images=\u00bb283,282,281,280,279,278,277,276&#8243; title=\u00bbAEDEAN 2022&#8243;][vc_empty_space][vc_gallery type=\u00bbimage_grid\u00bb images=\u00bb260,270,271&#8243; title=\u00bbDoctoral Thesis Defense: Mar\u00eda Jennifer Est\u00e9vez Yanes (December 2022)\u00bb][vc_empty_space][vc_gallery type=\u00bbimage_grid\u00bb images=\u00bb247,248,249,250&#8243; title=\u00bbNarrative of Happiness and Resilience Project International Workshop (June 2022)\u00bb][vc_empty_space][vc_gallery type=\u00bbimage_grid\u00bb images=\u00bb243,245,226&#8243; title=\u00bbOnline Workshop \u201cStudying Indigenous Literatures and Cultures of Turtle Island in Europe\u201d (May 2022)\u00bb][vc_empty_space][vc_gallery type=\u00bbimage_grid\u00bb images=\u00bb163,164&#8243; title=\u00bbDoctoral Thesis Defense: Coral Anaid D\u00edaz Cano (November 2021)\u00bb][vc_empty_space][vc_gallery type=\u00bbimage_grid\u00bb images=\u00bb165&#8243; title=\u00bbAEDEAN 2021 Round Table: \u201cPostcards from the Interregnum: North-American Cinemas and the Representation of the Great Recession.\u201d Fabi\u00e1n Or\u00e1n Llarena, Isabel Gonz\u00e1lez D\u00edaz, and Eva Darias Beautell (November 2021)\u00bb][vc_empty_space][vc_gallery type=\u00bbimage_grid\u00bb images=\u00bb166&#8243; title=\u00bbSeminario permanente de lectura y debate: Masculinities. A cargo de Eva Darias Beautell (September 2021)\u00bb][vc_empty_space][vc_gallery type=\u00bbimage_grid\u00bb images=\u00bb167&#8243; title=\u00bbProject The Premise of Happiness: Kick-Off Meeting (September 2021)\u00bb][vc_empty_space][\/vc_column][\/vc_row]<\/p>\n","protected":false},"excerpt":{"rendered":"<p>[vc_row full_width=\u00bbstretch_row_content\u00bb el_class=\u00bbprincipio-marcha\u00bb][vc_column css=\u00bb.vc_custom_1588939369209{padding-top: 40px !important;}\u00bb][vc_custom_heading text=\u00bbGallery\u00bb font_container=\u00bbtag:h2|text_align:center|color:%23ffffff\u00bb use_theme_fonts=\u00bbyes\u00bb css_animation=\u00bbfadeInDownBig\u00bb][\/vc_column][\/vc_row][vc_row][vc_column][vc_empty_space][vc_gallery type=\u00bbimage_grid\u00bb images=\u00bb290,291,292,293&#8243; title=\u00bbNarratives of Happiness and Resilience Project International Workshop II (June 2023)\u00bb][vc_empty_space][vc_gallery type=\u00bbimage_grid\u00bb images=\u00bb287,288,289&#8243; title=\u00bbLarissa Lai\u00bb][vc_empty_space][vc_gallery type=\u00bbimage_grid\u00bb images=\u00bb283,282,281,280,279,278,277,276&#8243; title=\u00bbAEDEAN 2022&#8243;][vc_empty_space][vc_gallery type=\u00bbimage_grid\u00bb images=\u00bb260,270,271&#8243; title=\u00bbDoctoral Thesis Defense: Mar\u00eda Jennifer Est\u00e9vez Yanes (December 2022)\u00bb][vc_empty_space][vc_gallery type=\u00bbimage_grid\u00bb images=\u00bb247,248,249,250&#8243; title=\u00bbNarrative of Happiness and Resilience Project International Workshop (June 2022)\u00bb][vc_empty_space][vc_gallery type=\u00bbimage_grid\u00bb&#8230;<\/p>\n","protected":false},"author":41,"featured_media":0,"parent":0,"menu_order":0,"comment_status":"closed","ping_status":"closed","template":"templates\/template-no-title.php","meta":{"inline_featured_image":false,"footnotes":""},"acf":[],"yoast_head":"<!-- This site is optimized with the Yoast SEO plugin v21.3 - https:\/\/yoast.com\/wordpress\/plugins\/seo\/ -->\n<title>Gallery - The Premise of Happiness the function of Feelings in North American Narratives<\/title>\n<meta name=\"robots\" content=\"index, follow, max-snippet:-1, max-image-preview:large, max-video-preview:-1\" \/>\n<link rel=\"canonical\" href=\"https:\/\/www.ull.es\/portal\/the-premise-happiness-feelings-nan\/gallery\/\" \/>\n<meta property=\"og:locale\" content=\"es_ES\" \/>\n<meta property=\"og:type\" content=\"article\" \/>\n<meta property=\"og:title\" content=\"Gallery - The Premise of Happiness the function of Feelings in North American Narratives\" \/>\n<meta property=\"og:description\" content=\"[vc_row full_width=\u00bbstretch_row_content\u00bb el_class=\u00bbprincipio-marcha\u00bb][vc_column css=\u00bb.vc_custom_1588939369209{padding-top: 40px !important;}\u00bb][vc_custom_heading text=\u00bbGallery\u00bb font_container=\u00bbtag:h2|text_align:center|color:%23ffffff\u00bb use_theme_fonts=\u00bbyes\u00bb css_animation=\u00bbfadeInDownBig\u00bb][\/vc_column][\/vc_row][vc_row][vc_column][vc_empty_space][vc_gallery type=\u00bbimage_grid\u00bb images=\u00bb290,291,292,293&#8243; title=\u00bbNarratives of Happiness and Resilience Project International Workshop II (June 2023)\u00bb][vc_empty_space][vc_gallery type=\u00bbimage_grid\u00bb images=\u00bb287,288,289&#8243; title=\u00bbLarissa Lai\u00bb][vc_empty_space][vc_gallery type=\u00bbimage_grid\u00bb images=\u00bb283,282,281,280,279,278,277,276&#8243; title=\u00bbAEDEAN 2022&#8243;][vc_empty_space][vc_gallery type=\u00bbimage_grid\u00bb images=\u00bb260,270,271&#8243; title=\u00bbDoctoral Thesis Defense: Mar\u00eda Jennifer Est\u00e9vez Yanes (December 2022)\u00bb][vc_empty_space][vc_gallery type=\u00bbimage_grid\u00bb images=\u00bb247,248,249,250&#8243; title=\u00bbNarrative of Happiness and Resilience Project International Workshop (June 2022)\u00bb][vc_empty_space][vc_gallery type=\u00bbimage_grid\u00bb...\" \/>\n<meta property=\"og:url\" content=\"https:\/\/www.ull.es\/portal\/the-premise-happiness-feelings-nan\/gallery\/\" \/>\n<meta property=\"og:site_name\" content=\"The Premise of Happiness the function of Feelings in North American Narratives\" \/>\n<meta property=\"article:modified_time\" content=\"2023-10-03T13:57:39+00:00\" \/>\n<meta name=\"twitter:card\" content=\"summary_large_image\" \/>\n<meta name=\"twitter:label1\" content=\"Tiempo de lectura\" \/>\n\t<meta name=\"twitter:data1\" content=\"1 minuto\" \/>\n<script type=\"application\/ld+json\" class=\"yoast-schema-graph\">{\"@context\":\"https:\/\/schema.org\",\"@graph\":[{\"@type\":\"WebPage\",\"@id\":\"https:\/\/www.ull.es\/portal\/the-premise-happiness-feelings-nan\/gallery\/\",\"url\":\"https:\/\/www.ull.es\/portal\/the-premise-happiness-feelings-nan\/gallery\/\",\"name\":\"Gallery - The Premise of Happiness the function of Feelings in North American Narratives\",\"isPartOf\":{\"@id\":\"https:\/\/www.ull.es\/portal\/the-premise-happiness-feelings-nan\/#website\"},\"datePublished\":\"2021-11-22T17:49:08+00:00\",\"dateModified\":\"2023-10-03T13:57:39+00:00\",\"breadcrumb\":{\"@id\":\"https:\/\/www.ull.es\/portal\/the-premise-happiness-feelings-nan\/gallery\/#breadcrumb\"},\"inLanguage\":\"es\",\"potentialAction\":[{\"@type\":\"ReadAction\",\"target\":[\"https:\/\/www.ull.es\/portal\/the-premise-happiness-feelings-nan\/gallery\/\"]}]},{\"@type\":\"BreadcrumbList\",\"@id\":\"https:\/\/www.ull.es\/portal\/the-premise-happiness-feelings-nan\/gallery\/#breadcrumb\",\"itemListElement\":[{\"@type\":\"ListItem\",\"position\":1,\"name\":\"Portada\",\"item\":\"https:\/\/www.ull.es\/portal\/the-premise-happiness-feelings-nan\/\"},{\"@type\":\"ListItem\",\"position\":2,\"name\":\"Gallery\"}]},{\"@type\":\"WebSite\",\"@id\":\"https:\/\/www.ull.es\/portal\/the-premise-happiness-feelings-nan\/#website\",\"url\":\"https:\/\/www.ull.es\/portal\/the-premise-happiness-feelings-nan\/\",\"name\":\"The Premise of Happiness the function of Feelings in North American Narratives\",\"description\":\"\",\"potentialAction\":[{\"@type\":\"SearchAction\",\"target\":{\"@type\":\"EntryPoint\",\"urlTemplate\":\"https:\/\/www.ull.es\/portal\/the-premise-happiness-feelings-nan\/?s={search_term_string}\"},\"query-input\":\"required name=search_term_string\"}],\"inLanguage\":\"es\"}]}<\/script>\n<!-- \/ Yoast SEO plugin. -->","yoast_head_json":{"title":"Gallery - The Premise of Happiness the function of Feelings in North American Narratives","robots":{"index":"index","follow":"follow","max-snippet":"max-snippet:-1","max-image-preview":"max-image-preview:large","max-video-preview":"max-video-preview:-1"},"canonical":"https:\/\/www.ull.es\/portal\/the-premise-happiness-feelings-nan\/gallery\/","og_locale":"es_ES","og_type":"article","og_title":"Gallery - The Premise of Happiness the function of Feelings in North American Narratives","og_description":"[vc_row full_width=\u00bbstretch_row_content\u00bb el_class=\u00bbprincipio-marcha\u00bb][vc_column css=\u00bb.vc_custom_1588939369209{padding-top: 40px !important;}\u00bb][vc_custom_heading text=\u00bbGallery\u00bb font_container=\u00bbtag:h2|text_align:center|color:%23ffffff\u00bb use_theme_fonts=\u00bbyes\u00bb css_animation=\u00bbfadeInDownBig\u00bb][\/vc_column][\/vc_row][vc_row][vc_column][vc_empty_space][vc_gallery type=\u00bbimage_grid\u00bb images=\u00bb290,291,292,293&#8243; title=\u00bbNarratives of Happiness and Resilience Project International Workshop II (June 2023)\u00bb][vc_empty_space][vc_gallery type=\u00bbimage_grid\u00bb images=\u00bb287,288,289&#8243; title=\u00bbLarissa Lai\u00bb][vc_empty_space][vc_gallery type=\u00bbimage_grid\u00bb images=\u00bb283,282,281,280,279,278,277,276&#8243; title=\u00bbAEDEAN 2022&#8243;][vc_empty_space][vc_gallery type=\u00bbimage_grid\u00bb images=\u00bb260,270,271&#8243; title=\u00bbDoctoral Thesis Defense: Mar\u00eda Jennifer Est\u00e9vez Yanes (December 2022)\u00bb][vc_empty_space][vc_gallery type=\u00bbimage_grid\u00bb images=\u00bb247,248,249,250&#8243; title=\u00bbNarrative of Happiness and Resilience Project International Workshop (June 2022)\u00bb][vc_empty_space][vc_gallery type=\u00bbimage_grid\u00bb...","og_url":"https:\/\/www.ull.es\/portal\/the-premise-happiness-feelings-nan\/gallery\/","og_site_name":"The Premise of Happiness the function of Feelings in North American Narratives","article_modified_time":"2023-10-03T13:57:39+00:00","twitter_card":"summary_large_image","twitter_misc":{"Tiempo de lectura":"1 minuto"},"schema":{"@context":"https:\/\/schema.org","@graph":[{"@type":"WebPage","@id":"https:\/\/www.ull.es\/portal\/the-premise-happiness-feelings-nan\/gallery\/","url":"https:\/\/www.ull.es\/portal\/the-premise-happiness-feelings-nan\/gallery\/","name":"Gallery - The Premise of Happiness the function of Feelings in North American Narratives","isPartOf":{"@id":"https:\/\/www.ull.es\/portal\/the-premise-happiness-feelings-nan\/#website"},"datePublished":"2021-11-22T17:49:08+00:00","dateModified":"2023-10-03T13:57:39+00:00","breadcrumb":{"@id":"https:\/\/www.ull.es\/portal\/the-premise-happiness-feelings-nan\/gallery\/#breadcrumb"},"inLanguage":"es","potentialAction":[{"@type":"ReadAction","target":["https:\/\/www.ull.es\/portal\/the-premise-happiness-feelings-nan\/gallery\/"]}]},{"@type":"BreadcrumbList","@id":"https:\/\/www.ull.es\/portal\/the-premise-happiness-feelings-nan\/gallery\/#breadcrumb","itemListElement":[{"@type":"ListItem","position":1,"name":"Portada","item":"https:\/\/www.ull.es\/portal\/the-premise-happiness-feelings-nan\/"},{"@type":"ListItem","position":2,"name":"Gallery"}]},{"@type":"WebSite","@id":"https:\/\/www.ull.es\/portal\/the-premise-happiness-feelings-nan\/#website","url":"https:\/\/www.ull.es\/portal\/the-premise-happiness-feelings-nan\/","name":"The Premise of Happiness the function of Feelings in North American Narratives","description":"","potentialAction":[{"@type":"SearchAction","target":{"@type":"EntryPoint","urlTemplate":"https:\/\/www.ull.es\/portal\/the-premise-happiness-feelings-nan\/?s={search_term_string}"},"query-input":"required name=search_term_string"}],"inLanguage":"es"}]}},"_links":{"self":[{"href":"https:\/\/www.ull.es\/portal\/the-premise-happiness-feelings-nan\/wp-json\/wp\/v2\/pages\/124"}],"collection":[{"href":"https:\/\/www.ull.es\/portal\/the-premise-happiness-feelings-nan\/wp-json\/wp\/v2\/pages"}],"about":[{"href":"https:\/\/www.ull.es\/portal\/the-premise-happiness-feelings-nan\/wp-json\/wp\/v2\/types\/page"}],"author":[{"embeddable":true,"href":"https:\/\/www.ull.es\/portal\/the-premise-happiness-feelings-nan\/wp-json\/wp\/v2\/users\/41"}],"replies":[{"embeddable":true,"href":"https:\/\/www.ull.es\/portal\/the-premise-happiness-feelings-nan\/wp-json\/wp\/v2\/comments?post=124"}],"version-history":[{"count":16,"href":"https:\/\/www.ull.es\/portal\/the-premise-happiness-feelings-nan\/wp-json\/wp\/v2\/pages\/124\/revisions"}],"predecessor-version":[{"id":294,"href":"https:\/\/www.ull.es\/portal\/the-premise-happiness-feelings-nan\/wp-json\/wp\/v2\/pages\/124\/revisions\/294"}],"wp:attachment":[{"href":"https:\/\/www.ull.es\/portal\/the-premise-happiness-feelings-nan\/wp-json\/wp\/v2\/media?parent=124"}],"curies":[{"name":"wp","href":"https:\/\/api.w.org\/{rel}","templated":true}]}}