{"id":332,"date":"2023-10-05T14:04:34","date_gmt":"2023-10-05T14:04:34","guid":{"rendered":"https:\/\/www.ull.es\/portal\/the-premise-happiness-feelings-nan\/?page_id=332"},"modified":"2023-10-05T14:05:03","modified_gmt":"2023-10-05T14:05:03","slug":"events-2022","status":"publish","type":"page","link":"https:\/\/www.ull.es\/portal\/the-premise-happiness-feelings-nan\/events-2022\/","title":{"rendered":"Events 2022"},"content":{"rendered":"<p>[vc_row full_width=\u00bbstretch_row_content\u00bb el_class=\u00bbprincipio-marcha\u00bb][vc_column css=\u00bb.vc_custom_1588939369209{padding-top: 40px !important;}\u00bb][vc_custom_heading text=\u00bbEvents 2022&#8243; font_container=\u00bbtag:h2|text_align:center|color:%23ffffff\u00bb use_theme_fonts=\u00bbyes\u00bb css_animation=\u00bbfadeInDownBig\u00bb][\/vc_column][\/vc_row][vc_row full_width=\u00bbstretch_row_content\u00bb equal_height=\u00bbyes\u00bb][vc_column css=\u00bb.vc_custom_1588945461556{background-color: #f2f2f2 !important;}\u00bb][vc_tta_accordion active_section=\u00bb0&#8243; css_animation=\u00bbfadeInDown\u00bb collapsible_all=\u00bbtrue\u00bb][vc_tta_section title=\u00bbSeminario Lectura Jos\u00e9 V. Alegr\u00eda\u00bb tab_id=\u00bb1672748556096-d1913c66-256d\u00bb][vc_row_inner equal_height=\u00bbyes\u00bb][vc_column_inner width=\u00bb1\/2&#8243; css=\u00bb.vc_custom_1589804330140{padding-top: 10% !important;padding-right: 10% !important;padding-bottom: 5% !important;padding-left: 10% !important;background-color: #f2f2f2 !important;}\u00bb][vc_custom_heading text=\u00bbSeminario Lectura Jos\u00e9 V. Alegr\u00eda\u00bb font_container=\u00bbtag:h3|text_align:left|color:%235c068c\u00bb use_theme_fonts=\u00bbyes\u00bb css_animation=\u00bbfadeInDownBig\u00bb][vc_empty_space][vc_column_text]<strong>Tema: Land sovereignty in Indigenous literature<\/strong><\/p>\n<p><strong>Texto principal: \u00abThe Boys Who Became Hummingbirds\u00bb de Daniel Heath Justice<\/strong><\/p>\n<p><strong>A cargo de: Jos\u00e9 Alegr\u00eda Hern\u00e1ndez<\/strong><\/p>\n<p><strong>Jueves 13 de diciembre de 2022 (17:00h) @ Google Meet<\/strong>[\/vc_column_text][vc_empty_space][\/vc_column_inner][vc_column_inner width=\u00bb1\/2&#8243; css=\u00bb.vc_custom_1589806051487{padding-top: 15% !important;background-color: #e5e5e5 !important;background-position: center !important;background-repeat: no-repeat !important;background-size: cover !important;}\u00bb][vc_single_image image=\u00bb272&#8243; img_size=\u00bbfull\u00bb alignment=\u00bbcenter\u00bb css_animation=\u00bbfadeInDownBig\u00bb][\/vc_column_inner][\/vc_row_inner][\/vc_tta_section][vc_tta_section title=\u00bbTransCanadian Networks 22: Myra Bloom\u00bb tab_id=\u00bb1672748832152-bdc3945d-52d3&#8243;][vc_row_inner equal_height=\u00bbyes\u00bb][vc_column_inner width=\u00bb1\/2&#8243; css=\u00bb.vc_custom_1589804330140{padding-top: 10% !important;padding-right: 10% !important;padding-bottom: 5% !important;padding-left: 10% !important;background-color: #f2f2f2 !important;}\u00bb][vc_custom_heading text=\u00bbTransCanadian Networks 22: Myra Bloom\u00bb font_container=\u00bbtag:h3|text_align:left|color:%235c068c\u00bb use_theme_fonts=\u00bbyes\u00bb css_animation=\u00bbfadeInDownBig\u00bb][vc_empty_space][vc_column_text]<strong>TransCanadian Networks 22 Online Seminars (RED2018-102643-T).<\/strong><\/p>\n<p><strong>\u201cNelly Arcan: Sex, Politics, Autofiction\u201d by Myra Bloom (York University)<\/strong><\/p>\n<p><strong>Thursday, December 15, 2022 (17:00h) @ Google Meet<\/strong>[\/vc_column_text][vc_empty_space][\/vc_column_inner][vc_column_inner width=\u00bb1\/2&#8243; css=\u00bb.vc_custom_1589806051487{padding-top: 15% !important;background-color: #e5e5e5 !important;background-position: center !important;background-repeat: no-repeat !important;background-size: cover !important;}\u00bb][vc_single_image image=\u00bb259&#8243; img_size=\u00bbfull\u00bb alignment=\u00bbcenter\u00bb css_animation=\u00bbfadeInDownBig\u00bb][\/vc_column_inner][\/vc_row_inner][\/vc_tta_section][vc_tta_section title=\u00bbTransCanadian Networks 22: Andrea Ruthven\u00bb tab_id=\u00bb1657806463251-71fcd7af-5200&#8243;][vc_row_inner equal_height=\u00bbyes\u00bb][vc_column_inner width=\u00bb1\/2&#8243; css=\u00bb.vc_custom_1589804330140{padding-top: 10% !important;padding-right: 10% !important;padding-bottom: 5% !important;padding-left: 10% !important;background-color: #f2f2f2 !important;}\u00bb][vc_custom_heading text=\u00bbTransCanadian Networks 22: Andrea Ruthven\u00bb font_container=\u00bbtag:h3|text_align:left|color:%235c068c\u00bb use_theme_fonts=\u00bbyes\u00bb css_animation=\u00bbfadeInDownBig\u00bb][vc_empty_space][vc_column_text]<strong>TransCanadian Networks 22 Online Seminars (RED2018-102643-T).<\/strong><\/p>\n<p><strong>\u201c\u2018PLACE-THOUGHT\u2019 AND \u2018TERRISTORY\u2019 IN DANIS GOULET\u2019S SHORT FILM\u00a0 \u201cWAKENING (2013)\u201d by Andrea Ruthven (University of the Balearic Islands)<\/strong><\/p>\n<p><strong>Thursday, June 30, 2022 (17:00h) @ Google Meet<\/strong>[\/vc_column_text][vc_empty_space][\/vc_column_inner][vc_column_inner width=\u00bb1\/2&#8243; css=\u00bb.vc_custom_1589806051487{padding-top: 15% !important;background-color: #e5e5e5 !important;background-position: center !important;background-repeat: no-repeat !important;background-size: cover !important;}\u00bb][vc_single_image image=\u00bb234&#8243; img_size=\u00bbfull\u00bb alignment=\u00bbcenter\u00bb css_animation=\u00bbfadeInDownBig\u00bb][\/vc_column_inner][\/vc_row_inner][\/vc_tta_section][vc_tta_section title=\u00bbNarrative of Happiness and Resilience Project International Workshop I\u00bb tab_id=\u00bb1657806268779-150b4b5e-2141&#8243;][vc_row_inner equal_height=\u00bbyes\u00bb][vc_column_inner width=\u00bb1\/2&#8243; css=\u00bb.vc_custom_1589804330140{padding-top: 10% !important;padding-right: 10% !important;padding-bottom: 5% !important;padding-left: 10% !important;background-color: #f2f2f2 !important;}\u00bb][vc_custom_heading text=\u00bbNarrative of Happiness and Resilience Project International Workshop I\u00bb font_container=\u00bbtag:h3|text_align:left|color:%235c068c\u00bb use_theme_fonts=\u00bbyes\u00bb css_animation=\u00bbfadeInDownBig\u00bb][vc_empty_space][vc_column_text]<strong>In collaboration with TransCanadian Networks.\u00a0<\/strong><\/p>\n<p><strong>Universidad de La Laguna (ULL) and online<\/strong><\/p>\n<p><strong>June 1- 4, 2022<\/strong>[\/vc_column_text][vc_empty_space][\/vc_column_inner][vc_column_inner width=\u00bb1\/2&#8243; css=\u00bb.vc_custom_1589806051487{padding-top: 15% !important;background-color: #e5e5e5 !important;background-position: center !important;background-repeat: no-repeat !important;background-size: cover !important;}\u00bb][vc_single_image image=\u00bb232&#8243; img_size=\u00bbfull\u00bb alignment=\u00bbcenter\u00bb css_animation=\u00bbfadeInDownBig\u00bb][\/vc_column_inner][\/vc_row_inner][\/vc_tta_section][vc_tta_section title=\u00bbOnline Workshop \u201cStudying Indigenous Literatures and Cultures of Turtle Island in Europe\u201d. Organized by GKS\u00bb tab_id=\u00bb1657805658220-da170f8f-efa2&#8243;][vc_row_inner equal_height=\u00bbyes\u00bb][vc_column_inner width=\u00bb1\/2&#8243; css=\u00bb.vc_custom_1589804330140{padding-top: 10% !important;padding-right: 10% !important;padding-bottom: 5% !important;padding-left: 10% !important;background-color: #f2f2f2 !important;}\u00bb][vc_custom_heading text=\u00bbOnline Workshop \u201cStudying Indigenous Literatures and Cultures of Turtle Island in Europe\u201d. Organized by GKS\u00bb font_container=\u00bbtag:h3|text_align:left|color:%235c068c\u00bb use_theme_fonts=\u00bbyes\u00bb css_animation=\u00bbfadeInDownBig\u00bb][vc_empty_space][vc_column_text]<strong>\u201cStudying Indigenous Literatures and Cultures of Turtle Island in Europe: Questions of Methodology, Positionality, Accountability, and Research Ethics\u201d.\u00a0<\/strong><\/p>\n<p><strong>Organized by the Emerging Scholar\u2019s Forum of the Association for Canadian Studies in German-Speaking Countries (GKS).\u00a0<\/strong><\/p>\n<p><strong>May 5th &#8211; 6th, 2022.\u00a0<\/strong><\/p>\n<p><strong>Presentations:\u00a0<\/strong><\/p>\n<ul>\n<li style=\"font-weight: 400;\" aria-level=\"1\"><strong>Jos\u00e9 V. Alegr\u00eda \u201cBack to the Futures: Time- Mediated (Un)Happiness in Indigenous Speculative Short-Fiction\u201d<\/strong><\/li>\n<li style=\"font-weight: 400;\" aria-level=\"1\"><strong>Claudia Miller \u201cWays of Being in Crisis: A Study of Arctic Climate Change in Inuit Life Writing\u201d<\/strong><\/li>\n<\/ul>\n<p>[\/vc_column_text][vc_empty_space][\/vc_column_inner][vc_column_inner width=\u00bb1\/2&#8243; css=\u00bb.vc_custom_1589806051487{padding-top: 15% !important;background-color: #e5e5e5 !important;background-position: center !important;background-repeat: no-repeat !important;background-size: cover !important;}\u00bb][vc_single_image image=\u00bb226&#8243; img_size=\u00bbfull\u00bb alignment=\u00bbcenter\u00bb css_animation=\u00bbfadeInDownBig\u00bb][\/vc_column_inner][\/vc_row_inner][\/vc_tta_section][vc_tta_section title=\u00bbSeminario Permanente de Lectura y Debate: Affect and Monstrosity. A cargo de Sheila Hern\u00e1ndez\u00bb tab_id=\u00bb1657806040802-112305ee-c6ca\u00bb][vc_row_inner equal_height=\u00bbyes\u00bb][vc_column_inner width=\u00bb1\/2&#8243; css=\u00bb.vc_custom_1589804330140{padding-top: 10% !important;padding-right: 10% !important;padding-bottom: 5% !important;padding-left: 10% !important;background-color: #f2f2f2 !important;}\u00bb][vc_custom_heading text=\u00bbSeminario Permanente de Lectura y Debate: Affect and Monstrosity. A cargo de Sheila Hern\u00e1ndez\u00bb font_container=\u00bbtag:h3|text_align:left|color:%235c068c\u00bb use_theme_fonts=\u00bbyes\u00bb css_animation=\u00bbfadeInDownBig\u00bb][vc_empty_space][vc_column_text]<strong>Tema: Affect and Monstrosity<\/strong><\/p>\n<p><strong>Texto principal: \u00abUgly Feelings\u00bb de Sianne Ngai (2005)<\/strong><\/p>\n<p><strong>A cargo de: Sheila Hern\u00e1ndez Gonz\u00e1lez<\/strong><\/p>\n<p><strong>Jueves 12 de mayo de 2022 (17:00h) @ Google Meet<\/strong>[\/vc_column_text][vc_empty_space][\/vc_column_inner][vc_column_inner width=\u00bb1\/2&#8243; css=\u00bb.vc_custom_1589805790806{padding-top: 10% !important;background-color: #e5e5e5 !important;background-position: center !important;background-repeat: no-repeat !important;background-size: cover !important;}\u00bb][vc_single_image image=\u00bb230&#8243; img_size=\u00bbfull\u00bb alignment=\u00bbcenter\u00bb css_animation=\u00bbfadeInDownBig\u00bb][\/vc_column_inner][\/vc_row_inner][\/vc_tta_section][vc_tta_section title=\u00bbTransCanadian Networks 22: Coral D\u00edaz\u00bb tab_id=\u00bb1657805831882-75bedd92-5a18&#8243;][vc_row_inner equal_height=\u00bbyes\u00bb][vc_column_inner width=\u00bb1\/2&#8243; css=\u00bb.vc_custom_1589804330140{padding-top: 10% !important;padding-right: 10% !important;padding-bottom: 5% !important;padding-left: 10% !important;background-color: #f2f2f2 !important;}\u00bb][vc_custom_heading text=\u00bbTransCanadian Networks 22: Coral D\u00edaz\u00bb font_container=\u00bbtag:h3|text_align:left|color:%235c068c\u00bb use_theme_fonts=\u00bbyes\u00bb css_animation=\u00bbfadeInDownBig\u00bb][vc_empty_space][vc_column_text]<strong>TransCanadian Networks 22 Online Seminars (RED2018-102643-T).<\/strong><\/p>\n<p><strong>\u201c\u2018Lost your superpower?\u2019: Reshaping Disability and Voicelessness in Georgia Webber\u2019s Dumb\u201d by Coral Anaid D\u00edaz Cano (University of La Laguna)<\/strong><\/p>\n<p><strong>Tuesday, April 26, 2022 (17:00) @ Google Meet<\/strong>[\/vc_column_text][vc_empty_space][\/vc_column_inner][vc_column_inner width=\u00bb1\/2&#8243; css=\u00bb.vc_custom_1589806051487{padding-top: 15% !important;background-color: #e5e5e5 !important;background-position: center !important;background-repeat: no-repeat !important;background-size: cover !important;}\u00bb][vc_single_image image=\u00bb227&#8243; img_size=\u00bbfull\u00bb alignment=\u00bbcenter\u00bb css_animation=\u00bbfadeInDownBig\u00bb][\/vc_column_inner][\/vc_row_inner][\/vc_tta_section][vc_tta_section title=\u00bbSeminario Permanente de Lectura y Debate: Crip Theory. A cargo de Coral Diaz\u00bb tab_id=\u00bb1657805240860-44cb4f34-99bd\u00bb][vc_row_inner equal_height=\u00bbyes\u00bb][vc_column_inner width=\u00bb1\/2&#8243; css=\u00bb.vc_custom_1589804330140{padding-top: 10% !important;padding-right: 10% !important;padding-bottom: 5% !important;padding-left: 10% !important;background-color: #f2f2f2 !important;}\u00bb][vc_custom_heading text=\u00bbSeminario Permanente de Lectura y Debate: Crip Theory. A cargo de Coral Diaz\u00bb font_container=\u00bbtag:h3|text_align:left|color:%235c068c\u00bb use_theme_fonts=\u00bbyes\u00bb css_animation=\u00bbfadeInDownBig\u00bb][vc_empty_space][vc_column_text]<\/p>\n<p class=\"p1\"><strong><span class=\"s1\">Tema:<\/span><span class=\"s2\"> Crip Theory<\/span><\/strong><\/p>\n<p class=\"p1\"><strong><span class=\"s1\">Texto principal:<\/span><span class=\"s2\"> \u00abAfter Crip, Crip Afters\u00bb de Alison Kafer (2021)<\/span><\/strong><\/p>\n<p class=\"p1\"><strong><span class=\"s1\">A cargo de:<\/span><span class=\"s2\"> Coral Anaid D\u00edaz Cano<\/span><\/strong><\/p>\n<p class=\"p1\"><strong>Jueves 17 de febrero de 2022 (17.00 h) @ Google Meet<\/strong><\/p>\n<p>[\/vc_column_text][vc_empty_space][\/vc_column_inner][vc_column_inner width=\u00bb1\/2&#8243; css=\u00bb.vc_custom_1589805790806{padding-top: 10% !important;background-color: #e5e5e5 !important;background-position: center !important;background-repeat: no-repeat !important;background-size: cover !important;}\u00bb][vc_single_image image=\u00bb223&#8243; img_size=\u00bbfull\u00bb alignment=\u00bbcenter\u00bb css_animation=\u00bbfadeInDownBig\u00bb][\/vc_column_inner][\/vc_row_inner][\/vc_tta_section][vc_tta_section title=\u00bbTransCanadian Networks 22: Sara Tabuyo\u00bb tab_id=\u00bb1657805428709-65ee7c58-e908&#8243;][vc_row_inner equal_height=\u00bbyes\u00bb][vc_column_inner width=\u00bb1\/2&#8243; css=\u00bb.vc_custom_1589804330140{padding-top: 10% !important;padding-right: 10% !important;padding-bottom: 5% !important;padding-left: 10% !important;background-color: #f2f2f2 !important;}\u00bb][vc_custom_heading text=\u00bbTransCanadian Networks 22: Sara Tabuyo\u00bb font_container=\u00bbtag:h3|text_align:left|color:%235c068c\u00bb use_theme_fonts=\u00bbyes\u00bb css_animation=\u00bbfadeInDownBig\u00bb][vc_empty_space][vc_column_text]<\/p>\n<p class=\"p1\"><strong>TransCanadian Networks 22 Online Seminars (RED2018-102643-T).<\/strong><\/p>\n<p class=\"p1\"><strong>\u201cTestimonies from Gilead: A Feminist Approach to The Handmaid\u2019s Tale Universe\u201d by Sara Tabuyo Santaclara (Universidad de Vigo).<\/strong><\/p>\n<p><strong>Tuesday, February 22, 2022 (16:00 h) @ Zoom<\/strong>[\/vc_column_text][vc_empty_space][\/vc_column_inner][vc_column_inner width=\u00bb1\/2&#8243; css=\u00bb.vc_custom_1589806051487{padding-top: 15% !important;background-color: #e5e5e5 !important;background-position: center !important;background-repeat: no-repeat !important;background-size: cover !important;}\u00bb][vc_single_image image=\u00bb225&#8243; img_size=\u00bbfull\u00bb alignment=\u00bbcenter\u00bb css_animation=\u00bbfadeInDownBig\u00bb][\/vc_column_inner][\/vc_row_inner][\/vc_tta_section][\/vc_tta_accordion][vc_empty_space height=\u00bb120px\u00bb][\/vc_column][\/vc_row]<\/p>\n","protected":false},"excerpt":{"rendered":"<p>[vc_row full_width=\u00bbstretch_row_content\u00bb el_class=\u00bbprincipio-marcha\u00bb][vc_column css=\u00bb.vc_custom_1588939369209{padding-top: 40px !important;}\u00bb][vc_custom_heading text=\u00bbEvents 2022&#8243; font_container=\u00bbtag:h2|text_align:center|color:%23ffffff\u00bb use_theme_fonts=\u00bbyes\u00bb css_animation=\u00bbfadeInDownBig\u00bb][\/vc_column][\/vc_row][vc_row full_width=\u00bbstretch_row_content\u00bb equal_height=\u00bbyes\u00bb][vc_column css=\u00bb.vc_custom_1588945461556{background-color: #f2f2f2 !important;}\u00bb][vc_tta_accordion active_section=\u00bb0&#8243; css_animation=\u00bbfadeInDown\u00bb collapsible_all=\u00bbtrue\u00bb][vc_tta_section title=\u00bbSeminario Lectura Jos\u00e9 V. Alegr\u00eda\u00bb tab_id=\u00bb1672748556096-d1913c66-256d\u00bb][vc_row_inner equal_height=\u00bbyes\u00bb][vc_column_inner width=\u00bb1\/2&#8243; css=\u00bb.vc_custom_1589804330140{padding-top: 10% !important;padding-right: 10% !important;padding-bottom: 5% !important;padding-left: 10% !important;background-color: #f2f2f2 !important;}\u00bb][vc_custom_heading text=\u00bbSeminario Lectura Jos\u00e9 V. Alegr\u00eda\u00bb font_container=\u00bbtag:h3|text_align:left|color:%235c068c\u00bb use_theme_fonts=\u00bbyes\u00bb css_animation=\u00bbfadeInDownBig\u00bb][vc_empty_space][vc_column_text]Tema: Land sovereignty in Indigenous literature Texto principal: \u00abThe Boys&#8230;<\/p>\n","protected":false},"author":97,"featured_media":0,"parent":0,"menu_order":0,"comment_status":"closed","ping_status":"closed","template":"templates\/template-no-title.php","meta":{"inline_featured_image":false,"footnotes":""},"acf":[],"yoast_head":"<!-- This site is optimized with the Yoast SEO plugin v21.3 - https:\/\/yoast.com\/wordpress\/plugins\/seo\/ -->\n<title>Events 2022 - The Premise of Happiness the function of Feelings in North American Narratives<\/title>\n<meta name=\"robots\" content=\"index, follow, max-snippet:-1, max-image-preview:large, max-video-preview:-1\" \/>\n<link rel=\"canonical\" href=\"https:\/\/www.ull.es\/portal\/the-premise-happiness-feelings-nan\/events-2022\/\" \/>\n<meta property=\"og:locale\" content=\"es_ES\" \/>\n<meta property=\"og:type\" content=\"article\" \/>\n<meta property=\"og:title\" content=\"Events 2022 - The Premise of Happiness the function of Feelings in North American Narratives\" \/>\n<meta property=\"og:description\" content=\"[vc_row full_width=\u00bbstretch_row_content\u00bb el_class=\u00bbprincipio-marcha\u00bb][vc_column css=\u00bb.vc_custom_1588939369209{padding-top: 40px !important;}\u00bb][vc_custom_heading text=\u00bbEvents 2022&#8243; font_container=\u00bbtag:h2|text_align:center|color:%23ffffff\u00bb use_theme_fonts=\u00bbyes\u00bb css_animation=\u00bbfadeInDownBig\u00bb][\/vc_column][\/vc_row][vc_row full_width=\u00bbstretch_row_content\u00bb equal_height=\u00bbyes\u00bb][vc_column css=\u00bb.vc_custom_1588945461556{background-color: #f2f2f2 !important;}\u00bb][vc_tta_accordion active_section=\u00bb0&#8243; css_animation=\u00bbfadeInDown\u00bb collapsible_all=\u00bbtrue\u00bb][vc_tta_section title=\u00bbSeminario Lectura Jos\u00e9 V. Alegr\u00eda\u00bb tab_id=\u00bb1672748556096-d1913c66-256d\u00bb][vc_row_inner equal_height=\u00bbyes\u00bb][vc_column_inner width=\u00bb1\/2&#8243; css=\u00bb.vc_custom_1589804330140{padding-top: 10% !important;padding-right: 10% !important;padding-bottom: 5% !important;padding-left: 10% !important;background-color: #f2f2f2 !important;}\u00bb][vc_custom_heading text=\u00bbSeminario Lectura Jos\u00e9 V. Alegr\u00eda\u00bb font_container=\u00bbtag:h3|text_align:left|color:%235c068c\u00bb use_theme_fonts=\u00bbyes\u00bb css_animation=\u00bbfadeInDownBig\u00bb][vc_empty_space][vc_column_text]Tema: Land sovereignty in Indigenous literature Texto principal: \u00abThe Boys...\" \/>\n<meta property=\"og:url\" content=\"https:\/\/www.ull.es\/portal\/the-premise-happiness-feelings-nan\/events-2022\/\" \/>\n<meta property=\"og:site_name\" content=\"The Premise of Happiness the function of Feelings in North American Narratives\" \/>\n<meta property=\"article:modified_time\" content=\"2023-10-05T14:05:03+00:00\" \/>\n<meta name=\"twitter:card\" content=\"summary_large_image\" \/>\n<meta name=\"twitter:label1\" content=\"Tiempo de lectura\" \/>\n\t<meta name=\"twitter:data1\" content=\"4 minutos\" \/>\n<script type=\"application\/ld+json\" class=\"yoast-schema-graph\">{\"@context\":\"https:\/\/schema.org\",\"@graph\":[{\"@type\":\"WebPage\",\"@id\":\"https:\/\/www.ull.es\/portal\/the-premise-happiness-feelings-nan\/events-2022\/\",\"url\":\"https:\/\/www.ull.es\/portal\/the-premise-happiness-feelings-nan\/events-2022\/\",\"name\":\"Events 2022 - The Premise of Happiness the function of Feelings in North American Narratives\",\"isPartOf\":{\"@id\":\"https:\/\/www.ull.es\/portal\/the-premise-happiness-feelings-nan\/#website\"},\"datePublished\":\"2023-10-05T14:04:34+00:00\",\"dateModified\":\"2023-10-05T14:05:03+00:00\",\"breadcrumb\":{\"@id\":\"https:\/\/www.ull.es\/portal\/the-premise-happiness-feelings-nan\/events-2022\/#breadcrumb\"},\"inLanguage\":\"es\",\"potentialAction\":[{\"@type\":\"ReadAction\",\"target\":[\"https:\/\/www.ull.es\/portal\/the-premise-happiness-feelings-nan\/events-2022\/\"]}]},{\"@type\":\"BreadcrumbList\",\"@id\":\"https:\/\/www.ull.es\/portal\/the-premise-happiness-feelings-nan\/events-2022\/#breadcrumb\",\"itemListElement\":[{\"@type\":\"ListItem\",\"position\":1,\"name\":\"Portada\",\"item\":\"https:\/\/www.ull.es\/portal\/the-premise-happiness-feelings-nan\/\"},{\"@type\":\"ListItem\",\"position\":2,\"name\":\"Events 2022\"}]},{\"@type\":\"WebSite\",\"@id\":\"https:\/\/www.ull.es\/portal\/the-premise-happiness-feelings-nan\/#website\",\"url\":\"https:\/\/www.ull.es\/portal\/the-premise-happiness-feelings-nan\/\",\"name\":\"The Premise of Happiness the function of Feelings in North American Narratives\",\"description\":\"\",\"potentialAction\":[{\"@type\":\"SearchAction\",\"target\":{\"@type\":\"EntryPoint\",\"urlTemplate\":\"https:\/\/www.ull.es\/portal\/the-premise-happiness-feelings-nan\/?s={search_term_string}\"},\"query-input\":\"required name=search_term_string\"}],\"inLanguage\":\"es\"}]}<\/script>\n<!-- \/ Yoast SEO plugin. -->","yoast_head_json":{"title":"Events 2022 - The Premise of Happiness the function of Feelings in North American Narratives","robots":{"index":"index","follow":"follow","max-snippet":"max-snippet:-1","max-image-preview":"max-image-preview:large","max-video-preview":"max-video-preview:-1"},"canonical":"https:\/\/www.ull.es\/portal\/the-premise-happiness-feelings-nan\/events-2022\/","og_locale":"es_ES","og_type":"article","og_title":"Events 2022 - The Premise of Happiness the function of Feelings in North American Narratives","og_description":"[vc_row full_width=\u00bbstretch_row_content\u00bb el_class=\u00bbprincipio-marcha\u00bb][vc_column css=\u00bb.vc_custom_1588939369209{padding-top: 40px !important;}\u00bb][vc_custom_heading text=\u00bbEvents 2022&#8243; font_container=\u00bbtag:h2|text_align:center|color:%23ffffff\u00bb use_theme_fonts=\u00bbyes\u00bb css_animation=\u00bbfadeInDownBig\u00bb][\/vc_column][\/vc_row][vc_row full_width=\u00bbstretch_row_content\u00bb equal_height=\u00bbyes\u00bb][vc_column css=\u00bb.vc_custom_1588945461556{background-color: #f2f2f2 !important;}\u00bb][vc_tta_accordion active_section=\u00bb0&#8243; css_animation=\u00bbfadeInDown\u00bb collapsible_all=\u00bbtrue\u00bb][vc_tta_section title=\u00bbSeminario Lectura Jos\u00e9 V. Alegr\u00eda\u00bb tab_id=\u00bb1672748556096-d1913c66-256d\u00bb][vc_row_inner equal_height=\u00bbyes\u00bb][vc_column_inner width=\u00bb1\/2&#8243; css=\u00bb.vc_custom_1589804330140{padding-top: 10% !important;padding-right: 10% !important;padding-bottom: 5% !important;padding-left: 10% !important;background-color: #f2f2f2 !important;}\u00bb][vc_custom_heading text=\u00bbSeminario Lectura Jos\u00e9 V. Alegr\u00eda\u00bb font_container=\u00bbtag:h3|text_align:left|color:%235c068c\u00bb use_theme_fonts=\u00bbyes\u00bb css_animation=\u00bbfadeInDownBig\u00bb][vc_empty_space][vc_column_text]Tema: Land sovereignty in Indigenous literature Texto principal: \u00abThe Boys...","og_url":"https:\/\/www.ull.es\/portal\/the-premise-happiness-feelings-nan\/events-2022\/","og_site_name":"The Premise of Happiness the function of Feelings in North American Narratives","article_modified_time":"2023-10-05T14:05:03+00:00","twitter_card":"summary_large_image","twitter_misc":{"Tiempo de lectura":"4 minutos"},"schema":{"@context":"https:\/\/schema.org","@graph":[{"@type":"WebPage","@id":"https:\/\/www.ull.es\/portal\/the-premise-happiness-feelings-nan\/events-2022\/","url":"https:\/\/www.ull.es\/portal\/the-premise-happiness-feelings-nan\/events-2022\/","name":"Events 2022 - The Premise of Happiness the function of Feelings in North American Narratives","isPartOf":{"@id":"https:\/\/www.ull.es\/portal\/the-premise-happiness-feelings-nan\/#website"},"datePublished":"2023-10-05T14:04:34+00:00","dateModified":"2023-10-05T14:05:03+00:00","breadcrumb":{"@id":"https:\/\/www.ull.es\/portal\/the-premise-happiness-feelings-nan\/events-2022\/#breadcrumb"},"inLanguage":"es","potentialAction":[{"@type":"ReadAction","target":["https:\/\/www.ull.es\/portal\/the-premise-happiness-feelings-nan\/events-2022\/"]}]},{"@type":"BreadcrumbList","@id":"https:\/\/www.ull.es\/portal\/the-premise-happiness-feelings-nan\/events-2022\/#breadcrumb","itemListElement":[{"@type":"ListItem","position":1,"name":"Portada","item":"https:\/\/www.ull.es\/portal\/the-premise-happiness-feelings-nan\/"},{"@type":"ListItem","position":2,"name":"Events 2022"}]},{"@type":"WebSite","@id":"https:\/\/www.ull.es\/portal\/the-premise-happiness-feelings-nan\/#website","url":"https:\/\/www.ull.es\/portal\/the-premise-happiness-feelings-nan\/","name":"The Premise of Happiness the function of Feelings in North American Narratives","description":"","potentialAction":[{"@type":"SearchAction","target":{"@type":"EntryPoint","urlTemplate":"https:\/\/www.ull.es\/portal\/the-premise-happiness-feelings-nan\/?s={search_term_string}"},"query-input":"required name=search_term_string"}],"inLanguage":"es"}]}},"_links":{"self":[{"href":"https:\/\/www.ull.es\/portal\/the-premise-happiness-feelings-nan\/wp-json\/wp\/v2\/pages\/332"}],"collection":[{"href":"https:\/\/www.ull.es\/portal\/the-premise-happiness-feelings-nan\/wp-json\/wp\/v2\/pages"}],"about":[{"href":"https:\/\/www.ull.es\/portal\/the-premise-happiness-feelings-nan\/wp-json\/wp\/v2\/types\/page"}],"author":[{"embeddable":true,"href":"https:\/\/www.ull.es\/portal\/the-premise-happiness-feelings-nan\/wp-json\/wp\/v2\/users\/97"}],"replies":[{"embeddable":true,"href":"https:\/\/www.ull.es\/portal\/the-premise-happiness-feelings-nan\/wp-json\/wp\/v2\/comments?post=332"}],"version-history":[{"count":3,"href":"https:\/\/www.ull.es\/portal\/the-premise-happiness-feelings-nan\/wp-json\/wp\/v2\/pages\/332\/revisions"}],"predecessor-version":[{"id":335,"href":"https:\/\/www.ull.es\/portal\/the-premise-happiness-feelings-nan\/wp-json\/wp\/v2\/pages\/332\/revisions\/335"}],"wp:attachment":[{"href":"https:\/\/www.ull.es\/portal\/the-premise-happiness-feelings-nan\/wp-json\/wp\/v2\/media?parent=332"}],"curies":[{"name":"wp","href":"https:\/\/api.w.org\/{rel}","templated":true}]}}