{"id":57,"date":"2021-11-02T13:36:35","date_gmt":"2021-11-02T13:36:35","guid":{"rendered":"https:\/\/wwwpre.ull.es\/portal\/the-premise-of-happiness-the-function-of-feelings-in-north-american-narratives\/?page_id=57"},"modified":"2023-10-03T13:59:26","modified_gmt":"2023-10-03T13:59:26","slug":"selected-publications","status":"publish","type":"page","link":"https:\/\/www.ull.es\/portal\/the-premise-happiness-feelings-nan\/selected-publications\/","title":{"rendered":"Books"},"content":{"rendered":"<p>[vc_row full_width=\u00bbstretch_row_content\u00bb el_class=\u00bbprincipio-marcha\u00bb][vc_column css=\u00bb.vc_custom_1588939369209{padding-top: 40px !important;}\u00bb][vc_custom_heading text=\u00bbBooks\u00bb font_container=\u00bbtag:h2|text_align:center|color:%23ffffff\u00bb use_theme_fonts=\u00bbyes\u00bb css_animation=\u00bbfadeInDownBig\u00bb][\/vc_column][\/vc_row][vc_row full_width=\u00bbstretch_row_content\u00bb equal_height=\u00bbyes\u00bb][vc_column css=\u00bb.vc_custom_1588945461556{background-color: #f2f2f2 !important;}\u00bb][vc_tta_accordion active_section=\u00bb0&#8243; css_animation=\u00bbfadeInDown\u00bb collapsible_all=\u00bbtrue\u00bb][vc_tta_section title=\u00bbForthcoming\u00bb tab_id=\u00bbForthcoming\u00bb][vc_column_text]<\/p>\n<p class=\"p1\"><span style=\"font-weight: 400;\">Isabel Gonz\u00e1lez-D\u00edaz y Fabi\u00e1n Or\u00e1n-Llarena, eds. Unhappy Beginnings: Narratives of Precarity, Failure, and Resistance in North American Texts. London: Routledge, December 2023. ISBN 9781032526591. (Forthcoming)<\/span><\/p>\n<p>[\/vc_column_text][\/vc_tta_section][vc_tta_section title=\u00bb2021&#8243; tab_id=\u00bb1588945494023-b6309444-f501&#8243;][vc_column_text]<\/p>\n<p class=\"p1\"><span class=\"s1\">Carri\u00e8re, Marie, Ursula Moser, and Kit Dobson, editors. <i>All the Feels: Affect and Writings in Canada \/ Tous les sens: Affect et \u00e9critures au Canada<\/i>. U of Alberta P, 2021.<\/span><\/p>\n<p class=\"p1\"><span class=\"s1\">Delgado, N\u00e9stor, editor, y Gonz\u00e1lez, G., comisario. <i>Fotonoviembre 17: Kenosis. <\/i>Santa Cruz de Tenerife: TEA Tenerife Espacio de las Artes, 2021.<\/span><\/p>\n<p><span style=\"font-weight: 400;\">\u00c1ngeles Mateo del Pino y Nieves Pascual (eds.). <\/span><i><span style=\"font-weight: 400;\">Material de derribo. Cuerpo y abyecci\u00f3n en Am\u00e9rica Latina<\/span><\/i><span style=\"font-weight: 400;\">. Almenara, 2021.<\/span>[\/vc_column_text][\/vc_tta_section][vc_tta_section title=\u00bb2020&#8243; tab_id=\u00bb1589372094700-1798461d-4f79&#8243;][vc_column_text]<\/p>\n<p class=\"p1\"><span class=\"s1\">Jaarsma, Ada, and Kit Dobson, editors. <i>Dissonant Methods: Undoing Discipline in the Humanities Classroom<\/i>. U of Alberta P, 2020.<\/span><\/p>\n<p>[\/vc_column_text][\/vc_tta_section][vc_tta_section title=\u00bb2019&#8243; tab_id=\u00bb1589803604589-8bcc1d53-e967&#8243;][vc_column_text]<\/p>\n<p class=\"p1\"><span class=\"s1\">Darias-Beautell, Eva, ed. <i>The Urban Condition: Literary Trajectories through Canada\u2019s Postmetropolis<\/i>. Ed. Eva Darias-Beautell. Vernon Press, 2019. ISBN: 978-1-62273-417-7. <\/span><\/p>\n<p class=\"p1\"><span class=\"s1\">Delgado, Nestor, editor. <i>\u00a1Autonom\u00eda! \u00a1Automatizaci\u00f3n! Vol. 1<\/i>. Santa Cruz de Tenerife: TEA Tenerife Espacio de las Artes, 2019.<\/span><\/p>\n<p class=\"p1\"><span class=\"s1\">Delgado, Nestor, editor. <i>\u00a1Autonom\u00eda! \u00a1Automatizaci\u00f3n! Vol. 2<\/i>. Santa Cruz de Tenerife: TEA Tenerife Espacio de las Artes, 2019.<\/span><\/p>\n<p class=\"p1\"><span class=\"s1\">Delgado, Nestor, editor. <i>\u00a1Autonom\u00eda! \u00a1Automatizaci\u00f3n! Vol. 3<\/i>. Santa Cruz de Tenerife: TEA Tenerife Espacio de las Artes, 2019.<\/span><\/p>\n<p class=\"p1\"><span class=\"s1\">Delgado, N\u00e9stor, editor, y Gonz\u00e1lez, G., comisario.<i> Fotonoviembre 17: Atl\u00e1ntica Colectivas<\/i>. Santa Cruz de Tenerife: TEA Tenerife Espacio de las Artes, 2019. <\/span><\/p>\n<p>[\/vc_column_text][\/vc_tta_section][vc_tta_section title=\u00bb2018&#8243; tab_id=\u00bb1589803628259-27f40041-d8dc\u00bb][vc_column_text]<\/p>\n<p class=\"p2\"><span class=\"s1\">Delgado, N\u00e9stor, y Gonz\u00e1lez, G. <i>Internacional de arte contempor\u00e1neo<\/i>. Arrecife: CACT de Lanzarote \/ Gobierno de Canarias, 2018.<\/span><\/p>\n<p class=\"p2\"><span class=\"s1\">Pascual Soler, Nieves. <i>Food and Masculinity in Contemporary Autobiography<\/i>: <i>Cast-Iron Man, <\/i>New York, Palgrave<i>, <\/i>2018.<i> <\/i>ISBN: 978-3-319-89013-5.<\/span><\/p>\n<p class=\"p2\"><span class=\"s1\">Pascual Soler, Nieves y Mateo del Pino, \u00c1ngeles, editoras. <i>Pasi\u00f3n can\u00edbal: documentos de cultura y barbarie en Am\u00e9rica Latina. <\/i>Buenos Aires, Katatay, 2018. ISBN: 978-987-46975-0-9.<\/span><\/p>\n<p>[\/vc_column_text][\/vc_tta_section][vc_tta_section title=\u00bb2017&#8243; tab_id=\u00bb1635861137432-db0c4f96-fba2&#8243;][vc_column_text]<\/p>\n<p class=\"p1\"><span class=\"s1\">Dobson, Kit.<i> Malled: Deciphering Shopping in Canada<\/i>. Wolsak &amp; Wynn, 2017.<\/span><\/p>\n<p class=\"p1\"><span class=\"s1\">Hernandez Dom\u00ednguez, Myriam. <i>Aproximaciones ecofeministas al concepto de naturaleza. Donna Haraway y Rosi Braidotti. <\/i>Apeiron Ediciones, Madrid, 2017.<\/span><\/p>\n<p class=\"p1\"><span class=\"s1\">Hor\u00e1kov\u00e1, Martina. <i>Inscribing Difference and Resistance: Indigenous Women\u2019s Personal Non-fiction and Life Writing in Australia and North America.<\/i> Brno: Masaryk University Press, 2017.<\/span><\/p>\n<p class=\"p1\"><span class=\"s1\">Van Herk, Aritha. <i>Stampede and the Westness of West. <\/i>Calgary:<span class=\"Apple-converted-space\">\u00a0 <\/span>Frontenac House, 2016, pp. 97.<i> <\/i>(Longlisted for the ReLit Award for Poetry, 2017.)<\/span><\/p>\n<p>[\/vc_column_text][\/vc_tta_section][vc_tta_section title=\u00bb2016&#8243; tab_id=\u00bb1635861160923-36a84254-2e08&#8243;][vc_column_text]<\/p>\n<p class=\"p1\"><span class=\"s1\">Pascual Soler, Nieves y Cerezo Moreno, Marta, editors. <i>Traces of Aging: Old Age and Memory in Contemporary Narrative<\/i>. Bielefeld, Germany: Transcript Verlag, Columbia U.P, 2016. ISBN: 9783837634396.<\/span><\/p>\n<p>[\/vc_column_text][\/vc_tta_section][vc_tta_section title=\u00bb2013&#8243; tab_id=\u00bb1635861178064-7c9d9a9c-911d\u00bb][vc_column_text]<\/p>\n<p class=\"p1\"><span class=\"s1\">Dobson, Kit, and Smaro Kamboureli. <i>Producing Canadian Literature: Authors Speak on the Literary Marketplace<\/i>. Wilfrid Laurier UP, 2013.<\/span><\/p>\n<p class=\"p1\"><span class=\"s1\">Dobson, Kit, and \u00c1ine McGlynn, editors. <i>Transnationalism, Activism, Art<\/i>. U of Toronto P, 2013.<\/span><\/p>\n<p class=\"p1\"><span class=\"s1\">Dobson, Kit, editor. <i>Please, No More Poetry: The Poetry of derek beaulieu<\/i>. By derek beaulieu, Wilfrid Laurier UP, 2013. <\/span><\/p>\n<p class=\"p1\"><span class=\"s1\">Pascual Soler, Nieves y Abarca, Meredith, editors. <i>Rethinking Chicana\/o Literature through Food: Postnational Appetites. <\/i>New York: Palgrave, 2013. ISBN: 9781137378590.<\/span><\/p>\n<p>[\/vc_column_text][\/vc_tta_section][vc_tta_section title=\u00bb2012&#8243; tab_id=\u00bb1635861202671-9b8a5496-798a\u00bb][vc_column_text]<\/p>\n<p class=\"p1\"><span class=\"s1\">Darias-Beautell, Eva. <i>Unruly Penelopes and the Ghosts: Narratives of English Canada. <\/i>Ed. Eva Darias-Beautell. Waterloo: Wilfrid Laurier UP, 2012. ISBN: 978-1554583638.<\/span><\/p>\n<p class=\"p2\"><span class=\"s1\">Pascual Soler, Nieves, 2012, <i>Hungering as Symbolic Language: What Are We Saying When We Starve Ourselves. <\/i>New York: Edwin Mellen. ISBN:0773439307.<\/span><\/p>\n<p>[\/vc_column_text][\/vc_tta_section][vc_tta_section title=\u00bb2011&#8243; tab_id=\u00bb1635861219310-609c2544-bdd1&#8243;][vc_column_text]<\/p>\n<p class=\"p1\"><span class=\"s1\">Hardy, Stephen, Martina Hor\u00e1kov\u00e1, Michael M. Kaylor, and Kate\u0159ina Prajznerov\u00e1.<i> Alternatives in Biography: Writing Lives in Diverse English-language Contexts<\/i>. Brno: Masaryk University Press, 2011.<\/span><\/p>\n<p>[\/vc_column_text][\/vc_tta_section][\/vc_tta_accordion][vc_empty_space height=\u00bb120px\u00bb][\/vc_column][\/vc_row]<\/p>\n","protected":false},"excerpt":{"rendered":"<p>[vc_row full_width=\u00bbstretch_row_content\u00bb el_class=\u00bbprincipio-marcha\u00bb][vc_column css=\u00bb.vc_custom_1588939369209{padding-top: 40px !important;}\u00bb][vc_custom_heading text=\u00bbBooks\u00bb font_container=\u00bbtag:h2|text_align:center|color:%23ffffff\u00bb use_theme_fonts=\u00bbyes\u00bb css_animation=\u00bbfadeInDownBig\u00bb][\/vc_column][\/vc_row][vc_row full_width=\u00bbstretch_row_content\u00bb equal_height=\u00bbyes\u00bb][vc_column css=\u00bb.vc_custom_1588945461556{background-color: #f2f2f2 !important;}\u00bb][vc_tta_accordion active_section=\u00bb0&#8243; css_animation=\u00bbfadeInDown\u00bb collapsible_all=\u00bbtrue\u00bb][vc_tta_section title=\u00bbForthcoming\u00bb tab_id=\u00bbForthcoming\u00bb][vc_column_text] Isabel Gonz\u00e1lez-D\u00edaz y Fabi\u00e1n Or\u00e1n-Llarena, eds. Unhappy Beginnings: Narratives of Precarity, Failure, and Resistance in North American Texts. London: Routledge, December 2023. ISBN 9781032526591. (Forthcoming) [\/vc_column_text][\/vc_tta_section][vc_tta_section title=\u00bb2021&#8243; tab_id=\u00bb1588945494023-b6309444-f501&#8243;][vc_column_text] Carri\u00e8re, Marie, Ursula Moser, and Kit Dobson,&#8230;<\/p>\n","protected":false},"author":22,"featured_media":0,"parent":0,"menu_order":0,"comment_status":"closed","ping_status":"closed","template":"templates\/template-no-title.php","meta":{"inline_featured_image":false,"footnotes":""},"acf":[],"yoast_head":"<!-- This site is optimized with the Yoast SEO plugin v21.3 - https:\/\/yoast.com\/wordpress\/plugins\/seo\/ -->\n<title>Books - The Premise of Happiness the function of Feelings in North American Narratives<\/title>\n<meta name=\"robots\" content=\"index, follow, max-snippet:-1, max-image-preview:large, max-video-preview:-1\" \/>\n<link rel=\"canonical\" href=\"https:\/\/www.ull.es\/portal\/the-premise-happiness-feelings-nan\/selected-publications\/\" \/>\n<meta property=\"og:locale\" content=\"es_ES\" \/>\n<meta property=\"og:type\" content=\"article\" \/>\n<meta property=\"og:title\" content=\"Books - The Premise of Happiness the function of Feelings in North American Narratives\" \/>\n<meta property=\"og:description\" content=\"[vc_row full_width=\u00bbstretch_row_content\u00bb el_class=\u00bbprincipio-marcha\u00bb][vc_column css=\u00bb.vc_custom_1588939369209{padding-top: 40px !important;}\u00bb][vc_custom_heading text=\u00bbBooks\u00bb font_container=\u00bbtag:h2|text_align:center|color:%23ffffff\u00bb use_theme_fonts=\u00bbyes\u00bb css_animation=\u00bbfadeInDownBig\u00bb][\/vc_column][\/vc_row][vc_row full_width=\u00bbstretch_row_content\u00bb equal_height=\u00bbyes\u00bb][vc_column css=\u00bb.vc_custom_1588945461556{background-color: #f2f2f2 !important;}\u00bb][vc_tta_accordion active_section=\u00bb0&#8243; css_animation=\u00bbfadeInDown\u00bb collapsible_all=\u00bbtrue\u00bb][vc_tta_section title=\u00bbForthcoming\u00bb tab_id=\u00bbForthcoming\u00bb][vc_column_text] Isabel Gonz\u00e1lez-D\u00edaz y Fabi\u00e1n Or\u00e1n-Llarena, eds. Unhappy Beginnings: Narratives of Precarity, Failure, and Resistance in North American Texts. London: Routledge, December 2023. ISBN 9781032526591. (Forthcoming) [\/vc_column_text][\/vc_tta_section][vc_tta_section title=\u00bb2021&#8243; tab_id=\u00bb1588945494023-b6309444-f501&#8243;][vc_column_text] Carri\u00e8re, Marie, Ursula Moser, and Kit Dobson,...\" \/>\n<meta property=\"og:url\" content=\"https:\/\/www.ull.es\/portal\/the-premise-happiness-feelings-nan\/selected-publications\/\" \/>\n<meta property=\"og:site_name\" content=\"The Premise of Happiness the function of Feelings in North American Narratives\" \/>\n<meta property=\"article:modified_time\" content=\"2023-10-03T13:59:26+00:00\" \/>\n<meta name=\"twitter:card\" content=\"summary_large_image\" \/>\n<meta name=\"twitter:label1\" content=\"Tiempo de lectura\" \/>\n\t<meta name=\"twitter:data1\" content=\"3 minutos\" \/>\n<script type=\"application\/ld+json\" class=\"yoast-schema-graph\">{\"@context\":\"https:\/\/schema.org\",\"@graph\":[{\"@type\":\"WebPage\",\"@id\":\"https:\/\/www.ull.es\/portal\/the-premise-happiness-feelings-nan\/selected-publications\/\",\"url\":\"https:\/\/www.ull.es\/portal\/the-premise-happiness-feelings-nan\/selected-publications\/\",\"name\":\"Books - The Premise of Happiness the function of Feelings in North American Narratives\",\"isPartOf\":{\"@id\":\"https:\/\/www.ull.es\/portal\/the-premise-happiness-feelings-nan\/#website\"},\"datePublished\":\"2021-11-02T13:36:35+00:00\",\"dateModified\":\"2023-10-03T13:59:26+00:00\",\"breadcrumb\":{\"@id\":\"https:\/\/www.ull.es\/portal\/the-premise-happiness-feelings-nan\/selected-publications\/#breadcrumb\"},\"inLanguage\":\"es\",\"potentialAction\":[{\"@type\":\"ReadAction\",\"target\":[\"https:\/\/www.ull.es\/portal\/the-premise-happiness-feelings-nan\/selected-publications\/\"]}]},{\"@type\":\"BreadcrumbList\",\"@id\":\"https:\/\/www.ull.es\/portal\/the-premise-happiness-feelings-nan\/selected-publications\/#breadcrumb\",\"itemListElement\":[{\"@type\":\"ListItem\",\"position\":1,\"name\":\"Portada\",\"item\":\"https:\/\/www.ull.es\/portal\/the-premise-happiness-feelings-nan\/\"},{\"@type\":\"ListItem\",\"position\":2,\"name\":\"Books\"}]},{\"@type\":\"WebSite\",\"@id\":\"https:\/\/www.ull.es\/portal\/the-premise-happiness-feelings-nan\/#website\",\"url\":\"https:\/\/www.ull.es\/portal\/the-premise-happiness-feelings-nan\/\",\"name\":\"The Premise of Happiness the function of Feelings in North American Narratives\",\"description\":\"\",\"potentialAction\":[{\"@type\":\"SearchAction\",\"target\":{\"@type\":\"EntryPoint\",\"urlTemplate\":\"https:\/\/www.ull.es\/portal\/the-premise-happiness-feelings-nan\/?s={search_term_string}\"},\"query-input\":\"required name=search_term_string\"}],\"inLanguage\":\"es\"}]}<\/script>\n<!-- \/ Yoast SEO plugin. -->","yoast_head_json":{"title":"Books - The Premise of Happiness the function of Feelings in North American Narratives","robots":{"index":"index","follow":"follow","max-snippet":"max-snippet:-1","max-image-preview":"max-image-preview:large","max-video-preview":"max-video-preview:-1"},"canonical":"https:\/\/www.ull.es\/portal\/the-premise-happiness-feelings-nan\/selected-publications\/","og_locale":"es_ES","og_type":"article","og_title":"Books - The Premise of Happiness the function of Feelings in North American Narratives","og_description":"[vc_row full_width=\u00bbstretch_row_content\u00bb el_class=\u00bbprincipio-marcha\u00bb][vc_column css=\u00bb.vc_custom_1588939369209{padding-top: 40px !important;}\u00bb][vc_custom_heading text=\u00bbBooks\u00bb font_container=\u00bbtag:h2|text_align:center|color:%23ffffff\u00bb use_theme_fonts=\u00bbyes\u00bb css_animation=\u00bbfadeInDownBig\u00bb][\/vc_column][\/vc_row][vc_row full_width=\u00bbstretch_row_content\u00bb equal_height=\u00bbyes\u00bb][vc_column css=\u00bb.vc_custom_1588945461556{background-color: #f2f2f2 !important;}\u00bb][vc_tta_accordion active_section=\u00bb0&#8243; css_animation=\u00bbfadeInDown\u00bb collapsible_all=\u00bbtrue\u00bb][vc_tta_section title=\u00bbForthcoming\u00bb tab_id=\u00bbForthcoming\u00bb][vc_column_text] Isabel Gonz\u00e1lez-D\u00edaz y Fabi\u00e1n Or\u00e1n-Llarena, eds. Unhappy Beginnings: Narratives of Precarity, Failure, and Resistance in North American Texts. London: Routledge, December 2023. ISBN 9781032526591. (Forthcoming) [\/vc_column_text][\/vc_tta_section][vc_tta_section title=\u00bb2021&#8243; tab_id=\u00bb1588945494023-b6309444-f501&#8243;][vc_column_text] Carri\u00e8re, Marie, Ursula Moser, and Kit Dobson,...","og_url":"https:\/\/www.ull.es\/portal\/the-premise-happiness-feelings-nan\/selected-publications\/","og_site_name":"The Premise of Happiness the function of Feelings in North American Narratives","article_modified_time":"2023-10-03T13:59:26+00:00","twitter_card":"summary_large_image","twitter_misc":{"Tiempo de lectura":"3 minutos"},"schema":{"@context":"https:\/\/schema.org","@graph":[{"@type":"WebPage","@id":"https:\/\/www.ull.es\/portal\/the-premise-happiness-feelings-nan\/selected-publications\/","url":"https:\/\/www.ull.es\/portal\/the-premise-happiness-feelings-nan\/selected-publications\/","name":"Books - The Premise of Happiness the function of Feelings in North American Narratives","isPartOf":{"@id":"https:\/\/www.ull.es\/portal\/the-premise-happiness-feelings-nan\/#website"},"datePublished":"2021-11-02T13:36:35+00:00","dateModified":"2023-10-03T13:59:26+00:00","breadcrumb":{"@id":"https:\/\/www.ull.es\/portal\/the-premise-happiness-feelings-nan\/selected-publications\/#breadcrumb"},"inLanguage":"es","potentialAction":[{"@type":"ReadAction","target":["https:\/\/www.ull.es\/portal\/the-premise-happiness-feelings-nan\/selected-publications\/"]}]},{"@type":"BreadcrumbList","@id":"https:\/\/www.ull.es\/portal\/the-premise-happiness-feelings-nan\/selected-publications\/#breadcrumb","itemListElement":[{"@type":"ListItem","position":1,"name":"Portada","item":"https:\/\/www.ull.es\/portal\/the-premise-happiness-feelings-nan\/"},{"@type":"ListItem","position":2,"name":"Books"}]},{"@type":"WebSite","@id":"https:\/\/www.ull.es\/portal\/the-premise-happiness-feelings-nan\/#website","url":"https:\/\/www.ull.es\/portal\/the-premise-happiness-feelings-nan\/","name":"The Premise of Happiness the function of Feelings in North American Narratives","description":"","potentialAction":[{"@type":"SearchAction","target":{"@type":"EntryPoint","urlTemplate":"https:\/\/www.ull.es\/portal\/the-premise-happiness-feelings-nan\/?s={search_term_string}"},"query-input":"required name=search_term_string"}],"inLanguage":"es"}]}},"_links":{"self":[{"href":"https:\/\/www.ull.es\/portal\/the-premise-happiness-feelings-nan\/wp-json\/wp\/v2\/pages\/57"}],"collection":[{"href":"https:\/\/www.ull.es\/portal\/the-premise-happiness-feelings-nan\/wp-json\/wp\/v2\/pages"}],"about":[{"href":"https:\/\/www.ull.es\/portal\/the-premise-happiness-feelings-nan\/wp-json\/wp\/v2\/types\/page"}],"author":[{"embeddable":true,"href":"https:\/\/www.ull.es\/portal\/the-premise-happiness-feelings-nan\/wp-json\/wp\/v2\/users\/22"}],"replies":[{"embeddable":true,"href":"https:\/\/www.ull.es\/portal\/the-premise-happiness-feelings-nan\/wp-json\/wp\/v2\/comments?post=57"}],"version-history":[{"count":2,"href":"https:\/\/www.ull.es\/portal\/the-premise-happiness-feelings-nan\/wp-json\/wp\/v2\/pages\/57\/revisions"}],"predecessor-version":[{"id":295,"href":"https:\/\/www.ull.es\/portal\/the-premise-happiness-feelings-nan\/wp-json\/wp\/v2\/pages\/57\/revisions\/295"}],"wp:attachment":[{"href":"https:\/\/www.ull.es\/portal\/the-premise-happiness-feelings-nan\/wp-json\/wp\/v2\/media?parent=57"}],"curies":[{"name":"wp","href":"https:\/\/api.w.org\/{rel}","templated":true}]}}