{"id":1278,"date":"2023-10-24T15:41:26","date_gmt":"2023-10-24T15:41:26","guid":{"rendered":"https:\/\/www.ull.es\/portal\/transcanadiannetworks\/?page_id=1278"},"modified":"2023-10-24T15:41:28","modified_gmt":"2023-10-24T15:41:28","slug":"international-collaborators","status":"publish","type":"page","link":"https:\/\/www.ull.es\/portal\/transcanadiannetworks\/international-collaborators\/","title":{"rendered":"International Collaborators"},"content":{"rendered":"<p>[vc_row][vc_column][vc_row_inner equal_height=\u00bbyes\u00bb gap=\u00bb20&#8243;][vc_column_inner width=\u00bb1\/3&#8243; css=\u00bb.vc_custom_1606910011087{background-color: #dbdbdb !important;}\u00bb][vc_single_image image=\u00bb1281&#8243; img_size=\u00bb346&#215;346&#8243; alignment=\u00bbcenter\u00bb style=\u00bbvc_box_rounded\u00bb css_animation=\u00bbzoomIn\u00bb][vc_empty_space height=\u00bb20px\u00bb][vc_column_text]<strong><a href=\"https:\/\/vu-lt.academia.edu\/RutaSlapkauskaite\" target=\"_blank\" rel=\"noopener\">R\u016bta \u0160lapkauskait\u0117 (Vilnius University)<\/a><\/strong>[\/vc_column_text][vc_empty_space][\/vc_column_inner][vc_column_inner width=\u00bb1\/3&#8243; css=\u00bb.vc_custom_1606910017582{background-color: #dbdbdb !important;}\u00bb][vc_single_image image=\u00bb1280&#8243; img_size=\u00bb346&#215;346&#8243; alignment=\u00bbcenter\u00bb style=\u00bbvc_box_rounded\u00bb css_animation=\u00bbzoomIn\u00bb][vc_empty_space height=\u00bb20px\u00bb][vc_column_text]<strong><a href=\"https:\/\/www.ntnu.edu\/employees\/libe.g.zarranz\" target=\"_blank\" rel=\"noopener\">Libe Garc\u00eda Zarranz (Norwegian University of Science and Technology)<\/a><\/strong>[\/vc_column_text][vc_empty_space][\/vc_column_inner][vc_column_inner width=\u00bb1\/3&#8243; css=\u00bb.vc_custom_1606910023883{background-color: #dbdbdb !important;}\u00bb][vc_single_image image=\u00bb1282&#8243; img_size=\u00bb346&#215;346&#8243; alignment=\u00bbcenter\u00bb style=\u00bbvc_box_rounded\u00bb css_animation=\u00bbzoomIn\u00bb][vc_empty_space height=\u00bb20px\u00bb][vc_column_text]<strong><a href=\"https:\/\/orcid.org\/0000-0001-5754-1906\" target=\"_blank\" rel=\"noopener\">Anna Branach-Kallas (Nicolaus Copernicus University in Toru\u0144)<\/a><\/strong>[\/vc_column_text][vc_empty_space][\/vc_column_inner][\/vc_row_inner][\/vc_column][\/vc_row][vc_row][vc_column][vc_row_inner equal_height=\u00bbyes\u00bb gap=\u00bb20&#8243;][vc_column_inner width=\u00bb1\/3&#8243; css=\u00bb.vc_custom_1606910154872{background-color: #dbdbdb !important;}\u00bb][vc_single_image image=\u00bb1283&#8243; img_size=\u00bb346&#215;346&#8243; alignment=\u00bbcenter\u00bb style=\u00bbvc_box_rounded\u00bb css_animation=\u00bbzoomIn\u00bb][vc_empty_space height=\u00bb20px\u00bb][vc_column_text]<strong><a href=\"https:\/\/www.phil.muni.cz\/en\/about-us\/faculty-staff\/19091-martina-horakova\" target=\"_blank\" rel=\"noopener\">Martina Horakova (Masaryk University)<\/a><\/strong>[\/vc_column_text][vc_empty_space][\/vc_column_inner][vc_column_inner width=\u00bb1\/3&#8243; css=\u00bb.vc_custom_1606910195072{background-color: #dbdbdb !important;}\u00bb][vc_single_image image=\u00bb1279&#8243; img_size=\u00bb346&#215;346&#8243; alignment=\u00bbcenter\u00bb style=\u00bbvc_box_rounded\u00bb css_animation=\u00bbzoomIn\u00bb][vc_empty_space height=\u00bb20px\u00bb][vc_column_text]<strong><a href=\"https:\/\/www.nottingham.ac.uk\/clas\/departments\/american\/people\/gillian.roberts\" target=\"_blank\" rel=\"noopener\">Gillian Roberts (University of Nottingham)<\/a><\/strong>[\/vc_column_text][vc_empty_space][\/vc_column_inner][\/vc_row_inner][\/vc_column][\/vc_row]<\/p>\n","protected":false},"excerpt":{"rendered":"<p>[vc_row][vc_column][vc_row_inner equal_height=\u00bbyes\u00bb gap=\u00bb20&#8243;][vc_column_inner width=\u00bb1\/3&#8243; css=\u00bb.vc_custom_1606910011087{background-color: #dbdbdb !important;}\u00bb][vc_single_image image=\u00bb1281&#8243; img_size=\u00bb346&#215;346&#8243; alignment=\u00bbcenter\u00bb style=\u00bbvc_box_rounded\u00bb css_animation=\u00bbzoomIn\u00bb][vc_empty_space height=\u00bb20px\u00bb][vc_column_text]R\u016bta \u0160lapkauskait\u0117 (Vilnius University)[\/vc_column_text][vc_empty_space][\/vc_column_inner][vc_column_inner width=\u00bb1\/3&#8243; css=\u00bb.vc_custom_1606910017582{background-color: #dbdbdb !important;}\u00bb][vc_single_image image=\u00bb1280&#8243; img_size=\u00bb346&#215;346&#8243; alignment=\u00bbcenter\u00bb style=\u00bbvc_box_rounded\u00bb css_animation=\u00bbzoomIn\u00bb][vc_empty_space height=\u00bb20px\u00bb][vc_column_text]Libe Garc\u00eda Zarranz (Norwegian University of Science and Technology)[\/vc_column_text][vc_empty_space][\/vc_column_inner][vc_column_inner width=\u00bb1\/3&#8243; css=\u00bb.vc_custom_1606910023883{background-color: #dbdbdb !important;}\u00bb][vc_single_image image=\u00bb1282&#8243; img_size=\u00bb346&#215;346&#8243; alignment=\u00bbcenter\u00bb style=\u00bbvc_box_rounded\u00bb css_animation=\u00bbzoomIn\u00bb][vc_empty_space height=\u00bb20px\u00bb][vc_column_text]Anna Branach-Kallas (Nicolaus Copernicus University in Toru\u0144)[\/vc_column_text][vc_empty_space][\/vc_column_inner][\/vc_row_inner][\/vc_column][\/vc_row][vc_row][vc_column][vc_row_inner equal_height=\u00bbyes\u00bb gap=\u00bb20&#8243;][vc_column_inner width=\u00bb1\/3&#8243; css=\u00bb.vc_custom_1606910154872{background-color: #dbdbdb&#8230;<\/p>\n","protected":false},"author":97,"featured_media":0,"parent":0,"menu_order":0,"comment_status":"closed","ping_status":"closed","template":"","meta":{"inline_featured_image":false,"footnotes":""},"acf":[],"yoast_head":"<!-- This site is optimized with the Yoast SEO plugin v21.3 - https:\/\/yoast.com\/wordpress\/plugins\/seo\/ -->\n<title>International Collaborators - TransCanadian Networks<\/title>\n<meta name=\"robots\" content=\"index, follow, max-snippet:-1, max-image-preview:large, max-video-preview:-1\" \/>\n<link rel=\"canonical\" href=\"https:\/\/www.ull.es\/portal\/transcanadiannetworks\/international-collaborators\/\" \/>\n<meta property=\"og:locale\" content=\"es_ES\" \/>\n<meta property=\"og:type\" content=\"article\" \/>\n<meta property=\"og:title\" content=\"International Collaborators - TransCanadian Networks\" \/>\n<meta property=\"og:description\" content=\"[vc_row][vc_column][vc_row_inner equal_height=\u00bbyes\u00bb gap=\u00bb20&#8243;][vc_column_inner width=\u00bb1\/3&#8243; css=\u00bb.vc_custom_1606910011087{background-color: #dbdbdb !important;}\u00bb][vc_single_image image=\u00bb1281&#8243; img_size=\u00bb346&#215;346&#8243; alignment=\u00bbcenter\u00bb style=\u00bbvc_box_rounded\u00bb css_animation=\u00bbzoomIn\u00bb][vc_empty_space height=\u00bb20px\u00bb][vc_column_text]R\u016bta \u0160lapkauskait\u0117 (Vilnius University)[\/vc_column_text][vc_empty_space][\/vc_column_inner][vc_column_inner width=\u00bb1\/3&#8243; css=\u00bb.vc_custom_1606910017582{background-color: #dbdbdb !important;}\u00bb][vc_single_image image=\u00bb1280&#8243; img_size=\u00bb346&#215;346&#8243; alignment=\u00bbcenter\u00bb style=\u00bbvc_box_rounded\u00bb css_animation=\u00bbzoomIn\u00bb][vc_empty_space height=\u00bb20px\u00bb][vc_column_text]Libe Garc\u00eda Zarranz (Norwegian University of Science and Technology)[\/vc_column_text][vc_empty_space][\/vc_column_inner][vc_column_inner width=\u00bb1\/3&#8243; css=\u00bb.vc_custom_1606910023883{background-color: #dbdbdb !important;}\u00bb][vc_single_image image=\u00bb1282&#8243; img_size=\u00bb346&#215;346&#8243; alignment=\u00bbcenter\u00bb style=\u00bbvc_box_rounded\u00bb css_animation=\u00bbzoomIn\u00bb][vc_empty_space height=\u00bb20px\u00bb][vc_column_text]Anna Branach-Kallas (Nicolaus Copernicus University in Toru\u0144)[\/vc_column_text][vc_empty_space][\/vc_column_inner][\/vc_row_inner][\/vc_column][\/vc_row][vc_row][vc_column][vc_row_inner equal_height=\u00bbyes\u00bb gap=\u00bb20&#8243;][vc_column_inner width=\u00bb1\/3&#8243; css=\u00bb.vc_custom_1606910154872{background-color: #dbdbdb...\" \/>\n<meta property=\"og:url\" content=\"https:\/\/www.ull.es\/portal\/transcanadiannetworks\/international-collaborators\/\" \/>\n<meta property=\"og:site_name\" content=\"TransCanadian Networks\" \/>\n<meta property=\"article:modified_time\" content=\"2023-10-24T15:41:28+00:00\" \/>\n<meta name=\"twitter:card\" content=\"summary_large_image\" \/>\n<meta name=\"twitter:label1\" content=\"Tiempo de lectura\" \/>\n\t<meta name=\"twitter:data1\" content=\"1 minuto\" \/>\n<script type=\"application\/ld+json\" class=\"yoast-schema-graph\">{\"@context\":\"https:\/\/schema.org\",\"@graph\":[{\"@type\":\"WebPage\",\"@id\":\"https:\/\/www.ull.es\/portal\/transcanadiannetworks\/international-collaborators\/\",\"url\":\"https:\/\/www.ull.es\/portal\/transcanadiannetworks\/international-collaborators\/\",\"name\":\"International Collaborators - TransCanadian Networks\",\"isPartOf\":{\"@id\":\"https:\/\/www.ull.es\/portal\/transcanadiannetworks\/#website\"},\"datePublished\":\"2023-10-24T15:41:26+00:00\",\"dateModified\":\"2023-10-24T15:41:28+00:00\",\"breadcrumb\":{\"@id\":\"https:\/\/www.ull.es\/portal\/transcanadiannetworks\/international-collaborators\/#breadcrumb\"},\"inLanguage\":\"es\",\"potentialAction\":[{\"@type\":\"ReadAction\",\"target\":[\"https:\/\/www.ull.es\/portal\/transcanadiannetworks\/international-collaborators\/\"]}]},{\"@type\":\"BreadcrumbList\",\"@id\":\"https:\/\/www.ull.es\/portal\/transcanadiannetworks\/international-collaborators\/#breadcrumb\",\"itemListElement\":[{\"@type\":\"ListItem\",\"position\":1,\"name\":\"Portada\",\"item\":\"https:\/\/www.ull.es\/portal\/transcanadiannetworks\/\"},{\"@type\":\"ListItem\",\"position\":2,\"name\":\"International Collaborators\"}]},{\"@type\":\"WebSite\",\"@id\":\"https:\/\/www.ull.es\/portal\/transcanadiannetworks\/#website\",\"url\":\"https:\/\/www.ull.es\/portal\/transcanadiannetworks\/\",\"name\":\"TransCanadian Networks\",\"description\":\"\",\"potentialAction\":[{\"@type\":\"SearchAction\",\"target\":{\"@type\":\"EntryPoint\",\"urlTemplate\":\"https:\/\/www.ull.es\/portal\/transcanadiannetworks\/?s={search_term_string}\"},\"query-input\":\"required name=search_term_string\"}],\"inLanguage\":\"es\"}]}<\/script>\n<!-- \/ Yoast SEO plugin. -->","yoast_head_json":{"title":"International Collaborators - TransCanadian Networks","robots":{"index":"index","follow":"follow","max-snippet":"max-snippet:-1","max-image-preview":"max-image-preview:large","max-video-preview":"max-video-preview:-1"},"canonical":"https:\/\/www.ull.es\/portal\/transcanadiannetworks\/international-collaborators\/","og_locale":"es_ES","og_type":"article","og_title":"International Collaborators - TransCanadian Networks","og_description":"[vc_row][vc_column][vc_row_inner equal_height=\u00bbyes\u00bb gap=\u00bb20&#8243;][vc_column_inner width=\u00bb1\/3&#8243; css=\u00bb.vc_custom_1606910011087{background-color: #dbdbdb !important;}\u00bb][vc_single_image image=\u00bb1281&#8243; img_size=\u00bb346&#215;346&#8243; alignment=\u00bbcenter\u00bb style=\u00bbvc_box_rounded\u00bb css_animation=\u00bbzoomIn\u00bb][vc_empty_space height=\u00bb20px\u00bb][vc_column_text]R\u016bta \u0160lapkauskait\u0117 (Vilnius University)[\/vc_column_text][vc_empty_space][\/vc_column_inner][vc_column_inner width=\u00bb1\/3&#8243; css=\u00bb.vc_custom_1606910017582{background-color: #dbdbdb !important;}\u00bb][vc_single_image image=\u00bb1280&#8243; img_size=\u00bb346&#215;346&#8243; alignment=\u00bbcenter\u00bb style=\u00bbvc_box_rounded\u00bb css_animation=\u00bbzoomIn\u00bb][vc_empty_space height=\u00bb20px\u00bb][vc_column_text]Libe Garc\u00eda Zarranz (Norwegian University of Science and Technology)[\/vc_column_text][vc_empty_space][\/vc_column_inner][vc_column_inner width=\u00bb1\/3&#8243; css=\u00bb.vc_custom_1606910023883{background-color: #dbdbdb !important;}\u00bb][vc_single_image image=\u00bb1282&#8243; img_size=\u00bb346&#215;346&#8243; alignment=\u00bbcenter\u00bb style=\u00bbvc_box_rounded\u00bb css_animation=\u00bbzoomIn\u00bb][vc_empty_space height=\u00bb20px\u00bb][vc_column_text]Anna Branach-Kallas (Nicolaus Copernicus University in Toru\u0144)[\/vc_column_text][vc_empty_space][\/vc_column_inner][\/vc_row_inner][\/vc_column][\/vc_row][vc_row][vc_column][vc_row_inner equal_height=\u00bbyes\u00bb gap=\u00bb20&#8243;][vc_column_inner width=\u00bb1\/3&#8243; css=\u00bb.vc_custom_1606910154872{background-color: #dbdbdb...","og_url":"https:\/\/www.ull.es\/portal\/transcanadiannetworks\/international-collaborators\/","og_site_name":"TransCanadian Networks","article_modified_time":"2023-10-24T15:41:28+00:00","twitter_card":"summary_large_image","twitter_misc":{"Tiempo de lectura":"1 minuto"},"schema":{"@context":"https:\/\/schema.org","@graph":[{"@type":"WebPage","@id":"https:\/\/www.ull.es\/portal\/transcanadiannetworks\/international-collaborators\/","url":"https:\/\/www.ull.es\/portal\/transcanadiannetworks\/international-collaborators\/","name":"International Collaborators - TransCanadian Networks","isPartOf":{"@id":"https:\/\/www.ull.es\/portal\/transcanadiannetworks\/#website"},"datePublished":"2023-10-24T15:41:26+00:00","dateModified":"2023-10-24T15:41:28+00:00","breadcrumb":{"@id":"https:\/\/www.ull.es\/portal\/transcanadiannetworks\/international-collaborators\/#breadcrumb"},"inLanguage":"es","potentialAction":[{"@type":"ReadAction","target":["https:\/\/www.ull.es\/portal\/transcanadiannetworks\/international-collaborators\/"]}]},{"@type":"BreadcrumbList","@id":"https:\/\/www.ull.es\/portal\/transcanadiannetworks\/international-collaborators\/#breadcrumb","itemListElement":[{"@type":"ListItem","position":1,"name":"Portada","item":"https:\/\/www.ull.es\/portal\/transcanadiannetworks\/"},{"@type":"ListItem","position":2,"name":"International Collaborators"}]},{"@type":"WebSite","@id":"https:\/\/www.ull.es\/portal\/transcanadiannetworks\/#website","url":"https:\/\/www.ull.es\/portal\/transcanadiannetworks\/","name":"TransCanadian Networks","description":"","potentialAction":[{"@type":"SearchAction","target":{"@type":"EntryPoint","urlTemplate":"https:\/\/www.ull.es\/portal\/transcanadiannetworks\/?s={search_term_string}"},"query-input":"required name=search_term_string"}],"inLanguage":"es"}]}},"_links":{"self":[{"href":"https:\/\/www.ull.es\/portal\/transcanadiannetworks\/wp-json\/wp\/v2\/pages\/1278"}],"collection":[{"href":"https:\/\/www.ull.es\/portal\/transcanadiannetworks\/wp-json\/wp\/v2\/pages"}],"about":[{"href":"https:\/\/www.ull.es\/portal\/transcanadiannetworks\/wp-json\/wp\/v2\/types\/page"}],"author":[{"embeddable":true,"href":"https:\/\/www.ull.es\/portal\/transcanadiannetworks\/wp-json\/wp\/v2\/users\/97"}],"replies":[{"embeddable":true,"href":"https:\/\/www.ull.es\/portal\/transcanadiannetworks\/wp-json\/wp\/v2\/comments?post=1278"}],"version-history":[{"count":2,"href":"https:\/\/www.ull.es\/portal\/transcanadiannetworks\/wp-json\/wp\/v2\/pages\/1278\/revisions"}],"predecessor-version":[{"id":1285,"href":"https:\/\/www.ull.es\/portal\/transcanadiannetworks\/wp-json\/wp\/v2\/pages\/1278\/revisions\/1285"}],"wp:attachment":[{"href":"https:\/\/www.ull.es\/portal\/transcanadiannetworks\/wp-json\/wp\/v2\/media?parent=1278"}],"curies":[{"name":"wp","href":"https:\/\/api.w.org\/{rel}","templated":true}]}}