{"id":619,"date":"2021-02-05T17:54:16","date_gmt":"2021-02-05T17:54:16","guid":{"rendered":"http:\/\/www.ull.es\/centros\/centro-estudios-canadienses\/?page_id=619"},"modified":"2023-05-03T09:05:40","modified_gmt":"2023-05-03T09:05:40","slug":"meetings-and-events","status":"publish","type":"page","link":"https:\/\/www.ull.es\/portal\/transcanadiannetworks\/meetings-and-events\/","title":{"rendered":"Meetings and Events"},"content":{"rendered":"<p>[vc_row][vc_column][vc_column_text]<\/p>\n<h2 style=\"text-align: center;\">Meetings and Events<\/h2>\n<p>The TransCanadian Networks team has organized and\/or participated in the following selected international conferences, workshops and\/or meetings.<\/p>\n<p><strong>2023<\/strong><\/p>\n<ul>\n<li><a href=\"https:\/\/drive.google.com\/file\/d\/1ZadS69Ae6s-1hI2a0zIpMImbJpfp7K3B\/view?usp=share_link\" target=\"_blank\" rel=\"noopener\"><span lang=\"EN-US\">TransCanadian Networks Online Seminar Series: Oblique Emotions and Border Intimacies in Dionne Brand\u2019s <i>Theory<\/i>. Libe Garc<\/span><span lang=\"EN-GB\">\u00eda Zarranz. April 27<sup>th<\/sup>\u00a02023\u00a0<\/span><\/a><span lang=\"EN-CA\">(organized by Eva Darias Beautell)<\/span><\/li>\n<li><a href=\"https:\/\/drive.google.com\/file\/d\/1IUUV_BQi4C0vwwz0g1BKe2VfZW2G-EvS\/view?usp=share_link\" target=\"_blank\" rel=\"noopener\" target=\"_blank\" rel=\"noopener\">Seminar: Tiger Symmetries: Pandemic as Gift. Larissa Lai (ULL) March 24<sup>th<\/sup>\u00a02023<\/a>\u00a0<span lang=\"EN-CA\">(organized by Eva Darias Beautell)\u00a0<\/span><\/li>\n<li><a href=\"https:\/\/larissalai.com\/maria-zambrano-fellow\/\" target=\"_blank\" rel=\"noopener\" target=\"_blank\" rel=\"noopener\">Seminar: Why I Write Historical Fiction. Larissa Lai. University of Huelva. March 16<sup>th<\/sup>, 2023.<\/a> (organized by Pilar Cuder. Maria Zambrano Fellowship. COIDESO)<\/li>\n<li><a href=\"https:\/\/drive.google.com\/file\/d\/1_04prQgG_Amy-uxKZiIS8AB-jvwBYq_4\/view?usp=share_link\" target=\"_blank\" rel=\"noopener\" target=\"_blank\" rel=\"noopener\">TransCanadian Networks Online Seminar Series: (Dis)Entangled Memories in <i>Can You Hear the Nightbird Call?<\/i>\u00a0Andrea Llano Busta.<span lang=\"EN-GB\">\u00a0<\/span><\/a><span lang=\"EN-CA\">February 23<sup>rd<\/sup>, 2023. (organized by Eva Darias Beautell)<\/span><\/li>\n<li><a href=\"https:\/\/larissalai.com\/maria-zambrano-fellow\/\" target=\"_blank\" rel=\"noopener\" target=\"_blank\" rel=\"noopener\">Seminar: Poethics. Larissa Lai. University of Huelva. February 22<sup>nd<\/sup>, 2023.<\/a> (organized by Pilar Cuder. Maria Zambrano Fellowship. COIDESO)<\/li>\n<li>Seminar: Agential Environments and Non-human Becoming in Indigenous Epistemologies of Land Aliveness. Andrea Ruthven (UIB). Programa Interuniversitario de Doctorado en Estudios Ingleses Avanzados de la U. de Vigo. February\u00a0<span lang=\"EN-GB\">13<sup>th<\/sup>\u00a02023. (organized by\u00a0<\/span>Bel\u00e9n Mart\u00edn Lucas<span lang=\"EN-GB\">)<\/span><\/li>\n<li>Presentation: Canada and Beyond: A Journal of Canadian Literary and Cultural Studies. University of Salamanca. January 31<sup>st<\/sup>, 2023. (organized by Ana Fraile Marcos)<\/li>\n<\/ul>\n<p><strong>2022<\/strong><\/p>\n<ul>\n<li>Seminar: Insurgent Utopias. Larissa Lai.\u00a0<span lang=\"EN-US\">University of Oviedo.\u00a0<\/span><span lang=\"EN-GB\">November 28th, 2022.\u00a0<\/span>(organized by Alejandra Moreno \u00c1lvarez, Departamento de Filolog\u00eda Inglesa, Francesa y Alemana)<\/li>\n<li>Plenary Conference: Decolonial Love as Critical Pedagogy: Learning Response-Ability from Indigenous Authors. Bel\u00e9n Mart\u00edn Lucas. 45<sup>th<\/sup>\u00a0International AEDEAN Conference. University of Extremadura. November 16-18<sup>th<\/sup> 2022<\/li>\n<li>Seminar: Feminismo Ind\u00edgena. Bel\u00e9n Mart\u00edn Lucas. M\u00e1ster Erasmus Mundus de Estudios de las Mujeres GEMMA de la Universidad de Oviedo. November <span lang=\"EN-GB\">3<sup>rd<\/sup>\u00a02022<\/span><span lang=\"EN-GB\"> \u00a0<\/span><\/li>\n<li>Seminar: Feminismo Descolonial. Bel\u00e9n Mart\u00edn Lucas. M\u00e1ster Erasmus Mundus de Estudios de las Mujeres GEMMA de la Universidad de Oviedo. November <span lang=\"EN-GB\">2<sup>nd<\/sup>\u00a02022<\/span>.<\/li>\n<li>Lecture: La vida de las mujeres de Alice Munro. Bel\u00e9n Mart\u00edn Lucas. Club de lectura del Centro de Documentaci\u00f3n y Recursos Feministas de la Biblioteca de Vigo. <span lang=\"EN-GB\">October 26<sup>th<\/sup> 2022<\/span><\/li>\n<li>Keynote Lecture:<span lang=\"EN-US\">\u00a0\u201cThe Hos(ti)pitality of Affects: Threshold Suspension in Vancouver Literature and Film.\u201d. By Eva Darias-Beautell. The 9th Congress of Polish Canadianists (University of Bia\u0142ystok: September 21-23, 2022)<\/span><\/li>\n<\/ul>\n<p><strong>2021<\/strong><\/p>\n<ul>\n<li><span lang=\"EN-GB\">Seminar: Necropolitics and Abjection in Emma Donoghue\u2019s \u201cCounting the Days\u201d. International Seminar: Research Results of the \u201cBodies In Transit 2\u201d Project. Universidade da Coru\u00f1a, online. May 19-21<sup>st<\/sup> 2021<\/span><\/li>\n<li>Plenary Conference: Indigenous Futurism in TransCanadian SF. A Feminist Reading of Celu Ambertone\u2019s \u201cThe Refugees\u201d. Bel\u00e9n Mart\u00edn Lucas, Andrea Ruthven and Maria Grau Perejoan. I Symposium \u201cLa cuarta ola: especulaciones feministas para un futuro posible\u201d. Universitat de les Illes Balears, online November 10-12, 2021<\/li>\n<li>Conference: \u201cPosthuman Love and Feminist Kinship in TransCanadian Speculative Fiction\u201d. Bel\u00e9n Mart\u00edn Lucas. Summer Course \u201cThe Past and the Future, the Planet, Ourselves: New Trends in Anglophone Fiction\u201d. Universitat de les Illes Balears. July 5<sup>th<\/sup>\u00a02021.<\/li>\n<\/ul>\n<ul>\n<li><a href=\"https:\/\/www.ull.es\/portal\/transcanadiannetworks\/wp-content\/uploads\/sites\/43\/2022\/12\/Poster-Myra-Bloom-Robarts.pdf\" target=\"_blank\" rel=\"noopener\" target=\"_blank\" rel=\"noopener\">TransCanadian Networks Online Seminar Series: Nelly Arcand (by Myra Bloom) (organized by Eva Darias Beautell)<\/a><\/li>\n<li><a href=\"https:\/\/www.ull.es\/portal\/transcanadiannetworks\/wp-content\/uploads\/sites\/43\/2022\/12\/Larissa-Lai-Online-Lecture-Nov-24-2022.pdf\" target=\"_blank\" rel=\"noopener\" target=\"_blank\" rel=\"noopener\">Mar\u00eda Zambrano Seminars: Insurgent Utopias (by Larissa Lai)<\/a><\/li>\n<li><a href=\"https:\/\/www.ull.es\/portal\/transcanadiannetworks\/wp-content\/uploads\/sites\/43\/2022\/12\/FINAL-Mallorca-Workshop-Program-2.pdf\" target=\"_blank\" rel=\"noopener\" target=\"_blank\" rel=\"noopener\">TransCanadian Networks\/ESSE Workshop<\/a><\/li>\n<li><a href=\"https:\/\/www.ull.es\/portal\/transcanadiannetworks\/wp-content\/uploads\/sites\/43\/2022\/12\/Larissa-Lai-\u0301s-Book-Launch-27-Oct-2022-v-2.pdf\" target=\"_blank\" rel=\"noopener\" target=\"_blank\" rel=\"noopener\">Mar\u00eda Zambrano Seminars: Book launch of The Lost Century (by Larissa Lai)<\/a><\/li>\n<li><a href=\"https:\/\/www.ull.es\/portal\/transcanadiannetworks\/wp-content\/uploads\/sites\/43\/2022\/12\/Poster-Pilar-Somacarrera-TransCanadian-Seminars-final11.png\" target=\"_blank\" rel=\"noopener\" target=\"_blank\" rel=\"noopener\">TransCanadian Networks Online Seminar Series: Power and Monstruosity (by Pilar Somacarrera) (organized by Eva Darias Beautell)<\/a><\/li>\n<li><a href=\"https:\/\/www.ull.es\/portal\/transcanadiannetworks\/wp-content\/uploads\/sites\/43\/2022\/12\/Cartel.SeminarioAndreaRuthven-2_compressed.pdf\" target=\"_blank\" rel=\"noopener\" target=\"_blank\" rel=\"noopener\">TransCanadian Networks Online Seminar Series: \u201cPlace-Thought\u201d and \u201cTerristory\u201d (by Andrea Ruthven) (organized by Eva Darias Beautell)<\/a><\/li>\n<li><a href=\"https:\/\/www.ull.es\/portal\/transcanadiannetworks\/wp-content\/uploads\/sites\/43\/2022\/12\/HappinessWorkshopProgram-3_compressed.pdf\" target=\"_blank\" rel=\"noopener\" target=\"_blank\" rel=\"noopener\">HAPPINESS\/RESILIENCE Project International Research Workshop I<\/a><\/li>\n<li><a href=\"https:\/\/www.ull.es\/portal\/transcanadiannetworks\/wp-content\/uploads\/sites\/43\/2022\/12\/nwf-workshop_may-2022_program_final3-2.pdf\" target=\"_blank\" rel=\"noopener\" target=\"_blank\" rel=\"noopener\">Studying Indigenous Literatures and Cultures of Turtle Island in Europe Workshop<\/a><\/li>\n<li><a href=\"https:\/\/drive.google.com\/file\/d\/1i8H6w2lxYNiJJefjssSBe0qhULcuafur\/view?usp=sharing\" target=\"_blank\" rel=\"noopener\" target=\"_blank\" rel=\"noopener\">TransCanadian Networks 22 Online Seminar Series: \u00abLost Your Superpowers?\u00bb (organized by Eva Darias Beautell)<\/a><\/li>\n<li><a href=\"https:\/\/drive.google.com\/file\/d\/1Noz8lKnAP9mQg_wszbNh3PqQnxJc_d_E\/view?usp=sharing\" target=\"_blank\" rel=\"noopener\" target=\"_blank\" rel=\"noopener\">TransCanadian Networks 22 Online Seminar Series: Testimonies from Gilead (organized by Eva Darias Beautell)<\/a><\/li>\n<li><a href=\"https:\/\/drive.google.com\/file\/d\/1Sll_EjyKPlTHl4fAnn0S9_6875R_tnS7\/view?usp=sharing\" target=\"_blank\" rel=\"noopener\" target=\"_blank\" rel=\"noopener\">TransCanadian Networks 21 Online Seminar Series: (De)colonizing Turtle Island (organized by Eva Darias Beautell)<\/a><\/li>\n<li><a href=\"https:\/\/drive.google.com\/file\/d\/1erLNHO-kCn4f2WN09z02DPAtuDU9-MMm\/view?usp=sharing\" target=\"_blank\" rel=\"noopener\" target=\"_blank\" rel=\"noopener\">Seminario de Investigaci\u00f3n Avanzada: Manjares Literarios: Propuestas Feministas Comestibles<\/a><\/li>\n<li><a href=\"https:\/\/constelacionesfeministas.weebly.com\/\" target=\"_blank\" rel=\"noopener\" target=\"_blank\" rel=\"noopener\">I Simposio Constelaciones Feministas: La cuarta ola: especulaciones feministas para un futuro posible<\/a><\/li>\n<li><a href=\"https:\/\/drive.google.com\/file\/d\/14Giiqo1GbIipis0pltmMXcsAa_-jQO-J\/view?usp=sharing\" target=\"_blank\" rel=\"noopener\" target=\"_blank\" rel=\"noopener\">Conferencia \u00abOn Trans Aliveness as Feminist Praxis: Ivan Coyote\u2019s &amp; Syrus Marcus Ware\u2019s Ungovernable Archives\u00bb<\/a><\/li>\n<li><a href=\"https:\/\/drive.google.com\/file\/d\/1d3F2NJU-jJot65KbmnOmtMSXlD6jOG1d\/view?usp=sharing\" target=\"_blank\" rel=\"noopener\" target=\"_blank\" rel=\"noopener\">TransCanadian Networks 21 Online Seminar Series: Narratives of Happiness and Resilience Project Presentation (organized by Eva Darias Beautell)<\/a><\/li>\n<li><a href=\"https:\/\/drive.google.com\/file\/d\/1xS_E6N26qbavQL5R3kDqMf9YlMI_XjiT\/view?usp=sharing\" target=\"_blank\" rel=\"noopener\" target=\"_blank\" rel=\"noopener\">Artpolitical: Margaret Atwood&#8217;s Aesthetics (12 March 2021)<\/a><\/li>\n<li><a href=\"https:\/\/diarium.usal.es\/eventseng\/2020\/01\/27\/symposium-narratives-of-resistance-and-radical-resurgence-from-canadaturtle-island\/\" target=\"_blank\" rel=\"noopener\">Narratives of Resistance and Radical Resurgence from Canada\/Turtle Island,<\/a> Universidad de Salamanca (Febrero 2020).<\/li>\n<li>Canada and Beyond Conference 6: Difference and Indifference, Universidade de Vigo, Spain (June 2020). Cancelled due to covid-19.<\/li>\n<li><a href=\"https:\/\/transcanulleng.wordpress.com\/2018\/02\/23\/transcanadian-networks-meeting\/\" target=\"_blank\" rel=\"noopener\">TransCanadian Networks Meeting, C\u00edrculo de Bellas Artes de Tenerife, Spain (June 2018)<\/a><\/li>\n<li><a href=\"https:\/\/transcanulleng.wordpress.com\/2018\/06\/20\/iv-international-research-workshop-on-canadian-literature-vulnera-project\/\" target=\"_blank\" rel=\"noopener\">IV International Research Workshop on Canadian Literature (VULNERA Project) \u2013 Universidad de La Laguna, C\u00edrculo de Bellas Artes de Tenerife, Spain (June 2018)<\/a><\/li>\n<li><a href=\"https:\/\/uhucim.acentoweb.com\/documents\/seminarios\/canada-beyond-v-diptico\" target=\"_blank\" rel=\"noopener\">Canada &amp; Beyond Conference 5: Bodies of Water, Casa Col\u00f3n, Universidad de Huelva, Spain (June 2018)<\/a><\/li>\n<li><a href=\"https:\/\/diarium.usal.es\/resilience\/narratives-of-resilience-and-healing-an-interdisciplinary-conference\/\" target=\"_blank\" rel=\"noopener\">Narratives of Resilience and Healing, an Interdisciplinary Conference, Universidad de Salamanca, Spain (October 2017)<\/a><\/li>\n<li><a href=\"http:\/\/smarokamboureli.ca\/transcanada-institute-archive\/conferences\/transcanada2017\/\" target=\"_blank\" rel=\"noopener\">Mikinaakominis \/ TransCanadas:\u00a0Literature, Justice, Relation, University of Toronto, Canada (May 2017)<\/a><\/li>\n<li><a href=\"https:\/\/eaclals.eu\/news-events-2\/eaclals-conference-archive\/\" target=\"_blank\" rel=\"noopener\">16th Triennial EACLALS Conference, Universdad de Oviedo, Spain (April 2017)<\/a><\/li>\n<li><a href=\"https:\/\/bacs2017.wordpress.com\/\" target=\"_blank\" rel=\"noopener\">BACS Conference, Canada House, London (April 2017)<\/a><\/li>\n<li><a href=\"https:\/\/complit.ca\/2015\/11\/07\/2271-2\/\" target=\"_blank\" rel=\"noopener\">Maladies of the Soul, Emotion, Affect, The Banff Centre, Canada (September 2016)<\/a><\/li>\n<li><a href=\"http:\/\/digitexts.cwrc.ca\/en\/about\/\" target=\"_blank\" rel=\"noopener\">Digital Textualities \/ Canadian Contexts:\u00a0Canadian Writing Research Collaboratory Launch Conference, University of Alberta, Canada (September 2016)<\/a><\/li>\n<li><a href=\"https:\/\/canadaandbeyond4.wordpress.com\/\" target=\"_blank\" rel=\"noopener\">Canada &amp; BeyondConference 4, Universidade de Vigo, Spain (June 2016)<\/a><\/li>\n<li><a href=\"http:\/\/www.kanada-studien.org\/3258\/conference-crisis-and-beyond-the-literatures-of-canada-and-quebec\/\" target=\"_blank\" rel=\"noopener\">International Conference\u00a0Crisis and Beyond: The Literatures of Canada and Quebec, University of Innsbruck, Austria (October 2015)\u00a0<\/a><\/li>\n<\/ul>\n<p>Follow us on Facebook (<a href=\"https:\/\/www.facebook.com\/TransCanadianNetworks\/\" target=\"_blank\" rel=\"noopener noreferrer\" target=\"_blank\" rel=\"noopener\">TransCanadian Networks<\/a>) or visit our\u00a0<a href=\"https:\/\/www.ull.es\/portal\/transcanadiannetworks\/gallery\/\" target=\"_blank\" rel=\"noopener\">gallery<\/a>\u00a0to see pictures of our participation in different events.[\/vc_column_text][\/vc_column][\/vc_row]<\/p>\n","protected":false},"excerpt":{"rendered":"<p>[vc_row][vc_column][vc_column_text] Meetings and Events The TransCanadian Networks team has organized and\/or participated in the following selected international conferences, workshops and\/or meetings. 2023 TransCanadian Networks Online Seminar Series: Oblique Emotions and Border Intimacies in Dionne Brand\u2019s Theory. Libe Garc\u00eda Zarranz. April 27th\u00a02023\u00a0(organized by Eva Darias Beautell) Seminar: Tiger Symmetries: Pandemic as Gift. Larissa Lai (ULL) March&#8230;<\/p>\n","protected":false},"author":22,"featured_media":0,"parent":0,"menu_order":0,"comment_status":"closed","ping_status":"closed","template":"","meta":{"inline_featured_image":false,"footnotes":""},"acf":[],"yoast_head":"<!-- This site is optimized with the Yoast SEO plugin v21.3 - https:\/\/yoast.com\/wordpress\/plugins\/seo\/ -->\n<title>Meetings and Events - TransCanadian Networks<\/title>\n<meta name=\"robots\" content=\"index, follow, max-snippet:-1, max-image-preview:large, max-video-preview:-1\" \/>\n<link rel=\"canonical\" href=\"https:\/\/www.ull.es\/portal\/transcanadiannetworks\/meetings-and-events\/\" \/>\n<meta property=\"og:locale\" content=\"es_ES\" \/>\n<meta property=\"og:type\" content=\"article\" \/>\n<meta property=\"og:title\" content=\"Meetings and Events - TransCanadian Networks\" \/>\n<meta property=\"og:description\" content=\"[vc_row][vc_column][vc_column_text] Meetings and Events The TransCanadian Networks team has organized and\/or participated in the following selected international conferences, workshops and\/or meetings. 2023 TransCanadian Networks Online Seminar Series: Oblique Emotions and Border Intimacies in Dionne Brand\u2019s Theory. Libe Garc\u00eda Zarranz. April 27th\u00a02023\u00a0(organized by Eva Darias Beautell) Seminar: Tiger Symmetries: Pandemic as Gift. Larissa Lai (ULL) March...\" \/>\n<meta property=\"og:url\" content=\"https:\/\/www.ull.es\/portal\/transcanadiannetworks\/meetings-and-events\/\" \/>\n<meta property=\"og:site_name\" content=\"TransCanadian Networks\" \/>\n<meta property=\"article:modified_time\" content=\"2023-05-03T09:05:40+00:00\" \/>\n<meta name=\"twitter:card\" content=\"summary_large_image\" \/>\n<meta name=\"twitter:label1\" content=\"Tiempo de lectura\" \/>\n\t<meta name=\"twitter:data1\" content=\"4 minutos\" \/>\n<script type=\"application\/ld+json\" class=\"yoast-schema-graph\">{\"@context\":\"https:\/\/schema.org\",\"@graph\":[{\"@type\":\"WebPage\",\"@id\":\"https:\/\/www.ull.es\/portal\/transcanadiannetworks\/meetings-and-events\/\",\"url\":\"https:\/\/www.ull.es\/portal\/transcanadiannetworks\/meetings-and-events\/\",\"name\":\"Meetings and Events - TransCanadian Networks\",\"isPartOf\":{\"@id\":\"https:\/\/www.ull.es\/portal\/transcanadiannetworks\/#website\"},\"datePublished\":\"2021-02-05T17:54:16+00:00\",\"dateModified\":\"2023-05-03T09:05:40+00:00\",\"breadcrumb\":{\"@id\":\"https:\/\/www.ull.es\/portal\/transcanadiannetworks\/meetings-and-events\/#breadcrumb\"},\"inLanguage\":\"es\",\"potentialAction\":[{\"@type\":\"ReadAction\",\"target\":[\"https:\/\/www.ull.es\/portal\/transcanadiannetworks\/meetings-and-events\/\"]}]},{\"@type\":\"BreadcrumbList\",\"@id\":\"https:\/\/www.ull.es\/portal\/transcanadiannetworks\/meetings-and-events\/#breadcrumb\",\"itemListElement\":[{\"@type\":\"ListItem\",\"position\":1,\"name\":\"Portada\",\"item\":\"https:\/\/www.ull.es\/portal\/transcanadiannetworks\/\"},{\"@type\":\"ListItem\",\"position\":2,\"name\":\"Meetings and Events\"}]},{\"@type\":\"WebSite\",\"@id\":\"https:\/\/www.ull.es\/portal\/transcanadiannetworks\/#website\",\"url\":\"https:\/\/www.ull.es\/portal\/transcanadiannetworks\/\",\"name\":\"TransCanadian Networks\",\"description\":\"\",\"potentialAction\":[{\"@type\":\"SearchAction\",\"target\":{\"@type\":\"EntryPoint\",\"urlTemplate\":\"https:\/\/www.ull.es\/portal\/transcanadiannetworks\/?s={search_term_string}\"},\"query-input\":\"required name=search_term_string\"}],\"inLanguage\":\"es\"}]}<\/script>\n<!-- \/ Yoast SEO plugin. -->","yoast_head_json":{"title":"Meetings and Events - TransCanadian Networks","robots":{"index":"index","follow":"follow","max-snippet":"max-snippet:-1","max-image-preview":"max-image-preview:large","max-video-preview":"max-video-preview:-1"},"canonical":"https:\/\/www.ull.es\/portal\/transcanadiannetworks\/meetings-and-events\/","og_locale":"es_ES","og_type":"article","og_title":"Meetings and Events - TransCanadian Networks","og_description":"[vc_row][vc_column][vc_column_text] Meetings and Events The TransCanadian Networks team has organized and\/or participated in the following selected international conferences, workshops and\/or meetings. 2023 TransCanadian Networks Online Seminar Series: Oblique Emotions and Border Intimacies in Dionne Brand\u2019s Theory. Libe Garc\u00eda Zarranz. April 27th\u00a02023\u00a0(organized by Eva Darias Beautell) Seminar: Tiger Symmetries: Pandemic as Gift. Larissa Lai (ULL) March...","og_url":"https:\/\/www.ull.es\/portal\/transcanadiannetworks\/meetings-and-events\/","og_site_name":"TransCanadian Networks","article_modified_time":"2023-05-03T09:05:40+00:00","twitter_card":"summary_large_image","twitter_misc":{"Tiempo de lectura":"4 minutos"},"schema":{"@context":"https:\/\/schema.org","@graph":[{"@type":"WebPage","@id":"https:\/\/www.ull.es\/portal\/transcanadiannetworks\/meetings-and-events\/","url":"https:\/\/www.ull.es\/portal\/transcanadiannetworks\/meetings-and-events\/","name":"Meetings and Events - TransCanadian Networks","isPartOf":{"@id":"https:\/\/www.ull.es\/portal\/transcanadiannetworks\/#website"},"datePublished":"2021-02-05T17:54:16+00:00","dateModified":"2023-05-03T09:05:40+00:00","breadcrumb":{"@id":"https:\/\/www.ull.es\/portal\/transcanadiannetworks\/meetings-and-events\/#breadcrumb"},"inLanguage":"es","potentialAction":[{"@type":"ReadAction","target":["https:\/\/www.ull.es\/portal\/transcanadiannetworks\/meetings-and-events\/"]}]},{"@type":"BreadcrumbList","@id":"https:\/\/www.ull.es\/portal\/transcanadiannetworks\/meetings-and-events\/#breadcrumb","itemListElement":[{"@type":"ListItem","position":1,"name":"Portada","item":"https:\/\/www.ull.es\/portal\/transcanadiannetworks\/"},{"@type":"ListItem","position":2,"name":"Meetings and Events"}]},{"@type":"WebSite","@id":"https:\/\/www.ull.es\/portal\/transcanadiannetworks\/#website","url":"https:\/\/www.ull.es\/portal\/transcanadiannetworks\/","name":"TransCanadian Networks","description":"","potentialAction":[{"@type":"SearchAction","target":{"@type":"EntryPoint","urlTemplate":"https:\/\/www.ull.es\/portal\/transcanadiannetworks\/?s={search_term_string}"},"query-input":"required name=search_term_string"}],"inLanguage":"es"}]}},"_links":{"self":[{"href":"https:\/\/www.ull.es\/portal\/transcanadiannetworks\/wp-json\/wp\/v2\/pages\/619"}],"collection":[{"href":"https:\/\/www.ull.es\/portal\/transcanadiannetworks\/wp-json\/wp\/v2\/pages"}],"about":[{"href":"https:\/\/www.ull.es\/portal\/transcanadiannetworks\/wp-json\/wp\/v2\/types\/page"}],"author":[{"embeddable":true,"href":"https:\/\/www.ull.es\/portal\/transcanadiannetworks\/wp-json\/wp\/v2\/users\/22"}],"replies":[{"embeddable":true,"href":"https:\/\/www.ull.es\/portal\/transcanadiannetworks\/wp-json\/wp\/v2\/comments?post=619"}],"version-history":[{"count":20,"href":"https:\/\/www.ull.es\/portal\/transcanadiannetworks\/wp-json\/wp\/v2\/pages\/619\/revisions"}],"predecessor-version":[{"id":1263,"href":"https:\/\/www.ull.es\/portal\/transcanadiannetworks\/wp-json\/wp\/v2\/pages\/619\/revisions\/1263"}],"wp:attachment":[{"href":"https:\/\/www.ull.es\/portal\/transcanadiannetworks\/wp-json\/wp\/v2\/media?parent=619"}],"curies":[{"name":"wp","href":"https:\/\/api.w.org\/{rel}","templated":true}]}}