{"id":40,"date":"2019-09-12T14:14:47","date_gmt":"2019-09-12T12:14:47","guid":{"rendered":"https:\/\/www.ull.es\/portal\/ullsolidaria\/?page_id=40"},"modified":"2024-09-30T15:37:35","modified_gmt":"2024-09-30T13:37:35","slug":"conocenos","status":"publish","type":"page","link":"https:\/\/www.ull.es\/portal\/ullsolidaria\/conocenos\/","title":{"rendered":"Con\u00f3cenos"},"content":{"rendered":"\t\t<div data-elementor-type=\"wp-page\" data-elementor-id=\"40\" class=\"elementor elementor-40\">\n\t\t\t\t\t\t\t\t\t<section class=\"elementor-section elementor-top-section elementor-element elementor-element-f30df13 elementor-section-height-min-height elementor-section-boxed elementor-section-height-default elementor-section-items-middle\" data-id=\"f30df13\" data-element_type=\"section\" data-settings=\"{&quot;background_background&quot;:&quot;classic&quot;}\">\n\t\t\t\t\t\t\t<div class=\"elementor-background-overlay\"><\/div>\n\t\t\t\t\t\t\t<div class=\"elementor-container elementor-column-gap-default\">\n\t\t\t\t\t<div class=\"elementor-column elementor-col-100 elementor-top-column elementor-element elementor-element-2c930f5\" data-id=\"2c930f5\" data-element_type=\"column\">\n\t\t\t<div class=\"elementor-widget-wrap elementor-element-populated\">\n\t\t\t\t\t\t\t\t<div class=\"elementor-element elementor-element-2a74276 elementor-widget elementor-widget-heading\" data-id=\"2a74276\" data-element_type=\"widget\" data-widget_type=\"heading.default\">\n\t\t\t\t<div class=\"elementor-widget-container\">\n\t\t\t<style>\/*! elementor - v3.9.2 - 21-12-2022 *\/\n.elementor-heading-title{padding:0;margin:0;line-height:1}.elementor-widget-heading .elementor-heading-title[class*=elementor-size-]>a{color:inherit;font-size:inherit;line-height:inherit}.elementor-widget-heading .elementor-heading-title.elementor-size-small{font-size:15px}.elementor-widget-heading .elementor-heading-title.elementor-size-medium{font-size:19px}.elementor-widget-heading .elementor-heading-title.elementor-size-large{font-size:29px}.elementor-widget-heading .elementor-heading-title.elementor-size-xl{font-size:39px}.elementor-widget-heading .elementor-heading-title.elementor-size-xxl{font-size:59px}<\/style><h2 class=\"elementor-heading-title elementor-size-default\">Conocenos<\/h2>\t\t<\/div>\n\t\t\t\t<\/div>\n\t\t\t\t\t<\/div>\n\t\t<\/div>\n\t\t\t\t\t\t\t<\/div>\n\t\t<\/section>\n\t\t\t\t<section class=\"elementor-section elementor-top-section elementor-element elementor-element-e21bb62 elementor-section-boxed elementor-section-height-default elementor-section-height-default\" data-id=\"e21bb62\" data-element_type=\"section\">\n\t\t\t\t\t\t<div class=\"elementor-container elementor-column-gap-default\">\n\t\t\t\t\t<div class=\"elementor-column elementor-col-50 elementor-top-column elementor-element elementor-element-3a4e1d0 elementor-invisible\" data-id=\"3a4e1d0\" data-element_type=\"column\" data-settings=\"{&quot;animation&quot;:&quot;fadeInLeft&quot;}\">\n\t\t\t<div class=\"elementor-widget-wrap elementor-element-populated\">\n\t\t\t\t\t\t\t\t<div class=\"elementor-element elementor-element-a81a16a elementor-widget elementor-widget-image\" data-id=\"a81a16a\" data-element_type=\"widget\" data-widget_type=\"image.default\">\n\t\t\t\t<div class=\"elementor-widget-container\">\n\t\t\t<style>\/*! elementor - v3.9.2 - 21-12-2022 *\/\n.elementor-widget-image{text-align:center}.elementor-widget-image a{display:inline-block}.elementor-widget-image a img[src$=\".svg\"]{width:48px}.elementor-widget-image img{vertical-align:middle;display:inline-block}<\/style>\t\t\t\t\t\t\t\t\t\t\t\t<img decoding=\"async\" loading=\"lazy\" width=\"1000\" height=\"664\" src=\"https:\/\/www.ull.es\/portal\/ullsolidaria\/wp-content\/uploads\/sites\/64\/2024\/08\/voluntariado-2020-4.jpg\" class=\"attachment-large size-large wp-image-1027\" alt=\"\" srcset=\"https:\/\/www.ull.es\/portal\/ullsolidaria\/wp-content\/uploads\/sites\/64\/2024\/08\/voluntariado-2020-4.jpg 1000w, https:\/\/www.ull.es\/portal\/ullsolidaria\/wp-content\/uploads\/sites\/64\/2024\/08\/voluntariado-2020-4-300x199.jpg 300w, https:\/\/www.ull.es\/portal\/ullsolidaria\/wp-content\/uploads\/sites\/64\/2024\/08\/voluntariado-2020-4-768x510.jpg 768w, https:\/\/www.ull.es\/portal\/ullsolidaria\/wp-content\/uploads\/sites\/64\/2024\/08\/voluntariado-2020-4-375x249.jpg 375w, https:\/\/www.ull.es\/portal\/ullsolidaria\/wp-content\/uploads\/sites\/64\/2024\/08\/voluntariado-2020-4-750x498.jpg 750w\" sizes=\"(max-width: 1000px) 100vw, 1000px\" \/>\t\t\t\t\t\t\t\t\t\t\t\t\t\t\t<\/div>\n\t\t\t\t<\/div>\n\t\t\t\t\t<\/div>\n\t\t<\/div>\n\t\t\t\t<div class=\"elementor-column elementor-col-50 elementor-top-column elementor-element elementor-element-899b7ae elementor-invisible\" data-id=\"899b7ae\" data-element_type=\"column\" data-settings=\"{&quot;animation&quot;:&quot;fadeInRight&quot;}\">\n\t\t\t<div class=\"elementor-widget-wrap elementor-element-populated\">\n\t\t\t\t\t\t\t\t<div class=\"elementor-element elementor-element-f4de57c elementor-widget elementor-widget-text-editor\" data-id=\"f4de57c\" data-element_type=\"widget\" data-widget_type=\"text-editor.default\">\n\t\t\t\t<div class=\"elementor-widget-container\">\n\t\t\t<style>\/*! elementor - v3.9.2 - 21-12-2022 *\/\n.elementor-widget-text-editor.elementor-drop-cap-view-stacked .elementor-drop-cap{background-color:#818a91;color:#fff}.elementor-widget-text-editor.elementor-drop-cap-view-framed .elementor-drop-cap{color:#818a91;border:3px solid;background-color:transparent}.elementor-widget-text-editor:not(.elementor-drop-cap-view-default) .elementor-drop-cap{margin-top:8px}.elementor-widget-text-editor:not(.elementor-drop-cap-view-default) .elementor-drop-cap-letter{width:1em;height:1em}.elementor-widget-text-editor .elementor-drop-cap{float:left;text-align:center;line-height:1;font-size:50px}.elementor-widget-text-editor .elementor-drop-cap-letter{display:inline-block}<\/style>\t\t\t\t<p>\u00a0<\/p><p><span style=\"font-weight: 400;\">Se considera voluntaria a toda persona f\u00edsica que realice una actividad no obligatoria, sin contraprestaci\u00f3n econ\u00f3mica o material, responsable y solidaria, a trav\u00e9s de los proyectos o programas de una entidad que ejerza el voluntariado y dentro de alguna de las \u00e1reas de inter\u00e9s social.<\/span><\/p><p>El voluntariado:<\/p><ul><li>Refuerza el compromiso c\u00edvico, protege la inclusi\u00f3n social y afianza la solidaridad.<\/li><li>Permite a las personas y comunidades participar en su propio crecimiento.<\/li><li>Consolida la cohesi\u00f3n social y la confianza al promover acciones individuales y colectivas.<\/li><\/ul>\t\t\t\t\t\t<\/div>\n\t\t\t\t<\/div>\n\t\t\t\t\t<\/div>\n\t\t<\/div>\n\t\t\t\t\t\t\t<\/div>\n\t\t<\/section>\n\t\t\t\t<section class=\"elementor-section elementor-top-section elementor-element elementor-element-4a961f3 elementor-section-boxed elementor-section-height-default elementor-section-height-default\" data-id=\"4a961f3\" data-element_type=\"section\">\n\t\t\t\t\t\t<div class=\"elementor-container elementor-column-gap-default\">\n\t\t\t\t\t<div class=\"elementor-column elementor-col-50 elementor-top-column elementor-element elementor-element-e5b6db8 elementor-invisible\" data-id=\"e5b6db8\" data-element_type=\"column\" data-settings=\"{&quot;animation&quot;:&quot;fadeInLeft&quot;}\">\n\t\t\t<div class=\"elementor-widget-wrap elementor-element-populated\">\n\t\t\t\t\t\t\t\t<div class=\"elementor-element elementor-element-19247fe elementor-widget elementor-widget-text-editor\" data-id=\"19247fe\" data-element_type=\"widget\" data-widget_type=\"text-editor.default\">\n\t\t\t\t<div class=\"elementor-widget-container\">\n\t\t\t\t\t\t\t<p>ULLSolidaria es un programa para el fomento y fortalecimiento de las acciones de voluntariado en la comunidad universitaria. El objetivo principal es crear un entorno propicio que promueva y fortalezca la participaci\u00f3n activa, sobre todo del estudiantado, en actividades voluntarias, contribuyendo tanto al desarrollo personal de los individuos como al bienestar de la comunidad en general.<\/p><p>ULLSolidaria nace en junio de 2012 con el objetivo de promover ciudadan\u00eda socialmente responsable en la comunidad universitaria. Para ello, fomentaremos la participaci\u00f3n en proyectos promovidos por la propia comunidad universitaria y difundiremos los que promuevan entidades externas como ONGS u otras instituciones. Todo ello apoy\u00e1ndonos en dos valores fundamentales: compromiso y empat\u00eda.<\/p>\t\t\t\t\t\t<\/div>\n\t\t\t\t<\/div>\n\t\t\t\t\t<\/div>\n\t\t<\/div>\n\t\t\t\t<div class=\"elementor-column elementor-col-50 elementor-top-column elementor-element elementor-element-feb8701 elementor-invisible\" data-id=\"feb8701\" data-element_type=\"column\" data-settings=\"{&quot;animation&quot;:&quot;fadeInRight&quot;}\">\n\t\t\t<div class=\"elementor-widget-wrap elementor-element-populated\">\n\t\t\t\t\t\t\t\t<div class=\"elementor-element elementor-element-743178a elementor-widget elementor-widget-image\" data-id=\"743178a\" data-element_type=\"widget\" data-widget_type=\"image.default\">\n\t\t\t\t<div class=\"elementor-widget-container\">\n\t\t\t\t\t\t\t\t\t\t\t\t\t\t\t<img decoding=\"async\" loading=\"lazy\" width=\"1024\" height=\"683\" src=\"https:\/\/www.ull.es\/portal\/ullsolidaria\/wp-content\/uploads\/sites\/64\/2019\/09\/voluntario3-1024x683.jpg\" class=\"attachment-large size-large wp-image-77\" alt=\"\" srcset=\"https:\/\/www.ull.es\/portal\/ullsolidaria\/wp-content\/uploads\/sites\/64\/2019\/09\/voluntario3-1024x683.jpg 1024w, https:\/\/www.ull.es\/portal\/ullsolidaria\/wp-content\/uploads\/sites\/64\/2019\/09\/voluntario3-300x200.jpg 300w, https:\/\/www.ull.es\/portal\/ullsolidaria\/wp-content\/uploads\/sites\/64\/2019\/09\/voluntario3-768x512.jpg 768w, https:\/\/www.ull.es\/portal\/ullsolidaria\/wp-content\/uploads\/sites\/64\/2019\/09\/voluntario3-375x250.jpg 375w, https:\/\/www.ull.es\/portal\/ullsolidaria\/wp-content\/uploads\/sites\/64\/2019\/09\/voluntario3-750x500.jpg 750w, https:\/\/www.ull.es\/portal\/ullsolidaria\/wp-content\/uploads\/sites\/64\/2019\/09\/voluntario3-1140x760.jpg 1140w, https:\/\/www.ull.es\/portal\/ullsolidaria\/wp-content\/uploads\/sites\/64\/2019\/09\/voluntario3.jpg 1800w\" sizes=\"(max-width: 1024px) 100vw, 1024px\" \/>\t\t\t\t\t\t\t\t\t\t\t\t\t\t\t<\/div>\n\t\t\t\t<\/div>\n\t\t\t\t\t<\/div>\n\t\t<\/div>\n\t\t\t\t\t\t\t<\/div>\n\t\t<\/section>\n\t\t\t\t<section class=\"elementor-section elementor-top-section elementor-element elementor-element-50bd7bd elementor-section-boxed elementor-section-height-default elementor-section-height-default\" data-id=\"50bd7bd\" data-element_type=\"section\">\n\t\t\t\t\t\t<div class=\"elementor-container elementor-column-gap-default\">\n\t\t\t\t\t<div class=\"elementor-column elementor-col-100 elementor-top-column elementor-element elementor-element-7669c1a\" data-id=\"7669c1a\" data-element_type=\"column\">\n\t\t\t<div class=\"elementor-widget-wrap elementor-element-populated\">\n\t\t\t\t\t\t\t\t<div class=\"elementor-element elementor-element-31fee02 elementor-widget elementor-widget-heading\" data-id=\"31fee02\" data-element_type=\"widget\" data-widget_type=\"heading.default\">\n\t\t\t\t<div class=\"elementor-widget-container\">\n\t\t\t<h2 class=\"elementor-heading-title elementor-size-default\">Proyectos realizados el a\u00f1o pasado<\/h2>\t\t<\/div>\n\t\t\t\t<\/div>\n\t\t\t\t<div class=\"elementor-element elementor-element-598bcf0 elementor-arrows-position-outside elementor-widget elementor-widget-image-carousel\" data-id=\"598bcf0\" data-element_type=\"widget\" data-settings=\"{&quot;slides_to_show&quot;:&quot;2&quot;,&quot;slides_to_scroll&quot;:&quot;2&quot;,&quot;navigation&quot;:&quot;arrows&quot;,&quot;autoplay&quot;:&quot;yes&quot;,&quot;pause_on_hover&quot;:&quot;yes&quot;,&quot;pause_on_interaction&quot;:&quot;yes&quot;,&quot;autoplay_speed&quot;:5000,&quot;infinite&quot;:&quot;yes&quot;,&quot;speed&quot;:500,&quot;image_spacing_custom&quot;:{&quot;unit&quot;:&quot;px&quot;,&quot;size&quot;:20,&quot;sizes&quot;:[]}}\" data-widget_type=\"image-carousel.default\">\n\t\t\t\t<div class=\"elementor-widget-container\">\n\t\t\t<style>\/*! elementor - v3.9.2 - 21-12-2022 *\/\n.elementor-widget-image-carousel .swiper-container{position:static}.elementor-widget-image-carousel .swiper-container .swiper-slide figure{line-height:inherit}.elementor-widget-image-carousel .swiper-slide{text-align:center}.elementor-image-carousel-wrapper:not(.swiper-container-initialized) .swiper-slide{max-width:calc(100% \/ var(--e-image-carousel-slides-to-show, 3))}<\/style>\t\t<div class=\"elementor-image-carousel-wrapper swiper-container\" dir=\"ltr\">\n\t\t\t<div class=\"elementor-image-carousel swiper-wrapper\">\n\t\t\t\t\t\t\t\t<div class=\"swiper-slide\"><figure class=\"swiper-slide-inner\"><img decoding=\"async\" class=\"swiper-slide-image\" src=\"https:\/\/www.ull.es\/portal\/ullsolidaria\/wp-content\/uploads\/sites\/64\/2024\/09\/Ambientacion-de-exposiciones.png\" alt=\"Ambientaci\u00f3n de exposiciones\" \/><\/figure><\/div><div class=\"swiper-slide\"><figure class=\"swiper-slide-inner\"><img decoding=\"async\" class=\"swiper-slide-image\" src=\"https:\/\/www.ull.es\/portal\/ullsolidaria\/wp-content\/uploads\/sites\/64\/2024\/09\/Campustaje-III.png\" alt=\"Campustaje III\" \/><\/figure><\/div><div class=\"swiper-slide\"><figure class=\"swiper-slide-inner\"><img decoding=\"async\" class=\"swiper-slide-image\" src=\"https:\/\/www.ull.es\/portal\/ullsolidaria\/wp-content\/uploads\/sites\/64\/2024\/09\/Caritas.png\" alt=\"C\u00e1ritas\" \/><\/figure><\/div><div class=\"swiper-slide\"><figure class=\"swiper-slide-inner\"><img decoding=\"async\" class=\"swiper-slide-image\" src=\"https:\/\/www.ull.es\/portal\/ullsolidaria\/wp-content\/uploads\/sites\/64\/2024\/09\/Down-Tenerife.png\" alt=\"Down Tenerife\" \/><\/figure><\/div><div class=\"swiper-slide\"><figure class=\"swiper-slide-inner\"><img decoding=\"async\" class=\"swiper-slide-image\" src=\"https:\/\/www.ull.es\/portal\/ullsolidaria\/wp-content\/uploads\/sites\/64\/2024\/09\/Ensenar-Para-Emprender-EPE.png\" alt=\"Ense\u00f1ar Para Emprender (EPE)\" \/><\/figure><\/div><div class=\"swiper-slide\"><figure class=\"swiper-slide-inner\"><img decoding=\"async\" class=\"swiper-slide-image\" src=\"https:\/\/www.ull.es\/portal\/ullsolidaria\/wp-content\/uploads\/sites\/64\/2024\/09\/FSULL-Dynamics.png\" alt=\"FSULL Dynamics\" \/><\/figure><\/div><div class=\"swiper-slide\"><figure class=\"swiper-slide-inner\"><img decoding=\"async\" class=\"swiper-slide-image\" src=\"https:\/\/www.ull.es\/portal\/ullsolidaria\/wp-content\/uploads\/sites\/64\/2024\/09\/Informa-2.png\" alt=\"Informa 2\" \/><\/figure><\/div><div class=\"swiper-slide\"><figure class=\"swiper-slide-inner\"><img decoding=\"async\" class=\"swiper-slide-image\" src=\"https:\/\/www.ull.es\/portal\/ullsolidaria\/wp-content\/uploads\/sites\/64\/2024\/09\/La-Gran-Recogida-2.png\" alt=\"La Gran Recogida 2\" \/><\/figure><\/div><div class=\"swiper-slide\"><figure class=\"swiper-slide-inner\"><img decoding=\"async\" class=\"swiper-slide-image\" src=\"https:\/\/www.ull.es\/portal\/ullsolidaria\/wp-content\/uploads\/sites\/64\/2024\/09\/Voluntariado-deportivo.png\" alt=\"Voluntariado deportivo\" \/><\/figure><\/div><div class=\"swiper-slide\"><figure class=\"swiper-slide-inner\"><img decoding=\"async\" class=\"swiper-slide-image\" src=\"https:\/\/www.ull.es\/portal\/ullsolidaria\/wp-content\/uploads\/sites\/64\/2024\/09\/VOLUNTEA-Apanate-1.png\" alt=\"VOLUNTEA Apanate (1)\" \/><\/figure><\/div>\t\t\t<\/div>\n\t\t\t\t\t\t\t\t\t\t\t\t\t\t\t\t<div class=\"elementor-swiper-button elementor-swiper-button-prev\">\n\t\t\t\t\t\t<i aria-hidden=\"true\" class=\"eicon-chevron-left\"><\/i>\t\t\t\t\t\t<span class=\"elementor-screen-only\">Anterior<\/span>\n\t\t\t\t\t<\/div>\n\t\t\t\t\t<div class=\"elementor-swiper-button elementor-swiper-button-next\">\n\t\t\t\t\t\t<i aria-hidden=\"true\" class=\"eicon-chevron-right\"><\/i>\t\t\t\t\t\t<span class=\"elementor-screen-only\">Siguiente<\/span>\n\t\t\t\t\t<\/div>\n\t\t\t\t\t\t\t\t\t<\/div>\n\t\t\t\t<\/div>\n\t\t\t\t<\/div>\n\t\t\t\t\t<\/div>\n\t\t<\/div>\n\t\t\t\t\t\t\t<\/div>\n\t\t<\/section>\n\t\t\t\t\t\t\t<\/div>\n\t\t","protected":false},"excerpt":{"rendered":"<p>Conocenos \u00a0 Se considera voluntaria a toda persona f\u00edsica que realice una actividad no obligatoria, sin contraprestaci\u00f3n econ\u00f3mica o material, responsable y solidaria, a trav\u00e9s de los proyectos o programas de una entidad que ejerza el voluntariado y dentro de alguna de las \u00e1reas de inter\u00e9s social. El voluntariado: Refuerza el compromiso c\u00edvico, protege la&#8230;<\/p>\n","protected":false},"author":41,"featured_media":0,"parent":0,"menu_order":0,"comment_status":"closed","ping_status":"closed","template":"elementor_header_footer","meta":{"inline_featured_image":false,"footnotes":""},"acf":[],"yoast_head":"<!-- This site is optimized with the Yoast SEO plugin v21.3 - https:\/\/yoast.com\/wordpress\/plugins\/seo\/ -->\n<title>Con\u00f3cenos - ULL Solidaria<\/title>\n<meta name=\"robots\" content=\"index, follow, max-snippet:-1, max-image-preview:large, max-video-preview:-1\" \/>\n<link rel=\"canonical\" href=\"https:\/\/www.ull.es\/portal\/ullsolidaria\/conocenos\/\" \/>\n<meta property=\"og:locale\" content=\"es_ES\" \/>\n<meta property=\"og:type\" content=\"article\" \/>\n<meta property=\"og:title\" content=\"Con\u00f3cenos - ULL Solidaria\" \/>\n<meta property=\"og:description\" content=\"Conocenos \u00a0 Se considera voluntaria a toda persona f\u00edsica que realice una actividad no obligatoria, sin contraprestaci\u00f3n econ\u00f3mica o material, responsable y solidaria, a trav\u00e9s de los proyectos o programas de una entidad que ejerza el voluntariado y dentro de alguna de las \u00e1reas de inter\u00e9s social. El voluntariado: Refuerza el compromiso c\u00edvico, protege la...\" \/>\n<meta property=\"og:url\" content=\"https:\/\/www.ull.es\/portal\/ullsolidaria\/conocenos\/\" \/>\n<meta property=\"og:site_name\" content=\"ULL Solidaria\" \/>\n<meta property=\"article:modified_time\" content=\"2024-09-30T13:37:35+00:00\" \/>\n<meta property=\"og:image\" content=\"https:\/\/www.ull.es\/portal\/ullsolidaria\/wp-content\/uploads\/sites\/64\/2024\/08\/voluntariado-2020-4.jpg\" \/>\n<meta name=\"twitter:card\" content=\"summary_large_image\" \/>\n<meta name=\"twitter:label1\" content=\"Tiempo de lectura\" \/>\n\t<meta name=\"twitter:data1\" content=\"5 minutos\" \/>\n<script type=\"application\/ld+json\" class=\"yoast-schema-graph\">{\"@context\":\"https:\/\/schema.org\",\"@graph\":[{\"@type\":\"WebPage\",\"@id\":\"https:\/\/www.ull.es\/portal\/ullsolidaria\/conocenos\/\",\"url\":\"https:\/\/www.ull.es\/portal\/ullsolidaria\/conocenos\/\",\"name\":\"Con\u00f3cenos - ULL Solidaria\",\"isPartOf\":{\"@id\":\"https:\/\/www.ull.es\/portal\/ullsolidaria\/#website\"},\"datePublished\":\"2019-09-12T12:14:47+00:00\",\"dateModified\":\"2024-09-30T13:37:35+00:00\",\"breadcrumb\":{\"@id\":\"https:\/\/www.ull.es\/portal\/ullsolidaria\/conocenos\/#breadcrumb\"},\"inLanguage\":\"es\",\"potentialAction\":[{\"@type\":\"ReadAction\",\"target\":[\"https:\/\/www.ull.es\/portal\/ullsolidaria\/conocenos\/\"]}]},{\"@type\":\"BreadcrumbList\",\"@id\":\"https:\/\/www.ull.es\/portal\/ullsolidaria\/conocenos\/#breadcrumb\",\"itemListElement\":[{\"@type\":\"ListItem\",\"position\":1,\"name\":\"Portada\",\"item\":\"https:\/\/www.ull.es\/portal\/ullsolidaria\/\"},{\"@type\":\"ListItem\",\"position\":2,\"name\":\"Con\u00f3cenos\"}]},{\"@type\":\"WebSite\",\"@id\":\"https:\/\/www.ull.es\/portal\/ullsolidaria\/#website\",\"url\":\"https:\/\/www.ull.es\/portal\/ullsolidaria\/\",\"name\":\"ULL Solidaria\",\"description\":\"\",\"potentialAction\":[{\"@type\":\"SearchAction\",\"target\":{\"@type\":\"EntryPoint\",\"urlTemplate\":\"https:\/\/www.ull.es\/portal\/ullsolidaria\/?s={search_term_string}\"},\"query-input\":\"required name=search_term_string\"}],\"inLanguage\":\"es\"}]}<\/script>\n<!-- \/ Yoast SEO plugin. -->","yoast_head_json":{"title":"Con\u00f3cenos - ULL Solidaria","robots":{"index":"index","follow":"follow","max-snippet":"max-snippet:-1","max-image-preview":"max-image-preview:large","max-video-preview":"max-video-preview:-1"},"canonical":"https:\/\/www.ull.es\/portal\/ullsolidaria\/conocenos\/","og_locale":"es_ES","og_type":"article","og_title":"Con\u00f3cenos - ULL Solidaria","og_description":"Conocenos \u00a0 Se considera voluntaria a toda persona f\u00edsica que realice una actividad no obligatoria, sin contraprestaci\u00f3n econ\u00f3mica o material, responsable y solidaria, a trav\u00e9s de los proyectos o programas de una entidad que ejerza el voluntariado y dentro de alguna de las \u00e1reas de inter\u00e9s social. El voluntariado: Refuerza el compromiso c\u00edvico, protege la...","og_url":"https:\/\/www.ull.es\/portal\/ullsolidaria\/conocenos\/","og_site_name":"ULL Solidaria","article_modified_time":"2024-09-30T13:37:35+00:00","og_image":[{"url":"https:\/\/www.ull.es\/portal\/ullsolidaria\/wp-content\/uploads\/sites\/64\/2024\/08\/voluntariado-2020-4.jpg"}],"twitter_card":"summary_large_image","twitter_misc":{"Tiempo de lectura":"5 minutos"},"schema":{"@context":"https:\/\/schema.org","@graph":[{"@type":"WebPage","@id":"https:\/\/www.ull.es\/portal\/ullsolidaria\/conocenos\/","url":"https:\/\/www.ull.es\/portal\/ullsolidaria\/conocenos\/","name":"Con\u00f3cenos - ULL Solidaria","isPartOf":{"@id":"https:\/\/www.ull.es\/portal\/ullsolidaria\/#website"},"datePublished":"2019-09-12T12:14:47+00:00","dateModified":"2024-09-30T13:37:35+00:00","breadcrumb":{"@id":"https:\/\/www.ull.es\/portal\/ullsolidaria\/conocenos\/#breadcrumb"},"inLanguage":"es","potentialAction":[{"@type":"ReadAction","target":["https:\/\/www.ull.es\/portal\/ullsolidaria\/conocenos\/"]}]},{"@type":"BreadcrumbList","@id":"https:\/\/www.ull.es\/portal\/ullsolidaria\/conocenos\/#breadcrumb","itemListElement":[{"@type":"ListItem","position":1,"name":"Portada","item":"https:\/\/www.ull.es\/portal\/ullsolidaria\/"},{"@type":"ListItem","position":2,"name":"Con\u00f3cenos"}]},{"@type":"WebSite","@id":"https:\/\/www.ull.es\/portal\/ullsolidaria\/#website","url":"https:\/\/www.ull.es\/portal\/ullsolidaria\/","name":"ULL Solidaria","description":"","potentialAction":[{"@type":"SearchAction","target":{"@type":"EntryPoint","urlTemplate":"https:\/\/www.ull.es\/portal\/ullsolidaria\/?s={search_term_string}"},"query-input":"required name=search_term_string"}],"inLanguage":"es"}]}},"_links":{"self":[{"href":"https:\/\/www.ull.es\/portal\/ullsolidaria\/wp-json\/wp\/v2\/pages\/40"}],"collection":[{"href":"https:\/\/www.ull.es\/portal\/ullsolidaria\/wp-json\/wp\/v2\/pages"}],"about":[{"href":"https:\/\/www.ull.es\/portal\/ullsolidaria\/wp-json\/wp\/v2\/types\/page"}],"author":[{"embeddable":true,"href":"https:\/\/www.ull.es\/portal\/ullsolidaria\/wp-json\/wp\/v2\/users\/41"}],"replies":[{"embeddable":true,"href":"https:\/\/www.ull.es\/portal\/ullsolidaria\/wp-json\/wp\/v2\/comments?post=40"}],"version-history":[{"count":78,"href":"https:\/\/www.ull.es\/portal\/ullsolidaria\/wp-json\/wp\/v2\/pages\/40\/revisions"}],"predecessor-version":[{"id":1297,"href":"https:\/\/www.ull.es\/portal\/ullsolidaria\/wp-json\/wp\/v2\/pages\/40\/revisions\/1297"}],"wp:attachment":[{"href":"https:\/\/www.ull.es\/portal\/ullsolidaria\/wp-json\/wp\/v2\/media?parent=40"}],"curies":[{"name":"wp","href":"https:\/\/api.w.org\/{rel}","templated":true}]}}