{"id":80,"date":"2019-09-12T15:02:32","date_gmt":"2019-09-12T13:02:32","guid":{"rendered":"https:\/\/www.ull.es\/portal\/ullsolidaria\/?page_id=80"},"modified":"2023-07-21T13:51:39","modified_gmt":"2023-07-21T11:51:39","slug":"voluntariado-y-objetivos-de-desarrollo-sostenible-ods","status":"publish","type":"page","link":"https:\/\/www.ull.es\/portal\/ullsolidaria\/voluntariado-y-objetivos-de-desarrollo-sostenible-ods\/","title":{"rendered":"Voluntariado y Objetivos de Desarrollo Sostenible (ODS)"},"content":{"rendered":"<p>[vc_row full_width=\u00bbstretch_row\u00bb content_placement=\u00bbmiddle\u00bb css=\u00bb.vc_custom_1569574717708{padding-right: 5% !important;padding-left: 5% !important;}\u00bb][vc_column width=\u00bb1\/2&#8243;][vc_column_text el_class=\u00bbsmall-text\u00bb]<\/p>\n<h1>Voluntariado y Objetivos de Desarrollo Sostenible (ODS)<\/h1>\n<p>[\/vc_column_text][vc_empty_space height=\u00bb20px\u00bb][vc_column_text]<\/p>\n<div class=\"one_fifth\">\n<p><b>El voluntariado es una v\u00eda poderosa<\/b><span style=\"font-weight: 400\"> para que cada vez m\u00e1s personas se\u00a0 unan a la causa de los Objetivos de Desarrollo Sostenible (ODS).<\/span><\/p>\n<p><b>El voluntariado <\/b><span style=\"font-weight: 400\">est\u00e1 ampliando el espacio en el cual alcanzamos el futuro que queremos al involucrar cada vez a m\u00e1s personas en la planificaci\u00f3n local y nacional, y en la acci\u00f3n para cumplir con la Agenda 2030.\u00a0<\/span><\/p>\n<p><b>No es posible lograr los ODS sin una gran diversidad de personas comprometidas<\/b><span style=\"font-weight: 400\"> en todas las etapas, en todos los niveles y en todo momento.<\/span><\/p>\n<p><b>La\u00a0<\/b><a href=\"https:\/\/www.un.org\/sustainabledevelopment\/es\/\" target=\"_blank\" rel=\"noopener noreferrer\" target=\"_blank\" rel=\"noopener\"><b>Agenda 2030 para el Desarrollo Sostenible<\/b><\/a><span style=\"font-weight: 400\">\u00a0<\/span><b>reconoce expl\u00edcitamente a los grupos de personas voluntarias como agentes para alcanzar los diecisiete ODS.<\/b><\/p>\n<p>&nbsp;<\/p>\n<\/div>\n<p>[\/vc_column_text][\/vc_column][vc_column width=\u00bb1\/2&#8243; css=\u00bb.vc_custom_1569574479297{padding-right: 10% !important;padding-left: 10% !important;}\u00bb][vc_single_image image=\u00bb579&#8243; img_size=\u00bblarge\u00bb alignment=\u00bbcenter\u00bb css=\u00bb.vc_custom_1689843632257{padding-top: 30px !important;padding-bottom: 30px !important;}\u00bb][\/vc_column][\/vc_row][vc_row full_width=\u00bbstretch_row_content\u00bb equal_height=\u00bbyes\u00bb][vc_column width=\u00bb1\/2&#8243; css=\u00bb.vc_custom_1593505174158{background: #e5e5e5 url(https:\/\/www.ull.es\/portal\/ullsolidaria\/wp-content\/uploads\/sites\/64\/2020\/06\/voluntariado-20.jpg?id=582) !important;background-position: center !important;background-repeat: no-repeat !important;background-size: cover !important;}\u00bb][vc_empty_space height=\u00bb300px\u00bb][\/vc_column][vc_column width=\u00bb1\/2&#8243; css=\u00bb.vc_custom_1588936374313{padding-top: 5% !important;padding-right: 10% !important;padding-bottom: 5% !important;padding-left: 10% !important;background-color: #f2f2f2 !important;}\u00bb][vc_column_text css_animation=\u00bbfadeInRight\u00bb]<b>El voluntariado:\u00a0<\/b><\/p>\n<ul>\n<li style=\"font-weight: 400\"><b>Refuerza el compromiso c\u00edvico, protege la inclusi\u00f3n social y afianza la solidaridad.<\/b><span style=\"font-weight: 400\"> Adem\u00e1s, el voluntariado tiene un importante efecto domin\u00f3. Inspira a otras personas e impulsa las transformaciones requeridas para que los ODS arraiguen en las comunidades.<\/span><\/li>\n<li style=\"font-weight: 400\"><b>Permite a las personas y comunidades participar en su propio crecimiento.<\/b><span style=\"font-weight: 400\"> Gracias al voluntariado, la ciudadan\u00eda construye su propia resiliencia, ampl\u00eda su conocimiento b\u00e1sico y adquiere un sentido de la responsabilidad para sus propias comunidades.<\/span><\/li>\n<li style=\"font-weight: 400\"><b>Consolida la cohesi\u00f3n social<\/b><span style=\"font-weight: 400\"> y la confianza al promover acciones individuales y colectivas, lo que conlleva efectos sostenibles para las personas mediante las personas.<\/span><\/li>\n<\/ul>\n<p><b>El voluntariado ayuda a no dejar a nadie atr\u00e1s<\/b>, llegando a todas las personas,<span style=\"font-weight: 400\">\u00a0incluso a aquellas marginadas o de dif\u00edcil acceso, para que su voz y conocimientos se incluyan en las acciones colectivas. Esto es crucial para crear sentido de apropiaci\u00f3n y atribuir un car\u00e1cter local a los ODS.\u00a0<\/span>[\/vc_column_text][vc_empty_space height=\u00bb22px\u00bb][vc_btn title=\u00bb\u00a1HAZ UN VOLUNTARIADO!\u00bb color=\u00bbviolet\u00bb size=\u00bblg\u00bb align=\u00bbcenter\u00bb link=\u00bburl:https%3A%2F%2Fwww.ull.es%2Fportal%2Fespacio-solidaridad-voluntariado%2Fhazte-voluntario-a%2F|target:_blank\u00bb][\/vc_column][\/vc_row][vc_row full_width=\u00bbstretch_row_content\u00bb][vc_column][\/vc_column][\/vc_row][vc_row full_width=\u00bbstretch_row_content\u00bb equal_height=\u00bbyes\u00bb css=\u00bb.vc_custom_1593425876255{margin-top: 0px !important;padding-top: 0px !important;}\u00bb][vc_column width=\u00bb1\/2&#8243; css=\u00bb.vc_custom_1593425985366{margin-top: 0px !important;padding-top: 5% !important;padding-right: 10% !important;padding-bottom: 5% !important;padding-left: 10% !important;background-color: #f2f2f2 !important;}\u00bb][vc_column_text css_animation=\u00bbfadeInLeft\u00bb]<b>\u00bfQu\u00e9 clase de actividades pueden realizar las personas voluntarias asociadas a los ODS?<\/b><\/p>\n<ul>\n<li style=\"font-weight: 400\"><b>Contribuir al cumplimiento transformativo de los ODS<\/b><span style=\"font-weight: 400\"> a trav\u00e9s de todas las \u00e1reas tem\u00e1ticas (objetivos 1 &#8211; 17), y de diferentes maneras, para abordar uno o m\u00e1s objetivos al mismo tiempo. En el objetivo 17, por ejemplo, la agenda 2030 menciona de forma expl\u00edcita a los grupos de voluntarios como agentes para la implementaci\u00f3n de todos los objetivos.<\/span><\/li>\n<li style=\"font-weight: 400\"><b>Sensibilizar acerca de la agenda 2030<\/b><span style=\"font-weight: 400\"> con campa\u00f1as locales y enfoques creativos (todos los objetivos).<\/span><\/li>\n<li style=\"font-weight: 400\"><b>Proporcionar experiencia t\u00e9cnica para complementar servicios b\u00e1sicos esenciales <\/b><span style=\"font-weight: 400\">(objetivos 1 a 5), en \u00e1reas como la salud (objetivo 3), la educaci\u00f3n (objetivo 4), el agua potable y el saneamiento (objetivo 6), las energ\u00edas renovables (objetivo 7), ecosistemas sostenibles (objetivos 13, 14, 15), etc.\u00a0<\/span><\/li>\n<li style=\"font-weight: 400\"><b>Desarrollar habilidades y crear capacidades, favoreciendo la posibilidad de crear empleo,<\/b><span style=\"font-weight: 400\"> especialmente entre los j\u00f3venes y las personas con acceso limitado al mercado laboral (objetivos 8 y el resto).<\/span><\/li>\n<li style=\"font-weight: 400\"><b>Moldear actitudes y generar cambios duraderos en el comportamiento<\/b><span style=\"font-weight: 400\"> para posibilitar que la agenda sea realmente transformacional, especialmente en asuntos como la igualdad entre sexos (objetivo 5), el agua potable y el saneamiento (objetivo 6), el consumo responsable (objetivo 12) o la acci\u00f3n clim\u00e1tica (objetivo 13), as\u00ed como la cohesi\u00f3n social (objetivo 16).<\/span><\/li>\n<li style=\"font-weight: 400\"><b>Ampliar el conocimiento y la voluntad de contribuir de forma local a los ODS<\/b><span style=\"font-weight: 400\"> (por ejemplo, objetivos 5, 6, 12, 13, 16).<\/span><\/li>\n<li style=\"font-weight: 400\"><b>Movilizar a las personas<\/b><span style=\"font-weight: 400\"> para desarrollar un sentido de la oportunidad y de la propiedad respecto a los desaf\u00edos a los que se enfrentan, para sacar provecho de la acci\u00f3n colectiva y el compromiso con todos los objetivos (objetivo 17).<\/span><\/li>\n<li style=\"font-weight: 400\"><b>Recopilar datos y ayudar a medir el progreso en la implementaci\u00f3n de los ODS<\/b><span style=\"font-weight: 400\"> gracias a la recopilaci\u00f3n de datos y el apoyo a formas participativas de planificaci\u00f3n y supervisi\u00f3n (objetivo 17 y el resto).<\/span><\/li>\n<li style=\"font-weight: 400\"><b>Facilitar nuevos espacios para el di\u00e1logo y la acci\u00f3n,<\/b><span style=\"font-weight: 400\"> convertir la voz y el conocimiento de la gente en acciones colectivas, promover el compromiso social y crear sentido de la propiedad de las personas sobre los ODS (objetivo 17 y el resto).<\/span><\/li>\n<\/ul>\n<p>[\/vc_column_text][\/vc_column][vc_column width=\u00bb1\/2&#8243; css=\u00bb.vc_custom_1689843928411{margin-top: 0px !important;padding-top: 0px !important;background-color: #ffffff !important;background-position: center !important;background-repeat: no-repeat !important;background-size: cover !important;}\u00bb][vc_single_image image=\u00bb583&#8243; img_size=\u00bblarge\u00bb alignment=\u00bbcenter\u00bb css=\u00bb.vc_custom_1689843904361{padding-top: 50px !important;padding-right: 50px !important;padding-bottom: 50px !important;padding-left: 50px !important;}\u00bb][\/vc_column][\/vc_row][vc_row full_width=\u00bbstretch_row_content\u00bb equal_height=\u00bbyes\u00bb][vc_column width=\u00bb1\/2&#8243; css=\u00bb.vc_custom_1593506182086{background: #e5e5e5 url(https:\/\/www.ull.es\/portal\/ullsolidaria\/wp-content\/uploads\/sites\/64\/2020\/06\/voluntariado-23.jpg?id=584) !important;background-position: center !important;background-repeat: no-repeat !important;background-size: cover !important;}\u00bb][vc_empty_space height=\u00bb300px\u00bb][\/vc_column][vc_column width=\u00bb1\/2&#8243; css=\u00bb.vc_custom_1588936374313{padding-top: 5% !important;padding-right: 10% !important;padding-bottom: 5% !important;padding-left: 10% !important;background-color: #f2f2f2 !important;}\u00bb][vc_column_text css_animation=\u00bbfadeInRight\u00bb]<b>El desarrollo sostenible no se puede alcanzar solamente a partir de la acci\u00f3n de las instituciones.\u00a0<\/b><\/p>\n<p><b>La Agenda 2030 reconoce que los medios tradicionales de implementaci\u00f3n necesitan ser complementados con mecanismos participativos<\/b><span style=\"font-weight: 400\"> que faciliten el compromiso <\/span><b>de las personas<\/b><span style=\"font-weight: 400\">, as\u00ed como la capacidad de beneficiar a otras y al planeta.\u00a0<\/span><\/p>\n<p><b>El voluntariado transforma tanto a voluntarios como a las personas que trabajan con ellos.<\/b><\/p>\n<p><b>La\u00a0<\/b><a href=\"https:\/\/www.unv.org\/es\/el-voluntariado-y-los-objetivos-mundiales\" target=\"_blank\" rel=\"noopener\" target=\"_blank\" rel=\"noopener\"><b>Resoluci\u00f3n de la ONU \u201cIntegraci\u00f3n del voluntariado en la paz y el desarrollo: plan de acci\u00f3n para el pr\u00f3ximo decenio y a\u00f1os posteriores\u201d<\/b><\/a><b>,<\/b><span style=\"font-weight: 400\"> aprobado por consenso por la Asamblea General de las Naciones Unidas en noviembre de 2015, <\/span><b>reconoce que el voluntariado:<\/b><\/p>\n<ul>\n<li style=\"font-weight: 400\"><span style=\"font-weight: 400\">Puede ser un medio vital para poner en pr\u00e1ctica los ODS.<\/span><\/li>\n<li style=\"font-weight: 400\"><span style=\"font-weight: 400\">Es universal y consolida el compromiso c\u00edvico, la inclusi\u00f3n social y la solidaridad.\u00a0\u00a0<\/span><\/li>\n<\/ul>\n<p>[\/vc_column_text][\/vc_column][\/vc_row][vc_row full_width=\u00bbstretch_row_content\u00bb][vc_column css=\u00bb.vc_custom_1689940267095{padding-right: 50px !important;padding-left: 50px !important;}\u00bb][vc_empty_space][vc_column_text css_animation=\u00bbfadeInRight\u00bb]<span style=\"font-weight: 400\">En definitiva, <\/span><b>la combinaci\u00f3n de la acci\u00f3n de voluntarios internacionales, nacionales y comunitarios en un efecto en cadena puede aumentar el alcance y multiplicar los resultados<\/b><span style=\"font-weight: 400\"> a trav\u00e9s de todas las \u00e1reas meta.<\/span><\/p>\n<p><i><span style=\"font-weight: 400\">\u201cEl voluntariado puede contribuir a ampliar y movilizar a las sociedades y lograr la participaci\u00f3n de las personas en la planificaci\u00f3n y la aplicaci\u00f3n de los Objetivos de Desarrollo Sostenible a nivel nacional. Adem\u00e1s, los grupos de voluntarios pueden ayudar a adaptar la nueva agenda a nivel local proporcionando nuevos espacios de interacci\u00f3n entre los gobiernos y las personas orientados a la adopci\u00f3n de medidas concretas, susceptibles de aplicarse en mayor escala\u201d.<\/span><\/i><\/p>\n<p><i><span style=\"font-weight: 400\">Naciones Unidas\u00a0<\/span><\/i><\/p>\n<p><i><span style=\"font-weight: 400\">Informe de s\u00edntesis sobre la Agenda despu\u00e9s de 2015,\u00a0<\/span><\/i><a href=\"http:\/\/www.un.org\/en\/development\/desa\/publications\/files\/2015\/01\/SynthesisReportSPA.pdf\" target=\"_blank\" rel=\"noopener\"><span style=\"font-weight: 400\">El camino hacia la dignidad para 2030<\/span><\/a><span style=\"font-weight: 400\">.<\/span><\/p>\n<h1><\/h1>\n<p>[\/vc_column_text][\/vc_column][\/vc_row][vc_row full_width=\u00bbstretch_row_content\u00bb][vc_column][vc_empty_space][vc_cta h2=\u00bb\u00bb txt_align=\u00bbcenter\u00bb color=\u00bbviolet\u00bb add_button=\u00bbbottom\u00bb btn_title=\u00bb\u00a1HAZ UN VOLUNTARIADO!\u00bb btn_color=\u00bbviolet\u00bb btn_size=\u00bblg\u00bb btn_align=\u00bbcenter\u00bb btn_link=\u00bburl:https%3A%2F%2Fwww.ull.es%2Fportal%2Fespacio-solidaridad-voluntariado%2Fhazte-voluntario-a%2F|target:_blank\u00bb][\/vc_cta][vc_empty_space][\/vc_column][\/vc_row]<\/p>\n","protected":false},"excerpt":{"rendered":"<p>[vc_row full_width=\u00bbstretch_row\u00bb content_placement=\u00bbmiddle\u00bb css=\u00bb.vc_custom_1569574717708{padding-right: 5% !important;padding-left: 5% !important;}\u00bb][vc_column width=\u00bb1\/2&#8243;][vc_column_text el_class=\u00bbsmall-text\u00bb] Voluntariado y Objetivos de Desarrollo Sostenible (ODS) [\/vc_column_text][vc_empty_space height=\u00bb20px\u00bb][vc_column_text] El voluntariado es una v\u00eda poderosa para que cada vez m\u00e1s personas se\u00a0 unan a la causa de los Objetivos de Desarrollo Sostenible (ODS). El voluntariado est\u00e1 ampliando el espacio en el cual alcanzamos el futuro&#8230;<\/p>\n","protected":false},"author":41,"featured_media":0,"parent":0,"menu_order":0,"comment_status":"closed","ping_status":"closed","template":"templates\/template-no-title.php","meta":{"inline_featured_image":false,"footnotes":""},"acf":[],"yoast_head":"<!-- This site is optimized with the Yoast SEO plugin v21.3 - https:\/\/yoast.com\/wordpress\/plugins\/seo\/ -->\n<title>Voluntariado y Objetivos de Desarrollo Sostenible (ODS) - ULL Solidaria<\/title>\n<meta name=\"robots\" content=\"index, follow, max-snippet:-1, max-image-preview:large, max-video-preview:-1\" \/>\n<link rel=\"canonical\" href=\"https:\/\/www.ull.es\/portal\/ullsolidaria\/voluntariado-y-objetivos-de-desarrollo-sostenible-ods\/\" \/>\n<meta property=\"og:locale\" content=\"es_ES\" \/>\n<meta property=\"og:type\" content=\"article\" \/>\n<meta property=\"og:title\" content=\"Voluntariado y Objetivos de Desarrollo Sostenible (ODS) - ULL Solidaria\" \/>\n<meta property=\"og:description\" content=\"[vc_row full_width=\u00bbstretch_row\u00bb content_placement=\u00bbmiddle\u00bb css=\u00bb.vc_custom_1569574717708{padding-right: 5% !important;padding-left: 5% !important;}\u00bb][vc_column width=\u00bb1\/2&#8243;][vc_column_text el_class=\u00bbsmall-text\u00bb] Voluntariado y Objetivos de Desarrollo Sostenible (ODS) [\/vc_column_text][vc_empty_space height=\u00bb20px\u00bb][vc_column_text] El voluntariado es una v\u00eda poderosa para que cada vez m\u00e1s personas se\u00a0 unan a la causa de los Objetivos de Desarrollo Sostenible (ODS). El voluntariado est\u00e1 ampliando el espacio en el cual alcanzamos el futuro...\" \/>\n<meta property=\"og:url\" content=\"https:\/\/www.ull.es\/portal\/ullsolidaria\/voluntariado-y-objetivos-de-desarrollo-sostenible-ods\/\" \/>\n<meta property=\"og:site_name\" content=\"ULL Solidaria\" \/>\n<meta property=\"article:modified_time\" content=\"2023-07-21T11:51:39+00:00\" \/>\n<meta name=\"twitter:card\" content=\"summary_large_image\" \/>\n<meta name=\"twitter:label1\" content=\"Tiempo de lectura\" \/>\n\t<meta name=\"twitter:data1\" content=\"5 minutos\" \/>\n<script type=\"application\/ld+json\" class=\"yoast-schema-graph\">{\"@context\":\"https:\/\/schema.org\",\"@graph\":[{\"@type\":\"WebPage\",\"@id\":\"https:\/\/www.ull.es\/portal\/ullsolidaria\/voluntariado-y-objetivos-de-desarrollo-sostenible-ods\/\",\"url\":\"https:\/\/www.ull.es\/portal\/ullsolidaria\/voluntariado-y-objetivos-de-desarrollo-sostenible-ods\/\",\"name\":\"Voluntariado y Objetivos de Desarrollo Sostenible (ODS) - ULL Solidaria\",\"isPartOf\":{\"@id\":\"https:\/\/www.ull.es\/portal\/ullsolidaria\/#website\"},\"datePublished\":\"2019-09-12T13:02:32+00:00\",\"dateModified\":\"2023-07-21T11:51:39+00:00\",\"breadcrumb\":{\"@id\":\"https:\/\/www.ull.es\/portal\/ullsolidaria\/voluntariado-y-objetivos-de-desarrollo-sostenible-ods\/#breadcrumb\"},\"inLanguage\":\"es\",\"potentialAction\":[{\"@type\":\"ReadAction\",\"target\":[\"https:\/\/www.ull.es\/portal\/ullsolidaria\/voluntariado-y-objetivos-de-desarrollo-sostenible-ods\/\"]}]},{\"@type\":\"BreadcrumbList\",\"@id\":\"https:\/\/www.ull.es\/portal\/ullsolidaria\/voluntariado-y-objetivos-de-desarrollo-sostenible-ods\/#breadcrumb\",\"itemListElement\":[{\"@type\":\"ListItem\",\"position\":1,\"name\":\"Portada\",\"item\":\"https:\/\/www.ull.es\/portal\/ullsolidaria\/\"},{\"@type\":\"ListItem\",\"position\":2,\"name\":\"Voluntariado y Objetivos de Desarrollo Sostenible (ODS)\"}]},{\"@type\":\"WebSite\",\"@id\":\"https:\/\/www.ull.es\/portal\/ullsolidaria\/#website\",\"url\":\"https:\/\/www.ull.es\/portal\/ullsolidaria\/\",\"name\":\"ULL Solidaria\",\"description\":\"\",\"potentialAction\":[{\"@type\":\"SearchAction\",\"target\":{\"@type\":\"EntryPoint\",\"urlTemplate\":\"https:\/\/www.ull.es\/portal\/ullsolidaria\/?s={search_term_string}\"},\"query-input\":\"required name=search_term_string\"}],\"inLanguage\":\"es\"}]}<\/script>\n<!-- \/ Yoast SEO plugin. -->","yoast_head_json":{"title":"Voluntariado y Objetivos de Desarrollo Sostenible (ODS) - ULL Solidaria","robots":{"index":"index","follow":"follow","max-snippet":"max-snippet:-1","max-image-preview":"max-image-preview:large","max-video-preview":"max-video-preview:-1"},"canonical":"https:\/\/www.ull.es\/portal\/ullsolidaria\/voluntariado-y-objetivos-de-desarrollo-sostenible-ods\/","og_locale":"es_ES","og_type":"article","og_title":"Voluntariado y Objetivos de Desarrollo Sostenible (ODS) - ULL Solidaria","og_description":"[vc_row full_width=\u00bbstretch_row\u00bb content_placement=\u00bbmiddle\u00bb css=\u00bb.vc_custom_1569574717708{padding-right: 5% !important;padding-left: 5% !important;}\u00bb][vc_column width=\u00bb1\/2&#8243;][vc_column_text el_class=\u00bbsmall-text\u00bb] Voluntariado y Objetivos de Desarrollo Sostenible (ODS) [\/vc_column_text][vc_empty_space height=\u00bb20px\u00bb][vc_column_text] El voluntariado es una v\u00eda poderosa para que cada vez m\u00e1s personas se\u00a0 unan a la causa de los Objetivos de Desarrollo Sostenible (ODS). El voluntariado est\u00e1 ampliando el espacio en el cual alcanzamos el futuro...","og_url":"https:\/\/www.ull.es\/portal\/ullsolidaria\/voluntariado-y-objetivos-de-desarrollo-sostenible-ods\/","og_site_name":"ULL Solidaria","article_modified_time":"2023-07-21T11:51:39+00:00","twitter_card":"summary_large_image","twitter_misc":{"Tiempo de lectura":"5 minutos"},"schema":{"@context":"https:\/\/schema.org","@graph":[{"@type":"WebPage","@id":"https:\/\/www.ull.es\/portal\/ullsolidaria\/voluntariado-y-objetivos-de-desarrollo-sostenible-ods\/","url":"https:\/\/www.ull.es\/portal\/ullsolidaria\/voluntariado-y-objetivos-de-desarrollo-sostenible-ods\/","name":"Voluntariado y Objetivos de Desarrollo Sostenible (ODS) - ULL Solidaria","isPartOf":{"@id":"https:\/\/www.ull.es\/portal\/ullsolidaria\/#website"},"datePublished":"2019-09-12T13:02:32+00:00","dateModified":"2023-07-21T11:51:39+00:00","breadcrumb":{"@id":"https:\/\/www.ull.es\/portal\/ullsolidaria\/voluntariado-y-objetivos-de-desarrollo-sostenible-ods\/#breadcrumb"},"inLanguage":"es","potentialAction":[{"@type":"ReadAction","target":["https:\/\/www.ull.es\/portal\/ullsolidaria\/voluntariado-y-objetivos-de-desarrollo-sostenible-ods\/"]}]},{"@type":"BreadcrumbList","@id":"https:\/\/www.ull.es\/portal\/ullsolidaria\/voluntariado-y-objetivos-de-desarrollo-sostenible-ods\/#breadcrumb","itemListElement":[{"@type":"ListItem","position":1,"name":"Portada","item":"https:\/\/www.ull.es\/portal\/ullsolidaria\/"},{"@type":"ListItem","position":2,"name":"Voluntariado y Objetivos de Desarrollo Sostenible (ODS)"}]},{"@type":"WebSite","@id":"https:\/\/www.ull.es\/portal\/ullsolidaria\/#website","url":"https:\/\/www.ull.es\/portal\/ullsolidaria\/","name":"ULL Solidaria","description":"","potentialAction":[{"@type":"SearchAction","target":{"@type":"EntryPoint","urlTemplate":"https:\/\/www.ull.es\/portal\/ullsolidaria\/?s={search_term_string}"},"query-input":"required name=search_term_string"}],"inLanguage":"es"}]}},"_links":{"self":[{"href":"https:\/\/www.ull.es\/portal\/ullsolidaria\/wp-json\/wp\/v2\/pages\/80"}],"collection":[{"href":"https:\/\/www.ull.es\/portal\/ullsolidaria\/wp-json\/wp\/v2\/pages"}],"about":[{"href":"https:\/\/www.ull.es\/portal\/ullsolidaria\/wp-json\/wp\/v2\/types\/page"}],"author":[{"embeddable":true,"href":"https:\/\/www.ull.es\/portal\/ullsolidaria\/wp-json\/wp\/v2\/users\/41"}],"replies":[{"embeddable":true,"href":"https:\/\/www.ull.es\/portal\/ullsolidaria\/wp-json\/wp\/v2\/comments?post=80"}],"version-history":[{"count":38,"href":"https:\/\/www.ull.es\/portal\/ullsolidaria\/wp-json\/wp\/v2\/pages\/80\/revisions"}],"predecessor-version":[{"id":740,"href":"https:\/\/www.ull.es\/portal\/ullsolidaria\/wp-json\/wp\/v2\/pages\/80\/revisions\/740"}],"wp:attachment":[{"href":"https:\/\/www.ull.es\/portal\/ullsolidaria\/wp-json\/wp\/v2\/media?parent=80"}],"curies":[{"name":"wp","href":"https:\/\/api.w.org\/{rel}","templated":true}]}}