{"id":89,"date":"2019-09-12T17:51:43","date_gmt":"2019-09-12T15:51:43","guid":{"rendered":"https:\/\/www.ull.es\/portal\/ullsolidaria\/?page_id=89"},"modified":"2024-08-06T10:38:17","modified_gmt":"2024-08-06T08:38:17","slug":"presenta-tu-propuesta","status":"publish","type":"page","link":"https:\/\/www.ull.es\/portal\/ullsolidaria\/presenta-tu-propuesta\/","title":{"rendered":"Presenta tu propuesta"},"content":{"rendered":"\t\t<div data-elementor-type=\"wp-page\" data-elementor-id=\"89\" class=\"elementor elementor-89\">\n\t\t\t\t\t\t\t\t\t<section class=\"elementor-section elementor-top-section elementor-element elementor-element-d3f526f elementor-section-height-min-height elementor-section-boxed elementor-section-height-default elementor-section-items-middle\" data-id=\"d3f526f\" data-element_type=\"section\" data-settings=\"{&quot;background_background&quot;:&quot;classic&quot;}\">\n\t\t\t\t\t\t\t<div class=\"elementor-background-overlay\"><\/div>\n\t\t\t\t\t\t\t<div class=\"elementor-container elementor-column-gap-default\">\n\t\t\t\t\t<div class=\"elementor-column elementor-col-100 elementor-top-column elementor-element elementor-element-c33a5cc\" data-id=\"c33a5cc\" data-element_type=\"column\">\n\t\t\t<div class=\"elementor-widget-wrap elementor-element-populated\">\n\t\t\t\t\t\t\t\t<div class=\"elementor-element elementor-element-46ddd2a elementor-widget elementor-widget-heading\" data-id=\"46ddd2a\" data-element_type=\"widget\" data-widget_type=\"heading.default\">\n\t\t\t\t<div class=\"elementor-widget-container\">\n\t\t\t<style>\/*! elementor - v3.9.2 - 21-12-2022 *\/\n.elementor-heading-title{padding:0;margin:0;line-height:1}.elementor-widget-heading .elementor-heading-title[class*=elementor-size-]>a{color:inherit;font-size:inherit;line-height:inherit}.elementor-widget-heading .elementor-heading-title.elementor-size-small{font-size:15px}.elementor-widget-heading .elementor-heading-title.elementor-size-medium{font-size:19px}.elementor-widget-heading .elementor-heading-title.elementor-size-large{font-size:29px}.elementor-widget-heading .elementor-heading-title.elementor-size-xl{font-size:39px}.elementor-widget-heading .elementor-heading-title.elementor-size-xxl{font-size:59px}<\/style><h2 class=\"elementor-heading-title elementor-size-default\">Presenta tu propuesta<\/h2>\t\t<\/div>\n\t\t\t\t<\/div>\n\t\t\t\t\t<\/div>\n\t\t<\/div>\n\t\t\t\t\t\t\t<\/div>\n\t\t<\/section>\n\t\t\t\t<section class=\"elementor-section elementor-top-section elementor-element elementor-element-2dc6cfd elementor-section-boxed elementor-section-height-default elementor-section-height-default\" data-id=\"2dc6cfd\" data-element_type=\"section\">\n\t\t\t\t\t\t<div class=\"elementor-container elementor-column-gap-wider\">\n\t\t\t\t\t<div class=\"elementor-column elementor-col-50 elementor-top-column elementor-element elementor-element-da78520 elementor-invisible\" data-id=\"da78520\" data-element_type=\"column\" data-settings=\"{&quot;animation&quot;:&quot;fadeInLeft&quot;}\">\n\t\t\t<div class=\"elementor-widget-wrap elementor-element-populated\">\n\t\t\t\t\t\t\t\t<div class=\"elementor-element elementor-element-03f53e7 elementor-widget elementor-widget-text-editor\" data-id=\"03f53e7\" data-element_type=\"widget\" data-widget_type=\"text-editor.default\">\n\t\t\t\t<div class=\"elementor-widget-container\">\n\t\t\t<style>\/*! elementor - v3.9.2 - 21-12-2022 *\/\n.elementor-widget-text-editor.elementor-drop-cap-view-stacked .elementor-drop-cap{background-color:#818a91;color:#fff}.elementor-widget-text-editor.elementor-drop-cap-view-framed .elementor-drop-cap{color:#818a91;border:3px solid;background-color:transparent}.elementor-widget-text-editor:not(.elementor-drop-cap-view-default) .elementor-drop-cap{margin-top:8px}.elementor-widget-text-editor:not(.elementor-drop-cap-view-default) .elementor-drop-cap-letter{width:1em;height:1em}.elementor-widget-text-editor .elementor-drop-cap{float:left;text-align:center;line-height:1;font-size:50px}.elementor-widget-text-editor .elementor-drop-cap-letter{display:inline-block}<\/style>\t\t\t\t<p><span style=\"font-weight: 400;\">En ULL Solidaria puedes hacer propuestas de dos tipos:<\/span><\/p><p><span style=\"font-weight: 400;\">Una, <\/span><b>como miembro de la comunidad universitaria<\/b><span style=\"font-weight: 400;\">:<\/span><\/p><ol><li><span style=\"font-weight: 400;\"> Con actividades de voluntariado promovidas por miembros de la comunidad universitaria (PDI, PTGAS, alumnado). En este caso, la persona que promueve la actividad debe hacerse cargo de su organizaci\u00f3n (planificaci\u00f3n, b\u00fasqueda de recursos si hiciera falta, seguimiento de la participaci\u00f3n de las personas voluntarias, etc.). Las personas voluntarias se inscribir\u00e1n a trav\u00e9s de un enlace que aparecer\u00e1 en el evento que se publicitar\u00e1 en redes y en el apartado ACTIVIDADES de esta web. Esta actividad se certificar\u00e1 por parte de la FGULL, de manera que al finaliza<\/span><span style=\"font-weight: 400;\">r tu experiencia como persona voluntaria podr\u00e1s a\u00f1adirla a tu Curr\u00edculum Vitae y, si est\u00e1s buscando empleo o quieres mejorar el que tienes, podr\u00e1s sumar valor en tu proceso de inserci\u00f3n laboral.<\/span><\/li><li><span style=\"font-weight: 400;\"> Con acciones solidarias puntuales. Ser\u00edan acciones como colaboraciones en recogidas de alimentos, juguetes, etc. En este caso, la acci\u00f3n se difundir\u00e1, pero no se certificar\u00e1 ya que no requiere inscripci\u00f3n.\u00a0<\/span><\/li><\/ol><p>Si tienes alguna propuesta de actividad de voluntariado o de acci\u00f3n solidaria puntual, cumplimenta el siguiente formulario.\u00a0<\/p>\t\t\t\t\t\t<\/div>\n\t\t\t\t<\/div>\n\t\t\t\t<div class=\"elementor-element elementor-element-62b9966 elementor-align-justify elementor-widget elementor-widget-button\" data-id=\"62b9966\" data-element_type=\"widget\" data-widget_type=\"button.default\">\n\t\t\t\t<div class=\"elementor-widget-container\">\n\t\t\t\t\t<div class=\"elementor-button-wrapper\">\n\t\t\t<a href=\"https:\/\/forms.gle\/8qpjQhhNCmpsD7cX8\" class=\"elementor-button-link elementor-button elementor-size-md\" role=\"button\" target=\"_blank\" rel=\"noopener\">\n\t\t\t\t\t\t<span class=\"elementor-button-content-wrapper\">\n\t\t\t\t\t\t\t<span class=\"elementor-button-icon elementor-align-icon-left\">\n\t\t\t\t<i aria-hidden=\"true\" class=\"fab fa-wpforms\"><\/i>\t\t\t<\/span>\n\t\t\t\t\t\t<span class=\"elementor-button-text\">Formulario como miembro de la comunidad universitaria<\/span>\n\t\t<\/span>\n\t\t\t\t\t<\/a>\n\t\t<\/div>\n\t\t\t\t<\/div>\n\t\t\t\t<\/div>\n\t\t\t\t<div class=\"elementor-element elementor-element-0ca9519 elementor-widget elementor-widget-text-editor\" data-id=\"0ca9519\" data-element_type=\"widget\" data-widget_type=\"text-editor.default\">\n\t\t\t\t<div class=\"elementor-widget-container\">\n\t\t\t\t\t\t\t<p><span style=\"font-weight: 400;\">Dos, <\/span><b>como entidad externa de voluntariado<\/b><span style=\"font-weight: 400;\">:<\/span><\/p><p>En este caso, la Universidad colaborar\u00e1 principalmente en la difusi\u00f3n tanto de las actividades de voluntariado como de acciones solidarias. Para esto, deben cumplimenta <strong>el siguiente<\/strong> <b>formulario<\/b><span style=\"font-weight: 400;\">.\u00a0<\/span><\/p>\t\t\t\t\t\t<\/div>\n\t\t\t\t<\/div>\n\t\t\t\t<div class=\"elementor-element elementor-element-fec0c8f elementor-align-justify elementor-widget elementor-widget-button\" data-id=\"fec0c8f\" data-element_type=\"widget\" data-widget_type=\"button.default\">\n\t\t\t\t<div class=\"elementor-widget-container\">\n\t\t\t\t\t<div class=\"elementor-button-wrapper\">\n\t\t\t<a href=\"https:\/\/forms.gle\/8qpjQhhNCmpsD7cX8\" class=\"elementor-button-link elementor-button elementor-size-md\" role=\"button\" target=\"_blank\" rel=\"noopener\">\n\t\t\t\t\t\t<span class=\"elementor-button-content-wrapper\">\n\t\t\t\t\t\t\t<span class=\"elementor-button-icon elementor-align-icon-left\">\n\t\t\t\t<i aria-hidden=\"true\" class=\"fab fa-wpforms\"><\/i>\t\t\t<\/span>\n\t\t\t\t\t\t<span class=\"elementor-button-text\">Formulario de entidad externa de voluntariado<\/span>\n\t\t<\/span>\n\t\t\t\t\t<\/a>\n\t\t<\/div>\n\t\t\t\t<\/div>\n\t\t\t\t<\/div>\n\t\t\t\t<div class=\"elementor-element elementor-element-908491d elementor-widget elementor-widget-text-editor\" data-id=\"908491d\" data-element_type=\"widget\" data-widget_type=\"text-editor.default\">\n\t\t\t\t<div class=\"elementor-widget-container\">\n\t\t\t\t\t\t\t<p><span style=\"font-weight: 400;\">La participaci\u00f3n en estas actividades se ajustar\u00e1 a los m\u00e9todos y recursos definidos por las entidades organizadoras. La ULL colaborar\u00e1 principalmente en la promoci\u00f3n de estas iniciativas, buscando fomentar el esp\u00edritu solidario dentro de la comunidad universitaria.<\/span><\/p>\t\t\t\t\t\t<\/div>\n\t\t\t\t<\/div>\n\t\t\t\t\t<\/div>\n\t\t<\/div>\n\t\t\t\t<div class=\"elementor-column elementor-col-50 elementor-top-column elementor-element elementor-element-c11159b elementor-invisible\" data-id=\"c11159b\" data-element_type=\"column\" data-settings=\"{&quot;animation&quot;:&quot;fadeInRight&quot;,&quot;background_background&quot;:&quot;classic&quot;}\">\n\t\t\t<div class=\"elementor-widget-wrap elementor-element-populated\">\n\t\t\t\t\t\t\t\t<div class=\"elementor-element elementor-element-74676b6 elementor-widget elementor-widget-spacer\" data-id=\"74676b6\" data-element_type=\"widget\" data-widget_type=\"spacer.default\">\n\t\t\t\t<div class=\"elementor-widget-container\">\n\t\t\t<style>\/*! elementor - v3.9.2 - 21-12-2022 *\/\n.elementor-column .elementor-spacer-inner{height:var(--spacer-size)}.e-con{--container-widget-width:100%}.e-con-inner>.elementor-widget-spacer,.e-con>.elementor-widget-spacer{width:var(--container-widget-width,var(--spacer-size));--align-self:var(--container-widget-align-self,initial);--flex-shrink:0}.e-con-inner>.elementor-widget-spacer>.elementor-widget-container,.e-con-inner>.elementor-widget-spacer>.elementor-widget-container>.elementor-spacer,.e-con>.elementor-widget-spacer>.elementor-widget-container,.e-con>.elementor-widget-spacer>.elementor-widget-container>.elementor-spacer{height:100%}.e-con-inner>.elementor-widget-spacer>.elementor-widget-container>.elementor-spacer>.elementor-spacer-inner,.e-con>.elementor-widget-spacer>.elementor-widget-container>.elementor-spacer>.elementor-spacer-inner{height:var(--container-widget-height,var(--spacer-size))}<\/style>\t\t<div class=\"elementor-spacer\">\n\t\t\t<div class=\"elementor-spacer-inner\"><\/div>\n\t\t<\/div>\n\t\t\t\t<\/div>\n\t\t\t\t<\/div>\n\t\t\t\t\t<\/div>\n\t\t<\/div>\n\t\t\t\t\t\t\t<\/div>\n\t\t<\/section>\n\t\t\t\t\t\t\t<\/div>\n\t\t","protected":false},"excerpt":{"rendered":"<p>Presenta tu propuesta En ULL Solidaria puedes hacer propuestas de dos tipos: Una, como miembro de la comunidad universitaria: Con actividades de voluntariado promovidas por miembros de la comunidad universitaria (PDI, PTGAS, alumnado). En este caso, la persona que promueve la actividad debe hacerse cargo de su organizaci\u00f3n (planificaci\u00f3n, b\u00fasqueda de recursos si hiciera falta,&#8230;<\/p>\n","protected":false},"author":41,"featured_media":0,"parent":0,"menu_order":0,"comment_status":"closed","ping_status":"closed","template":"elementor_header_footer","meta":{"inline_featured_image":false,"footnotes":""},"acf":[],"yoast_head":"<!-- This site is optimized with the Yoast SEO plugin v21.3 - https:\/\/yoast.com\/wordpress\/plugins\/seo\/ -->\n<title>Presenta tu propuesta - ULL Solidaria<\/title>\n<meta name=\"robots\" content=\"index, follow, max-snippet:-1, max-image-preview:large, max-video-preview:-1\" \/>\n<link rel=\"canonical\" href=\"https:\/\/www.ull.es\/portal\/ullsolidaria\/presenta-tu-propuesta\/\" \/>\n<meta property=\"og:locale\" content=\"es_ES\" \/>\n<meta property=\"og:type\" content=\"article\" \/>\n<meta property=\"og:title\" content=\"Presenta tu propuesta - ULL Solidaria\" \/>\n<meta property=\"og:description\" content=\"Presenta tu propuesta En ULL Solidaria puedes hacer propuestas de dos tipos: Una, como miembro de la comunidad universitaria: Con actividades de voluntariado promovidas por miembros de la comunidad universitaria (PDI, PTGAS, alumnado). En este caso, la persona que promueve la actividad debe hacerse cargo de su organizaci\u00f3n (planificaci\u00f3n, b\u00fasqueda de recursos si hiciera falta,...\" \/>\n<meta property=\"og:url\" content=\"https:\/\/www.ull.es\/portal\/ullsolidaria\/presenta-tu-propuesta\/\" \/>\n<meta property=\"og:site_name\" content=\"ULL Solidaria\" \/>\n<meta property=\"article:modified_time\" content=\"2024-08-06T08:38:17+00:00\" \/>\n<meta name=\"twitter:card\" content=\"summary_large_image\" \/>\n<meta name=\"twitter:label1\" content=\"Tiempo de lectura\" \/>\n\t<meta name=\"twitter:data1\" content=\"2 minutos\" \/>\n<script type=\"application\/ld+json\" class=\"yoast-schema-graph\">{\"@context\":\"https:\/\/schema.org\",\"@graph\":[{\"@type\":\"WebPage\",\"@id\":\"https:\/\/www.ull.es\/portal\/ullsolidaria\/presenta-tu-propuesta\/\",\"url\":\"https:\/\/www.ull.es\/portal\/ullsolidaria\/presenta-tu-propuesta\/\",\"name\":\"Presenta tu propuesta - ULL Solidaria\",\"isPartOf\":{\"@id\":\"https:\/\/www.ull.es\/portal\/ullsolidaria\/#website\"},\"datePublished\":\"2019-09-12T15:51:43+00:00\",\"dateModified\":\"2024-08-06T08:38:17+00:00\",\"breadcrumb\":{\"@id\":\"https:\/\/www.ull.es\/portal\/ullsolidaria\/presenta-tu-propuesta\/#breadcrumb\"},\"inLanguage\":\"es\",\"potentialAction\":[{\"@type\":\"ReadAction\",\"target\":[\"https:\/\/www.ull.es\/portal\/ullsolidaria\/presenta-tu-propuesta\/\"]}]},{\"@type\":\"BreadcrumbList\",\"@id\":\"https:\/\/www.ull.es\/portal\/ullsolidaria\/presenta-tu-propuesta\/#breadcrumb\",\"itemListElement\":[{\"@type\":\"ListItem\",\"position\":1,\"name\":\"Portada\",\"item\":\"https:\/\/www.ull.es\/portal\/ullsolidaria\/\"},{\"@type\":\"ListItem\",\"position\":2,\"name\":\"Presenta tu propuesta\"}]},{\"@type\":\"WebSite\",\"@id\":\"https:\/\/www.ull.es\/portal\/ullsolidaria\/#website\",\"url\":\"https:\/\/www.ull.es\/portal\/ullsolidaria\/\",\"name\":\"ULL Solidaria\",\"description\":\"\",\"potentialAction\":[{\"@type\":\"SearchAction\",\"target\":{\"@type\":\"EntryPoint\",\"urlTemplate\":\"https:\/\/www.ull.es\/portal\/ullsolidaria\/?s={search_term_string}\"},\"query-input\":\"required name=search_term_string\"}],\"inLanguage\":\"es\"}]}<\/script>\n<!-- \/ Yoast SEO plugin. -->","yoast_head_json":{"title":"Presenta tu propuesta - ULL Solidaria","robots":{"index":"index","follow":"follow","max-snippet":"max-snippet:-1","max-image-preview":"max-image-preview:large","max-video-preview":"max-video-preview:-1"},"canonical":"https:\/\/www.ull.es\/portal\/ullsolidaria\/presenta-tu-propuesta\/","og_locale":"es_ES","og_type":"article","og_title":"Presenta tu propuesta - ULL Solidaria","og_description":"Presenta tu propuesta En ULL Solidaria puedes hacer propuestas de dos tipos: Una, como miembro de la comunidad universitaria: Con actividades de voluntariado promovidas por miembros de la comunidad universitaria (PDI, PTGAS, alumnado). En este caso, la persona que promueve la actividad debe hacerse cargo de su organizaci\u00f3n (planificaci\u00f3n, b\u00fasqueda de recursos si hiciera falta,...","og_url":"https:\/\/www.ull.es\/portal\/ullsolidaria\/presenta-tu-propuesta\/","og_site_name":"ULL Solidaria","article_modified_time":"2024-08-06T08:38:17+00:00","twitter_card":"summary_large_image","twitter_misc":{"Tiempo de lectura":"2 minutos"},"schema":{"@context":"https:\/\/schema.org","@graph":[{"@type":"WebPage","@id":"https:\/\/www.ull.es\/portal\/ullsolidaria\/presenta-tu-propuesta\/","url":"https:\/\/www.ull.es\/portal\/ullsolidaria\/presenta-tu-propuesta\/","name":"Presenta tu propuesta - ULL Solidaria","isPartOf":{"@id":"https:\/\/www.ull.es\/portal\/ullsolidaria\/#website"},"datePublished":"2019-09-12T15:51:43+00:00","dateModified":"2024-08-06T08:38:17+00:00","breadcrumb":{"@id":"https:\/\/www.ull.es\/portal\/ullsolidaria\/presenta-tu-propuesta\/#breadcrumb"},"inLanguage":"es","potentialAction":[{"@type":"ReadAction","target":["https:\/\/www.ull.es\/portal\/ullsolidaria\/presenta-tu-propuesta\/"]}]},{"@type":"BreadcrumbList","@id":"https:\/\/www.ull.es\/portal\/ullsolidaria\/presenta-tu-propuesta\/#breadcrumb","itemListElement":[{"@type":"ListItem","position":1,"name":"Portada","item":"https:\/\/www.ull.es\/portal\/ullsolidaria\/"},{"@type":"ListItem","position":2,"name":"Presenta tu propuesta"}]},{"@type":"WebSite","@id":"https:\/\/www.ull.es\/portal\/ullsolidaria\/#website","url":"https:\/\/www.ull.es\/portal\/ullsolidaria\/","name":"ULL Solidaria","description":"","potentialAction":[{"@type":"SearchAction","target":{"@type":"EntryPoint","urlTemplate":"https:\/\/www.ull.es\/portal\/ullsolidaria\/?s={search_term_string}"},"query-input":"required name=search_term_string"}],"inLanguage":"es"}]}},"_links":{"self":[{"href":"https:\/\/www.ull.es\/portal\/ullsolidaria\/wp-json\/wp\/v2\/pages\/89"}],"collection":[{"href":"https:\/\/www.ull.es\/portal\/ullsolidaria\/wp-json\/wp\/v2\/pages"}],"about":[{"href":"https:\/\/www.ull.es\/portal\/ullsolidaria\/wp-json\/wp\/v2\/types\/page"}],"author":[{"embeddable":true,"href":"https:\/\/www.ull.es\/portal\/ullsolidaria\/wp-json\/wp\/v2\/users\/41"}],"replies":[{"embeddable":true,"href":"https:\/\/www.ull.es\/portal\/ullsolidaria\/wp-json\/wp\/v2\/comments?post=89"}],"version-history":[{"count":80,"href":"https:\/\/www.ull.es\/portal\/ullsolidaria\/wp-json\/wp\/v2\/pages\/89\/revisions"}],"predecessor-version":[{"id":1211,"href":"https:\/\/www.ull.es\/portal\/ullsolidaria\/wp-json\/wp\/v2\/pages\/89\/revisions\/1211"}],"wp:attachment":[{"href":"https:\/\/www.ull.es\/portal\/ullsolidaria\/wp-json\/wp\/v2\/media?parent=89"}],"curies":[{"name":"wp","href":"https:\/\/api.w.org\/{rel}","templated":true}]}}