{"id":825,"date":"2024-09-19T08:18:47","date_gmt":"2024-09-19T08:18:47","guid":{"rendered":"https:\/\/www.ull.es\/portal\/unidigital\/?page_id=825"},"modified":"2024-10-30T08:28:46","modified_gmt":"2024-10-30T08:28:46","slug":"servicios-institucionales-colaboradores","status":"publish","type":"page","link":"https:\/\/www.ull.es\/portal\/unidigital\/servicios-institucionales-colaboradores\/","title":{"rendered":"Servicios Institucionales Colaboradores"},"content":{"rendered":"\t\t<div data-elementor-type=\"wp-page\" data-elementor-id=\"825\" class=\"elementor elementor-825\">\n\t\t\t\t\t\t\t\t\t<section class=\"elementor-section elementor-top-section elementor-element elementor-element-33d840e elementor-section-full_width elementor-section-height-default elementor-section-height-default\" data-id=\"33d840e\" data-element_type=\"section\" data-settings=\"{&quot;background_background&quot;:&quot;classic&quot;}\">\n\t\t\t\t\t\t\t<div class=\"elementor-background-overlay\"><\/div>\n\t\t\t\t\t\t\t<div class=\"elementor-container elementor-column-gap-default\">\n\t\t\t\t\t<div class=\"elementor-column elementor-col-100 elementor-top-column elementor-element elementor-element-72528b9\" data-id=\"72528b9\" data-element_type=\"column\">\n\t\t\t<div class=\"elementor-widget-wrap elementor-element-populated\">\n\t\t\t\t\t\t\t\t<div class=\"elementor-element elementor-element-e2f581e elementor-widget elementor-widget-heading\" data-id=\"e2f581e\" data-element_type=\"widget\" data-widget_type=\"heading.default\">\n\t\t\t\t<div class=\"elementor-widget-container\">\n\t\t\t<style>\/*! elementor - v3.9.2 - 21-12-2022 *\/\n.elementor-heading-title{padding:0;margin:0;line-height:1}.elementor-widget-heading .elementor-heading-title[class*=elementor-size-]>a{color:inherit;font-size:inherit;line-height:inherit}.elementor-widget-heading .elementor-heading-title.elementor-size-small{font-size:15px}.elementor-widget-heading .elementor-heading-title.elementor-size-medium{font-size:19px}.elementor-widget-heading .elementor-heading-title.elementor-size-large{font-size:29px}.elementor-widget-heading .elementor-heading-title.elementor-size-xl{font-size:39px}.elementor-widget-heading .elementor-heading-title.elementor-size-xxl{font-size:59px}<\/style><h1 class=\"elementor-heading-title elementor-size-default\"> <\/h1>\t\t<\/div>\n\t\t\t\t<\/div>\n\t\t\t\t\t<\/div>\n\t\t<\/div>\n\t\t\t\t\t\t\t<\/div>\n\t\t<\/section>\n\t\t\t\t<section class=\"elementor-section elementor-top-section elementor-element elementor-element-62d3342 elementor-section-boxed elementor-section-height-default elementor-section-height-default\" data-id=\"62d3342\" data-element_type=\"section\">\n\t\t\t\t\t\t<div class=\"elementor-container elementor-column-gap-default\">\n\t\t\t\t\t<div class=\"elementor-column elementor-col-100 elementor-top-column elementor-element elementor-element-08cc180\" data-id=\"08cc180\" data-element_type=\"column\">\n\t\t\t<div class=\"elementor-widget-wrap elementor-element-populated\">\n\t\t\t\t\t\t\t\t<div class=\"elementor-element elementor-element-2b11663 elementor-widget elementor-widget-toggle\" data-id=\"2b11663\" data-element_type=\"widget\" data-widget_type=\"toggle.default\">\n\t\t\t\t<div class=\"elementor-widget-container\">\n\t\t\t<style>\/*! elementor - v3.9.2 - 21-12-2022 *\/\n.elementor-toggle{text-align:left}.elementor-toggle .elementor-tab-title{font-weight:700;line-height:1;margin:0;padding:15px;border-bottom:1px solid #d4d4d4;cursor:pointer;outline:none}.elementor-toggle .elementor-tab-title .elementor-toggle-icon{display:inline-block;width:1em}.elementor-toggle .elementor-tab-title .elementor-toggle-icon svg{-webkit-margin-start:-5px;margin-inline-start:-5px;width:1em;height:1em}.elementor-toggle .elementor-tab-title .elementor-toggle-icon.elementor-toggle-icon-right{float:right;text-align:right}.elementor-toggle .elementor-tab-title .elementor-toggle-icon.elementor-toggle-icon-left{float:left;text-align:left}.elementor-toggle .elementor-tab-title .elementor-toggle-icon .elementor-toggle-icon-closed{display:block}.elementor-toggle .elementor-tab-title .elementor-toggle-icon .elementor-toggle-icon-opened{display:none}.elementor-toggle .elementor-tab-title.elementor-active{border-bottom:none}.elementor-toggle .elementor-tab-title.elementor-active .elementor-toggle-icon-closed{display:none}.elementor-toggle .elementor-tab-title.elementor-active .elementor-toggle-icon-opened{display:block}.elementor-toggle .elementor-tab-content{padding:15px;border-bottom:1px solid #d4d4d4;display:none}@media (max-width:767px){.elementor-toggle .elementor-tab-title{padding:12px}.elementor-toggle .elementor-tab-content{padding:12px 10px}}.e-con-inner>.elementor-widget-toggle,.e-con>.elementor-widget-toggle{width:var(--container-widget-width);--flex-grow:var(--container-widget-flex-grow)}<\/style>\t\t<div class=\"elementor-toggle\" role=\"tablist\">\n\t\t\t\t\t\t\t<div class=\"elementor-toggle-item\">\n\t\t\t\t\t<div id=\"elementor-tab-title-4511\" class=\"elementor-tab-title\" data-tab=\"1\" role=\"tab\" aria-controls=\"elementor-tab-content-4511\" aria-expanded=\"false\">\n\t\t\t\t\t\t\t\t\t\t\t\t<span class=\"elementor-toggle-icon elementor-toggle-icon-left\" aria-hidden=\"true\">\n\t\t\t\t\t\t\t\t\t\t\t\t\t\t\t<span class=\"elementor-toggle-icon-closed\"><i class=\"fas fa-caret-right\"><\/i><\/span>\n\t\t\t\t\t\t\t\t<span class=\"elementor-toggle-icon-opened\"><i class=\"elementor-toggle-icon-opened fas fa-caret-up\"><\/i><\/span>\n\t\t\t\t\t\t\t\t\t\t\t\t\t<\/span>\n\t\t\t\t\t\t\t\t\t\t\t\t<a href=\"\" class=\"elementor-toggle-title\" target=\"_blank\" rel=\"noopener\"><a href=\"https:\/\/www.ull.es\/servicios\/unidad-para-la-docencia-virtual-udv\/\" target=\"_blank\" rel=\"noopener\">Unidad para la Docencia Virtual<\/a><\/a>\n\t\t\t\t\t<\/div>\n\n\t\t\t\t\t<div id=\"elementor-tab-content-4511\" class=\"elementor-tab-content elementor-clearfix\" data-tab=\"1\" role=\"tabpanel\" aria-labelledby=\"elementor-tab-title-4511\"><p>Tiene diferentes l\u00edneas de actuaci\u00f3n relacionadas principalmente con el soporte a la docencia virtual de la Universidad de La Laguna. Es responsable del Campus Virtual y de sus entornos virtuales. Tambi\u00e9n colabora con otros servicios y unidades para el desarrollo de proyectos y programas de innovaci\u00f3n educativa con tecnolog\u00eda.<\/p>\n<a href=\"https:\/\/www.ull.es\/servicios\/unidad-para-la-docencia-virtual-udv\/\" target=\"_blank\" rel=\"noopener\">Acceder<\/a><\/div>\n\t\t\t\t<\/div>\n\t\t\t\t\t\t\t\t<\/div>\n\t\t\t\t<\/div>\n\t\t\t\t<\/div>\n\t\t\t\t\t<\/div>\n\t\t<\/div>\n\t\t\t\t\t\t\t<\/div>\n\t\t<\/section>\n\t\t\t\t<section class=\"elementor-section elementor-top-section elementor-element elementor-element-b919b43 elementor-section-boxed elementor-section-height-default elementor-section-height-default\" data-id=\"b919b43\" data-element_type=\"section\">\n\t\t\t\t\t\t<div class=\"elementor-container elementor-column-gap-default\">\n\t\t\t\t\t<div class=\"elementor-column elementor-col-100 elementor-top-column elementor-element elementor-element-23ab80f\" data-id=\"23ab80f\" data-element_type=\"column\">\n\t\t\t<div class=\"elementor-widget-wrap elementor-element-populated\">\n\t\t\t\t\t\t\t\t<div class=\"elementor-element elementor-element-4ec3113 elementor-widget elementor-widget-toggle\" data-id=\"4ec3113\" data-element_type=\"widget\" data-widget_type=\"toggle.default\">\n\t\t\t\t<div class=\"elementor-widget-container\">\n\t\t\t\t\t<div class=\"elementor-toggle\" role=\"tablist\">\n\t\t\t\t\t\t\t<div class=\"elementor-toggle-item\">\n\t\t\t\t\t<div id=\"elementor-tab-title-8251\" class=\"elementor-tab-title\" data-tab=\"1\" role=\"tab\" aria-controls=\"elementor-tab-content-8251\" aria-expanded=\"false\">\n\t\t\t\t\t\t\t\t\t\t\t\t<span class=\"elementor-toggle-icon elementor-toggle-icon-left\" aria-hidden=\"true\">\n\t\t\t\t\t\t\t\t\t\t\t\t\t\t\t<span class=\"elementor-toggle-icon-closed\"><i class=\"fas fa-caret-right\"><\/i><\/span>\n\t\t\t\t\t\t\t\t<span class=\"elementor-toggle-icon-opened\"><i class=\"elementor-toggle-icon-opened fas fa-caret-up\"><\/i><\/span>\n\t\t\t\t\t\t\t\t\t\t\t\t\t<\/span>\n\t\t\t\t\t\t\t\t\t\t\t\t<a href=\"\" class=\"elementor-toggle-title\" target=\"_blank\" rel=\"noopener\"><a href=\"https:\/\/www.ull.es\/servicios\/stic\/\" target=\"_blank\" rel=\"noopener\">Servicios de Tecnolog\u00edas de la Informaci\u00f3n y Comunicaci\u00f3n<\/a><\/a>\n\t\t\t\t\t<\/div>\n\n\t\t\t\t\t<div id=\"elementor-tab-content-8251\" class=\"elementor-tab-content elementor-clearfix\" data-tab=\"1\" role=\"tabpanel\" aria-labelledby=\"elementor-tab-title-8251\"><p>La Universidad de La Laguna tiene una amplia gama de servicios de alta calidad para toda la comunidad universitaria. \u00c9stos servicios est\u00e1n dirigidos a los miembros del Personal Docente e Investigador (PDI), del PAS (Personal de Administraci\u00f3n y servicios), as\u00ed como a estudiantes e, incluso, al p\u00fablico en general.<\/p>\n\n<a href=\"https:\/\/www.ull.es\/servicios\/stic\/\" target=\"_blank\" rel=\"noopener\">Acceder<\/a><\/div>\n\t\t\t\t<\/div>\n\t\t\t\t\t\t\t\t<\/div>\n\t\t\t\t<\/div>\n\t\t\t\t<\/div>\n\t\t\t\t\t<\/div>\n\t\t<\/div>\n\t\t\t\t\t\t\t<\/div>\n\t\t<\/section>\n\t\t\t\t<section class=\"elementor-section elementor-top-section elementor-element elementor-element-c0e82d1 elementor-section-boxed elementor-section-height-default elementor-section-height-default\" data-id=\"c0e82d1\" data-element_type=\"section\">\n\t\t\t\t\t\t<div class=\"elementor-container elementor-column-gap-default\">\n\t\t\t\t\t<div class=\"elementor-column elementor-col-100 elementor-top-column elementor-element elementor-element-b0d6052\" data-id=\"b0d6052\" data-element_type=\"column\">\n\t\t\t<div class=\"elementor-widget-wrap elementor-element-populated\">\n\t\t\t\t\t\t\t\t<div class=\"elementor-element elementor-element-c321568 elementor-widget elementor-widget-toggle\" data-id=\"c321568\" data-element_type=\"widget\" data-widget_type=\"toggle.default\">\n\t\t\t\t<div class=\"elementor-widget-container\">\n\t\t\t\t\t<div class=\"elementor-toggle\" role=\"tablist\">\n\t\t\t\t\t\t\t<div class=\"elementor-toggle-item\">\n\t\t\t\t\t<div id=\"elementor-tab-title-2041\" class=\"elementor-tab-title\" data-tab=\"1\" role=\"tab\" aria-controls=\"elementor-tab-content-2041\" aria-expanded=\"false\">\n\t\t\t\t\t\t\t\t\t\t\t\t<span class=\"elementor-toggle-icon elementor-toggle-icon-left\" aria-hidden=\"true\">\n\t\t\t\t\t\t\t\t\t\t\t\t\t\t\t<span class=\"elementor-toggle-icon-closed\"><i class=\"fas fa-caret-right\"><\/i><\/span>\n\t\t\t\t\t\t\t\t<span class=\"elementor-toggle-icon-opened\"><i class=\"elementor-toggle-icon-opened fas fa-caret-up\"><\/i><\/span>\n\t\t\t\t\t\t\t\t\t\t\t\t\t<\/span>\n\t\t\t\t\t\t\t\t\t\t\t\t<a href=\"\" class=\"elementor-toggle-title\" target=\"_blank\" rel=\"noopener\"><a href=\"https:\/\/www.ull.es\/servicios\/unidad-audiovisuales\/\" target=\"_blank\" rel=\"noopener\">Unidad de Audiovisuales<\/a><\/a>\n\t\t\t\t\t<\/div>\n\n\t\t\t\t\t<div id=\"elementor-tab-content-2041\" class=\"elementor-tab-content elementor-clearfix\" data-tab=\"1\" role=\"tabpanel\" aria-labelledby=\"elementor-tab-title-2041\"><p>Da servicio a la demanda de creaci\u00f3n de materiales did\u00e1cticos audiovisuales en formato de p\u00edldoras educativas y v\u00eddeo pr\u00e1cticas, generada principalmente desde la comunidad de la Universidad de La Laguna.<\/p>\n\n<a href=\"https:\/\/www.ull.es\/servicios\/unidad-audiovisuales\/\" target=\"_blank\" rel=\"noopener\">Acceder<\/a><\/div>\n\t\t\t\t<\/div>\n\t\t\t\t\t\t\t\t<\/div>\n\t\t\t\t<\/div>\n\t\t\t\t<\/div>\n\t\t\t\t\t<\/div>\n\t\t<\/div>\n\t\t\t\t\t\t\t<\/div>\n\t\t<\/section>\n\t\t\t\t\t\t\t<\/div>\n\t\t","protected":false},"excerpt":{"rendered":"<p>\/*! elementor &#8211; v3.9.2 &#8211; 21-12-2022 *\/ .elementor-heading-title{padding:0;margin:0;line-height:1}.elementor-widget-heading .elementor-heading-title[class*=elementor-size-]&gt;a{color:inherit;font-size:inherit;line-height:inherit}.elementor-widget-heading .elementor-heading-title.elementor-size-small{font-size:15px}.elementor-widget-heading .elementor-heading-title.elementor-size-medium{font-size:19px}.elementor-widget-heading .elementor-heading-title.elementor-size-large{font-size:29px}.elementor-widget-heading .elementor-heading-title.elementor-size-xl{font-size:39px}.elementor-widget-heading .elementor-heading-title.elementor-size-xxl{font-size:59px} Unidad para la Docencia Virtual Tiene diferentes l\u00edneas de actuaci\u00f3n relacionadas principalmente con el soporte a la docencia virtual de la Universidad de La Laguna. Es responsable del Campus Virtual y de sus entornos virtuales. Tambi\u00e9n colabora con otros servicios y&#8230;<\/p>\n","protected":false},"author":102,"featured_media":0,"parent":0,"menu_order":0,"comment_status":"closed","ping_status":"closed","template":"elementor_header_footer","meta":{"inline_featured_image":false,"footnotes":""},"acf":[],"yoast_head":"<!-- This site is optimized with the Yoast SEO plugin v21.3 - https:\/\/yoast.com\/wordpress\/plugins\/seo\/ -->\n<title>Servicios Institucionales Colaboradores - Plan Unidigital - ULL<\/title>\n<meta name=\"description\" content=\"Se cuenta con diferentes Servicios Institucionales que colaboran con el Plan Unidigital como es la UDV, el STIC y la Unidad de Audiovisuales\" \/>\n<meta name=\"robots\" content=\"index, follow, max-snippet:-1, max-image-preview:large, max-video-preview:-1\" \/>\n<link rel=\"canonical\" href=\"https:\/\/www.ull.es\/portal\/unidigital\/servicios-institucionales-colaboradores\/\" \/>\n<meta property=\"og:locale\" content=\"es_ES\" \/>\n<meta property=\"og:type\" content=\"article\" \/>\n<meta property=\"og:title\" content=\"Servicios Institucionales Colaboradores - Plan Unidigital - ULL\" \/>\n<meta property=\"og:description\" content=\"Se cuenta con diferentes Servicios Institucionales que colaboran con el Plan Unidigital como es la UDV, el STIC y la Unidad de Audiovisuales\" \/>\n<meta property=\"og:url\" content=\"https:\/\/www.ull.es\/portal\/unidigital\/servicios-institucionales-colaboradores\/\" \/>\n<meta property=\"og:site_name\" content=\"Plan Unidigital\" \/>\n<meta property=\"article:modified_time\" content=\"2024-10-30T08:28:46+00:00\" \/>\n<meta name=\"twitter:card\" content=\"summary_large_image\" \/>\n<meta name=\"twitter:label1\" content=\"Tiempo de lectura\" \/>\n\t<meta name=\"twitter:data1\" content=\"1 minuto\" \/>\n<script type=\"application\/ld+json\" class=\"yoast-schema-graph\">{\"@context\":\"https:\/\/schema.org\",\"@graph\":[{\"@type\":\"WebPage\",\"@id\":\"https:\/\/www.ull.es\/portal\/unidigital\/servicios-institucionales-colaboradores\/\",\"url\":\"https:\/\/www.ull.es\/portal\/unidigital\/servicios-institucionales-colaboradores\/\",\"name\":\"Servicios Institucionales Colaboradores - Plan Unidigital - ULL\",\"isPartOf\":{\"@id\":\"https:\/\/www.ull.es\/portal\/unidigital\/#website\"},\"datePublished\":\"2024-09-19T08:18:47+00:00\",\"dateModified\":\"2024-10-30T08:28:46+00:00\",\"description\":\"Se cuenta con diferentes Servicios Institucionales que colaboran con el Plan Unidigital como es la UDV, el STIC y la Unidad de Audiovisuales\",\"breadcrumb\":{\"@id\":\"https:\/\/www.ull.es\/portal\/unidigital\/servicios-institucionales-colaboradores\/#breadcrumb\"},\"inLanguage\":\"es\",\"potentialAction\":[{\"@type\":\"ReadAction\",\"target\":[\"https:\/\/www.ull.es\/portal\/unidigital\/servicios-institucionales-colaboradores\/\"]}]},{\"@type\":\"BreadcrumbList\",\"@id\":\"https:\/\/www.ull.es\/portal\/unidigital\/servicios-institucionales-colaboradores\/#breadcrumb\",\"itemListElement\":[{\"@type\":\"ListItem\",\"position\":1,\"name\":\"Portada\",\"item\":\"https:\/\/www.ull.es\/portal\/unidigital\/\"},{\"@type\":\"ListItem\",\"position\":2,\"name\":\"Servicios Institucionales Colaboradores\"}]},{\"@type\":\"WebSite\",\"@id\":\"https:\/\/www.ull.es\/portal\/unidigital\/#website\",\"url\":\"https:\/\/www.ull.es\/portal\/unidigital\/\",\"name\":\"Plan Unidigital\",\"description\":\"\",\"potentialAction\":[{\"@type\":\"SearchAction\",\"target\":{\"@type\":\"EntryPoint\",\"urlTemplate\":\"https:\/\/www.ull.es\/portal\/unidigital\/?s={search_term_string}\"},\"query-input\":\"required name=search_term_string\"}],\"inLanguage\":\"es\"}]}<\/script>\n<!-- \/ Yoast SEO plugin. -->","yoast_head_json":{"title":"Servicios Institucionales Colaboradores - Plan Unidigital - ULL","description":"Se cuenta con diferentes Servicios Institucionales que colaboran con el Plan Unidigital como es la UDV, el STIC y la Unidad de Audiovisuales","robots":{"index":"index","follow":"follow","max-snippet":"max-snippet:-1","max-image-preview":"max-image-preview:large","max-video-preview":"max-video-preview:-1"},"canonical":"https:\/\/www.ull.es\/portal\/unidigital\/servicios-institucionales-colaboradores\/","og_locale":"es_ES","og_type":"article","og_title":"Servicios Institucionales Colaboradores - Plan Unidigital - ULL","og_description":"Se cuenta con diferentes Servicios Institucionales que colaboran con el Plan Unidigital como es la UDV, el STIC y la Unidad de Audiovisuales","og_url":"https:\/\/www.ull.es\/portal\/unidigital\/servicios-institucionales-colaboradores\/","og_site_name":"Plan Unidigital","article_modified_time":"2024-10-30T08:28:46+00:00","twitter_card":"summary_large_image","twitter_misc":{"Tiempo de lectura":"1 minuto"},"schema":{"@context":"https:\/\/schema.org","@graph":[{"@type":"WebPage","@id":"https:\/\/www.ull.es\/portal\/unidigital\/servicios-institucionales-colaboradores\/","url":"https:\/\/www.ull.es\/portal\/unidigital\/servicios-institucionales-colaboradores\/","name":"Servicios Institucionales Colaboradores - Plan Unidigital - ULL","isPartOf":{"@id":"https:\/\/www.ull.es\/portal\/unidigital\/#website"},"datePublished":"2024-09-19T08:18:47+00:00","dateModified":"2024-10-30T08:28:46+00:00","description":"Se cuenta con diferentes Servicios Institucionales que colaboran con el Plan Unidigital como es la UDV, el STIC y la Unidad de Audiovisuales","breadcrumb":{"@id":"https:\/\/www.ull.es\/portal\/unidigital\/servicios-institucionales-colaboradores\/#breadcrumb"},"inLanguage":"es","potentialAction":[{"@type":"ReadAction","target":["https:\/\/www.ull.es\/portal\/unidigital\/servicios-institucionales-colaboradores\/"]}]},{"@type":"BreadcrumbList","@id":"https:\/\/www.ull.es\/portal\/unidigital\/servicios-institucionales-colaboradores\/#breadcrumb","itemListElement":[{"@type":"ListItem","position":1,"name":"Portada","item":"https:\/\/www.ull.es\/portal\/unidigital\/"},{"@type":"ListItem","position":2,"name":"Servicios Institucionales Colaboradores"}]},{"@type":"WebSite","@id":"https:\/\/www.ull.es\/portal\/unidigital\/#website","url":"https:\/\/www.ull.es\/portal\/unidigital\/","name":"Plan Unidigital","description":"","potentialAction":[{"@type":"SearchAction","target":{"@type":"EntryPoint","urlTemplate":"https:\/\/www.ull.es\/portal\/unidigital\/?s={search_term_string}"},"query-input":"required name=search_term_string"}],"inLanguage":"es"}]}},"_links":{"self":[{"href":"https:\/\/www.ull.es\/portal\/unidigital\/wp-json\/wp\/v2\/pages\/825"}],"collection":[{"href":"https:\/\/www.ull.es\/portal\/unidigital\/wp-json\/wp\/v2\/pages"}],"about":[{"href":"https:\/\/www.ull.es\/portal\/unidigital\/wp-json\/wp\/v2\/types\/page"}],"author":[{"embeddable":true,"href":"https:\/\/www.ull.es\/portal\/unidigital\/wp-json\/wp\/v2\/users\/102"}],"replies":[{"embeddable":true,"href":"https:\/\/www.ull.es\/portal\/unidigital\/wp-json\/wp\/v2\/comments?post=825"}],"version-history":[{"count":14,"href":"https:\/\/www.ull.es\/portal\/unidigital\/wp-json\/wp\/v2\/pages\/825\/revisions"}],"predecessor-version":[{"id":962,"href":"https:\/\/www.ull.es\/portal\/unidigital\/wp-json\/wp\/v2\/pages\/825\/revisions\/962"}],"wp:attachment":[{"href":"https:\/\/www.ull.es\/portal\/unidigital\/wp-json\/wp\/v2\/media?parent=825"}],"curies":[{"name":"wp","href":"https:\/\/api.w.org\/{rel}","templated":true}]}}