{"id":833,"date":"2024-09-20T06:21:22","date_gmt":"2024-09-20T06:21:22","guid":{"rendered":"https:\/\/www.ull.es\/portal\/unidigital\/?page_id=833"},"modified":"2024-10-30T08:28:16","modified_gmt":"2024-10-30T08:28:16","slug":"normativa","status":"publish","type":"page","link":"https:\/\/www.ull.es\/portal\/unidigital\/normativa\/","title":{"rendered":"Normativa"},"content":{"rendered":"\t\t<div data-elementor-type=\"wp-page\" data-elementor-id=\"833\" class=\"elementor elementor-833\">\n\t\t\t\t\t\t\t\t\t<section class=\"elementor-section elementor-top-section elementor-element elementor-element-33d840e elementor-section-full_width elementor-section-height-default elementor-section-height-default\" data-id=\"33d840e\" data-element_type=\"section\" data-settings=\"{&quot;background_background&quot;:&quot;classic&quot;}\">\n\t\t\t\t\t\t\t<div class=\"elementor-background-overlay\"><\/div>\n\t\t\t\t\t\t\t<div class=\"elementor-container elementor-column-gap-default\">\n\t\t\t\t\t<div class=\"elementor-column elementor-col-100 elementor-top-column elementor-element elementor-element-72528b9\" data-id=\"72528b9\" data-element_type=\"column\">\n\t\t\t<div class=\"elementor-widget-wrap elementor-element-populated\">\n\t\t\t\t\t\t\t\t<div class=\"elementor-element elementor-element-e2f581e elementor-widget elementor-widget-heading\" data-id=\"e2f581e\" data-element_type=\"widget\" data-widget_type=\"heading.default\">\n\t\t\t\t<div class=\"elementor-widget-container\">\n\t\t\t<style>\/*! elementor - v3.9.2 - 21-12-2022 *\/\n.elementor-heading-title{padding:0;margin:0;line-height:1}.elementor-widget-heading .elementor-heading-title[class*=elementor-size-]>a{color:inherit;font-size:inherit;line-height:inherit}.elementor-widget-heading .elementor-heading-title.elementor-size-small{font-size:15px}.elementor-widget-heading .elementor-heading-title.elementor-size-medium{font-size:19px}.elementor-widget-heading .elementor-heading-title.elementor-size-large{font-size:29px}.elementor-widget-heading .elementor-heading-title.elementor-size-xl{font-size:39px}.elementor-widget-heading .elementor-heading-title.elementor-size-xxl{font-size:59px}<\/style><h1 class=\"elementor-heading-title elementor-size-default\"> <\/h1>\t\t<\/div>\n\t\t\t\t<\/div>\n\t\t\t\t\t<\/div>\n\t\t<\/div>\n\t\t\t\t\t\t\t<\/div>\n\t\t<\/section>\n\t\t\t\t<section class=\"elementor-section elementor-top-section elementor-element elementor-element-f9b0d0a elementor-section-boxed elementor-section-height-default elementor-section-height-default\" data-id=\"f9b0d0a\" data-element_type=\"section\">\n\t\t\t\t\t\t<div class=\"elementor-container elementor-column-gap-default\">\n\t\t\t\t\t<div class=\"elementor-column elementor-col-100 elementor-top-column elementor-element elementor-element-d6f2edc\" data-id=\"d6f2edc\" data-element_type=\"column\">\n\t\t\t<div class=\"elementor-widget-wrap elementor-element-populated\">\n\t\t\t\t\t\t\t\t<div class=\"elementor-element elementor-element-78d3a74 elementor-widget elementor-widget-heading\" data-id=\"78d3a74\" data-element_type=\"widget\" data-widget_type=\"heading.default\">\n\t\t\t\t<div class=\"elementor-widget-container\">\n\t\t\t<h2 class=\"elementor-heading-title elementor-size-default\">Reglamento Unidigital<\/h2>\t\t<\/div>\n\t\t\t\t<\/div>\n\t\t\t\t\t<\/div>\n\t\t<\/div>\n\t\t\t\t\t\t\t<\/div>\n\t\t<\/section>\n\t\t\t\t<section class=\"elementor-section elementor-top-section elementor-element elementor-element-ba872e2 elementor-section-boxed elementor-section-height-default elementor-section-height-default\" data-id=\"ba872e2\" data-element_type=\"section\">\n\t\t\t\t\t\t<div class=\"elementor-container elementor-column-gap-default\">\n\t\t\t\t\t<div class=\"elementor-column elementor-col-100 elementor-top-column elementor-element elementor-element-a541d2b\" data-id=\"a541d2b\" data-element_type=\"column\">\n\t\t\t<div class=\"elementor-widget-wrap elementor-element-populated\">\n\t\t\t\t\t\t\t\t<div class=\"elementor-element elementor-element-9545ede elementor-widget elementor-widget-text-editor\" data-id=\"9545ede\" data-element_type=\"widget\" data-widget_type=\"text-editor.default\">\n\t\t\t\t<div class=\"elementor-widget-container\">\n\t\t\t<style>\/*! elementor - v3.9.2 - 21-12-2022 *\/\n.elementor-widget-text-editor.elementor-drop-cap-view-stacked .elementor-drop-cap{background-color:#818a91;color:#fff}.elementor-widget-text-editor.elementor-drop-cap-view-framed .elementor-drop-cap{color:#818a91;border:3px solid;background-color:transparent}.elementor-widget-text-editor:not(.elementor-drop-cap-view-default) .elementor-drop-cap{margin-top:8px}.elementor-widget-text-editor:not(.elementor-drop-cap-view-default) .elementor-drop-cap-letter{width:1em;height:1em}.elementor-widget-text-editor .elementor-drop-cap{float:left;text-align:center;line-height:1;font-size:50px}.elementor-widget-text-editor .elementor-drop-cap-letter{display:inline-block}<\/style>\t\t\t\t<p style=\"font-weight: 400\">En base al Real Decreto 641\/2021, de 27 de julio, la Universidad de La Laguna (ULL) ha sido beneficiaria de una dotaci\u00f3n econ\u00f3mica para la digitalizaci\u00f3n de las universidades p\u00fablicas espa\u00f1olas, sum\u00e1ndose a los esfuerzos del Plan UniDigital. Esta dotaci\u00f3n asciende a un total de 1.320.690,60 euros, distribuida en 1.129.074,50 euros para el a\u00f1o 2021 y 191.616,10 euros para el a\u00f1o 2022, est\u00e1 destinada a mejorar infraestructuras, equipamiento, y tecnolog\u00edas digitales en el \u00e1mbito universitario.<\/p><p>En el Real Decreto 576\/2023, de 4 de julio, por el que se modifican el Real Decreto 99\/2011, de 28 de enero, por el que se regulan las ense\u00f1anzas oficiales de doctorado; el Real Decreto 1002\/2010, de 5 de agosto, sobre expedici\u00f3n de t\u00edtulos universitarios oficiales; y el Real Decreto 641\/2021, de 27 de julio, por el que se regula la concesi\u00f3n directa de subvenciones a universidades p\u00fablicas espa\u00f1olas para la modernizaci\u00f3n y digitalizaci\u00f3n del sistema universitario espa\u00f1ol en el marco del Plan de Recuperaci\u00f3n, Transformaci\u00f3n y Resiliencia, se modifica tambi\u00e9n parcialmente el Real Decreto 641\/2021, de 27 de julio, por el que se regula la concesi\u00f3n directa de subvenciones a universidades p\u00fablicas espa\u00f1olas para la modernizaci\u00f3n y digitalizaci\u00f3n del sistema universitario espa\u00f1ol en el marco del Plan de Recuperaci\u00f3n, Transformaci\u00f3n y Resiliencia, a los \u00fanicos efectos de ampliar el plazo de ejecuci\u00f3n de las actuaciones subvencionables. En base a esto la ejecuci\u00f3n de los proyectos de digitalizaci\u00f3n en la ULL se prorroga hasta el 31 de diciembre de 2024. Esta pr\u00f3rroga permitir\u00e1 a la universidad continuar y finalizar con \u00e9xito las iniciativas emprendidas para la modernizaci\u00f3n y adaptaci\u00f3n a los nuevos desaf\u00edos del entorno digital en la educaci\u00f3n superior.<\/p>\t\t\t\t\t\t<\/div>\n\t\t\t\t<\/div>\n\t\t\t\t\t<\/div>\n\t\t<\/div>\n\t\t\t\t\t\t\t<\/div>\n\t\t<\/section>\n\t\t\t\t\t\t\t<\/div>\n\t\t","protected":false},"excerpt":{"rendered":"<p>Reglamento Unidigital En base al Real Decreto 641\/2021, de 27 de julio, la Universidad de La Laguna (ULL) ha sido beneficiaria de una dotaci\u00f3n econ\u00f3mica para la digitalizaci\u00f3n de las universidades p\u00fablicas espa\u00f1olas, sum\u00e1ndose a los esfuerzos del Plan UniDigital. Esta dotaci\u00f3n asciende a un total de 1.320.690,60 euros, distribuida en 1.129.074,50 euros para el&#8230;<\/p>\n","protected":false},"author":102,"featured_media":0,"parent":0,"menu_order":0,"comment_status":"closed","ping_status":"closed","template":"elementor_header_footer","meta":{"inline_featured_image":false,"footnotes":""},"acf":[],"yoast_head":"<!-- This site is optimized with the Yoast SEO plugin v21.3 - https:\/\/yoast.com\/wordpress\/plugins\/seo\/ -->\n<title>Normativa - Plan Unidigital - ULL<\/title>\n<meta name=\"description\" content=\"La Universidad de La Laguna ha sido beneficiaria de una dotaci\u00f3n econ\u00f3mica para la digitalizaci\u00f3n de las universidades p\u00fablicas espa\u00f1olas, sum\u00e1ndose a los esfuerzos del Plan Unidigital\" \/>\n<meta name=\"robots\" content=\"index, follow, max-snippet:-1, max-image-preview:large, max-video-preview:-1\" \/>\n<link rel=\"canonical\" href=\"https:\/\/www.ull.es\/portal\/unidigital\/normativa\/\" \/>\n<meta property=\"og:locale\" content=\"es_ES\" \/>\n<meta property=\"og:type\" content=\"article\" \/>\n<meta property=\"og:title\" content=\"Normativa - Plan Unidigital - ULL\" \/>\n<meta property=\"og:description\" content=\"La Universidad de La Laguna ha sido beneficiaria de una dotaci\u00f3n econ\u00f3mica para la digitalizaci\u00f3n de las universidades p\u00fablicas espa\u00f1olas, sum\u00e1ndose a los esfuerzos del Plan Unidigital\" \/>\n<meta property=\"og:url\" content=\"https:\/\/www.ull.es\/portal\/unidigital\/normativa\/\" \/>\n<meta property=\"og:site_name\" content=\"Plan Unidigital\" \/>\n<meta property=\"article:modified_time\" content=\"2024-10-30T08:28:16+00:00\" \/>\n<meta name=\"twitter:card\" content=\"summary_large_image\" \/>\n<meta name=\"twitter:label1\" content=\"Tiempo de lectura\" \/>\n\t<meta name=\"twitter:data1\" content=\"2 minutos\" \/>\n<script type=\"application\/ld+json\" class=\"yoast-schema-graph\">{\"@context\":\"https:\/\/schema.org\",\"@graph\":[{\"@type\":\"WebPage\",\"@id\":\"https:\/\/www.ull.es\/portal\/unidigital\/normativa\/\",\"url\":\"https:\/\/www.ull.es\/portal\/unidigital\/normativa\/\",\"name\":\"Normativa - Plan Unidigital - ULL\",\"isPartOf\":{\"@id\":\"https:\/\/www.ull.es\/portal\/unidigital\/#website\"},\"datePublished\":\"2024-09-20T06:21:22+00:00\",\"dateModified\":\"2024-10-30T08:28:16+00:00\",\"description\":\"La Universidad de La Laguna ha sido beneficiaria de una dotaci\u00f3n econ\u00f3mica para la digitalizaci\u00f3n de las universidades p\u00fablicas espa\u00f1olas, sum\u00e1ndose a los esfuerzos del Plan Unidigital\",\"breadcrumb\":{\"@id\":\"https:\/\/www.ull.es\/portal\/unidigital\/normativa\/#breadcrumb\"},\"inLanguage\":\"es\",\"potentialAction\":[{\"@type\":\"ReadAction\",\"target\":[\"https:\/\/www.ull.es\/portal\/unidigital\/normativa\/\"]}]},{\"@type\":\"BreadcrumbList\",\"@id\":\"https:\/\/www.ull.es\/portal\/unidigital\/normativa\/#breadcrumb\",\"itemListElement\":[{\"@type\":\"ListItem\",\"position\":1,\"name\":\"Portada\",\"item\":\"https:\/\/www.ull.es\/portal\/unidigital\/\"},{\"@type\":\"ListItem\",\"position\":2,\"name\":\"Normativa\"}]},{\"@type\":\"WebSite\",\"@id\":\"https:\/\/www.ull.es\/portal\/unidigital\/#website\",\"url\":\"https:\/\/www.ull.es\/portal\/unidigital\/\",\"name\":\"Plan Unidigital\",\"description\":\"\",\"potentialAction\":[{\"@type\":\"SearchAction\",\"target\":{\"@type\":\"EntryPoint\",\"urlTemplate\":\"https:\/\/www.ull.es\/portal\/unidigital\/?s={search_term_string}\"},\"query-input\":\"required name=search_term_string\"}],\"inLanguage\":\"es\"}]}<\/script>\n<!-- \/ Yoast SEO plugin. -->","yoast_head_json":{"title":"Normativa - Plan Unidigital - ULL","description":"La Universidad de La Laguna ha sido beneficiaria de una dotaci\u00f3n econ\u00f3mica para la digitalizaci\u00f3n de las universidades p\u00fablicas espa\u00f1olas, sum\u00e1ndose a los esfuerzos del Plan Unidigital","robots":{"index":"index","follow":"follow","max-snippet":"max-snippet:-1","max-image-preview":"max-image-preview:large","max-video-preview":"max-video-preview:-1"},"canonical":"https:\/\/www.ull.es\/portal\/unidigital\/normativa\/","og_locale":"es_ES","og_type":"article","og_title":"Normativa - Plan Unidigital - ULL","og_description":"La Universidad de La Laguna ha sido beneficiaria de una dotaci\u00f3n econ\u00f3mica para la digitalizaci\u00f3n de las universidades p\u00fablicas espa\u00f1olas, sum\u00e1ndose a los esfuerzos del Plan Unidigital","og_url":"https:\/\/www.ull.es\/portal\/unidigital\/normativa\/","og_site_name":"Plan Unidigital","article_modified_time":"2024-10-30T08:28:16+00:00","twitter_card":"summary_large_image","twitter_misc":{"Tiempo de lectura":"2 minutos"},"schema":{"@context":"https:\/\/schema.org","@graph":[{"@type":"WebPage","@id":"https:\/\/www.ull.es\/portal\/unidigital\/normativa\/","url":"https:\/\/www.ull.es\/portal\/unidigital\/normativa\/","name":"Normativa - Plan Unidigital - ULL","isPartOf":{"@id":"https:\/\/www.ull.es\/portal\/unidigital\/#website"},"datePublished":"2024-09-20T06:21:22+00:00","dateModified":"2024-10-30T08:28:16+00:00","description":"La Universidad de La Laguna ha sido beneficiaria de una dotaci\u00f3n econ\u00f3mica para la digitalizaci\u00f3n de las universidades p\u00fablicas espa\u00f1olas, sum\u00e1ndose a los esfuerzos del Plan Unidigital","breadcrumb":{"@id":"https:\/\/www.ull.es\/portal\/unidigital\/normativa\/#breadcrumb"},"inLanguage":"es","potentialAction":[{"@type":"ReadAction","target":["https:\/\/www.ull.es\/portal\/unidigital\/normativa\/"]}]},{"@type":"BreadcrumbList","@id":"https:\/\/www.ull.es\/portal\/unidigital\/normativa\/#breadcrumb","itemListElement":[{"@type":"ListItem","position":1,"name":"Portada","item":"https:\/\/www.ull.es\/portal\/unidigital\/"},{"@type":"ListItem","position":2,"name":"Normativa"}]},{"@type":"WebSite","@id":"https:\/\/www.ull.es\/portal\/unidigital\/#website","url":"https:\/\/www.ull.es\/portal\/unidigital\/","name":"Plan Unidigital","description":"","potentialAction":[{"@type":"SearchAction","target":{"@type":"EntryPoint","urlTemplate":"https:\/\/www.ull.es\/portal\/unidigital\/?s={search_term_string}"},"query-input":"required name=search_term_string"}],"inLanguage":"es"}]}},"_links":{"self":[{"href":"https:\/\/www.ull.es\/portal\/unidigital\/wp-json\/wp\/v2\/pages\/833"}],"collection":[{"href":"https:\/\/www.ull.es\/portal\/unidigital\/wp-json\/wp\/v2\/pages"}],"about":[{"href":"https:\/\/www.ull.es\/portal\/unidigital\/wp-json\/wp\/v2\/types\/page"}],"author":[{"embeddable":true,"href":"https:\/\/www.ull.es\/portal\/unidigital\/wp-json\/wp\/v2\/users\/102"}],"replies":[{"embeddable":true,"href":"https:\/\/www.ull.es\/portal\/unidigital\/wp-json\/wp\/v2\/comments?post=833"}],"version-history":[{"count":17,"href":"https:\/\/www.ull.es\/portal\/unidigital\/wp-json\/wp\/v2\/pages\/833\/revisions"}],"predecessor-version":[{"id":959,"href":"https:\/\/www.ull.es\/portal\/unidigital\/wp-json\/wp\/v2\/pages\/833\/revisions\/959"}],"wp:attachment":[{"href":"https:\/\/www.ull.es\/portal\/unidigital\/wp-json\/wp\/v2\/media?parent=833"}],"curies":[{"name":"wp","href":"https:\/\/api.w.org\/{rel}","templated":true}]}}