{"id":841,"date":"2024-09-20T06:22:47","date_gmt":"2024-09-20T06:22:47","guid":{"rendered":"https:\/\/www.ull.es\/portal\/unidigital\/?page_id=841"},"modified":"2024-10-30T08:28:36","modified_gmt":"2024-10-30T08:28:36","slug":"proyectos-propios","status":"publish","type":"page","link":"https:\/\/www.ull.es\/portal\/unidigital\/proyectos-propios\/","title":{"rendered":"Proyectos Propios"},"content":{"rendered":"\t\t<div data-elementor-type=\"wp-page\" data-elementor-id=\"841\" class=\"elementor elementor-841\">\n\t\t\t\t\t\t\t\t\t<section class=\"elementor-section elementor-top-section elementor-element elementor-element-33d840e elementor-section-full_width elementor-section-height-default elementor-section-height-default\" data-id=\"33d840e\" data-element_type=\"section\" data-settings=\"{&quot;background_background&quot;:&quot;classic&quot;}\">\n\t\t\t\t\t\t\t<div class=\"elementor-background-overlay\"><\/div>\n\t\t\t\t\t\t\t<div class=\"elementor-container elementor-column-gap-default\">\n\t\t\t\t\t<div class=\"elementor-column elementor-col-100 elementor-top-column elementor-element elementor-element-72528b9\" data-id=\"72528b9\" data-element_type=\"column\">\n\t\t\t<div class=\"elementor-widget-wrap elementor-element-populated\">\n\t\t\t\t\t\t\t\t<div class=\"elementor-element elementor-element-e2f581e elementor-widget elementor-widget-heading\" data-id=\"e2f581e\" data-element_type=\"widget\" data-widget_type=\"heading.default\">\n\t\t\t\t<div class=\"elementor-widget-container\">\n\t\t\t<style>\/*! elementor - v3.9.2 - 21-12-2022 *\/\n.elementor-heading-title{padding:0;margin:0;line-height:1}.elementor-widget-heading .elementor-heading-title[class*=elementor-size-]>a{color:inherit;font-size:inherit;line-height:inherit}.elementor-widget-heading .elementor-heading-title.elementor-size-small{font-size:15px}.elementor-widget-heading .elementor-heading-title.elementor-size-medium{font-size:19px}.elementor-widget-heading .elementor-heading-title.elementor-size-large{font-size:29px}.elementor-widget-heading .elementor-heading-title.elementor-size-xl{font-size:39px}.elementor-widget-heading .elementor-heading-title.elementor-size-xxl{font-size:59px}<\/style><h1 class=\"elementor-heading-title elementor-size-default\"> <\/h1>\t\t<\/div>\n\t\t\t\t<\/div>\n\t\t\t\t\t<\/div>\n\t\t<\/div>\n\t\t\t\t\t\t\t<\/div>\n\t\t<\/section>\n\t\t\t\t<section class=\"elementor-section elementor-top-section elementor-element elementor-element-aae7093 elementor-section-boxed elementor-section-height-default elementor-section-height-default\" data-id=\"aae7093\" data-element_type=\"section\">\n\t\t\t\t\t\t<div class=\"elementor-container elementor-column-gap-default\">\n\t\t\t\t\t<div class=\"elementor-column elementor-col-100 elementor-top-column elementor-element elementor-element-8e52cc7\" data-id=\"8e52cc7\" data-element_type=\"column\">\n\t\t\t<div class=\"elementor-widget-wrap elementor-element-populated\">\n\t\t\t\t\t\t\t\t<div class=\"elementor-element elementor-element-c36cac2 elementor-widget elementor-widget-heading\" data-id=\"c36cac2\" data-element_type=\"widget\" data-widget_type=\"heading.default\">\n\t\t\t\t<div class=\"elementor-widget-container\">\n\t\t\t<h3 class=\"elementor-heading-title elementor-size-default\">Proyectos propios<\/h3>\t\t<\/div>\n\t\t\t\t<\/div>\n\t\t\t\t<div class=\"elementor-element elementor-element-8716376 elementor-widget elementor-widget-toggle\" data-id=\"8716376\" data-element_type=\"widget\" data-widget_type=\"toggle.default\">\n\t\t\t\t<div class=\"elementor-widget-container\">\n\t\t\t<style>\/*! elementor - v3.9.2 - 21-12-2022 *\/\n.elementor-toggle{text-align:left}.elementor-toggle .elementor-tab-title{font-weight:700;line-height:1;margin:0;padding:15px;border-bottom:1px solid #d4d4d4;cursor:pointer;outline:none}.elementor-toggle .elementor-tab-title .elementor-toggle-icon{display:inline-block;width:1em}.elementor-toggle .elementor-tab-title .elementor-toggle-icon svg{-webkit-margin-start:-5px;margin-inline-start:-5px;width:1em;height:1em}.elementor-toggle .elementor-tab-title .elementor-toggle-icon.elementor-toggle-icon-right{float:right;text-align:right}.elementor-toggle .elementor-tab-title .elementor-toggle-icon.elementor-toggle-icon-left{float:left;text-align:left}.elementor-toggle .elementor-tab-title .elementor-toggle-icon .elementor-toggle-icon-closed{display:block}.elementor-toggle .elementor-tab-title .elementor-toggle-icon .elementor-toggle-icon-opened{display:none}.elementor-toggle .elementor-tab-title.elementor-active{border-bottom:none}.elementor-toggle .elementor-tab-title.elementor-active .elementor-toggle-icon-closed{display:none}.elementor-toggle .elementor-tab-title.elementor-active .elementor-toggle-icon-opened{display:block}.elementor-toggle .elementor-tab-content{padding:15px;border-bottom:1px solid #d4d4d4;display:none}@media (max-width:767px){.elementor-toggle .elementor-tab-title{padding:12px}.elementor-toggle .elementor-tab-content{padding:12px 10px}}.e-con-inner>.elementor-widget-toggle,.e-con>.elementor-widget-toggle{width:var(--container-widget-width);--flex-grow:var(--container-widget-flex-grow)}<\/style>\t\t<div class=\"elementor-toggle\" role=\"tablist\">\n\t\t\t\t\t\t\t<div class=\"elementor-toggle-item\">\n\t\t\t\t\t<div id=\"elementor-tab-title-1411\" class=\"elementor-tab-title\" data-tab=\"1\" role=\"tab\" aria-controls=\"elementor-tab-content-1411\" aria-expanded=\"false\">\n\t\t\t\t\t\t\t\t\t\t\t\t<span class=\"elementor-toggle-icon elementor-toggle-icon-left\" aria-hidden=\"true\">\n\t\t\t\t\t\t\t\t\t\t\t\t\t\t\t<span class=\"elementor-toggle-icon-closed\"><i class=\"fas fa-caret-right\"><\/i><\/span>\n\t\t\t\t\t\t\t\t<span class=\"elementor-toggle-icon-opened\"><i class=\"elementor-toggle-icon-opened fas fa-caret-up\"><\/i><\/span>\n\t\t\t\t\t\t\t\t\t\t\t\t\t<\/span>\n\t\t\t\t\t\t\t\t\t\t\t\t<a href=\"\" class=\"elementor-toggle-title\" target=\"_blank\" rel=\"noopener\"><a target=\"_blank\" rel=\"noopener\">Programa de formaci\u00f3n en Competencias Digitales<\/a><\/a>\n\t\t\t\t\t<\/div>\n\n\t\t\t\t\t<div id=\"elementor-tab-content-1411\" class=\"elementor-tab-content elementor-clearfix\" data-tab=\"1\" role=\"tabpanel\" aria-labelledby=\"elementor-tab-title-1411\"><ul>\n<li><strong>Acr\u00f3nimo:<\/strong> ForComDig<\/li>\n<li><strong>Responsable del Proyecto:<\/strong> F\u00e1tima Castro Le\u00f3n<\/li>\n<li><strong>Equipo Implicado: <\/strong>Alicia Ver\u00f3nica Garc\u00eda Esp\u00f3sito, Alberto Miguel Rodr\u00edguez Orihuela, Carmen Nuria Arvelo Rosales.<\/li>\n<li><strong>Fecha de Inicio:<\/strong> 1 de Enero de 2022<\/li>\n<li><strong>Fecha de Finalizaci\u00f3n:<\/strong> 31 de Diciembre de 2024<\/li>\n<li><strong>Presupuesto:&nbsp;<\/strong>24.000,00 \u20ac<\/li>\n<li><strong>Resumen: <\/strong>Desarrollo y ejecuci\u00f3n de un programa formativo en competencias digitales para docentes y estudiantes, con el objetivo de mejorar la capacidad y eficiencia en el uso de las nuevas tecnolog\u00edas en el \u00e1mbito educativo.<\/li>\n<li><strong>Enlace:&nbsp;<\/strong><a href=\"https:\/\/www.ull.es\/portal\/forcompdig\/\" target=\"_blank\" target=\"_blank\" rel=\"noopener\">Programa de Formaci\u00f3n en Competencias Digitales (FORCOMPDIG)<\/a><\/li>\n<li><strong>Objetivos del Proyecto: <\/strong><\/li>\n<\/ul>\n<ol>\n<li>Identificar los par\u00e1metros que definen a la competencia digital.<\/li>\n<li>Crear un instrumento&nbsp; para evaluar el nivel de competencia digital del profesorado.<\/li>\n<li>Identificar en qu\u00e9 nivel de competencia digital se sit\u00faa el profesorado.<\/li>\n<li>Analizar las necesidades formativas del profesorado y establecer los niveles de competencia digital.<\/li>\n<li>Dise\u00f1ar modelos formativos personalizados, para adecuar la oferta formativa a las necesidades espec\u00edficas de cada usuario<\/li>\n<li>Implementar los modelos formativos en cada uno de los niveles de competencia digital establecidos.<\/li>\n<li>Evaluar y difundir los resultados del proyecto.<\/li>\n<\/ol><\/div>\n\t\t\t\t<\/div>\n\t\t\t\t\t\t\t\t<\/div>\n\t\t\t\t<\/div>\n\t\t\t\t<\/div>\n\t\t\t\t<div class=\"elementor-element elementor-element-a1a367c elementor-widget elementor-widget-toggle\" data-id=\"a1a367c\" data-element_type=\"widget\" data-widget_type=\"toggle.default\">\n\t\t\t\t<div class=\"elementor-widget-container\">\n\t\t\t\t\t<div class=\"elementor-toggle\" role=\"tablist\">\n\t\t\t\t\t\t\t<div class=\"elementor-toggle-item\">\n\t\t\t\t\t<div id=\"elementor-tab-title-1691\" class=\"elementor-tab-title\" data-tab=\"1\" role=\"tab\" aria-controls=\"elementor-tab-content-1691\" aria-expanded=\"false\">\n\t\t\t\t\t\t\t\t\t\t\t\t<span class=\"elementor-toggle-icon elementor-toggle-icon-left\" aria-hidden=\"true\">\n\t\t\t\t\t\t\t\t\t\t\t\t\t\t\t<span class=\"elementor-toggle-icon-closed\"><i class=\"fas fa-caret-right\"><\/i><\/span>\n\t\t\t\t\t\t\t\t<span class=\"elementor-toggle-icon-opened\"><i class=\"elementor-toggle-icon-opened fas fa-caret-up\"><\/i><\/span>\n\t\t\t\t\t\t\t\t\t\t\t\t\t<\/span>\n\t\t\t\t\t\t\t\t\t\t\t\t<a href=\"\" class=\"elementor-toggle-title\" target=\"_blank\" rel=\"noopener\"><a href=\"https:\/\/sites.google.com\/fg.ull.es\/sapa-unidigital\/inicio?authuser=0\" target=\"_blank\" rel=\"noopener\">Apoyo Personalizado al Aprendizaje<\/a><\/a>\n\t\t\t\t\t<\/div>\n\n\t\t\t\t\t<div id=\"elementor-tab-content-1691\" class=\"elementor-tab-content elementor-clearfix\" data-tab=\"1\" role=\"tabpanel\" aria-labelledby=\"elementor-tab-title-1691\"><ul>\n \t<li><strong>Acr\u00f3nimo:<\/strong> SAPA-ULL<\/li>\n \t<li><strong>Responsable del Proyecto: <\/strong>Pedro \u00c1lvarez P\u00e9rez<\/li>\n \t<li><strong>Equipo Implicado: <\/strong>Sheila Gonz\u00e1lez Delgado.<\/li>\n \t<li><strong>Fecha de Inicio: <\/strong>1 de Enero de 2022<\/li>\n \t<li><strong>Fecha de Finalizaci\u00f3n: <\/strong>31 de Diciembre de 2024<\/li>\n \t<li><strong>Presupuesto<\/strong>: 26.000,00 \u20ac<\/li>\n \t<li><strong>Resumen:<\/strong> Creaci\u00f3n de un sistema de soporte y apoyo personalizado para el aprendizaje de los estudiantes, utilizando herramientas digitales y enfoques pedag\u00f3gicos innovadores.<\/li>\n \t<li><strong>Enlace:<\/strong> <a href=\"https:\/\/sites.google.com\/fg.ull.es\/sapa-unidigital\/inicio?authuser=0\" target=\"_blank\" rel=\"noopener\">Apoyo Personalizado al Aprendizaje<\/a><\/li>\n \t<li><strong>Objetivos del Proyecto:<\/strong><\/li>\n<\/ul>\n<ol>\n \t<li>Analizar la problem\u00e1tica del alumnado universitario en alto riesgo de abandono de los estudios.<\/li>\n \t<li>Identificar factores de riesgo que puedan dificultar la permanencia de los estudiantes en la universidad.<\/li>\n \t<li>Identificar estudiantes universitarios en riesgo de abandono de los estudios.<\/li>\n \t<li>Dise\u00f1ar un sistema digital para el apoyo y atenci\u00f3n personalizada para estudiantes universitarios en riesgo de abandono.<\/li>\n \t<li>Dise\u00f1ar recursos para orientar el proceso de aprendizaje del alumnado en riesgo de abandono.<\/li>\n \t<li>Organizar un programa de Tutor\u00edas Personalizadas de apoyo al aprendizaje.<\/li>\n \t<li>Poner a prueba el sistema para el apoyo y atenci\u00f3n personalizada para estudiantes universitarios en riesgo de abandono.<\/li>\n \t<li>Evaluar y difundir los resultados del proyecto.<\/li>\n<\/ol><\/div>\n\t\t\t\t<\/div>\n\t\t\t\t\t\t\t\t<\/div>\n\t\t\t\t<\/div>\n\t\t\t\t<\/div>\n\t\t\t\t<div class=\"elementor-element elementor-element-f3b9eda elementor-widget elementor-widget-toggle\" data-id=\"f3b9eda\" data-element_type=\"widget\" data-widget_type=\"toggle.default\">\n\t\t\t\t<div class=\"elementor-widget-container\">\n\t\t\t\t\t<div class=\"elementor-toggle\" role=\"tablist\">\n\t\t\t\t\t\t\t<div class=\"elementor-toggle-item\">\n\t\t\t\t\t<div id=\"elementor-tab-title-2551\" class=\"elementor-tab-title\" data-tab=\"1\" role=\"tab\" aria-controls=\"elementor-tab-content-2551\" aria-expanded=\"false\">\n\t\t\t\t\t\t\t\t\t\t\t\t<span class=\"elementor-toggle-icon elementor-toggle-icon-left\" aria-hidden=\"true\">\n\t\t\t\t\t\t\t\t\t\t\t\t\t\t\t<span class=\"elementor-toggle-icon-closed\"><i class=\"fas fa-caret-right\"><\/i><\/span>\n\t\t\t\t\t\t\t\t<span class=\"elementor-toggle-icon-opened\"><i class=\"elementor-toggle-icon-opened fas fa-caret-up\"><\/i><\/span>\n\t\t\t\t\t\t\t\t\t\t\t\t\t<\/span>\n\t\t\t\t\t\t\t\t\t\t\t\t<a href=\"\" class=\"elementor-toggle-title\" target=\"_blank\" rel=\"noopener\"><a href=\"https:\/\/www.ull.es\/servicios\/programa-de-apoyo-y-asesoramiento-pedagogico\/\" target=\"_blank\" rel=\"noopener\">Programa de Apoyo y Asesoramiento Pedag\u00f3gico (PAAP) para la transformaci\u00f3n digital de las ense\u00f1anzas de posgrado<\/a><\/a>\n\t\t\t\t\t<\/div>\n\n\t\t\t\t\t<div id=\"elementor-tab-content-2551\" class=\"elementor-tab-content elementor-clearfix\" data-tab=\"1\" role=\"tabpanel\" aria-labelledby=\"elementor-tab-title-2551\"><ul><li><strong>Acr\u00f3nimo:<\/strong> PAAP-Unidigital<\/li><li><strong>Responsable del Proyecto:<\/strong> Manuel Area Moreira<\/li><li><strong>Equipo Implicado: <\/strong>Daniel Jorge Cabrera Hern\u00e1ndez<\/li><li><strong>Fecha de Inicio:<\/strong> 1 de Enero de 2022<\/li><li><strong>Fecha de Finalizaci\u00f3n:<\/strong> 31 de Diciembre de 2024<\/li><li><strong>Presupuesto: <\/strong>50.000,00 \u20ac<\/li><li><strong>Resumen: <\/strong>Proyecto enfocado en desarrollar acciones para facilitar y orientar al profesorado y equipos acad\u00e9micos de las titulaciones de posgrado de la Universidad de La Laguna en la creaci\u00f3n de Entornos Virtuales y recursos did\u00e1cticos digitales para la docencia, implementaci\u00f3n de modelos de ense\u00f1anza h\u00edbrida y\/o online y asesorar en los procesos de conversi\u00f3n o transformaci\u00f3n de las titulaciones de posgrado. Adem\u00e1s, tambi\u00e9n se espera desarrollar acciones y recursos formativos.<\/li><li><strong>Enlace: <\/strong><a href=\"https:\/\/www.ull.es\/servicios\/programa-de-apoyo-y-asesoramiento-pedagogico\/\" target=\"_blank\" rel=\"noopener\">Programa de Apoyo y Asesoramiento Pedag\u00f3gico (PAAP) para la transformaci\u00f3n digital de las ense\u00f1anzas de posgrado<\/a><\/li><li><strong>Objetivos del proyecto:<\/strong><\/li><\/ul><ol><li>Orientar y asesorar a las comisiones acad\u00e9micas de los posgrados de la ULL para la realizaci\u00f3n de \u201cmodificas\u201d para el redise\u00f1o de las titulaciones presenciales en modalidades semipresenciales y\/o en l\u00ednea.<\/li><li>Asesorar, formar y apoyar al profesorado en la creaci\u00f3n e integraci\u00f3n did\u00e1ctica de materiales o contenidos did\u00e1cticos digitales para los espacios formativos virtuales de sus asignaturas y titulaciones.<\/li><li>Impulsar proyectos de innovaci\u00f3n pedag\u00f3gica que experimenten formas metodol\u00f3gicas basadas en la ense\u00f1anza h\u00edbrida con itinerarios de aprendizaje flexibles por parte de un n\u00famero amplio de docentes de la ULL en distintas titulaciones de posgrado.<\/li><li>Organizar seminarios y talleres de formaci\u00f3n, intercambio y reflexi\u00f3n dirigidos al profesorado sobre las metodolog\u00edas h\u00edbridas y flexibles en la docencia universitaria.<\/li><li>Dise\u00f1o y creaci\u00f3n de una biblioteca o repositorio para la b\u00fasqueda y recuperaci\u00f3n de materiales OER (Open Educational Resources) generados por el profesorado de la ULL.<\/li><\/ol><\/div>\n\t\t\t\t<\/div>\n\t\t\t\t\t\t\t\t<\/div>\n\t\t\t\t<\/div>\n\t\t\t\t<\/div>\n\t\t\t\t<div class=\"elementor-element elementor-element-5475fa0 elementor-widget elementor-widget-toggle\" data-id=\"5475fa0\" data-element_type=\"widget\" data-widget_type=\"toggle.default\">\n\t\t\t\t<div class=\"elementor-widget-container\">\n\t\t\t\t\t<div class=\"elementor-toggle\" role=\"tablist\">\n\t\t\t\t\t\t\t<div class=\"elementor-toggle-item\">\n\t\t\t\t\t<div id=\"elementor-tab-title-8851\" class=\"elementor-tab-title\" data-tab=\"1\" role=\"tab\" aria-controls=\"elementor-tab-content-8851\" aria-expanded=\"false\">\n\t\t\t\t\t\t\t\t\t\t\t\t<span class=\"elementor-toggle-icon elementor-toggle-icon-left\" aria-hidden=\"true\">\n\t\t\t\t\t\t\t\t\t\t\t\t\t\t\t<span class=\"elementor-toggle-icon-closed\"><i class=\"fas fa-caret-right\"><\/i><\/span>\n\t\t\t\t\t\t\t\t<span class=\"elementor-toggle-icon-opened\"><i class=\"elementor-toggle-icon-opened fas fa-caret-up\"><\/i><\/span>\n\t\t\t\t\t\t\t\t\t\t\t\t\t<\/span>\n\t\t\t\t\t\t\t\t\t\t\t\t<a href=\"\" class=\"elementor-toggle-title\" target=\"_blank\" rel=\"noopener\"><a href=\"https:\/\/www.ull.es\/docapp\/\" target=\"_blank\" rel=\"noopener\">Cat\u00e1logo oficial de aplicaciones para la docencia universitaria<\/a><\/a>\n\t\t\t\t\t<\/div>\n\n\t\t\t\t\t<div id=\"elementor-tab-content-8851\" class=\"elementor-tab-content elementor-clearfix\" data-tab=\"1\" role=\"tabpanel\" aria-labelledby=\"elementor-tab-title-8851\"><ul><li><strong>Acr\u00f3nimo: <\/strong>DocApp<\/li><li><strong>Responsable del Proyecto: <\/strong>David L\u00f3pez Aguilar (hasta 30\/11\/2023) y Mar\u00eda Bel\u00e9n San Nicol\u00e1s Santos (a partir del 1\/12\/2023)<\/li><li><strong>Equipo Implicado:<\/strong> Anabel Bethencourt Aguilar<\/li><li><strong>Fecha de Inicio: <\/strong>1 de Enero de 2022<\/li><li><strong>Fecha de Finalizaci\u00f3n:<\/strong> 31 de Diciembre de 2024<\/li><li><strong>Presupuesto:\u00a0<\/strong>50.000,00 \u20ac<\/li><li><strong>Resumen:<\/strong> El objetivo principal de esta propuesta es construir un cat\u00e1logo oficial de aplicaciones para la docencia universitaria. En concreto, se trata de elaborar un repositorio que incluya herramientas que sean de inter\u00e9s para fomentar un proceso de ense\u00f1anza y aprendizaje focalizado en el modelo de ense\u00f1anza centrado en el aprendizaje (MECA). Para ello, se contar\u00e1 con el apoyo de la Unidad para la Docencia Virtual y de la Unidad de Audiovisuales de la Universidad de La Laguna (ULL) cuyo cometido ser\u00e1 el de aportar herramientas TIC para la docencia universitaria que ser\u00e1n incorporadas en el cat\u00e1logo indicado. Estas herramientas ser\u00e1n alojadas en un portal web que adem\u00e1s incluir\u00e1 recursos de apoyo que servir\u00e1n para que el profesorado universitario las incorpore en su ejercicio docente.<\/li><li><strong>Enlace:<\/strong><a href=\"https:\/\/www.ull.es\/docapp\/\" target=\"_blank\" rel=\"noopener\">Cat\u00e1logo oficial de aplicaciones para la docencia universitaria<\/a><\/li><li><strong>Objetivos del Proyecto:<\/strong><\/li><\/ul><ol><li>Identificar herramientas y aplicaciones de inter\u00e9s para la docencia universitaria para las distintas ramas y \u00e1mbitos de conocimiento (artes y humanidades, ciencias, ciencias de la salud, ciencias sociales y jur\u00eddicas e ingenier\u00eda y arquitectura).<\/li><li>Incorporar en la docencia herramientas y aplicaciones de inter\u00e9s para la docencia universitaria<\/li><li>Integrar en la docencia herramientas y aplicaciones de inter\u00e9s para la docencia universitaria<\/li><li>Integrar en el campus virtual institucional herramientas y aplicaciones de inter\u00e9s para la docencia universitaria.<\/li><\/ol><\/div>\n\t\t\t\t<\/div>\n\t\t\t\t\t\t\t\t<\/div>\n\t\t\t\t<\/div>\n\t\t\t\t<\/div>\n\t\t\t\t\t<\/div>\n\t\t<\/div>\n\t\t\t\t\t\t\t<\/div>\n\t\t<\/section>\n\t\t\t\t\t\t\t<\/div>\n\t\t","protected":false},"excerpt":{"rendered":"<p>Proyectos propios Programa de formaci\u00f3n en Competencias Digitales Acr\u00f3nimo: ForComDig Responsable del Proyecto: F\u00e1tima Castro Le\u00f3n Equipo Implicado: Alicia Ver\u00f3nica Garc\u00eda Esp\u00f3sito, Alberto Miguel Rodr\u00edguez Orihuela, Carmen Nuria Arvelo Rosales. Fecha de Inicio: 1 de Enero de 2022 Fecha de Finalizaci\u00f3n: 31 de Diciembre de 2024 Presupuesto:&nbsp;24.000,00 \u20ac Resumen: Desarrollo y ejecuci\u00f3n de un programa&#8230;<\/p>\n","protected":false},"author":102,"featured_media":0,"parent":0,"menu_order":0,"comment_status":"closed","ping_status":"closed","template":"elementor_header_footer","meta":{"inline_featured_image":false,"footnotes":""},"acf":[],"yoast_head":"<!-- This site is optimized with the Yoast SEO plugin v21.3 - https:\/\/yoast.com\/wordpress\/plugins\/seo\/ -->\n<title>Proyectos Propios - Plan Unidigital - ULL<\/title>\n<meta name=\"description\" content=\"Desde el Plan Unidigital de la Universidad de La Laguna contamos con 4 proyectos propios que se desarrollan dentro del marco del Plan Unidigital\" \/>\n<meta name=\"robots\" content=\"index, follow, max-snippet:-1, max-image-preview:large, max-video-preview:-1\" \/>\n<link rel=\"canonical\" href=\"https:\/\/www.ull.es\/portal\/unidigital\/proyectos-propios\/\" \/>\n<meta property=\"og:locale\" content=\"es_ES\" \/>\n<meta property=\"og:type\" content=\"article\" \/>\n<meta property=\"og:title\" content=\"Proyectos Propios - Plan Unidigital - ULL\" \/>\n<meta property=\"og:description\" content=\"Desde el Plan Unidigital de la Universidad de La Laguna contamos con 4 proyectos propios que se desarrollan dentro del marco del Plan Unidigital\" \/>\n<meta property=\"og:url\" content=\"https:\/\/www.ull.es\/portal\/unidigital\/proyectos-propios\/\" \/>\n<meta property=\"og:site_name\" content=\"Plan Unidigital\" \/>\n<meta property=\"article:modified_time\" content=\"2024-10-30T08:28:36+00:00\" \/>\n<meta name=\"twitter:card\" content=\"summary_large_image\" \/>\n<meta name=\"twitter:label1\" content=\"Tiempo de lectura\" \/>\n\t<meta name=\"twitter:data1\" content=\"5 minutos\" \/>\n<script type=\"application\/ld+json\" class=\"yoast-schema-graph\">{\"@context\":\"https:\/\/schema.org\",\"@graph\":[{\"@type\":\"WebPage\",\"@id\":\"https:\/\/www.ull.es\/portal\/unidigital\/proyectos-propios\/\",\"url\":\"https:\/\/www.ull.es\/portal\/unidigital\/proyectos-propios\/\",\"name\":\"Proyectos Propios - Plan Unidigital - ULL\",\"isPartOf\":{\"@id\":\"https:\/\/www.ull.es\/portal\/unidigital\/#website\"},\"datePublished\":\"2024-09-20T06:22:47+00:00\",\"dateModified\":\"2024-10-30T08:28:36+00:00\",\"description\":\"Desde el Plan Unidigital de la Universidad de La Laguna contamos con 4 proyectos propios que se desarrollan dentro del marco del Plan Unidigital\",\"breadcrumb\":{\"@id\":\"https:\/\/www.ull.es\/portal\/unidigital\/proyectos-propios\/#breadcrumb\"},\"inLanguage\":\"es\",\"potentialAction\":[{\"@type\":\"ReadAction\",\"target\":[\"https:\/\/www.ull.es\/portal\/unidigital\/proyectos-propios\/\"]}]},{\"@type\":\"BreadcrumbList\",\"@id\":\"https:\/\/www.ull.es\/portal\/unidigital\/proyectos-propios\/#breadcrumb\",\"itemListElement\":[{\"@type\":\"ListItem\",\"position\":1,\"name\":\"Portada\",\"item\":\"https:\/\/www.ull.es\/portal\/unidigital\/\"},{\"@type\":\"ListItem\",\"position\":2,\"name\":\"Proyectos Propios\"}]},{\"@type\":\"WebSite\",\"@id\":\"https:\/\/www.ull.es\/portal\/unidigital\/#website\",\"url\":\"https:\/\/www.ull.es\/portal\/unidigital\/\",\"name\":\"Plan Unidigital\",\"description\":\"\",\"potentialAction\":[{\"@type\":\"SearchAction\",\"target\":{\"@type\":\"EntryPoint\",\"urlTemplate\":\"https:\/\/www.ull.es\/portal\/unidigital\/?s={search_term_string}\"},\"query-input\":\"required name=search_term_string\"}],\"inLanguage\":\"es\"}]}<\/script>\n<!-- \/ Yoast SEO plugin. -->","yoast_head_json":{"title":"Proyectos Propios - Plan Unidigital - ULL","description":"Desde el Plan Unidigital de la Universidad de La Laguna contamos con 4 proyectos propios que se desarrollan dentro del marco del Plan Unidigital","robots":{"index":"index","follow":"follow","max-snippet":"max-snippet:-1","max-image-preview":"max-image-preview:large","max-video-preview":"max-video-preview:-1"},"canonical":"https:\/\/www.ull.es\/portal\/unidigital\/proyectos-propios\/","og_locale":"es_ES","og_type":"article","og_title":"Proyectos Propios - Plan Unidigital - ULL","og_description":"Desde el Plan Unidigital de la Universidad de La Laguna contamos con 4 proyectos propios que se desarrollan dentro del marco del Plan Unidigital","og_url":"https:\/\/www.ull.es\/portal\/unidigital\/proyectos-propios\/","og_site_name":"Plan Unidigital","article_modified_time":"2024-10-30T08:28:36+00:00","twitter_card":"summary_large_image","twitter_misc":{"Tiempo de lectura":"5 minutos"},"schema":{"@context":"https:\/\/schema.org","@graph":[{"@type":"WebPage","@id":"https:\/\/www.ull.es\/portal\/unidigital\/proyectos-propios\/","url":"https:\/\/www.ull.es\/portal\/unidigital\/proyectos-propios\/","name":"Proyectos Propios - Plan Unidigital - ULL","isPartOf":{"@id":"https:\/\/www.ull.es\/portal\/unidigital\/#website"},"datePublished":"2024-09-20T06:22:47+00:00","dateModified":"2024-10-30T08:28:36+00:00","description":"Desde el Plan Unidigital de la Universidad de La Laguna contamos con 4 proyectos propios que se desarrollan dentro del marco del Plan Unidigital","breadcrumb":{"@id":"https:\/\/www.ull.es\/portal\/unidigital\/proyectos-propios\/#breadcrumb"},"inLanguage":"es","potentialAction":[{"@type":"ReadAction","target":["https:\/\/www.ull.es\/portal\/unidigital\/proyectos-propios\/"]}]},{"@type":"BreadcrumbList","@id":"https:\/\/www.ull.es\/portal\/unidigital\/proyectos-propios\/#breadcrumb","itemListElement":[{"@type":"ListItem","position":1,"name":"Portada","item":"https:\/\/www.ull.es\/portal\/unidigital\/"},{"@type":"ListItem","position":2,"name":"Proyectos Propios"}]},{"@type":"WebSite","@id":"https:\/\/www.ull.es\/portal\/unidigital\/#website","url":"https:\/\/www.ull.es\/portal\/unidigital\/","name":"Plan Unidigital","description":"","potentialAction":[{"@type":"SearchAction","target":{"@type":"EntryPoint","urlTemplate":"https:\/\/www.ull.es\/portal\/unidigital\/?s={search_term_string}"},"query-input":"required name=search_term_string"}],"inLanguage":"es"}]}},"_links":{"self":[{"href":"https:\/\/www.ull.es\/portal\/unidigital\/wp-json\/wp\/v2\/pages\/841"}],"collection":[{"href":"https:\/\/www.ull.es\/portal\/unidigital\/wp-json\/wp\/v2\/pages"}],"about":[{"href":"https:\/\/www.ull.es\/portal\/unidigital\/wp-json\/wp\/v2\/types\/page"}],"author":[{"embeddable":true,"href":"https:\/\/www.ull.es\/portal\/unidigital\/wp-json\/wp\/v2\/users\/102"}],"replies":[{"embeddable":true,"href":"https:\/\/www.ull.es\/portal\/unidigital\/wp-json\/wp\/v2\/comments?post=841"}],"version-history":[{"count":27,"href":"https:\/\/www.ull.es\/portal\/unidigital\/wp-json\/wp\/v2\/pages\/841\/revisions"}],"predecessor-version":[{"id":966,"href":"https:\/\/www.ull.es\/portal\/unidigital\/wp-json\/wp\/v2\/pages\/841\/revisions\/966"}],"wp:attachment":[{"href":"https:\/\/www.ull.es\/portal\/unidigital\/wp-json\/wp\/v2\/media?parent=841"}],"curies":[{"name":"wp","href":"https:\/\/api.w.org\/{rel}","templated":true}]}}