{"id":2089,"date":"2024-01-26T14:01:22","date_gmt":"2024-01-26T14:01:22","guid":{"rendered":"https:\/\/www.ull.es\/portal\/universidaddemayores\/?page_id=2089"},"modified":"2024-01-29T16:43:45","modified_gmt":"2024-01-29T16:43:45","slug":"funciones-y-objetivos","status":"publish","type":"page","link":"https:\/\/www.ull.es\/portal\/universidaddemayores\/funciones-y-objetivos\/","title":{"rendered":"Funciones y objetivos"},"content":{"rendered":"<p>[vc_row][vc_column css=\u00bb.vc_custom_1706546513982{margin-bottom: 50px !important;padding-top: 50px !important;padding-bottom: 50px !important;background-image: url(https:\/\/www.ull.es\/portal\/universidaddemayores\/wp-content\/uploads\/sites\/9\/2024\/01\/fondo-transparente-02.png?id=2065) !important;background-position: center !important;background-repeat: no-repeat !important;background-size: cover !important;}\u00bb][vc_custom_heading text=\u00bbFunciones y objetivos\u00bb font_container=\u00bbtag:h2|font_size:40|text_align:center|color:%232a7886&#8243; use_theme_fonts=\u00bbyes\u00bb][\/vc_column][\/vc_row][vc_row css=\u00bb.vc_custom_1706536860968{padding-bottom: 30px !important;background-color: #2a7886 !important;}\u00bb][vc_column][vc_column_text]<\/p>\n<h2 style=\"text-align: center;\"><span style=\"color: #ffffff;\">Funciones<\/span><\/h2>\n<p>[\/vc_column_text][\/vc_column][\/vc_row][vc_row][vc_column width=\u00bb1\/2&#8243;][vc_column_text]La direcci\u00f3n acad\u00e9mica de la EUPAM se encarga de gestionar los diferentes programas que la Universidad de Mayores EUPAM tiene en estos momentos y los que pueda haber de cara al futuro.<\/p>\n<p>En 1999 la Universidad de las La Laguna puso en marcha la Universidad\u00a0 para Mayores, la EUPAM, con el objetivo de llevar a cabo un proyecto educativo para este sector de poblaci\u00f3n, enmarcado en el nuevo paradigma del aprendizaje a lo largo de toda la vida. Un proyecto que no s\u00f3lo mejorara los conocimientos de las personas mayores, sino tambi\u00e9n su calidad de vida a todos los niveles. Desde ese momento y hasta la actualidad, la EUPAM se ha consolidado en proyectos, en n\u00famero de estudiantes y en proyecci\u00f3n social.[\/vc_column_text][\/vc_column][vc_column width=\u00bb1\/2&#8243;][vc_single_image image=\u00bb2034&#8243; img_size=\u00bb400&#215;400&#8243; alignment=\u00bbcenter\u00bb][\/vc_column][\/vc_row][vc_row][vc_column width=\u00bb1\/2&#8243;][vc_single_image image=\u00bb2111&#8243; img_size=\u00bbfull\u00bb alignment=\u00bbcenter\u00bb][\/vc_column][vc_column width=\u00bb1\/2&#8243; css=\u00bb.vc_custom_1706536776664{padding-top: 25px !important;padding-bottom: 25px !important;padding-left: 25px !important;}\u00bb][vc_column_text]<\/p>\n<p class=\"normal\" style=\"tab-stops: 110.7pt;\">La EUPAM est\u00e1 dirigida a personas adultas mayores de 45 a\u00f1os o personas prejubiladas con estudios primarios que est\u00e9n interesadas en realizar algunos de los programas o actividades que se llevan a cabo en la Universidad, en las sedes universitarias, en los centros universitarios municipales y en otros sitios que puedan acordarse.<\/p>\n<p class=\"normal\" style=\"tab-stops: 110.7pt;\">La EUPAM es un proyecto din\u00e1mico y vivo que, adem\u00e1s de los t\u00edtulos propios en forma de diplomas presentes en Tenerife y las actividades complementarias en diferentes municipios de las Islas, dispone de un espacio desde el que preparamos nuevos programas y actividades adapt\u00e1ndonos a las demandas de nuestro alumnado ya las l\u00edneas estrat\u00e9gicas de la formaci\u00f3n permanente dirigida a adultos mayores desde la Universidad.<\/p>\n<p>[\/vc_column_text][\/vc_column][\/vc_row][vc_row][vc_column][vc_empty_space height=\u00bb50&#8243;][\/vc_column][\/vc_row][vc_row css=\u00bb.vc_custom_1706537074224{padding-bottom: 30px !important;}\u00bb][vc_column css=\u00bb.vc_custom_1706537013025{padding-bottom: 30px !important;background-color: #79bac1 !important;}\u00bb][vc_row_inner][vc_column_inner][vc_column_text]<\/p>\n<h2 style=\"text-align: center;\"><span style=\"color: #ffffff;\">Objetivos<\/span><\/h2>\n<p>[\/vc_column_text][\/vc_column_inner][\/vc_row_inner][\/vc_column][\/vc_row][vc_row][vc_column width=\u00bb2\/3&#8243; css=\u00bb.vc_custom_1706537179625{padding-top: 50px !important;padding-right: 50px !important;padding-bottom: 50px !important;padding-left: 50px !important;}\u00bb][vc_column_text]<\/p>\n<ul>\n<li class=\"normal\">Divulgar, ampliar y actualizar el conocimiento de la cultura contempor\u00e1nea entre las personas mayores.<\/li>\n<li class=\"normal\">Proporcionar al alumnado una formaci\u00f3n universitaria que facilite el conocimiento, los procedimientos y la metodolog\u00eda necesarios para el correcto desarrollo de un aprendizaje aut\u00f3nomo.<\/li>\n<li class=\"normal\">Promover un mejor conocimiento del entorno para obtener un mayor provecho de las ofertas de ocios (culturales, f\u00edsicos, intelectuales) que ofrece la sociedad.<\/li>\n<li class=\"normal\">Favorecer el desarrollo personal en capacidades y valores de las personas mayores desde la perspectiva del aprendizaje a lo largo de la vida.<\/li>\n<li class=\"normal\">Mejorar la calidad de vida de las personas mayores a trav\u00e9s del conocimiento y de las relaciones que se establecen en el \u00e1mbito universitario.<\/li>\n<\/ul>\n<p>[\/vc_column_text][\/vc_column][vc_column width=\u00bb1\/3&#8243;][vc_single_image image=\u00bb2105&#8243; img_size=\u00bb400&#215;400&#8243;][\/vc_column][\/vc_row][vc_row][vc_column][vc_empty_space height=\u00bb50&#8243;][\/vc_column][\/vc_row]<\/p>\n","protected":false},"excerpt":{"rendered":"<p>[vc_row][vc_column css=\u00bb.vc_custom_1706546513982{margin-bottom: 50px !important;padding-top: 50px !important;padding-bottom: 50px !important;background-image: url(https:\/\/www.ull.es\/portal\/universidaddemayores\/wp-content\/uploads\/sites\/9\/2024\/01\/fondo-transparente-02.png?id=2065) !important;background-position: center !important;background-repeat: no-repeat !important;background-size: cover !important;}\u00bb][vc_custom_heading text=\u00bbFunciones y objetivos\u00bb font_container=\u00bbtag:h2|font_size:40|text_align:center|color:%232a7886&#8243;&#8230;<\/p>\n","protected":false},"author":97,"featured_media":0,"parent":0,"menu_order":0,"comment_status":"closed","ping_status":"closed","template":"templates\/template-no-title.php","meta":{"inline_featured_image":false,"footnotes":""},"acf":[],"yoast_head":"<!-- This site is optimized with the Yoast SEO plugin v21.3 - https:\/\/yoast.com\/wordpress\/plugins\/seo\/ -->\n<title>Funciones y objetivos - Universidad de Mayores<\/title>\n<meta name=\"robots\" content=\"index, follow, max-snippet:-1, max-image-preview:large, max-video-preview:-1\" \/>\n<link rel=\"canonical\" href=\"https:\/\/www.ull.es\/portal\/universidaddemayores\/funciones-y-objetivos\/\" \/>\n<meta property=\"og:locale\" content=\"es_ES\" \/>\n<meta property=\"og:type\" content=\"article\" \/>\n<meta property=\"og:title\" content=\"Funciones y objetivos - Universidad de Mayores\" \/>\n<meta property=\"og:description\" content=\"[vc_row][vc_column css=\u00bb.vc_custom_1706546513982{margin-bottom: 50px !important;padding-top: 50px !important;padding-bottom: 50px !important;background-image: url(https:\/\/www.ull.es\/portal\/universidaddemayores\/wp-content\/uploads\/sites\/9\/2024\/01\/fondo-transparente-02.png?id=2065) !important;background-position: center !important;background-repeat: no-repeat !important;background-size: cover !important;}\u00bb][vc_custom_heading text=\u00bbFunciones y objetivos\u00bb font_container=\u00bbtag:h2|font_size:40|text_align:center|color:%232a7886&#8243;...\" \/>\n<meta property=\"og:url\" content=\"https:\/\/www.ull.es\/portal\/universidaddemayores\/funciones-y-objetivos\/\" \/>\n<meta property=\"og:site_name\" content=\"Universidad de Mayores\" \/>\n<meta property=\"article:modified_time\" content=\"2024-01-29T16:43:45+00:00\" \/>\n<meta name=\"twitter:card\" content=\"summary_large_image\" \/>\n<meta name=\"twitter:label1\" content=\"Tiempo de lectura\" \/>\n\t<meta name=\"twitter:data1\" content=\"1 minuto\" \/>\n<script type=\"application\/ld+json\" class=\"yoast-schema-graph\">{\"@context\":\"https:\/\/schema.org\",\"@graph\":[{\"@type\":\"WebPage\",\"@id\":\"https:\/\/www.ull.es\/portal\/universidaddemayores\/funciones-y-objetivos\/\",\"url\":\"https:\/\/www.ull.es\/portal\/universidaddemayores\/funciones-y-objetivos\/\",\"name\":\"Funciones y objetivos - Universidad de Mayores\",\"isPartOf\":{\"@id\":\"https:\/\/www.ull.es\/portal\/universidaddemayores\/#website\"},\"datePublished\":\"2024-01-26T14:01:22+00:00\",\"dateModified\":\"2024-01-29T16:43:45+00:00\",\"breadcrumb\":{\"@id\":\"https:\/\/www.ull.es\/portal\/universidaddemayores\/funciones-y-objetivos\/#breadcrumb\"},\"inLanguage\":\"es\",\"potentialAction\":[{\"@type\":\"ReadAction\",\"target\":[\"https:\/\/www.ull.es\/portal\/universidaddemayores\/funciones-y-objetivos\/\"]}]},{\"@type\":\"BreadcrumbList\",\"@id\":\"https:\/\/www.ull.es\/portal\/universidaddemayores\/funciones-y-objetivos\/#breadcrumb\",\"itemListElement\":[{\"@type\":\"ListItem\",\"position\":1,\"name\":\"Portada\",\"item\":\"https:\/\/www.ull.es\/portal\/universidaddemayores\/\"},{\"@type\":\"ListItem\",\"position\":2,\"name\":\"Funciones y objetivos\"}]},{\"@type\":\"WebSite\",\"@id\":\"https:\/\/www.ull.es\/portal\/universidaddemayores\/#website\",\"url\":\"https:\/\/www.ull.es\/portal\/universidaddemayores\/\",\"name\":\"Universidad de Mayores\",\"description\":\"\",\"potentialAction\":[{\"@type\":\"SearchAction\",\"target\":{\"@type\":\"EntryPoint\",\"urlTemplate\":\"https:\/\/www.ull.es\/portal\/universidaddemayores\/?s={search_term_string}\"},\"query-input\":\"required name=search_term_string\"}],\"inLanguage\":\"es\"}]}<\/script>\n<!-- \/ Yoast SEO plugin. -->","yoast_head_json":{"title":"Funciones y objetivos - Universidad de Mayores","robots":{"index":"index","follow":"follow","max-snippet":"max-snippet:-1","max-image-preview":"max-image-preview:large","max-video-preview":"max-video-preview:-1"},"canonical":"https:\/\/www.ull.es\/portal\/universidaddemayores\/funciones-y-objetivos\/","og_locale":"es_ES","og_type":"article","og_title":"Funciones y objetivos - Universidad de Mayores","og_description":"[vc_row][vc_column css=\u00bb.vc_custom_1706546513982{margin-bottom: 50px !important;padding-top: 50px !important;padding-bottom: 50px !important;background-image: url(https:\/\/www.ull.es\/portal\/universidaddemayores\/wp-content\/uploads\/sites\/9\/2024\/01\/fondo-transparente-02.png?id=2065) !important;background-position: center !important;background-repeat: no-repeat !important;background-size: cover !important;}\u00bb][vc_custom_heading text=\u00bbFunciones y objetivos\u00bb font_container=\u00bbtag:h2|font_size:40|text_align:center|color:%232a7886&#8243;...","og_url":"https:\/\/www.ull.es\/portal\/universidaddemayores\/funciones-y-objetivos\/","og_site_name":"Universidad de Mayores","article_modified_time":"2024-01-29T16:43:45+00:00","twitter_card":"summary_large_image","twitter_misc":{"Tiempo de lectura":"1 minuto"},"schema":{"@context":"https:\/\/schema.org","@graph":[{"@type":"WebPage","@id":"https:\/\/www.ull.es\/portal\/universidaddemayores\/funciones-y-objetivos\/","url":"https:\/\/www.ull.es\/portal\/universidaddemayores\/funciones-y-objetivos\/","name":"Funciones y objetivos - Universidad de Mayores","isPartOf":{"@id":"https:\/\/www.ull.es\/portal\/universidaddemayores\/#website"},"datePublished":"2024-01-26T14:01:22+00:00","dateModified":"2024-01-29T16:43:45+00:00","breadcrumb":{"@id":"https:\/\/www.ull.es\/portal\/universidaddemayores\/funciones-y-objetivos\/#breadcrumb"},"inLanguage":"es","potentialAction":[{"@type":"ReadAction","target":["https:\/\/www.ull.es\/portal\/universidaddemayores\/funciones-y-objetivos\/"]}]},{"@type":"BreadcrumbList","@id":"https:\/\/www.ull.es\/portal\/universidaddemayores\/funciones-y-objetivos\/#breadcrumb","itemListElement":[{"@type":"ListItem","position":1,"name":"Portada","item":"https:\/\/www.ull.es\/portal\/universidaddemayores\/"},{"@type":"ListItem","position":2,"name":"Funciones y objetivos"}]},{"@type":"WebSite","@id":"https:\/\/www.ull.es\/portal\/universidaddemayores\/#website","url":"https:\/\/www.ull.es\/portal\/universidaddemayores\/","name":"Universidad de Mayores","description":"","potentialAction":[{"@type":"SearchAction","target":{"@type":"EntryPoint","urlTemplate":"https:\/\/www.ull.es\/portal\/universidaddemayores\/?s={search_term_string}"},"query-input":"required name=search_term_string"}],"inLanguage":"es"}]}},"_links":{"self":[{"href":"https:\/\/www.ull.es\/portal\/universidaddemayores\/wp-json\/wp\/v2\/pages\/2089"}],"collection":[{"href":"https:\/\/www.ull.es\/portal\/universidaddemayores\/wp-json\/wp\/v2\/pages"}],"about":[{"href":"https:\/\/www.ull.es\/portal\/universidaddemayores\/wp-json\/wp\/v2\/types\/page"}],"author":[{"embeddable":true,"href":"https:\/\/www.ull.es\/portal\/universidaddemayores\/wp-json\/wp\/v2\/users\/97"}],"replies":[{"embeddable":true,"href":"https:\/\/www.ull.es\/portal\/universidaddemayores\/wp-json\/wp\/v2\/comments?post=2089"}],"version-history":[{"count":8,"href":"https:\/\/www.ull.es\/portal\/universidaddemayores\/wp-json\/wp\/v2\/pages\/2089\/revisions"}],"predecessor-version":[{"id":2142,"href":"https:\/\/www.ull.es\/portal\/universidaddemayores\/wp-json\/wp\/v2\/pages\/2089\/revisions\/2142"}],"wp:attachment":[{"href":"https:\/\/www.ull.es\/portal\/universidaddemayores\/wp-json\/wp\/v2\/media?parent=2089"}],"curies":[{"name":"wp","href":"https:\/\/api.w.org\/{rel}","templated":true}]}}