{"id":2091,"date":"2024-01-26T14:01:33","date_gmt":"2024-01-26T14:01:33","guid":{"rendered":"https:\/\/www.ull.es\/portal\/universidaddemayores\/?page_id=2091"},"modified":"2024-09-06T09:25:11","modified_gmt":"2024-09-06T09:25:11","slug":"contacto","status":"publish","type":"page","link":"https:\/\/www.ull.es\/portal\/universidaddemayores\/contacto\/","title":{"rendered":"Contacto"},"content":{"rendered":"<p>[vc_row][vc_column css=\u00bb.vc_custom_1706546562599{padding-top: 50px !important;padding-bottom: 50px !important;background-image: url(https:\/\/www.ull.es\/portal\/universidaddemayores\/wp-content\/uploads\/sites\/9\/2024\/01\/fondo-transparente-02.png?id=2065) !important;background-position: center !important;background-repeat: no-repeat !important;background-size: cover !important;}\u00bb][vc_custom_heading text=\u00bbContacto\u00bb font_container=\u00bbtag:h2|font_size:40|text_align:center|color:%23512b58&#8243; use_theme_fonts=\u00bbyes\u00bb][\/vc_column][\/vc_row][vc_row][vc_column css=\u00bb.vc_custom_1706699531957{margin-top: 30px !important;background-color: #79bac1 !important;}\u00bb][vc_column_text css=\u00bb.vc_custom_1706542538670{padding-bottom: 30px !important;}\u00bb]<\/p>\n<h2 style=\"text-align: center;\"><span style=\"color: #ffffff;\">Datos de contacto y cita previa<\/span><\/h2>\n<p>[\/vc_column_text][\/vc_column][\/vc_row][vc_row][vc_column width=\u00bb1\/2&#8243; css=\u00bb.vc_custom_1706699377332{margin-top: 25px !important;margin-bottom: 25px !important;padding-top: 50px !important;padding-right: 50px !important;padding-bottom: 50px !important;padding-left: 50px !important;background-color: #f0e8e5 !important;}\u00bb][vc_column_text]<\/p>\n<h3><span style=\"color: #79bac1;\">Ubicaci\u00f3n y contacto<\/span><\/h3>\n<ul>\n<li><a href=\"mailto:umayores@ull.es\" target=\"_blank\" rel=\"noopener\">umayores@ull.es<\/a><\/li>\n<li>922 318 980<\/li>\n<\/ul>\n<h3><span style=\"color: #79bac1;\">Cita previa en:<\/span><\/h3>\n<ul>\n<li>Vicerrectorado de Cultura y Extensi\u00f3n<\/li>\n<li>Calle Viana 50<\/li>\n<li>San Crist\u00f3bal de La Laguna<\/li>\n<\/ul>\n<p>[\/vc_column_text][\/vc_column][vc_column width=\u00bb1\/2&#8243;][vc_single_image image=\u00bb2123&#8243; img_size=\u00bb400&#215;400&#8243; alignment=\u00bbcenter\u00bb][\/vc_column][\/vc_row][vc_row][vc_column css=\u00bb.vc_custom_1706699636332{margin-top: 30px !important;margin-bottom: 30px !important;background-color: #512b58 !important;}\u00bb][vc_column_text css=\u00bb.vc_custom_1706699621869{padding-bottom: 30px !important;}\u00bb]<\/p>\n<h2 style=\"text-align: center;\"><span style=\"color: #ffffff;\">Ubicaci\u00f3n y horarios\u00a0<\/span><\/h2>\n<p>[\/vc_column_text][\/vc_column][\/vc_row][vc_row][vc_column width=\u00bb1\/2&#8243;][vc_gmaps link=\u00bb#E-8_JTNDaWZyYW1lJTIwc3JjJTNEJTIyaHR0cHMlM0ElMkYlMkZ3d3cuZ29vZ2xlLmNvbSUyRm1hcHMlMkZlbWJlZCUzRnBiJTNEJTIxMW0xOCUyMTFtMTIlMjExbTMlMjExZDM1MDYuNjE2MTAzMjk0MzExJTIxMmQtMTYuMzE1Njc5Njg1NjQ3NDU2JTIxM2QyOC40OTExMDU3OTcyMjAxNTQlMjEybTMlMjExZjAlMjEyZjAlMjEzZjAlMjEzbTIlMjExaTEwMjQlMjEyaTc2OCUyMTRmMTMuMSUyMTNtMyUyMTFtMiUyMTFzMHhjNDFjZGM3YTI1MDcyZDclMjUzQTB4ZGNmODM2ZjJkMTAzYmY3JTIxMnNDYWxsZSUyQlZpYW5hJTI1MkMlMkI1MiUyNTJDJTJCMzgyMDElMkJTYW4lMkJDcmlzdCUyNUMzJTI1QjNiYWwlMkJkZSUyQkxhJTJCTGFndW5hJTI1MkMlMkJTYW50YSUyQkNydXolMkJkZSUyQlRlbmVyaWZlJTIxNWUwJTIxM20yJTIxMXNlcyUyMTJzZXMlMjE0djE0ODc5MzY1ODIwODIlMjIlMjB3aWR0aCUzRCUyMjQwMCUyMiUyMGhlaWdodCUzRCUyMjMwMCUyMiUyMGZyYW1lYm9yZGVyJTNEJTIyMCUyMiUyMHN0eWxlJTNEJTIyYm9yZGVyJTNBMCUyMiUyMGFsbG93ZnVsbHNjcmVlbiUzRSUzQyUyRmlmcmFtZSUzRQ==\u00bb][\/vc_column][vc_column width=\u00bb1\/2&#8243; css=\u00bb.vc_custom_1706699391924{padding-top: 50px !important;padding-right: 50px !important;padding-bottom: 50px !important;padding-left: 50px !important;background-color: #f0e8e5 !important;}\u00bb][vc_column_text]<\/p>\n<h3><span style=\"color: #512b58;\"><strong>D\u00edas y horarios de atenci\u00f3n al p\u00fablico<\/strong><\/span><\/h3>\n<ul>\n<li>Despacho de la directora acad\u00e9mica: Almudena Gonz\u00e1lez Brito.\n<ul>\n<li>Campus de Guajara, en la tercera planta del edificio de la Facultad de Geograf\u00eda e Historia de la Universidad de La Laguna.<\/li>\n<\/ul>\n<\/li>\n<\/ul>\n<p>[\/vc_column_text][\/vc_column][\/vc_row][vc_row][vc_column][vc_empty_space height=\u00bb50&#8243;][\/vc_column][\/vc_row][vc_row][vc_column][vc_zigzag color=\u00bbturquoise\u00bb el_border_width=\u00bb15&#8243;][\/vc_column][\/vc_row][vc_row][vc_column][vc_empty_space height=\u00bb50&#8243;][\/vc_column][\/vc_row]<\/p>\n","protected":false},"excerpt":{"rendered":"<p>[vc_row][vc_column css=\u00bb.vc_custom_1706546562599{padding-top: 50px !important;padding-bottom: 50px !important;background-image: url(https:\/\/www.ull.es\/portal\/universidaddemayores\/wp-content\/uploads\/sites\/9\/2024\/01\/fondo-transparente-02.png?id=2065) !important;background-position: center !important;background-repeat: no-repeat !important;background-size: cover !important;}\u00bb][vc_custom_heading text=\u00bbContacto\u00bb font_container=\u00bbtag:h2|font_size:40|text_align:center|color:%23512b58&#8243; use_theme_fonts=\u00bbyes\u00bb][\/vc_column][\/vc_row][vc_row][vc_column css=\u00bb.vc_custom_1706699531957{margin-top: 30px !important;background-color:&#8230;<\/p>\n","protected":false},"author":97,"featured_media":0,"parent":0,"menu_order":0,"comment_status":"closed","ping_status":"closed","template":"templates\/template-no-title.php","meta":{"inline_featured_image":false,"footnotes":""},"acf":[],"yoast_head":"<!-- This site is optimized with the Yoast SEO plugin v21.3 - https:\/\/yoast.com\/wordpress\/plugins\/seo\/ -->\n<title>Contacto - Universidad de Mayores<\/title>\n<meta name=\"robots\" content=\"index, follow, max-snippet:-1, max-image-preview:large, max-video-preview:-1\" \/>\n<link rel=\"canonical\" href=\"https:\/\/www.ull.es\/portal\/universidaddemayores\/contacto\/\" \/>\n<meta property=\"og:locale\" content=\"es_ES\" \/>\n<meta property=\"og:type\" content=\"article\" \/>\n<meta property=\"og:title\" content=\"Contacto - Universidad de Mayores\" \/>\n<meta property=\"og:description\" content=\"[vc_row][vc_column css=\u00bb.vc_custom_1706546562599{padding-top: 50px !important;padding-bottom: 50px !important;background-image: url(https:\/\/www.ull.es\/portal\/universidaddemayores\/wp-content\/uploads\/sites\/9\/2024\/01\/fondo-transparente-02.png?id=2065) !important;background-position: center !important;background-repeat: no-repeat !important;background-size: cover !important;}\u00bb][vc_custom_heading text=\u00bbContacto\u00bb font_container=\u00bbtag:h2|font_size:40|text_align:center|color:%23512b58&#8243; use_theme_fonts=\u00bbyes\u00bb][\/vc_column][\/vc_row][vc_row][vc_column css=\u00bb.vc_custom_1706699531957{margin-top: 30px !important;background-color:...\" \/>\n<meta property=\"og:url\" content=\"https:\/\/www.ull.es\/portal\/universidaddemayores\/contacto\/\" \/>\n<meta property=\"og:site_name\" content=\"Universidad de Mayores\" \/>\n<meta property=\"article:modified_time\" content=\"2024-09-06T09:25:11+00:00\" \/>\n<meta name=\"twitter:card\" content=\"summary_large_image\" \/>\n<meta name=\"twitter:label1\" content=\"Tiempo de lectura\" \/>\n\t<meta name=\"twitter:data1\" content=\"1 minuto\" \/>\n<script type=\"application\/ld+json\" class=\"yoast-schema-graph\">{\"@context\":\"https:\/\/schema.org\",\"@graph\":[{\"@type\":\"WebPage\",\"@id\":\"https:\/\/www.ull.es\/portal\/universidaddemayores\/contacto\/\",\"url\":\"https:\/\/www.ull.es\/portal\/universidaddemayores\/contacto\/\",\"name\":\"Contacto - Universidad de Mayores\",\"isPartOf\":{\"@id\":\"https:\/\/www.ull.es\/portal\/universidaddemayores\/#website\"},\"datePublished\":\"2024-01-26T14:01:33+00:00\",\"dateModified\":\"2024-09-06T09:25:11+00:00\",\"breadcrumb\":{\"@id\":\"https:\/\/www.ull.es\/portal\/universidaddemayores\/contacto\/#breadcrumb\"},\"inLanguage\":\"es\",\"potentialAction\":[{\"@type\":\"ReadAction\",\"target\":[\"https:\/\/www.ull.es\/portal\/universidaddemayores\/contacto\/\"]}]},{\"@type\":\"BreadcrumbList\",\"@id\":\"https:\/\/www.ull.es\/portal\/universidaddemayores\/contacto\/#breadcrumb\",\"itemListElement\":[{\"@type\":\"ListItem\",\"position\":1,\"name\":\"Portada\",\"item\":\"https:\/\/www.ull.es\/portal\/universidaddemayores\/\"},{\"@type\":\"ListItem\",\"position\":2,\"name\":\"Contacto\"}]},{\"@type\":\"WebSite\",\"@id\":\"https:\/\/www.ull.es\/portal\/universidaddemayores\/#website\",\"url\":\"https:\/\/www.ull.es\/portal\/universidaddemayores\/\",\"name\":\"Universidad de Mayores\",\"description\":\"\",\"potentialAction\":[{\"@type\":\"SearchAction\",\"target\":{\"@type\":\"EntryPoint\",\"urlTemplate\":\"https:\/\/www.ull.es\/portal\/universidaddemayores\/?s={search_term_string}\"},\"query-input\":\"required name=search_term_string\"}],\"inLanguage\":\"es\"}]}<\/script>\n<!-- \/ Yoast SEO plugin. -->","yoast_head_json":{"title":"Contacto - Universidad de Mayores","robots":{"index":"index","follow":"follow","max-snippet":"max-snippet:-1","max-image-preview":"max-image-preview:large","max-video-preview":"max-video-preview:-1"},"canonical":"https:\/\/www.ull.es\/portal\/universidaddemayores\/contacto\/","og_locale":"es_ES","og_type":"article","og_title":"Contacto - Universidad de Mayores","og_description":"[vc_row][vc_column css=\u00bb.vc_custom_1706546562599{padding-top: 50px !important;padding-bottom: 50px !important;background-image: url(https:\/\/www.ull.es\/portal\/universidaddemayores\/wp-content\/uploads\/sites\/9\/2024\/01\/fondo-transparente-02.png?id=2065) !important;background-position: center !important;background-repeat: no-repeat !important;background-size: cover !important;}\u00bb][vc_custom_heading text=\u00bbContacto\u00bb font_container=\u00bbtag:h2|font_size:40|text_align:center|color:%23512b58&#8243; use_theme_fonts=\u00bbyes\u00bb][\/vc_column][\/vc_row][vc_row][vc_column css=\u00bb.vc_custom_1706699531957{margin-top: 30px !important;background-color:...","og_url":"https:\/\/www.ull.es\/portal\/universidaddemayores\/contacto\/","og_site_name":"Universidad de Mayores","article_modified_time":"2024-09-06T09:25:11+00:00","twitter_card":"summary_large_image","twitter_misc":{"Tiempo de lectura":"1 minuto"},"schema":{"@context":"https:\/\/schema.org","@graph":[{"@type":"WebPage","@id":"https:\/\/www.ull.es\/portal\/universidaddemayores\/contacto\/","url":"https:\/\/www.ull.es\/portal\/universidaddemayores\/contacto\/","name":"Contacto - Universidad de Mayores","isPartOf":{"@id":"https:\/\/www.ull.es\/portal\/universidaddemayores\/#website"},"datePublished":"2024-01-26T14:01:33+00:00","dateModified":"2024-09-06T09:25:11+00:00","breadcrumb":{"@id":"https:\/\/www.ull.es\/portal\/universidaddemayores\/contacto\/#breadcrumb"},"inLanguage":"es","potentialAction":[{"@type":"ReadAction","target":["https:\/\/www.ull.es\/portal\/universidaddemayores\/contacto\/"]}]},{"@type":"BreadcrumbList","@id":"https:\/\/www.ull.es\/portal\/universidaddemayores\/contacto\/#breadcrumb","itemListElement":[{"@type":"ListItem","position":1,"name":"Portada","item":"https:\/\/www.ull.es\/portal\/universidaddemayores\/"},{"@type":"ListItem","position":2,"name":"Contacto"}]},{"@type":"WebSite","@id":"https:\/\/www.ull.es\/portal\/universidaddemayores\/#website","url":"https:\/\/www.ull.es\/portal\/universidaddemayores\/","name":"Universidad de Mayores","description":"","potentialAction":[{"@type":"SearchAction","target":{"@type":"EntryPoint","urlTemplate":"https:\/\/www.ull.es\/portal\/universidaddemayores\/?s={search_term_string}"},"query-input":"required name=search_term_string"}],"inLanguage":"es"}]}},"_links":{"self":[{"href":"https:\/\/www.ull.es\/portal\/universidaddemayores\/wp-json\/wp\/v2\/pages\/2091"}],"collection":[{"href":"https:\/\/www.ull.es\/portal\/universidaddemayores\/wp-json\/wp\/v2\/pages"}],"about":[{"href":"https:\/\/www.ull.es\/portal\/universidaddemayores\/wp-json\/wp\/v2\/types\/page"}],"author":[{"embeddable":true,"href":"https:\/\/www.ull.es\/portal\/universidaddemayores\/wp-json\/wp\/v2\/users\/97"}],"replies":[{"embeddable":true,"href":"https:\/\/www.ull.es\/portal\/universidaddemayores\/wp-json\/wp\/v2\/comments?post=2091"}],"version-history":[{"count":11,"href":"https:\/\/www.ull.es\/portal\/universidaddemayores\/wp-json\/wp\/v2\/pages\/2091\/revisions"}],"predecessor-version":[{"id":2311,"href":"https:\/\/www.ull.es\/portal\/universidaddemayores\/wp-json\/wp\/v2\/pages\/2091\/revisions\/2311"}],"wp:attachment":[{"href":"https:\/\/www.ull.es\/portal\/universidaddemayores\/wp-json\/wp\/v2\/media?parent=2091"}],"curies":[{"name":"wp","href":"https:\/\/api.w.org\/{rel}","templated":true}]}}