{"id":2234,"date":"2024-01-31T13:47:55","date_gmt":"2024-01-31T13:47:55","guid":{"rendered":"https:\/\/www.ull.es\/portal\/universidaddemayores\/?page_id=2234"},"modified":"2024-01-31T14:12:12","modified_gmt":"2024-01-31T14:12:12","slug":"normativa","status":"publish","type":"page","link":"https:\/\/www.ull.es\/portal\/universidaddemayores\/normativa\/","title":{"rendered":"Normativa"},"content":{"rendered":"<p>[vc_row][vc_column css=\u00bb.vc_custom_1706710246442{padding-top: 100px !important;padding-bottom: 100px !important;background-image: url(https:\/\/www.ull.es\/portal\/universidaddemayores\/wp-content\/uploads\/sites\/9\/2024\/01\/fondo-transparente-02.png?id=2065) !important;background-position: center !important;background-repeat: no-repeat !important;background-size: cover !important;}\u00bb][vc_custom_heading text=\u00bbNormativa\u00bb font_container=\u00bbtag:h2|font_size:30|text_align:center|color:%232a7886&#8243; use_theme_fonts=\u00bbyes\u00bb][\/vc_column][\/vc_row][vc_row css=\u00bb.vc_custom_1706710038338{margin-top: 40px !important;margin-bottom: 40px !important;background-color: #2a7886 !important;}\u00bb][vc_column][vc_column_text css=\u00bb.vc_custom_1706710021633{padding-bottom: 30px !important;}\u00bb]<\/p>\n<h3 style=\"text-align: center;\"><span style=\"color: #ffffff;\">En este apartado se podr\u00e1 consultar la normativa reguladora de estos estudios universitarios.<\/span><\/h3>\n<p>[\/vc_column_text][\/vc_column][\/vc_row][vc_row][vc_column width=\u00bb3\/4&#8243; css=\u00bb.vc_custom_1706710076089{padding-top: 0px !important;padding-right: 70px !important;padding-bottom: 50px !important;padding-left: 50px !important;}\u00bb][vc_column_text]&nbsp;<\/p>\n<ul>\n<li><a href=\"https:\/\/drive.google.com\/file\/d\/1n7fYUNf-xUmxf61hgCs6SEr4dN6RE1Tk\/view\" target=\"_blank\" rel=\"noopener\" target=\"_blank\" rel=\"noopener\">Tarifas de cursos organizados por el Vicerrectorado de Cultura y Extensi\u00f3n Universitaria.<\/a><\/li>\n<li><a href=\"http:\/\/riull.ull.es\/xmlui\/handle\/915\/7893\" target=\"_blank\" rel=\"noopener\" target=\"_blank\" rel=\"noopener\">Directrices Generales de los Estudios Universitarios de Personas Adultas y Mayores<\/a>.<\/li>\n<li><a href=\"https:\/\/drive.google.com\/file\/d\/1jQ6iCgxJxcM2EzJB7fBr9rrAsdZyHLb3\/view?usp=drive_link\" target=\"_blank\" rel=\"noopener\" target=\"_blank\" rel=\"noopener\">Directrices Espec\u00edficas del procedimiento de inscripci\u00f3n y matr\u00edcula para el curso acad\u00e9mico 2023-2024.<\/a><\/li>\n<li><a href=\"https:\/\/drive.google.com\/drive\/folders\/1Pi7siaRlfg8cwAYBBxoqdhzbwUG3C9_Z\" target=\"_blank\" rel=\"noopener\" target=\"_blank\" rel=\"noopener\">Resoluci\u00f3n de la Vicerrectora de Cultura y Extensi\u00f3n Universitaria por la que se corrigen errores en el calendario de inscripci\u00f3n y matr\u00edcula de los estudios para personas adultas y mayores del primer cuatrimestre del curso acad\u00e9mico 2023-2024.<\/a><\/li>\n<li><a href=\"https:\/\/drive.google.com\/file\/d\/1utFcEVCE6mV-FXNYiEbeb8uh8PHCcSXj\/view?usp=drive_link\" target=\"_blank\" rel=\"noopener\" target=\"_blank\" rel=\"noopener\">Resoluci\u00f3n de la Vicerrectora de Cultura y Extensi\u00f3n Universitaria por la que se publica el listado provisional de solicitudes admitidas y excluidas al procedimiento de inscripci\u00f3n y matr\u00edcula de los Estudios para Personas Adultas y Mayores del primer cuatrimestre del curso acad\u00e9mico 2023-2024<\/a>.<\/li>\n<li><a href=\"https:\/\/drive.google.com\/drive\/folders\/1Pi7siaRlfg8cwAYBBxoqdhzbwUG3C9_Z\" target=\"_blank\" rel=\"noopener\">Resoluci\u00f3n de la Vicerrectora de Cultura y Extensi\u00f3n Universitaria por la que se publica el listado definitivo de solicitudes admitidas y excluidas al procedimiento de inscripci\u00f3n y matr\u00edcula de los Estudios para Personas Adultas y Mayores del primer cuatrimestre del curso acad\u00e9mico 2023-2024<\/a><\/li>\n<li><a href=\"https:\/\/drive.google.com\/file\/d\/1Qf1J5tIurpo0gVH7GwQM9dp-7S1kp9Pg\/view?usp=drive_link\" target=\"_blank\" rel=\"noopener\" target=\"_blank\" rel=\"noopener\">Correcci\u00f3n de errores de la Resoluci\u00f3n de la Vicerrectora de 19 de septiembre por la que se publica el listado definitivo de solicitudes admitidas y excluidas al procedimiento inscripci\u00f3n EUPAM\u00a02023-24<\/a><\/li>\n<li><a href=\"https:\/\/drive.google.com\/file\/d\/1hUGsAJ90xtI9Ir99OS3lKup49kHIgTCC\/view?usp=drive_link\" target=\"_blank\" rel=\"noopener\" target=\"_blank\" rel=\"noopener\">Tarifas aprobadas en el presupuesto de 2024<\/a><\/li>\n<\/ul>\n<p>[\/vc_column_text][\/vc_column][vc_column width=\u00bb1\/4&#8243;][vc_single_image image=\u00bb2023&#8243; img_size=\u00bb350&#215;350&#8243;][vc_single_image image=\u00bb2034&#8243; img_size=\u00bb400&#215;400&#8243;][\/vc_column][\/vc_row][vc_row][vc_column][vc_empty_space height=\u00bb100&#8243;][\/vc_column][\/vc_row]<\/p>\n","protected":false},"excerpt":{"rendered":"<p>[vc_row][vc_column css=\u00bb.vc_custom_1706710246442{padding-top: 100px !important;padding-bottom: 100px !important;background-image: url(https:\/\/www.ull.es\/portal\/universidaddemayores\/wp-content\/uploads\/sites\/9\/2024\/01\/fondo-transparente-02.png?id=2065) !important;background-position: center !important;background-repeat: no-repeat !important;background-size: cover !important;}\u00bb][vc_custom_heading text=\u00bbNormativa\u00bb font_container=\u00bbtag:h2|font_size:30|text_align:center|color:%232a7886&#8243; use_theme_fonts=\u00bbyes\u00bb][\/vc_column][\/vc_row][vc_row css=\u00bb.vc_custom_1706710038338{margin-top: 40px !important;margin-bottom:&#8230;<\/p>\n","protected":false},"author":97,"featured_media":0,"parent":0,"menu_order":0,"comment_status":"closed","ping_status":"closed","template":"templates\/template-no-title.php","meta":{"inline_featured_image":false,"footnotes":""},"acf":[],"yoast_head":"<!-- This site is optimized with the Yoast SEO plugin v21.3 - https:\/\/yoast.com\/wordpress\/plugins\/seo\/ -->\n<title>Normativa - Universidad de Mayores<\/title>\n<meta name=\"robots\" content=\"index, follow, max-snippet:-1, max-image-preview:large, max-video-preview:-1\" \/>\n<link rel=\"canonical\" href=\"https:\/\/www.ull.es\/portal\/universidaddemayores\/normativa\/\" \/>\n<meta property=\"og:locale\" content=\"es_ES\" \/>\n<meta property=\"og:type\" content=\"article\" \/>\n<meta property=\"og:title\" content=\"Normativa - Universidad de Mayores\" \/>\n<meta property=\"og:description\" content=\"[vc_row][vc_column css=\u00bb.vc_custom_1706710246442{padding-top: 100px !important;padding-bottom: 100px !important;background-image: url(https:\/\/www.ull.es\/portal\/universidaddemayores\/wp-content\/uploads\/sites\/9\/2024\/01\/fondo-transparente-02.png?id=2065) !important;background-position: center !important;background-repeat: no-repeat !important;background-size: cover !important;}\u00bb][vc_custom_heading text=\u00bbNormativa\u00bb font_container=\u00bbtag:h2|font_size:30|text_align:center|color:%232a7886&#8243; use_theme_fonts=\u00bbyes\u00bb][\/vc_column][\/vc_row][vc_row css=\u00bb.vc_custom_1706710038338{margin-top: 40px !important;margin-bottom:...\" \/>\n<meta property=\"og:url\" content=\"https:\/\/www.ull.es\/portal\/universidaddemayores\/normativa\/\" \/>\n<meta property=\"og:site_name\" content=\"Universidad de Mayores\" \/>\n<meta property=\"article:modified_time\" content=\"2024-01-31T14:12:12+00:00\" \/>\n<meta name=\"twitter:card\" content=\"summary_large_image\" \/>\n<meta name=\"twitter:label1\" content=\"Tiempo de lectura\" \/>\n\t<meta name=\"twitter:data1\" content=\"1 minuto\" \/>\n<script type=\"application\/ld+json\" class=\"yoast-schema-graph\">{\"@context\":\"https:\/\/schema.org\",\"@graph\":[{\"@type\":\"WebPage\",\"@id\":\"https:\/\/www.ull.es\/portal\/universidaddemayores\/normativa\/\",\"url\":\"https:\/\/www.ull.es\/portal\/universidaddemayores\/normativa\/\",\"name\":\"Normativa - Universidad de Mayores\",\"isPartOf\":{\"@id\":\"https:\/\/www.ull.es\/portal\/universidaddemayores\/#website\"},\"datePublished\":\"2024-01-31T13:47:55+00:00\",\"dateModified\":\"2024-01-31T14:12:12+00:00\",\"breadcrumb\":{\"@id\":\"https:\/\/www.ull.es\/portal\/universidaddemayores\/normativa\/#breadcrumb\"},\"inLanguage\":\"es\",\"potentialAction\":[{\"@type\":\"ReadAction\",\"target\":[\"https:\/\/www.ull.es\/portal\/universidaddemayores\/normativa\/\"]}]},{\"@type\":\"BreadcrumbList\",\"@id\":\"https:\/\/www.ull.es\/portal\/universidaddemayores\/normativa\/#breadcrumb\",\"itemListElement\":[{\"@type\":\"ListItem\",\"position\":1,\"name\":\"Portada\",\"item\":\"https:\/\/www.ull.es\/portal\/universidaddemayores\/\"},{\"@type\":\"ListItem\",\"position\":2,\"name\":\"Normativa\"}]},{\"@type\":\"WebSite\",\"@id\":\"https:\/\/www.ull.es\/portal\/universidaddemayores\/#website\",\"url\":\"https:\/\/www.ull.es\/portal\/universidaddemayores\/\",\"name\":\"Universidad de Mayores\",\"description\":\"\",\"potentialAction\":[{\"@type\":\"SearchAction\",\"target\":{\"@type\":\"EntryPoint\",\"urlTemplate\":\"https:\/\/www.ull.es\/portal\/universidaddemayores\/?s={search_term_string}\"},\"query-input\":\"required name=search_term_string\"}],\"inLanguage\":\"es\"}]}<\/script>\n<!-- \/ Yoast SEO plugin. -->","yoast_head_json":{"title":"Normativa - Universidad de Mayores","robots":{"index":"index","follow":"follow","max-snippet":"max-snippet:-1","max-image-preview":"max-image-preview:large","max-video-preview":"max-video-preview:-1"},"canonical":"https:\/\/www.ull.es\/portal\/universidaddemayores\/normativa\/","og_locale":"es_ES","og_type":"article","og_title":"Normativa - Universidad de Mayores","og_description":"[vc_row][vc_column css=\u00bb.vc_custom_1706710246442{padding-top: 100px !important;padding-bottom: 100px !important;background-image: url(https:\/\/www.ull.es\/portal\/universidaddemayores\/wp-content\/uploads\/sites\/9\/2024\/01\/fondo-transparente-02.png?id=2065) !important;background-position: center !important;background-repeat: no-repeat !important;background-size: cover !important;}\u00bb][vc_custom_heading text=\u00bbNormativa\u00bb font_container=\u00bbtag:h2|font_size:30|text_align:center|color:%232a7886&#8243; use_theme_fonts=\u00bbyes\u00bb][\/vc_column][\/vc_row][vc_row css=\u00bb.vc_custom_1706710038338{margin-top: 40px !important;margin-bottom:...","og_url":"https:\/\/www.ull.es\/portal\/universidaddemayores\/normativa\/","og_site_name":"Universidad de Mayores","article_modified_time":"2024-01-31T14:12:12+00:00","twitter_card":"summary_large_image","twitter_misc":{"Tiempo de lectura":"1 minuto"},"schema":{"@context":"https:\/\/schema.org","@graph":[{"@type":"WebPage","@id":"https:\/\/www.ull.es\/portal\/universidaddemayores\/normativa\/","url":"https:\/\/www.ull.es\/portal\/universidaddemayores\/normativa\/","name":"Normativa - Universidad de Mayores","isPartOf":{"@id":"https:\/\/www.ull.es\/portal\/universidaddemayores\/#website"},"datePublished":"2024-01-31T13:47:55+00:00","dateModified":"2024-01-31T14:12:12+00:00","breadcrumb":{"@id":"https:\/\/www.ull.es\/portal\/universidaddemayores\/normativa\/#breadcrumb"},"inLanguage":"es","potentialAction":[{"@type":"ReadAction","target":["https:\/\/www.ull.es\/portal\/universidaddemayores\/normativa\/"]}]},{"@type":"BreadcrumbList","@id":"https:\/\/www.ull.es\/portal\/universidaddemayores\/normativa\/#breadcrumb","itemListElement":[{"@type":"ListItem","position":1,"name":"Portada","item":"https:\/\/www.ull.es\/portal\/universidaddemayores\/"},{"@type":"ListItem","position":2,"name":"Normativa"}]},{"@type":"WebSite","@id":"https:\/\/www.ull.es\/portal\/universidaddemayores\/#website","url":"https:\/\/www.ull.es\/portal\/universidaddemayores\/","name":"Universidad de Mayores","description":"","potentialAction":[{"@type":"SearchAction","target":{"@type":"EntryPoint","urlTemplate":"https:\/\/www.ull.es\/portal\/universidaddemayores\/?s={search_term_string}"},"query-input":"required name=search_term_string"}],"inLanguage":"es"}]}},"_links":{"self":[{"href":"https:\/\/www.ull.es\/portal\/universidaddemayores\/wp-json\/wp\/v2\/pages\/2234"}],"collection":[{"href":"https:\/\/www.ull.es\/portal\/universidaddemayores\/wp-json\/wp\/v2\/pages"}],"about":[{"href":"https:\/\/www.ull.es\/portal\/universidaddemayores\/wp-json\/wp\/v2\/types\/page"}],"author":[{"embeddable":true,"href":"https:\/\/www.ull.es\/portal\/universidaddemayores\/wp-json\/wp\/v2\/users\/97"}],"replies":[{"embeddable":true,"href":"https:\/\/www.ull.es\/portal\/universidaddemayores\/wp-json\/wp\/v2\/comments?post=2234"}],"version-history":[{"count":6,"href":"https:\/\/www.ull.es\/portal\/universidaddemayores\/wp-json\/wp\/v2\/pages\/2234\/revisions"}],"predecessor-version":[{"id":2243,"href":"https:\/\/www.ull.es\/portal\/universidaddemayores\/wp-json\/wp\/v2\/pages\/2234\/revisions\/2243"}],"wp:attachment":[{"href":"https:\/\/www.ull.es\/portal\/universidaddemayores\/wp-json\/wp\/v2\/media?parent=2234"}],"curies":[{"name":"wp","href":"https:\/\/api.w.org\/{rel}","templated":true}]}}