{"id":455,"date":"2017-02-20T11:03:36","date_gmt":"2017-02-20T11:03:36","guid":{"rendered":"http:\/\/eupamnew.shidix.es\/?page_id=455"},"modified":"2024-10-23T12:06:25","modified_gmt":"2024-10-23T12:06:25","slug":"home","status":"publish","type":"page","link":"https:\/\/www.ull.es\/portal\/universidaddemayores\/","title":{"rendered":"Inicio"},"content":{"rendered":"<p>[vc_row full_width=\u00bbstretch_row_content_no_spaces\u00bb content_placement=\u00bbtop\u00bb css=\u00bb.vc_custom_1706265123830{margin-top: -30px !important;}\u00bb][vc_column css=\u00bb.vc_custom_1706545885502{margin-bottom: 100px !important;padding-top: 150px !important;padding-bottom: 150px !important;background: #ffffff url(https:\/\/www.ull.es\/portal\/universidaddemayores\/wp-content\/uploads\/sites\/9\/2024\/01\/4_7_2022_12-02.png?id=2064) !important;background-position: center !important;background-repeat: no-repeat !important;background-size: cover !important;}\u00bb][vc_custom_heading text=\u00bbEstudios Universitarios para Personas Adultas y Mayores\u00bb font_container=\u00bbtag:h1|font_size:40|text_align:center|color:%23512b58&#8243; google_fonts=\u00bbfont_family:Montserrat%3Aregular%2C700|font_style:700%20bold%20regular%3A700%3Anormal\u00bb css=\u00bb.vc_custom_1729685183024{padding-top: 40px !important;}\u00bb][\/vc_column][\/vc_row][vc_row][vc_column][vc_column_text]<\/p>\n<p style=\"font-weight: 400;\">En el curso 1999-2000 la Universidad de La Laguna implant\u00f3 el Primer Curso de la Universidad para Mayores, cuyo fin principal era acercar las ense\u00f1anzas universitarias a un amplio segmento de la poblaci\u00f3n que tradicionalmente hab\u00eda permanecido al margen de la educaci\u00f3n superior. En los a\u00f1os que han seguido la demanda formativa ha aumentado, al tiempo que se ha sumado un gran n\u00famero de alumnado y adem\u00e1s ha cambiado el perfil de las personas que acceden a este espacio.<\/p>\n<p style=\"font-weight: 400;\">En la actualidad, los Estudios Universitarios para Personas Adultas y Mayores est\u00e1 consolidada como oferta formativa para personas a partir de los 45 a\u00f1os. Los estudios se basan en la premisa:\u00a0<em>aprendizaje a lo largo de toda la vida<\/em>. Una actualizaci\u00f3n constante de habilidades que en un mundo en constante evoluci\u00f3n resulta crucial.<\/p>\n<p style=\"font-weight: 400;\">Este programa de educaci\u00f3n universitaria brinda la oportunidad de aprender nuevas habilidades y conocimientos relevantes para el bienestar del d\u00eda a d\u00eda, expandir horizontes, mejorar el pensamiento cr\u00edtico, adquirir habilidades de resoluci\u00f3n de problemas y capacidad de comunicaci\u00f3n, as\u00ed como fomentar una mayor autoconfianza y autoestima. En los Estudios Universitarios para Personas Adultas y Mayores se proporciona la oportunidad de volver a aprender.<\/p>\n<p>[\/vc_column_text][vc_empty_space height=\u00bb40&#8243;][\/vc_column][\/vc_row][vc_row][vc_column width=\u00bb1\/5&#8243;][vc_row_inner][vc_column_inner][vc_icon type=\u00bblinecons\u00bb icon_linecons=\u00bbvc_li vc_li-sound\u00bb color=\u00bbmulled_wine\u00bb size=\u00bblg\u00bb align=\u00bbcenter\u00bb link=\u00bburl:https%3A%2F%2Fwww.ull.es%2Fportal%2Funiversidaddemayores%2Fquienes-somos%2F%23que-es|title:Quienes%20somos|target:_blank\u00bb][vc_custom_heading text=\u00bbQui\u00e9nes somos\u00bb font_container=\u00bbtag:h2|font_size:30|text_align:center|color:%23333333&#8243; google_fonts=\u00bbfont_family:Dancing%20Script%3Aregular%2C700|font_style:400%20regular%3A400%3Anormal\u00bb][\/vc_column_inner][\/vc_row_inner][\/vc_column][vc_column width=\u00bb1\/5&#8243;][vc_row_inner][vc_column_inner][vc_icon type=\u00bblinecons\u00bb icon_linecons=\u00bbvc_li vc_li-note\u00bb color=\u00bbmulled_wine\u00bb size=\u00bblg\u00bb align=\u00bbcenter\u00bb link=\u00bburl:https%3A%2F%2Fwww.ull.es%2Fportal%2Funiversidaddemayores%2Fmatricula%2F|title:Matr%C3%ADcula|target:_blank\u00bb][vc_custom_heading text=\u00bbMatr\u00edcula\u00bb font_container=\u00bbtag:h2|font_size:30|text_align:center|color:%23333333&#8243; google_fonts=\u00bbfont_family:Dancing%20Script%3Aregular%2C700|font_style:400%20regular%3A400%3Anormal\u00bb][\/vc_column_inner][\/vc_row_inner][\/vc_column][vc_column width=\u00bb1\/5&#8243;][vc_row_inner][vc_column_inner][vc_icon type=\u00bblinecons\u00bb icon_linecons=\u00bbvc_li vc_li-study\u00bb color=\u00bbmulled_wine\u00bb size=\u00bblg\u00bb align=\u00bbcenter\u00bb link=\u00bburl:https%3A%2F%2Fwww.ull.es%2Fportal%2Funiversidaddemayores%2Fprofesorado%2F|title:Profesorado|target:_blank\u00bb][vc_custom_heading text=\u00bbProfesorado\u00bb font_container=\u00bbtag:h2|font_size:30|text_align:center|color:%23333333&#8243; google_fonts=\u00bbfont_family:Dancing%20Script%3Aregular%2C700|font_style:400%20regular%3A400%3Anormal\u00bb][\/vc_column_inner][\/vc_row_inner][\/vc_column][vc_column width=\u00bb1\/5&#8243;][vc_row_inner][vc_column_inner][vc_icon type=\u00bblinecons\u00bb icon_linecons=\u00bbvc_li vc_li-calendar\u00bb color=\u00bbmulled_wine\u00bb size=\u00bblg\u00bb align=\u00bbcenter\u00bb link=\u00bburl:https%3A%2F%2Fwww.ull.es%2Fportal%2Fagenda%2F|title:Agenda%20ULL|target:_blank\u00bb][vc_custom_heading text=\u00bbAgenda Ull\u00bb font_container=\u00bbtag:h2|font_size:30|text_align:center|color:%23333333&#8243; google_fonts=\u00bbfont_family:Dancing%20Script%3Aregular%2C700|font_style:400%20regular%3A400%3Anormal\u00bb][\/vc_column_inner][\/vc_row_inner][\/vc_column][vc_column width=\u00bb1\/5&#8243;][vc_row_inner][vc_column_inner][vc_icon type=\u00bblinecons\u00bb icon_linecons=\u00bbvc_li vc_li-world\u00bb color=\u00bbmulled_wine\u00bb size=\u00bblg\u00bb align=\u00bbcenter\u00bb link=\u00bburl:https%3A%2F%2Fcampusdoctoradoyposgrado2324.ull.es%2Flogin%2Findex.php%3FauthCAS%3DNOCAS|title:Agenda%20ULL|target:_blank\u00bb][vc_custom_heading text=\u00bbAula virtual\u00bb font_container=\u00bbtag:h2|font_size:30|text_align:center|color:%23333333&#8243; google_fonts=\u00bbfont_family:Dancing%20Script%3Aregular%2C700|font_style:400%20regular%3A400%3Anormal\u00bb][\/vc_column_inner][\/vc_row_inner][\/vc_column][\/vc_row][vc_row][vc_column][vc_separator color=\u00bbwhite\u00bb border_width=\u00bb10&#8243;][vc_empty_space][\/vc_column][\/vc_row][vc_row full_width=\u00bbstretch_row_content\u00bb disable_element=\u00bbyes\u00bb css=\u00bb.vc_custom_1723021261593{background-color: #f5f5f5 !important;}\u00bb][vc_column][vc_column_text]<\/p>\n<h2 style=\"text-align: center;\"><span style=\"color: #808080;\"><strong>Titulaciones<\/strong><\/span><\/h2>\n<p>[\/vc_column_text][\/vc_column][\/vc_row][vc_row disable_element=\u00bbyes\u00bb][vc_column][vc_empty_space height=\u00bb22px\u00bb][vc_basic_grid post_type=\u00bbtitulaciones\u00bb max_items=\u00bb3&#8243; gap=\u00bb35&#8243; item=\u00bb1463&#8243; grid_id=\u00bbvc_gid:1729685173298-df8e058e-94cd-1&#8243;][\/vc_column][\/vc_row][vc_row][vc_column][vc_empty_space height=\u00bb50px\u00bb][\/vc_column][\/vc_row][vc_row][vc_column width=\u00bb1\/3&#8243;][vc_column_text]<style>\n    .news-group .bg-size {\n        background-position: center;\n        background-size: cover;\n        width: 100%;\n        height: 48px;\n    }\n    .news-group .list-group-item-text {\n        font-size: 13px;\n    }\n    .news-group .col-md-3 {\n        padding-right: 0;\n    }\n    .news-group .list-group-item-date {\n        font-size: 11px;\n        color: #A4A4A4;\n        margin-bottom: 2px;\n        text-transform: uppercase;\n    }\n\n    .mensaje.alert-warning{\n        font-size: 12px;\n        margin: 14px !important;\n        padding: 4px 8px;\n        color: #cca60b;\n    }\n<\/style>\n\n<div class=\"panel panel-default\">\n    <div class=\"panel-heading\">\n        <h3 class=\"panel-title\">Noticias<\/h3>\n    <\/div>\n\n    <div class=\"list-group news-group\">\n                    <a href=\"https:\/\/www.ull.es\/portal\/noticias\/2025\/programa-personas-mayores-inaugurado\/\" class=\"list-group-item\">\n                <div class=\"row\">\n                    <div class=\"col-md-3\">\n                        <div class=\"bg-size\" style=\"background-image: url('https:\/\/www.ull.es\/portal\/noticias\/wp-content\/uploads\/sites\/13\/2025\/12\/Apert-Univ-Mayores-25-26-02-300x200.jpg');\"><\/div>\n                    <\/div>\n                    <div class=\"col-md-9\">\n                        <p class=\"list-group-item-date\">\n                            22 Dec 2025 - 10:47 UTC                        <\/p>\n                        <p class=\"list-group-item-text\">El Programa de Estudios para Personas Mayores de la ULL es formalmente inaugurado con m\u00e1s de 300 inscripciones<\/p>\n                    <\/div>\n                <\/div>\n            <\/a>\n                    <a href=\"https:\/\/www.ull.es\/portal\/noticias\/2024\/programa-mayores-nos-une-como-institucion\/\" class=\"list-group-item\">\n                <div class=\"row\">\n                    <div class=\"col-md-3\">\n                        <div class=\"bg-size\" style=\"background-image: url('https:\/\/www.ull.es\/portal\/noticias\/wp-content\/uploads\/sites\/13\/2024\/12\/25-Aniv-Univ-Mayores-10-300x202.jpg');\"><\/div>\n                    <\/div>\n                    <div class=\"col-md-9\">\n                        <p class=\"list-group-item-date\">\n                            05 Dec 2024 - 21:48 UTC                        <\/p>\n                        <p class=\"list-group-item-text\">Garc\u00eda: \u201cEl Programa para Personas Mayores nos une como instituci\u00f3n y hace que nos sintamos como nosotros mismos\u201d<\/p>\n                    <\/div>\n                <\/div>\n            <\/a>\n                    <a href=\"https:\/\/www.ull.es\/portal\/noticias\/2023\/arranca-programa-mayores-doblando-matriculados\/\" class=\"list-group-item\">\n                <div class=\"row\">\n                    <div class=\"col-md-3\">\n                        <div class=\"bg-size\" style=\"background-image: url('https:\/\/www.ull.es\/portal\/noticias\/wp-content\/uploads\/sites\/13\/2023\/10\/Apert-Univ-Mayores-08-300x200.jpg');\"><\/div>\n                    <\/div>\n                    <div class=\"col-md-9\">\n                        <p class=\"list-group-item-date\">\n                            10 Oct 2023 - 12:03 UTC                        <\/p>\n                        <p class=\"list-group-item-text\">Arranca el Programa de Mayores de la ULL doblando el n\u00famero de matriculados<\/p>\n                    <\/div>\n                <\/div>\n            <\/a>\n                    <a href=\"https:\/\/www.ull.es\/portal\/noticias\/2018\/programas-para-mayores-ull-usc\/\" class=\"list-group-item\">\n                <div class=\"row\">\n                    <div class=\"col-md-3\">\n                        <div class=\"bg-size\" style=\"background-image: url('https:\/\/www.ull.es\/portal\/noticias\/wp-content\/uploads\/sites\/13\/2018\/10\/Visita-Mayores-Santiago-17-300x200.jpg');\"><\/div>\n                    <\/div>\n                    <div class=\"col-md-9\">\n                        <p class=\"list-group-item-date\">\n                            18 Oct 2018 - 14:14 UTC                        <\/p>\n                        <p class=\"list-group-item-text\">Los Programas para Mayores de las universidades de La Laguna y Santiago realizan un intercambio de estudiantes<\/p>\n                    <\/div>\n                <\/div>\n            <\/a>\n                    <a href=\"https:\/\/www.ull.es\/portal\/noticias\/2015\/la-xiv-promocion-del-programa-universidad-para-mayores-finaliza-sus-estudios-en-la-ull\/\" class=\"list-group-item\">\n                <div class=\"row\">\n                    <div class=\"col-md-3\">\n                        <div class=\"bg-size\" style=\"background-image: url('https:\/\/www.ull.es\/portal\/noticias\/wp-content\/uploads\/sites\/13\/2018\/10\/edificio_central-300x200.jpg');\"><\/div>\n                    <\/div>\n                    <div class=\"col-md-9\">\n                        <p class=\"list-group-item-date\">\n                            15 Jun 2015 - 12:04 UTC                        <\/p>\n                        <p class=\"list-group-item-text\">La XIV promoci\u00f3n del Programa Universidad para Mayores finaliza sus estudios en la ULL<\/p>\n                    <\/div>\n                <\/div>\n            <\/a>\n            <\/div>\n    <div class=\"panel-footer\">\n        <a href=\"https:\/\/www.ull.es\/portal\/noticias\/?cat=10657\">M\u00c1S NOTICIAS <i class=\"fa fa-chevron-right\"><\/i><\/a>\n    <\/div>\n\n\n<\/div>[\/vc_column_text][\/vc_column][vc_column width=\u00bb1\/3&#8243;][vc_column_text]<style>\n    .news-group .bg-size {\n        background-position: center;\n        background-size: cover;\n        width: 100%;\n        height: 48px;\n    }\n    .news-group .list-group-item-text {\n        font-size: 13px;\n    }\n    .news-group .col-md-3 {\n        padding-right: 0;\n    }\n    .news-group .list-group-item-date {\n        font-size: 11px;\n        color: #A4A4A4;\n        margin-bottom: 2px;\n        text-transform: uppercase;\n    }\n\n    .mensaje.alert-warning{\n        font-size: 12px;\n        margin: 14px !important;\n        padding: 4px 8px;\n        color: #cca60b;\n    }\n\n<\/style>\n\n<div class=\"panel panel-default\">\n    <div class=\"panel-heading\">\n        <h3 class=\"panel-title\">Notificaciones<\/h3>\n    <\/div>\n\n    <div class=\"list-group news-group\">\n                            <a href=\"https:\/\/www.ull.es\/portal\/noticias\/2024\/relacion-de-aulas-de-las-asignaturas-del-segundo-cuatrimestre-del-curso-academico-2023-2024-de-los-estudios-universitarios-para-personas-adultas-y-mayores\/\" class=\"list-group-item\">\n                    <div class=\"row\">\n                        <div class=\"col-md-12\">\n                            <p class=\"list-group-item-date\">\n                                28 Feb 2024 - 11:07 UTC                            <\/p>\n                            <p class=\"list-group-item-text\">Relaci\u00f3n de aulas de las asignaturas del segundo cuatrimestre del curso acad\u00e9mico 2023-2024 de los Estudios Universitarios para Personas Adultas y Mayores<\/p>\n                        <\/div>\n                    <\/div>\n                <\/a>\n                <\/div>\n    <div class=\"panel-footer\">\n        <a href=\"https:\/\/www.ull.es\/portal\/noticias\/?cat=10658\">M\u00c1S NOTIFICACIONES <i class=\"fa fa-chevron-right\"><\/i><\/a>\n    <\/div>\n\n\n<\/div>[\/vc_column_text][\/vc_column][vc_column width=\u00bb1\/3&#8243;][vc_column_text]\n<style>\n    .events-group .bg-size {\n        background-position: center;\n        background-size: cover;\n        width: 100%;\n        height: 48px;\n    }\n    .events-group .list-group-item-text {\n        font-size: 13px;\n    }\n    .events-group .col-md-3 {\n        padding-right: 0;\n    }\n    .events-group .list-group-item-date {\n        font-size: 11px;\n        color: #A4A4A4;\n        margin-bottom: 2px;\n        text-transform: uppercase;\n    }\n\n    .mensaje.alert-warning{\n        font-size: 12px;\n        margin: 14px !important;\n        padding: 4px 8px;\n        color: #cca60b;\n    }\n\n<\/style>\n\n<div class=\"panel panel-default\">\n    <div class=\"panel-heading\">\n        <h3 class=\"panel-title\">Eventos<\/h3>\n    <\/div>\n\n    <div class=\"list-group events-group\">\n                    <a href=\"https:\/\/www.ull.es\/portal\/agenda\/evento\/charla-las-manifestaciones-anticipadas-de-voluntad\/\" class=\"list-group-item\">\n                <div class=\"row\">\n                    <div class=\"col-md-3\">\n                        <div class=\"bg-size\" style=\"background-image: url('https:\/\/www.ull.es\/portal\/agenda\/wp-content\/uploads\/sites\/12\/2025\/10\/Las-Manifestaciones-Anticipadas-de-Voluntad_Banner-eventos.jpg');\"><\/div>\n                    <\/div>\n                    <div class=\"col-md-9\">\n                        <p class=\"list-group-item-date\">\n                            30\/10\/25 - 30\/10\/25                        <\/p>\n                        <p class=\"list-group-item-text\">Charla: \u201cLas Manifestaciones Anticipadas de Voluntad\u201d<\/p>\n                    <\/div>\n\n                <\/div>\n            <\/a>\n                    <a href=\"https:\/\/www.ull.es\/portal\/agenda\/evento\/musica-en-la-biblioteca-4\/\" class=\"list-group-item\">\n                <div class=\"row\">\n                    <div class=\"col-md-3\">\n                        <div class=\"bg-size\" style=\"background-image: url('https:\/\/www.ull.es\/portal\/agenda\/wp-content\/uploads\/sites\/12\/2024\/02\/Musica-en-la-Biblioteca_Banner-eventos.png');\"><\/div>\n                    <\/div>\n                    <div class=\"col-md-9\">\n                        <p class=\"list-group-item-date\">\n                            08\/02\/24 - 08\/02\/24                        <\/p>\n                        <p class=\"list-group-item-text\">M\u00fasica en la Biblioteca<\/p>\n                    <\/div>\n\n                <\/div>\n            <\/a>\n                    <a href=\"https:\/\/www.ull.es\/portal\/agenda\/evento\/segunda-sesion-de-la-liga-de-debate-senior-del-alumnado-de-la-escuela-universitaria-para-mayores\/\" class=\"list-group-item\">\n                <div class=\"row\">\n                    <div class=\"col-md-3\">\n                        <div class=\"bg-size\" style=\"background-image: url('https:\/\/www.ull.es\/portal\/agenda\/wp-content\/uploads\/sites\/12\/2024\/01\/segunda-sesion-Liga-de-Debate-Senior-del-alumnado-de-la-Escuela-Universitaria-para-Mayores_Banner-Evento-ULL.png');\"><\/div>\n                    <\/div>\n                    <div class=\"col-md-9\">\n                        <p class=\"list-group-item-date\">\n                            26\/01\/24 - 26\/01\/24                        <\/p>\n                        <p class=\"list-group-item-text\">Segunda sesi\u00f3n de la Liga de Debate S\u00e9nior del alumnado de la Escuela Universitaria para Mayores<\/p>\n                    <\/div>\n\n                <\/div>\n            <\/a>\n        \n    <\/div>\n    <div class=\"panel-footer\">\n        <a href=\"https:\/\/www.ull.es\/portal\/agenda\/eventos\/categoria\/universidad-para-mayores\">M\u00c1S EVENTOS <i class=\"fa fa-chevron-right\"><\/i><\/a>\n    <\/div>\n\n\n<\/div>\n[\/vc_column_text][\/vc_column][\/vc_row][vc_row][vc_column][vc_empty_space height=\u00bb60&#8243;][\/vc_column][\/vc_row]<\/p>\n","protected":false},"excerpt":{"rendered":"<p>[vc_row full_width=\u00bbstretch_row_content_no_spaces\u00bb content_placement=\u00bbtop\u00bb css=\u00bb.vc_custom_1706265123830{margin-top: -30px !important;}\u00bb][vc_column css=\u00bb.vc_custom_1706545885502{margin-bottom: 100px !important;padding-top: 150px !important;padding-bottom: 150px !important;background: #ffffff url(https:\/\/www.ull.es\/portal\/universidaddemayores\/wp-content\/uploads\/sites\/9\/2024\/01\/4_7_2022_12-02.png?id=2064) !important;background-position: center !important;background-repeat: no-repeat !important;background-size:&#8230;<\/p>\n","protected":false},"author":22,"featured_media":0,"parent":0,"menu_order":0,"comment_status":"closed","ping_status":"closed","template":"templates\/templata-eupam.php","meta":{"inline_featured_image":false,"footnotes":""},"acf":[],"yoast_head":"<!-- This site is optimized with the Yoast SEO plugin v21.3 - https:\/\/yoast.com\/wordpress\/plugins\/seo\/ -->\n<title>Inicio - Universidad de Mayores<\/title>\n<meta name=\"robots\" content=\"index, follow, max-snippet:-1, max-image-preview:large, max-video-preview:-1\" \/>\n<link rel=\"canonical\" href=\"https:\/\/www.ull.es\/portal\/universidaddemayores\/\" \/>\n<meta property=\"og:locale\" content=\"es_ES\" \/>\n<meta property=\"og:type\" content=\"article\" \/>\n<meta property=\"og:title\" content=\"Inicio - Universidad de Mayores\" \/>\n<meta property=\"og:description\" content=\"[vc_row full_width=\u00bbstretch_row_content_no_spaces\u00bb content_placement=\u00bbtop\u00bb css=\u00bb.vc_custom_1706265123830{margin-top: -30px !important;}\u00bb][vc_column css=\u00bb.vc_custom_1706545885502{margin-bottom: 100px !important;padding-top: 150px !important;padding-bottom: 150px !important;background: #ffffff url(https:\/\/www.ull.es\/portal\/universidaddemayores\/wp-content\/uploads\/sites\/9\/2024\/01\/4_7_2022_12-02.png?id=2064) !important;background-position: center !important;background-repeat: no-repeat !important;background-size:...\" \/>\n<meta property=\"og:url\" content=\"https:\/\/www.ull.es\/portal\/universidaddemayores\/\" \/>\n<meta property=\"og:site_name\" content=\"Universidad de Mayores\" \/>\n<meta property=\"article:modified_time\" content=\"2024-10-23T12:06:25+00:00\" \/>\n<meta name=\"twitter:card\" content=\"summary_large_image\" \/>\n<meta name=\"twitter:label1\" content=\"Tiempo de lectura\" \/>\n\t<meta name=\"twitter:data1\" content=\"2 minutos\" \/>\n<script type=\"application\/ld+json\" class=\"yoast-schema-graph\">{\"@context\":\"https:\/\/schema.org\",\"@graph\":[{\"@type\":\"WebPage\",\"@id\":\"https:\/\/www.ull.es\/portal\/universidaddemayores\/\",\"url\":\"https:\/\/www.ull.es\/portal\/universidaddemayores\/\",\"name\":\"Inicio - Universidad de Mayores\",\"isPartOf\":{\"@id\":\"https:\/\/www.ull.es\/portal\/universidaddemayores\/#website\"},\"datePublished\":\"2017-02-20T11:03:36+00:00\",\"dateModified\":\"2024-10-23T12:06:25+00:00\",\"breadcrumb\":{\"@id\":\"https:\/\/www.ull.es\/portal\/universidaddemayores\/#breadcrumb\"},\"inLanguage\":\"es\",\"potentialAction\":[{\"@type\":\"ReadAction\",\"target\":[\"https:\/\/www.ull.es\/portal\/universidaddemayores\/\"]}]},{\"@type\":\"BreadcrumbList\",\"@id\":\"https:\/\/www.ull.es\/portal\/universidaddemayores\/#breadcrumb\",\"itemListElement\":[{\"@type\":\"ListItem\",\"position\":1,\"name\":\"Portada\",\"item\":\"https:\/\/www.ull.es\/portal\/universidaddemayores\/\"},{\"@type\":\"ListItem\",\"position\":2,\"name\":\"Inicio\"}]},{\"@type\":\"WebSite\",\"@id\":\"https:\/\/www.ull.es\/portal\/universidaddemayores\/#website\",\"url\":\"https:\/\/www.ull.es\/portal\/universidaddemayores\/\",\"name\":\"Universidad de Mayores\",\"description\":\"\",\"potentialAction\":[{\"@type\":\"SearchAction\",\"target\":{\"@type\":\"EntryPoint\",\"urlTemplate\":\"https:\/\/www.ull.es\/portal\/universidaddemayores\/?s={search_term_string}\"},\"query-input\":\"required name=search_term_string\"}],\"inLanguage\":\"es\"}]}<\/script>\n<!-- \/ Yoast SEO plugin. -->","yoast_head_json":{"title":"Inicio - Universidad de Mayores","robots":{"index":"index","follow":"follow","max-snippet":"max-snippet:-1","max-image-preview":"max-image-preview:large","max-video-preview":"max-video-preview:-1"},"canonical":"https:\/\/www.ull.es\/portal\/universidaddemayores\/","og_locale":"es_ES","og_type":"article","og_title":"Inicio - Universidad de Mayores","og_description":"[vc_row full_width=\u00bbstretch_row_content_no_spaces\u00bb content_placement=\u00bbtop\u00bb css=\u00bb.vc_custom_1706265123830{margin-top: -30px !important;}\u00bb][vc_column css=\u00bb.vc_custom_1706545885502{margin-bottom: 100px !important;padding-top: 150px !important;padding-bottom: 150px !important;background: #ffffff url(https:\/\/www.ull.es\/portal\/universidaddemayores\/wp-content\/uploads\/sites\/9\/2024\/01\/4_7_2022_12-02.png?id=2064) !important;background-position: center !important;background-repeat: no-repeat !important;background-size:...","og_url":"https:\/\/www.ull.es\/portal\/universidaddemayores\/","og_site_name":"Universidad de Mayores","article_modified_time":"2024-10-23T12:06:25+00:00","twitter_card":"summary_large_image","twitter_misc":{"Tiempo de lectura":"2 minutos"},"schema":{"@context":"https:\/\/schema.org","@graph":[{"@type":"WebPage","@id":"https:\/\/www.ull.es\/portal\/universidaddemayores\/","url":"https:\/\/www.ull.es\/portal\/universidaddemayores\/","name":"Inicio - Universidad de Mayores","isPartOf":{"@id":"https:\/\/www.ull.es\/portal\/universidaddemayores\/#website"},"datePublished":"2017-02-20T11:03:36+00:00","dateModified":"2024-10-23T12:06:25+00:00","breadcrumb":{"@id":"https:\/\/www.ull.es\/portal\/universidaddemayores\/#breadcrumb"},"inLanguage":"es","potentialAction":[{"@type":"ReadAction","target":["https:\/\/www.ull.es\/portal\/universidaddemayores\/"]}]},{"@type":"BreadcrumbList","@id":"https:\/\/www.ull.es\/portal\/universidaddemayores\/#breadcrumb","itemListElement":[{"@type":"ListItem","position":1,"name":"Portada","item":"https:\/\/www.ull.es\/portal\/universidaddemayores\/"},{"@type":"ListItem","position":2,"name":"Inicio"}]},{"@type":"WebSite","@id":"https:\/\/www.ull.es\/portal\/universidaddemayores\/#website","url":"https:\/\/www.ull.es\/portal\/universidaddemayores\/","name":"Universidad de Mayores","description":"","potentialAction":[{"@type":"SearchAction","target":{"@type":"EntryPoint","urlTemplate":"https:\/\/www.ull.es\/portal\/universidaddemayores\/?s={search_term_string}"},"query-input":"required name=search_term_string"}],"inLanguage":"es"}]}},"_links":{"self":[{"href":"https:\/\/www.ull.es\/portal\/universidaddemayores\/wp-json\/wp\/v2\/pages\/455"}],"collection":[{"href":"https:\/\/www.ull.es\/portal\/universidaddemayores\/wp-json\/wp\/v2\/pages"}],"about":[{"href":"https:\/\/www.ull.es\/portal\/universidaddemayores\/wp-json\/wp\/v2\/types\/page"}],"author":[{"embeddable":true,"href":"https:\/\/www.ull.es\/portal\/universidaddemayores\/wp-json\/wp\/v2\/users\/22"}],"replies":[{"embeddable":true,"href":"https:\/\/www.ull.es\/portal\/universidaddemayores\/wp-json\/wp\/v2\/comments?post=455"}],"version-history":[{"count":93,"href":"https:\/\/www.ull.es\/portal\/universidaddemayores\/wp-json\/wp\/v2\/pages\/455\/revisions"}],"predecessor-version":[{"id":2318,"href":"https:\/\/www.ull.es\/portal\/universidaddemayores\/wp-json\/wp\/v2\/pages\/455\/revisions\/2318"}],"wp:attachment":[{"href":"https:\/\/www.ull.es\/portal\/universidaddemayores\/wp-json\/wp\/v2\/media?parent=455"}],"curies":[{"name":"wp","href":"https:\/\/api.w.org\/{rel}","templated":true}]}}