{"id":582,"date":"2017-03-15T11:45:32","date_gmt":"2017-03-15T11:45:32","guid":{"rendered":"http:\/\/eupamnew.shidix.es\/?page_id=582"},"modified":"2025-09-09T07:37:00","modified_gmt":"2025-09-09T07:37:00","slug":"matricula","status":"publish","type":"page","link":"https:\/\/www.ull.es\/portal\/universidaddemayores\/matricula\/","title":{"rendered":"Matr\u00edcula"},"content":{"rendered":"<p>[vc_row css=\u00bb.vc_custom_1706697565094{margin-top: -50px !important;padding-top: 100px !important;padding-bottom: 100px !important;background-image: url(https:\/\/www.ull.es\/portal\/universidaddemayores\/wp-content\/uploads\/sites\/9\/2024\/01\/fondo-transparente-02.png?id=2065) !important;background-position: center !important;background-repeat: no-repeat !important;background-size: contain !important;}\u00bb][vc_column][vc_column_text]<\/p>\n<h1 style=\"text-align: center;\"><span style=\"color: #2a7886;\"><strong>Matr\u00edcula<\/strong><\/span><\/h1>\n<p>[\/vc_column_text][\/vc_column][\/vc_row][vc_row][vc_column css=\u00bb.vc_custom_1706707409531{padding-right: 50px !important;padding-bottom: 50px !important;padding-left: 50px !important;}\u00bb][vc_column_text css=\u00bb.vc_custom_1706708802522{padding-bottom: 25px !important;}\u00bb]<\/p>\n<p style=\"text-align: center;\">La informaci\u00f3n sobre la matr\u00edcula est\u00e1 disponible en las Directrices Espec\u00edficas que regulan el procedimiento de inscripci\u00f3n y matr\u00edcula de cada curso acad\u00e9mico y que se podr\u00e1n consultar en el apartado de \u201cnormativa\u201d.<\/p>\n<p>[\/vc_column_text][\/vc_column][\/vc_row][vc_row][vc_column css=\u00bb.vc_custom_1706707169859{margin-right: 5px !important;padding-bottom: 15px !important;background-color: #79bac1 !important;}\u00bb][vc_column_text]<\/p>\n<h2 style=\"text-align: center;\"><span style=\"color: #ffffff;\"><a style=\"color: #ffffff;\" href=\"https:\/\/drive.google.com\/file\/d\/1LIIzC2jCfSMKYFa8S7devfmiR6R1MvXU\/view?usp=drive_link\" target=\"_blank\" rel=\"noopener\" target=\"_blank\" rel=\"noopener\"><strong>Formulario de matr\u00edcula<\/strong><\/a><\/span><\/h2>\n<p>[\/vc_column_text][\/vc_column][\/vc_row][vc_row][vc_column][vc_empty_space height=\u00bb50px\u00bb][\/vc_column][\/vc_row][vc_row disable_element=\u00bbyes\u00bb][vc_column width=\u00bb1\/2&#8243; css=\u00bb.vc_custom_1706707169859{margin-right: 5px !important;padding-bottom: 15px !important;background-color: #79bac1 !important;}\u00bb][vc_column_text]<\/p>\n<h2 style=\"text-align: center;\"><span style=\"color: #ffffff;\"><a style=\"color: #ffffff;\" href=\"https:\/\/drive.google.com\/file\/d\/1dVTq3FqkGcXKaDR3pRzq52B7yllcDN_3\/view\" target=\"_blank\" rel=\"noopener\" target=\"_blank\" rel=\"noopener\"><strong>Formulario de matr\u00edcula<\/strong><\/a><\/span><\/h2>\n<p>[\/vc_column_text][\/vc_column][vc_column width=\u00bb1\/2&#8243; css=\u00bb.vc_custom_1706707430473{margin-left: 5px !important;padding-bottom: 15px !important;background-color: #2a7886 !important;}\u00bb][vc_column_text]<\/p>\n<h2 style=\"text-align: center;\"><span style=\"color: #ffffff;\"><a style=\"color: #ffffff;\" href=\"https:\/\/docs.google.com\/forms\/d\/e\/1FAIpQLSeKqCN098_vc3cpXR-S1cIr698M6t9jBHeLL2BzOVadMCVxnA\/viewform?usp=sf_link\" target=\"_blank\" rel=\"noopener\" target=\"_blank\" rel=\"noopener\">Formulario de matr\u00edcula fuera de plazo<\/a><\/span><\/h2>\n<p>[\/vc_column_text][\/vc_column][\/vc_row][vc_row][vc_column width=\u00bb1\/2&#8243; css=\u00bb.vc_custom_1706707169859{margin-right: 5px !important;padding-bottom: 15px !important;background-color: #79bac1 !important;}\u00bb][vc_column_text]<\/p>\n<h2 style=\"text-align: center;\"><span style=\"color: #ffffff;\"><a style=\"color: #ffffff;\" href=\"https:\/\/drive.google.com\/file\/d\/1Cj4Hi5cB4mOAkEGa3VL11ec-c1QTc5SU\/view?usp=drive_link\" target=\"_blank\" rel=\"noopener\" target=\"_blank\" rel=\"noopener\"><strong>Horario del primer cuatrimestre<\/strong><\/a><\/span><\/h2>\n<p>[\/vc_column_text][\/vc_column][vc_column width=\u00bb1\/2&#8243; css=\u00bb.vc_custom_1706707430473{margin-left: 5px !important;padding-bottom: 15px !important;background-color: #2a7886 !important;}\u00bb][vc_column_text]<\/p>\n<h2 style=\"text-align: center;\"><span style=\"color: #ffffff;\"><a style=\"color: #ffffff;\" href=\"https:\/\/drive.google.com\/file\/d\/1wfXvXRTxTidc2sQNXVY7NwUmTDBNCg5I\/view?usp=drive_link\" target=\"_blank\" rel=\"noopener\" target=\"_blank\" rel=\"noopener\">Horario del segundo cuatrimestre<\/a><\/span><\/h2>\n<p>[\/vc_column_text][\/vc_column][\/vc_row][vc_row][vc_column][vc_empty_space height=\u00bb50&#8243;][\/vc_column][\/vc_row][vc_row disable_element=\u00bbyes\u00bb][vc_column width=\u00bb1\/2&#8243; css=\u00bb.vc_custom_1706707642171{padding-top: 30px !important;padding-right: 50px !important;padding-bottom: 30px !important;padding-left: 30px !important;background-color: #f0e8e5 !important;}\u00bb][vc_column_text css=\u00bb.vc_custom_1706707504962{padding-top: 10px !important;padding-bottom: 10px !important;}\u00bb]<\/p>\n<h2><span style=\"color: #512b58;\"><strong>Solicitud provisional de matr\u00edcula<\/strong><\/span><\/h2>\n<p>[\/vc_column_text][vc_column_text]Los formularios se habilitar\u00e1n a partir de las 10:00h. del 22 de enero de 2024<\/p>\n<ul>\n<li><span style=\"color: #512b58;\"><strong><a style=\"color: #512b58;\" href=\"https:\/\/forms.gle\/gQkjBJaSjX59D66T6\" target=\"_blank\" rel=\"noopener\" target=\"_blank\" rel=\"noopener\">Solicitud de inscripci\u00f3n en el Diploma de Arte y Creatividad<\/a><\/strong><\/span><\/li>\n<li><span style=\"color: #512b58;\"><strong><a style=\"color: #512b58;\" href=\"https:\/\/forms.gle\/af6hgTELa6DG6LKh6\" target=\"_blank\" rel=\"noopener\" target=\"_blank\" rel=\"noopener\">Solicitud de inscripci\u00f3n en el Diploma de Cultura Cient\u00edfica y Tecnol\u00f3gica<\/a><\/strong><\/span><\/li>\n<li><span style=\"color: #512b58;\"><strong><a style=\"color: #512b58;\" href=\"https:\/\/forms.gle\/4jgMSUgev4NktuYn9\" target=\"_blank\" rel=\"noopener\" target=\"_blank\" rel=\"noopener\">Solicitud de inscripci\u00f3n en el Diploma de Humanidades y Ciencias Sociales<\/a><\/strong><\/span><\/li>\n<\/ul>\n<p>[\/vc_column_text][\/vc_column][vc_column width=\u00bb1\/2&#8243;][vc_single_image image=\u00bb2035&#8243; img_size=\u00bbfull\u00bb css=\u00bb.vc_custom_1706707662844{padding-top: 30px !important;padding-right: 30px !important;padding-bottom: 30px !important;padding-left: 30px !important;}\u00bb][\/vc_column][\/vc_row][vc_row][vc_column][vc_empty_space height=\u00bb50px\u00bb][\/vc_column][\/vc_row][vc_row][vc_column width=\u00bb1\/2&#8243;][vc_single_image image=\u00bb2125&#8243; img_size=\u00bbfull\u00bb alignment=\u00bbcenter\u00bb][\/vc_column][vc_column width=\u00bb1\/2&#8243; css=\u00bb.vc_custom_1706708691195{padding-top: 30px !important;padding-right: 30px !important;padding-bottom: 30px !important;padding-left: 30px !important;background-color: #f0e8e5 !important;}\u00bb][vc_column_text css=\u00bb.vc_custom_1722427480062{padding-top: 10px !important;padding-bottom: 10px !important;}\u00bb]<\/p>\n<h2><span style=\"color: #512b58;\"><strong>Directrices de matr\u00edcula<\/strong><\/span><\/h2>\n<p>[\/vc_column_text][vc_column_text]<\/p>\n<ul>\n<li><a href=\"https:\/\/drive.google.com\/file\/d\/1d2wt8GLUo0AEldYSv9y-IMy03X0NsqWd\/view?usp=drive_link\" target=\"_blank\" rel=\"noopener\" target=\"_blank\" rel=\"noopener\">Instrucci\u00f3n reguladora del procedimiento de admisi\u00f3n y matr\u00edcula para el curso acad\u00e9mico 2025-2026<\/a><\/li>\n<li><a href=\"https:\/\/drive.google.com\/file\/d\/1ObPXbor8Q0eL2_vm32MViKZPYjTf2BBa\/view?usp=drive_link\" target=\"_blank\" rel=\"noopener\" data-saferedirecturl=\"https:\/\/www.google.com\/url?q=https:\/\/drive.google.com\/file\/d\/1wnj2F_JhNBIhNv23KdDyL3d4OoyuJiGw\/view?usp%3Ddrive_link&amp;source=gmail&amp;ust=1722506743305000&amp;usg=AOvVaw2NysMooLXIRv-HMN2ext0I\" target=\"_blank\" rel=\"noopener\">Calendario de matr\u00edcula<\/a><\/li>\n<li><a href=\"https:\/\/drive.google.com\/file\/d\/1FIi-gh2WgZkPzO5JhLNg76d1PqlTa1f9\/view?usp=drive_link\" target=\"_blank\" rel=\"noopener\" data-saferedirecturl=\"https:\/\/www.google.com\/url?q=https:\/\/drive.google.com\/file\/d\/1_KmdtdgGeoCvJRD1D_8xu26TAYVkhvft\/view?usp%3Ddrive_link&amp;source=gmail&amp;ust=1722599297620000&amp;usg=AOvVaw2uTqvf5kXDQr5d9cYLRi7D\" target=\"_blank\" rel=\"noopener\">Calendario general para el curso 2025-2026.<\/a><\/li>\n<\/ul>\n<p>[\/vc_column_text][\/vc_column][\/vc_row][vc_row][vc_column][vc_empty_space height=\u00bb100&#8243;][\/vc_column][\/vc_row]<\/p>\n","protected":false},"excerpt":{"rendered":"<p>[vc_row css=\u00bb.vc_custom_1706697565094{margin-top: -50px !important;padding-top: 100px !important;padding-bottom: 100px !important;background-image: url(https:\/\/www.ull.es\/portal\/universidaddemayores\/wp-content\/uploads\/sites\/9\/2024\/01\/fondo-transparente-02.png?id=2065) !important;background-position: center !important;background-repeat: no-repeat !important;background-size: contain !important;}\u00bb][vc_column][vc_column_text] Matr\u00edcula [\/vc_column_text][\/vc_column][\/vc_row][vc_row][vc_column css=\u00bb.vc_custom_1706707409531{padding-right: 50px&#8230;<\/p>\n","protected":false},"author":22,"featured_media":0,"parent":0,"menu_order":0,"comment_status":"closed","ping_status":"closed","template":"","meta":{"inline_featured_image":false,"footnotes":""},"acf":[],"yoast_head":"<!-- This site is optimized with the Yoast SEO plugin v21.3 - https:\/\/yoast.com\/wordpress\/plugins\/seo\/ -->\n<title>Matr\u00edcula - Universidad de Mayores<\/title>\n<meta name=\"robots\" content=\"index, follow, max-snippet:-1, max-image-preview:large, max-video-preview:-1\" \/>\n<link rel=\"canonical\" href=\"https:\/\/www.ull.es\/portal\/universidaddemayores\/matricula\/\" \/>\n<meta property=\"og:locale\" content=\"es_ES\" \/>\n<meta property=\"og:type\" content=\"article\" \/>\n<meta property=\"og:title\" content=\"Matr\u00edcula - Universidad de Mayores\" \/>\n<meta property=\"og:description\" content=\"[vc_row css=\u00bb.vc_custom_1706697565094{margin-top: -50px !important;padding-top: 100px !important;padding-bottom: 100px !important;background-image: url(https:\/\/www.ull.es\/portal\/universidaddemayores\/wp-content\/uploads\/sites\/9\/2024\/01\/fondo-transparente-02.png?id=2065) !important;background-position: center !important;background-repeat: no-repeat !important;background-size: contain !important;}\u00bb][vc_column][vc_column_text] Matr\u00edcula [\/vc_column_text][\/vc_column][\/vc_row][vc_row][vc_column css=\u00bb.vc_custom_1706707409531{padding-right: 50px...\" \/>\n<meta property=\"og:url\" content=\"https:\/\/www.ull.es\/portal\/universidaddemayores\/matricula\/\" \/>\n<meta property=\"og:site_name\" content=\"Universidad de Mayores\" \/>\n<meta property=\"article:modified_time\" content=\"2025-09-09T07:37:00+00:00\" \/>\n<meta name=\"twitter:card\" content=\"summary_large_image\" \/>\n<meta name=\"twitter:label1\" content=\"Tiempo de lectura\" \/>\n\t<meta name=\"twitter:data1\" content=\"2 minutos\" \/>\n<script type=\"application\/ld+json\" class=\"yoast-schema-graph\">{\"@context\":\"https:\/\/schema.org\",\"@graph\":[{\"@type\":\"WebPage\",\"@id\":\"https:\/\/www.ull.es\/portal\/universidaddemayores\/matricula\/\",\"url\":\"https:\/\/www.ull.es\/portal\/universidaddemayores\/matricula\/\",\"name\":\"Matr\u00edcula - Universidad de Mayores\",\"isPartOf\":{\"@id\":\"https:\/\/www.ull.es\/portal\/universidaddemayores\/#website\"},\"datePublished\":\"2017-03-15T11:45:32+00:00\",\"dateModified\":\"2025-09-09T07:37:00+00:00\",\"breadcrumb\":{\"@id\":\"https:\/\/www.ull.es\/portal\/universidaddemayores\/matricula\/#breadcrumb\"},\"inLanguage\":\"es\",\"potentialAction\":[{\"@type\":\"ReadAction\",\"target\":[\"https:\/\/www.ull.es\/portal\/universidaddemayores\/matricula\/\"]}]},{\"@type\":\"BreadcrumbList\",\"@id\":\"https:\/\/www.ull.es\/portal\/universidaddemayores\/matricula\/#breadcrumb\",\"itemListElement\":[{\"@type\":\"ListItem\",\"position\":1,\"name\":\"Portada\",\"item\":\"https:\/\/www.ull.es\/portal\/universidaddemayores\/\"},{\"@type\":\"ListItem\",\"position\":2,\"name\":\"Matr\u00edcula\"}]},{\"@type\":\"WebSite\",\"@id\":\"https:\/\/www.ull.es\/portal\/universidaddemayores\/#website\",\"url\":\"https:\/\/www.ull.es\/portal\/universidaddemayores\/\",\"name\":\"Universidad de Mayores\",\"description\":\"\",\"potentialAction\":[{\"@type\":\"SearchAction\",\"target\":{\"@type\":\"EntryPoint\",\"urlTemplate\":\"https:\/\/www.ull.es\/portal\/universidaddemayores\/?s={search_term_string}\"},\"query-input\":\"required name=search_term_string\"}],\"inLanguage\":\"es\"}]}<\/script>\n<!-- \/ Yoast SEO plugin. -->","yoast_head_json":{"title":"Matr\u00edcula - Universidad de Mayores","robots":{"index":"index","follow":"follow","max-snippet":"max-snippet:-1","max-image-preview":"max-image-preview:large","max-video-preview":"max-video-preview:-1"},"canonical":"https:\/\/www.ull.es\/portal\/universidaddemayores\/matricula\/","og_locale":"es_ES","og_type":"article","og_title":"Matr\u00edcula - Universidad de Mayores","og_description":"[vc_row css=\u00bb.vc_custom_1706697565094{margin-top: -50px !important;padding-top: 100px !important;padding-bottom: 100px !important;background-image: url(https:\/\/www.ull.es\/portal\/universidaddemayores\/wp-content\/uploads\/sites\/9\/2024\/01\/fondo-transparente-02.png?id=2065) !important;background-position: center !important;background-repeat: no-repeat !important;background-size: contain !important;}\u00bb][vc_column][vc_column_text] Matr\u00edcula [\/vc_column_text][\/vc_column][\/vc_row][vc_row][vc_column css=\u00bb.vc_custom_1706707409531{padding-right: 50px...","og_url":"https:\/\/www.ull.es\/portal\/universidaddemayores\/matricula\/","og_site_name":"Universidad de Mayores","article_modified_time":"2025-09-09T07:37:00+00:00","twitter_card":"summary_large_image","twitter_misc":{"Tiempo de lectura":"2 minutos"},"schema":{"@context":"https:\/\/schema.org","@graph":[{"@type":"WebPage","@id":"https:\/\/www.ull.es\/portal\/universidaddemayores\/matricula\/","url":"https:\/\/www.ull.es\/portal\/universidaddemayores\/matricula\/","name":"Matr\u00edcula - Universidad de Mayores","isPartOf":{"@id":"https:\/\/www.ull.es\/portal\/universidaddemayores\/#website"},"datePublished":"2017-03-15T11:45:32+00:00","dateModified":"2025-09-09T07:37:00+00:00","breadcrumb":{"@id":"https:\/\/www.ull.es\/portal\/universidaddemayores\/matricula\/#breadcrumb"},"inLanguage":"es","potentialAction":[{"@type":"ReadAction","target":["https:\/\/www.ull.es\/portal\/universidaddemayores\/matricula\/"]}]},{"@type":"BreadcrumbList","@id":"https:\/\/www.ull.es\/portal\/universidaddemayores\/matricula\/#breadcrumb","itemListElement":[{"@type":"ListItem","position":1,"name":"Portada","item":"https:\/\/www.ull.es\/portal\/universidaddemayores\/"},{"@type":"ListItem","position":2,"name":"Matr\u00edcula"}]},{"@type":"WebSite","@id":"https:\/\/www.ull.es\/portal\/universidaddemayores\/#website","url":"https:\/\/www.ull.es\/portal\/universidaddemayores\/","name":"Universidad de Mayores","description":"","potentialAction":[{"@type":"SearchAction","target":{"@type":"EntryPoint","urlTemplate":"https:\/\/www.ull.es\/portal\/universidaddemayores\/?s={search_term_string}"},"query-input":"required name=search_term_string"}],"inLanguage":"es"}]}},"_links":{"self":[{"href":"https:\/\/www.ull.es\/portal\/universidaddemayores\/wp-json\/wp\/v2\/pages\/582"}],"collection":[{"href":"https:\/\/www.ull.es\/portal\/universidaddemayores\/wp-json\/wp\/v2\/pages"}],"about":[{"href":"https:\/\/www.ull.es\/portal\/universidaddemayores\/wp-json\/wp\/v2\/types\/page"}],"author":[{"embeddable":true,"href":"https:\/\/www.ull.es\/portal\/universidaddemayores\/wp-json\/wp\/v2\/users\/22"}],"replies":[{"embeddable":true,"href":"https:\/\/www.ull.es\/portal\/universidaddemayores\/wp-json\/wp\/v2\/comments?post=582"}],"version-history":[{"count":120,"href":"https:\/\/www.ull.es\/portal\/universidaddemayores\/wp-json\/wp\/v2\/pages\/582\/revisions"}],"predecessor-version":[{"id":2330,"href":"https:\/\/www.ull.es\/portal\/universidaddemayores\/wp-json\/wp\/v2\/pages\/582\/revisions\/2330"}],"wp:attachment":[{"href":"https:\/\/www.ull.es\/portal\/universidaddemayores\/wp-json\/wp\/v2\/media?parent=582"}],"curies":[{"name":"wp","href":"https:\/\/api.w.org\/{rel}","templated":true}]}}