{"id":910,"date":"2017-06-08T12:34:59","date_gmt":"2017-06-08T12:34:59","guid":{"rendered":"http:\/\/eupamnew.shidix.es\/?page_id=910"},"modified":"2025-10-16T11:42:36","modified_gmt":"2025-10-16T11:42:36","slug":"profesorado","status":"publish","type":"page","link":"https:\/\/www.ull.es\/portal\/universidaddemayores\/profesorado\/","title":{"rendered":"Profesorado"},"content":{"rendered":"<p>[vc_row][vc_column css=\u00bb.vc_custom_1706543031030{padding-top: 100px !important;padding-bottom: 100px !important;background-image: url(https:\/\/www.ull.es\/portal\/universidaddemayores\/wp-content\/uploads\/sites\/9\/2024\/01\/fondo-transparente-02.png?id=2065) !important;background-position: center !important;background-repeat: no-repeat !important;background-size: contain !important;}\u00bb][vc_column_text]<\/p>\n<h1 style=\"text-align: center;\"><strong><span style=\"color: #512b58;\">Profesorado<\/span><\/strong><\/h1>\n<p>[\/vc_column_text][vc_empty_space][\/vc_column][\/vc_row][vc_row gap=\u00bb30&#8243;][vc_column width=\u00bb1\/2&#8243; css=\u00bb.vc_custom_1722427866903{padding-bottom: 20px !important;background-color: #2a7886 !important;}\u00bb][vc_column_text]<\/p>\n<h2 style=\"text-align: center;\"><a href=\"https:\/\/drive.google.com\/file\/d\/1U2vdABaDtvSbFVp6cOxYJYBPOQnrF0jQ\/view?usp=sharing\" target=\"_blank\" rel=\"noopener\" target=\"_blank\" rel=\"noopener\"><span style=\"color: #ffffff;\"> Profesorado M\u00f3dulo 1 <\/span><\/a><\/h2>\n<p>[\/vc_column_text][\/vc_column][vc_column width=\u00bb1\/2&#8243; css=\u00bb.vc_custom_1722427870670{padding-bottom: 20px !important;background-color: #79bac1 !important;}\u00bb][vc_column_text]<\/p>\n<h2 style=\"text-align: center;\"><a href=\"https:\/\/drive.google.com\/file\/d\/18xRiOJIyOKcyXpnb9mrfRLpbDSC_BLxr\/view?usp=sharing\" target=\"_blank\" rel=\"noopener\" target=\"_blank\" rel=\"noopener\"><span style=\"color: #ffffff;\">Profesorado M\u00f3dulo 2<\/span><\/a><\/h2>\n<p>[\/vc_column_text][\/vc_column][\/vc_row][vc_row gap=\u00bb30&#8243; disable_element=\u00bbyes\u00bb][vc_column width=\u00bb1\/2&#8243; css=\u00bb.vc_custom_1722427874241{padding-bottom: 20px !important;background-color: #79bac1 !important;}\u00bb][vc_column_text]<\/p>\n<h2 style=\"text-align: center;\"><a href=\"https:\/\/drive.google.com\/file\/d\/1kNZzwmetUSm0T_qnT7v4OKkUr0fW9PKj\/view?usp=drive_link\" target=\"_blank\" rel=\"noopener\" target=\"_blank\" rel=\"noopener\"><span style=\"color: #ffffff;\">\u00c1mbito de Ciencias<\/span><\/a><\/h2>\n<p>[\/vc_column_text][\/vc_column][vc_column width=\u00bb1\/2&#8243; css=\u00bb.vc_custom_1722427878115{padding-bottom: 20px !important;background-color: #2a7886 !important;}\u00bb][vc_column_text]<\/p>\n<h2 style=\"text-align: center;\"><a href=\"https:\/\/drive.google.com\/file\/d\/1hSumwed66m5NPIFmecmwAUnpUMzUi0Qx\/view?usp=drive_link\" target=\"_blank\" rel=\"noopener\" target=\"_blank\" rel=\"noopener\"><span style=\"color: #ffffff;\">\u00c1mbito de Ciencias de la Salud<\/span><\/a><\/h2>\n<p>[\/vc_column_text][\/vc_column][\/vc_row][vc_row gap=\u00bb30&#8243; disable_element=\u00bbyes\u00bb css=\u00bb.vc_custom_1760614954550{padding-top: 0px !important;padding-bottom: 0px !important;}\u00bb][vc_column width=\u00bb1\/2&#8243; css=\u00bb.vc_custom_1722427881515{padding-bottom: 20px !important;background-color: #512b58 !important;}\u00bb][vc_column_text]<\/p>\n<h2 style=\"text-align: center;\"><a href=\"https:\/\/drive.google.com\/file\/d\/1kNZzwmetUSm0T_qnT7v4OKkUr0fW9PKj\/view?usp=drive_link\" target=\"_blank\" rel=\"noopener\" target=\"_blank\" rel=\"noopener\"><span style=\"color: #ffffff;\">Ingenier\u00eda y Arquitectura T\u00e9cnica<\/span><\/a><\/h2>\n<p>[\/vc_column_text][\/vc_column][vc_column width=\u00bb1\/2&#8243; css=\u00bb.vc_custom_1708433324042{padding-bottom: 20px !important;}\u00bb][vc_single_image image=\u00bb2262&#8243; img_size=\u00bblarge\u00bb alignment=\u00bbcenter\u00bb css=\u00bb.vc_custom_1708433417954{padding-top: 20px !important;}\u00bb][\/vc_column][\/vc_row][vc_row css=\u00bb.vc_custom_1708430398561{padding-top: 30px !important;}\u00bb][vc_column][vc_zigzag color=\u00bbturquoise\u00bb][\/vc_column][\/vc_row][vc_row][vc_column width=\u00bb1\/2&#8243; css=\u00bb.vc_custom_1706543315888{padding-top: 50px !important;padding-bottom: 50px !important;}\u00bb][vc_column_text]<\/p>\n<p style=\"text-align: left;\">La docencia se asignar\u00e1 mediante la correspondiente convocatoria anual.<\/p>\n<p>[\/vc_column_text][vc_row_inner][vc_column_inner][vc_single_image image=\u00bb2021&#8243; img_size=\u00bbfull\u00bb alignment=\u00bbcenter\u00bb][vc_empty_space height=\u00bb50px\u00bb][\/vc_column_inner][\/vc_row_inner][\/vc_column][vc_column width=\u00bb1\/2&#8243; css=\u00bb.vc_custom_1706543645471{padding-top: 50px !important;}\u00bb][vc_column_text]<style>\n    .news-group .bg-size {\n        background-position: center;\n        background-size: cover;\n        width: 100%;\n        height: 48px;\n    }\n    .news-group .list-group-item-text {\n        font-size: 13px;\n    }\n    .news-group .col-md-3 {\n        padding-right: 0;\n    }\n    .news-group .list-group-item-date {\n        font-size: 11px;\n        color: #A4A4A4;\n        margin-bottom: 2px;\n        text-transform: uppercase;\n    }\n\n    .mensaje.alert-warning{\n        font-size: 12px;\n        margin: 14px !important;\n        padding: 4px 8px;\n        color: #cca60b;\n    }\n\n<\/style>\n\n\n<!--<pre>-->\n<!--    --><!--<\/pre>-->\n\n<div class=\"panel panel-default\">\n    <div class=\"panel-heading\">\n        <h3 class=\"panel-title\">Convocatorias<\/h3>\n    <\/div>\n\n    <div class=\"list-group news-group\">\n                            <a href=\"https:\/\/www.ull.es\/portal\/convocatorias\/convocatoria\/convocatoria-de-proyectos-docentes-para-las-materias-de-los-estudios-de-extension-universitaria-de-la-universidad-de-adultos-y-mayores-del-curso-academico-2024-2025\/\" class=\"list-group-item\">\n                    <div class=\"row\">\n                        <div class=\"col-md-12\">\n                            <p class=\"list-group-item-date\">\n                                Fecha de modificaci\u00f3n: 16 Jul 2024 - 07:47 UTC                            <\/p>\n                            <p class=\"list-group-item-text\">Convocatoria de Proyectos Docentes para las materias de los Estudios de Extensi\u00f3n Universitaria de la Universidad de Adultos y Mayores del curso acad\u00e9mico 2024-2025<\/p>\n                        <\/div>\n                    <\/div>\n                <\/a>\n                            <a href=\"https:\/\/www.ull.es\/portal\/convocatorias\/convocatoria\/convocatoria-de-proyectos-docentes-para-las-materias-de-los-estudios-universitarios-para-personas-adultas-y-mayores-del-curso-2023-2024\/\" class=\"list-group-item\">\n                    <div class=\"row\">\n                        <div class=\"col-md-12\">\n                            <p class=\"list-group-item-date\">\n                                Fecha de modificaci\u00f3n: 30 Oct 2023 - 12:44 UTC                            <\/p>\n                            <p class=\"list-group-item-text\">Convocatoria de Proyectos Docentes para las materias de los Estudios Universitarios para Personas Adultas y Mayores del curso 2023-2024<\/p>\n                        <\/div>\n                    <\/div>\n                <\/a>\n                            <a href=\"https:\/\/www.ull.es\/portal\/convocatorias\/convocatoria\/convocatoria-de-proyectos-docentes-para-las-materias-de-los-estudios-universitarios-para-personas-adultas-y-mayores-del-curso-2022-2023\/\" class=\"list-group-item\">\n                    <div class=\"row\">\n                        <div class=\"col-md-12\">\n                            <p class=\"list-group-item-date\">\n                                Fecha de modificaci\u00f3n: 19 Sep 2022 - 12:05 UTC                            <\/p>\n                            <p class=\"list-group-item-text\">Convocatoria de Proyectos Docentes para las materias de los Estudios Universitarios para Personas Adultas y Mayores del curso 2022-2023<\/p>\n                        <\/div>\n                    <\/div>\n                <\/a>\n                            <a href=\"https:\/\/www.ull.es\/portal\/convocatorias\/convocatoria\/convocatoria-de-proyectos-docentes-para-las-materias-de-los-estudios-universitarios-para-personas-adultas-y-mayores-del-curso-2021-2022\/\" class=\"list-group-item\">\n                    <div class=\"row\">\n                        <div class=\"col-md-12\">\n                            <p class=\"list-group-item-date\">\n                                Fecha de modificaci\u00f3n: 01 Oct 2021 - 12:18 UTC                            <\/p>\n                            <p class=\"list-group-item-text\">Convocatoria de Proyectos Docentes para las materias de los Estudios Universitarios para Personas Adultas y Mayores del curso 2021-2022<\/p>\n                        <\/div>\n                    <\/div>\n                <\/a>\n                            <a href=\"https:\/\/www.ull.es\/portal\/convocatorias\/convocatoria\/bases-de-la-convocatoria-del-profesorado-para-eupam-para-el-2o-cuatrimestre-del-curso-2020-2021\/\" class=\"list-group-item\">\n                    <div class=\"row\">\n                        <div class=\"col-md-12\">\n                            <p class=\"list-group-item-date\">\n                                Fecha de modificaci\u00f3n: 02 Mar 2021 - 11:24 UTC                            <\/p>\n                            <p class=\"list-group-item-text\">Convocatoria de Proyectos Docentes para las materias de los Estudios Universitarios para Personas Adultas y Mayores del segundo cuatrimestre del curso 2020-2021<\/p>\n                        <\/div>\n                    <\/div>\n                <\/a>\n                <\/div>\n\n    <div class=\"panel-footer\">\n                    <a href=\"https:\/\/www.ull.es\/portal\/convocatorias\/categorias\/empleo-publico\">M\u00c1S CONVOCATORIAS <i class=\"fa fa-chevron-right\"><\/i><\/a>\n            <\/div>\n\n    \n<\/div>[\/vc_column_text][\/vc_column][\/vc_row][vc_row][vc_column width=\u00bb1\/2&#8243; css=\u00bb.vc_custom_1706543540390{padding-top: 10px !important;padding-right: 50px !important;padding-bottom: 50px !important;padding-left: 50px !important;background-color: #2a7886 !important;}\u00bb][vc_column_text]<\/p>\n<h3><span style=\"color: #ffffff;\"><strong>Retribuciones<\/strong><\/span><\/h3>\n<p>[\/vc_column_text][vc_column_text]<span style=\"color: #ffffff;\">Conforme a lo establecido anualmente en los presupuestos ULL<\/span> <span style=\"color: #ccffff;\">(<a style=\"color: #ccffff;\" href=\"https:\/\/www.ull.es\/portal\/transparente\/economico-financiera\/\" target=\"_blank\" rel=\"noopener\" target=\"_blank\" rel=\"noopener\">Normativa Econ\u00f3mica Financiera<\/a>)<\/span> <span style=\"color: #ffffff;\">y en aplicaci\u00f3n de la Resoluci\u00f3n de Gerencia relativa a la tramitaci\u00f3n del gasto derivado de actividades de formaci\u00f3n, conferencias o an\u00e1logas de fecha 04 de noviembre de 2019<\/span><\/p>\n<p><span style=\"color: #ccffff;\"><a style=\"color: #ccffff;\" href=\"https:\/\/riull.ull.es\/xmlui\/handle\/915\/17453\" target=\"_blank\" rel=\"noopener\" target=\"_blank\" rel=\"noopener\">Instrucci\u00f3n relativa a la tramitaci\u00f3n del gasto derivado de actividades de formaci\u00f3n, conferencias o an\u00e1logas<\/a>.<\/span>[\/vc_column_text][vc_column_text]<\/p>\n<h3><span style=\"color: #ffffff;\">Resoluciones<\/span><\/h3>\n<p>[\/vc_column_text][vc_column_text]<span style=\"color: #ccffff;\"><a style=\"color: #ccffff;\" href=\"https:\/\/drive.google.com\/file\/d\/1_BPvFkBYFrktczpDsuO7i6WPIiQdt-oL\/view\" target=\"_blank\" rel=\"noopener\" target=\"_blank\" rel=\"noopener\">Resoluci\u00f3n de la Vicerrectora de Cultura y Extensi\u00f3n Universitaria por la que se ampl\u00eda el plazo de presentaci\u00f3n de solicitudes de la convocatoria de proyectos docentes para las materias de los estudios universitarios para personas adultas y mayores del curso acad\u00e9mico 2023-2024<\/a>.<\/span>[\/vc_column_text][\/vc_column][vc_column width=\u00bb1\/2&#8243;][vc_column_text css=\u00bb.vc_custom_1706196217496{padding-top: 25px !important;padding-bottom: 25px !important;}\u00bb]Para cualquier consulta\u00a0puede escribir un correo a <a href=\"mailto:umayores@ull.edu.es\" target=\"_blank\" rel=\"noopener\">umayores@ull.es<\/a>[\/vc_column_text][vc_single_image image=\u00bb2125&#8243; img_size=\u00bbfull\u00bb alignment=\u00bbcenter\u00bb][\/vc_column][\/vc_row]<\/p>\n","protected":false},"excerpt":{"rendered":"<p>[vc_row][vc_column css=\u00bb.vc_custom_1706543031030{padding-top: 100px !important;padding-bottom: 100px !important;background-image: url(https:\/\/www.ull.es\/portal\/universidaddemayores\/wp-content\/uploads\/sites\/9\/2024\/01\/fondo-transparente-02.png?id=2065) !important;background-position: center !important;background-repeat: no-repeat !important;background-size: contain !important;}\u00bb][vc_column_text] Profesorado [\/vc_column_text][vc_empty_space][\/vc_column][\/vc_row][vc_row gap=\u00bb30&#8243;][vc_column width=\u00bb1\/2&#8243; css=\u00bb.vc_custom_1722427866903{padding-bottom: 20px&#8230;<\/p>\n","protected":false},"author":22,"featured_media":0,"parent":0,"menu_order":0,"comment_status":"closed","ping_status":"closed","template":"templates\/template-no-title.php","meta":{"inline_featured_image":false,"footnotes":""},"acf":[],"yoast_head":"<!-- This site is optimized with the Yoast SEO plugin v21.3 - https:\/\/yoast.com\/wordpress\/plugins\/seo\/ -->\n<title>Profesorado - Universidad de Mayores<\/title>\n<meta name=\"robots\" content=\"index, follow, max-snippet:-1, max-image-preview:large, max-video-preview:-1\" \/>\n<link rel=\"canonical\" href=\"https:\/\/www.ull.es\/portal\/universidaddemayores\/profesorado\/\" \/>\n<meta property=\"og:locale\" content=\"es_ES\" \/>\n<meta property=\"og:type\" content=\"article\" \/>\n<meta property=\"og:title\" content=\"Profesorado - Universidad de Mayores\" \/>\n<meta property=\"og:description\" content=\"[vc_row][vc_column css=\u00bb.vc_custom_1706543031030{padding-top: 100px !important;padding-bottom: 100px !important;background-image: url(https:\/\/www.ull.es\/portal\/universidaddemayores\/wp-content\/uploads\/sites\/9\/2024\/01\/fondo-transparente-02.png?id=2065) !important;background-position: center !important;background-repeat: no-repeat !important;background-size: contain !important;}\u00bb][vc_column_text] Profesorado [\/vc_column_text][vc_empty_space][\/vc_column][\/vc_row][vc_row gap=\u00bb30&#8243;][vc_column width=\u00bb1\/2&#8243; css=\u00bb.vc_custom_1722427866903{padding-bottom: 20px...\" \/>\n<meta property=\"og:url\" content=\"https:\/\/www.ull.es\/portal\/universidaddemayores\/profesorado\/\" \/>\n<meta property=\"og:site_name\" content=\"Universidad de Mayores\" \/>\n<meta property=\"article:modified_time\" content=\"2025-10-16T11:42:36+00:00\" \/>\n<meta name=\"twitter:card\" content=\"summary_large_image\" \/>\n<meta name=\"twitter:label1\" content=\"Tiempo de lectura\" \/>\n\t<meta name=\"twitter:data1\" content=\"2 minutos\" \/>\n<script type=\"application\/ld+json\" class=\"yoast-schema-graph\">{\"@context\":\"https:\/\/schema.org\",\"@graph\":[{\"@type\":\"WebPage\",\"@id\":\"https:\/\/www.ull.es\/portal\/universidaddemayores\/profesorado\/\",\"url\":\"https:\/\/www.ull.es\/portal\/universidaddemayores\/profesorado\/\",\"name\":\"Profesorado - Universidad de Mayores\",\"isPartOf\":{\"@id\":\"https:\/\/www.ull.es\/portal\/universidaddemayores\/#website\"},\"datePublished\":\"2017-06-08T12:34:59+00:00\",\"dateModified\":\"2025-10-16T11:42:36+00:00\",\"breadcrumb\":{\"@id\":\"https:\/\/www.ull.es\/portal\/universidaddemayores\/profesorado\/#breadcrumb\"},\"inLanguage\":\"es\",\"potentialAction\":[{\"@type\":\"ReadAction\",\"target\":[\"https:\/\/www.ull.es\/portal\/universidaddemayores\/profesorado\/\"]}]},{\"@type\":\"BreadcrumbList\",\"@id\":\"https:\/\/www.ull.es\/portal\/universidaddemayores\/profesorado\/#breadcrumb\",\"itemListElement\":[{\"@type\":\"ListItem\",\"position\":1,\"name\":\"Portada\",\"item\":\"https:\/\/www.ull.es\/portal\/universidaddemayores\/\"},{\"@type\":\"ListItem\",\"position\":2,\"name\":\"Profesorado\"}]},{\"@type\":\"WebSite\",\"@id\":\"https:\/\/www.ull.es\/portal\/universidaddemayores\/#website\",\"url\":\"https:\/\/www.ull.es\/portal\/universidaddemayores\/\",\"name\":\"Universidad de Mayores\",\"description\":\"\",\"potentialAction\":[{\"@type\":\"SearchAction\",\"target\":{\"@type\":\"EntryPoint\",\"urlTemplate\":\"https:\/\/www.ull.es\/portal\/universidaddemayores\/?s={search_term_string}\"},\"query-input\":\"required name=search_term_string\"}],\"inLanguage\":\"es\"}]}<\/script>\n<!-- \/ Yoast SEO plugin. -->","yoast_head_json":{"title":"Profesorado - Universidad de Mayores","robots":{"index":"index","follow":"follow","max-snippet":"max-snippet:-1","max-image-preview":"max-image-preview:large","max-video-preview":"max-video-preview:-1"},"canonical":"https:\/\/www.ull.es\/portal\/universidaddemayores\/profesorado\/","og_locale":"es_ES","og_type":"article","og_title":"Profesorado - Universidad de Mayores","og_description":"[vc_row][vc_column css=\u00bb.vc_custom_1706543031030{padding-top: 100px !important;padding-bottom: 100px !important;background-image: url(https:\/\/www.ull.es\/portal\/universidaddemayores\/wp-content\/uploads\/sites\/9\/2024\/01\/fondo-transparente-02.png?id=2065) !important;background-position: center !important;background-repeat: no-repeat !important;background-size: contain !important;}\u00bb][vc_column_text] Profesorado [\/vc_column_text][vc_empty_space][\/vc_column][\/vc_row][vc_row gap=\u00bb30&#8243;][vc_column width=\u00bb1\/2&#8243; css=\u00bb.vc_custom_1722427866903{padding-bottom: 20px...","og_url":"https:\/\/www.ull.es\/portal\/universidaddemayores\/profesorado\/","og_site_name":"Universidad de Mayores","article_modified_time":"2025-10-16T11:42:36+00:00","twitter_card":"summary_large_image","twitter_misc":{"Tiempo de lectura":"2 minutos"},"schema":{"@context":"https:\/\/schema.org","@graph":[{"@type":"WebPage","@id":"https:\/\/www.ull.es\/portal\/universidaddemayores\/profesorado\/","url":"https:\/\/www.ull.es\/portal\/universidaddemayores\/profesorado\/","name":"Profesorado - Universidad de Mayores","isPartOf":{"@id":"https:\/\/www.ull.es\/portal\/universidaddemayores\/#website"},"datePublished":"2017-06-08T12:34:59+00:00","dateModified":"2025-10-16T11:42:36+00:00","breadcrumb":{"@id":"https:\/\/www.ull.es\/portal\/universidaddemayores\/profesorado\/#breadcrumb"},"inLanguage":"es","potentialAction":[{"@type":"ReadAction","target":["https:\/\/www.ull.es\/portal\/universidaddemayores\/profesorado\/"]}]},{"@type":"BreadcrumbList","@id":"https:\/\/www.ull.es\/portal\/universidaddemayores\/profesorado\/#breadcrumb","itemListElement":[{"@type":"ListItem","position":1,"name":"Portada","item":"https:\/\/www.ull.es\/portal\/universidaddemayores\/"},{"@type":"ListItem","position":2,"name":"Profesorado"}]},{"@type":"WebSite","@id":"https:\/\/www.ull.es\/portal\/universidaddemayores\/#website","url":"https:\/\/www.ull.es\/portal\/universidaddemayores\/","name":"Universidad de Mayores","description":"","potentialAction":[{"@type":"SearchAction","target":{"@type":"EntryPoint","urlTemplate":"https:\/\/www.ull.es\/portal\/universidaddemayores\/?s={search_term_string}"},"query-input":"required name=search_term_string"}],"inLanguage":"es"}]}},"_links":{"self":[{"href":"https:\/\/www.ull.es\/portal\/universidaddemayores\/wp-json\/wp\/v2\/pages\/910"}],"collection":[{"href":"https:\/\/www.ull.es\/portal\/universidaddemayores\/wp-json\/wp\/v2\/pages"}],"about":[{"href":"https:\/\/www.ull.es\/portal\/universidaddemayores\/wp-json\/wp\/v2\/types\/page"}],"author":[{"embeddable":true,"href":"https:\/\/www.ull.es\/portal\/universidaddemayores\/wp-json\/wp\/v2\/users\/22"}],"replies":[{"embeddable":true,"href":"https:\/\/www.ull.es\/portal\/universidaddemayores\/wp-json\/wp\/v2\/comments?post=910"}],"version-history":[{"count":69,"href":"https:\/\/www.ull.es\/portal\/universidaddemayores\/wp-json\/wp\/v2\/pages\/910\/revisions"}],"predecessor-version":[{"id":2346,"href":"https:\/\/www.ull.es\/portal\/universidaddemayores\/wp-json\/wp\/v2\/pages\/910\/revisions\/2346"}],"wp:attachment":[{"href":"https:\/\/www.ull.es\/portal\/universidaddemayores\/wp-json\/wp\/v2\/media?parent=910"}],"curies":[{"name":"wp","href":"https:\/\/api.w.org\/{rel}","templated":true}]}}