{"id":23,"date":"2020-06-26T08:28:14","date_gmt":"2020-06-26T08:28:14","guid":{"rendered":"https:\/\/www.ull.es\/catedras\/web-atenea\/?page_id=23"},"modified":"2024-10-01T07:32:57","modified_gmt":"2024-10-01T07:32:57","slug":"que-es","status":"publish","type":"page","link":"https:\/\/www.ull.es\/portal\/web-atenea\/que-es\/","title":{"rendered":"\u00bfQu\u00e9 es?"},"content":{"rendered":"<p>[vc_row full_width=\u00bbstretch_row_content\u00bb el_class=\u00bbprincipio-marcha\u00bb][vc_column css=\u00bb.vc_custom_1588939369209{padding-top: 40px !important;}\u00bb][vc_custom_heading text=\u00bb\u00bfQu\u00e9 es?\u00bb font_container=\u00bbtag:h2|font_size:40px|text_align:left|color:%23ffffff\u00bb use_theme_fonts=\u00bbyes\u00bb css_animation=\u00bbfadeInDownBig\u00bb css=\u00bb.vc_custom_1593160452777{padding-left: 5% !important;}\u00bb][\/vc_column][\/vc_row][vc_row full_width=\u00bbstretch_row_content\u00bb equal_height=\u00bbyes\u00bb][vc_column width=\u00bb1\/2&#8243; css=\u00bb.vc_custom_1588936329456{padding-top: 5% !important;padding-right: 10% !important;padding-bottom: 5% !important;padding-left: 10% !important;background-color: #f2f2f2 !important;}\u00bb][vc_column_text css_animation=\u00bbfadeInLeft\u00bb]<b>Descripci\u00f3n:<\/b><\/p>\n<p>El Programa de Mentor\u00eda Atenea-ULL, pionero a nivel nacional, es un programa espec\u00edfico para alumnado universitario de altas capacidades de la Universidad de La Laguna, <span class=\"gmail_signature_prefix\"><span class=\"gmail_default\">que se desarrolla en el marco del aula Cultural de la ULL de Altas Capacidades y Talento, en colaboraci\u00f3n con el Grupo de Investigaci\u00f3n Aplicada en Ciencias del Comportamiento (GIACCo).<\/span><\/span>[\/vc_column_text][\/vc_column][vc_column width=\u00bb1\/2&#8243; css=\u00bb.vc_custom_1593162174911{background: #e5e5e5 url(https:\/\/www.ull.es\/catedras\/web-atenea\/wp-content\/uploads\/sites\/8\/2020\/06\/atenea-1.jpg?id=32) !important;background-position: center !important;background-repeat: no-repeat !important;background-size: cover !important;}\u00bb][vc_empty_space height=\u00bb300px\u00bb][\/vc_column][\/vc_row][vc_row full_width=\u00bbstretch_row_content\u00bb equal_height=\u00bbyes\u00bb][vc_column width=\u00bb1\/2&#8243; css=\u00bb.vc_custom_1593438718490{background: #e5e5e5 url(https:\/\/www.ull.es\/portal\/web-atenea\/wp-content\/uploads\/sites\/41\/2020\/06\/atenea-20.jpg?id=84) !important;background-position: center !important;background-repeat: no-repeat !important;background-size: cover !important;}\u00bb][vc_empty_space height=\u00bb300px\u00bb][\/vc_column][vc_column width=\u00bb1\/2&#8243; css=\u00bb.vc_custom_1588936374313{padding-top: 5% !important;padding-right: 10% !important;padding-bottom: 5% !important;padding-left: 10% !important;background-color: #f2f2f2 !important;}\u00bb][vc_column_text css_animation=\u00bbfadeInRight\u00bb]<b>Objetivos:<\/b><\/p>\n<p>El objetivo principal es:<\/p>\n<ul>\n<li>Dar una respuesta educativa adecuada a las necesidades espec\u00edficas del alumnado con altas capacidades intelectuales en la ense\u00f1anza superior de la Universidad de La Laguna.<\/li>\n<\/ul>\n<p>Y como objetivos secundarios:<\/p>\n<ul>\n<li>Incrementar la motivaci\u00f3n del alumnado y el inter\u00e9s hacia diferentes conocimientos acad\u00e9micos a trav\u00e9s de conferencias plenarias y actividades espec\u00edficas impartidas por profesorado de la Universidad de La Laguna, profesores de universidades nacionales e internacionales y profesionales de diferentes ramas de conocimiento.<\/li>\n<li>Brindar la oportunidad de iniciarse en la investigaci\u00f3n, visitar centros empresariales y de investigaci\u00f3n e informarles del Programa Erasmus.<\/li>\n<\/ul>\n<p>[\/vc_column_text][\/vc_column][\/vc_row]<\/p>\n","protected":false},"excerpt":{"rendered":"<p>[vc_row full_width=\u00bbstretch_row_content\u00bb el_class=\u00bbprincipio-marcha\u00bb][vc_column css=\u00bb.vc_custom_1588939369209{padding-top: 40px !important;}\u00bb][vc_custom_heading text=\u00bb\u00bfQu\u00e9 es?\u00bb font_container=\u00bbtag:h2|font_size:40px|text_align:left|color:%23ffffff\u00bb use_theme_fonts=\u00bbyes\u00bb css_animation=\u00bbfadeInDownBig\u00bb css=\u00bb.vc_custom_1593160452777{padding-left: 5% !important;}\u00bb][\/vc_column][\/vc_row][vc_row full_width=\u00bbstretch_row_content\u00bb equal_height=\u00bbyes\u00bb][vc_column width=\u00bb1\/2&#8243; css=\u00bb.vc_custom_1588936329456{padding-top: 5% !important;padding-right: 10% !important;padding-bottom: 5% !important;padding-left: 10% !important;background-color: #f2f2f2 !important;}\u00bb][vc_column_text css_animation=\u00bbfadeInLeft\u00bb]Descripci\u00f3n: El Programa de Mentor\u00eda Atenea-ULL, pionero a nivel nacional, es un programa espec\u00edfico para alumnado universitario de altas capacidades de la Universidad de La Laguna, que&#8230;<\/p>\n","protected":false},"author":22,"featured_media":0,"parent":0,"menu_order":0,"comment_status":"closed","ping_status":"closed","template":"templates\/template-no-title.php","meta":{"inline_featured_image":false,"footnotes":""},"acf":[],"yoast_head":"<!-- This site is optimized with the Yoast SEO plugin v21.3 - https:\/\/yoast.com\/wordpress\/plugins\/seo\/ -->\n<title>\u00bfQu\u00e9 es? - Web de Atenea<\/title>\n<meta name=\"robots\" content=\"index, follow, max-snippet:-1, max-image-preview:large, max-video-preview:-1\" \/>\n<link rel=\"canonical\" href=\"https:\/\/www.ull.es\/portal\/web-atenea\/que-es\/\" \/>\n<meta property=\"og:locale\" content=\"es_ES\" \/>\n<meta property=\"og:type\" content=\"article\" \/>\n<meta property=\"og:title\" content=\"\u00bfQu\u00e9 es? - Web de Atenea\" \/>\n<meta property=\"og:description\" content=\"[vc_row full_width=\u00bbstretch_row_content\u00bb el_class=\u00bbprincipio-marcha\u00bb][vc_column css=\u00bb.vc_custom_1588939369209{padding-top: 40px !important;}\u00bb][vc_custom_heading text=\u00bb\u00bfQu\u00e9 es?\u00bb font_container=\u00bbtag:h2|font_size:40px|text_align:left|color:%23ffffff\u00bb use_theme_fonts=\u00bbyes\u00bb css_animation=\u00bbfadeInDownBig\u00bb css=\u00bb.vc_custom_1593160452777{padding-left: 5% !important;}\u00bb][\/vc_column][\/vc_row][vc_row full_width=\u00bbstretch_row_content\u00bb equal_height=\u00bbyes\u00bb][vc_column width=\u00bb1\/2&#8243; css=\u00bb.vc_custom_1588936329456{padding-top: 5% !important;padding-right: 10% !important;padding-bottom: 5% !important;padding-left: 10% !important;background-color: #f2f2f2 !important;}\u00bb][vc_column_text css_animation=\u00bbfadeInLeft\u00bb]Descripci\u00f3n: El Programa de Mentor\u00eda Atenea-ULL, pionero a nivel nacional, es un programa espec\u00edfico para alumnado universitario de altas capacidades de la Universidad de La Laguna, que...\" \/>\n<meta property=\"og:url\" content=\"https:\/\/www.ull.es\/portal\/web-atenea\/que-es\/\" \/>\n<meta property=\"og:site_name\" content=\"Web de Atenea\" \/>\n<meta property=\"article:modified_time\" content=\"2024-10-01T07:32:57+00:00\" \/>\n<meta name=\"twitter:card\" content=\"summary_large_image\" \/>\n<meta name=\"twitter:label1\" content=\"Tiempo de lectura\" \/>\n\t<meta name=\"twitter:data1\" content=\"1 minuto\" \/>\n<script type=\"application\/ld+json\" class=\"yoast-schema-graph\">{\"@context\":\"https:\/\/schema.org\",\"@graph\":[{\"@type\":\"WebPage\",\"@id\":\"https:\/\/www.ull.es\/portal\/web-atenea\/que-es\/\",\"url\":\"https:\/\/www.ull.es\/portal\/web-atenea\/que-es\/\",\"name\":\"\u00bfQu\u00e9 es? - Web de Atenea\",\"isPartOf\":{\"@id\":\"https:\/\/www.ull.es\/portal\/web-atenea\/#website\"},\"datePublished\":\"2020-06-26T08:28:14+00:00\",\"dateModified\":\"2024-10-01T07:32:57+00:00\",\"breadcrumb\":{\"@id\":\"https:\/\/www.ull.es\/portal\/web-atenea\/que-es\/#breadcrumb\"},\"inLanguage\":\"es\",\"potentialAction\":[{\"@type\":\"ReadAction\",\"target\":[\"https:\/\/www.ull.es\/portal\/web-atenea\/que-es\/\"]}]},{\"@type\":\"BreadcrumbList\",\"@id\":\"https:\/\/www.ull.es\/portal\/web-atenea\/que-es\/#breadcrumb\",\"itemListElement\":[{\"@type\":\"ListItem\",\"position\":1,\"name\":\"Portada\",\"item\":\"https:\/\/www.ull.es\/portal\/web-atenea\/\"},{\"@type\":\"ListItem\",\"position\":2,\"name\":\"\u00bfQu\u00e9 es?\"}]},{\"@type\":\"WebSite\",\"@id\":\"https:\/\/www.ull.es\/portal\/web-atenea\/#website\",\"url\":\"https:\/\/www.ull.es\/portal\/web-atenea\/\",\"name\":\"Web de Atenea\",\"description\":\"\",\"potentialAction\":[{\"@type\":\"SearchAction\",\"target\":{\"@type\":\"EntryPoint\",\"urlTemplate\":\"https:\/\/www.ull.es\/portal\/web-atenea\/?s={search_term_string}\"},\"query-input\":\"required name=search_term_string\"}],\"inLanguage\":\"es\"}]}<\/script>\n<!-- \/ Yoast SEO plugin. -->","yoast_head_json":{"title":"\u00bfQu\u00e9 es? - Web de Atenea","robots":{"index":"index","follow":"follow","max-snippet":"max-snippet:-1","max-image-preview":"max-image-preview:large","max-video-preview":"max-video-preview:-1"},"canonical":"https:\/\/www.ull.es\/portal\/web-atenea\/que-es\/","og_locale":"es_ES","og_type":"article","og_title":"\u00bfQu\u00e9 es? - Web de Atenea","og_description":"[vc_row full_width=\u00bbstretch_row_content\u00bb el_class=\u00bbprincipio-marcha\u00bb][vc_column css=\u00bb.vc_custom_1588939369209{padding-top: 40px !important;}\u00bb][vc_custom_heading text=\u00bb\u00bfQu\u00e9 es?\u00bb font_container=\u00bbtag:h2|font_size:40px|text_align:left|color:%23ffffff\u00bb use_theme_fonts=\u00bbyes\u00bb css_animation=\u00bbfadeInDownBig\u00bb css=\u00bb.vc_custom_1593160452777{padding-left: 5% !important;}\u00bb][\/vc_column][\/vc_row][vc_row full_width=\u00bbstretch_row_content\u00bb equal_height=\u00bbyes\u00bb][vc_column width=\u00bb1\/2&#8243; css=\u00bb.vc_custom_1588936329456{padding-top: 5% !important;padding-right: 10% !important;padding-bottom: 5% !important;padding-left: 10% !important;background-color: #f2f2f2 !important;}\u00bb][vc_column_text css_animation=\u00bbfadeInLeft\u00bb]Descripci\u00f3n: El Programa de Mentor\u00eda Atenea-ULL, pionero a nivel nacional, es un programa espec\u00edfico para alumnado universitario de altas capacidades de la Universidad de La Laguna, que...","og_url":"https:\/\/www.ull.es\/portal\/web-atenea\/que-es\/","og_site_name":"Web de Atenea","article_modified_time":"2024-10-01T07:32:57+00:00","twitter_card":"summary_large_image","twitter_misc":{"Tiempo de lectura":"1 minuto"},"schema":{"@context":"https:\/\/schema.org","@graph":[{"@type":"WebPage","@id":"https:\/\/www.ull.es\/portal\/web-atenea\/que-es\/","url":"https:\/\/www.ull.es\/portal\/web-atenea\/que-es\/","name":"\u00bfQu\u00e9 es? - Web de Atenea","isPartOf":{"@id":"https:\/\/www.ull.es\/portal\/web-atenea\/#website"},"datePublished":"2020-06-26T08:28:14+00:00","dateModified":"2024-10-01T07:32:57+00:00","breadcrumb":{"@id":"https:\/\/www.ull.es\/portal\/web-atenea\/que-es\/#breadcrumb"},"inLanguage":"es","potentialAction":[{"@type":"ReadAction","target":["https:\/\/www.ull.es\/portal\/web-atenea\/que-es\/"]}]},{"@type":"BreadcrumbList","@id":"https:\/\/www.ull.es\/portal\/web-atenea\/que-es\/#breadcrumb","itemListElement":[{"@type":"ListItem","position":1,"name":"Portada","item":"https:\/\/www.ull.es\/portal\/web-atenea\/"},{"@type":"ListItem","position":2,"name":"\u00bfQu\u00e9 es?"}]},{"@type":"WebSite","@id":"https:\/\/www.ull.es\/portal\/web-atenea\/#website","url":"https:\/\/www.ull.es\/portal\/web-atenea\/","name":"Web de Atenea","description":"","potentialAction":[{"@type":"SearchAction","target":{"@type":"EntryPoint","urlTemplate":"https:\/\/www.ull.es\/portal\/web-atenea\/?s={search_term_string}"},"query-input":"required name=search_term_string"}],"inLanguage":"es"}]}},"_links":{"self":[{"href":"https:\/\/www.ull.es\/portal\/web-atenea\/wp-json\/wp\/v2\/pages\/23"}],"collection":[{"href":"https:\/\/www.ull.es\/portal\/web-atenea\/wp-json\/wp\/v2\/pages"}],"about":[{"href":"https:\/\/www.ull.es\/portal\/web-atenea\/wp-json\/wp\/v2\/types\/page"}],"author":[{"embeddable":true,"href":"https:\/\/www.ull.es\/portal\/web-atenea\/wp-json\/wp\/v2\/users\/22"}],"replies":[{"embeddable":true,"href":"https:\/\/www.ull.es\/portal\/web-atenea\/wp-json\/wp\/v2\/comments?post=23"}],"version-history":[{"count":6,"href":"https:\/\/www.ull.es\/portal\/web-atenea\/wp-json\/wp\/v2\/pages\/23\/revisions"}],"predecessor-version":[{"id":115,"href":"https:\/\/www.ull.es\/portal\/web-atenea\/wp-json\/wp\/v2\/pages\/23\/revisions\/115"}],"wp:attachment":[{"href":"https:\/\/www.ull.es\/portal\/web-atenea\/wp-json\/wp\/v2\/media?parent=23"}],"curies":[{"name":"wp","href":"https:\/\/api.w.org\/{rel}","templated":true}]}}