{"id":39,"date":"2020-06-26T09:11:54","date_gmt":"2020-06-26T09:11:54","guid":{"rendered":"https:\/\/www.ull.es\/catedras\/web-atenea\/?page_id=39"},"modified":"2024-10-01T07:33:37","modified_gmt":"2024-10-01T07:33:37","slug":"quienes-somos","status":"publish","type":"page","link":"https:\/\/www.ull.es\/portal\/web-atenea\/quienes-somos\/","title":{"rendered":"\u00bfQui\u00e9nes somos?"},"content":{"rendered":"<p>[vc_row full_width=\u00bbstretch_row_content\u00bb el_class=\u00bbprincipio-marcha\u00bb][vc_column width=\u00bb1\/2&#8243; css=\u00bb.vc_custom_1588939369209{padding-top: 40px !important;}\u00bb][vc_custom_heading text=\u00bb\u00bfQui\u00e9nes somos?\u00bb font_container=\u00bbtag:h2|font_size:40px|text_align:left|color:%23ffffff\u00bb use_theme_fonts=\u00bbyes\u00bb css_animation=\u00bbfadeInDownBig\u00bb css=\u00bb.vc_custom_1593162639857{padding-left: 5% !important;}\u00bb][\/vc_column][vc_column width=\u00bb1\/2&#8243; css=\u00bb.vc_custom_1593163332647{padding-top: 10px !important;}\u00bb][vc_column_text]<\/p>\n<p class=\"titulo-atenea\" style=\"text-align: right;\"><b style=\"color: #ffffff;\">Grupo Investigaci\u00f3n Aplicada en Ciencias del Comportamiento<\/b><\/p>\n<p class=\"titulo-atenea\" style=\"text-align: right;\"><b style=\"color: #ffffff;\">Asociaci\u00f3n de Altas Capacidades de Canarias<\/b><\/p>\n<p>[\/vc_column_text][\/vc_column][\/vc_row][vc_row full_width=\u00bbstretch_row_content\u00bb equal_height=\u00bbyes\u00bb][vc_column width=\u00bb1\/2&#8243; css=\u00bb.vc_custom_1588936329456{padding-top: 5% !important;padding-right: 10% !important;padding-bottom: 5% !important;padding-left: 10% !important;background-color: #f2f2f2 !important;}\u00bb][vc_column_text css_animation=\u00bbfadeInLeft\u00bb]<span style=\"font-weight: 400;\"><strong>El Grupo de Investigaci\u00f3n Aplicada en Ciencias del Comportamiento (GIACCo) <\/strong><\/span><span style=\"font-weight: 400;\">est\u00e1 formado por doctoras en Psicolog\u00eda, graduados\/as en Psicolog\u00eda y Trabajo Social y estudiantes de Psicolog\u00eda. Este grupo trabaja en el \u00e1mbito de las altas capacidades intelectuales, centr\u00e1ndose en tres tipos de actividades: programas de intervenci\u00f3n, de investigaci\u00f3n y difusi\u00f3n, y de formaci\u00f3n. Para m\u00e1s informaci\u00f3n, visitar gtisd.net.<\/span><\/p>\n<p><span style=\"font-weight: 400;\">En lo que se refiere a intervenci\u00f3n, implementa en la Universidad de La Laguna el Programa Integral para Altas Capacidades (PIPAC), un programa extraescolar en el que se interviene desde el \u00e1mbito socioafectivo, con menores con altas capacidades y sus familias. Su objetivo principal es dar una respuesta educativa a las necesidades espec\u00edficas de los ni\u00f1os\/as y adolescentes con altas capacidades, as\u00ed como propiciar el desarrollo integral de las altas capacidades intelectuales.<\/span>[\/vc_column_text][\/vc_column][vc_column width=\u00bb1\/2&#8243; css=\u00bb.vc_custom_1593163830334{background: #e5e5e5 url(https:\/\/www.ull.es\/catedras\/web-atenea\/wp-content\/uploads\/sites\/8\/2020\/06\/atenea-3.jpg?id=47) !important;background-position: center !important;background-repeat: no-repeat !important;background-size: cover !important;}\u00bb][vc_empty_space height=\u00bb300px\u00bb][\/vc_column][\/vc_row][vc_row full_width=\u00bbstretch_row_content\u00bb equal_height=\u00bbyes\u00bb][vc_column width=\u00bb1\/2&#8243; css=\u00bb.vc_custom_1593163840001{background: #e5e5e5 url(https:\/\/www.ull.es\/catedras\/web-atenea\/wp-content\/uploads\/sites\/8\/2020\/06\/atenea-4.jpg?id=48) !important;background-position: center !important;background-repeat: no-repeat !important;background-size: cover !important;}\u00bb][vc_empty_space height=\u00bb300px\u00bb][\/vc_column][vc_column width=\u00bb1\/2&#8243; css=\u00bb.vc_custom_1588936374313{padding-top: 5% !important;padding-right: 10% !important;padding-bottom: 5% !important;padding-left: 10% !important;background-color: #f2f2f2 !important;}\u00bb][vc_column_text css_animation=\u00bbfadeInRight\u00bb]<span style=\"font-weight: 400;\">En el \u00e1mbito de la <\/span><strong><i>investigaci\u00f3n y difusi\u00f3n<\/i><\/strong><span style=\"font-weight: 400;\">, <\/span><span style=\"font-weight: 400;\">se han presentado tesis doctorales, trabajos de fin de m\u00e1ster y grado en la tem\u00e1tica de altas capacidades. Por otra parte, buscando difundir las investigaciones cient\u00edficas, cada a\u00f1o se acude a congresos nacionales e internacionales, presentando los resultados obtenidos en el \u00e1rea.<\/span><\/p>\n<p>En este sentido, y desde una perspectiva m\u00e1s amplia se realizan eventos cient\u00edficos. As\u00ed en febrero de 2012 se realizaron las I Jornadas Internacionales sobre Panor\u00e1mica de Intervenci\u00f3n en Altas Capacidades Intelectuales, donde se cont\u00f3 con la participaci\u00f3n de expertos nacionales e internacionales. Fruto de este evento se cre\u00f3 la Red Internacional de Investigaci\u00f3n, Intervenci\u00f3n y Evaluaci\u00f3n en Altas Capacidades (REINEVA), integrada por profesorado especializado en Altas Capacidades Intelectuales de Espa\u00f1a, Portugal, Alemania, Italia, Holanda, M\u00e9xico, Chile y Brasil. Desde entonces, dichas Jornadas se han consolidado como un evento peri\u00f3dico que tiene lugar cada dos a\u00f1os en Canarias, la s\u00e9ptima edici\u00f3n se celebrar\u00e1 en 2026.[\/vc_column_text][\/vc_column][\/vc_row][vc_row full_width=\u00bbstretch_row_content\u00bb equal_height=\u00bbyes\u00bb][vc_column width=\u00bb1\/2&#8243; css=\u00bb.vc_custom_1588936329456{padding-top: 5% !important;padding-right: 10% !important;padding-bottom: 5% !important;padding-left: 10% !important;background-color: #f2f2f2 !important;}\u00bb][vc_column_text css_animation=\u00bbfadeInLeft\u00bb]<span style=\"font-weight: 400;\">Respecto a la<em><strong> formaci\u00f3n<\/strong><\/em> en el campo de las Altas Capacidades, se ha venido desarrollando diversidad de cursos, algunos de ellos enmarcados dentro del Plan Universitario de Empleo (PUDE); cursos de extensi\u00f3n universitaria en la Universidad Internacional Men\u00e9ndez Pelayo, en la Universidad de Verano de Lanzarote, en la Universidad de Verano de Adeje y la Universidad de Verano de La Palma, as\u00ed como cursos propios impartidos v\u00eda on-line o presencial.<\/span><\/p>\n<p><span style=\"font-weight: 400;\">Adem\u00e1s, se han realizado diversas ediciones del curso de Altas Capacidades en contextos escolares orientado espec\u00edficamente al profesorado no universitario y una edici\u00f3n del Programa de Apoyo Socioeducativo a Profesionales y Familias para la Detecci\u00f3n de Menores con Altas Capacidades.\u00a0<\/span><\/p>\n<p><span style=\"font-weight: 400;\">Por otra parte, y en lo que respecta a movilidad nacional e internacional,\u00a0 de forma asidua se recibe alumnado de grado, m\u00e1ster y doctorado y profesorado de pa\u00edses europeos y americanos para formarse con el equipo de investigaci\u00f3n.<\/span>[\/vc_column_text][\/vc_column][vc_column width=\u00bb1\/2&#8243; css=\u00bb.vc_custom_1593164105530{background: #e5e5e5 url(https:\/\/www.ull.es\/catedras\/web-atenea\/wp-content\/uploads\/sites\/8\/2020\/06\/atenea-6.jpg?id=53) !important;background-position: center !important;background-repeat: no-repeat !important;background-size: cover !important;}\u00bb][vc_empty_space height=\u00bb300px\u00bb][\/vc_column][\/vc_row]<\/p>\n","protected":false},"excerpt":{"rendered":"<p>[vc_row full_width=\u00bbstretch_row_content\u00bb el_class=\u00bbprincipio-marcha\u00bb][vc_column width=\u00bb1\/2&#8243; css=\u00bb.vc_custom_1588939369209{padding-top: 40px !important;}\u00bb][vc_custom_heading text=\u00bb\u00bfQui\u00e9nes somos?\u00bb font_container=\u00bbtag:h2|font_size:40px|text_align:left|color:%23ffffff\u00bb use_theme_fonts=\u00bbyes\u00bb css_animation=\u00bbfadeInDownBig\u00bb css=\u00bb.vc_custom_1593162639857{padding-left: 5% !important;}\u00bb][\/vc_column][vc_column width=\u00bb1\/2&#8243; css=\u00bb.vc_custom_1593163332647{padding-top: 10px !important;}\u00bb][vc_column_text] Grupo Investigaci\u00f3n Aplicada en Ciencias del Comportamiento Asociaci\u00f3n de Altas Capacidades de Canarias [\/vc_column_text][\/vc_column][\/vc_row][vc_row full_width=\u00bbstretch_row_content\u00bb equal_height=\u00bbyes\u00bb][vc_column width=\u00bb1\/2&#8243; css=\u00bb.vc_custom_1588936329456{padding-top: 5% !important;padding-right: 10% !important;padding-bottom: 5% !important;padding-left: 10% !important;background-color: #f2f2f2 !important;}\u00bb][vc_column_text css_animation=\u00bbfadeInLeft\u00bb]El Grupo de Investigaci\u00f3n Aplicada en Ciencias del&#8230;<\/p>\n","protected":false},"author":22,"featured_media":0,"parent":0,"menu_order":0,"comment_status":"closed","ping_status":"closed","template":"templates\/template-no-title.php","meta":{"inline_featured_image":false,"footnotes":""},"acf":[],"yoast_head":"<!-- This site is optimized with the Yoast SEO plugin v21.3 - https:\/\/yoast.com\/wordpress\/plugins\/seo\/ -->\n<title>\u00bfQui\u00e9nes somos? - Web de Atenea<\/title>\n<meta name=\"robots\" content=\"index, follow, max-snippet:-1, max-image-preview:large, max-video-preview:-1\" \/>\n<link rel=\"canonical\" href=\"https:\/\/www.ull.es\/portal\/web-atenea\/quienes-somos\/\" \/>\n<meta property=\"og:locale\" content=\"es_ES\" \/>\n<meta property=\"og:type\" content=\"article\" \/>\n<meta property=\"og:title\" content=\"\u00bfQui\u00e9nes somos? - Web de Atenea\" \/>\n<meta property=\"og:description\" content=\"[vc_row full_width=\u00bbstretch_row_content\u00bb el_class=\u00bbprincipio-marcha\u00bb][vc_column width=\u00bb1\/2&#8243; css=\u00bb.vc_custom_1588939369209{padding-top: 40px !important;}\u00bb][vc_custom_heading text=\u00bb\u00bfQui\u00e9nes somos?\u00bb font_container=\u00bbtag:h2|font_size:40px|text_align:left|color:%23ffffff\u00bb use_theme_fonts=\u00bbyes\u00bb css_animation=\u00bbfadeInDownBig\u00bb css=\u00bb.vc_custom_1593162639857{padding-left: 5% !important;}\u00bb][\/vc_column][vc_column width=\u00bb1\/2&#8243; css=\u00bb.vc_custom_1593163332647{padding-top: 10px !important;}\u00bb][vc_column_text] Grupo Investigaci\u00f3n Aplicada en Ciencias del Comportamiento Asociaci\u00f3n de Altas Capacidades de Canarias [\/vc_column_text][\/vc_column][\/vc_row][vc_row full_width=\u00bbstretch_row_content\u00bb equal_height=\u00bbyes\u00bb][vc_column width=\u00bb1\/2&#8243; css=\u00bb.vc_custom_1588936329456{padding-top: 5% !important;padding-right: 10% !important;padding-bottom: 5% !important;padding-left: 10% !important;background-color: #f2f2f2 !important;}\u00bb][vc_column_text css_animation=\u00bbfadeInLeft\u00bb]El Grupo de Investigaci\u00f3n Aplicada en Ciencias del...\" \/>\n<meta property=\"og:url\" content=\"https:\/\/www.ull.es\/portal\/web-atenea\/quienes-somos\/\" \/>\n<meta property=\"og:site_name\" content=\"Web de Atenea\" \/>\n<meta property=\"article:modified_time\" content=\"2024-10-01T07:33:37+00:00\" \/>\n<meta name=\"twitter:card\" content=\"summary_large_image\" \/>\n<meta name=\"twitter:label1\" content=\"Tiempo de lectura\" \/>\n\t<meta name=\"twitter:data1\" content=\"3 minutos\" \/>\n<script type=\"application\/ld+json\" class=\"yoast-schema-graph\">{\"@context\":\"https:\/\/schema.org\",\"@graph\":[{\"@type\":\"WebPage\",\"@id\":\"https:\/\/www.ull.es\/portal\/web-atenea\/quienes-somos\/\",\"url\":\"https:\/\/www.ull.es\/portal\/web-atenea\/quienes-somos\/\",\"name\":\"\u00bfQui\u00e9nes somos? - Web de Atenea\",\"isPartOf\":{\"@id\":\"https:\/\/www.ull.es\/portal\/web-atenea\/#website\"},\"datePublished\":\"2020-06-26T09:11:54+00:00\",\"dateModified\":\"2024-10-01T07:33:37+00:00\",\"breadcrumb\":{\"@id\":\"https:\/\/www.ull.es\/portal\/web-atenea\/quienes-somos\/#breadcrumb\"},\"inLanguage\":\"es\",\"potentialAction\":[{\"@type\":\"ReadAction\",\"target\":[\"https:\/\/www.ull.es\/portal\/web-atenea\/quienes-somos\/\"]}]},{\"@type\":\"BreadcrumbList\",\"@id\":\"https:\/\/www.ull.es\/portal\/web-atenea\/quienes-somos\/#breadcrumb\",\"itemListElement\":[{\"@type\":\"ListItem\",\"position\":1,\"name\":\"Portada\",\"item\":\"https:\/\/www.ull.es\/portal\/web-atenea\/\"},{\"@type\":\"ListItem\",\"position\":2,\"name\":\"\u00bfQui\u00e9nes somos?\"}]},{\"@type\":\"WebSite\",\"@id\":\"https:\/\/www.ull.es\/portal\/web-atenea\/#website\",\"url\":\"https:\/\/www.ull.es\/portal\/web-atenea\/\",\"name\":\"Web de Atenea\",\"description\":\"\",\"potentialAction\":[{\"@type\":\"SearchAction\",\"target\":{\"@type\":\"EntryPoint\",\"urlTemplate\":\"https:\/\/www.ull.es\/portal\/web-atenea\/?s={search_term_string}\"},\"query-input\":\"required name=search_term_string\"}],\"inLanguage\":\"es\"}]}<\/script>\n<!-- \/ Yoast SEO plugin. -->","yoast_head_json":{"title":"\u00bfQui\u00e9nes somos? - Web de Atenea","robots":{"index":"index","follow":"follow","max-snippet":"max-snippet:-1","max-image-preview":"max-image-preview:large","max-video-preview":"max-video-preview:-1"},"canonical":"https:\/\/www.ull.es\/portal\/web-atenea\/quienes-somos\/","og_locale":"es_ES","og_type":"article","og_title":"\u00bfQui\u00e9nes somos? - Web de Atenea","og_description":"[vc_row full_width=\u00bbstretch_row_content\u00bb el_class=\u00bbprincipio-marcha\u00bb][vc_column width=\u00bb1\/2&#8243; css=\u00bb.vc_custom_1588939369209{padding-top: 40px !important;}\u00bb][vc_custom_heading text=\u00bb\u00bfQui\u00e9nes somos?\u00bb font_container=\u00bbtag:h2|font_size:40px|text_align:left|color:%23ffffff\u00bb use_theme_fonts=\u00bbyes\u00bb css_animation=\u00bbfadeInDownBig\u00bb css=\u00bb.vc_custom_1593162639857{padding-left: 5% !important;}\u00bb][\/vc_column][vc_column width=\u00bb1\/2&#8243; css=\u00bb.vc_custom_1593163332647{padding-top: 10px !important;}\u00bb][vc_column_text] Grupo Investigaci\u00f3n Aplicada en Ciencias del Comportamiento Asociaci\u00f3n de Altas Capacidades de Canarias [\/vc_column_text][\/vc_column][\/vc_row][vc_row full_width=\u00bbstretch_row_content\u00bb equal_height=\u00bbyes\u00bb][vc_column width=\u00bb1\/2&#8243; css=\u00bb.vc_custom_1588936329456{padding-top: 5% !important;padding-right: 10% !important;padding-bottom: 5% !important;padding-left: 10% !important;background-color: #f2f2f2 !important;}\u00bb][vc_column_text css_animation=\u00bbfadeInLeft\u00bb]El Grupo de Investigaci\u00f3n Aplicada en Ciencias del...","og_url":"https:\/\/www.ull.es\/portal\/web-atenea\/quienes-somos\/","og_site_name":"Web de Atenea","article_modified_time":"2024-10-01T07:33:37+00:00","twitter_card":"summary_large_image","twitter_misc":{"Tiempo de lectura":"3 minutos"},"schema":{"@context":"https:\/\/schema.org","@graph":[{"@type":"WebPage","@id":"https:\/\/www.ull.es\/portal\/web-atenea\/quienes-somos\/","url":"https:\/\/www.ull.es\/portal\/web-atenea\/quienes-somos\/","name":"\u00bfQui\u00e9nes somos? - Web de Atenea","isPartOf":{"@id":"https:\/\/www.ull.es\/portal\/web-atenea\/#website"},"datePublished":"2020-06-26T09:11:54+00:00","dateModified":"2024-10-01T07:33:37+00:00","breadcrumb":{"@id":"https:\/\/www.ull.es\/portal\/web-atenea\/quienes-somos\/#breadcrumb"},"inLanguage":"es","potentialAction":[{"@type":"ReadAction","target":["https:\/\/www.ull.es\/portal\/web-atenea\/quienes-somos\/"]}]},{"@type":"BreadcrumbList","@id":"https:\/\/www.ull.es\/portal\/web-atenea\/quienes-somos\/#breadcrumb","itemListElement":[{"@type":"ListItem","position":1,"name":"Portada","item":"https:\/\/www.ull.es\/portal\/web-atenea\/"},{"@type":"ListItem","position":2,"name":"\u00bfQui\u00e9nes somos?"}]},{"@type":"WebSite","@id":"https:\/\/www.ull.es\/portal\/web-atenea\/#website","url":"https:\/\/www.ull.es\/portal\/web-atenea\/","name":"Web de Atenea","description":"","potentialAction":[{"@type":"SearchAction","target":{"@type":"EntryPoint","urlTemplate":"https:\/\/www.ull.es\/portal\/web-atenea\/?s={search_term_string}"},"query-input":"required name=search_term_string"}],"inLanguage":"es"}]}},"_links":{"self":[{"href":"https:\/\/www.ull.es\/portal\/web-atenea\/wp-json\/wp\/v2\/pages\/39"}],"collection":[{"href":"https:\/\/www.ull.es\/portal\/web-atenea\/wp-json\/wp\/v2\/pages"}],"about":[{"href":"https:\/\/www.ull.es\/portal\/web-atenea\/wp-json\/wp\/v2\/types\/page"}],"author":[{"embeddable":true,"href":"https:\/\/www.ull.es\/portal\/web-atenea\/wp-json\/wp\/v2\/users\/22"}],"replies":[{"embeddable":true,"href":"https:\/\/www.ull.es\/portal\/web-atenea\/wp-json\/wp\/v2\/comments?post=39"}],"version-history":[{"count":4,"href":"https:\/\/www.ull.es\/portal\/web-atenea\/wp-json\/wp\/v2\/pages\/39\/revisions"}],"predecessor-version":[{"id":116,"href":"https:\/\/www.ull.es\/portal\/web-atenea\/wp-json\/wp\/v2\/pages\/39\/revisions\/116"}],"wp:attachment":[{"href":"https:\/\/www.ull.es\/portal\/web-atenea\/wp-json\/wp\/v2\/media?parent=39"}],"curies":[{"name":"wp","href":"https:\/\/api.w.org\/{rel}","templated":true}]}}