{"id":55,"date":"2020-06-26T09:37:02","date_gmt":"2020-06-26T09:37:02","guid":{"rendered":"https:\/\/www.ull.es\/catedras\/web-atenea\/?page_id=55"},"modified":"2022-10-27T08:11:39","modified_gmt":"2022-10-27T08:11:39","slug":"que-hacemos","status":"publish","type":"page","link":"https:\/\/www.ull.es\/portal\/web-atenea\/que-hacemos\/","title":{"rendered":"\u00bfQu\u00e9 hacemos?"},"content":{"rendered":"<p>[vc_row full_width=\u00bbstretch_row_content\u00bb el_class=\u00bbprincipio-marcha\u00bb][vc_column css=\u00bb.vc_custom_1588939369209{padding-top: 40px !important;}\u00bb][vc_custom_heading text=\u00bbActividades\u00bb font_container=\u00bbtag:h2|font_size:40px|text_align:left|color:%23ffffff\u00bb use_theme_fonts=\u00bbyes\u00bb css_animation=\u00bbfadeInDownBig\u00bb css=\u00bb.vc_custom_1593164427619{padding-left: 5% !important;}\u00bb][\/vc_column][\/vc_row][vc_row full_width=\u00bbstretch_row_content\u00bb gap=\u00bb1&#8243; equal_height=\u00bbyes\u00bb css=\u00bb.vc_custom_1593164828076{padding-top: 2% !important;padding-bottom: 2% !important;}\u00bb][vc_column css_animation=\u00bbfadeInLeft\u00bb width=\u00bb1\/4&#8243; css=\u00bb.vc_custom_1581084709591{padding-bottom: 7% !important;background-color: #eaeaea !important;}\u00bb][vc_column_text css_animation=\u00bbnone\u00bb]<\/p>\n<h2 class=\"post_title entry-title\">Encuentros participantes del programa<\/h2>\n<p>[\/vc_column_text][\/vc_column][vc_column css_animation=\u00bbfadeInRight\u00bb width=\u00bb2\/4&#8243; css=\u00bb.vc_custom_1581084489854{background-color: #eaeaea !important;}\u00bb][vc_column_text]<span style=\"font-weight: 400;\">Reuniones de todo el alumnado participante en el programa con el fin de que puedan conocer a otras personas con altas capacidades y as\u00ed desarrollar su identidad e intercambien experiencias.<\/span>[\/vc_column_text][\/vc_column][vc_column css_animation=\u00bbfadeInRight\u00bb width=\u00bb1\/4&#8243; css=\u00bb.vc_custom_1593165594591{background-image: url(https:\/\/www.ull.es\/catedras\/web-atenea\/wp-content\/uploads\/sites\/8\/2020\/06\/atenea-11.jpg?id=72) !important;background-position: center !important;background-repeat: no-repeat !important;background-size: cover !important;}\u00bb][vc_empty_space height=\u00bb100px\u00bb][\/vc_column][\/vc_row][vc_row full_width=\u00bbstretch_row_content\u00bb gap=\u00bb1&#8243; equal_height=\u00bbyes\u00bb css=\u00bb.vc_custom_1593164850748{padding-top: 2% !important;padding-bottom: 2% !important;}\u00bb][vc_column css_animation=\u00bbfadeInLeft\u00bb width=\u00bb1\/4&#8243; css=\u00bb.vc_custom_1581084709591{padding-bottom: 7% !important;background-color: #eaeaea !important;}\u00bb][vc_column_text css_animation=\u00bbnone\u00bb]<\/p>\n<h2 class=\"post_title entry-title\">Conferencias plenarias<\/h2>\n<p>[\/vc_column_text][\/vc_column][vc_column css_animation=\u00bbfadeInRight\u00bb width=\u00bb2\/4&#8243; css=\u00bb.vc_custom_1581084489854{background-color: #eaeaea !important;}\u00bb][vc_column_text]<span style=\"font-weight: 400;\">Realizaci\u00f3n de conferencias semanales con el estudiantado de grado, m\u00e1ster y doctorado de Altas Capacidades, durante los meses de noviembre a mayo, salvo \u00e9pocas de vacaciones y ex\u00e1menes, donde se ofrece una visi\u00f3n m\u00e1s profundizada sobre diferentes tem\u00e1ticas acad\u00e9micas y de investigaci\u00f3n, as\u00ed como de agentes externos de inter\u00e9s.<\/span>[\/vc_column_text][\/vc_column][vc_column css_animation=\u00bbfadeInRight\u00bb width=\u00bb1\/4&#8243; css=\u00bb.vc_custom_1593165415959{background-image: url(https:\/\/www.ull.es\/catedras\/web-atenea\/wp-content\/uploads\/sites\/8\/2020\/06\/atenea-9.jpg?id=70) !important;background-position: center !important;background-repeat: no-repeat !important;background-size: cover !important;}\u00bb][vc_empty_space height=\u00bb100px\u00bb][\/vc_column][\/vc_row][vc_row full_width=\u00bbstretch_row_content\u00bb gap=\u00bb1&#8243; equal_height=\u00bbyes\u00bb css=\u00bb.vc_custom_1593164860703{padding-top: 2% !important;padding-bottom: 2% !important;}\u00bb][vc_column css_animation=\u00bbfadeInLeft\u00bb width=\u00bb1\/4&#8243; css=\u00bb.vc_custom_1581084709591{padding-bottom: 7% !important;background-color: #eaeaea !important;}\u00bb][vc_column_text css_animation=\u00bbnone\u00bb]<\/p>\n<h2 class=\"post_title entry-title\">Actividades espec\u00edficas<\/h2>\n<p>[\/vc_column_text][\/vc_column][vc_column css_animation=\u00bbfadeInRight\u00bb width=\u00bb2\/4&#8243; css=\u00bb.vc_custom_1581084489854{background-color: #eaeaea !important;}\u00bb][vc_column_text]<span style=\"font-weight: 400;\">Brindan la posibilidad de conocer aspectos de la investigaci\u00f3n y de la realidad profesional de su \u00e1rea del conocimiento y\/o de otras, que por lo general, no se abordan en las clases ordinarias. Adem\u00e1s, se ofrece un acercamiento al profesorado de la universidad y que entre ellos puedan compartir opiniones, ideas e intereses, creando as\u00ed una red social de conocimiento intergeneracional.<\/span>[\/vc_column_text][\/vc_column][vc_column css_animation=\u00bbfadeInRight\u00bb width=\u00bb1\/4&#8243; css=\u00bb.vc_custom_1593438827654{background-image: url(https:\/\/www.ull.es\/portal\/web-atenea\/wp-content\/uploads\/sites\/41\/2020\/06\/atenea-21.jpg?id=86) !important;background-position: center !important;background-repeat: no-repeat !important;background-size: cover !important;}\u00bb][vc_empty_space height=\u00bb100px\u00bb][\/vc_column][\/vc_row][vc_row full_width=\u00bbstretch_row_content\u00bb gap=\u00bb1&#8243; equal_height=\u00bbyes\u00bb css=\u00bb.vc_custom_1593164901455{padding-top: 2% !important;padding-bottom: 2% !important;}\u00bb][vc_column css_animation=\u00bbfadeInLeft\u00bb width=\u00bb1\/4&#8243; css=\u00bb.vc_custom_1581084709591{padding-bottom: 7% !important;background-color: #eaeaea !important;}\u00bb][vc_column_text css_animation=\u00bbnone\u00bb]<\/p>\n<h2 class=\"post_title entry-title\">Iniciaci\u00f3n a la investigaci\u00f3n<\/h2>\n<p>[\/vc_column_text][\/vc_column][vc_column css_animation=\u00bbfadeInRight\u00bb width=\u00bb2\/4&#8243; css=\u00bb.vc_custom_1581084489854{background-color: #eaeaea !important;}\u00bb][vc_column_text]<span style=\"font-weight: 400;\">Ofrece la oportunidad de iniciarse en la investigaci\u00f3n a trav\u00e9s de la integraci\u00f3n en grupos de investigaci\u00f3n dirigidos por el profesorado participante en el Programa.<\/span>[\/vc_column_text][\/vc_column][vc_column css_animation=\u00bbfadeInRight\u00bb width=\u00bb1\/4&#8243; css=\u00bb.vc_custom_1593165106904{background-image: url(https:\/\/www.ull.es\/catedras\/web-atenea\/wp-content\/uploads\/sites\/8\/2020\/06\/atenea-ull-2.jpg?id=16) !important;background-position: center !important;background-repeat: no-repeat !important;background-size: cover !important;}\u00bb][vc_empty_space height=\u00bb100px\u00bb][\/vc_column][\/vc_row][vc_row full_width=\u00bbstretch_row_content\u00bb gap=\u00bb1&#8243; equal_height=\u00bbyes\u00bb css=\u00bb.vc_custom_1593164909666{padding-top: 2% !important;padding-bottom: 2% !important;}\u00bb][vc_column css_animation=\u00bbfadeInLeft\u00bb width=\u00bb1\/4&#8243; css=\u00bb.vc_custom_1581084709591{padding-bottom: 7% !important;background-color: #eaeaea !important;}\u00bb][vc_column_text css_animation=\u00bbnone\u00bb]<\/p>\n<h2 class=\"post_title entry-title\">Concursos<\/h2>\n<p>[\/vc_column_text][\/vc_column][vc_column css_animation=\u00bbfadeInRight\u00bb width=\u00bb2\/4&#8243; css=\u00bb.vc_custom_1581084489854{background-color: #eaeaea !important;}\u00bb][vc_column_text]<span style=\"font-weight: 400;\">Ofrecen la oportunidad de visitar centros empresariales y de investigaci\u00f3n y conocer su funcionamiento.<\/span>[\/vc_column_text][\/vc_column][vc_column css_animation=\u00bbfadeInRight\u00bb width=\u00bb1\/4&#8243; css=\u00bb.vc_custom_1593165221981{background-image: url(https:\/\/www.ull.es\/catedras\/web-atenea\/wp-content\/uploads\/sites\/8\/2020\/06\/atenea-8.jpg?id=67) !important;background-position: center !important;background-repeat: no-repeat !important;background-size: cover !important;}\u00bb][vc_empty_space height=\u00bb100px\u00bb][\/vc_column][\/vc_row][vc_row full_width=\u00bbstretch_row_content\u00bb gap=\u00bb1&#8243; equal_height=\u00bbyes\u00bb css=\u00bb.vc_custom_1593164913811{padding-top: 2% !important;padding-bottom: 2% !important;}\u00bb][vc_column css_animation=\u00bbfadeInLeft\u00bb width=\u00bb1\/4&#8243; css=\u00bb.vc_custom_1581084709591{padding-bottom: 7% !important;background-color: #eaeaea !important;}\u00bb][vc_column_text css_animation=\u00bbnone\u00bb]<\/p>\n<h2 class=\"post_title entry-title\">Programa Erasmus<\/h2>\n<p>[\/vc_column_text][\/vc_column][vc_column css_animation=\u00bbfadeInRight\u00bb width=\u00bb2\/4&#8243; css=\u00bb.vc_custom_1581084489854{background-color: #eaeaea !important;}\u00bb][vc_column_text]<span style=\"font-weight: 400;\">Informaci\u00f3n al alumnado participante de Atenea-ULL sobre las oportunidades y requisitos que son necesarios para acceder y beneficiarse del mismo.<\/span>[\/vc_column_text][\/vc_column][vc_column css_animation=\u00bbfadeInRight\u00bb width=\u00bb1\/4&#8243; css=\u00bb.vc_custom_1593165089718{background-image: url(https:\/\/www.ull.es\/catedras\/web-atenea\/wp-content\/uploads\/sites\/8\/2020\/06\/atenea-7.jpg?id=65) !important;background-position: center !important;background-repeat: no-repeat !important;background-size: cover !important;}\u00bb][vc_empty_space height=\u00bb100px\u00bb][\/vc_column][\/vc_row][vc_row full_width=\u00bbstretch_row_content\u00bb gap=\u00bb1&#8243; equal_height=\u00bbyes\u00bb css=\u00bb.vc_custom_1593164913811{padding-top: 2% !important;padding-bottom: 2% !important;}\u00bb][vc_column css_animation=\u00bbfadeInLeft\u00bb width=\u00bb1\/4&#8243; css=\u00bb.vc_custom_1581084709591{padding-bottom: 7% !important;background-color: #eaeaea !important;}\u00bb][vc_column_text css_animation=\u00bbnone\u00bb]<\/p>\n<h2 class=\"post_title entry-title\">Taller de t\u00e9cnicas de estudio<\/h2>\n<p>[\/vc_column_text][\/vc_column][vc_column css_animation=\u00bbfadeInRight\u00bb width=\u00bb2\/4&#8243; css=\u00bb.vc_custom_1581084489854{background-color: #eaeaea !important;}\u00bb][vc_column_text]<span style=\"font-weight: 400;\">Un taller orientado a que el alumnado del programa adquiera habilidades y destrezas para organizar su vida acad\u00e9mica, desarrollar h\u00e1bitos de estudios y as\u00ed organizarse mejor en esta etapa educativa.<\/span>[\/vc_column_text][\/vc_column][vc_column css_animation=\u00bbfadeInRight\u00bb width=\u00bb1\/4&#8243; css=\u00bb.vc_custom_1666858266356{background-image: url(https:\/\/www.ull.es\/portal\/web-atenea\/wp-content\/uploads\/sites\/41\/2022\/10\/shutterstock_1752958070.jpg?id=103) !important;background-position: center !important;background-repeat: no-repeat !important;background-size: cover !important;}\u00bb][vc_empty_space height=\u00bb100px\u00bb][\/vc_column][\/vc_row][vc_row full_width=\u00bbstretch_row_content\u00bb gap=\u00bb1&#8243; equal_height=\u00bbyes\u00bb css=\u00bb.vc_custom_1593164913811{padding-top: 2% !important;padding-bottom: 2% !important;}\u00bb][vc_column css_animation=\u00bbfadeInLeft\u00bb width=\u00bb1\/4&#8243; css=\u00bb.vc_custom_1581084709591{padding-bottom: 7% !important;background-color: #eaeaea !important;}\u00bb][vc_column_text css_animation=\u00bbnone\u00bb]<\/p>\n<h2 class=\"post_title entry-title\">Otras participaciones<\/h2>\n<p>[\/vc_column_text][\/vc_column][vc_column css_animation=\u00bbfadeInRight\u00bb width=\u00bb2\/4&#8243; css=\u00bb.vc_custom_1581084489854{background-color: #eaeaea !important;}\u00bb][vc_column_text]<span style=\"font-weight: 400;\">Participaci\u00f3n en el programa nacional del <\/span><span style=\"font-weight: 400;\">Desarrollo de las Altas Capacidades Intelectuales en la Universidad (DACIU).<\/span>[\/vc_column_text][\/vc_column][vc_column css_animation=\u00bbfadeInRight\u00bb width=\u00bb1\/4&#8243; css=\u00bb.vc_custom_1666858295843{background-image: url(https:\/\/www.ull.es\/portal\/web-atenea\/wp-content\/uploads\/sites\/41\/2022\/10\/shutterstock_1937724094.jpg?id=105) !important;background-position: center !important;background-repeat: no-repeat !important;background-size: cover !important;}\u00bb][vc_empty_space height=\u00bb100px\u00bb][\/vc_column][\/vc_row][vc_row full_width=\u00bbstretch_row_content\u00bb gap=\u00bb1&#8243; equal_height=\u00bbyes\u00bb css=\u00bb.vc_custom_1593164913811{padding-top: 2% !important;padding-bottom: 2% !important;}\u00bb][vc_column css_animation=\u00bbfadeInLeft\u00bb width=\u00bb1\/4&#8243; css=\u00bb.vc_custom_1581084709591{padding-bottom: 7% !important;background-color: #eaeaea !important;}\u00bb][vc_column_text css_animation=\u00bbnone\u00bb]<\/p>\n<h2 class=\"post_title entry-title\">Mesas redondas<\/h2>\n<p>[\/vc_column_text][\/vc_column][vc_column css_animation=\u00bbfadeInRight\u00bb width=\u00bb2\/4&#8243; css=\u00bb.vc_custom_1581084489854{background-color: #eaeaea !important;}\u00bb][vc_column_text]<span style=\"font-weight: 400;\">A lo largo del curso se ofrecen mesas redondas para conocer diversas perspectivas. En el presente curso est\u00e1n previstas tres de ellas: en diciembre, sobre la creaci\u00f3n literaria y art\u00edstica, en el segundo trimestre sobre experiencias del alumnado universitario en la transici\u00f3n espa\u00f1ola y en el \u00faltimo trimestre retos y experiencias de investigadores y profesorado joven.<\/span>[\/vc_column_text][\/vc_column][vc_column css_animation=\u00bbfadeInRight\u00bb width=\u00bb1\/4&#8243; css=\u00bb.vc_custom_1666858281671{background-image: url(https:\/\/www.ull.es\/portal\/web-atenea\/wp-content\/uploads\/sites\/41\/2022\/10\/shutterstock_534241621.jpg?id=104) !important;background-position: center !important;background-repeat: no-repeat !important;background-size: cover !important;}\u00bb][vc_empty_space height=\u00bb100px\u00bb][\/vc_column][\/vc_row]<\/p>\n","protected":false},"excerpt":{"rendered":"<p>[vc_row full_width=\u00bbstretch_row_content\u00bb el_class=\u00bbprincipio-marcha\u00bb][vc_column css=\u00bb.vc_custom_1588939369209{padding-top: 40px !important;}\u00bb][vc_custom_heading text=\u00bbActividades\u00bb font_container=\u00bbtag:h2|font_size:40px|text_align:left|color:%23ffffff\u00bb use_theme_fonts=\u00bbyes\u00bb css_animation=\u00bbfadeInDownBig\u00bb css=\u00bb.vc_custom_1593164427619{padding-left: 5% !important;}\u00bb][\/vc_column][\/vc_row][vc_row full_width=\u00bbstretch_row_content\u00bb gap=\u00bb1&#8243; equal_height=\u00bbyes\u00bb css=\u00bb.vc_custom_1593164828076{padding-top: 2% !important;padding-bottom: 2% !important;}\u00bb][vc_column css_animation=\u00bbfadeInLeft\u00bb width=\u00bb1\/4&#8243; css=\u00bb.vc_custom_1581084709591{padding-bottom: 7% !important;background-color: #eaeaea !important;}\u00bb][vc_column_text css_animation=\u00bbnone\u00bb] Encuentros participantes del programa [\/vc_column_text][\/vc_column][vc_column css_animation=\u00bbfadeInRight\u00bb width=\u00bb2\/4&#8243; css=\u00bb.vc_custom_1581084489854{background-color: #eaeaea !important;}\u00bb][vc_column_text]Reuniones de todo el alumnado participante en el programa con el fin de que puedan conocer a&#8230;<\/p>\n","protected":false},"author":22,"featured_media":0,"parent":0,"menu_order":0,"comment_status":"closed","ping_status":"closed","template":"templates\/template-no-title.php","meta":{"inline_featured_image":false,"footnotes":""},"acf":[],"yoast_head":"<!-- This site is optimized with the Yoast SEO plugin v21.3 - https:\/\/yoast.com\/wordpress\/plugins\/seo\/ -->\n<title>\u00bfQu\u00e9 hacemos? - Web de Atenea<\/title>\n<meta name=\"robots\" content=\"index, follow, max-snippet:-1, max-image-preview:large, max-video-preview:-1\" \/>\n<link rel=\"canonical\" href=\"https:\/\/www.ull.es\/portal\/web-atenea\/que-hacemos\/\" \/>\n<meta property=\"og:locale\" content=\"es_ES\" \/>\n<meta property=\"og:type\" content=\"article\" \/>\n<meta property=\"og:title\" content=\"\u00bfQu\u00e9 hacemos? - Web de Atenea\" \/>\n<meta property=\"og:description\" content=\"[vc_row full_width=\u00bbstretch_row_content\u00bb el_class=\u00bbprincipio-marcha\u00bb][vc_column css=\u00bb.vc_custom_1588939369209{padding-top: 40px !important;}\u00bb][vc_custom_heading text=\u00bbActividades\u00bb font_container=\u00bbtag:h2|font_size:40px|text_align:left|color:%23ffffff\u00bb use_theme_fonts=\u00bbyes\u00bb css_animation=\u00bbfadeInDownBig\u00bb css=\u00bb.vc_custom_1593164427619{padding-left: 5% !important;}\u00bb][\/vc_column][\/vc_row][vc_row full_width=\u00bbstretch_row_content\u00bb gap=\u00bb1&#8243; equal_height=\u00bbyes\u00bb css=\u00bb.vc_custom_1593164828076{padding-top: 2% !important;padding-bottom: 2% !important;}\u00bb][vc_column css_animation=\u00bbfadeInLeft\u00bb width=\u00bb1\/4&#8243; css=\u00bb.vc_custom_1581084709591{padding-bottom: 7% !important;background-color: #eaeaea !important;}\u00bb][vc_column_text css_animation=\u00bbnone\u00bb] Encuentros participantes del programa [\/vc_column_text][\/vc_column][vc_column css_animation=\u00bbfadeInRight\u00bb width=\u00bb2\/4&#8243; css=\u00bb.vc_custom_1581084489854{background-color: #eaeaea !important;}\u00bb][vc_column_text]Reuniones de todo el alumnado participante en el programa con el fin de que puedan conocer a...\" \/>\n<meta property=\"og:url\" content=\"https:\/\/www.ull.es\/portal\/web-atenea\/que-hacemos\/\" \/>\n<meta property=\"og:site_name\" content=\"Web de Atenea\" \/>\n<meta property=\"article:modified_time\" content=\"2022-10-27T08:11:39+00:00\" \/>\n<meta name=\"twitter:card\" content=\"summary_large_image\" \/>\n<meta name=\"twitter:label1\" content=\"Tiempo de lectura\" \/>\n\t<meta name=\"twitter:data1\" content=\"3 minutos\" \/>\n<script type=\"application\/ld+json\" class=\"yoast-schema-graph\">{\"@context\":\"https:\/\/schema.org\",\"@graph\":[{\"@type\":\"WebPage\",\"@id\":\"https:\/\/www.ull.es\/portal\/web-atenea\/que-hacemos\/\",\"url\":\"https:\/\/www.ull.es\/portal\/web-atenea\/que-hacemos\/\",\"name\":\"\u00bfQu\u00e9 hacemos? - Web de Atenea\",\"isPartOf\":{\"@id\":\"https:\/\/www.ull.es\/portal\/web-atenea\/#website\"},\"datePublished\":\"2020-06-26T09:37:02+00:00\",\"dateModified\":\"2022-10-27T08:11:39+00:00\",\"breadcrumb\":{\"@id\":\"https:\/\/www.ull.es\/portal\/web-atenea\/que-hacemos\/#breadcrumb\"},\"inLanguage\":\"es\",\"potentialAction\":[{\"@type\":\"ReadAction\",\"target\":[\"https:\/\/www.ull.es\/portal\/web-atenea\/que-hacemos\/\"]}]},{\"@type\":\"BreadcrumbList\",\"@id\":\"https:\/\/www.ull.es\/portal\/web-atenea\/que-hacemos\/#breadcrumb\",\"itemListElement\":[{\"@type\":\"ListItem\",\"position\":1,\"name\":\"Portada\",\"item\":\"https:\/\/www.ull.es\/portal\/web-atenea\/\"},{\"@type\":\"ListItem\",\"position\":2,\"name\":\"\u00bfQu\u00e9 hacemos?\"}]},{\"@type\":\"WebSite\",\"@id\":\"https:\/\/www.ull.es\/portal\/web-atenea\/#website\",\"url\":\"https:\/\/www.ull.es\/portal\/web-atenea\/\",\"name\":\"Web de Atenea\",\"description\":\"\",\"potentialAction\":[{\"@type\":\"SearchAction\",\"target\":{\"@type\":\"EntryPoint\",\"urlTemplate\":\"https:\/\/www.ull.es\/portal\/web-atenea\/?s={search_term_string}\"},\"query-input\":\"required name=search_term_string\"}],\"inLanguage\":\"es\"}]}<\/script>\n<!-- \/ Yoast SEO plugin. -->","yoast_head_json":{"title":"\u00bfQu\u00e9 hacemos? - Web de Atenea","robots":{"index":"index","follow":"follow","max-snippet":"max-snippet:-1","max-image-preview":"max-image-preview:large","max-video-preview":"max-video-preview:-1"},"canonical":"https:\/\/www.ull.es\/portal\/web-atenea\/que-hacemos\/","og_locale":"es_ES","og_type":"article","og_title":"\u00bfQu\u00e9 hacemos? - Web de Atenea","og_description":"[vc_row full_width=\u00bbstretch_row_content\u00bb el_class=\u00bbprincipio-marcha\u00bb][vc_column css=\u00bb.vc_custom_1588939369209{padding-top: 40px !important;}\u00bb][vc_custom_heading text=\u00bbActividades\u00bb font_container=\u00bbtag:h2|font_size:40px|text_align:left|color:%23ffffff\u00bb use_theme_fonts=\u00bbyes\u00bb css_animation=\u00bbfadeInDownBig\u00bb css=\u00bb.vc_custom_1593164427619{padding-left: 5% !important;}\u00bb][\/vc_column][\/vc_row][vc_row full_width=\u00bbstretch_row_content\u00bb gap=\u00bb1&#8243; equal_height=\u00bbyes\u00bb css=\u00bb.vc_custom_1593164828076{padding-top: 2% !important;padding-bottom: 2% !important;}\u00bb][vc_column css_animation=\u00bbfadeInLeft\u00bb width=\u00bb1\/4&#8243; css=\u00bb.vc_custom_1581084709591{padding-bottom: 7% !important;background-color: #eaeaea !important;}\u00bb][vc_column_text css_animation=\u00bbnone\u00bb] Encuentros participantes del programa [\/vc_column_text][\/vc_column][vc_column css_animation=\u00bbfadeInRight\u00bb width=\u00bb2\/4&#8243; css=\u00bb.vc_custom_1581084489854{background-color: #eaeaea !important;}\u00bb][vc_column_text]Reuniones de todo el alumnado participante en el programa con el fin de que puedan conocer a...","og_url":"https:\/\/www.ull.es\/portal\/web-atenea\/que-hacemos\/","og_site_name":"Web de Atenea","article_modified_time":"2022-10-27T08:11:39+00:00","twitter_card":"summary_large_image","twitter_misc":{"Tiempo de lectura":"3 minutos"},"schema":{"@context":"https:\/\/schema.org","@graph":[{"@type":"WebPage","@id":"https:\/\/www.ull.es\/portal\/web-atenea\/que-hacemos\/","url":"https:\/\/www.ull.es\/portal\/web-atenea\/que-hacemos\/","name":"\u00bfQu\u00e9 hacemos? - Web de Atenea","isPartOf":{"@id":"https:\/\/www.ull.es\/portal\/web-atenea\/#website"},"datePublished":"2020-06-26T09:37:02+00:00","dateModified":"2022-10-27T08:11:39+00:00","breadcrumb":{"@id":"https:\/\/www.ull.es\/portal\/web-atenea\/que-hacemos\/#breadcrumb"},"inLanguage":"es","potentialAction":[{"@type":"ReadAction","target":["https:\/\/www.ull.es\/portal\/web-atenea\/que-hacemos\/"]}]},{"@type":"BreadcrumbList","@id":"https:\/\/www.ull.es\/portal\/web-atenea\/que-hacemos\/#breadcrumb","itemListElement":[{"@type":"ListItem","position":1,"name":"Portada","item":"https:\/\/www.ull.es\/portal\/web-atenea\/"},{"@type":"ListItem","position":2,"name":"\u00bfQu\u00e9 hacemos?"}]},{"@type":"WebSite","@id":"https:\/\/www.ull.es\/portal\/web-atenea\/#website","url":"https:\/\/www.ull.es\/portal\/web-atenea\/","name":"Web de Atenea","description":"","potentialAction":[{"@type":"SearchAction","target":{"@type":"EntryPoint","urlTemplate":"https:\/\/www.ull.es\/portal\/web-atenea\/?s={search_term_string}"},"query-input":"required name=search_term_string"}],"inLanguage":"es"}]}},"_links":{"self":[{"href":"https:\/\/www.ull.es\/portal\/web-atenea\/wp-json\/wp\/v2\/pages\/55"}],"collection":[{"href":"https:\/\/www.ull.es\/portal\/web-atenea\/wp-json\/wp\/v2\/pages"}],"about":[{"href":"https:\/\/www.ull.es\/portal\/web-atenea\/wp-json\/wp\/v2\/types\/page"}],"author":[{"embeddable":true,"href":"https:\/\/www.ull.es\/portal\/web-atenea\/wp-json\/wp\/v2\/users\/22"}],"replies":[{"embeddable":true,"href":"https:\/\/www.ull.es\/portal\/web-atenea\/wp-json\/wp\/v2\/comments?post=55"}],"version-history":[{"count":4,"href":"https:\/\/www.ull.es\/portal\/web-atenea\/wp-json\/wp\/v2\/pages\/55\/revisions"}],"predecessor-version":[{"id":106,"href":"https:\/\/www.ull.es\/portal\/web-atenea\/wp-json\/wp\/v2\/pages\/55\/revisions\/106"}],"wp:attachment":[{"href":"https:\/\/www.ull.es\/portal\/web-atenea\/wp-json\/wp\/v2\/media?parent=55"}],"curies":[{"name":"wp","href":"https:\/\/api.w.org\/{rel}","templated":true}]}}