{"id":10,"date":"2016-12-14T11:07:22","date_gmt":"2016-12-14T11:07:22","guid":{"rendered":"https:\/\/wwwpre.ull.es\/portal\/erasmus\/?page_id=5"},"modified":"2016-12-14T11:07:22","modified_gmt":"2016-12-14T11:07:22","slug":"inicio","status":"publish","type":"page","link":"https:\/\/www.ull.es\/portal\/inicio\/","title":{"rendered":"Inicio"},"content":{"rendered":"<p>[vc_row][vc_column][rev_slider_vc alias=\u00bbyoutube-hero\u00bb][vc_column_text el_class=\u00bbtituloinicio\u00bb]<\/p>\n<h2 style=\"text-align: center\">Yo<span style=\"color: #8e248b\">U&#8217;LL<\/span> see!<\/h2>\n<p>[\/vc_column_text][vc_column_text el_class=\u00bbparrafoinicio\u00bb css=\u00bb.vc_custom_1482313140702{padding-right: 50px !important;padding-left: 50px !important;}\u00bb]<\/p>\n<p style=\"text-align: center\">Erasmus+ es el programa de la UE en los \u00e1mbitos de la educaci\u00f3n, la formaci\u00f3n, la juventud y el deporte para el periodo 2014-2020. Tiene como objetivo mejorar las cualificaciones y la empleabilidad y modernizar la educaci\u00f3n, la formaci\u00f3n y el trabajo juvenil. Ofrece a m\u00e1s de cuatro millones de europeos oportunidades de estudiar, formarse, adquirir experiencia laboral y realizar actividades de voluntariado en el extranjero.<\/p>\n<p>[\/vc_column_text][vc_row_inner gap=\u00bb35&#8243;][vc_column_inner width=\u00bb1\/3&#8243; css=\u00bb.vc_custom_1481810818587{border-top-width: 2px !important;border-right-width: 2px !important;border-bottom-width: 2px !important;border-left-width: 2px !important;border-left-color: #7a3b7a !important;border-left-style: solid !important;border-right-color: #7a3b7a !important;border-right-style: solid !important;border-top-color: #7a3b7a !important;border-top-style: solid !important;border-bottom-color: #7a3b7a !important;border-bottom-style: solid !important;}\u00bb][vc_column_text]<\/p>\n<h2 style=\"text-align: center\">Estudios<\/h2>\n<p>[\/vc_column_text][vc_column_text]<\/p>\n<p style=\"text-align: center\"><a href=\"https:\/\/wwwpre.ull.es\/portal\/erasmus\/movilidad\/erasmus-estudios-entrantes\/\" target=\"_blank\" rel=\"noopener\">Entrantes<\/a> | <a href=\"https:\/\/wwwpre.ull.es\/portal\/erasmus\/movilidad\/erasmus-estudios-salientes\/\" target=\"_blank\" rel=\"noopener\">Salientes<\/a><\/p>\n<p>[\/vc_column_text][\/vc_column_inner][vc_column_inner width=\u00bb1\/3&#8243; css=\u00bb.vc_custom_1481810853756{border: 2px solid #7a3b7a !important;}\u00bb][vc_column_text]<\/p>\n<h2 style=\"text-align: center\">Pr\u00e1cticas<\/h2>\n<p>[\/vc_column_text][vc_column_text]<\/p>\n<p style=\"text-align: center\"><a href=\"https:\/\/wwwpre.ull.es\/portal\/erasmus\/movilidad\/erasmus-practicas-entrantes\/\" target=\"_blank\" rel=\"noopener\">Entrantes<\/a> | <a href=\"https:\/\/wwwpre.ull.es\/portal\/erasmus\/movilidad\/erasmus-practicas-salientes\/\" target=\"_blank\" rel=\"noopener\">Salientes<\/a><\/p>\n<p>[\/vc_column_text][\/vc_column_inner][vc_column_inner width=\u00bb1\/3&#8243; css=\u00bb.vc_custom_1481810870108{border: 2px solid #7a3b7a !important;}\u00bb][vc_column_text]<\/p>\n<h2 style=\"text-align: center\">PDI\/PAS<\/h2>\n<p>[\/vc_column_text][vc_column_text]<\/p>\n<p style=\"text-align: center\"><a href=\"https:\/\/wwwpre.ull.es\/portal\/erasmus\/movilidad\/erasmus-pdi-pas-entrantes\/\" target=\"_blank\" rel=\"noopener\">Entrantes<\/a> | <a href=\"https:\/\/wwwpre.ull.es\/portal\/erasmus\/movilidad\/erasmus-pdi-pas-salientes\/\" target=\"_blank\" rel=\"noopener\">Salientes<\/a><\/p>\n<p>[\/vc_column_text][\/vc_column_inner][\/vc_row_inner][\/vc_column][\/vc_row][vc_row full_width=\u00bbstretch_row\u00bb equal_height=\u00bbyes\u00bb content_placement=\u00bbmiddle\u00bb css=\u00bb.vc_custom_1481883508516{margin-top: 50px !important;border-bottom-width: 5px !important;padding-top: 10px !important;padding-bottom: 10px !important;background-color: #060d2c !important;border-bottom-color: #7a3b7a !important;border-bottom-style: solid !important;}\u00bb][vc_column width=\u00bb2\/3&#8243;][vc_column_text el_class=\u00bbparrafoinicio\u00bb]<\/p>\n<p style=\"font-size: 16px\"><span style=\"color: #ffffff\">El Programa Erasmus+, dentro de su Acci\u00f3n Clave 2 (cooperaci\u00f3n para la innovaci\u00f3n y el intercambio de buenas pr\u00e1cticas) apoya financieramente asociaciones estrat\u00e9gicas en el \u00e1mbito de la educaci\u00f3n, la formaci\u00f3n y la juventud, alianzas para el conocimiento, alianzas para las competencias sectoriales, el desarrollo de las capacidades en el \u00e1mbito de la educaci\u00f3n superior y el desarrollo de las capacidades en el \u00e1mbito de la juventud.<\/span><\/p>\n<p>[\/vc_column_text][\/vc_column][vc_column width=\u00bb1\/3&#8243;][vc_btn title=\u00bbProyectos Erasmus\u00bb style=\u00bbflat\u00bb shape=\u00bbsquare\u00bb size=\u00bblg\u00bb align=\u00bbcenter\u00bb button_block=\u00bbtrue\u00bb link=\u00bburl:http%3A%2F%2Fwwwpruebas.ull.es%2Fportal%2Ferasmus%2Fproyectos-ka2%2F|||\u00bb][\/vc_column][\/vc_row][vc_row full_width=\u00bbstretch_row\u00bb full_height=\u00bbyes\u00bb css=\u00bb.vc_custom_1481883733315{padding-top: 10px !important;padding-bottom: 10px !important;background-image: url(https:\/\/wwwpre.ull.es\/portal\/erasmus\/wp-content\/uploads\/sites\/6\/2016\/12\/tp_package_bg-1.jpg?id=142) !important;}\u00bb][vc_column][vc_column_text el_class=\u00bbtituloinicio\u00bb]<\/p>\n<h2 style=\"text-align: center\">Servicios destacados<\/h2>\n<p>[\/vc_column_text][vc_row_inner][vc_column_inner el_class=\u00bbservicios-erasmus\u00bb width=\u00bb1\/4&#8243;][\/vc_column_inner][vc_column_inner el_class=\u00bbservicios-erasmus\u00bb width=\u00bb2\/4&#8243;][vc_column_text]<\/p>\n<ul>\n<li>\n<h3><a href=\"https:\/\/wwwpre.ull.es\/la-universidad\/servicios-universitarios\/servicio-de-idiomas\/\" target=\"_blank\" rel=\"noopener\"><i class=\"fa fa-language\"><\/i> Servicio de Idiomas<\/a><\/h3>\n<\/li>\n<li>\n<h3><a href=\"https:\/\/wwwpre.ull.es\/la-universidad\/servicios-universitarios\/servicio-de-alojamiento\/\" target=\"_blank\" rel=\"noopener\"><i class=\"fa fa-bed\"><\/i> Servicio de Alojamiento<\/a><\/h3>\n<\/li>\n<li>\n<h3><a href=\"https:\/\/wwwpre.ull.es\/la-universidad\/servicios-universitarios\/servicio-de-deportes-sdull\/\" target=\"_blank\" rel=\"noopener\"><i class=\"fa fa-trophy\"><\/i> Servicio de Deportes<\/a><\/h3>\n<\/li>\n<li>\n<h3><a href=\"https:\/\/wwwpre.ull.es\/la-universidad\/servicios-universitarios\/servicio-de-biblioteca\/\" target=\"_blank\" rel=\"noopener\"><i class=\"fa fa-book\"><\/i> Servicio de Biblioteca<\/a><\/h3>\n<\/li>\n<li>\n<h3><a href=\"https:\/\/wwwpre.ull.es\/la-universidad\/servicios-universitarios\/servicio-de-informacion-y-orientacion\/\" target=\"_blank\" rel=\"noopener\"><i class=\"fa fa-info-circle\"><\/i> Servicio de Informaci\u00f3n y Orientaci\u00f3n<\/a><\/h3>\n<\/li>\n<li>\n<h3><a href=\"https:\/\/wwwpre.ull.es\/la-universidad\/servicios-universitarios\/centro-de-atencion-al-usuario-cau\/\" target=\"_blank\" rel=\"noopener\"><i class=\"fa fa-desktop\"><\/i> Centro de Atenci\u00f3n al Usuario<\/a><\/h3>\n<\/li>\n<\/ul>\n<p>[\/vc_column_text][vc_btn title=\u00bbVer todos los servicios\u00bb style=\u00bbflat\u00bb shape=\u00bbsquare\u00bb color=\u00bbblack\u00bb align=\u00bbcenter\u00bb link=\u00bburl:http%3A%2F%2Fwwwpruebas.ull.es%2Fla-universidad%2Fservicios-universitarios%2F|||\u00bb][\/vc_column_inner][vc_column_inner width=\u00bb1\/4&#8243;][\/vc_column_inner][\/vc_row_inner][\/vc_column][\/vc_row][vc_row][vc_column][vc_column_text]<style>\n\n    .vc_row-has-fill+.vc_row-full-width+.vc_row.vc-noticias>.vc_column_container>.vc_column-inner {\n        padding: 0 !important;\n    }\n\n    .news-block {\n        background: #f5f5f5;\n    }\n\n    .news-block ul li {\n        min-height: 300px;\n        border-right: solid 3px #fff;\n    }\n\n    .news-block ul li:last-child {\n        border-right: none;\n    }\n\n    .news-block ul {\n        list-style: none;\n        margin: 0;\n        padding: 0;\n    }\n\n    .news-block ul li {\n        padding: 0 !important;\n    }\n\n    .news-block .caption {\n        padding: 8px 10px;\n    }\n    .news-block .caption h4 {\n        font-size: 14px;\n        font-weight: normal !important;\n        padding-top: 8px;\n        line-height: normal !important;\n    }\n\n    .news-block .caption .date {\n        font-size: 12px;\n        font-weight: bold;\n        color: #444;\n        margin-top: 6px;\n    }\n\n    .news-control{\n        width: 100%;\n        padding: 8px 15px;\n        overflow: hidden;\n    }\n\n    .news-control a {\n        color: #444;\n    }\n\n    .news-block a:hover {\n        text-decoration: none !important;\n        border: 0;\n    }\n    .news-control a.right { float: right; }\n    .news-control a.left { float: left; }\n\n    .news-block .thumbnail {\n        border: 0;\n        padding: 0;\n        border-radius: 0;\n        margin-bottom: 0;\n    }\n\n    .news-block .thumbnail a {\n        display: block;\n        width: 100%;\n        height: 160px;\n        background-size: cover;\n        background-repeat: no-repeat;\n    }\n\n    .more-news {\n        margin-top: 30px;\n    }\n\n    .more-news a {\n        display: block;\n        float: right;\n        background: #5c068c;\n        padding: 8px 20px;\n        color: #fff;\n    }\n\n    .more-news a:hover {\n        text-decoration: none;\n    }\n\n    .more-news a i {\n        margin-left: 6px;\n    }\n\n    .news-header h2 {\n        color: #444;\n        font-weight: bold;\n        width: 100%;\n        border-bottom: solid 3px #fff;\n        padding: 12px;\n        padding-bottom: 15px;\n        margin: 0;\n        font-size: 30px;\n        line-height: 30px;\n        text-transform: uppercase;\n    }\n\n    @media only screen and (max-width : 480px) {\n        .news-header h2 {\n            font-size: 20px;\n            padding: 10px;\n            line-height: 24px;\n        }\n    }\n\n<\/style>\n\n<div class=\"news-block\">\n    <div class=\"news-header\">\n        <h2>\u00daltimas noticias<\/h2>\n    <\/div>\n\n\n    <div class=\"carousel slide\" id=\"newsCarousel\">\n        <div class=\"carousel-inner\">\n\n                    <\/div>\n    <\/div>\n<\/div>\n\n<div class=\"more-news\">\n    <a href=\"https:\/\/www.ull.es\/portal\/noticias\">M\u00c1S NOTICIAS <i class=\"fa fa-chevron-right\"><\/i><\/a>\n<\/div>\n\n<script>\n    $(document).ready(function() {\n        $('#newsCarousel').carousel({\n            interval: 11000\n        })\n    });\n<\/script>\n[\/vc_column_text][\/vc_column][\/vc_row]<\/p>\n","protected":false},"excerpt":{"rendered":"<p>[vc_row][vc_column][rev_slider_vc alias=\u00bbyoutube-hero\u00bb][vc_column_text el_class=\u00bbtituloinicio\u00bb] YoU&#8217;LL see! [\/vc_column_text][vc_column_text el_class=\u00bbparrafoinicio\u00bb css=\u00bb.vc_custom_1482313140702{padding-right: 50px !important;padding-left: 50px !important;}\u00bb] Erasmus+ es el programa de la UE en los \u00e1mbitos de la educaci\u00f3n, la formaci\u00f3n, la juventud y el deporte para el periodo 2014-2020. Tiene como objetivo mejorar las cualificaciones y la empleabilidad y modernizar la educaci\u00f3n, la formaci\u00f3n y el trabajo juvenil&#8230;.<\/p>\n","protected":false},"author":1,"featured_media":0,"parent":0,"menu_order":0,"comment_status":"closed","ping_status":"closed","template":"templates\/template-nobreadcrumbs.php","meta":{"inline_featured_image":false,"footnotes":""},"acf":[],"yoast_head":"<!-- This site is optimized with the Yoast SEO plugin v21.3 - https:\/\/yoast.com\/wordpress\/plugins\/seo\/ -->\n<title>Inicio - Web ULL<\/title>\n<meta name=\"robots\" content=\"index, follow, max-snippet:-1, max-image-preview:large, max-video-preview:-1\" \/>\n<link rel=\"canonical\" href=\"https:\/\/www.ull.es\/portal\/inicio\/\" \/>\n<meta property=\"og:locale\" content=\"es_ES\" \/>\n<meta property=\"og:type\" content=\"article\" \/>\n<meta property=\"og:title\" content=\"Inicio - Web ULL\" \/>\n<meta property=\"og:description\" content=\"[vc_row][vc_column][rev_slider_vc alias=\u00bbyoutube-hero\u00bb][vc_column_text el_class=\u00bbtituloinicio\u00bb] YoU&#8217;LL see! [\/vc_column_text][vc_column_text el_class=\u00bbparrafoinicio\u00bb css=\u00bb.vc_custom_1482313140702{padding-right: 50px !important;padding-left: 50px !important;}\u00bb] Erasmus+ es el programa de la UE en los \u00e1mbitos de la educaci\u00f3n, la formaci\u00f3n, la juventud y el deporte para el periodo 2014-2020. Tiene como objetivo mejorar las cualificaciones y la empleabilidad y modernizar la educaci\u00f3n, la formaci\u00f3n y el trabajo juvenil....\" \/>\n<meta property=\"og:url\" content=\"https:\/\/www.ull.es\/portal\/inicio\/\" \/>\n<meta property=\"og:site_name\" content=\"Web ULL\" \/>\n<meta name=\"twitter:card\" content=\"summary_large_image\" \/>\n<meta name=\"twitter:label1\" content=\"Tiempo de lectura\" \/>\n\t<meta name=\"twitter:data1\" content=\"3 minutos\" \/>\n<script type=\"application\/ld+json\" class=\"yoast-schema-graph\">{\"@context\":\"https:\/\/schema.org\",\"@graph\":[{\"@type\":\"WebPage\",\"@id\":\"https:\/\/www.ull.es\/portal\/inicio\/\",\"url\":\"https:\/\/www.ull.es\/portal\/inicio\/\",\"name\":\"Inicio - Web ULL\",\"isPartOf\":{\"@id\":\"https:\/\/www.ull.es\/portal\/#website\"},\"datePublished\":\"2016-12-14T11:07:22+00:00\",\"dateModified\":\"2016-12-14T11:07:22+00:00\",\"breadcrumb\":{\"@id\":\"https:\/\/www.ull.es\/portal\/inicio\/#breadcrumb\"},\"inLanguage\":\"es\",\"potentialAction\":[{\"@type\":\"ReadAction\",\"target\":[\"https:\/\/www.ull.es\/portal\/inicio\/\"]}]},{\"@type\":\"BreadcrumbList\",\"@id\":\"https:\/\/www.ull.es\/portal\/inicio\/#breadcrumb\",\"itemListElement\":[{\"@type\":\"ListItem\",\"position\":1,\"name\":\"Portada\",\"item\":\"https:\/\/www.ull.es\/portal\/\"},{\"@type\":\"ListItem\",\"position\":2,\"name\":\"Inicio\"}]},{\"@type\":\"WebSite\",\"@id\":\"https:\/\/www.ull.es\/portal\/#website\",\"url\":\"https:\/\/www.ull.es\/portal\/\",\"name\":\"Web ULL\",\"description\":\"\",\"potentialAction\":[{\"@type\":\"SearchAction\",\"target\":{\"@type\":\"EntryPoint\",\"urlTemplate\":\"https:\/\/www.ull.es\/portal\/?s={search_term_string}\"},\"query-input\":\"required name=search_term_string\"}],\"inLanguage\":\"es\"}]}<\/script>\n<!-- \/ Yoast SEO plugin. -->","yoast_head_json":{"title":"Inicio - Web ULL","robots":{"index":"index","follow":"follow","max-snippet":"max-snippet:-1","max-image-preview":"max-image-preview:large","max-video-preview":"max-video-preview:-1"},"canonical":"https:\/\/www.ull.es\/portal\/inicio\/","og_locale":"es_ES","og_type":"article","og_title":"Inicio - Web ULL","og_description":"[vc_row][vc_column][rev_slider_vc alias=\u00bbyoutube-hero\u00bb][vc_column_text el_class=\u00bbtituloinicio\u00bb] YoU&#8217;LL see! [\/vc_column_text][vc_column_text el_class=\u00bbparrafoinicio\u00bb css=\u00bb.vc_custom_1482313140702{padding-right: 50px !important;padding-left: 50px !important;}\u00bb] Erasmus+ es el programa de la UE en los \u00e1mbitos de la educaci\u00f3n, la formaci\u00f3n, la juventud y el deporte para el periodo 2014-2020. Tiene como objetivo mejorar las cualificaciones y la empleabilidad y modernizar la educaci\u00f3n, la formaci\u00f3n y el trabajo juvenil....","og_url":"https:\/\/www.ull.es\/portal\/inicio\/","og_site_name":"Web ULL","twitter_card":"summary_large_image","twitter_misc":{"Tiempo de lectura":"3 minutos"},"schema":{"@context":"https:\/\/schema.org","@graph":[{"@type":"WebPage","@id":"https:\/\/www.ull.es\/portal\/inicio\/","url":"https:\/\/www.ull.es\/portal\/inicio\/","name":"Inicio - Web ULL","isPartOf":{"@id":"https:\/\/www.ull.es\/portal\/#website"},"datePublished":"2016-12-14T11:07:22+00:00","dateModified":"2016-12-14T11:07:22+00:00","breadcrumb":{"@id":"https:\/\/www.ull.es\/portal\/inicio\/#breadcrumb"},"inLanguage":"es","potentialAction":[{"@type":"ReadAction","target":["https:\/\/www.ull.es\/portal\/inicio\/"]}]},{"@type":"BreadcrumbList","@id":"https:\/\/www.ull.es\/portal\/inicio\/#breadcrumb","itemListElement":[{"@type":"ListItem","position":1,"name":"Portada","item":"https:\/\/www.ull.es\/portal\/"},{"@type":"ListItem","position":2,"name":"Inicio"}]},{"@type":"WebSite","@id":"https:\/\/www.ull.es\/portal\/#website","url":"https:\/\/www.ull.es\/portal\/","name":"Web ULL","description":"","potentialAction":[{"@type":"SearchAction","target":{"@type":"EntryPoint","urlTemplate":"https:\/\/www.ull.es\/portal\/?s={search_term_string}"},"query-input":"required name=search_term_string"}],"inLanguage":"es"}]}},"_links":{"self":[{"href":"https:\/\/www.ull.es\/portal\/wp-json\/wp\/v2\/pages\/10"}],"collection":[{"href":"https:\/\/www.ull.es\/portal\/wp-json\/wp\/v2\/pages"}],"about":[{"href":"https:\/\/www.ull.es\/portal\/wp-json\/wp\/v2\/types\/page"}],"author":[{"embeddable":true,"href":"https:\/\/www.ull.es\/portal\/wp-json\/wp\/v2\/users\/1"}],"replies":[{"embeddable":true,"href":"https:\/\/www.ull.es\/portal\/wp-json\/wp\/v2\/comments?post=10"}],"version-history":[{"count":0,"href":"https:\/\/www.ull.es\/portal\/wp-json\/wp\/v2\/pages\/10\/revisions"}],"wp:attachment":[{"href":"https:\/\/www.ull.es\/portal\/wp-json\/wp\/v2\/media?parent=10"}],"curies":[{"name":"wp","href":"https:\/\/api.w.org\/{rel}","templated":true}]}}