{"id":1398,"date":"2025-02-27T09:30:08","date_gmt":"2025-02-27T09:30:08","guid":{"rendered":"https:\/\/www.ull.es\/portal\/?page_id=1398"},"modified":"2025-03-12T10:00:53","modified_gmt":"2025-03-12T10:00:53","slug":"8m","status":"publish","type":"page","link":"https:\/\/www.ull.es\/portal\/8m\/","title":{"rendered":"8M"},"content":{"rendered":"\t\t<div data-elementor-type=\"wp-page\" data-elementor-id=\"1398\" class=\"elementor elementor-1398\">\n\t\t\t\t\t\t\t\t\t<section class=\"elementor-section elementor-top-section elementor-element elementor-element-a837aa1 elementor-section-full_width elementor-section-height-default elementor-section-height-default\" data-id=\"a837aa1\" data-element_type=\"section\" data-settings=\"{&quot;background_background&quot;:&quot;classic&quot;}\">\n\t\t\t\t\t\t<div class=\"elementor-container elementor-column-gap-default\">\n\t\t\t\t\t<div class=\"elementor-column elementor-col-100 elementor-top-column elementor-element elementor-element-b2f6845\" data-id=\"b2f6845\" data-element_type=\"column\">\n\t\t\t<div class=\"elementor-widget-wrap elementor-element-populated\">\n\t\t\t\t\t\t\t\t<div class=\"elementor-element elementor-element-92bfe8e elementor-widget elementor-widget-spacer\" data-id=\"92bfe8e\" data-element_type=\"widget\" data-widget_type=\"spacer.default\">\n\t\t\t\t<div class=\"elementor-widget-container\">\n\t\t\t<style>\/*! elementor - v3.9.2 - 21-12-2022 *\/\n.elementor-column .elementor-spacer-inner{height:var(--spacer-size)}.e-con{--container-widget-width:100%}.e-con-inner>.elementor-widget-spacer,.e-con>.elementor-widget-spacer{width:var(--container-widget-width,var(--spacer-size));--align-self:var(--container-widget-align-self,initial);--flex-shrink:0}.e-con-inner>.elementor-widget-spacer>.elementor-widget-container,.e-con-inner>.elementor-widget-spacer>.elementor-widget-container>.elementor-spacer,.e-con>.elementor-widget-spacer>.elementor-widget-container,.e-con>.elementor-widget-spacer>.elementor-widget-container>.elementor-spacer{height:100%}.e-con-inner>.elementor-widget-spacer>.elementor-widget-container>.elementor-spacer>.elementor-spacer-inner,.e-con>.elementor-widget-spacer>.elementor-widget-container>.elementor-spacer>.elementor-spacer-inner{height:var(--container-widget-height,var(--spacer-size))}<\/style>\t\t<div class=\"elementor-spacer\">\n\t\t\t<div class=\"elementor-spacer-inner\"><\/div>\n\t\t<\/div>\n\t\t\t\t<\/div>\n\t\t\t\t<\/div>\n\t\t\t\t\t<\/div>\n\t\t<\/div>\n\t\t\t\t\t\t\t<\/div>\n\t\t<\/section>\n\t\t\t\t<section class=\"elementor-section elementor-top-section elementor-element elementor-element-c69f54a elementor-section-boxed elementor-section-height-default elementor-section-height-default\" data-id=\"c69f54a\" data-element_type=\"section\">\n\t\t\t\t\t\t<div class=\"elementor-container elementor-column-gap-default\">\n\t\t\t\t\t<div class=\"elementor-column elementor-col-100 elementor-top-column elementor-element elementor-element-75c3662\" data-id=\"75c3662\" data-element_type=\"column\">\n\t\t\t<div class=\"elementor-widget-wrap elementor-element-populated\">\n\t\t\t\t\t\t\t\t<div class=\"elementor-element elementor-element-bea2e3d elementor-widget elementor-widget-text-editor\" data-id=\"bea2e3d\" data-element_type=\"widget\" data-widget_type=\"text-editor.default\">\n\t\t\t\t<div class=\"elementor-widget-container\">\n\t\t\t<style>\/*! elementor - v3.9.2 - 21-12-2022 *\/\n.elementor-widget-text-editor.elementor-drop-cap-view-stacked .elementor-drop-cap{background-color:#818a91;color:#fff}.elementor-widget-text-editor.elementor-drop-cap-view-framed .elementor-drop-cap{color:#818a91;border:3px solid;background-color:transparent}.elementor-widget-text-editor:not(.elementor-drop-cap-view-default) .elementor-drop-cap{margin-top:8px}.elementor-widget-text-editor:not(.elementor-drop-cap-view-default) .elementor-drop-cap-letter{width:1em;height:1em}.elementor-widget-text-editor .elementor-drop-cap{float:left;text-align:center;line-height:1;font-size:50px}.elementor-widget-text-editor .elementor-drop-cap-letter{display:inline-block}<\/style>\t\t\t\t<p style=\"font-weight: 500;\">Durante el mes de marzo, la Universidad de La Laguna llevar\u00e1\u00a0 a cabo diferentes actividades, charlas y seminarios para conmemorar el 8 M, D\u00eda Internacional de las Mujeres, que reivindica la lucha de las mujeres por su participaci\u00f3n en la sociedad y su desarrollo \u00edntegro como persona, en pie de igualdad con el hombre. El 8M fue adoptado por la Asamblea General de la Naciones Unidas en 1977, en memoria de las manifestaciones de las mujeres, que especialmente en Europa, reclamaban a comienzos del siglo XX el derecho al voto, mejores condiciones de trabajo y la igualdad entre mujeres y hombres. <br \/><br \/><a href=\"https:\/\/drive.google.com\/file\/d\/19c3_WSvM1Xdra_jcFLlOIf6pSVvivcbQ\/view?usp=sharing\" target=\"_blank\" rel=\"noopener\" target=\"_blank\" rel=\"noopener\">Manifiesto de CRUE Universidades Espa\u00f1olas, con motivo del D\u00eda Internacional de las Mujeres.<\/a><\/p>\t\t\t\t\t\t<\/div>\n\t\t\t\t<\/div>\n\t\t\t\t\t<\/div>\n\t\t<\/div>\n\t\t\t\t\t\t\t<\/div>\n\t\t<\/section>\n\t\t\t\t<section class=\"elementor-section elementor-top-section elementor-element elementor-element-fe878fa elementor-section-full_width elementor-section-height-default elementor-section-height-default\" data-id=\"fe878fa\" data-element_type=\"section\" data-settings=\"{&quot;background_background&quot;:&quot;classic&quot;}\">\n\t\t\t\t\t\t<div class=\"elementor-container elementor-column-gap-default\">\n\t\t\t\t\t<div class=\"elementor-column elementor-col-100 elementor-top-column elementor-element elementor-element-8851fb6\" data-id=\"8851fb6\" data-element_type=\"column\">\n\t\t\t<div class=\"elementor-widget-wrap elementor-element-populated\">\n\t\t\t\t\t\t\t\t<div class=\"elementor-element elementor-element-9219f1e elementor-widget elementor-widget-spacer\" data-id=\"9219f1e\" data-element_type=\"widget\" data-widget_type=\"spacer.default\">\n\t\t\t\t<div class=\"elementor-widget-container\">\n\t\t\t\t\t<div class=\"elementor-spacer\">\n\t\t\t<div class=\"elementor-spacer-inner\"><\/div>\n\t\t<\/div>\n\t\t\t\t<\/div>\n\t\t\t\t<\/div>\n\t\t\t\t\t<\/div>\n\t\t<\/div>\n\t\t\t\t\t\t\t<\/div>\n\t\t<\/section>\n\t\t\t\t<section class=\"elementor-section elementor-top-section elementor-element elementor-element-1010d75 elementor-section-boxed elementor-section-height-default elementor-section-height-default\" data-id=\"1010d75\" data-element_type=\"section\">\n\t\t\t\t\t\t<div class=\"elementor-container elementor-column-gap-default\">\n\t\t\t\t\t<div class=\"elementor-column elementor-col-100 elementor-top-column elementor-element elementor-element-e56e4b4\" data-id=\"e56e4b4\" data-element_type=\"column\">\n\t\t\t<div class=\"elementor-widget-wrap elementor-element-populated\">\n\t\t\t\t\t\t\t\t<div class=\"elementor-element elementor-element-5a0e414 elementor-widget elementor-widget-shortcode\" data-id=\"5a0e414\" data-element_type=\"widget\" data-widget_type=\"shortcode.default\">\n\t\t\t\t<div class=\"elementor-widget-container\">\n\t\t\t\t\t<div class=\"elementor-shortcode\"><style>\n\n    .row.programa{\n        border-bottom: 1px solid;\n    }\n    .row.programa:last-child{\n        border-bottom: none;\n    }\n\n    .row.programa .horas{\n        text-align: center;\n    }\n\n    .date {\n        font-size: 2.5vh;\n        font-weight: bold;\n        margin-top: 15px;\n    }\n\n    .date .nombredia{\n        margin-bottom: 0;\n        color: #0e0e0e;\n    }\n\n    .date .fecha{\n        color: #808080;\n    }\n\n    .info {\n        padding: 0 !important;\n        border-left: 3px solid #171e32;\n    }\n\n    .info .localizacion, .info .categoria,.info .horario, .info .duracion{\n        color: #717171;\n        font-size: 1.9vh;\n    }\n    .info .duracion{\n        color: #989898;\n    }\n\n    .info .evento{\n        border-bottom: dashed 1px #bfbfbf;\n        padding: 12px 20px;\n    }\n    .info .evento h3{\n        margin: 0 !important;\n        color: #1d71b8;\n        font-size: 2.5vh;\n\n    }\n    .info .evento:last-child{\n        border-bottom: none;\n    }\n\n    .info .evento a{\n        text-decoration: none;\n    }\n\n    .info .evento:hover{\n        background: rgba(240, 240, 240, 0.57);\n    }\n\n\n    @media (max-width: 768px) {\n        \/* Estos estilos solo se aplicar\u00e1n hasta el tama\u00f1o indicado *\/\n        .row.programa{\n            border-bottom: none;\n        }\n        .info {\n            border-left: none;\n        }\n        .date{\n            border-bottom: 3px solid #171e32;\n        }\n        .row.programa .horas{\n            text-align: left;\n        }\n        .date .nombredia, .date .fecha, .info .horario, .info .duracion{\n            display: inline-block;\n            margin-right: 10px;\n        }\n    }\n\n<\/style>\n\n\n<div class=\"row programa\">\n    <div class=\"col-md-2\">\n        <div class=\"date\">\n            <p class='nombredia'>Lunes<\/p><p class='fecha'>10\/03<\/p>        <\/div>\n    <\/div>\n\n    <div class=\"col-md-10 info\">\n                <div class=\"evento\">\n            <a target=\"_blank\" href=\"https:\/\/www.ull.es\/portal\/agenda\/evento\/dia-internacional-de-la-mujer-el-sector-maritimo\/\" target=\"_blank\" rel=\"noopener\">\n                <div class=\"row programa\">\n                    <div class=\"col-md-2 horas\">\n                        <div class='horario'><i class='fa fa-clock-o'><\/i> 11:00 - 13:00<\/div><div class='duracion'>2h <\/div>                    <\/div>\n                    <div class=\"col-md-10\">\n                        <h3>D\u00eda Internacional de las Mujeres: el sector mar\u00edtimo<\/h3><div class='localizacion'><i class='fa fa-map-marker'><\/i> Sal\u00f3n de Actos de la Escuela Polit\u00e9cnica Superior de Ingenier\u00eda. Secci\u00f3n de N\u00e1utica<\/div>                    <\/div>\n                <\/div>\n            <\/a>\n        <\/div>\n            <\/div>\n<\/div>\n\n<div class=\"row programa\">\n    <div class=\"col-md-2\">\n        <div class=\"date\">\n            <p class='nombredia'>Mi\u00e9rcoles<\/p><p class='fecha'>12\/03<\/p>        <\/div>\n    <\/div>\n\n    <div class=\"col-md-10 info\">\n                <div class=\"evento\">\n            <a target=\"_blank\" href=\"https:\/\/www.ull.es\/portal\/agenda\/evento\/performance-con-motivo-de-la-conmemoracion-del-8m-dia-internacional-de-las-mujeres-2025\/\" target=\"_blank\" rel=\"noopener\">\n                <div class=\"row programa\">\n                    <div class=\"col-md-2 horas\">\n                        <div class='horario'><i class='fa fa-clock-o'><\/i> 11:00 - 12:30<\/div><div class='duracion'>1h 30'<\/div>                    <\/div>\n                    <div class=\"col-md-10\">\n                        <h3>Performance con motivo de la conmemoraci\u00f3n del 8M, D\u00eda Internacional de las Mujeres 2025<\/h3><div class='localizacion'><i class='fa fa-map-marker'><\/i> Campus de Guajara<\/div>                    <\/div>\n                <\/div>\n            <\/a>\n        <\/div>\n                <div class=\"evento\">\n            <a target=\"_blank\" href=\"https:\/\/www.ull.es\/portal\/agenda\/evento\/lectura-del-manifiesto-en-conmmoracion-del-dia-internacional-de-las-mujeres\/\" target=\"_blank\" rel=\"noopener\">\n                <div class=\"row programa\">\n                    <div class=\"col-md-2 horas\">\n                        <div class='horario'><i class='fa fa-clock-o'><\/i> 12:00 - 12:30<\/div><div class='duracion'>0h 30'<\/div>                    <\/div>\n                    <div class=\"col-md-10\">\n                        <h3>Lectura del manifiesto en conmemoraci\u00f3n del D\u00eda Internacional de las Mujeres<\/h3><div class='localizacion'><i class='fa fa-map-marker'><\/i> Campus de Guajara<\/div>                    <\/div>\n                <\/div>\n            <\/a>\n        <\/div>\n                <div class=\"evento\">\n            <a target=\"_blank\" href=\"https:\/\/www.ull.es\/portal\/agenda\/evento\/mesa-redonda-mujer-trabajo-y-sociedad\/\" target=\"_blank\" rel=\"noopener\">\n                <div class=\"row programa\">\n                    <div class=\"col-md-2 horas\">\n                        <div class='horario'><i class='fa fa-clock-o'><\/i> 12:30 - 14:00<\/div><div class='duracion'>1h 30'<\/div>                    <\/div>\n                    <div class=\"col-md-10\">\n                        <h3>Mesa redonda: 'Mujer, trabajo y sociedad'<\/h3><div class='localizacion'><i class='fa fa-map-marker'><\/i> Secci\u00f3n de Qu\u00edmica<\/div>                    <\/div>\n                <\/div>\n            <\/a>\n        <\/div>\n                <div class=\"evento\">\n            <a target=\"_blank\" href=\"https:\/\/www.ull.es\/portal\/agenda\/evento\/cineforum-patriarcado-el-organismo-nocivo\/\" target=\"_blank\" rel=\"noopener\">\n                <div class=\"row programa\">\n                    <div class=\"col-md-2 horas\">\n                        <div class='horario'><i class='fa fa-clock-o'><\/i> 18:30 - 20:00<\/div><div class='duracion'>1h 30'<\/div>                    <\/div>\n                    <div class=\"col-md-10\">\n                        <h3>Cinef\u00f3rum: \"Patriarcado, el organismo nocivo\"<\/h3><div class='localizacion'><i class='fa fa-map-marker'><\/i> Salon de Grados. Facultad de Econom\u00eda, Empresa y Turismo<\/div>                    <\/div>\n                <\/div>\n            <\/a>\n        <\/div>\n            <\/div>\n<\/div>\n\n<div class=\"row programa\">\n    <div class=\"col-md-2\">\n        <div class=\"date\">\n            <p class='nombredia'>Viernes<\/p><p class='fecha'>14\/03<\/p>        <\/div>\n    <\/div>\n\n    <div class=\"col-md-10 info\">\n                <div class=\"evento\">\n            <a target=\"_blank\" href=\"https:\/\/www.ull.es\/portal\/agenda\/evento\/ii-congreso-de-alumnado-mi-filosofa-favorita\/\" target=\"_blank\" rel=\"noopener\">\n                <div class=\"row programa\">\n                    <div class=\"col-md-2 horas\">\n                        <div class='horario'><i class='fa fa-clock-o'><\/i> 09:30 - 13:30<\/div><div class='duracion'>4h <\/div>                    <\/div>\n                    <div class=\"col-md-10\">\n                        <h3>II Congreso de alumnado \"Mi fil\u00f3sofa favorita\"<\/h3><div class='localizacion'><i class='fa fa-map-marker'><\/i> Aula Magna del Aulario General C\u00e9sar Manrique<\/div>                    <\/div>\n                <\/div>\n            <\/a>\n        <\/div>\n                <div class=\"evento\">\n            <a target=\"_blank\" href=\"https:\/\/www.ull.es\/portal\/agenda\/evento\/entrega-de-premios-del-instituto-universitario-de-estudios-de-las-mujeres\/\" target=\"_blank\" rel=\"noopener\">\n                <div class=\"row programa\">\n                    <div class=\"col-md-2 horas\">\n                        <div class='horario'><i class='fa fa-clock-o'><\/i> 10:00 - 13:00<\/div><div class='duracion'>3h <\/div>                    <\/div>\n                    <div class=\"col-md-10\">\n                        <h3>Entrega de Premios del Instituto Universitario de Estudios de las Mujeres<\/h3><div class='localizacion'><i class='fa fa-map-marker'><\/i> Aula Magna del Edificio Central<\/div>                    <\/div>\n                <\/div>\n            <\/a>\n        <\/div>\n            <\/div>\n<\/div>\n\n<div class=\"row programa\">\n    <div class=\"col-md-2\">\n        <div class=\"date\">\n            <p class='nombredia'>Martes<\/p><p class='fecha'>18\/03<\/p>        <\/div>\n    <\/div>\n\n    <div class=\"col-md-10 info\">\n                <div class=\"evento\">\n            <a target=\"_blank\" href=\"https:\/\/www.ull.es\/portal\/agenda\/evento\/charla-presentacion-guia-para-incorporar-la-perspectiva-de-genero-en-la-organizacion-de-los-eventos-deportivos\/2025-03-18\/\" target=\"_blank\" rel=\"noopener\">\n                <div class=\"row programa\">\n                    <div class=\"col-md-2 horas\">\n                        <div class='horario'><i class='fa fa-clock-o'><\/i> 08:15 - 10:00<\/div><div class='duracion'>1h 45'<\/div>                    <\/div>\n                    <div class=\"col-md-10\">\n                        <h3>Charla-Presentaci\u00f3n: Gu\u00eda para incorporar la perspectiva de g\u00e9nero en la organizaci\u00f3n de los eventos deportivos<\/h3><div class='localizacion'><i class='fa fa-map-marker'><\/i> Espacio de Igualdad de la Biblioteca de Educaci\u00f3n<\/div>                    <\/div>\n                <\/div>\n            <\/a>\n        <\/div>\n            <\/div>\n<\/div>\n\n<div class=\"row programa\">\n    <div class=\"col-md-2\">\n        <div class=\"date\">\n            <p class='nombredia'>Viernes<\/p><p class='fecha'>21\/03<\/p>        <\/div>\n    <\/div>\n\n    <div class=\"col-md-10 info\">\n                <div class=\"evento\">\n            <a target=\"_blank\" href=\"https:\/\/www.ull.es\/portal\/agenda\/evento\/v-jornadas-la-mujer-y-la-economia-la-mujer-en-la-agricultura-en-canarias\/\" target=\"_blank\" rel=\"noopener\">\n                <div class=\"row programa\">\n                    <div class=\"col-md-2 horas\">\n                        <div class='horario'><i class='fa fa-clock-o'><\/i> 10:00 - 13:00<\/div><div class='duracion'>3h <\/div>                    <\/div>\n                    <div class=\"col-md-10\">\n                        <h3>V Jornadas La Mujer y la Econom\u00eda \u201cLa mujer en la agricultura en Canarias\u201d<\/h3><div class='localizacion'><i class='fa fa-map-marker'><\/i> Biblioteca de la Facultad de Econom\u00eda, Empresa y Turismo<\/div>                    <\/div>\n                <\/div>\n            <\/a>\n        <\/div>\n            <\/div>\n<\/div>\n\n<div class=\"row programa\">\n    <div class=\"col-md-2\">\n        <div class=\"date\">\n            <p class='nombredia'>Lunes<\/p><p class='fecha'>24\/03<\/p>        <\/div>\n    <\/div>\n\n    <div class=\"col-md-10 info\">\n                <div class=\"evento\">\n            <a target=\"_blank\" href=\"https:\/\/www.ull.es\/portal\/agenda\/evento\/seminario-orden-de-genero-y-constitucionalismo-propuestas-de-reconstruccion-paritaria\/\" target=\"_blank\" rel=\"noopener\">\n                <div class=\"row programa\">\n                    <div class=\"col-md-2 horas\">\n                        <div class='horario'><i class='fa fa-clock-o'><\/i> 17:00 - 19:00<\/div><div class='duracion'>2h <\/div>                    <\/div>\n                    <div class=\"col-md-10\">\n                        <h3>Seminario: \"Orden de g\u00e9nero y constitucionalismo: propuestas de reconstrucci\u00f3n paritaria\"<\/h3><div class='localizacion'><i class='fa fa-map-marker'><\/i> Biblioteca de Derecho y Ciencias Sociales<\/div>                    <\/div>\n                <\/div>\n            <\/a>\n        <\/div>\n            <\/div>\n<\/div>\n<\/div>\n\t\t\t\t<\/div>\n\t\t\t\t<\/div>\n\t\t\t\t\t<\/div>\n\t\t<\/div>\n\t\t\t\t\t\t\t<\/div>\n\t\t<\/section>\n\t\t\t\t\t\t\t<\/div>\n\t\t","protected":false},"excerpt":{"rendered":"<p>Durante el mes de marzo, la Universidad de La Laguna llevar\u00e1\u00a0 a cabo diferentes actividades, charlas y seminarios para conmemorar el 8 M, D\u00eda Internacional de las Mujeres, que reivindica la lucha de las mujeres por su participaci\u00f3n en la sociedad y su desarrollo \u00edntegro como persona, en pie de igualdad con el hombre. El&#8230;<\/p>\n","protected":false},"author":102,"featured_media":0,"parent":0,"menu_order":0,"comment_status":"closed","ping_status":"closed","template":"elementor_header_footer","meta":{"inline_featured_image":false,"footnotes":""},"acf":[],"yoast_head":"<!-- This site is optimized with the Yoast SEO plugin v21.3 - https:\/\/yoast.com\/wordpress\/plugins\/seo\/ -->\n<title>8M - Web ULL<\/title>\n<meta name=\"robots\" content=\"index, follow, max-snippet:-1, max-image-preview:large, max-video-preview:-1\" \/>\n<link rel=\"canonical\" href=\"https:\/\/www.ull.es\/portal\/8m\/\" \/>\n<meta property=\"og:locale\" content=\"es_ES\" \/>\n<meta property=\"og:type\" content=\"article\" \/>\n<meta property=\"og:title\" content=\"8M - Web ULL\" \/>\n<meta property=\"og:description\" content=\"Durante el mes de marzo, la Universidad de La Laguna llevar\u00e1\u00a0 a cabo diferentes actividades, charlas y seminarios para conmemorar el 8 M, D\u00eda Internacional de las Mujeres, que reivindica la lucha de las mujeres por su participaci\u00f3n en la sociedad y su desarrollo \u00edntegro como persona, en pie de igualdad con el hombre. El...\" \/>\n<meta property=\"og:url\" content=\"https:\/\/www.ull.es\/portal\/8m\/\" \/>\n<meta property=\"og:site_name\" content=\"Web ULL\" \/>\n<meta property=\"article:modified_time\" content=\"2025-03-12T10:00:53+00:00\" \/>\n<meta name=\"twitter:card\" content=\"summary_large_image\" \/>\n<meta name=\"twitter:label1\" content=\"Tiempo de lectura\" \/>\n\t<meta name=\"twitter:data1\" content=\"2 minutos\" \/>\n<script type=\"application\/ld+json\" class=\"yoast-schema-graph\">{\"@context\":\"https:\/\/schema.org\",\"@graph\":[{\"@type\":\"WebPage\",\"@id\":\"https:\/\/www.ull.es\/portal\/8m\/\",\"url\":\"https:\/\/www.ull.es\/portal\/8m\/\",\"name\":\"8M - Web ULL\",\"isPartOf\":{\"@id\":\"https:\/\/www.ull.es\/portal\/#website\"},\"datePublished\":\"2025-02-27T09:30:08+00:00\",\"dateModified\":\"2025-03-12T10:00:53+00:00\",\"breadcrumb\":{\"@id\":\"https:\/\/www.ull.es\/portal\/8m\/#breadcrumb\"},\"inLanguage\":\"es\",\"potentialAction\":[{\"@type\":\"ReadAction\",\"target\":[\"https:\/\/www.ull.es\/portal\/8m\/\"]}]},{\"@type\":\"BreadcrumbList\",\"@id\":\"https:\/\/www.ull.es\/portal\/8m\/#breadcrumb\",\"itemListElement\":[{\"@type\":\"ListItem\",\"position\":1,\"name\":\"Portada\",\"item\":\"https:\/\/www.ull.es\/portal\/\"},{\"@type\":\"ListItem\",\"position\":2,\"name\":\"8M\"}]},{\"@type\":\"WebSite\",\"@id\":\"https:\/\/www.ull.es\/portal\/#website\",\"url\":\"https:\/\/www.ull.es\/portal\/\",\"name\":\"Web ULL\",\"description\":\"\",\"potentialAction\":[{\"@type\":\"SearchAction\",\"target\":{\"@type\":\"EntryPoint\",\"urlTemplate\":\"https:\/\/www.ull.es\/portal\/?s={search_term_string}\"},\"query-input\":\"required name=search_term_string\"}],\"inLanguage\":\"es\"}]}<\/script>\n<!-- \/ Yoast SEO plugin. -->","yoast_head_json":{"title":"8M - Web ULL","robots":{"index":"index","follow":"follow","max-snippet":"max-snippet:-1","max-image-preview":"max-image-preview:large","max-video-preview":"max-video-preview:-1"},"canonical":"https:\/\/www.ull.es\/portal\/8m\/","og_locale":"es_ES","og_type":"article","og_title":"8M - Web ULL","og_description":"Durante el mes de marzo, la Universidad de La Laguna llevar\u00e1\u00a0 a cabo diferentes actividades, charlas y seminarios para conmemorar el 8 M, D\u00eda Internacional de las Mujeres, que reivindica la lucha de las mujeres por su participaci\u00f3n en la sociedad y su desarrollo \u00edntegro como persona, en pie de igualdad con el hombre. El...","og_url":"https:\/\/www.ull.es\/portal\/8m\/","og_site_name":"Web ULL","article_modified_time":"2025-03-12T10:00:53+00:00","twitter_card":"summary_large_image","twitter_misc":{"Tiempo de lectura":"2 minutos"},"schema":{"@context":"https:\/\/schema.org","@graph":[{"@type":"WebPage","@id":"https:\/\/www.ull.es\/portal\/8m\/","url":"https:\/\/www.ull.es\/portal\/8m\/","name":"8M - Web ULL","isPartOf":{"@id":"https:\/\/www.ull.es\/portal\/#website"},"datePublished":"2025-02-27T09:30:08+00:00","dateModified":"2025-03-12T10:00:53+00:00","breadcrumb":{"@id":"https:\/\/www.ull.es\/portal\/8m\/#breadcrumb"},"inLanguage":"es","potentialAction":[{"@type":"ReadAction","target":["https:\/\/www.ull.es\/portal\/8m\/"]}]},{"@type":"BreadcrumbList","@id":"https:\/\/www.ull.es\/portal\/8m\/#breadcrumb","itemListElement":[{"@type":"ListItem","position":1,"name":"Portada","item":"https:\/\/www.ull.es\/portal\/"},{"@type":"ListItem","position":2,"name":"8M"}]},{"@type":"WebSite","@id":"https:\/\/www.ull.es\/portal\/#website","url":"https:\/\/www.ull.es\/portal\/","name":"Web ULL","description":"","potentialAction":[{"@type":"SearchAction","target":{"@type":"EntryPoint","urlTemplate":"https:\/\/www.ull.es\/portal\/?s={search_term_string}"},"query-input":"required name=search_term_string"}],"inLanguage":"es"}]}},"_links":{"self":[{"href":"https:\/\/www.ull.es\/portal\/wp-json\/wp\/v2\/pages\/1398"}],"collection":[{"href":"https:\/\/www.ull.es\/portal\/wp-json\/wp\/v2\/pages"}],"about":[{"href":"https:\/\/www.ull.es\/portal\/wp-json\/wp\/v2\/types\/page"}],"author":[{"embeddable":true,"href":"https:\/\/www.ull.es\/portal\/wp-json\/wp\/v2\/users\/102"}],"replies":[{"embeddable":true,"href":"https:\/\/www.ull.es\/portal\/wp-json\/wp\/v2\/comments?post=1398"}],"version-history":[{"count":34,"href":"https:\/\/www.ull.es\/portal\/wp-json\/wp\/v2\/pages\/1398\/revisions"}],"predecessor-version":[{"id":1444,"href":"https:\/\/www.ull.es\/portal\/wp-json\/wp\/v2\/pages\/1398\/revisions\/1444"}],"wp:attachment":[{"href":"https:\/\/www.ull.es\/portal\/wp-json\/wp\/v2\/media?parent=1398"}],"curies":[{"name":"wp","href":"https:\/\/api.w.org\/{rel}","templated":true}]}}