{"id":1519,"date":"2025-09-05T10:54:17","date_gmt":"2025-09-05T10:54:17","guid":{"rendered":"https:\/\/www.ull.es\/portal\/?page_id=1519"},"modified":"2025-09-09T08:57:05","modified_gmt":"2025-09-09T08:57:05","slug":"doble-helice","status":"publish","type":"page","link":"https:\/\/www.ull.es\/portal\/doble-helice\/","title":{"rendered":"Doble H\u00e9lice"},"content":{"rendered":"<p>[vc_row][vc_column css=\u00bb.vc_custom_1587213747539{margin-top: 0px !important;margin-bottom: 10px !important;border-top-width: 0px !important;border-bottom-width: 10px !important;padding-top: 0px !important;padding-bottom: 10px !important;}\u00bb][vc_single_image image=\u00bb1523&#8243; img_size=\u00bbfull\u00bb alignment=\u00bbcenter\u00bb][vc_separator color=\u00bbviolet\u00bb style=\u00bbdouble\u00bb border_width=\u00bb10&#8243; css=\u00bb.vc_custom_1757070385356{margin-top: -10px !important;}\u00bb][\/vc_column][\/vc_row][vc_row][vc_column width=\u00bb3\/4&#8243;][vc_empty_space height=\u00bb25px\u00bb][vc_custom_heading text=\u00bbPresentaci\u00f3n\u00bb google_fonts=\u00bbfont_family:Roboto%20Slab%3A100%2C300%2Cregular%2C700|font_style:700%20bold%20regular%3A700%3Anormal\u00bb css=\u00bb.vc_custom_1587214093543{margin-bottom: 7px !important;border-bottom-width: 7px !important;padding-bottom: 7px !important;}\u00bb][vc_column_text]<\/p>\n<p style=\"text-align: justify;\"><strong><em>Doble H\u00e9lice 3.0<\/em><\/strong>\u00a0es un programa de divulgaci\u00f3n cient\u00edfica promovido por Cienci@ULL desde el a\u00f1o 2018, con la finalidad de <span style=\"color: #800080;\"><em>mejorar la cultura y conocimientos cient\u00edficos de la ciudadan\u00eda<\/em><\/span>, <span style=\"color: #800080;\"><em>a trav\u00e9s de la difusi\u00f3n, divulgaci\u00f3n y comunicaci\u00f3n de la actividad investigadora generada en la Universidad de La Laguna. <\/em><span style=\"color: #000000;\">Cuenta con la colaboraci\u00f3n de <a href=\"https:\/\/www.rtve.es\/radio\/\" target=\"_blank\" rel=\"noopener\"><strong>Radio y Televisi\u00f3n Espa\u00f1ola<\/strong><\/a> y la <a href=\"http:\/\/www.gobiernodecanarias.org\/aciisi\/\" target=\"_blank\" rel=\"noopener\"><strong>Agencia Canaria de Investigaci\u00f3n, Innovaci\u00f3n y Sociedad de la Informaci\u00f3n del Gobierno de Canarias<\/strong><\/a>, como agente regional de comunicaci\u00f3n y divulgaci\u00f3n de conocimiento cient\u00edfico a la sociedad canaria.<\/span><\/span><\/p>\n<p style=\"text-align: justify;\">Con una periodicidad semanal, se desarrolla bajo un formato de entrevistas, de 30 minutos de duraci\u00f3n, a investigadores e investigadoras de la ULL sobre tem\u00e1ticas actuales vinculadas a sus l\u00edneas de investigaci\u00f3n, donde se muestra la aplicabilidad de \u00e9stas en los problemas de la vida cotidiana. Es realizado por el periodista cient\u00edfico Juanjo Mart\u00edn.<\/p>\n<p style=\"text-align: justify;\">Este programa se emite los s\u00e1bados a las 12:30h en Radio Nacional de Espa\u00f1a. Tambi\u00e9n puedes escucharlo a trav\u00e9s de sus canales en:<\/p>\n<p>[\/vc_column_text][vc_empty_space height=\u00bb30px\u00bb][\/vc_column][vc_column width=\u00bb1\/4&#8243;][vc_empty_space height=\u00bb40px\u00bb][vc_raw_html]JTNDYSUyMGNsYXNzJTNEJTIydHdpdHRlci10aW1lbGluZSUyMiUyMGRhdGEtbGFuZyUzRCUyMmVzJTIyJTIwZGF0YS13aWR0aCUzRCUyMjQwMCUyMiUyMGRhdGEtaGVpZ2h0JTNEJTIyNDAwJTIyJTIwZGF0YS1saW5rLWNvbG9yJTNEJTIyJTIzRTk1RjI4JTIyJTIwaHJlZiUzRCUyMmh0dHBzJTNBJTJGJTJGdHdpdHRlci5jb20lMkZkb2JsZWhlbGljZXJuZSUyMiUzRVR3ZWV0cyUyMGJ5JTIwJTQwZG9ibGVoZWxpY2VybmUlM0MlMkZhJTNFJTIwJTNDc2NyaXB0JTIwYXN5bmMlMjBzcmMlM0QlMjIlMkYlMkZwbGF0Zm9ybS50d2l0dGVyLmNvbSUyRndpZGdldHMuanMlMjIlMjBjaGFyc2V0JTNEJTIydXRmLTglMjIlM0UlM0MlMkZzY3JpcHQlM0U=[\/vc_raw_html][\/vc_column][\/vc_row][vc_row][vc_column width=\u00bb1\/4&#8243;][vc_single_image image=\u00bb1533&#8243; img_size=\u00bb200&#215;100&#8243; alignment=\u00bbcenter\u00bb onclick=\u00bbcustom_link\u00bb link=\u00bbhttps:\/\/www.ivoox.com\/podcast-doble-helice-3-0_sq_f160690_1.html\u00bb][vc_empty_space height=\u00bb40px\u00bb][vc_single_image image=\u00bb1530&#8243; img_size=\u00bb200&#215;100&#8243; alignment=\u00bbcenter\u00bb onclick=\u00bbcustom_link\u00bb link=\u00bbhttps:\/\/www.rtve.es\/alacarta\/audios\/doble-helice\/\u00bb][\/vc_column][vc_column width=\u00bb1\/4&#8243;][vc_single_image image=\u00bb1532&#8243; img_size=\u00bb250&#215;75&#8243; onclick=\u00bbcustom_link\u00bb link=\u00bbhttps:\/\/open.spotify.com\/show\/0Gfrnyl1sVG1rUcAT8PHWw\u00bb][vc_empty_space height=\u00bb60px\u00bb][vc_single_image image=\u00bb1534&#8243; img_size=\u00bb100&#215;100&#8243; alignment=\u00bbcenter\u00bb][\/vc_column][vc_column width=\u00bb1\/4&#8243;][vc_single_image image=\u00bb1531&#8243; img_size=\u00bb100&#215;100&#8243; alignment=\u00bbcenter\u00bb onclick=\u00bbcustom_link\u00bb link=\u00bbhttps:\/\/www.facebook.com\/doblehelice\/\u00bb][vc_empty_space height=\u00bb20px\u00bb][vc_single_image image=\u00bb1529&#8243; alignment=\u00bbcenter\u00bb onclick=\u00bbcustom_link\u00bb link=\u00bbhttps:\/\/podcasts.google.com\/feed\/aHR0cHM6Ly93d3cuaXZvb3guY29tL2RvYmxlLWhlbGljZV9mZ19mMTYwNjkwX2ZpbHRyb18xLnhtbA?sa=X&amp;ved=2ahUKEwjZpbuYzO7vAhUSmhoKHRXcDtsQ9sEGegQIARAC\u00bb][\/vc_column][vc_column width=\u00bb1\/4&#8243;][vc_btn title=\u00bbTemporada 2025&#8243; color=\u00bbpeacoc\u00bb align=\u00bbcenter\u00bb button_block=\u00bbtrue\u00bb link=\u00bburl:https%3A%2F%2Fwww.ull.es%2Fportal%2Fdoble-helice%2Ftemporada-2025%2F|title:Temporada%202025&#8243; css=\u00bb.vc_custom_1757408118922{margin-bottom: 5px !important;border-bottom-width: 5px !important;padding-bottom: 5px !important;}\u00bb][vc_btn title=\u00bbTemporada 2024&#8243; color=\u00bbmulled-wine\u00bb align=\u00bbcenter\u00bb button_block=\u00bbtrue\u00bb link=\u00bburl:https%3A%2F%2Fwww.ull.es%2Fportal%2Fdoble-helice%2Ftemporada-2024%2F\u00bb css=\u00bb.vc_custom_1757408130752{margin-bottom: 5px !important;border-bottom-width: 5px !important;padding-bottom: 5px !important;}\u00bb][vc_btn title=\u00bbTemporada 2023&#8243; color=\u00bbvista-blue\u00bb align=\u00bbcenter\u00bb button_block=\u00bbtrue\u00bb css=\u00bb.vc_custom_1757408142736{margin-bottom: 5px !important;border-bottom-width: 5px !important;padding-bottom: 5px !important;}\u00bb link=\u00bburl:https%3A%2F%2Fwww.ull.es%2Fportal%2Fdoble-helice%2Ftemporada-2023%2F\u00bb][vc_btn title=\u00bbTemporada 2022&#8243; color=\u00bbpink\u00bb align=\u00bbcenter\u00bb button_block=\u00bbtrue\u00bb link=\u00bburl:https%3A%2F%2Fwww.ull.es%2Fportal%2Fdoble-helice%2Ftemporada-2022%2F|title:Temporada%202022|target:_blank\u00bb css=\u00bb.vc_custom_1757408158096{margin-bottom: 5px !important;border-bottom-width: 5px !important;padding-bottom: 5px !important;}\u00bb][vc_btn title=\u00bbTemporada 2021&#8243; color=\u00bbwarning\u00bb align=\u00bbcenter\u00bb button_block=\u00bbtrue\u00bb link=\u00bburl:https%3A%2F%2Fwww.ull.es%2Fportal%2Fdoble-helice%2Ftemporada-2021%2F|title:Temporada%202021|target:_blank\u00bb css=\u00bb.vc_custom_1757408169865{margin-bottom: 5px !important;border-bottom-width: 5px !important;padding-bottom: 5px !important;}\u00bb][vc_btn title=\u00bbTemporada 2020&#8243; color=\u00bbinfo\u00bb align=\u00bbcenter\u00bb button_block=\u00bbtrue\u00bb link=\u00bburl:https%3A%2F%2Fwww.ull.es%2Fportal%2Fdoble-helice%2Ftemporada-2020%2F|target:_blank\u00bb css=\u00bb.vc_custom_1757408182409{margin-bottom: 5px !important;border-bottom-width: 5px !important;padding-bottom: 5px !important;}\u00bb][vc_btn title=\u00bbTemporada 2019&#8243; color=\u00bbviolet\u00bb align=\u00bbcenter\u00bb button_block=\u00bbtrue\u00bb link=\u00bburl:https%3A%2F%2Fwww.ull.es%2Fportal%2Fdoble-helice%2Ftemporada-2019%2F\u00bb css=\u00bb.vc_custom_1757408199537{margin-bottom: 5px !important;border-bottom-width: 5px !important;padding-bottom: 5px !important;}\u00bb][vc_btn title=\u00bbTemporada 2018&#8243; color=\u00bbjuicy-pink\u00bb align=\u00bbcenter\u00bb button_block=\u00bbtrue\u00bb link=\u00bburl:https%3A%2F%2Fwww.ull.es%2Fportal%2Fdoble-helice%2Ftemporada-2018%2F\u00bb css=\u00bb.vc_custom_1757408211648{margin-bottom: 5px !important;border-bottom-width: 5px !important;padding-bottom: 5px !important;}\u00bb][vc_btn title=\u00bbParticipa\u00bb color=\u00bbgreen\u00bb align=\u00bbcenter\u00bb button_block=\u00bbtrue\u00bb link=\u00bburl:https%3A%2F%2Fwww.ull.es%2Fportal%2Fdoble-helice%2Fparticipa%2F\u00bb][\/vc_column][vc_column][\/vc_column][\/vc_row][vc_row][vc_column][vc_custom_heading text=\u00bbTemporada 2025&#8243; google_fonts=\u00bbfont_family:Roboto%20Slab%3A100%2C300%2Cregular%2C700|font_style:700%20bold%20regular%3A700%3Anormal\u00bb][vc_media_grid style=\u00bbpagination\u00bb items_per_page=\u00bb6&#8243; element_width=\u00bb2&#8243; grid_id=\u00bbvc_gid:1757408065662-a005c2e5-5030-2&#8243; include=\u00bb1553,1552,1551,1550,1549,1548,1547,1546,1545,1544,1543,1542,1541,1540,1539,1538,1537,1536&#8243;][vc_custom_heading text=\u00bbTemporada 2024&#8243; google_fonts=\u00bbfont_family:Roboto%20Slab%3A100%2C300%2Cregular%2C700|font_style:700%20bold%20regular%3A700%3Anormal\u00bb][vc_media_grid style=\u00bbpagination\u00bb items_per_page=\u00bb6&#8243; element_width=\u00bb2&#8243; grid_id=\u00bbvc_gid:1757408065664-83acf3ba-2908-8&#8243; include=\u00bb1555,1556,1557,1558,1559,1560,1561,1562,1563,1564,1565,1566,1567,1568,1569,1570,1571,1572,1573,1574,1575,1576,1577,1578,1579,1580,1581,1582,1583,1584,1585,1586,1587,1588,1589,1590,1591,1592,1593,1594,1595,1596,1597,1598,1599,1600,1601&#8243;][vc_custom_heading text=\u00bbTemporada 2023&#8243; google_fonts=\u00bbfont_family:Roboto%20Slab%3A100%2C300%2Cregular%2C700|font_style:700%20bold%20regular%3A700%3Anormal\u00bb css=\u00bb.vc_custom_1674215260708{margin-bottom: 7px !important;border-bottom-width: 7px !important;padding-bottom: 7px !important;}\u00bb][vc_media_grid style=\u00bbpagination\u00bb items_per_page=\u00bb6&#8243; element_width=\u00bb2&#8243; grid_id=\u00bbvc_gid:1757408065665-e2a07c79-3b8a-7&#8243; include=\u00bb1603,1604,1605,1606,1607,1608,1609,1610,1611,1612,1613,1614,1615,1616,1617,1618,1619,1620,1621,1622,1623,1624,1625,1626&#8243;][vc_custom_heading text=\u00bbTemporada 2022&#8243; google_fonts=\u00bbfont_family:Roboto%20Slab%3A100%2C300%2Cregular%2C700|font_style:700%20bold%20regular%3A700%3Anormal\u00bb css=\u00bb.vc_custom_1641905987467{margin-bottom: 7px !important;border-bottom-width: 7px !important;padding-bottom: 7px !important;}\u00bb][vc_media_grid style=\u00bbpagination\u00bb items_per_page=\u00bb6&#8243; element_width=\u00bb2&#8243; paging_color=\u00bbpink\u00bb item=\u00bbmediaGrid_SlideInTitle\u00bb initial_loading_animation=\u00bbnone\u00bb grid_id=\u00bbvc_gid:1757408065666-ac146824-300c-8&#8243; include=\u00bb1628,1629,1630,1631,1632,1633,1634,1635,1636,1637,1638,1639,1640,1641,1642,1643,1644,1645,1646,1647,1648,1649,1650,1651,1652,1653,1654,1655,1656,1657,1658,1659,1660,1661,1662,1663,1664,1665&#8243;][vc_custom_heading text=\u00bbTemporada 2021&#8243; google_fonts=\u00bbfont_family:Roboto%20Slab%3A100%2C300%2Cregular%2C700|font_style:700%20bold%20regular%3A700%3Anormal\u00bb css=\u00bb.vc_custom_1611057370323{margin-bottom: 7px !important;border-bottom-width: 7px !important;padding-bottom: 7px !important;}\u00bb][vc_media_grid style=\u00bbpagination\u00bb items_per_page=\u00bb6&#8243; element_width=\u00bb2&#8243; paging_color=\u00bbpink\u00bb item=\u00bbmediaGrid_SlideInTitle\u00bb initial_loading_animation=\u00bbnone\u00bb grid_id=\u00bbvc_gid:1757408065667-04c56eaf-394e-9&#8243; include=\u00bb1667,1668,1669,1670,1671,1672,1673,1674,1675,1676,1677,1678,1679,1680,1681,1682,1683,1684,1685,1686,1687,1688,1689,1690,1691,1692,1693,1694,1695,1696,1697,1698,1699,1700,1701,1702,1703,1704&#8243;][vc_empty_space height=\u00bb15&#8243;][vc_custom_heading text=\u00bbTemporada 2020&#8243; google_fonts=\u00bbfont_family:Roboto%20Slab%3A100%2C300%2Cregular%2C700|font_style:700%20bold%20regular%3A700%3Anormal\u00bb css=\u00bb.vc_custom_1587220092168{margin-bottom: 7px !important;border-bottom-width: 7px !important;padding-bottom: 7px !important;}\u00bb][vc_media_grid style=\u00bbpagination\u00bb items_per_page=\u00bb6&#8243; element_width=\u00bb2&#8243; paging_color=\u00bbpink\u00bb item=\u00bbmediaGrid_SlideInTitle\u00bb initial_loading_animation=\u00bbnone\u00bb grid_id=\u00bbvc_gid:1757408065669-76ceb7ea-f103-9&#8243; include=\u00bb1706,1707,1708,1709,1710,1711,1712,1713,1714,1715,1716,1717,1718,1719,1720,1721,1722,1723,1724,1725,1726,1727,1728,1729,1730,1731,1732,1733,1734,1735,1736,1737,1738,1739,1740,1741,1742,1743,1744,1745,1746,1747,1748,1749,1750,1751,1752,1753,1754&#8243;][vc_custom_heading text=\u00bbTemporada 2019&#8243; google_fonts=\u00bbfont_family:Roboto%20Slab%3A100%2C300%2Cregular%2C700|font_style:700%20bold%20regular%3A700%3Anormal\u00bb css=\u00bb.vc_custom_1587220120479{margin-bottom: 7px !important;border-bottom-width: 7px !important;padding-bottom: 7px !important;}\u00bb][vc_media_grid style=\u00bbpagination\u00bb items_per_page=\u00bb6&#8243; element_width=\u00bb2&#8243; paging_color=\u00bbpink\u00bb item=\u00bbmediaGrid_SlideInTitle\u00bb grid_id=\u00bbvc_gid:1757408065670-48ea9e34-4d23-5&#8243; include=\u00bb1756,1757,1758,1759,1760,1761,1762,1763,1764,1765,1766,1767,1768,1769,1770,1771,1772,1773,1774,1775,1776,1777,1778,1779,1780,1781,1782,1783,1784,1785,1786,1787,1788,1789,1790,1791,1792,1793,1794,1795&#8243;][vc_custom_heading text=\u00bbTemporada 2018&#8243; google_fonts=\u00bbfont_family:Roboto%20Slab%3A100%2C300%2Cregular%2C700|font_style:700%20bold%20regular%3A700%3Anormal\u00bb css=\u00bb.vc_custom_1587220258987{margin-bottom: 7px !important;border-bottom-width: 7px !important;padding-bottom: 7px !important;}\u00bb][vc_media_grid style=\u00bbpagination\u00bb items_per_page=\u00bb6&#8243; element_width=\u00bb2&#8243; paging_color=\u00bbpink\u00bb item=\u00bbmediaGrid_SlideInTitle\u00bb grid_id=\u00bbvc_gid:1757408065671-204325ba-9560-3&#8243; include=\u00bb1797,1798,1799,1800,1801,1802,1803,1804,1805,1806,1807,1808,1809,1810,1811,1812,1813,1814,1815,1816,1817,1818,1819,1820,1821,1822,1823&#8243;][\/vc_column][vc_column][\/vc_column][vc_column][\/vc_column][\/vc_row]<\/p>\n","protected":false},"excerpt":{"rendered":"<p>[vc_row][vc_column css=\u00bb.vc_custom_1587213747539{margin-top: 0px !important;margin-bottom: 10px !important;border-top-width: 0px !important;border-bottom-width: 10px !important;padding-top: 0px !important;padding-bottom: 10px !important;}\u00bb][vc_single_image image=\u00bb1523&#8243; img_size=\u00bbfull\u00bb alignment=\u00bbcenter\u00bb][vc_separator color=\u00bbviolet\u00bb style=\u00bbdouble\u00bb border_width=\u00bb10&#8243; css=\u00bb.vc_custom_1757070385356{margin-top: -10px !important;}\u00bb][\/vc_column][\/vc_row][vc_row][vc_column width=\u00bb3\/4&#8243;][vc_empty_space height=\u00bb25px\u00bb][vc_custom_heading text=\u00bbPresentaci\u00f3n\u00bb google_fonts=\u00bbfont_family:Roboto%20Slab%3A100%2C300%2Cregular%2C700|font_style:700%20bold%20regular%3A700%3Anormal\u00bb css=\u00bb.vc_custom_1587214093543{margin-bottom: 7px !important;border-bottom-width: 7px !important;padding-bottom: 7px !important;}\u00bb][vc_column_text] Doble H\u00e9lice 3.0\u00a0es un programa de divulgaci\u00f3n cient\u00edfica promovido por Cienci@ULL desde el a\u00f1o 2018, con la finalidad de mejorar la&#8230;<\/p>\n","protected":false},"author":102,"featured_media":0,"parent":0,"menu_order":0,"comment_status":"closed","ping_status":"closed","template":"templates\/template-no-title.php","meta":{"inline_featured_image":false,"footnotes":""},"acf":[],"yoast_head":"<!-- This site is optimized with the Yoast SEO plugin v21.3 - https:\/\/yoast.com\/wordpress\/plugins\/seo\/ -->\n<title>Doble H\u00e9lice - Web ULL<\/title>\n<meta name=\"robots\" content=\"index, follow, max-snippet:-1, max-image-preview:large, max-video-preview:-1\" \/>\n<link rel=\"canonical\" href=\"https:\/\/www.ull.es\/portal\/doble-helice\/\" \/>\n<meta property=\"og:locale\" content=\"es_ES\" \/>\n<meta property=\"og:type\" content=\"article\" \/>\n<meta property=\"og:title\" content=\"Doble H\u00e9lice - Web ULL\" \/>\n<meta property=\"og:description\" content=\"[vc_row][vc_column css=\u00bb.vc_custom_1587213747539{margin-top: 0px !important;margin-bottom: 10px !important;border-top-width: 0px !important;border-bottom-width: 10px !important;padding-top: 0px !important;padding-bottom: 10px !important;}\u00bb][vc_single_image image=\u00bb1523&#8243; img_size=\u00bbfull\u00bb alignment=\u00bbcenter\u00bb][vc_separator color=\u00bbviolet\u00bb style=\u00bbdouble\u00bb border_width=\u00bb10&#8243; css=\u00bb.vc_custom_1757070385356{margin-top: -10px !important;}\u00bb][\/vc_column][\/vc_row][vc_row][vc_column width=\u00bb3\/4&#8243;][vc_empty_space height=\u00bb25px\u00bb][vc_custom_heading text=\u00bbPresentaci\u00f3n\u00bb google_fonts=\u00bbfont_family:Roboto%20Slab%3A100%2C300%2Cregular%2C700|font_style:700%20bold%20regular%3A700%3Anormal\u00bb css=\u00bb.vc_custom_1587214093543{margin-bottom: 7px !important;border-bottom-width: 7px !important;padding-bottom: 7px !important;}\u00bb][vc_column_text] Doble H\u00e9lice 3.0\u00a0es un programa de divulgaci\u00f3n cient\u00edfica promovido por Cienci@ULL desde el a\u00f1o 2018, con la finalidad de mejorar la...\" \/>\n<meta property=\"og:url\" content=\"https:\/\/www.ull.es\/portal\/doble-helice\/\" \/>\n<meta property=\"og:site_name\" content=\"Web ULL\" \/>\n<meta property=\"article:modified_time\" content=\"2025-09-09T08:57:05+00:00\" \/>\n<meta name=\"twitter:card\" content=\"summary_large_image\" \/>\n<meta name=\"twitter:label1\" content=\"Tiempo de lectura\" \/>\n\t<meta name=\"twitter:data1\" content=\"3 minutos\" \/>\n<script type=\"application\/ld+json\" class=\"yoast-schema-graph\">{\"@context\":\"https:\/\/schema.org\",\"@graph\":[{\"@type\":\"WebPage\",\"@id\":\"https:\/\/www.ull.es\/portal\/doble-helice\/\",\"url\":\"https:\/\/www.ull.es\/portal\/doble-helice\/\",\"name\":\"Doble H\u00e9lice - Web ULL\",\"isPartOf\":{\"@id\":\"https:\/\/www.ull.es\/portal\/#website\"},\"datePublished\":\"2025-09-05T10:54:17+00:00\",\"dateModified\":\"2025-09-09T08:57:05+00:00\",\"breadcrumb\":{\"@id\":\"https:\/\/www.ull.es\/portal\/doble-helice\/#breadcrumb\"},\"inLanguage\":\"es\",\"potentialAction\":[{\"@type\":\"ReadAction\",\"target\":[\"https:\/\/www.ull.es\/portal\/doble-helice\/\"]}]},{\"@type\":\"BreadcrumbList\",\"@id\":\"https:\/\/www.ull.es\/portal\/doble-helice\/#breadcrumb\",\"itemListElement\":[{\"@type\":\"ListItem\",\"position\":1,\"name\":\"Portada\",\"item\":\"https:\/\/www.ull.es\/portal\/\"},{\"@type\":\"ListItem\",\"position\":2,\"name\":\"Doble H\u00e9lice\"}]},{\"@type\":\"WebSite\",\"@id\":\"https:\/\/www.ull.es\/portal\/#website\",\"url\":\"https:\/\/www.ull.es\/portal\/\",\"name\":\"Web ULL\",\"description\":\"\",\"potentialAction\":[{\"@type\":\"SearchAction\",\"target\":{\"@type\":\"EntryPoint\",\"urlTemplate\":\"https:\/\/www.ull.es\/portal\/?s={search_term_string}\"},\"query-input\":\"required name=search_term_string\"}],\"inLanguage\":\"es\"}]}<\/script>\n<!-- \/ Yoast SEO plugin. -->","yoast_head_json":{"title":"Doble H\u00e9lice - Web ULL","robots":{"index":"index","follow":"follow","max-snippet":"max-snippet:-1","max-image-preview":"max-image-preview:large","max-video-preview":"max-video-preview:-1"},"canonical":"https:\/\/www.ull.es\/portal\/doble-helice\/","og_locale":"es_ES","og_type":"article","og_title":"Doble H\u00e9lice - Web ULL","og_description":"[vc_row][vc_column css=\u00bb.vc_custom_1587213747539{margin-top: 0px !important;margin-bottom: 10px !important;border-top-width: 0px !important;border-bottom-width: 10px !important;padding-top: 0px !important;padding-bottom: 10px !important;}\u00bb][vc_single_image image=\u00bb1523&#8243; img_size=\u00bbfull\u00bb alignment=\u00bbcenter\u00bb][vc_separator color=\u00bbviolet\u00bb style=\u00bbdouble\u00bb border_width=\u00bb10&#8243; css=\u00bb.vc_custom_1757070385356{margin-top: -10px !important;}\u00bb][\/vc_column][\/vc_row][vc_row][vc_column width=\u00bb3\/4&#8243;][vc_empty_space height=\u00bb25px\u00bb][vc_custom_heading text=\u00bbPresentaci\u00f3n\u00bb google_fonts=\u00bbfont_family:Roboto%20Slab%3A100%2C300%2Cregular%2C700|font_style:700%20bold%20regular%3A700%3Anormal\u00bb css=\u00bb.vc_custom_1587214093543{margin-bottom: 7px !important;border-bottom-width: 7px !important;padding-bottom: 7px !important;}\u00bb][vc_column_text] Doble H\u00e9lice 3.0\u00a0es un programa de divulgaci\u00f3n cient\u00edfica promovido por Cienci@ULL desde el a\u00f1o 2018, con la finalidad de mejorar la...","og_url":"https:\/\/www.ull.es\/portal\/doble-helice\/","og_site_name":"Web ULL","article_modified_time":"2025-09-09T08:57:05+00:00","twitter_card":"summary_large_image","twitter_misc":{"Tiempo de lectura":"3 minutos"},"schema":{"@context":"https:\/\/schema.org","@graph":[{"@type":"WebPage","@id":"https:\/\/www.ull.es\/portal\/doble-helice\/","url":"https:\/\/www.ull.es\/portal\/doble-helice\/","name":"Doble H\u00e9lice - Web ULL","isPartOf":{"@id":"https:\/\/www.ull.es\/portal\/#website"},"datePublished":"2025-09-05T10:54:17+00:00","dateModified":"2025-09-09T08:57:05+00:00","breadcrumb":{"@id":"https:\/\/www.ull.es\/portal\/doble-helice\/#breadcrumb"},"inLanguage":"es","potentialAction":[{"@type":"ReadAction","target":["https:\/\/www.ull.es\/portal\/doble-helice\/"]}]},{"@type":"BreadcrumbList","@id":"https:\/\/www.ull.es\/portal\/doble-helice\/#breadcrumb","itemListElement":[{"@type":"ListItem","position":1,"name":"Portada","item":"https:\/\/www.ull.es\/portal\/"},{"@type":"ListItem","position":2,"name":"Doble H\u00e9lice"}]},{"@type":"WebSite","@id":"https:\/\/www.ull.es\/portal\/#website","url":"https:\/\/www.ull.es\/portal\/","name":"Web ULL","description":"","potentialAction":[{"@type":"SearchAction","target":{"@type":"EntryPoint","urlTemplate":"https:\/\/www.ull.es\/portal\/?s={search_term_string}"},"query-input":"required name=search_term_string"}],"inLanguage":"es"}]}},"_links":{"self":[{"href":"https:\/\/www.ull.es\/portal\/wp-json\/wp\/v2\/pages\/1519"}],"collection":[{"href":"https:\/\/www.ull.es\/portal\/wp-json\/wp\/v2\/pages"}],"about":[{"href":"https:\/\/www.ull.es\/portal\/wp-json\/wp\/v2\/types\/page"}],"author":[{"embeddable":true,"href":"https:\/\/www.ull.es\/portal\/wp-json\/wp\/v2\/users\/102"}],"replies":[{"embeddable":true,"href":"https:\/\/www.ull.es\/portal\/wp-json\/wp\/v2\/comments?post=1519"}],"version-history":[{"count":17,"href":"https:\/\/www.ull.es\/portal\/wp-json\/wp\/v2\/pages\/1519\/revisions"}],"predecessor-version":[{"id":1847,"href":"https:\/\/www.ull.es\/portal\/wp-json\/wp\/v2\/pages\/1519\/revisions\/1847"}],"wp:attachment":[{"href":"https:\/\/www.ull.es\/portal\/wp-json\/wp\/v2\/media?parent=1519"}],"curies":[{"name":"wp","href":"https:\/\/api.w.org\/{rel}","templated":true}]}}