{"id":1826,"date":"2025-09-09T08:33:59","date_gmt":"2025-09-09T08:33:59","guid":{"rendered":"https:\/\/www.ull.es\/portal\/?page_id=1826"},"modified":"2025-09-09T08:37:40","modified_gmt":"2025-09-09T08:37:40","slug":"participa","status":"publish","type":"page","link":"https:\/\/www.ull.es\/portal\/doble-helice\/participa\/","title":{"rendered":"Participa"},"content":{"rendered":"<p>[vc_row][vc_column][vc_custom_heading source=\u00bbpost_title\u00bb google_fonts=\u00bbfont_family:Roboto%20Slab%3A100%2C300%2Cregular%2C700|font_style:700%20bold%20regular%3A700%3Anormal\u00bb css=\u00bb.vc_custom_1587175123367{margin-bottom: 5px !important;border-bottom-width: 5px !important;padding-bottom: 5px !important;}\u00bb][vc_column_text]<\/p>\n<p style=\"text-align: justify;\">Si eres personal investigador de la Universidad de La Laguna puedes participar en el <strong>\u00abPrograma Doble H\u00e9lice 3.0\u00bb<\/strong> cont\u00e1ndonos tus l\u00edneas de investigaci\u00f3n y los proyectos de I+D que desarrollas. Si est\u00e1s interesado\/a debes cumplimentar el siguiente formulario:<\/p>\n<p>[\/vc_column_text][\/vc_column][\/vc_row][vc_row][vc_column][vc_raw_html]JTNDaWZyYW1lJTIwc3JjJTNEJTIyaHR0cHMlM0ElMkYlMkZkb2NzLmdvb2dsZS5jb20lMkZmb3JtcyUyRmQlMkZlJTJGMUZBSXBRTFNmN3RfSkd1RXRkeVRCbFZNZWhjQlRESVNQVm1FcU93NGJ0TS1Pb3B3VTlBUHhIbWclMkZ2aWV3Zm9ybSUzRmVtYmVkZGVkJTNEdHJ1ZSUyMiUyMHdpZHRoJTNEJTIyNzAwJTIyJTIwaGVpZ2h0JTNEJTIyMTUwMCUyMiUyMGZyYW1lYm9yZGVyJTNEJTIyMCUyMiUyMG1hcmdpbmhlaWdodCUzRCUyMjAlMjIlMjBtYXJnaW53aWR0aCUzRCUyMjAlMjIlM0VDYXJnYW5kbyVFMiU4MCVBNiUzQyUyRmlmcmFtZSUzRQ==[\/vc_raw_html][\/vc_column][\/vc_row]<\/p>\n","protected":false},"excerpt":{"rendered":"<p>[vc_row][vc_column][vc_custom_heading source=\u00bbpost_title\u00bb google_fonts=\u00bbfont_family:Roboto%20Slab%3A100%2C300%2Cregular%2C700|font_style:700%20bold%20regular%3A700%3Anormal\u00bb css=\u00bb.vc_custom_1587175123367{margin-bottom: 5px !important;border-bottom-width: 5px !important;padding-bottom: 5px !important;}\u00bb][vc_column_text] Si eres personal investigador de la Universidad de La Laguna puedes participar en el \u00abPrograma Doble H\u00e9lice 3.0\u00bb cont\u00e1ndonos tus l\u00edneas de investigaci\u00f3n y los proyectos de I+D que desarrollas. Si est\u00e1s interesado\/a debes cumplimentar el siguiente formulario: [\/vc_column_text][\/vc_column][\/vc_row][vc_row][vc_column][vc_raw_html]JTNDaWZyYW1lJTIwc3JjJTNEJTIyaHR0cHMlM0ElMkYlMkZkb2NzLmdvb2dsZS5jb20lMkZmb3JtcyUyRmQlMkZlJTJGMUZBSXBRTFNmN3RfSkd1RXRkeVRCbFZNZWhjQlRESVNQVm1FcU93NGJ0TS1Pb3B3VTlBUHhIbWclMkZ2aWV3Zm9ybSUzRmVtYmVkZGVkJTNEdHJ1ZSUyMiUyMHdpZHRoJTNEJTIyNzAwJTIyJTIwaGVpZ2h0JTNEJTIyMTUwMCUyMiUyMGZyYW1lYm9yZGVyJTNEJTIyMCUyMiUyMG1hcmdpbmhlaWdodCUzRCUyMjAlMjIlMjBtYXJnaW53aWR0aCUzRCUyMjAlMjIlM0VDYXJnYW5kbyVFMiU4MCVBNiUzQyUyRmlmcmFtZSUzRQ==[\/vc_raw_html][\/vc_column][\/vc_row]<\/p>\n","protected":false},"author":102,"featured_media":0,"parent":1519,"menu_order":1,"comment_status":"closed","ping_status":"closed","template":"","meta":{"inline_featured_image":false,"footnotes":""},"acf":[],"yoast_head":"<!-- This site is optimized with the Yoast SEO plugin v21.3 - https:\/\/yoast.com\/wordpress\/plugins\/seo\/ -->\n<title>Participa - Web ULL<\/title>\n<meta name=\"robots\" content=\"index, follow, max-snippet:-1, max-image-preview:large, max-video-preview:-1\" \/>\n<link rel=\"canonical\" href=\"https:\/\/www.ull.es\/portal\/doble-helice\/participa\/\" \/>\n<meta property=\"og:locale\" content=\"es_ES\" \/>\n<meta property=\"og:type\" content=\"article\" \/>\n<meta property=\"og:title\" content=\"Participa - Web ULL\" \/>\n<meta property=\"og:description\" content=\"[vc_row][vc_column][vc_custom_heading source=\u00bbpost_title\u00bb google_fonts=\u00bbfont_family:Roboto%20Slab%3A100%2C300%2Cregular%2C700|font_style:700%20bold%20regular%3A700%3Anormal\u00bb css=\u00bb.vc_custom_1587175123367{margin-bottom: 5px !important;border-bottom-width: 5px !important;padding-bottom: 5px !important;}\u00bb][vc_column_text] Si eres personal investigador de la Universidad de La Laguna puedes participar en el \u00abPrograma Doble H\u00e9lice 3.0\u00bb cont\u00e1ndonos tus l\u00edneas de investigaci\u00f3n y los proyectos de I+D que desarrollas. Si est\u00e1s interesado\/a debes cumplimentar el siguiente formulario: [\/vc_column_text][\/vc_column][\/vc_row][vc_row][vc_column][vc_raw_html]JTNDaWZyYW1lJTIwc3JjJTNEJTIyaHR0cHMlM0ElMkYlMkZkb2NzLmdvb2dsZS5jb20lMkZmb3JtcyUyRmQlMkZlJTJGMUZBSXBRTFNmN3RfSkd1RXRkeVRCbFZNZWhjQlRESVNQVm1FcU93NGJ0TS1Pb3B3VTlBUHhIbWclMkZ2aWV3Zm9ybSUzRmVtYmVkZGVkJTNEdHJ1ZSUyMiUyMHdpZHRoJTNEJTIyNzAwJTIyJTIwaGVpZ2h0JTNEJTIyMTUwMCUyMiUyMGZyYW1lYm9yZGVyJTNEJTIyMCUyMiUyMG1hcmdpbmhlaWdodCUzRCUyMjAlMjIlMjBtYXJnaW53aWR0aCUzRCUyMjAlMjIlM0VDYXJnYW5kbyVFMiU4MCVBNiUzQyUyRmlmcmFtZSUzRQ==[\/vc_raw_html][\/vc_column][\/vc_row]\" \/>\n<meta property=\"og:url\" content=\"https:\/\/www.ull.es\/portal\/doble-helice\/participa\/\" \/>\n<meta property=\"og:site_name\" content=\"Web ULL\" \/>\n<meta property=\"article:modified_time\" content=\"2025-09-09T08:37:40+00:00\" \/>\n<meta name=\"twitter:card\" content=\"summary_large_image\" \/>\n<meta name=\"twitter:label1\" content=\"Tiempo de lectura\" \/>\n\t<meta name=\"twitter:data1\" content=\"1 minuto\" \/>\n<script type=\"application\/ld+json\" class=\"yoast-schema-graph\">{\"@context\":\"https:\/\/schema.org\",\"@graph\":[{\"@type\":\"WebPage\",\"@id\":\"https:\/\/www.ull.es\/portal\/doble-helice\/participa\/\",\"url\":\"https:\/\/www.ull.es\/portal\/doble-helice\/participa\/\",\"name\":\"Participa - Web ULL\",\"isPartOf\":{\"@id\":\"https:\/\/www.ull.es\/portal\/#website\"},\"datePublished\":\"2025-09-09T08:33:59+00:00\",\"dateModified\":\"2025-09-09T08:37:40+00:00\",\"breadcrumb\":{\"@id\":\"https:\/\/www.ull.es\/portal\/doble-helice\/participa\/#breadcrumb\"},\"inLanguage\":\"es\",\"potentialAction\":[{\"@type\":\"ReadAction\",\"target\":[\"https:\/\/www.ull.es\/portal\/doble-helice\/participa\/\"]}]},{\"@type\":\"BreadcrumbList\",\"@id\":\"https:\/\/www.ull.es\/portal\/doble-helice\/participa\/#breadcrumb\",\"itemListElement\":[{\"@type\":\"ListItem\",\"position\":1,\"name\":\"Portada\",\"item\":\"https:\/\/www.ull.es\/portal\/\"},{\"@type\":\"ListItem\",\"position\":2,\"name\":\"Doble H\u00e9lice\",\"item\":\"https:\/\/www.ull.es\/portal\/doble-helice\/\"},{\"@type\":\"ListItem\",\"position\":3,\"name\":\"Participa\"}]},{\"@type\":\"WebSite\",\"@id\":\"https:\/\/www.ull.es\/portal\/#website\",\"url\":\"https:\/\/www.ull.es\/portal\/\",\"name\":\"Web ULL\",\"description\":\"\",\"potentialAction\":[{\"@type\":\"SearchAction\",\"target\":{\"@type\":\"EntryPoint\",\"urlTemplate\":\"https:\/\/www.ull.es\/portal\/?s={search_term_string}\"},\"query-input\":\"required name=search_term_string\"}],\"inLanguage\":\"es\"}]}<\/script>\n<!-- \/ Yoast SEO plugin. -->","yoast_head_json":{"title":"Participa - Web ULL","robots":{"index":"index","follow":"follow","max-snippet":"max-snippet:-1","max-image-preview":"max-image-preview:large","max-video-preview":"max-video-preview:-1"},"canonical":"https:\/\/www.ull.es\/portal\/doble-helice\/participa\/","og_locale":"es_ES","og_type":"article","og_title":"Participa - Web ULL","og_description":"[vc_row][vc_column][vc_custom_heading source=\u00bbpost_title\u00bb google_fonts=\u00bbfont_family:Roboto%20Slab%3A100%2C300%2Cregular%2C700|font_style:700%20bold%20regular%3A700%3Anormal\u00bb css=\u00bb.vc_custom_1587175123367{margin-bottom: 5px !important;border-bottom-width: 5px !important;padding-bottom: 5px !important;}\u00bb][vc_column_text] Si eres personal investigador de la Universidad de La Laguna puedes participar en el \u00abPrograma Doble H\u00e9lice 3.0\u00bb cont\u00e1ndonos tus l\u00edneas de investigaci\u00f3n y los proyectos de I+D que desarrollas. Si est\u00e1s interesado\/a debes cumplimentar el siguiente formulario: [\/vc_column_text][\/vc_column][\/vc_row][vc_row][vc_column][vc_raw_html]JTNDaWZyYW1lJTIwc3JjJTNEJTIyaHR0cHMlM0ElMkYlMkZkb2NzLmdvb2dsZS5jb20lMkZmb3JtcyUyRmQlMkZlJTJGMUZBSXBRTFNmN3RfSkd1RXRkeVRCbFZNZWhjQlRESVNQVm1FcU93NGJ0TS1Pb3B3VTlBUHhIbWclMkZ2aWV3Zm9ybSUzRmVtYmVkZGVkJTNEdHJ1ZSUyMiUyMHdpZHRoJTNEJTIyNzAwJTIyJTIwaGVpZ2h0JTNEJTIyMTUwMCUyMiUyMGZyYW1lYm9yZGVyJTNEJTIyMCUyMiUyMG1hcmdpbmhlaWdodCUzRCUyMjAlMjIlMjBtYXJnaW53aWR0aCUzRCUyMjAlMjIlM0VDYXJnYW5kbyVFMiU4MCVBNiUzQyUyRmlmcmFtZSUzRQ==[\/vc_raw_html][\/vc_column][\/vc_row]","og_url":"https:\/\/www.ull.es\/portal\/doble-helice\/participa\/","og_site_name":"Web ULL","article_modified_time":"2025-09-09T08:37:40+00:00","twitter_card":"summary_large_image","twitter_misc":{"Tiempo de lectura":"1 minuto"},"schema":{"@context":"https:\/\/schema.org","@graph":[{"@type":"WebPage","@id":"https:\/\/www.ull.es\/portal\/doble-helice\/participa\/","url":"https:\/\/www.ull.es\/portal\/doble-helice\/participa\/","name":"Participa - Web ULL","isPartOf":{"@id":"https:\/\/www.ull.es\/portal\/#website"},"datePublished":"2025-09-09T08:33:59+00:00","dateModified":"2025-09-09T08:37:40+00:00","breadcrumb":{"@id":"https:\/\/www.ull.es\/portal\/doble-helice\/participa\/#breadcrumb"},"inLanguage":"es","potentialAction":[{"@type":"ReadAction","target":["https:\/\/www.ull.es\/portal\/doble-helice\/participa\/"]}]},{"@type":"BreadcrumbList","@id":"https:\/\/www.ull.es\/portal\/doble-helice\/participa\/#breadcrumb","itemListElement":[{"@type":"ListItem","position":1,"name":"Portada","item":"https:\/\/www.ull.es\/portal\/"},{"@type":"ListItem","position":2,"name":"Doble H\u00e9lice","item":"https:\/\/www.ull.es\/portal\/doble-helice\/"},{"@type":"ListItem","position":3,"name":"Participa"}]},{"@type":"WebSite","@id":"https:\/\/www.ull.es\/portal\/#website","url":"https:\/\/www.ull.es\/portal\/","name":"Web ULL","description":"","potentialAction":[{"@type":"SearchAction","target":{"@type":"EntryPoint","urlTemplate":"https:\/\/www.ull.es\/portal\/?s={search_term_string}"},"query-input":"required name=search_term_string"}],"inLanguage":"es"}]}},"_links":{"self":[{"href":"https:\/\/www.ull.es\/portal\/wp-json\/wp\/v2\/pages\/1826"}],"collection":[{"href":"https:\/\/www.ull.es\/portal\/wp-json\/wp\/v2\/pages"}],"about":[{"href":"https:\/\/www.ull.es\/portal\/wp-json\/wp\/v2\/types\/page"}],"author":[{"embeddable":true,"href":"https:\/\/www.ull.es\/portal\/wp-json\/wp\/v2\/users\/102"}],"replies":[{"embeddable":true,"href":"https:\/\/www.ull.es\/portal\/wp-json\/wp\/v2\/comments?post=1826"}],"version-history":[{"count":1,"href":"https:\/\/www.ull.es\/portal\/wp-json\/wp\/v2\/pages\/1826\/revisions"}],"predecessor-version":[{"id":1827,"href":"https:\/\/www.ull.es\/portal\/wp-json\/wp\/v2\/pages\/1826\/revisions\/1827"}],"up":[{"embeddable":true,"href":"https:\/\/www.ull.es\/portal\/wp-json\/wp\/v2\/pages\/1519"}],"wp:attachment":[{"href":"https:\/\/www.ull.es\/portal\/wp-json\/wp\/v2\/media?parent=1826"}],"curies":[{"name":"wp","href":"https:\/\/api.w.org\/{rel}","templated":true}]}}