{"id":13,"date":"2019-06-20T13:17:21","date_gmt":"2019-06-20T11:17:21","guid":{"rendered":"https:\/\/www.ull.es\/servicios\/negociado-pruebas-acceso\/?page_id=13"},"modified":"2026-02-26T13:07:39","modified_gmt":"2026-02-26T12:07:39","slug":"inicio","status":"publish","type":"page","link":"https:\/\/www.ull.es\/servicios\/agencia-universitaria-de-empleo\/fr\/","title":{"rendered":"Commencer"},"content":{"rendered":"<div class=\"wp-block-stackable-columns alignfull stk-block-columns stk-block stk-16a94b8\" data-block-id=\"16a94b8\"><style>.stk-16a94b8 {margin-bottom:75px !important;}@media screen and (max-width: 767px){.stk-16a94b8 {padding-top:0px !important;padding-right:0px !important;padding-bottom:0px !important;padding-left:0px !important;}}<\/style><div class=\"stk-row stk-inner-blocks stk-block-content stk-content-align stk-16a94b8-column alignfull\">\n<div class=\"wp-block-stackable-column stk-block-column stk-column stk-block stk-dfe9b01 stk-block-background stk--has-background-overlay\" data-v=\"4\" data-block-id=\"dfe9b01\"><style>.stk-dfe9b01 {background-image:url(https:\/\/www.ull.es\/servicios\/agencia-universitaria-de-empleo\/wp-content\/uploads\/sites\/51\/2019\/07\/01-Agencia-universitario-de-empleo.jpg) !important;}.stk-dfe9b01:before{background-color:#000000 !important;opacity:0.3 !important;}@media screen and (max-width: 767px){.stk-dfe9b01 {padding-top:0px !important;padding-right:0px !important;padding-bottom:0px !important;padding-left:0px !important;}.stk-dfe9b01-container{min-height:320px !important;}}<\/style><div class=\"stk-column-wrapper stk-block-column__content stk-container stk-dfe9b01-container stk--no-background stk--no-padding\"><div class=\"stk-block-content stk-inner-blocks stk-dfe9b01-inner-blocks\">\n<div class=\"wp-block-stackable-columns alignfull stk-block-columns stk-block stk-3bf239f\" data-block-id=\"3bf239f\"><style>@media screen and (max-width: 1023px){.stk-3bf239f {padding-left:0px !important;}}<\/style><div class=\"stk-row stk-inner-blocks stk-block-content stk-content-align stk-3bf239f-column alignfull\">\n<div class=\"wp-block-stackable-column stk-block-column stk-column stk-block stk-f66584c\" data-v=\"4\" data-block-id=\"f66584c\"><div class=\"stk-column-wrapper stk-block-column__content stk-container stk-f66584c-container stk--no-background stk--no-padding\"><div class=\"stk-block-content stk-inner-blocks stk-f66584c-inner-blocks\">\n<div class=\"wp-block-stackable-heading stk-block-heading stk-block-heading--v2 stk-block stk-1bb54e9\" id=\"agencia-universitaria-de-empleo\" data-block-id=\"1bb54e9\"><style>.stk-1bb54e9 {padding-top:110px !important;padding-right:25px !important;padding-bottom:75px !important;padding-left:420px !important;}.stk-1bb54e9 .stk-block-heading__text{font-size:35px !important;color:#ffffff !important;font-weight:400 !important;}@media screen and (max-width: 1023px){.stk-1bb54e9 {padding-left:55px !important;}.stk-1bb54e9 .stk-block-heading__text{font-size:35px !important;}}@media screen and (max-width: 767px){.stk-1bb54e9 {padding-right:75px !important;padding-left:25px !important;}.stk-1bb54e9 .stk-block-heading__text{font-size:33px !important;}}<\/style><h2 class=\"stk-block-heading__text has-text-color has-text-align-left has-text-align-left-tablet has-text-align-left-mobile\">Agence pour l&#039;emploi universitaire<\/h2><\/div>\n<\/div><\/div><\/div>\n<\/div><\/div>\n<\/div><\/div><\/div>\n<\/div><\/div>\n\n\n\n<div class=\"wp-block-stackable-columns alignfull stk-block-columns stk-block stk-a768426\" data-block-id=\"a768426\"><style>.stk-a768426 {margin-bottom:56px !important;}<\/style><div class=\"stk-row stk-inner-blocks stk-block-content stk-content-align stk-a768426-column alignfull\">\n<div class=\"wp-block-stackable-column stk-block-column stk-column stk-block stk-7a93856\" data-v=\"4\" data-block-id=\"7a93856\"><style>.stk-7a93856 {padding-right:405px !important;padding-left:405px !important;}@media screen and (max-width: 1023px){.stk-7a93856 {padding-right:50px !important;padding-left:50px !important;}}@media screen and (max-width: 767px){.stk-7a93856 {padding-right:20px !important;padding-left:20px !important;}}<\/style><div class=\"stk-column-wrapper stk-block-column__content stk-container stk-7a93856-container stk--no-background stk--no-padding\"><div class=\"stk-block-content stk-inner-blocks stk-7a93856-inner-blocks\">\n<div class=\"wp-block-stackable-text stk-block-text stk-block stk-42f4015\" data-block-id=\"42f4015\"><style>.stk-42f4015 .stk-block-text__text{font-size:16px !important;}@media screen and (max-width: 1023px){.stk-42f4015 .stk-block-text__text{font-size:16px !important;}}<\/style><p class=\"stk-block-text__text has-text-align-left\">L&#039;objectif principal du Service d&#039;insertion professionnelle universitaire est de faciliter l&#039;acc\u00e8s \u00e0 l&#039;emploi pour les \u00e9tudiants et les jeunes dipl\u00f4m\u00e9s, qu&#039;ils soient salari\u00e9s ou ind\u00e9pendants. Pour ce faire, le Service d&#039;insertion professionnelle universitaire propose un accompagnement personnalis\u00e9 tout au long du processus. Il facilite \u00e9galement l&#039;acquisition d&#039;une premi\u00e8re exp\u00e9rience professionnelle gr\u00e2ce au programme de bourses de formation \u00e0 l&#039;insertion professionnelle. Pour ceux qui souhaitent d\u00e9velopper des projets entrepreneuriaux, une \u00e9quipe de conseillers techniques les accompagne dans la conception et la mise en \u0153uvre de leurs projets. Par ailleurs, le Service d&#039;insertion professionnelle universitaire \u0153uvre pour la mobilit\u00e9 internationale des personnes recherchant une exp\u00e9rience professionnelle \u00e0 l&#039;\u00e9tranger, que ce soit en tant que salari\u00e9s ou ind\u00e9pendants. Un catalogue de formations adapt\u00e9 aux besoins sp\u00e9cifiques de chaque demandeur d&#039;emploi est mis \u00e0 disposition, et des outils sont d\u00e9velopp\u00e9s pour assurer un suivi constant des besoins du march\u00e9 du travail et des r\u00e9sultats de chaque programme.<\/p><\/div>\n<\/div><\/div><\/div>\n<\/div><\/div>\n\n\n\n<p><\/p>","protected":false},"excerpt":{"rendered":"<p>Agencia Universitaria de Empleo El objetivo fundamental de la Agencia Universitaria de Empleo es facilitar al alumnado y egresado\/a universitario\/a su proceso de inserci\u00f3n laboral, tanto por cuenta ajena como por cuenta propia. Con el \u00e1nimo de cumplir con este objetivo en la Agencia Universitaria de Empleo existe un servicio de acompa\u00f1amiento y orientaci\u00f3n que&#8230;<\/p>","protected":false},"author":49,"featured_media":0,"parent":0,"menu_order":0,"comment_status":"closed","ping_status":"closed","template":"templates\/template-frontpage.php","meta":{"_acf_changed":false,"footnotes":""},"class_list":["post-13","page","type-page","status-publish","hentry"],"acf":[],"_links":{"self":[{"href":"https:\/\/www.ull.es\/servicios\/agencia-universitaria-de-empleo\/fr\/wp-json\/wp\/v2\/pages\/13","targetHints":{"allow":["GET"]}}],"collection":[{"href":"https:\/\/www.ull.es\/servicios\/agencia-universitaria-de-empleo\/fr\/wp-json\/wp\/v2\/pages"}],"about":[{"href":"https:\/\/www.ull.es\/servicios\/agencia-universitaria-de-empleo\/fr\/wp-json\/wp\/v2\/types\/page"}],"author":[{"embeddable":true,"href":"https:\/\/www.ull.es\/servicios\/agencia-universitaria-de-empleo\/fr\/wp-json\/wp\/v2\/users\/49"}],"replies":[{"embeddable":true,"href":"https:\/\/www.ull.es\/servicios\/agencia-universitaria-de-empleo\/fr\/wp-json\/wp\/v2\/comments?post=13"}],"version-history":[{"count":20,"href":"https:\/\/www.ull.es\/servicios\/agencia-universitaria-de-empleo\/fr\/wp-json\/wp\/v2\/pages\/13\/revisions"}],"predecessor-version":[{"id":86,"href":"https:\/\/www.ull.es\/servicios\/agencia-universitaria-de-empleo\/fr\/wp-json\/wp\/v2\/pages\/13\/revisions\/86"}],"wp:attachment":[{"href":"https:\/\/www.ull.es\/servicios\/agencia-universitaria-de-empleo\/fr\/wp-json\/wp\/v2\/media?parent=13"}],"curies":[{"name":"wp","href":"https:\/\/api.w.org\/{rel}","templated":true}]}}