{"id":31,"date":"2019-06-24T11:30:08","date_gmt":"2019-06-24T09:30:08","guid":{"rendered":"https:\/\/www.ull.es\/servicios\/negociado-pruebas-acceso\/?page_id=31"},"modified":"2026-03-03T10:29:35","modified_gmt":"2026-03-03T09:29:35","slug":"informacion","status":"publish","type":"page","link":"https:\/\/www.ull.es\/servicios\/agencia-universitaria-de-empleo\/informacion\/","title":{"rendered":"Informaci\u00f3n"},"content":{"rendered":"\n<div class=\"wp-block-stackable-columns alignfull stk-block-columns stk-block stk-16a94b8\" data-block-id=\"16a94b8\"><style>.stk-16a94b8 {margin-bottom:56px !important;}@media screen and (max-width: 767px){.stk-16a94b8 {padding-top:0px !important;padding-right:0px !important;padding-bottom:0px !important;padding-left:0px !important;}}<\/style><div class=\"stk-row stk-inner-blocks stk-block-content stk-content-align stk-16a94b8-column alignfull\">\n<div class=\"wp-block-stackable-column stk-block-column stk-column stk-block stk-dfe9b01 stk-block-background stk--has-background-overlay\" data-v=\"4\" data-block-id=\"dfe9b01\"><style>.stk-dfe9b01 {background-image:url(https:\/\/www.ull.es\/servicios\/agencia-universitaria-de-empleo\/wp-content\/uploads\/sites\/51\/2019\/07\/01-Agencia-universitario-de-empleo.jpg) !important;}.stk-dfe9b01:before{background-color:#000000 !important;opacity:0.3 !important;}@media screen and (max-width: 767px){.stk-dfe9b01 {padding-top:0px !important;padding-right:0px !important;padding-bottom:0px !important;padding-left:0px !important;}.stk-dfe9b01-container{min-height:320px !important;}}<\/style><div class=\"stk-column-wrapper stk-block-column__content stk-container stk-dfe9b01-container stk--no-background stk--no-padding\"><div class=\"stk-block-content stk-inner-blocks stk-dfe9b01-inner-blocks\">\n<div class=\"wp-block-stackable-columns alignfull stk-block-columns stk-block stk-3bf239f\" data-block-id=\"3bf239f\"><style>@media screen and (max-width: 1023px){.stk-3bf239f {padding-left:0px !important;}}<\/style><div class=\"stk-row stk-inner-blocks stk-block-content stk-content-align stk-3bf239f-column alignfull\">\n<div class=\"wp-block-stackable-column stk-block-column stk-column stk-block stk-f66584c\" data-v=\"4\" data-block-id=\"f66584c\"><div class=\"stk-column-wrapper stk-block-column__content stk-container stk-f66584c-container stk--no-background stk--no-padding\"><div class=\"stk-block-content stk-inner-blocks stk-f66584c-inner-blocks\">\n<div class=\"wp-block-stackable-heading stk-block-heading stk-block-heading--v2 stk-block stk-1bb54e9\" id=\"agencia-universitaria-de-empleo\" data-block-id=\"1bb54e9\"><style>.stk-1bb54e9 {padding-top:110px !important;padding-right:25px !important;padding-bottom:75px !important;padding-left:420px !important;}.stk-1bb54e9 .stk-block-heading__text{font-size:35px !important;color:#ffffff !important;font-weight:400 !important;}@media screen and (max-width: 1023px){.stk-1bb54e9 {padding-left:55px !important;}.stk-1bb54e9 .stk-block-heading__text{font-size:35px !important;}}@media screen and (max-width: 767px){.stk-1bb54e9 {padding-right:75px !important;padding-left:25px !important;}.stk-1bb54e9 .stk-block-heading__text{font-size:33px !important;}}<\/style><h2 class=\"stk-block-heading__text has-text-color has-text-align-left has-text-align-left-tablet has-text-align-left-mobile\">Agencia Universitaria de Empleo<\/h2><\/div>\n<\/div><\/div><\/div>\n<\/div><\/div>\n<\/div><\/div><\/div>\n<\/div><\/div>\n\n\n\n<div class=\"wp-block-stackable-columns alignfull stk-block-columns stk-block stk-019f113\" data-block-id=\"019f113\"><style>.stk-019f113 .stk--block-align-019f113{align-items:stretch !important;}.stk-019f113-column{--stk-column-gap:95px !important;}<\/style><div class=\"stk-row stk-inner-blocks stk--block-align-019f113 stk-block-content stk-content-align stk-019f113-column alignfull\">\n<div class=\"wp-block-stackable-column stk-block-column stk-column stk-block stk-f687265\" data-v=\"4\" data-block-id=\"f687265\"><style>.stk-f687265 {padding-right:400px !important;padding-left:400px !important;margin-bottom:var(--stk--preset--spacing--none, 0px) !important;}@media screen and (max-width: 1023px){.stk-f687265 {padding-right:50px !important;padding-left:50px !important;}}@media screen and (max-width: 767px){.stk-f687265-inner-blocks{align-items:center !important;}.stk-f687265 {padding-right:20px !important;padding-left:20px !important;}}<\/style><div class=\"stk-column-wrapper stk-block-column__content stk-container stk-f687265-container stk--no-background stk--no-padding\"><div class=\"stk-block-content stk-inner-blocks stk-f687265-inner-blocks\">\n<div class=\"wp-block-stackable-columns stk-block-columns stk-block stk-f4823ff\" data-block-id=\"f4823ff\"><style>.stk-f4823ff {margin-bottom:var(--stk--preset--spacing--none, 0px) !important;}<\/style><div class=\"stk-row stk-inner-blocks stk-block-content stk-content-align stk-f4823ff-column\">\n<div class=\"wp-block-stackable-column stk-block-column stk-column stk-block stk-bebf7b6\" data-v=\"4\" data-block-id=\"bebf7b6\"><div class=\"stk-column-wrapper stk-block-column__content stk-container stk-bebf7b6-container stk--no-background stk--no-padding\"><div class=\"stk-block-content stk-inner-blocks stk-bebf7b6-inner-blocks\">\n<style>\n    .shortcode-equipo {\n        margin-top: 40px;\n    }\n    .shortcode-equipo h2 {\n        margin-bottom: 10px !important;\n    }\n<\/style>\n\n<div class=\"shortcode-equipo\">\n    <h2>Responsable del servicio<\/h2><dl><dd><a href='https:\/\/www.ull.es\/directorio\/search\/?busqueda=Basilio de Le\u00f3n Poleo' target='_blank'>Basilio de Le\u00f3n Poleo<\/a><\/dd><\/dl><\/div>\n\n<\/div><\/div><\/div>\n<\/div><\/div>\n\n\n\n<div class=\"wp-block-stackable-columns alignwide stk-block-columns stk-block stk-1d9e5ae\" data-block-id=\"1d9e5ae\"><style>.stk-1d9e5ae .stk--block-align-1d9e5ae{align-items:center !important;}.stk-1d9e5ae {min-height:var(--stk--preset--block-height--none, 0px) !important;align-items:center !important;display:flex !important;}.stk-1d9e5ae-column{--stk-columns-spacing:var(--stk--preset--spacing--20, 0.44rem) !important;--stk-column-gap:55px !important;row-gap:var(--stk--preset--spacing--none, 0px) !important;}<\/style><div class=\"stk-row stk-inner-blocks has-text-align-left stk--block-align-1d9e5ae stk-block-content stk-content-align stk-1d9e5ae-column alignwide\">\n<div class=\"wp-block-stackable-column stk-block-column stk-column stk-block stk-a75f422\" data-v=\"4\" data-block-id=\"a75f422\"><style>.stk-a75f422-container{margin-top:0px !important;margin-right:0px !important;margin-bottom:0px !important;margin-left:0px !important;}.stk-a75f422 {align-self:flex-start !important;align-items:center !important;padding-top:var(--stk--preset--spacing--none, 0px) !important;padding-right:var(--stk--preset--spacing--none, 0px) !important;padding-bottom:var(--stk--preset--spacing--none, 0px) !important;padding-left:var(--stk--preset--spacing--none, 0px) !important;display:flex !important;}@media screen and (min-width: 768px){.stk-a75f422 {flex:var(--stk-flex-grow, 1) 1 calc(60% - var(--stk-column-gap, 0px) * 1 \/ 2 ) !important;}}@media screen and (max-width: 1023px){.stk-a75f422-container{margin-top:0px !important;margin-right:0px !important;margin-bottom:0px !important;margin-left:0px !important;}.stk-a75f422 {align-self:flex-start !important;}}<\/style><div class=\"stk-column-wrapper stk-block-column__content stk-container stk-a75f422-container stk--no-background stk--no-padding\"><div class=\"stk-block-content stk-inner-blocks stk-a75f422-inner-blocks\">\n<ul class=\"widget-contacto\">\n    <li><i class=\"fa fa-map-marker\"><\/i> Fundaci\u00f3n General de la Universidad de La Laguna. Avenida de la Trinidad, 61. Aulario Torre Profesor Agust\u00edn Ar\u00e9valo. Planta 0. Apartado 456. C\u00f3digo postal 38200. San Crist\u00f3bal de La Laguna. S\/C de Tenerife<\/li><li><i class=\"fa fa-phone\"><\/i> (+34) 922 31 92 00<\/li><li><i class=\"fa fa-envelope\"><\/i>  <a href=mailto:info@fg.ull.es>info@fg.ull.es<\/a><\/li><li><i class=\"fa fa-clock-o\"><\/i> De 09:00 a 14:00h. L - V<\/li><li><i class=\"fa fa-globe\"><\/i><a href=\"http:\/\/www.fg.ull.es\/es\/empleo\/orientate-ull-servicio-de-orientacion-laboral\/\"> P\u00e1gina web<\/a><\/li><li><i class=\"fa fa-archive\"><\/i><a href=\"https:\/\/sede.ull.es\/ecivilis-site\/catalog\/showProcedure\/484\"> Procedimiento para quejas, sugerencias y felicitaciones<\/a><\/li>\n<\/ul>\n\n<\/div><\/div><\/div>\n\n\n\n<div class=\"wp-block-stackable-column stk-block-column stk-column stk-block stk-ad96706\" data-v=\"4\" data-block-id=\"ad96706\"><style>.stk-ad96706-container{margin-top:0px !important;margin-right:0px !important;margin-bottom:0px !important;margin-left:0px !important;}.stk-ad96706 {align-self:flex-start !important;}.stk-ad96706-inner-blocks{justify-content:center !important;}@media screen and (min-width: 768px){.stk-ad96706 {flex:var(--stk-flex-grow, 1) 1 calc(40% - var(--stk-column-gap, 0px) * 1 \/ 2 ) !important;}}@media screen and (max-width: 1023px){.stk-ad96706-container{margin-top:0px !important;margin-right:0px !important;margin-bottom:0px !important;margin-left:0px !important;}.stk-ad96706 {align-self:flex-start !important;}}@media screen and (max-width: 767px){.stk-ad96706 {padding-right:60px !important;padding-left:60px !important;}}<\/style><div class=\"stk-column-wrapper stk-block-column__content stk-container stk-ad96706-container stk--no-background stk--no-padding\"><div class=\"stk--column-flex stk-block-content stk-inner-blocks stk-ad96706-inner-blocks\">\n    \n<style>\n    .google-maps {\n        position: relative;\n        padding-bottom: 75%;\n        height: 0;\n        overflow: hidden;\n    }\n    .google-maps iframe {\n        position: absolute;\n        top: 0;\n        left: 0;\n        width: 100% !important;\n        height: 100% !important;\n    }\n<\/style>\n\n\n<div class=\"google-maps\">\n    <iframe src=\"https:\/\/www.openstreetmap.org\/export\/embed.html?bbox=-16.320414861053%2C28.477682827097%2C-16.314271051463%2C28.483495049377&amp;layer=mapnik&amp;marker=28.48186578283650%2C-16.317588686943000\" style=\"border: 1px solid black\"><\/iframe>\n<\/div>\n\n<div class=\"btn-widget\">\n    <a href=\"https:\/\/www.openstreetmap.org\/directions?engine=graphhopper_car&from=&to=28.48186578283650%2C-16.317588686943000#map=17\/28.48186578283650\/-16.317588686943000\">C\u00f3mo llegar<\/a>  \n<\/div>\n\n  <\/body>\n<\/html>\n\n\n<\/div><\/div><\/div>\n<\/div><\/div>\n<\/div><\/div><\/div>\n<\/div><\/div>\n","protected":false},"excerpt":{"rendered":"<p>Agencia Universitaria de Empleo<\/p>\n","protected":false},"author":49,"featured_media":0,"parent":0,"menu_order":0,"comment_status":"closed","ping_status":"closed","template":"templates\/template-frontpage.php","meta":{"_acf_changed":false,"footnotes":""},"class_list":["post-31","page","type-page","status-publish","hentry"],"acf":[],"_links":{"self":[{"href":"https:\/\/www.ull.es\/servicios\/agencia-universitaria-de-empleo\/wp-json\/wp\/v2\/pages\/31","targetHints":{"allow":["GET"]}}],"collection":[{"href":"https:\/\/www.ull.es\/servicios\/agencia-universitaria-de-empleo\/wp-json\/wp\/v2\/pages"}],"about":[{"href":"https:\/\/www.ull.es\/servicios\/agencia-universitaria-de-empleo\/wp-json\/wp\/v2\/types\/page"}],"author":[{"embeddable":true,"href":"https:\/\/www.ull.es\/servicios\/agencia-universitaria-de-empleo\/wp-json\/wp\/v2\/users\/49"}],"replies":[{"embeddable":true,"href":"https:\/\/www.ull.es\/servicios\/agencia-universitaria-de-empleo\/wp-json\/wp\/v2\/comments?post=31"}],"version-history":[{"count":8,"href":"https:\/\/www.ull.es\/servicios\/agencia-universitaria-de-empleo\/wp-json\/wp\/v2\/pages\/31\/revisions"}],"predecessor-version":[{"id":88,"href":"https:\/\/www.ull.es\/servicios\/agencia-universitaria-de-empleo\/wp-json\/wp\/v2\/pages\/31\/revisions\/88"}],"wp:attachment":[{"href":"https:\/\/www.ull.es\/servicios\/agencia-universitaria-de-empleo\/wp-json\/wp\/v2\/media?parent=31"}],"curies":[{"name":"wp","href":"https:\/\/api.w.org\/{rel}","templated":true}]}}