{"id":1527,"date":"2025-01-17T07:51:15","date_gmt":"2025-01-17T07:51:15","guid":{"rendered":"https:\/\/www.ull.es\/servicios\/alojamiento\/?page_id=1527"},"modified":"2026-03-18T09:26:56","modified_gmt":"2026-03-18T09:26:56","slug":"contacto","status":"publish","type":"page","link":"https:\/\/www.ull.es\/servicios\/alojamiento\/en\/colegio-mayor-santa-maria\/contacto\/","title":{"rendered":"Contact"},"content":{"rendered":"<div class=\"wp-block-stackable-columns alignfull stk-block-columns stk-block stk-0adc2fa\" data-block-id=\"0adc2fa\"><style>.stk-0adc2fa {margin-bottom:0px !important;}<\/style><div class=\"stk-row stk-inner-blocks stk-block-content stk-content-align stk-0adc2fa-column alignfull\">\n<div class=\"wp-block-stackable-column stk-block-column stk-column stk-block stk-c4004c2 stk-block-background stk--has-background-overlay\" data-v=\"4\" data-block-id=\"c4004c2\"><style>.stk-c4004c2 {background-image:url(https:\/\/www.ull.es\/servicios\/alojamiento\/wp-content\/uploads\/sites\/3\/2025\/01\/Colegio-Mayor-Santa-Maria-02-1.jpg) !important;padding-top:125px !important;padding-right:125px !important;padding-bottom:125px !important;padding-left:125px !important;}.stk-c4004c2:before{background-color:#000000 !important;opacity:0.4 !important;}@media screen and (max-width: 767px){.stk-c4004c2 {padding-top:45px !important;padding-right:45px !important;padding-bottom:45px !important;padding-left:45px !important;}}<\/style><div class=\"stk-column-wrapper stk-block-column__content stk-container stk-c4004c2-container stk--no-background stk--no-padding\"><div class=\"stk-block-content stk-inner-blocks stk-c4004c2-inner-blocks\">\n<div class=\"wp-block-stackable-heading stk-block-heading stk-block-heading--v2 stk-block stk-722f7bc\" id=\"contacto\" data-block-id=\"722f7bc\"><style>.stk-722f7bc {align-items:center !important;display:flex !important;}.stk-722f7bc .stk-block-heading__text{font-size:52px !important;color:#ffffff !important;font-weight:400 !important;}@media screen and (max-width: 1023px){.stk-722f7bc .stk-block-heading__text{font-size:50px !important;}}<\/style><h2 class=\"stk-block-heading__text has-text-color has-text-align-center\">Contact<\/h2><\/div>\n<\/div><\/div><\/div>\n<\/div><\/div>\n\n\n\n<div class=\"wp-block-stackable-columns alignfull stk-block-columns stk-block stk-313e4b4\" data-block-id=\"313e4b4\"><style>.stk-313e4b4 {margin-bottom:0px !important;}.stk-313e4b4-column{justify-content:flex-start !important;}@media screen and (max-width: 767px){.stk-313e4b4-column{max-width:375px !important;min-width:auto !important;margin-right:auto !important;margin-left:auto !important;}}<\/style><div class=\"stk-row stk-inner-blocks stk-block-content stk-content-align stk-313e4b4-column stk--flex alignfull\">\n<div class=\"wp-block-stackable-column stk-block-column stk-column stk-block stk-bdbdad3\" data-v=\"4\" data-block-id=\"bdbdad3\"><style>.stk-bdbdad3-container{margin-top:0px !important;margin-right:0px !important;margin-bottom:0px !important;margin-left:0px !important;}.stk-bdbdad3-inner-blocks{column-gap:0px !important;}.stk-bdbdad3 {position:absolute !important;}<\/style><div class=\"stk-column-wrapper stk-block-column__content stk-container stk-bdbdad3-container stk--no-background stk--no-padding\"><div class=\"stk--block-horizontal-flex stk-block-content stk-inner-blocks stk-bdbdad3-inner-blocks\">\n<div class=\"wp-block-stackable-image stk-block-image stk--hide-tablet stk--hide-mobile stk-block stk-f22c70b\" data-block-id=\"f22c70b\"><style>.stk-f22c70b .stk-img-wrapper{width:300px !important;}<\/style><figure><span class=\"stk-img-wrapper stk-image--shape-stretch\"><img loading=\"lazy\" decoding=\"async\" class=\"stk-img wp-image-548\" src=\"https:\/\/www.ull.es\/servicios\/alojamiento\/wp-content\/uploads\/sites\/3\/2024\/10\/Group-878.png\" width=\"404\" height=\"420\" srcset=\"https:\/\/www.ull.es\/servicios\/alojamiento\/wp-content\/uploads\/sites\/3\/2024\/10\/Group-878.png 404w, https:\/\/www.ull.es\/servicios\/alojamiento\/wp-content\/uploads\/sites\/3\/2024\/10\/Group-878-289x300.png 289w, https:\/\/www.ull.es\/servicios\/alojamiento\/wp-content\/uploads\/sites\/3\/2024\/10\/Group-878-375x390.png 375w\" sizes=\"auto, (max-width: 404px) 100vw, 404px\" \/><\/span><\/figure><\/div>\n<\/div><\/div><\/div>\n<\/div><\/div>\n\n\n\n<div class=\"wp-block-stackable-columns alignfull stk-block-columns stk-block stk-0422371\" data-block-id=\"0422371\"><style>.stk-0422371 {margin-top:75px !important;}.stk-0422371-column{max-width:1140px !important;min-width:auto !important;margin-right:auto !important;margin-left:auto !important;--stk-column-gap:24px !important;}@media screen and (max-width: 1023px){.stk-0422371-column{max-width:725px !important;min-width:auto !important;margin-right:auto !important;margin-left:auto !important;}}@media screen and (max-width: 767px){.stk-0422371-column{max-width:375px !important;min-width:auto !important;margin-right:auto !important;margin-left:auto !important;row-gap:24px !important;}}<\/style><div class=\"stk-row stk-inner-blocks stk-block-content stk-content-align stk-0422371-column alignfull\">\n<div class=\"wp-block-stackable-column stk-block-column stk-column stk-block stk-113eafa\" data-v=\"4\" data-block-id=\"113eafa\"><style>.stk-113eafa-container{margin-top:0px !important;margin-right:0px !important;margin-bottom:0px !important;margin-left:0px !important;}.stk-113eafa-inner-blocks{row-gap:0px !important;}.stk-113eafa {border-top-left-radius:15px !important;border-top-right-radius:15px !important;border-bottom-right-radius:15px !important;border-bottom-left-radius:15px !important;overflow:hidden !important;padding-top:10px !important;padding-right:10px !important;padding-bottom:10px !important;padding-left:10px !important;}<\/style><div class=\"stk-column-wrapper stk-block-column__content stk-container stk-113eafa-container stk--no-background stk--no-padding\"><div class=\"stk-block-content stk-inner-blocks stk-113eafa-inner-blocks\">\n    <style>\n        body {\n            font-family: 'Montserrat', sans-serif;\n        }\n\n        table {\n            width: 100%;\n            border-collapse: collapse;\n            margin-bottom: 30px;\n        }\n\n        th, td {\n            text-align: center; \/* Centrar texto *\/\n            padding: 12px;\n            font-size: 14px;\n        }\n\n        th {\n            color: #4B0082;\n            font-weight: 600;\n        }\n\n        \/* Alternar colores para filas impares y pares *\/\n        tr:nth-child(odd) td {\n            background-color: #f4f4f4; \/* Gris claro *\/\n        }\n\n        tr:nth-child(even) td {\n            background-color: #ffffff; \/* Blanco *\/\n        }\n\n        \/* T\u00edtulos de las secciones *\/\n        .section-title {\n            background-color: #4B0082;\n            color: white;\n            font-weight: 600;\n            padding: 10px;\n            margin-top: 20px;\n            margin-bottom: 5px;\n            font-size: 18px;\n            text-align: center;\n        }\n\n        a {\n            color: #4B0082; \/* Morado *\/\n            text-decoration: none;\n        }\n\n        a:hover {\n            text-decoration: underline;\n        }\n          \/* Responsividad avanzada *\/\n        @media (max-width: 768px) {\n            table, thead, tbody, th, td, tr {\n                display: block;\n                width: 100%;\n            }\n\n            thead {\n                display: none; \/* Oculta encabezados para m\u00f3viles *\/\n            }\n\n            tr {\n                margin-bottom: 10px;\n                border: 1px solid #e0e0e0;\n                border-radius: 8px;\n                padding: 10px;\n                background-color: #fff;\n            }\n\n            td {\n                text-align: left;\n                font-size: 12px;\n                display: flex;\n                justify-content: space-between;\n                padding: 10px;\n                border-bottom: 1px solid #e0e0e0;\n            }\n\n            td:last-child {\n                border-bottom: none;\n            }\n\n            td::before {\n                content: attr(data-label); \/* Usa el atributo data-label para mostrar el encabezado *\/\n                font-weight: 600;\n                color: #4B0082;\n                flex-basis: 50%;\n                text-align: left;\n            }\n        }\n        }\n    <\/style>\n\n    <!-- Primera Tabla -->\n    <div class=\"section-title\">Contact information<\/div>\n    <table>\n        <thead>\n            <tr>\n                <th>Position<\/th>\n                <th>Staff<\/th>\n                <th>Phone<\/th>\n                <th>Email<\/th>\n            <\/tr>\n        <\/thead>\n        <tbody>\n            <tr>\n                <td>Administrator<\/td>\n                <td>Ana Alberta Rodr\u00edguez Machado<\/td>\n                <td>(+34) 922 31 96 07<\/td>\n                <td><a href=\"mailto:adminsm@ull.es\" target=\"_blank\" rel=\"noopener\">adminsm@ull.edu.es<\/a><\/td>\n            <\/tr>\n            <tr>\n                <td>Receptionist<\/td>\n                <td>Mar\u00eda Soledad Garc\u00eda Campos <br> Jos\u00e9 Antonio Delgado Pe\u00f1a<\/td>\n                <td>(+34) 922 31 99 90<\/td>\n                <td><a href=\"mailto:recepcionsm@ull.edu.es\" target=\"_blank\" rel=\"noopener\">recepcionsm@ull.edu.es<\/a><\/td>\n            <\/tr>\n        <\/tbody>\n    <\/table>\n\n    <!-- Segunda Tabla -->\n    <div class=\"section-title\">Student representation<\/div>\n    <table>\n        <thead>\n            <tr>\n                <th>Position<\/th>\n                <th>Staff<\/th>\n                <th>Phone<\/th>\n                <th>Email<\/th>\n            <\/tr>\n        <\/thead>\n        <tbody>\n            <tr>\n                <td>Spokesperson<\/td>\n                <td>Roc\u00edo Garc\u00eda Escobar<\/td>\n                <td><\/td>\n                <td><\/td>\n            <\/tr>\n            <tr>\n                <td>Deputy spokesperson<\/td>\n                <td>Daniel A. Gonz\u00e1lez Correa<\/td>\n                <td>(+34) 922 31 66 59<\/td>\n                <td><a href=\"mailto:dirsmar@ull.edu.es\" target=\"_blank\" rel=\"noopener\">dirsmar@ull.edu.es<\/a><\/td>\n            <\/tr>\n            <tr>\n                <td>Secretariat<\/td>\n                <td>Jorge Camacho P\u00e9rez<\/td>\n                <td><\/td>\n                <td><\/td>\n            <\/tr>\n        <\/tbody>\n    <\/table>\n\n\n\n<div class=\"wp-block-stackable-heading stk-block-heading stk-block-heading--v2 stk-block stk-5206647\" id=\"mas-informacion\" data-block-id=\"5206647\"><style>.stk-5206647 {margin-top:45px !important;margin-bottom:0px !important;}.stk-5206647 .stk-block-heading__text{font-size:22px !important;color:#666666 !important;}@media screen and (max-width: 1023px){.stk-5206647 .stk-block-heading__text{font-size:22px !important;}}<\/style><h3 class=\"stk-block-heading__text has-text-color\">More information<\/h3><\/div>\n\n\n\n<div class=\"wp-block-stackable-icon-list stk-block-icon-list stk-block stk-50ec730\" data-block-id=\"50ec730\"><style>.stk-50ec730 {--stk-icon-list-icon-size:4px !important;margin-left:15px !important;}.stk-50ec730 .stk-block-icon-list-item__content{align-items:flex-start !important;}.stk-50ec730 ul .stk-block-icon-list-item__content .stk--inner-svg, .stk-50ec730 ol .stk-block-icon-list-item__content .stk-block-icon-list-item__marker{transform:translateY(12px) !important;}<\/style><svg style=\"display:none\"><defs><g id=\"stk-icon-list__icon-svg-def-50ec730\"><svg xmlns=\"http:\/\/www.w3.org\/2000\/svg\" viewbox=\"0 0 512 512\"><path d=\"M256 512A256 256 0 1 0 256 0a256 256 0 1 0 0 512z\"\/><\/svg><\/g><\/defs><\/svg><ul class=\"stk-block-icon-list__ul stk-block-icon-list--column\">\n<li class=\"wp-block-stackable-icon-list-item stk-block-icon-list-item stk-block stk-d1b5eea\" data-block-id=\"d1b5eea\"><div class=\"stk-block-icon-list-item__content\"><span class=\"stk--svg-wrapper\"><div class=\"stk--inner-svg\"><svg aria-hidden=\"true\" width=\"32\" height=\"32\"><use xlink:href=\"#stk-icon-list__icon-svg-def-50ec730\"><\/use><\/svg><\/div><\/span><span class=\"stk-block-icon-list-item__text\"><a href=\"https:\/\/sede.ull.es\/ecivilis-site\/catalog\/showProcedure\/504\" target=\"_blank\" rel=\"noreferrer noopener\">Procedure for visiting ULL Accommodation Centers<\/a>&nbsp;<strong>(active procedure)<\/strong><\/span><\/div><\/li>\n<\/ul><\/div>\n<\/div><\/div><\/div>\n<\/div><\/div>\n\n\n\n<div class=\"wp-block-stackable-columns alignfull stk-block-columns stk--hide-mobile stk-block stk-fe4f7e7\" data-block-id=\"fe4f7e7\"><style>.stk-fe4f7e7 {margin-bottom:-80px !important;}@media screen and (max-width: 1023px){.stk-fe4f7e7 {margin-bottom:-80px !important;}}@media screen and (max-width: 767px){.stk-fe4f7e7-column{max-width:375px !important;min-width:auto !important;margin-right:auto !important;margin-left:auto !important;}}<\/style><div class=\"stk-row stk-inner-blocks stk-block-content stk-content-align stk-fe4f7e7-column alignfull\">\n<div class=\"wp-block-stackable-column stk-block-column stk-column stk-block stk-ac4141c\" data-v=\"4\" data-block-id=\"ac4141c\"><style>.stk-ac4141c-container{margin-top:0px !important;margin-right:0px !important;margin-bottom:0px !important;margin-left:0px !important;}.stk-ac4141c-inner-blocks{justify-content:flex-end !important;column-gap:0px !important;}<\/style><div class=\"stk-column-wrapper stk-block-column__content stk-container stk-ac4141c-container stk--no-background stk--no-padding\"><div class=\"stk--block-horizontal-flex stk--column-flex stk-block-content stk-inner-blocks stk-ac4141c-inner-blocks\">\n<div class=\"wp-block-stackable-image stk-block-image stk--hide-tablet stk--hide-mobile stk-block stk-4727d44\" data-block-id=\"4727d44\"><style>.stk-4727d44 .stk-img-wrapper{width:300px !important;}<\/style><figure><span class=\"stk-img-wrapper stk-image--shape-stretch\"><img loading=\"lazy\" decoding=\"async\" class=\"stk-img wp-image-547\" src=\"https:\/\/www.ull.es\/servicios\/alojamiento\/wp-content\/uploads\/sites\/3\/2024\/10\/Group-877.png\" width=\"420\" height=\"420\" srcset=\"https:\/\/www.ull.es\/servicios\/alojamiento\/wp-content\/uploads\/sites\/3\/2024\/10\/Group-877.png 420w, https:\/\/www.ull.es\/servicios\/alojamiento\/wp-content\/uploads\/sites\/3\/2024\/10\/Group-877-300x300.png 300w, https:\/\/www.ull.es\/servicios\/alojamiento\/wp-content\/uploads\/sites\/3\/2024\/10\/Group-877-150x150.png 150w, https:\/\/www.ull.es\/servicios\/alojamiento\/wp-content\/uploads\/sites\/3\/2024\/10\/Group-877-375x375.png 375w, https:\/\/www.ull.es\/servicios\/alojamiento\/wp-content\/uploads\/sites\/3\/2024\/10\/Group-877-50x50.png 50w\" sizes=\"auto, (max-width: 420px) 100vw, 420px\" \/><\/span><\/figure><\/div>\n<\/div><\/div><\/div>\n<\/div><\/div>","protected":false},"excerpt":{"rendered":"<p>Contact Information Position Staff Telephone Email Administrator Ana Alberta Rodr\u00edguez Machado (+34) 922 31 96 07 adminsm@ull.edu.es Receptionist Mar\u00eda Soledad Garc\u00eda Campos Jos\u00e9 Antonio Delgado Pe\u00f1a (+34) 922 31 99 90 recepcionsm@ull.edu.es Student Representation Position Staff Telephone Email Spokesperson Roc\u00edo Garc\u00eda Escobar Deputy Spokesperson Daniel A. Gonz\u00e1lez Correa (+34) 922 31 66\u2026<\/p>","protected":false},"author":64,"featured_media":0,"parent":1443,"menu_order":0,"comment_status":"closed","ping_status":"closed","template":"templates\/template-frontpage.php","meta":{"_acf_changed":false,"footnotes":""},"class_list":["post-1527","page","type-page","status-publish","hentry"],"acf":[],"_links":{"self":[{"href":"https:\/\/www.ull.es\/servicios\/alojamiento\/en\/wp-json\/wp\/v2\/pages\/1527","targetHints":{"allow":["GET"]}}],"collection":[{"href":"https:\/\/www.ull.es\/servicios\/alojamiento\/en\/wp-json\/wp\/v2\/pages"}],"about":[{"href":"https:\/\/www.ull.es\/servicios\/alojamiento\/en\/wp-json\/wp\/v2\/types\/page"}],"author":[{"embeddable":true,"href":"https:\/\/www.ull.es\/servicios\/alojamiento\/en\/wp-json\/wp\/v2\/users\/64"}],"replies":[{"embeddable":true,"href":"https:\/\/www.ull.es\/servicios\/alojamiento\/en\/wp-json\/wp\/v2\/comments?post=1527"}],"version-history":[{"count":7,"href":"https:\/\/www.ull.es\/servicios\/alojamiento\/en\/wp-json\/wp\/v2\/pages\/1527\/revisions"}],"predecessor-version":[{"id":2397,"href":"https:\/\/www.ull.es\/servicios\/alojamiento\/en\/wp-json\/wp\/v2\/pages\/1527\/revisions\/2397"}],"up":[{"embeddable":true,"href":"https:\/\/www.ull.es\/servicios\/alojamiento\/en\/wp-json\/wp\/v2\/pages\/1443"}],"wp:attachment":[{"href":"https:\/\/www.ull.es\/servicios\/alojamiento\/en\/wp-json\/wp\/v2\/media?parent=1527"}],"curies":[{"name":"wp","href":"https:\/\/api.w.org\/{rel}","templated":true}]}}