{"id":781,"date":"2024-10-25T06:47:59","date_gmt":"2024-10-25T06:47:59","guid":{"rendered":"https:\/\/www.ull.es\/servicios\/alojamiento\/?page_id=781"},"modified":"2026-04-07T08:17:26","modified_gmt":"2026-04-07T08:17:26","slug":"inicio","status":"publish","type":"page","link":"https:\/\/www.ull.es\/servicios\/alojamiento\/","title":{"rendered":"Inicio"},"content":{"rendered":"\n<div class=\"wp-block-stackable-columns alignfull stk-block-columns stk-block stk-0adc2fa\" data-block-id=\"0adc2fa\"><style>.stk-0adc2fa {margin-bottom:45px !important;}<\/style><div class=\"stk-row stk-inner-blocks stk-block-content stk-content-align stk-0adc2fa-column alignfull\">\n<div class=\"wp-block-stackable-column stk-block-column stk-column stk-block stk-c4004c2 stk-block-background stk--has-background-overlay\" data-v=\"4\" data-block-id=\"c4004c2\"><style>.stk-c4004c2 {background-image:url(https:\/\/www.ull.es\/servicios\/alojamiento\/wp-content\/uploads\/sites\/3\/2025\/04\/Rectangle-891.jpg) !important;padding-top:125px !important;padding-right:125px !important;padding-bottom:125px !important;padding-left:125px !important;}@media screen and (max-width: 767px){.stk-c4004c2 {padding-top:45px !important;padding-right:45px !important;padding-bottom:45px !important;padding-left:45px !important;}}<\/style><div class=\"stk-column-wrapper stk-block-column__content stk-container stk-c4004c2-container stk--no-background stk--no-padding\"><div class=\"stk-block-content stk-inner-blocks stk-c4004c2-inner-blocks\">\n<div class=\"wp-block-stackable-heading stk-block-heading stk-block-heading--v2 stk-block stk-722f7bc\" id=\"servicio-de-alojamiento\" data-block-id=\"722f7bc\"><style>.stk-722f7bc {align-items:center !important;display:flex !important;}.stk-722f7bc .stk-block-heading__text{font-size:52px !important;color:#ffffff !important;font-weight:400 !important;}@media screen and (max-width: 1023px){.stk-722f7bc .stk-block-heading__text{font-size:50px !important;}}<\/style><h2 class=\"stk-block-heading__text has-text-color has-text-align-center\">Servicio de Alojamiento<\/h2><\/div>\n<\/div><\/div><\/div>\n<\/div><\/div>\n\n\n\n<div class=\"wp-block-stackable-columns alignfull stk-block-columns stk-block stk-313e4b4\" data-block-id=\"313e4b4\"><style>.stk-313e4b4 {margin-bottom:50px !important;}.stk-313e4b4-column{max-width:1140px !important;min-width:auto !important;margin-right:auto !important;margin-left:auto !important;--stk-column-gap:15px !important;}@media screen and (max-width: 1023px){.stk-313e4b4-column{max-width:725px !important;min-width:auto !important;margin-right:auto !important;margin-left:auto !important;}}@media screen and (max-width: 767px){.stk-313e4b4-column{max-width:375px !important;min-width:auto !important;margin-right:auto !important;margin-left:auto !important;}}<\/style><div class=\"stk-row stk-inner-blocks stk-block-content stk-content-align stk-313e4b4-column alignfull\">\n<div class=\"wp-block-stackable-column stk-block-column stk-column stk-block stk-bdbdad3\" data-v=\"4\" data-block-id=\"bdbdad3\"><style>.stk-bdbdad3-container{margin-top:0px !important;margin-right:0px !important;margin-bottom:0px !important;margin-left:0px !important;}.stk-bdbdad3 {align-self:center !important;}<\/style><div class=\"stk-column-wrapper stk-block-column__content stk-container stk-bdbdad3-container stk--no-background stk--no-padding\"><div class=\"stk-block-content stk-inner-blocks stk-bdbdad3-inner-blocks\">\n<div class=\"wp-block-stackable-text stk-block-text stk-block stk-796b272\" data-block-id=\"796b272\"><style>.stk-796b272 .stk-block-text__text{font-size:16px !important;line-height:1.5em !important;}@media screen and (max-width: 1023px){.stk-796b272 .stk-block-text__text{font-size:16px !important;}}@media screen and (max-width: 767px){.stk-796b272 {margin-bottom:24px !important;}}<\/style><p class=\"stk-block-text__text\">El Servicio de Alojamiento de la Universidad de La Laguna es el responsable de los servicios que se prestan en los centros de alojamiento de la universidad, facilitando el acceso y la continuaci\u00f3n de sus estudios al alumnado con mayores dificultades econ\u00f3micas.<br><br>El Servicio de Alojamiento asume como fin estrat\u00e9gico la cohesi\u00f3n social, territorial y cultural evolucionando hacia una gesti\u00f3n profesional y continua, destinada a que los servicios prestados atiendan de manera eficaz e integral las necesidades de los usuarios, consolidando unos niveles de bienestar, seguridad, salubridad e higiene que le hagan merecedor de la confianza de toda la comunidad universitaria, haciendo compatible el cumplimiento de los fines sociales con el respeto a la legalidad en el r\u00e9gimen de acceso y permanencia a unos centros sostenidos con fondos p\u00fablicos.<\/p><\/div>\n<\/div><\/div><\/div>\n\n\n\n<div class=\"wp-block-stackable-column stk-block-column stk-column stk-block stk-3fd1cea\" data-v=\"4\" data-block-id=\"3fd1cea\"><style>.stk-3fd1cea-container{margin-top:0px !important;margin-right:0px !important;margin-bottom:0px !important;margin-left:0px !important;}@media screen and (max-width: 1023px){.stk-3fd1cea {align-items:center !important;display:flex !important;}}<\/style><div class=\"stk-column-wrapper stk-block-column__content stk-container stk-3fd1cea-container stk--no-background stk--no-padding\"><div class=\"stk-block-content stk-inner-blocks stk-3fd1cea-inner-blocks\">\n<div class=\"wp-block-stackable-image stk-block-image stk-block stk-ebe733c\" data-block-id=\"ebe733c\"><style>.stk-ebe733c {border-top-left-radius:12px !important;border-top-right-radius:12px !important;border-bottom-right-radius:12px !important;border-bottom-left-radius:12px !important;overflow:hidden !important;}.stk-ebe733c .stk-img-wrapper{width:100% !important;}.stk-ebe733c .stk-img-wrapper img{transform:scale(2.8) !important;}@media screen and (max-width: 1023px){.stk-ebe733c .stk-img-wrapper{height:450px !important;}}@media screen and (max-width: 767px){.stk-ebe733c .stk-img-wrapper{height:250px !important;}}<\/style><figure><span class=\"stk-img-wrapper stk-image--shape-stretch\"><img loading=\"lazy\" decoding=\"async\" class=\"stk-img wp-image-642\" src=\"https:\/\/www.ull.es\/servicios\/alojamiento\/wp-content\/uploads\/sites\/3\/2024\/10\/S-Fernando-Hall-02.jpg\" width=\"1600\" height=\"1066\" srcset=\"https:\/\/www.ull.es\/servicios\/alojamiento\/wp-content\/uploads\/sites\/3\/2024\/10\/S-Fernando-Hall-02.jpg 1600w, https:\/\/www.ull.es\/servicios\/alojamiento\/wp-content\/uploads\/sites\/3\/2024\/10\/S-Fernando-Hall-02-300x200.jpg 300w, https:\/\/www.ull.es\/servicios\/alojamiento\/wp-content\/uploads\/sites\/3\/2024\/10\/S-Fernando-Hall-02-1024x682.jpg 1024w, https:\/\/www.ull.es\/servicios\/alojamiento\/wp-content\/uploads\/sites\/3\/2024\/10\/S-Fernando-Hall-02-768x512.jpg 768w, https:\/\/www.ull.es\/servicios\/alojamiento\/wp-content\/uploads\/sites\/3\/2024\/10\/S-Fernando-Hall-02-1536x1023.jpg 1536w, https:\/\/www.ull.es\/servicios\/alojamiento\/wp-content\/uploads\/sites\/3\/2024\/10\/S-Fernando-Hall-02-375x250.jpg 375w, https:\/\/www.ull.es\/servicios\/alojamiento\/wp-content\/uploads\/sites\/3\/2024\/10\/S-Fernando-Hall-02-750x500.jpg 750w, https:\/\/www.ull.es\/servicios\/alojamiento\/wp-content\/uploads\/sites\/3\/2024\/10\/S-Fernando-Hall-02-1140x760.jpg 1140w\" sizes=\"auto, (max-width: 1600px) 100vw, 1600px\" \/><\/span><\/figure><\/div>\n<\/div><\/div><\/div>\n<\/div><\/div>\n\n\n\n<div class=\"wp-block-stackable-columns alignfull stk-block-columns stk-block stk-a072b87\" data-block-id=\"a072b87\"><style>.stk-a072b87-column{max-width:1140px !important;min-width:auto !important;margin-right:auto !important;margin-left:auto !important;--stk-column-gap:24px !important;}@media screen and (max-width: 1023px){.stk-a072b87-column{max-width:725px !important;min-width:auto !important;margin-right:auto !important;margin-left:auto !important;}}@media screen and (max-width: 767px){.stk-a072b87-column{max-width:375px !important;min-width:auto !important;margin-right:auto !important;margin-left:auto !important;row-gap:24px !important;}}<\/style><div class=\"stk-row stk-inner-blocks stk-block-content stk-content-align stk-a072b87-column alignfull\">\n<div class=\"wp-block-stackable-column stk-block-column stk-column stk-block stk-fe7e431 stk-block-background\" data-v=\"4\" data-block-id=\"fe7e431\"><style>.stk-fe7e431-container{margin-top:0px !important;margin-right:0px !important;margin-bottom:0px !important;margin-left:0px !important;}.stk-fe7e431 {background-color:#e7e0f2 !important;border-top-left-radius:15px !important;border-top-right-radius:15px !important;border-bottom-right-radius:15px !important;border-bottom-left-radius:15px !important;overflow:hidden !important;}.stk-fe7e431:before{background-color:#e7e0f2 !important;}<\/style><div class=\"stk-column-wrapper stk-block-column__content stk-container stk-fe7e431-container stk--no-background stk--no-padding\"><div class=\"stk-block-content stk-inner-blocks stk-fe7e431-inner-blocks\">\n<div class=\"wp-block-stackable-image stk-block-image stk-block stk-8b0bafe\" data-block-id=\"8b0bafe\"><style>.stk-8b0bafe {margin-bottom:12px !important;}.stk-8b0bafe .stk-img-wrapper{width:80px !important;}<\/style><figure><span class=\"stk-img-wrapper stk-image--shape-stretch\"><img loading=\"lazy\" decoding=\"async\" class=\"stk-img wp-image-840\" src=\"https:\/\/www.ull.es\/servicios\/alojamiento\/wp-content\/uploads\/sites\/3\/2024\/10\/city-hall.png\" width=\"80\" height=\"80\" srcset=\"https:\/\/www.ull.es\/servicios\/alojamiento\/wp-content\/uploads\/sites\/3\/2024\/10\/city-hall.png 80w, https:\/\/www.ull.es\/servicios\/alojamiento\/wp-content\/uploads\/sites\/3\/2024\/10\/city-hall-50x50.png 50w\" sizes=\"auto, (max-width: 80px) 100vw, 80px\" \/><\/span><\/figure><\/div>\n\n\n\n<div class=\"wp-block-stackable-text stk-block-text stk-block stk-53faabd\" data-block-id=\"53faabd\"><p class=\"stk-block-text__text has-text-align-center\">Centros de alojamiento<\/p><\/div>\n<\/div><a class=\"stk-link stk-block-link stk--transparent-overlay\" href=\"https:\/\/www.ull.es\/servicios\/alojamiento\/centros-de-alojamiento\/\" aria-hidden=\"true\" tabindex=\"-1\" target=\"_blank\" rel=\"noreferrer noopener\" target=\"_blank\" rel=\"noopener\"><\/a><\/div><\/div>\n\n\n\n<div class=\"wp-block-stackable-column stk-block-column stk-column stk-block stk-add38fe stk-block-background\" data-v=\"4\" data-block-id=\"add38fe\"><style>.stk-add38fe-container{margin-top:0px !important;margin-right:0px !important;margin-bottom:0px !important;margin-left:0px !important;}.stk-add38fe {background-color:#cff7fc !important;border-top-left-radius:15px !important;border-top-right-radius:15px !important;border-bottom-right-radius:15px !important;border-bottom-left-radius:15px !important;overflow:hidden !important;}.stk-add38fe:before{background-color:#cff7fc !important;}<\/style><div class=\"stk-column-wrapper stk-block-column__content stk-container stk-add38fe-container stk--no-background stk--no-padding\"><div class=\"stk-block-content stk-inner-blocks stk-add38fe-inner-blocks\">\n<div class=\"wp-block-stackable-image stk-block-image stk-block stk-21ec9c9\" data-block-id=\"21ec9c9\"><style>.stk-21ec9c9 {margin-bottom:12px !important;}.stk-21ec9c9 .stk-img-wrapper{width:80px !important;}<\/style><figure><span class=\"stk-img-wrapper stk-image--shape-stretch\"><img loading=\"lazy\" decoding=\"async\" class=\"stk-img wp-image-842\" src=\"https:\/\/www.ull.es\/servicios\/alojamiento\/wp-content\/uploads\/sites\/3\/2024\/10\/document.png\" width=\"80\" height=\"80\" srcset=\"https:\/\/www.ull.es\/servicios\/alojamiento\/wp-content\/uploads\/sites\/3\/2024\/10\/document.png 80w, https:\/\/www.ull.es\/servicios\/alojamiento\/wp-content\/uploads\/sites\/3\/2024\/10\/document-50x50.png 50w\" sizes=\"auto, (max-width: 80px) 100vw, 80px\" \/><\/span><\/figure><\/div>\n\n\n\n<div class=\"wp-block-stackable-text stk-block-text stk-block stk-60be84e\" data-block-id=\"60be84e\"><p class=\"stk-block-text__text has-text-align-center\">Convocatorias<\/p><\/div>\n<\/div><a class=\"stk-link stk-block-link stk--transparent-overlay\" href=\"https:\/\/www.ull.es\/portal\/convocatorias\/categorias\/alojamiento\/\" aria-hidden=\"true\" tabindex=\"-1\" target=\"_blank\" rel=\"noreferrer noopener\" target=\"_blank\" rel=\"noopener\"><\/a><\/div><\/div>\n\n\n\n<div class=\"wp-block-stackable-column stk-block-column stk-column stk-block stk-9a14b7e stk-block-background\" data-v=\"4\" data-block-id=\"9a14b7e\"><style>.stk-9a14b7e-container{margin-top:0px !important;margin-right:0px !important;margin-bottom:0px !important;margin-left:0px !important;}.stk-9a14b7e {background-color:#e7e0f2 !important;border-top-left-radius:15px !important;border-top-right-radius:15px !important;border-bottom-right-radius:15px !important;border-bottom-left-radius:15px !important;overflow:hidden !important;}.stk-9a14b7e:before{background-color:#e7e0f2 !important;}<\/style><div class=\"stk-column-wrapper stk-block-column__content stk-container stk-9a14b7e-container stk--no-background stk--no-padding\"><div class=\"stk-block-content stk-inner-blocks stk-9a14b7e-inner-blocks\">\n<div class=\"wp-block-stackable-image stk-block-image stk-block stk-d346da2\" data-block-id=\"d346da2\"><style>.stk-d346da2 {margin-bottom:12px !important;}.stk-d346da2 .stk-img-wrapper{width:80px !important;}<\/style><figure><span class=\"stk-img-wrapper stk-image--shape-stretch\"><img loading=\"lazy\" decoding=\"async\" class=\"stk-img wp-image-841\" src=\"https:\/\/www.ull.es\/servicios\/alojamiento\/wp-content\/uploads\/sites\/3\/2024\/10\/passport.png\" width=\"80\" height=\"80\" srcset=\"https:\/\/www.ull.es\/servicios\/alojamiento\/wp-content\/uploads\/sites\/3\/2024\/10\/passport.png 80w, https:\/\/www.ull.es\/servicios\/alojamiento\/wp-content\/uploads\/sites\/3\/2024\/10\/passport-50x50.png 50w\" sizes=\"auto, (max-width: 80px) 100vw, 80px\" \/><\/span><\/figure><\/div>\n\n\n\n<div class=\"wp-block-stackable-text stk-block-text stk-block stk-9f41f61\" data-block-id=\"9f41f61\"><p class=\"stk-block-text__text has-text-align-center\">Normativa<\/p><\/div>\n<\/div><a class=\"stk-link stk-block-link stk--transparent-overlay\" href=\"https:\/\/www.ull.es\/servicios\/alojamiento\/normativa\/\" aria-hidden=\"true\" tabindex=\"-1\" target=\"_blank\" rel=\"noreferrer noopener\" target=\"_blank\" rel=\"noopener\"><\/a><\/div><\/div>\n\n\n\n<div class=\"wp-block-stackable-column stk-block-column stk-column stk-block stk-eb1c9be stk-block-background\" data-v=\"4\" data-block-id=\"eb1c9be\"><style>.stk-eb1c9be-container{margin-top:0px !important;margin-right:0px !important;margin-bottom:0px !important;margin-left:0px !important;}.stk-eb1c9be {background-color:#cff7fc !important;border-top-left-radius:15px !important;border-top-right-radius:15px !important;border-bottom-right-radius:15px !important;border-bottom-left-radius:15px !important;overflow:hidden !important;}.stk-eb1c9be:before{background-color:#cff7fc !important;}<\/style><div class=\"stk-column-wrapper stk-block-column__content stk-container stk-eb1c9be-container stk--no-background stk--no-padding\"><div class=\"stk-block-content stk-inner-blocks stk-eb1c9be-inner-blocks\">\n<div class=\"wp-block-stackable-image stk-block-image stk-block stk-60c0ce6\" data-block-id=\"60c0ce6\"><style>.stk-60c0ce6 {margin-bottom:12px !important;}.stk-60c0ce6 .stk-img-wrapper{width:80px !important;}<\/style><figure><span class=\"stk-img-wrapper stk-image--shape-stretch\"><img loading=\"lazy\" decoding=\"async\" class=\"stk-img wp-image-839\" src=\"https:\/\/www.ull.es\/servicios\/alojamiento\/wp-content\/uploads\/sites\/3\/2024\/10\/notification.png\" width=\"80\" height=\"80\" srcset=\"https:\/\/www.ull.es\/servicios\/alojamiento\/wp-content\/uploads\/sites\/3\/2024\/10\/notification.png 80w, https:\/\/www.ull.es\/servicios\/alojamiento\/wp-content\/uploads\/sites\/3\/2024\/10\/notification-50x50.png 50w\" sizes=\"auto, (max-width: 80px) 100vw, 80px\" \/><\/span><\/figure><\/div>\n\n\n\n<div class=\"wp-block-stackable-text stk-block-text stk-block stk-6a2f7fa\" data-block-id=\"6a2f7fa\"><p class=\"stk-block-text__text has-text-align-center\">Servicio de Informaci\u00f3n y Orientaci\u00f3n<\/p><\/div>\n<\/div><a class=\"stk-link stk-block-link stk--transparent-overlay\" href=\"https:\/\/www.ull.es\/servicios\/servicio-de-informacion-y-orientacion-sio\/\" aria-hidden=\"true\" tabindex=\"-1\" target=\"_blank\" rel=\"noreferrer noopener\" target=\"_blank\" rel=\"noopener\"><\/a><\/div><\/div>\n<\/div><\/div>\n","protected":false},"excerpt":{"rendered":"<p>Servicio de Alojamiento El Servicio de Alojamiento de la Universidad de La Laguna es el responsable de los servicios que se prestan en los centros de alojamiento de la universidad, facilitando el acceso y la continuaci\u00f3n de sus estudios al alumnado con mayores dificultades econ\u00f3micas. El Servicio de Alojamiento asume como fin estrat\u00e9gico la cohesi\u00f3n&#8230;<\/p>\n","protected":false},"author":64,"featured_media":0,"parent":0,"menu_order":0,"comment_status":"closed","ping_status":"closed","template":"templates\/template-frontpage.php","meta":{"_acf_changed":false,"footnotes":""},"class_list":["post-781","page","type-page","status-publish","hentry"],"acf":[],"_links":{"self":[{"href":"https:\/\/www.ull.es\/servicios\/alojamiento\/wp-json\/wp\/v2\/pages\/781","targetHints":{"allow":["GET"]}}],"collection":[{"href":"https:\/\/www.ull.es\/servicios\/alojamiento\/wp-json\/wp\/v2\/pages"}],"about":[{"href":"https:\/\/www.ull.es\/servicios\/alojamiento\/wp-json\/wp\/v2\/types\/page"}],"author":[{"embeddable":true,"href":"https:\/\/www.ull.es\/servicios\/alojamiento\/wp-json\/wp\/v2\/users\/64"}],"replies":[{"embeddable":true,"href":"https:\/\/www.ull.es\/servicios\/alojamiento\/wp-json\/wp\/v2\/comments?post=781"}],"version-history":[{"count":78,"href":"https:\/\/www.ull.es\/servicios\/alojamiento\/wp-json\/wp\/v2\/pages\/781\/revisions"}],"predecessor-version":[{"id":2493,"href":"https:\/\/www.ull.es\/servicios\/alojamiento\/wp-json\/wp\/v2\/pages\/781\/revisions\/2493"}],"wp:attachment":[{"href":"https:\/\/www.ull.es\/servicios\/alojamiento\/wp-json\/wp\/v2\/media?parent=781"}],"curies":[{"name":"wp","href":"https:\/\/api.w.org\/{rel}","templated":true}]}}