{"id":105,"date":"2026-04-28T09:00:05","date_gmt":"2026-04-28T07:00:05","guid":{"rendered":"https:\/\/www.ull.es\/servicios\/archivo-universitario\/?page_id=105"},"modified":"2026-04-29T11:09:06","modified_gmt":"2026-04-29T09:09:06","slug":"preguntas-frecuentes","status":"publish","type":"page","link":"https:\/\/www.ull.es\/servicios\/archivo-universitario\/fr\/preguntas-frecuentes\/","title":{"rendered":"Foire aux questions"},"content":{"rendered":"<div class=\"wp-block-stackable-columns alignfull stk-block-columns stk--hide-mobile stk-block stk-0af3d61\" data-block-id=\"0af3d61\"><style>.stk-0af3d61 {margin-top:-50px !important;margin-bottom:80px !important;}<\/style><div class=\"stk-row stk-inner-blocks stk-block-content stk-content-align stk-0af3d61-column alignfull\">\n<div class=\"wp-block-stackable-column stk-block-column stk-column stk-block stk-14afd3b\" data-v=\"4\" data-block-id=\"14afd3b\"><div class=\"stk-column-wrapper stk-block-column__content stk-container stk-14afd3b-container stk--no-background stk--no-padding\"><div class=\"stk-block-content stk-inner-blocks stk-14afd3b-inner-blocks\">\n<div class=\"wp-block-stackable-image alignfull stk-block-image stk-block stk-6a37533\" data-block-id=\"6a37533\"><style>.stk-6a37533 {margin-bottom:0px !important;}.stk-6a37533 .stk-img-wrapper{width:100% !important;}.stk-6a37533 .stk-img-wrapper img{object-position:52% 100% !important;}<\/style><figure><span class=\"stk-img-wrapper stk-image--shape-stretch\"><img loading=\"lazy\" decoding=\"async\" class=\"stk-img wp-image-96\" src=\"https:\/\/www.ull.es\/servicios\/archivo-universitario\/wp-content\/uploads\/sites\/24\/2026\/04\/Archivo_Univ_Header-1.png\" width=\"1600\" height=\"500\" srcset=\"https:\/\/www.ull.es\/servicios\/archivo-universitario\/wp-content\/uploads\/sites\/24\/2026\/04\/Archivo_Univ_Header-1.png 1600w, https:\/\/www.ull.es\/servicios\/archivo-universitario\/wp-content\/uploads\/sites\/24\/2026\/04\/Archivo_Univ_Header-1-300x94.png 300w, https:\/\/www.ull.es\/servicios\/archivo-universitario\/wp-content\/uploads\/sites\/24\/2026\/04\/Archivo_Univ_Header-1-1024x320.png 1024w, https:\/\/www.ull.es\/servicios\/archivo-universitario\/wp-content\/uploads\/sites\/24\/2026\/04\/Archivo_Univ_Header-1-768x240.png 768w, https:\/\/www.ull.es\/servicios\/archivo-universitario\/wp-content\/uploads\/sites\/24\/2026\/04\/Archivo_Univ_Header-1-1536x480.png 1536w, https:\/\/www.ull.es\/servicios\/archivo-universitario\/wp-content\/uploads\/sites\/24\/2026\/04\/Archivo_Univ_Header-1-18x6.png 18w, https:\/\/www.ull.es\/servicios\/archivo-universitario\/wp-content\/uploads\/sites\/24\/2026\/04\/Archivo_Univ_Header-1-200x63.png 200w, https:\/\/www.ull.es\/servicios\/archivo-universitario\/wp-content\/uploads\/sites\/24\/2026\/04\/Archivo_Univ_Header-1-375x117.png 375w, https:\/\/www.ull.es\/servicios\/archivo-universitario\/wp-content\/uploads\/sites\/24\/2026\/04\/Archivo_Univ_Header-1-750x234.png 750w, https:\/\/www.ull.es\/servicios\/archivo-universitario\/wp-content\/uploads\/sites\/24\/2026\/04\/Archivo_Univ_Header-1-1140x356.png 1140w\" sizes=\"auto, (max-width: 1600px) 100vw, 1600px\" \/><\/span><\/figure><\/div>\n\n\n\n<div class=\"wp-block-stackable-heading stk-block-heading stk-block-heading--v2 stk-block stk-46462b8\" id=\"archivo-br-universitario\" data-block-id=\"46462b8\"><style>.stk-46462b8 {box-shadow:0px 0px 0px 0px #000000 !important;margin-top:-12% !important;margin-bottom:3% !important;margin-left:18% !important;}.stk-46462b8 .stk-block-heading__text{font-size:56px !important;color:#fffffe !important;font-weight:bold !important;font-family:\"Argentum Sans\", Sans-serif !important;letter-spacing:4px !important;}@media screen and (max-width: 1023px){.stk-46462b8 {margin-top:-13% !important;}.stk-46462b8 .stk-block-heading__text{font-size:50px !important;}}<\/style><h2 class=\"stk-block-heading__text has-text-color\">Archive<br>Universit\u00e9<\/h2><\/div>\n<\/div><\/div><\/div>\n<\/div><\/div>\n\n\n\n<div class=\"wp-block-stackable-columns alignfull stk-block-columns stk--hide-desktop stk--hide-tablet stk-block stk-a316a3e\" data-block-id=\"a316a3e\"><style>.stk-a316a3e {margin-bottom:80px !important;}<\/style><div class=\"stk-row stk-inner-blocks stk-block-content stk-content-align stk-a316a3e-column alignfull\">\n<div class=\"wp-block-stackable-column stk-block-column stk-column stk-block stk-ca1bdc8\" data-v=\"4\" data-block-id=\"ca1bdc8\"><div class=\"stk-column-wrapper stk-block-column__content stk-container stk-ca1bdc8-container stk--no-background stk--no-padding\"><div class=\"stk-block-content stk-inner-blocks stk-ca1bdc8-inner-blocks\">\n<div class=\"wp-block-stackable-image alignfull stk-block-image stk-block stk-323a8ac\" data-block-id=\"323a8ac\"><style>.stk-323a8ac {margin-bottom:0px !important;}.stk-323a8ac .stk-img-wrapper{width:100% !important;--stk-gradient-overlay:0.3 !important;}.stk-323a8ac .stk-img-wrapper::after{background-image:linear-gradient(360deg,rgb(255,255,255) 0%,rgb(0,0,0) 100%) !important;}<\/style><figure><span class=\"stk-img-wrapper stk-image--shape-stretch\"><img loading=\"lazy\" decoding=\"async\" class=\"stk-img wp-image-97\" src=\"https:\/\/www.ull.es\/servicios\/archivo-universitario\/wp-content\/uploads\/sites\/24\/2026\/04\/da7acdf30455dfc1479f53d6fce1a282e9c3fff7-1.jpg\" width=\"1600\" height=\"1066\" srcset=\"https:\/\/www.ull.es\/servicios\/archivo-universitario\/wp-content\/uploads\/sites\/24\/2026\/04\/da7acdf30455dfc1479f53d6fce1a282e9c3fff7-1.jpg 1600w, https:\/\/www.ull.es\/servicios\/archivo-universitario\/wp-content\/uploads\/sites\/24\/2026\/04\/da7acdf30455dfc1479f53d6fce1a282e9c3fff7-1-300x200.jpg 300w, https:\/\/www.ull.es\/servicios\/archivo-universitario\/wp-content\/uploads\/sites\/24\/2026\/04\/da7acdf30455dfc1479f53d6fce1a282e9c3fff7-1-1024x682.jpg 1024w, https:\/\/www.ull.es\/servicios\/archivo-universitario\/wp-content\/uploads\/sites\/24\/2026\/04\/da7acdf30455dfc1479f53d6fce1a282e9c3fff7-1-768x512.jpg 768w, https:\/\/www.ull.es\/servicios\/archivo-universitario\/wp-content\/uploads\/sites\/24\/2026\/04\/da7acdf30455dfc1479f53d6fce1a282e9c3fff7-1-1536x1023.jpg 1536w, https:\/\/www.ull.es\/servicios\/archivo-universitario\/wp-content\/uploads\/sites\/24\/2026\/04\/da7acdf30455dfc1479f53d6fce1a282e9c3fff7-1-18x12.jpg 18w, https:\/\/www.ull.es\/servicios\/archivo-universitario\/wp-content\/uploads\/sites\/24\/2026\/04\/da7acdf30455dfc1479f53d6fce1a282e9c3fff7-1-200x133.jpg 200w, https:\/\/www.ull.es\/servicios\/archivo-universitario\/wp-content\/uploads\/sites\/24\/2026\/04\/da7acdf30455dfc1479f53d6fce1a282e9c3fff7-1-375x250.jpg 375w, https:\/\/www.ull.es\/servicios\/archivo-universitario\/wp-content\/uploads\/sites\/24\/2026\/04\/da7acdf30455dfc1479f53d6fce1a282e9c3fff7-1-750x500.jpg 750w, https:\/\/www.ull.es\/servicios\/archivo-universitario\/wp-content\/uploads\/sites\/24\/2026\/04\/da7acdf30455dfc1479f53d6fce1a282e9c3fff7-1-1140x760.jpg 1140w\" sizes=\"auto, (max-width: 1600px) 100vw, 1600px\" \/><\/span><\/figure><\/div>\n\n\n\n<div class=\"wp-block-stackable-heading stk-block-heading stk-block-heading--v2 stk-block stk-59b3d61\" id=\"archivo-universitario\" data-block-id=\"59b3d61\"><style>.stk-59b3d61 {box-shadow:0px 0px 0px 0px #000000 !important;margin-top:-30% !important;margin-left:10% !important;}.stk-59b3d61 .stk-block-heading__text{font-size:24px !important;color:#fffffe !important;font-weight:bold !important;font-family:\"Argentum Sans\", Sans-serif !important;letter-spacing:4px !important;}@media screen and (max-width: 1023px){.stk-59b3d61 .stk-block-heading__text{font-size:24px !important;}}<\/style><h2 class=\"stk-block-heading__text has-text-color\">Archives universitaires<\/h2><\/div>\n<\/div><\/div><\/div>\n<\/div><\/div>\n\n\n\n<div class=\"wp-block-stackable-columns alignfull stk-block-columns stk-block stk-a447e57\" data-block-id=\"a447e57\"><div class=\"stk-row stk-inner-blocks stk-block-content stk-content-align stk-a447e57-column alignfull\">\n<div class=\"wp-block-stackable-column stk-block-column stk-column stk-block stk-669a6ed\" data-v=\"4\" data-block-id=\"669a6ed\"><div class=\"stk-column-wrapper stk-block-column__content stk-container stk-669a6ed-container stk--no-background stk--no-padding\"><div class=\"stk-block-content stk-inner-blocks stk-669a6ed-inner-blocks\">\n<div class=\"wp-block-stackable-columns alignwide stk-block-columns stk-block stk-48631e4\" data-block-id=\"48631e4\"><style>.stk-48631e4 {padding-right:10% !important;padding-left:10% !important;}<\/style><div class=\"stk-row stk-inner-blocks stk-block-content stk-content-align stk-48631e4-column alignwide\">\n<div class=\"wp-block-stackable-column stk-block-column stk-column stk-block stk-58ad1ad\" data-v=\"4\" data-block-id=\"58ad1ad\"><div class=\"stk-column-wrapper stk-block-column__content stk-container stk-58ad1ad-container stk--no-background stk--no-padding\"><div class=\"stk-block-content stk-inner-blocks stk-58ad1ad-inner-blocks\">\n<div class=\"wp-block-stackable-heading stk-block-heading stk-block-heading--v2 stk-block stk-e078127\" id=\"preguntas-frecuentes\" data-block-id=\"e078127\"><style>.stk-e078127 {margin-bottom:50px !important;}.stk-e078127 .stk-block-heading__text{font-size:32px !important;font-weight:bold !important;letter-spacing:2px !important;}@media screen and (max-width: 1023px){.stk-e078127 .stk-block-heading__text{font-size:32px !important;}}<\/style><h2 class=\"stk-block-heading__text\">Foire aux questions<\/h2><\/div>\n\n\n\n<details class=\"wp-block-stackable-accordion stk-block-accordion stk-inner-blocks stk-block-content stk-block stk-da6e12a is-style-default\" id=\"cual-es-e-lhorario-de-consulta-en-el-archivo\" data-block-id=\"da6e12a\">\n<summary class=\"wp-block-stackable-column stk-block-column stk-column stk-block stk-cecaec0 stk-block-background stk--container-small stk-block-accordion__heading\" data-v=\"4\" data-block-id=\"cecaec0\"><style>.stk-cecaec0 {border-top-left-radius:15px !important;border-top-right-radius:15px !important;border-bottom-right-radius:15px !important;border-bottom-left-radius:15px !important;overflow:hidden !important;padding-top:15px !important;padding-right:15px !important;padding-bottom:15px !important;padding-left:15px !important;}<\/style><div class=\"stk-column-wrapper stk-block-column__content stk-container stk-cecaec0-container stk--no-background stk--no-padding\"><div class=\"stk-block-content stk-inner-blocks stk-cecaec0-inner-blocks\">\n<div class=\"wp-block-stackable-icon-label stk-block-icon-label stk-block stk-e21176e\" data-block-id=\"e21176e\"><div class=\"stk-row stk-inner-blocks stk-block-content\">\n<div class=\"wp-block-stackable-heading stk-block-heading stk-block-heading--v2 stk-block stk-7129591\" id=\"cual-es-el-horario-de-consulta-en-el-archivo\" data-block-id=\"7129591\"><h4 class=\"stk-block-heading__text\">Quels sont les horaires de consultation des Archives ?<\/h4><\/div>\n\n\n\n<div class=\"wp-block-stackable-icon stk-block-icon stk-block stk-db5b6d3\" data-block-id=\"db5b6d3\"><span class=\"stk--svg-wrapper\"><div class=\"stk--inner-svg\"><svg style=\"height:0;width:0\"><defs><lineargradient id=\"linear-gradient-db5b6d3\" x1=\"0\" x2=\"100%\" y1=\"0\" y2=\"0\"><stop offset=\"0%\" style=\"stop-opacity:1;stop-color:var(--linear-gradient-db-5-b-6-d-3-color-1)\"><\/stop><stop offset=\"100%\" style=\"stop-opacity:1;stop-color:var(--linear-gradient-db-5-b-6-d-3-color-2)\"><\/stop><\/lineargradient><\/defs><\/svg><svg data-prefix=\"fas\" data-icon=\"chevron-down\" class=\"svg-inline--fa fa-chevron-down fa-w-14\" xmlns=\"http:\/\/www.w3.org\/2000\/svg\" viewbox=\"0 0 448 512\" aria-hidden=\"true\" width=\"32\" height=\"32\"><path fill=\"currentColor\" d=\"M207.029 381.476L12.686 187.132c-9.373-9.373-9.373-24.569 0-33.941l22.667-22.667c9.357-9.357 24.522-9.375 33.901-.04L224 284.505l154.745-154.021c9.379-9.335 24.544-9.317 33.901.04l22.667 22.667c9.373 9.373 9.373 24.569 0 33.941L240.971 381.476c-9.373 9.372-24.569 9.372-33.942 0z\"><\/path><\/svg><\/div><\/span><\/div>\n<\/div><\/div>\n<\/div><\/div><\/summary>\n\n\n\n<div class=\"wp-block-stackable-column stk-block-column stk-column stk-block stk-19b674f stk-block-accordion__content\" data-v=\"4\" data-block-id=\"19b674f\"><div class=\"stk-column-wrapper stk-block-column__content stk-container stk-19b674f-container stk--no-background stk--no-padding\"><div class=\"stk-block-content stk-inner-blocks stk-19b674f-inner-blocks\">\n<div class=\"wp-block-stackable-text stk-block-text stk-block stk-9b34247\" data-block-id=\"9b34247\"><style>.stk-9b34247 {margin-bottom:0px !important;}<\/style><p class=\"stk-block-text__text\">Les heures de consultation des Archives sont de 9h00 \u00e0 13h00, avec quelques modifications \u00e0 certaines dates comme No\u00ebl, le Carnaval ou les mois d&#039;\u00e9t\u00e9, p\u00e9riodes o\u00f9 les heures de travail sont r\u00e9duites.<\/p><\/div>\n<\/div><\/div><\/div>\n<\/details>\n\n\n\n<details class=\"wp-block-stackable-accordion stk-block-accordion stk-inner-blocks stk-block-content stk-block stk-499bee1 is-style-default\" id=\"equipo-el-archivo-puede-emitir-algun-certificado\" data-block-id=\"499bee1\">\n<summary class=\"wp-block-stackable-column stk-block-column stk-column stk-block stk-fa96ce4 stk-block-background stk--container-small stk-block-accordion__heading\" data-v=\"4\" data-block-id=\"fa96ce4\"><style>.stk-fa96ce4 {border-top-left-radius:15px !important;border-top-right-radius:15px !important;border-bottom-right-radius:15px !important;border-bottom-left-radius:15px !important;overflow:hidden !important;padding-top:15px !important;padding-right:15px !important;padding-bottom:15px !important;padding-left:15px !important;}<\/style><div class=\"stk-column-wrapper stk-block-column__content stk-container stk-fa96ce4-container stk--no-background stk--no-padding\"><div class=\"stk-block-content stk-inner-blocks stk-fa96ce4-inner-blocks\">\n<div class=\"wp-block-stackable-icon-label stk-block-icon-label stk-block stk-797d710\" data-block-id=\"797d710\"><div class=\"stk-row stk-inner-blocks stk-block-content\">\n<div class=\"wp-block-stackable-heading stk-block-heading stk-block-heading--v2 stk-block stk-2c4ad03\" id=\"el-archivo-puede-emitir-algun-certificado\" data-block-id=\"2c4ad03\"><h4 class=\"stk-block-heading__text\">L&#039;archive peut-elle \u00e9mettre des certificats\u00a0?<\/h4><\/div>\n\n\n\n<div class=\"wp-block-stackable-icon stk-block-icon stk-block stk-6c1f656\" data-block-id=\"6c1f656\"><span class=\"stk--svg-wrapper\"><div class=\"stk--inner-svg\"><svg style=\"height:0;width:0\"><defs><lineargradient id=\"linear-gradient-6c1f656\" x1=\"0\" x2=\"100%\" y1=\"0\" y2=\"0\"><stop offset=\"0%\" style=\"stop-opacity:1;stop-color:var(--linear-gradient-6-c-1-f-656-color-1)\"><\/stop><stop offset=\"100%\" style=\"stop-opacity:1;stop-color:var(--linear-gradient-6-c-1-f-656-color-2)\"><\/stop><\/lineargradient><\/defs><\/svg><svg data-prefix=\"fas\" data-icon=\"chevron-down\" class=\"svg-inline--fa fa-chevron-down fa-w-14\" xmlns=\"http:\/\/www.w3.org\/2000\/svg\" viewbox=\"0 0 448 512\" aria-hidden=\"true\" width=\"32\" height=\"32\"><path fill=\"currentColor\" d=\"M207.029 381.476L12.686 187.132c-9.373-9.373-9.373-24.569 0-33.941l22.667-22.667c9.357-9.357 24.522-9.375 33.901-.04L224 284.505l154.745-154.021c9.379-9.335 24.544-9.317 33.901.04l22.667 22.667c9.373 9.373 9.373 24.569 0 33.941L240.971 381.476c-9.373 9.372-24.569 9.372-33.942 0z\"><\/path><\/svg><\/div><\/span><\/div>\n<\/div><\/div>\n<\/div><\/div><\/summary>\n\n\n\n<div class=\"wp-block-stackable-column stk-block-column stk-column stk-block stk-ddf7eb4 stk-block-accordion__content\" data-v=\"4\" data-block-id=\"ddf7eb4\"><div class=\"stk-column-wrapper stk-block-column__content stk-container stk-ddf7eb4-container stk--no-background stk--no-padding\"><div class=\"stk-block-content stk-inner-blocks stk-ddf7eb4-inner-blocks\">\n<div class=\"wp-block-stackable-text stk-block-text stk-block stk-17826a5\" data-block-id=\"17826a5\"><style>.stk-17826a5 {margin-bottom:0px !important;}<\/style><p class=\"stk-block-text__text\">Non, les Archives universitaires ne d\u00e9livrent aucune certification.<\/p><\/div>\n<\/div><\/div><\/div>\n<\/details>\n\n\n\n<details class=\"wp-block-stackable-accordion stk-block-accordion stk-inner-blocks stk-block-content stk-block stk-3448686 is-style-default\" id=\"el-servicio-de-prestamo-interno-que-ofrece-el-archivo-es-para-cualquier-usuario\" data-block-id=\"3448686\">\n<summary class=\"wp-block-stackable-column stk-block-column stk-column stk-block stk-c0aa807 stk-block-background stk--container-small stk-block-accordion__heading\" data-v=\"4\" data-block-id=\"c0aa807\"><style>.stk-c0aa807 {border-top-left-radius:15px !important;border-top-right-radius:15px !important;border-bottom-right-radius:15px !important;border-bottom-left-radius:15px !important;overflow:hidden !important;padding-top:15px !important;padding-right:15px !important;padding-bottom:15px !important;padding-left:15px !important;}<\/style><div class=\"stk-column-wrapper stk-block-column__content stk-container stk-c0aa807-container stk--no-background stk--no-padding\"><div class=\"stk-block-content stk-inner-blocks stk-c0aa807-inner-blocks\">\n<div class=\"wp-block-stackable-icon-label stk-block-icon-label stk-block stk-e910c20\" data-block-id=\"e910c20\"><div class=\"stk-row stk-inner-blocks stk-block-content\">\n<div class=\"wp-block-stackable-heading stk-block-heading stk-block-heading--v2 stk-block stk-1860a9c\" id=\"el-servicio-de-prestamo-interno-que-ofrece-el-archivo-es-para-cualquier-usuario\" data-block-id=\"1860a9c\"><h4 class=\"stk-block-heading__text\">Le service de pr\u00eat interne propos\u00e9 par les Archives est-il accessible \u00e0 tous les utilisateurs\u00a0?<\/h4><\/div>\n\n\n\n<div class=\"wp-block-stackable-icon stk-block-icon stk-block stk-9ecab65\" data-block-id=\"9ecab65\"><span class=\"stk--svg-wrapper\"><div class=\"stk--inner-svg\"><svg style=\"height:0;width:0\"><defs><lineargradient id=\"linear-gradient-9ecab65\" x1=\"0\" x2=\"100%\" y1=\"0\" y2=\"0\"><stop offset=\"0%\" style=\"stop-opacity:1;stop-color:var(--linear-gradient-9-ecab-65-color-1)\"><\/stop><stop offset=\"100%\" style=\"stop-opacity:1;stop-color:var(--linear-gradient-9-ecab-65-color-2)\"><\/stop><\/lineargradient><\/defs><\/svg><svg data-prefix=\"fas\" data-icon=\"chevron-down\" class=\"svg-inline--fa fa-chevron-down fa-w-14\" xmlns=\"http:\/\/www.w3.org\/2000\/svg\" viewbox=\"0 0 448 512\" aria-hidden=\"true\" width=\"32\" height=\"32\"><path fill=\"currentColor\" d=\"M207.029 381.476L12.686 187.132c-9.373-9.373-9.373-24.569 0-33.941l22.667-22.667c9.357-9.357 24.522-9.375 33.901-.04L224 284.505l154.745-154.021c9.379-9.335 24.544-9.317 33.901.04l22.667 22.667c9.373 9.373 9.373 24.569 0 33.941L240.971 381.476c-9.373 9.372-24.569 9.372-33.942 0z\"><\/path><\/svg><\/div><\/span><\/div>\n<\/div><\/div>\n<\/div><\/div><\/summary>\n\n\n\n<div class=\"wp-block-stackable-column stk-block-column stk-column stk-block stk-57c136f stk-block-accordion__content\" data-v=\"4\" data-block-id=\"57c136f\"><div class=\"stk-column-wrapper stk-block-column__content stk-container stk-57c136f-container stk--no-background stk--no-padding\"><div class=\"stk-block-content stk-inner-blocks stk-57c136f-inner-blocks\">\n<div class=\"wp-block-stackable-text stk-block-text stk-block stk-9133e15\" data-block-id=\"9133e15\"><style>.stk-9133e15 {margin-bottom:0px !important;}<\/style><p class=\"stk-block-text__text\">Non, le pr\u00eat interne ne peut \u00eatre demand\u00e9 que par les services qui nous ont pr\u00e9alablement transmis les documents requis.<\/p><\/div>\n<\/div><\/div><\/div>\n<\/details>\n\n\n\n<details class=\"wp-block-stackable-accordion stk-block-accordion stk-inner-blocks stk-block-content stk-block stk-ea589ce is-style-default\" id=\"donde-se-encuentra-fisicamente-el-archivo\" data-block-id=\"ea589ce\">\n<summary class=\"wp-block-stackable-column stk-block-column stk-column stk-block stk-e11ea96 stk-block-background stk--container-small stk-block-accordion__heading\" data-v=\"4\" data-block-id=\"e11ea96\"><style>.stk-e11ea96 {border-top-left-radius:15px !important;border-top-right-radius:15px !important;border-bottom-right-radius:15px !important;border-bottom-left-radius:15px !important;overflow:hidden !important;padding-top:15px !important;padding-right:15px !important;padding-bottom:15px !important;padding-left:15px !important;}<\/style><div class=\"stk-column-wrapper stk-block-column__content stk-container stk-e11ea96-container stk--no-background stk--no-padding\"><div class=\"stk-block-content stk-inner-blocks stk-e11ea96-inner-blocks\">\n<div class=\"wp-block-stackable-icon-label stk-block-icon-label stk-block stk-144026c\" data-block-id=\"144026c\"><div class=\"stk-row stk-inner-blocks stk-block-content\">\n<div class=\"wp-block-stackable-heading stk-block-heading stk-block-heading--v2 stk-block stk-59645e2\" id=\"donde-se-encuentra-fisicamente-el-archivo\" data-block-id=\"59645e2\"><h4 class=\"stk-block-heading__text\">O\u00f9 se trouvent physiquement les archives ?<\/h4><\/div>\n\n\n\n<div class=\"wp-block-stackable-icon stk-block-icon stk-block stk-3b89a12\" data-block-id=\"3b89a12\"><span class=\"stk--svg-wrapper\"><div class=\"stk--inner-svg\"><svg style=\"height:0;width:0\"><defs><lineargradient id=\"linear-gradient-3b89a12\" x1=\"0\" x2=\"100%\" y1=\"0\" y2=\"0\"><stop offset=\"0%\" style=\"stop-opacity:1;stop-color:var(--linear-gradient-3-b-89-a-12-color-1)\"><\/stop><stop offset=\"100%\" style=\"stop-opacity:1;stop-color:var(--linear-gradient-3-b-89-a-12-color-2)\"><\/stop><\/lineargradient><\/defs><\/svg><svg data-prefix=\"fas\" data-icon=\"chevron-down\" class=\"svg-inline--fa fa-chevron-down fa-w-14\" xmlns=\"http:\/\/www.w3.org\/2000\/svg\" viewbox=\"0 0 448 512\" aria-hidden=\"true\" width=\"32\" height=\"32\"><path fill=\"currentColor\" d=\"M207.029 381.476L12.686 187.132c-9.373-9.373-9.373-24.569 0-33.941l22.667-22.667c9.357-9.357 24.522-9.375 33.901-.04L224 284.505l154.745-154.021c9.379-9.335 24.544-9.317 33.901.04l22.667 22.667c9.373 9.373 9.373 24.569 0 33.941L240.971 381.476c-9.373 9.372-24.569 9.372-33.942 0z\"><\/path><\/svg><\/div><\/span><\/div>\n<\/div><\/div>\n<\/div><\/div><\/summary>\n\n\n\n<div class=\"wp-block-stackable-column stk-block-column stk-column stk-block stk-43591fb stk-block-accordion__content\" data-v=\"4\" data-block-id=\"43591fb\"><div class=\"stk-column-wrapper stk-block-column__content stk-container stk-43591fb-container stk--no-background stk--no-padding\"><div class=\"stk-block-content stk-inner-blocks stk-43591fb-inner-blocks\">\n<div class=\"wp-block-stackable-text stk-block-text stk-block stk-d0a1a82\" data-block-id=\"d0a1a82\"><style>.stk-d0a1a82 {margin-bottom:0px !important;}<\/style><p class=\"stk-block-text__text\">Les archives sont situ\u00e9es au sous-sol du b\u00e2timent central de l&#039;Universit\u00e9 de La Laguna.<\/p><\/div>\n<\/div><\/div><\/div>\n<\/details>\n<\/div><\/div><\/div>\n<\/div><\/div>\n<\/div><\/div><\/div>\n<\/div><\/div>","protected":false},"excerpt":{"rendered":"<p>Archives universitaires - Foire aux questions\u00a0: Quels sont les horaires de consultation des Archives\u00a0? Les Archives sont ouvertes de 9h00 \u00e0 13h00, avec des horaires r\u00e9duits \u00e0 certaines dates comme No\u00ebl, le Carnaval ou pendant les mois d&#039;\u00e9t\u00e9. Les Archives peuvent-elles d\u00e9livrer des certificats\u00a0? Non\u2026<\/p>","protected":false},"author":49,"featured_media":0,"parent":0,"menu_order":0,"comment_status":"closed","ping_status":"closed","template":"templates\/template-frontpage.php","meta":{"_acf_changed":false,"footnotes":""},"class_list":["post-105","page","type-page","status-publish","hentry"],"acf":[],"_links":{"self":[{"href":"https:\/\/www.ull.es\/servicios\/archivo-universitario\/fr\/wp-json\/wp\/v2\/pages\/105","targetHints":{"allow":["GET"]}}],"collection":[{"href":"https:\/\/www.ull.es\/servicios\/archivo-universitario\/fr\/wp-json\/wp\/v2\/pages"}],"about":[{"href":"https:\/\/www.ull.es\/servicios\/archivo-universitario\/fr\/wp-json\/wp\/v2\/types\/page"}],"author":[{"embeddable":true,"href":"https:\/\/www.ull.es\/servicios\/archivo-universitario\/fr\/wp-json\/wp\/v2\/users\/49"}],"replies":[{"embeddable":true,"href":"https:\/\/www.ull.es\/servicios\/archivo-universitario\/fr\/wp-json\/wp\/v2\/comments?post=105"}],"version-history":[{"count":4,"href":"https:\/\/www.ull.es\/servicios\/archivo-universitario\/fr\/wp-json\/wp\/v2\/pages\/105\/revisions"}],"predecessor-version":[{"id":155,"href":"https:\/\/www.ull.es\/servicios\/archivo-universitario\/fr\/wp-json\/wp\/v2\/pages\/105\/revisions\/155"}],"wp:attachment":[{"href":"https:\/\/www.ull.es\/servicios\/archivo-universitario\/fr\/wp-json\/wp\/v2\/media?parent=105"}],"curies":[{"name":"wp","href":"https:\/\/api.w.org\/{rel}","templated":true}]}}