{"id":109,"date":"2026-04-28T09:02:02","date_gmt":"2026-04-28T07:02:02","guid":{"rendered":"https:\/\/www.ull.es\/servicios\/archivo-universitario\/?page_id=109"},"modified":"2026-04-29T11:19:36","modified_gmt":"2026-04-29T09:19:36","slug":"contacto","status":"publish","type":"page","link":"https:\/\/www.ull.es\/servicios\/archivo-universitario\/fr\/contacto\/","title":{"rendered":"Contact"},"content":{"rendered":"<div class=\"wp-block-stackable-columns alignfull stk-block-columns stk--hide-mobile stk-block stk-0af3d61\" data-block-id=\"0af3d61\"><style>.stk-0af3d61 {margin-top:-50px !important;margin-bottom:80px !important;}<\/style><div class=\"stk-row stk-inner-blocks stk-block-content stk-content-align stk-0af3d61-column alignfull\">\n<div class=\"wp-block-stackable-column stk-block-column stk-column stk-block stk-14afd3b\" data-v=\"4\" data-block-id=\"14afd3b\"><div class=\"stk-column-wrapper stk-block-column__content stk-container stk-14afd3b-container stk--no-background stk--no-padding\"><div class=\"stk-block-content stk-inner-blocks stk-14afd3b-inner-blocks\">\n<div class=\"wp-block-stackable-image alignfull stk-block-image stk-block stk-6a37533\" data-block-id=\"6a37533\"><style>.stk-6a37533 {margin-bottom:0px !important;}.stk-6a37533 .stk-img-wrapper{width:100% !important;}.stk-6a37533 .stk-img-wrapper img{object-position:52% 100% !important;}<\/style><figure><span class=\"stk-img-wrapper stk-image--shape-stretch\"><img loading=\"lazy\" decoding=\"async\" class=\"stk-img wp-image-96\" src=\"https:\/\/www.ull.es\/servicios\/archivo-universitario\/wp-content\/uploads\/sites\/24\/2026\/04\/Archivo_Univ_Header-1.png\" width=\"1600\" height=\"500\" srcset=\"https:\/\/www.ull.es\/servicios\/archivo-universitario\/wp-content\/uploads\/sites\/24\/2026\/04\/Archivo_Univ_Header-1.png 1600w, https:\/\/www.ull.es\/servicios\/archivo-universitario\/wp-content\/uploads\/sites\/24\/2026\/04\/Archivo_Univ_Header-1-300x94.png 300w, https:\/\/www.ull.es\/servicios\/archivo-universitario\/wp-content\/uploads\/sites\/24\/2026\/04\/Archivo_Univ_Header-1-1024x320.png 1024w, https:\/\/www.ull.es\/servicios\/archivo-universitario\/wp-content\/uploads\/sites\/24\/2026\/04\/Archivo_Univ_Header-1-768x240.png 768w, https:\/\/www.ull.es\/servicios\/archivo-universitario\/wp-content\/uploads\/sites\/24\/2026\/04\/Archivo_Univ_Header-1-1536x480.png 1536w, https:\/\/www.ull.es\/servicios\/archivo-universitario\/wp-content\/uploads\/sites\/24\/2026\/04\/Archivo_Univ_Header-1-18x6.png 18w, https:\/\/www.ull.es\/servicios\/archivo-universitario\/wp-content\/uploads\/sites\/24\/2026\/04\/Archivo_Univ_Header-1-200x63.png 200w, https:\/\/www.ull.es\/servicios\/archivo-universitario\/wp-content\/uploads\/sites\/24\/2026\/04\/Archivo_Univ_Header-1-375x117.png 375w, https:\/\/www.ull.es\/servicios\/archivo-universitario\/wp-content\/uploads\/sites\/24\/2026\/04\/Archivo_Univ_Header-1-750x234.png 750w, https:\/\/www.ull.es\/servicios\/archivo-universitario\/wp-content\/uploads\/sites\/24\/2026\/04\/Archivo_Univ_Header-1-1140x356.png 1140w\" sizes=\"auto, (max-width: 1600px) 100vw, 1600px\" \/><\/span><\/figure><\/div>\n\n\n\n<div class=\"wp-block-stackable-heading stk-block-heading stk-block-heading--v2 stk-block stk-46462b8\" id=\"archivo-br-universitario\" data-block-id=\"46462b8\"><style>.stk-46462b8 {box-shadow:0px 0px 0px 0px #000000 !important;margin-top:-12% !important;margin-bottom:3% !important;margin-left:18% !important;}.stk-46462b8 .stk-block-heading__text{font-size:56px !important;color:#fffffe !important;font-weight:bold !important;font-family:\"Argentum Sans\", Sans-serif !important;letter-spacing:4px !important;}@media screen and (max-width: 1023px){.stk-46462b8 {margin-top:-13% !important;}.stk-46462b8 .stk-block-heading__text{font-size:50px !important;}}<\/style><h2 class=\"stk-block-heading__text has-text-color\">Archive<br>Universit\u00e9<\/h2><\/div>\n<\/div><\/div><\/div>\n<\/div><\/div>\n\n\n\n<div class=\"wp-block-stackable-columns alignfull stk-block-columns stk-block stk-a447e57\" data-block-id=\"a447e57\"><div class=\"stk-row stk-inner-blocks stk-block-content stk-content-align stk-a447e57-column alignfull\">\n<div class=\"wp-block-stackable-column stk-block-column stk-column stk-block stk-669a6ed\" data-v=\"4\" data-block-id=\"669a6ed\"><div class=\"stk-column-wrapper stk-block-column__content stk-container stk-669a6ed-container stk--no-background stk--no-padding\"><div class=\"stk-block-content stk-inner-blocks stk-669a6ed-inner-blocks\">\n<div class=\"wp-block-stackable-columns alignwide stk-block-columns stk-block stk-48631e4\" data-block-id=\"48631e4\"><style>.stk-48631e4 {padding-right:10% !important;padding-left:10% !important;}<\/style><div class=\"stk-row stk-inner-blocks stk-block-content stk-content-align stk-48631e4-column alignwide\">\n<div class=\"wp-block-stackable-column stk-block-column stk-column stk-block stk-58ad1ad\" data-v=\"4\" data-block-id=\"58ad1ad\"><div class=\"stk-column-wrapper stk-block-column__content stk-container stk-58ad1ad-container stk--no-background stk--no-padding\"><div class=\"stk-block-content stk-inner-blocks stk-58ad1ad-inner-blocks\">\n<div class=\"wp-block-stackable-heading stk-block-heading stk-block-heading--v2 stk-block stk-e078127\" id=\"contacto\" data-block-id=\"e078127\"><style>.stk-e078127 .stk-block-heading__text{font-size:32px !important;font-weight:bold !important;letter-spacing:2px !important;}@media screen and (max-width: 1023px){.stk-e078127 .stk-block-heading__text{font-size:32px !important;}}<\/style><h2 class=\"stk-block-heading__text\">Contact       <\/h2><\/div>\n\n\n\n<div class=\"wp-block-stackable-columns stk-block-columns stk-block stk-3b5778f\" data-block-id=\"3b5778f\"><style>.stk-3b5778f {margin-bottom:35px !important;}<\/style><div class=\"stk-row stk-inner-blocks stk-block-content stk-content-align stk-3b5778f-column\">\n<div class=\"wp-block-stackable-column stk-block-column stk-column stk-block stk-9ba629f\" data-v=\"4\" data-block-id=\"9ba629f\"><style>.stk-9ba629f {border-style:solid !important;border-color:#5c068d !important;border-top-width:0px !important;border-right-width:0px !important;border-bottom-width:0px !important;border-left-width:1px !important;}<\/style><div class=\"stk-column-wrapper stk-block-column__content stk-container stk-9ba629f-container stk--no-background stk--no-padding\"><div class=\"stk-block-content stk-inner-blocks stk-9ba629f-inner-blocks\">\n<div class=\"wp-block-stackable-text stk-block-text stk-block stk-3848bd9\" data-block-id=\"3848bd9\"><style>.stk-3848bd9 {margin-bottom:4px !important;}<\/style><p class=\"stk-block-text__text\">Chef de la section Gestion de la documentation<br>et les archives universitaires<\/p><\/div>\n\n\n\n<div class=\"wp-block-stackable-text stk-block-text stk-block stk-ca2cfc4\" data-block-id=\"ca2cfc4\"><p class=\"stk-block-text__text\"><strong>Vacant<\/strong><\/p><\/div>\n<\/div><\/div><\/div>\n\n\n\n<div class=\"wp-block-stackable-column stk-block-column stk-column stk-block stk-919d1b7\" data-v=\"4\" data-block-id=\"919d1b7\"><style>.stk-919d1b7 {border-style:solid !important;border-color:#5c068d !important;border-top-width:0px !important;border-right-width:0px !important;border-bottom-width:0px !important;border-left-width:1px !important;}<\/style><div class=\"stk-column-wrapper stk-block-column__content stk-container stk-919d1b7-container stk--no-background stk--no-padding\"><div class=\"stk-block-content stk-inner-blocks stk-919d1b7-inner-blocks\">\n<div class=\"wp-block-stackable-text stk-block-text stk-block stk-b1a39b6\" data-block-id=\"b1a39b6\"><style>.stk-b1a39b6 {margin-bottom:4px !important;}<\/style><p class=\"stk-block-text__text\">Technicien en gestion documentaire<br>et les archives universitaires<\/p><\/div>\n\n\n\n<div class=\"wp-block-stackable-text stk-block-text stk-block stk-71761cb\" data-block-id=\"71761cb\"><p class=\"stk-block-text__text\"><strong>Alicia Acosta<\/strong><\/p><\/div>\n<\/div><\/div><\/div>\n\n\n\n<div class=\"wp-block-stackable-column stk-block-column stk-column stk-block stk-3eebec0\" data-v=\"4\" data-block-id=\"3eebec0\"><style>.stk-3eebec0 {border-style:solid !important;border-color:#5c068d !important;border-top-width:0px !important;border-right-width:0px !important;border-bottom-width:0px !important;border-left-width:1px !important;}<\/style><div class=\"stk-column-wrapper stk-block-column__content stk-container stk-3eebec0-container stk--no-background stk--no-padding\"><div class=\"stk-block-content stk-inner-blocks stk-3eebec0-inner-blocks\">\n<div class=\"wp-block-stackable-text stk-block-text stk-block stk-2c35149\" data-block-id=\"2c35149\"><style>.stk-2c35149 {margin-bottom:4px !important;}<\/style><p class=\"stk-block-text__text\">Technicien sp\u00e9cialis\u00e9<\/p><\/div>\n\n\n\n<div class=\"wp-block-stackable-text stk-block-text stk-block stk-7e8fdf2\" data-block-id=\"7e8fdf2\"><p class=\"stk-block-text__text\"><strong>Adela Luis Zamora<\/strong><\/p><\/div>\n<\/div><\/div><\/div>\n<\/div><\/div>\n\n\n\n<div class=\"wp-block-stackable-icon-label stk-block-icon-label stk-block stk-79ee304\" data-block-id=\"79ee304\"><div class=\"stk-row stk-inner-blocks stk-block-content\">\n<div class=\"wp-block-stackable-icon stk-block-icon has-text-align-left stk-block stk-d7c324e stk-block-background\" data-block-id=\"d7c324e\"><style>.stk-d7c324e {border-top-left-radius:15px !important;border-top-right-radius:15px !important;border-bottom-right-radius:15px !important;border-bottom-left-radius:15px !important;overflow:hidden !important;padding-top:15px !important;padding-right:15px !important;padding-bottom:15px !important;padding-left:15px !important;}<\/style><span class=\"stk--svg-wrapper\"><div class=\"stk--inner-svg\"><svg style=\"height:0;width:0\"><defs><lineargradient id=\"linear-gradient-d7c324e\" x1=\"0\" x2=\"100%\" y1=\"0\" y2=\"0\"><stop offset=\"0%\" style=\"stop-opacity:1;stop-color:var(--linear-gradient-d-7-c-324-e-color-1)\"><\/stop><stop offset=\"100%\" style=\"stop-opacity:1;stop-color:var(--linear-gradient-d-7-c-324-e-color-2)\"><\/stop><\/lineargradient><\/defs><\/svg><svg class=\"ugb-custom-icon\" viewbox=\"0 0 24 24\" fill=\"none\" xmlns=\"http:\/\/www.w3.org\/2000\/svg\" aria-hidden=\"true\" width=\"32\" height=\"32\">\n<path d=\"M12 2.25C10.0716 2.25 8.18657 2.82183 6.58319 3.89317C4.97982 4.96452 3.73013 6.48726 2.99218 8.26884C2.25422 10.0504 2.06114 12.0108 2.43735 13.9021C2.81355 15.7934 3.74215 17.5307 5.10571 18.8943C6.46928 20.2579 8.20656 21.1865 10.0979 21.5627C11.9892 21.9389 13.9496 21.7458 15.7312 21.0078C17.5127 20.2699 19.0355 19.0202 20.1068 17.4168C21.1782 15.8134 21.75 13.9284 21.75 12C21.7473 9.41498 20.7192 6.93661 18.8913 5.10872C17.0634 3.28084 14.585 2.25273 12 2.25ZM12 20.25C10.3683 20.25 8.77326 19.7661 7.41655 18.8596C6.05984 17.9531 5.00242 16.6646 4.378 15.1571C3.75358 13.6496 3.5902 11.9908 3.90853 10.3905C4.22685 8.79016 5.01259 7.32015 6.16637 6.16637C7.32016 5.01259 8.79017 4.22685 10.3905 3.90852C11.9909 3.59019 13.6497 3.75357 15.1571 4.37799C16.6646 5.00242 17.9531 6.05984 18.8596 7.41655C19.7662 8.77325 20.25 10.3683 20.25 12C20.2475 14.1873 19.3775 16.2843 17.8309 17.8309C16.2843 19.3775 14.1873 20.2475 12 20.25ZM18 12C18 12.1989 17.921 12.3897 17.7803 12.5303C17.6397 12.671 17.4489 12.75 17.25 12.75H12C11.8011 12.75 11.6103 12.671 11.4697 12.5303C11.329 12.3897 11.25 12.1989 11.25 12V6.75C11.25 6.55109 11.329 6.36032 11.4697 6.21967C11.6103 6.07902 11.8011 6 12 6C12.1989 6 12.3897 6.07902 12.5303 6.21967C12.671 6.36032 12.75 6.55109 12.75 6.75V11.25H17.25C17.4489 11.25 17.6397 11.329 17.7803 11.4697C17.921 11.6103 18 11.8011 18 12Z\" fill=\"#343330\"\/>\n<\/svg><\/div><\/span><\/div>\n\n\n\n<div class=\"wp-block-stackable-heading stk-block-heading stk-block-heading--v2 stk-block stk-ff458eb\" id=\"strong-horario-strong-br-de-9-00-h-a-13-00-h-de-lunes-a-viernes-excepto-en-periodos-de-reduccion-de-jornada-que-sera-de-10-00-a-12-00-h\" data-block-id=\"ff458eb\"><h4 class=\"stk-block-heading__text\"><strong>Calendrier<\/strong><br>Du lundi au vendredi, de 9h00 \u00e0 13h00 (sauf pendant les p\u00e9riodes de r\u00e9duction des horaires de travail, qui seront alors de 10h00 \u00e0 12h00).<\/h4><\/div>\n<\/div><\/div>\n\n\n\n<div class=\"wp-block-stackable-icon-label stk-block-icon-label stk-block stk-5c05e8e\" data-block-id=\"5c05e8e\"><div class=\"stk-row stk-inner-blocks stk-block-content\">\n<div class=\"wp-block-stackable-icon stk-block-icon has-text-align-left stk-block stk-5399b6e stk-block-background\" data-block-id=\"5399b6e\"><style>.stk-5399b6e {border-top-left-radius:15px !important;border-top-right-radius:15px !important;border-bottom-right-radius:15px !important;border-bottom-left-radius:15px !important;overflow:hidden !important;padding-top:15px !important;padding-right:15px !important;padding-bottom:15px !important;padding-left:15px !important;}<\/style><span class=\"stk--svg-wrapper\"><div class=\"stk--inner-svg\"><svg style=\"height:0;width:0\"><defs><lineargradient id=\"linear-gradient-5399b6e\" x1=\"0\" x2=\"100%\" y1=\"0\" y2=\"0\"><stop offset=\"0%\" style=\"stop-opacity:1;stop-color:var(--linear-gradient-5399-b-6-e-color-1)\"><\/stop><stop offset=\"100%\" style=\"stop-opacity:1;stop-color:var(--linear-gradient-5399-b-6-e-color-2)\"><\/stop><\/lineargradient><\/defs><\/svg><svg class=\"ugb-custom-icon\" viewbox=\"0 0 24 24\" fill=\"none\" xmlns=\"http:\/\/www.w3.org\/2000\/svg\" aria-hidden=\"true\" width=\"32\" height=\"32\">\n<path d=\"M21 4.5H3C2.80109 4.5 2.61032 4.57902 2.46967 4.71967C2.32902 4.86032 2.25 5.05109 2.25 5.25V18C2.25 18.3978 2.40804 18.7794 2.68934 19.0607C2.97064 19.342 3.35218 19.5 3.75 19.5H20.25C20.6478 19.5 21.0294 19.342 21.3107 19.0607C21.592 18.7794 21.75 18.3978 21.75 18V5.25C21.75 5.05109 21.671 4.86032 21.5303 4.71967C21.3897 4.57902 21.1989 4.5 21 4.5ZM19.0716 6L12 12.4828L4.92844 6H19.0716ZM20.25 18H3.75V6.95531L11.4928 14.0531C11.6312 14.1801 11.8122 14.2506 12 14.2506C12.1878 14.2506 12.3688 14.1801 12.5072 14.0531L20.25 6.95531V18Z\" fill=\"#343330\"\/>\n<\/svg><\/div><\/span><\/div>\n\n\n\n<div class=\"wp-block-stackable-heading stk-block-heading stk-block-heading--v2 stk-block stk-768a3a0\" id=\"strong-mail-strong-br-archivo-ull-es\" data-block-id=\"768a3a0\"><h4 class=\"stk-block-heading__text\"><strong>Mail<\/strong><br>archivo@ull.es<\/h4><\/div>\n<\/div><\/div>\n\n\n\n<div class=\"wp-block-stackable-map stk-block-map stk-block stk-71bc5b5\" data-block-id=\"71bc5b5\"><style>.stk-71bc5b5 .stk-block-map__canvas, .stk-71bc5b5 iframe{height:400px !important;}<\/style><iframe\n\t\t\t\t\t\ttitle=\"Contenu int\u00e9gr\u00e9 provenant de la plateforme Google Maps.\"\n\t\t\t\t\t\tsrc=\"https:\/\/maps.google.com\/maps?q=Central campus (University of La Laguna&#038;t=&#038;z=18&#038;ie=UTF8&#038;output=embed\"\n\t\t\t\t\t\tstyle=\"border:0;width:100%;max-width:none;max-height:none;height:100%;\"\n\t\t\t\t\t\taria-hidden=\"false\"\n\t\t\t\t\t\ttabindex=\"0\"\n\t\t\t\t\t\tallowfullscreen\n\t\t\t\t\t\tloading=\"lazy\"\n\t\t\t\t\t\tframeborder=\"0\"\n\t\t\t\t\t><\/iframe><\/div>\n\n\n\n<div class=\"wp-block-stackable-icon-label stk-block-icon-label stk-block stk-69cc7eb\" data-block-id=\"69cc7eb\"><div class=\"stk-row stk-inner-blocks stk-block-content\">\n<div class=\"wp-block-stackable-icon stk-block-icon has-text-align-left stk-block stk-7ad5bd4 stk-block-background\" data-block-id=\"7ad5bd4\"><style>.stk-7ad5bd4 {border-top-left-radius:15px !important;border-top-right-radius:15px !important;border-bottom-right-radius:15px !important;border-bottom-left-radius:15px !important;overflow:hidden !important;padding-top:15px !important;padding-right:15px !important;padding-bottom:15px !important;padding-left:15px !important;}<\/style><span class=\"stk--svg-wrapper\"><div class=\"stk--inner-svg\"><svg style=\"height:0;width:0\"><defs><lineargradient id=\"linear-gradient-7ad5bd4\" x1=\"0\" x2=\"100%\" y1=\"0\" y2=\"0\"><stop offset=\"0%\" style=\"stop-opacity:1;stop-color:var(--linear-gradient-7-ad-5-bd-4-color-1)\"><\/stop><stop offset=\"100%\" style=\"stop-opacity:1;stop-color:var(--linear-gradient-7-ad-5-bd-4-color-2)\"><\/stop><\/lineargradient><\/defs><\/svg><svg class=\"ugb-custom-icon\" viewbox=\"0 0 17 21\" fill=\"none\" xmlns=\"http:\/\/www.w3.org\/2000\/svg\" aria-hidden=\"true\" width=\"32\" height=\"32\">\n<path d=\"M8.25 4.5C7.50832 4.5 6.7833 4.71993 6.16661 5.13199C5.54993 5.54404 5.06928 6.12971 4.78545 6.81494C4.50162 7.50016 4.42736 8.25416 4.57205 8.98159C4.71675 9.70902 5.0739 10.3772 5.59835 10.9017C6.1228 11.4261 6.79098 11.7833 7.51841 11.9279C8.24584 12.0726 8.99984 11.9984 9.68506 11.7145C10.3703 11.4307 10.956 10.9501 11.368 10.3334C11.7801 9.7167 12 8.99168 12 8.25C12 7.25544 11.6049 6.30161 10.9017 5.59835C10.1984 4.89509 9.24456 4.5 8.25 4.5ZM8.25 10.5C7.80499 10.5 7.36998 10.368 6.99997 10.1208C6.62996 9.87357 6.34157 9.52217 6.17127 9.11104C6.00097 8.6999 5.95642 8.2475 6.04323 7.81105C6.13005 7.37459 6.34434 6.97368 6.65901 6.65901C6.97368 6.34434 7.37459 6.13005 7.81105 6.04323C8.2475 5.95642 8.6999 6.00097 9.11104 6.17127C9.52217 6.34157 9.87357 6.62996 10.1208 6.99997C10.368 7.36998 10.5 7.80499 10.5 8.25C10.5 8.84674 10.2629 9.41903 9.84099 9.84099C9.41903 10.2629 8.84674 10.5 8.25 10.5ZM8.25 0C6.06273 0.00248131 3.96575 0.872472 2.41911 2.41911C0.872472 3.96575 0.00248131 6.06273 0 8.25C0 11.1937 1.36031 14.3138 3.9375 17.2734C5.09552 18.6108 6.39886 19.8151 7.82344 20.8641C7.94954 20.9524 8.09978 20.9998 8.25375 20.9998C8.40772 20.9998 8.55796 20.9524 8.68406 20.8641C10.106 19.8147 11.4068 18.6104 12.5625 17.2734C15.1359 14.3138 16.5 11.1937 16.5 8.25C16.4975 6.06273 15.6275 3.96575 14.0809 2.41911C12.5343 0.872472 10.4373 0.00248131 8.25 0ZM8.25 19.3125C6.70031 18.0938 1.5 13.6172 1.5 8.25C1.5 6.45979 2.21116 4.7429 3.47703 3.47703C4.7429 2.21116 6.45979 1.5 8.25 1.5C10.0402 1.5 11.7571 2.21116 13.023 3.47703C14.2888 4.7429 15 6.45979 15 8.25C15 13.6153 9.79969 18.0938 8.25 19.3125Z\" fill=\"#343330\"\/>\n<\/svg><\/div><\/span><\/div>\n\n\n\n<div class=\"wp-block-stackable-heading stk-block-heading stk-block-heading--v2 stk-block stk-949473b\" id=\"strong-como-llegar-strong-br-archivo-universitario-c-pedro-zerolo-s-n-apartado-456-codigo-postal-38200-san-cristobal-de-la-laguna-s-c-de-tenerife\" data-block-id=\"949473b\"><h4 class=\"stk-block-heading__text\"><strong>Comment s&#039;y rendre<\/strong><br>Archives universitaires, rue Pedro Zerolo, s\/n, P.O. Bo\u00eete postale 456, Code postal 38200, San Crist\u00f3bal de La Laguna, Santa Cruz de Tenerife<\/h4><\/div>\n<\/div><\/div>\n<\/div><\/div><\/div>\n<\/div><\/div>\n<\/div><\/div><\/div>\n<\/div><\/div>","protected":false},"excerpt":{"rendered":"<p>Archives universitaires \u2013 Contact \u2013 Responsable du service de documentation et de gestion des archives universitaires \u2013 Poste vacant : Technicien(ne) en documentation et gestion des archives universitaires \u2013 Alicia Acosta \u2013 Technicien(ne) sp\u00e9cialis\u00e9(e) \u2013 Adela Luis Zamora \u2013 Horaires : du lundi au vendredi, de 9h00 \u00e0 13h00 (sauf en p\u00e9riode d&#039;horaires r\u00e9duits, de 10h00 \u00e0 12h00) \u2013 Courriel : archive@ull.es \u2013 Acc\u00e8s aux Archives universitaires\u2026<\/p>","protected":false},"author":49,"featured_media":0,"parent":0,"menu_order":0,"comment_status":"closed","ping_status":"closed","template":"templates\/template-frontpage.php","meta":{"_acf_changed":false,"footnotes":""},"class_list":["post-109","page","type-page","status-publish","hentry"],"acf":[],"_links":{"self":[{"href":"https:\/\/www.ull.es\/servicios\/archivo-universitario\/fr\/wp-json\/wp\/v2\/pages\/109","targetHints":{"allow":["GET"]}}],"collection":[{"href":"https:\/\/www.ull.es\/servicios\/archivo-universitario\/fr\/wp-json\/wp\/v2\/pages"}],"about":[{"href":"https:\/\/www.ull.es\/servicios\/archivo-universitario\/fr\/wp-json\/wp\/v2\/types\/page"}],"author":[{"embeddable":true,"href":"https:\/\/www.ull.es\/servicios\/archivo-universitario\/fr\/wp-json\/wp\/v2\/users\/49"}],"replies":[{"embeddable":true,"href":"https:\/\/www.ull.es\/servicios\/archivo-universitario\/fr\/wp-json\/wp\/v2\/comments?post=109"}],"version-history":[{"count":7,"href":"https:\/\/www.ull.es\/servicios\/archivo-universitario\/fr\/wp-json\/wp\/v2\/pages\/109\/revisions"}],"predecessor-version":[{"id":163,"href":"https:\/\/www.ull.es\/servicios\/archivo-universitario\/fr\/wp-json\/wp\/v2\/pages\/109\/revisions\/163"}],"wp:attachment":[{"href":"https:\/\/www.ull.es\/servicios\/archivo-universitario\/fr\/wp-json\/wp\/v2\/media?parent=109"}],"curies":[{"name":"wp","href":"https:\/\/api.w.org\/{rel}","templated":true}]}}