{"id":115,"date":"2026-04-28T09:05:36","date_gmt":"2026-04-28T07:05:36","guid":{"rendered":"https:\/\/www.ull.es\/servicios\/archivo-universitario\/?page_id=115"},"modified":"2026-04-29T12:55:46","modified_gmt":"2026-04-29T10:55:46","slug":"prestamo-interno","status":"publish","type":"page","link":"https:\/\/www.ull.es\/servicios\/archivo-universitario\/fr\/prestamo-interno\/","title":{"rendered":"Pr\u00eat interne"},"content":{"rendered":"<div class=\"wp-block-stackable-columns alignfull stk-block-columns stk--hide-mobile stk-block stk-0af3d61\" data-block-id=\"0af3d61\"><style>.stk-0af3d61 {margin-top:-50px !important;margin-bottom:80px !important;}<\/style><div class=\"stk-row stk-inner-blocks stk-block-content stk-content-align stk-0af3d61-column alignfull\">\n<div class=\"wp-block-stackable-column stk-block-column stk-column stk-block stk-14afd3b\" data-v=\"4\" data-block-id=\"14afd3b\"><div class=\"stk-column-wrapper stk-block-column__content stk-container stk-14afd3b-container stk--no-background stk--no-padding\"><div class=\"stk-block-content stk-inner-blocks stk-14afd3b-inner-blocks\">\n<div class=\"wp-block-stackable-image alignfull stk-block-image stk-block stk-6a37533\" data-block-id=\"6a37533\"><style>.stk-6a37533 {margin-bottom:0px !important;}.stk-6a37533 .stk-img-wrapper{width:100% !important;}.stk-6a37533 .stk-img-wrapper img{object-position:52% 100% !important;}<\/style><figure><span class=\"stk-img-wrapper stk-image--shape-stretch\"><img loading=\"lazy\" decoding=\"async\" class=\"stk-img wp-image-96\" src=\"https:\/\/www.ull.es\/servicios\/archivo-universitario\/wp-content\/uploads\/sites\/24\/2026\/04\/Archivo_Univ_Header-1.png\" width=\"1600\" height=\"500\" srcset=\"https:\/\/www.ull.es\/servicios\/archivo-universitario\/wp-content\/uploads\/sites\/24\/2026\/04\/Archivo_Univ_Header-1.png 1600w, https:\/\/www.ull.es\/servicios\/archivo-universitario\/wp-content\/uploads\/sites\/24\/2026\/04\/Archivo_Univ_Header-1-300x94.png 300w, https:\/\/www.ull.es\/servicios\/archivo-universitario\/wp-content\/uploads\/sites\/24\/2026\/04\/Archivo_Univ_Header-1-1024x320.png 1024w, https:\/\/www.ull.es\/servicios\/archivo-universitario\/wp-content\/uploads\/sites\/24\/2026\/04\/Archivo_Univ_Header-1-768x240.png 768w, https:\/\/www.ull.es\/servicios\/archivo-universitario\/wp-content\/uploads\/sites\/24\/2026\/04\/Archivo_Univ_Header-1-1536x480.png 1536w, https:\/\/www.ull.es\/servicios\/archivo-universitario\/wp-content\/uploads\/sites\/24\/2026\/04\/Archivo_Univ_Header-1-18x6.png 18w, https:\/\/www.ull.es\/servicios\/archivo-universitario\/wp-content\/uploads\/sites\/24\/2026\/04\/Archivo_Univ_Header-1-200x63.png 200w, https:\/\/www.ull.es\/servicios\/archivo-universitario\/wp-content\/uploads\/sites\/24\/2026\/04\/Archivo_Univ_Header-1-375x117.png 375w, https:\/\/www.ull.es\/servicios\/archivo-universitario\/wp-content\/uploads\/sites\/24\/2026\/04\/Archivo_Univ_Header-1-750x234.png 750w, https:\/\/www.ull.es\/servicios\/archivo-universitario\/wp-content\/uploads\/sites\/24\/2026\/04\/Archivo_Univ_Header-1-1140x356.png 1140w\" sizes=\"auto, (max-width: 1600px) 100vw, 1600px\" \/><\/span><\/figure><\/div>\n\n\n\n<div class=\"wp-block-stackable-heading stk-block-heading stk-block-heading--v2 stk-block stk-46462b8\" id=\"archivo-br-universitario\" data-block-id=\"46462b8\"><style>.stk-46462b8 {box-shadow:0px 0px 0px 0px #000000 !important;margin-top:-12% !important;margin-bottom:3% !important;margin-left:18% !important;}.stk-46462b8 .stk-block-heading__text{font-size:56px !important;color:#fffffe !important;font-weight:bold !important;font-family:\"Argentum Sans\", Sans-serif !important;letter-spacing:4px !important;}@media screen and (max-width: 1023px){.stk-46462b8 {margin-top:-13% !important;}.stk-46462b8 .stk-block-heading__text{font-size:50px !important;}}<\/style><h2 class=\"stk-block-heading__text has-text-color\">Archive<br>Universit\u00e9<\/h2><\/div>\n<\/div><\/div><\/div>\n<\/div><\/div>\n\n\n\n<div class=\"wp-block-stackable-columns alignfull stk-block-columns stk--hide-desktop stk--hide-tablet stk-block stk-a316a3e\" data-block-id=\"a316a3e\"><style>.stk-a316a3e {margin-bottom:80px !important;}<\/style><div class=\"stk-row stk-inner-blocks stk-block-content stk-content-align stk-a316a3e-column alignfull\">\n<div class=\"wp-block-stackable-column stk-block-column stk-column stk-block stk-ca1bdc8\" data-v=\"4\" data-block-id=\"ca1bdc8\"><div class=\"stk-column-wrapper stk-block-column__content stk-container stk-ca1bdc8-container stk--no-background stk--no-padding\"><div class=\"stk-block-content stk-inner-blocks stk-ca1bdc8-inner-blocks\">\n<div class=\"wp-block-stackable-image alignfull stk-block-image stk-block stk-323a8ac\" data-block-id=\"323a8ac\"><style>.stk-323a8ac {margin-bottom:0px !important;}.stk-323a8ac .stk-img-wrapper{width:100% !important;--stk-gradient-overlay:0.3 !important;}.stk-323a8ac .stk-img-wrapper::after{background-image:linear-gradient(360deg,rgb(255,255,255) 0%,rgb(0,0,0) 100%) !important;}<\/style><figure><span class=\"stk-img-wrapper stk-image--shape-stretch\"><img loading=\"lazy\" decoding=\"async\" class=\"stk-img wp-image-97\" src=\"https:\/\/www.ull.es\/servicios\/archivo-universitario\/wp-content\/uploads\/sites\/24\/2026\/04\/da7acdf30455dfc1479f53d6fce1a282e9c3fff7-1.jpg\" width=\"1600\" height=\"1066\" srcset=\"https:\/\/www.ull.es\/servicios\/archivo-universitario\/wp-content\/uploads\/sites\/24\/2026\/04\/da7acdf30455dfc1479f53d6fce1a282e9c3fff7-1.jpg 1600w, https:\/\/www.ull.es\/servicios\/archivo-universitario\/wp-content\/uploads\/sites\/24\/2026\/04\/da7acdf30455dfc1479f53d6fce1a282e9c3fff7-1-300x200.jpg 300w, https:\/\/www.ull.es\/servicios\/archivo-universitario\/wp-content\/uploads\/sites\/24\/2026\/04\/da7acdf30455dfc1479f53d6fce1a282e9c3fff7-1-1024x682.jpg 1024w, https:\/\/www.ull.es\/servicios\/archivo-universitario\/wp-content\/uploads\/sites\/24\/2026\/04\/da7acdf30455dfc1479f53d6fce1a282e9c3fff7-1-768x512.jpg 768w, https:\/\/www.ull.es\/servicios\/archivo-universitario\/wp-content\/uploads\/sites\/24\/2026\/04\/da7acdf30455dfc1479f53d6fce1a282e9c3fff7-1-1536x1023.jpg 1536w, https:\/\/www.ull.es\/servicios\/archivo-universitario\/wp-content\/uploads\/sites\/24\/2026\/04\/da7acdf30455dfc1479f53d6fce1a282e9c3fff7-1-18x12.jpg 18w, https:\/\/www.ull.es\/servicios\/archivo-universitario\/wp-content\/uploads\/sites\/24\/2026\/04\/da7acdf30455dfc1479f53d6fce1a282e9c3fff7-1-200x133.jpg 200w, https:\/\/www.ull.es\/servicios\/archivo-universitario\/wp-content\/uploads\/sites\/24\/2026\/04\/da7acdf30455dfc1479f53d6fce1a282e9c3fff7-1-375x250.jpg 375w, https:\/\/www.ull.es\/servicios\/archivo-universitario\/wp-content\/uploads\/sites\/24\/2026\/04\/da7acdf30455dfc1479f53d6fce1a282e9c3fff7-1-750x500.jpg 750w, https:\/\/www.ull.es\/servicios\/archivo-universitario\/wp-content\/uploads\/sites\/24\/2026\/04\/da7acdf30455dfc1479f53d6fce1a282e9c3fff7-1-1140x760.jpg 1140w\" sizes=\"auto, (max-width: 1600px) 100vw, 1600px\" \/><\/span><\/figure><\/div>\n\n\n\n<div class=\"wp-block-stackable-heading stk-block-heading stk-block-heading--v2 stk-block stk-59b3d61\" id=\"archivo-universitario\" data-block-id=\"59b3d61\"><style>.stk-59b3d61 {box-shadow:0px 0px 0px 0px #000000 !important;margin-top:-30% !important;margin-left:10% !important;}.stk-59b3d61 .stk-block-heading__text{font-size:24px !important;color:#fffffe !important;font-weight:bold !important;font-family:\"Argentum Sans\", Sans-serif !important;letter-spacing:4px !important;}@media screen and (max-width: 1023px){.stk-59b3d61 .stk-block-heading__text{font-size:24px !important;}}<\/style><h2 class=\"stk-block-heading__text has-text-color\">Archives universitaires<\/h2><\/div>\n<\/div><\/div><\/div>\n<\/div><\/div>\n\n\n\n<div class=\"wp-block-stackable-columns alignfull stk-block-columns stk-block stk-72be1ea\" data-block-id=\"72be1ea\"><style>.stk-72be1ea {margin-bottom:56px !important;}<\/style><div class=\"stk-row stk-inner-blocks stk-block-content stk-content-align stk-72be1ea-column alignfull\">\n<div class=\"wp-block-stackable-column stk-block-column stk-column stk-block stk-c6936e6\" data-v=\"4\" data-block-id=\"c6936e6\"><style>.stk-c6936e6 {padding-right:405px !important;padding-left:405px !important;}@media screen and (max-width: 1023px){.stk-c6936e6 {padding-right:50px !important;padding-left:50px !important;}}@media screen and (max-width: 767px){.stk-c6936e6 {padding-right:20px !important;padding-left:20px !important;}}<\/style><div class=\"stk-column-wrapper stk-block-column__content stk-container stk-c6936e6-container stk--no-background stk--no-padding\"><div class=\"stk-block-content stk-inner-blocks stk-c6936e6-inner-blocks\">\n<div class=\"wp-block-stackable-columns stk-block-columns stk-block stk-087399a\" data-block-id=\"087399a\"><div class=\"stk-row stk-inner-blocks stk-block-content stk-content-align stk-087399a-column\">\n<div class=\"wp-block-stackable-column stk-block-column stk-column stk-block stk-5380653\" data-v=\"4\" data-block-id=\"5380653\"><div class=\"stk-column-wrapper stk-block-column__content stk-container stk-5380653-container stk--no-background stk--no-padding\"><div class=\"stk-block-content stk-inner-blocks stk-5380653-inner-blocks\">\n<div class=\"wp-block-stackable-heading stk-block-heading stk-block-heading--v2 stk-block stk-ce034bc\" id=\"prestamo-interno\" data-block-id=\"ce034bc\"><style>.stk-ce034bc .stk-block-heading__text{font-size:32px !important;font-weight:bold !important;letter-spacing:2px !important;}@media screen and (max-width: 1023px){.stk-ce034bc .stk-block-heading__text{font-size:32px !important;}}<\/style><h2 class=\"stk-block-heading__text\">Pr\u00eat interne<\/h2><\/div>\n<\/div><\/div><\/div>\n<\/div><\/div>\n<\/div><\/div><\/div>\n<\/div><\/div>\n\n\n\n<div class=\"wp-block-stackable-columns alignfull stk-block-columns stk-block stk-a768426\" data-block-id=\"a768426\"><style>.stk-a768426 {margin-bottom:56px !important;}<\/style><div class=\"stk-row stk-inner-blocks stk-block-content stk-content-align stk-a768426-column alignfull\">\n<div class=\"wp-block-stackable-column stk-block-column stk-column stk-block stk-7a93856\" data-v=\"4\" data-block-id=\"7a93856\"><style>.stk-7a93856 {padding-right:405px !important;padding-left:405px !important;}@media screen and (max-width: 1023px){.stk-7a93856 {padding-right:50px !important;padding-left:50px !important;}}@media screen and (max-width: 767px){.stk-7a93856 {padding-right:20px !important;padding-left:20px !important;}}<\/style><div class=\"stk-column-wrapper stk-block-column__content stk-container stk-7a93856-container stk--no-background stk--no-padding\"><div class=\"stk-block-content stk-inner-blocks stk-7a93856-inner-blocks\">\n<div class=\"wp-block-stackable-columns stk-block-columns stk-block stk-b69e630\" data-block-id=\"b69e630\"><div class=\"stk-row stk-inner-blocks stk-block-content stk-content-align stk-b69e630-column\">\n<div class=\"wp-block-stackable-column stk-block-column stk-column stk-block stk-abf0343\" data-v=\"4\" data-block-id=\"abf0343\"><div class=\"stk-column-wrapper stk-block-column__content stk-container stk-abf0343-container stk--no-background stk--no-padding\"><div class=\"stk-block-content stk-inner-blocks stk-abf0343-inner-blocks\">\n<div class=\"wp-block-stackable-image stk-block-image stk-block stk-217214a\" data-block-id=\"217214a\"><style>.stk-217214a .stk-img-wrapper img{border-radius:25px !important;}<\/style><figure><span class=\"stk-img-wrapper stk-image--shape-stretch\"><img loading=\"lazy\" decoding=\"async\" class=\"stk-img wp-image-87\" src=\"https:\/\/www.ull.es\/servicios\/archivo-universitario\/wp-content\/uploads\/sites\/24\/2026\/04\/Prestamo_intenso_movil.jpg\" width=\"660\" height=\"430\" srcset=\"https:\/\/www.ull.es\/servicios\/archivo-universitario\/wp-content\/uploads\/sites\/24\/2026\/04\/Prestamo_intenso_movil.jpg 660w, https:\/\/www.ull.es\/servicios\/archivo-universitario\/wp-content\/uploads\/sites\/24\/2026\/04\/Prestamo_intenso_movil-300x195.jpg 300w, https:\/\/www.ull.es\/servicios\/archivo-universitario\/wp-content\/uploads\/sites\/24\/2026\/04\/Prestamo_intenso_movil-18x12.jpg 18w, https:\/\/www.ull.es\/servicios\/archivo-universitario\/wp-content\/uploads\/sites\/24\/2026\/04\/Prestamo_intenso_movil-200x130.jpg 200w, https:\/\/www.ull.es\/servicios\/archivo-universitario\/wp-content\/uploads\/sites\/24\/2026\/04\/Prestamo_intenso_movil-375x244.jpg 375w\" sizes=\"auto, (max-width: 660px) 100vw, 660px\" \/><\/span><\/figure><\/div>\n<\/div><\/div><\/div>\n\n\n\n<div class=\"wp-block-stackable-column stk-block-column stk-column stk-block stk-203c4d0\" data-v=\"4\" data-block-id=\"203c4d0\"><div class=\"stk-column-wrapper stk-block-column__content stk-container stk-203c4d0-container stk--no-background stk--no-padding\"><div class=\"stk-block-content stk-inner-blocks stk-203c4d0-inner-blocks\">\n<p class=\"has-16-font-size\">Ce service a pour but de fournir ou d&#039;envoyer des documents num\u00e9ris\u00e9s qui ont \u00e9t\u00e9 pr\u00e9alablement transf\u00e9r\u00e9s des services et unit\u00e9s administratives aux archives universitaires.<\/p>\n\n\n\n<p>Pour ce faire, vous devez remplir le formulaire pr\u00e9vu \u00e0 cet effet, dans lequel les donn\u00e9es \u201c Date de transfert \u201d, \u201c Num\u00e9ro de bo\u00eete \u201d et \u201c Description du contenu \u201d sont obligatoires, donn\u00e9es qui figurent dans le document de transfert.<\/p>\n\n\n\n<p class=\"has-16-font-size\">Les b\u00e9n\u00e9ficiaires de ce service sont\u00a0:<\/p>\n\n\n\n<ul class=\"wp-block-list\">\n<li>PTGAS<\/li>\n<\/ul>\n\n\n\n<div class=\"wp-block-stackable-button-group stk-block-button-group stk-block stk-fdcdbfa\" data-block-id=\"fdcdbfa\"><div class=\"stk-row stk-inner-blocks stk-block-content stk-button-group\">\n<div class=\"wp-block-stackable-button stk-block-button stk-block stk-8d2e0b4\" data-block-id=\"8d2e0b4\"><style>.stk-8d2e0b4 .stk-button{background:#5c068c !important;border-top-left-radius:5px !important;border-top-right-radius:5px !important;border-bottom-right-radius:5px !important;border-bottom-left-radius:5px !important;}<\/style><a class=\"stk-link stk-button stk--hover-effect-darken\" href=\"https:\/\/sede.ull.es\/ecivilis-site\/catalog\/showProcedure\/518\" target=\"_blank\" rel=\"noopener\"><span class=\"stk--svg-wrapper\"><div class=\"stk--inner-svg\"><svg xmlns=\"http:\/\/www.w3.org\/2000\/svg\" viewbox=\"0 0 512 512\" aria-hidden=\"true\" width=\"32\" height=\"32\"><path d=\"M256 512A256 256 0 1 0 256 0a256 256 0 1 0 0 512zM216 336h24V272H216c-13.3 0-24-10.7-24-24s10.7-24 24-24h48c13.3 0 24 10.7 24 24v88h8c13.3 0 24 10.7 24 24s-10.7 24-24 24H216c-13.3 0-24-10.7-24-24s10.7-24 24-24zm40-208a32 32 0 1 1 0 64 32 32 0 1 1 0-64z\"\/><\/svg><\/div><\/span><span class=\"stk-button__inner-text\">demande de pr\u00eat interne<\/span><\/a><\/div>\n<\/div><\/div>\n<\/div><\/div><\/div>\n<\/div><\/div>\n<\/div><\/div><\/div>\n<\/div><\/div>","protected":false},"excerpt":{"rendered":"<p>Service de pr\u00eat interne des Archives universitaires Ce service permet de pr\u00eater ou d&#039;envoyer des copies num\u00e9ris\u00e9es de documents transf\u00e9r\u00e9s des Services et Unit\u00e9s administratives aux Archives universitaires. Pour ce faire, le formulaire pr\u00e9vu \u00e0 cet effet doit \u00eatre rempli, en indiquant les informations suivantes\u00a0: \u201c\u00a0Date du transfert\u00a0\u201d, \u201c\u00a0Num\u00e9ro de bo\u00eete\u00a0\u201d, et\u2026<\/p>","protected":false},"author":49,"featured_media":0,"parent":0,"menu_order":0,"comment_status":"closed","ping_status":"closed","template":"templates\/template-frontpage.php","meta":{"_acf_changed":false,"footnotes":""},"class_list":["post-115","page","type-page","status-publish","hentry"],"acf":[],"_links":{"self":[{"href":"https:\/\/www.ull.es\/servicios\/archivo-universitario\/fr\/wp-json\/wp\/v2\/pages\/115","targetHints":{"allow":["GET"]}}],"collection":[{"href":"https:\/\/www.ull.es\/servicios\/archivo-universitario\/fr\/wp-json\/wp\/v2\/pages"}],"about":[{"href":"https:\/\/www.ull.es\/servicios\/archivo-universitario\/fr\/wp-json\/wp\/v2\/types\/page"}],"author":[{"embeddable":true,"href":"https:\/\/www.ull.es\/servicios\/archivo-universitario\/fr\/wp-json\/wp\/v2\/users\/49"}],"replies":[{"embeddable":true,"href":"https:\/\/www.ull.es\/servicios\/archivo-universitario\/fr\/wp-json\/wp\/v2\/comments?post=115"}],"version-history":[{"count":8,"href":"https:\/\/www.ull.es\/servicios\/archivo-universitario\/fr\/wp-json\/wp\/v2\/pages\/115\/revisions"}],"predecessor-version":[{"id":172,"href":"https:\/\/www.ull.es\/servicios\/archivo-universitario\/fr\/wp-json\/wp\/v2\/pages\/115\/revisions\/172"}],"wp:attachment":[{"href":"https:\/\/www.ull.es\/servicios\/archivo-universitario\/fr\/wp-json\/wp\/v2\/media?parent=115"}],"curies":[{"name":"wp","href":"https:\/\/api.w.org\/{rel}","templated":true}]}}