{"id":118,"date":"2026-04-28T09:06:55","date_gmt":"2026-04-28T07:06:55","guid":{"rendered":"https:\/\/www.ull.es\/servicios\/archivo-universitario\/?page_id=118"},"modified":"2026-04-29T12:56:32","modified_gmt":"2026-04-29T10:56:32","slug":"prestamo-para-exposiciones","status":"publish","type":"page","link":"https:\/\/www.ull.es\/servicios\/archivo-universitario\/fr\/prestamo-para-exposiciones\/","title":{"rendered":"Pr\u00eat pour expositions"},"content":{"rendered":"<div class=\"wp-block-stackable-columns alignfull stk-block-columns stk--hide-mobile stk-block stk-0af3d61\" data-block-id=\"0af3d61\"><style>.stk-0af3d61 {margin-top:-50px !important;margin-bottom:80px !important;}<\/style><div class=\"stk-row stk-inner-blocks stk-block-content stk-content-align stk-0af3d61-column alignfull\">\n<div class=\"wp-block-stackable-column stk-block-column stk-column stk-block stk-14afd3b\" data-v=\"4\" data-block-id=\"14afd3b\"><div class=\"stk-column-wrapper stk-block-column__content stk-container stk-14afd3b-container stk--no-background stk--no-padding\"><div class=\"stk-block-content stk-inner-blocks stk-14afd3b-inner-blocks\">\n<div class=\"wp-block-stackable-image alignfull stk-block-image stk-block stk-6a37533\" data-block-id=\"6a37533\"><style>.stk-6a37533 {margin-bottom:0px !important;}.stk-6a37533 .stk-img-wrapper{width:100% !important;}.stk-6a37533 .stk-img-wrapper img{object-position:52% 100% !important;}<\/style><figure><span class=\"stk-img-wrapper stk-image--shape-stretch\"><img loading=\"lazy\" decoding=\"async\" class=\"stk-img wp-image-96\" src=\"https:\/\/www.ull.es\/servicios\/archivo-universitario\/wp-content\/uploads\/sites\/24\/2026\/04\/Archivo_Univ_Header-1.png\" width=\"1600\" height=\"500\" srcset=\"https:\/\/www.ull.es\/servicios\/archivo-universitario\/wp-content\/uploads\/sites\/24\/2026\/04\/Archivo_Univ_Header-1.png 1600w, https:\/\/www.ull.es\/servicios\/archivo-universitario\/wp-content\/uploads\/sites\/24\/2026\/04\/Archivo_Univ_Header-1-300x94.png 300w, https:\/\/www.ull.es\/servicios\/archivo-universitario\/wp-content\/uploads\/sites\/24\/2026\/04\/Archivo_Univ_Header-1-1024x320.png 1024w, https:\/\/www.ull.es\/servicios\/archivo-universitario\/wp-content\/uploads\/sites\/24\/2026\/04\/Archivo_Univ_Header-1-768x240.png 768w, https:\/\/www.ull.es\/servicios\/archivo-universitario\/wp-content\/uploads\/sites\/24\/2026\/04\/Archivo_Univ_Header-1-1536x480.png 1536w, https:\/\/www.ull.es\/servicios\/archivo-universitario\/wp-content\/uploads\/sites\/24\/2026\/04\/Archivo_Univ_Header-1-18x6.png 18w, https:\/\/www.ull.es\/servicios\/archivo-universitario\/wp-content\/uploads\/sites\/24\/2026\/04\/Archivo_Univ_Header-1-200x63.png 200w, https:\/\/www.ull.es\/servicios\/archivo-universitario\/wp-content\/uploads\/sites\/24\/2026\/04\/Archivo_Univ_Header-1-375x117.png 375w, https:\/\/www.ull.es\/servicios\/archivo-universitario\/wp-content\/uploads\/sites\/24\/2026\/04\/Archivo_Univ_Header-1-750x234.png 750w, https:\/\/www.ull.es\/servicios\/archivo-universitario\/wp-content\/uploads\/sites\/24\/2026\/04\/Archivo_Univ_Header-1-1140x356.png 1140w\" sizes=\"auto, (max-width: 1600px) 100vw, 1600px\" \/><\/span><\/figure><\/div>\n\n\n\n<div class=\"wp-block-stackable-heading stk-block-heading stk-block-heading--v2 stk-block stk-46462b8\" id=\"archivo-br-universitario\" data-block-id=\"46462b8\"><style>.stk-46462b8 {box-shadow:0px 0px 0px 0px #000000 !important;margin-top:-12% !important;margin-bottom:3% !important;margin-left:18% !important;}.stk-46462b8 .stk-block-heading__text{font-size:56px !important;color:#fffffe !important;font-weight:bold !important;font-family:\"Argentum Sans\", Sans-serif !important;letter-spacing:4px !important;}@media screen and (max-width: 1023px){.stk-46462b8 {margin-top:-13% !important;}.stk-46462b8 .stk-block-heading__text{font-size:50px !important;}}<\/style><h2 class=\"stk-block-heading__text has-text-color\">Archive<br>Universit\u00e9<\/h2><\/div>\n<\/div><\/div><\/div>\n<\/div><\/div>\n\n\n\n<div class=\"wp-block-stackable-columns alignfull stk-block-columns stk--hide-desktop stk--hide-tablet stk-block stk-a316a3e\" data-block-id=\"a316a3e\"><style>.stk-a316a3e {margin-bottom:80px !important;}<\/style><div class=\"stk-row stk-inner-blocks stk-block-content stk-content-align stk-a316a3e-column alignfull\">\n<div class=\"wp-block-stackable-column stk-block-column stk-column stk-block stk-ca1bdc8\" data-v=\"4\" data-block-id=\"ca1bdc8\"><div class=\"stk-column-wrapper stk-block-column__content stk-container stk-ca1bdc8-container stk--no-background stk--no-padding\"><div class=\"stk-block-content stk-inner-blocks stk-ca1bdc8-inner-blocks\">\n<div class=\"wp-block-stackable-image alignfull stk-block-image stk-block stk-323a8ac\" data-block-id=\"323a8ac\"><style>.stk-323a8ac {margin-bottom:0px !important;}.stk-323a8ac .stk-img-wrapper{width:100% !important;--stk-gradient-overlay:0.3 !important;}.stk-323a8ac .stk-img-wrapper::after{background-image:linear-gradient(360deg,rgb(255,255,255) 0%,rgb(0,0,0) 100%) !important;}<\/style><figure><span class=\"stk-img-wrapper stk-image--shape-stretch\"><img loading=\"lazy\" decoding=\"async\" class=\"stk-img wp-image-97\" src=\"https:\/\/www.ull.es\/servicios\/archivo-universitario\/wp-content\/uploads\/sites\/24\/2026\/04\/da7acdf30455dfc1479f53d6fce1a282e9c3fff7-1.jpg\" width=\"1600\" height=\"1066\" srcset=\"https:\/\/www.ull.es\/servicios\/archivo-universitario\/wp-content\/uploads\/sites\/24\/2026\/04\/da7acdf30455dfc1479f53d6fce1a282e9c3fff7-1.jpg 1600w, https:\/\/www.ull.es\/servicios\/archivo-universitario\/wp-content\/uploads\/sites\/24\/2026\/04\/da7acdf30455dfc1479f53d6fce1a282e9c3fff7-1-300x200.jpg 300w, https:\/\/www.ull.es\/servicios\/archivo-universitario\/wp-content\/uploads\/sites\/24\/2026\/04\/da7acdf30455dfc1479f53d6fce1a282e9c3fff7-1-1024x682.jpg 1024w, https:\/\/www.ull.es\/servicios\/archivo-universitario\/wp-content\/uploads\/sites\/24\/2026\/04\/da7acdf30455dfc1479f53d6fce1a282e9c3fff7-1-768x512.jpg 768w, https:\/\/www.ull.es\/servicios\/archivo-universitario\/wp-content\/uploads\/sites\/24\/2026\/04\/da7acdf30455dfc1479f53d6fce1a282e9c3fff7-1-1536x1023.jpg 1536w, https:\/\/www.ull.es\/servicios\/archivo-universitario\/wp-content\/uploads\/sites\/24\/2026\/04\/da7acdf30455dfc1479f53d6fce1a282e9c3fff7-1-18x12.jpg 18w, https:\/\/www.ull.es\/servicios\/archivo-universitario\/wp-content\/uploads\/sites\/24\/2026\/04\/da7acdf30455dfc1479f53d6fce1a282e9c3fff7-1-200x133.jpg 200w, https:\/\/www.ull.es\/servicios\/archivo-universitario\/wp-content\/uploads\/sites\/24\/2026\/04\/da7acdf30455dfc1479f53d6fce1a282e9c3fff7-1-375x250.jpg 375w, https:\/\/www.ull.es\/servicios\/archivo-universitario\/wp-content\/uploads\/sites\/24\/2026\/04\/da7acdf30455dfc1479f53d6fce1a282e9c3fff7-1-750x500.jpg 750w, https:\/\/www.ull.es\/servicios\/archivo-universitario\/wp-content\/uploads\/sites\/24\/2026\/04\/da7acdf30455dfc1479f53d6fce1a282e9c3fff7-1-1140x760.jpg 1140w\" sizes=\"auto, (max-width: 1600px) 100vw, 1600px\" \/><\/span><\/figure><\/div>\n\n\n\n<div class=\"wp-block-stackable-heading stk-block-heading stk-block-heading--v2 stk-block stk-59b3d61\" id=\"archivo-universitario\" data-block-id=\"59b3d61\"><style>.stk-59b3d61 {box-shadow:0px 0px 0px 0px #000000 !important;margin-top:-30% !important;margin-left:10% !important;}.stk-59b3d61 .stk-block-heading__text{font-size:24px !important;color:#fffffe !important;font-weight:bold !important;font-family:\"Argentum Sans\", Sans-serif !important;letter-spacing:4px !important;}@media screen and (max-width: 1023px){.stk-59b3d61 .stk-block-heading__text{font-size:24px !important;}}<\/style><h2 class=\"stk-block-heading__text has-text-color\">Archives universitaires<\/h2><\/div>\n<\/div><\/div><\/div>\n<\/div><\/div>\n\n\n\n<div class=\"wp-block-stackable-columns alignfull stk-block-columns stk-block stk-72be1ea\" data-block-id=\"72be1ea\"><style>.stk-72be1ea {margin-bottom:56px !important;}<\/style><div class=\"stk-row stk-inner-blocks stk-block-content stk-content-align stk-72be1ea-column alignfull\">\n<div class=\"wp-block-stackable-column stk-block-column stk-column stk-block stk-c6936e6\" data-v=\"4\" data-block-id=\"c6936e6\"><style>.stk-c6936e6 {padding-right:405px !important;padding-left:405px !important;}@media screen and (max-width: 1023px){.stk-c6936e6 {padding-right:50px !important;padding-left:50px !important;}}@media screen and (max-width: 767px){.stk-c6936e6 {padding-right:20px !important;padding-left:20px !important;}}<\/style><div class=\"stk-column-wrapper stk-block-column__content stk-container stk-c6936e6-container stk--no-background stk--no-padding\"><div class=\"stk-block-content stk-inner-blocks stk-c6936e6-inner-blocks\">\n<div class=\"wp-block-stackable-columns stk-block-columns stk-block stk-087399a\" data-block-id=\"087399a\"><div class=\"stk-row stk-inner-blocks stk-block-content stk-content-align stk-087399a-column\">\n<div class=\"wp-block-stackable-column stk-block-column stk-column stk-block stk-5380653\" data-v=\"4\" data-block-id=\"5380653\"><div class=\"stk-column-wrapper stk-block-column__content stk-container stk-5380653-container stk--no-background stk--no-padding\"><div class=\"stk-block-content stk-inner-blocks stk-5380653-inner-blocks\">\n<div class=\"wp-block-stackable-heading stk-block-heading stk-block-heading--v2 stk-block stk-ce034bc\" id=\"prestamo-para-exposiciones\" data-block-id=\"ce034bc\"><style>.stk-ce034bc .stk-block-heading__text{font-size:32px !important;font-weight:bold !important;letter-spacing:2px !important;}@media screen and (max-width: 1023px){.stk-ce034bc .stk-block-heading__text{font-size:32px !important;}}<\/style><h2 class=\"stk-block-heading__text\">Pr\u00eat pour expositions<\/h2><\/div>\n<\/div><\/div><\/div>\n<\/div><\/div>\n<\/div><\/div><\/div>\n<\/div><\/div>\n\n\n\n<div class=\"wp-block-stackable-columns alignfull stk-block-columns stk-block stk-a768426\" data-block-id=\"a768426\"><style>.stk-a768426 {margin-bottom:56px !important;}<\/style><div class=\"stk-row stk-inner-blocks stk-block-content stk-content-align stk-a768426-column alignfull\">\n<div class=\"wp-block-stackable-column stk-block-column stk-column stk-block stk-7a93856\" data-v=\"4\" data-block-id=\"7a93856\"><style>.stk-7a93856 {padding-right:405px !important;padding-left:405px !important;}@media screen and (max-width: 1023px){.stk-7a93856 {padding-right:50px !important;padding-left:50px !important;}}@media screen and (max-width: 767px){.stk-7a93856 {padding-right:20px !important;padding-left:20px !important;}}<\/style><div class=\"stk-column-wrapper stk-block-column__content stk-container stk-7a93856-container stk--no-background stk--no-padding\"><div class=\"stk-block-content stk-inner-blocks stk-7a93856-inner-blocks\">\n<div class=\"wp-block-stackable-columns stk-block-columns stk-block stk-b69e630\" data-block-id=\"b69e630\"><div class=\"stk-row stk-inner-blocks stk-block-content stk-content-align stk-b69e630-column\">\n<div class=\"wp-block-stackable-column stk-block-column stk-column stk-block stk-abf0343\" data-v=\"4\" data-block-id=\"abf0343\"><div class=\"stk-column-wrapper stk-block-column__content stk-container stk-abf0343-container stk--no-background stk--no-padding\"><div class=\"stk-block-content stk-inner-blocks stk-abf0343-inner-blocks\">\n<div class=\"wp-block-stackable-image stk-block-image stk-block stk-217214a\" data-block-id=\"217214a\"><style>.stk-217214a .stk-img-wrapper img{border-radius:25px !important;}<\/style><figure><span class=\"stk-img-wrapper stk-image--shape-stretch\"><img loading=\"lazy\" decoding=\"async\" class=\"stk-img wp-image-160\" src=\"https:\/\/www.ull.es\/servicios\/archivo-universitario\/wp-content\/uploads\/sites\/24\/2026\/04\/FOTO-2.jpg\" width=\"1600\" height=\"1066\" srcset=\"https:\/\/www.ull.es\/servicios\/archivo-universitario\/wp-content\/uploads\/sites\/24\/2026\/04\/FOTO-2.jpg 1600w, https:\/\/www.ull.es\/servicios\/archivo-universitario\/wp-content\/uploads\/sites\/24\/2026\/04\/FOTO-2-300x200.jpg 300w, https:\/\/www.ull.es\/servicios\/archivo-universitario\/wp-content\/uploads\/sites\/24\/2026\/04\/FOTO-2-1024x682.jpg 1024w, https:\/\/www.ull.es\/servicios\/archivo-universitario\/wp-content\/uploads\/sites\/24\/2026\/04\/FOTO-2-768x512.jpg 768w, https:\/\/www.ull.es\/servicios\/archivo-universitario\/wp-content\/uploads\/sites\/24\/2026\/04\/FOTO-2-1536x1023.jpg 1536w, https:\/\/www.ull.es\/servicios\/archivo-universitario\/wp-content\/uploads\/sites\/24\/2026\/04\/FOTO-2-18x12.jpg 18w, https:\/\/www.ull.es\/servicios\/archivo-universitario\/wp-content\/uploads\/sites\/24\/2026\/04\/FOTO-2-200x133.jpg 200w, https:\/\/www.ull.es\/servicios\/archivo-universitario\/wp-content\/uploads\/sites\/24\/2026\/04\/FOTO-2-375x250.jpg 375w, https:\/\/www.ull.es\/servicios\/archivo-universitario\/wp-content\/uploads\/sites\/24\/2026\/04\/FOTO-2-750x500.jpg 750w, https:\/\/www.ull.es\/servicios\/archivo-universitario\/wp-content\/uploads\/sites\/24\/2026\/04\/FOTO-2-1140x760.jpg 1140w\" sizes=\"auto, (max-width: 1600px) 100vw, 1600px\" \/><\/span><\/figure><\/div>\n<\/div><\/div><\/div>\n\n\n\n<div class=\"wp-block-stackable-column stk-block-column stk-column stk-block stk-203c4d0\" data-v=\"4\" data-block-id=\"203c4d0\"><div class=\"stk-column-wrapper stk-block-column__content stk-container stk-203c4d0-container stk--no-background stk--no-padding\"><div class=\"stk-block-content stk-inner-blocks stk-203c4d0-inner-blocks\">\n<p class=\"has-16-font-size\">Nous collaborerons avec les services universitaires et les institutions qui demandent des documents historiques pour des expositions, des publications, etc., \u00e0 condition que la r\u00e9glementation en vigueur soit respect\u00e9e et que la s\u00e9curit\u00e9 des documents le permette.<\/p>\n\n\n\n<div class=\"wp-block-stackable-button-group stk-block-button-group stk-block stk-fdcdbfa\" data-block-id=\"fdcdbfa\"><div class=\"stk-row stk-inner-blocks stk-block-content stk-button-group\">\n<div class=\"wp-block-stackable-button stk-block-button stk-block stk-8d2e0b4\" data-block-id=\"8d2e0b4\"><style>.stk-8d2e0b4 .stk-button{background:#5c068c !important;border-top-left-radius:5px !important;border-top-right-radius:5px !important;border-bottom-right-radius:5px !important;border-bottom-left-radius:5px !important;}<\/style><a class=\"stk-link stk-button stk--hover-effect-darken\" href=\"https:\/\/sede.ull.es\/ecivilis-site\/catalog\/showProcedure\/517\" target=\"_blank\" rel=\"noopener\"><span class=\"stk--svg-wrapper\"><div class=\"stk--inner-svg\"><svg xmlns=\"http:\/\/www.w3.org\/2000\/svg\" viewbox=\"0 0 512 512\" aria-hidden=\"true\" width=\"32\" height=\"32\"><path d=\"M256 512A256 256 0 1 0 256 0a256 256 0 1 0 0 512zM216 336h24V272H216c-13.3 0-24-10.7-24-24s10.7-24 24-24h48c13.3 0 24 10.7 24 24v88h8c13.3 0 24 10.7 24 24s-10.7 24-24 24H216c-13.3 0-24-10.7-24-24s10.7-24 24-24zm40-208a32 32 0 1 1 0 64 32 32 0 1 1 0-64z\"\/><\/svg><\/div><\/span><span class=\"stk-button__inner-text\">Demande de pr\u00eat pour des expositions<\/span><\/a><\/div>\n<\/div><\/div>\n<\/div><\/div><\/div>\n<\/div><\/div>\n<\/div><\/div><\/div>\n<\/div><\/div>","protected":false},"excerpt":{"rendered":"<p>Archives universitaires - Pr\u00eat de documents pour expositions Nous collaborons avec les services et institutions universitaires qui sollicitent des documents historiques pour des expositions, publications, etc., sous r\u00e9serve du respect de la r\u00e9glementation en vigueur et de l&#039;\u00e9tat de conservation des documents. Demande de pr\u00eat pour expositions<\/p>","protected":false},"author":49,"featured_media":0,"parent":0,"menu_order":0,"comment_status":"closed","ping_status":"closed","template":"templates\/template-frontpage.php","meta":{"_acf_changed":false,"footnotes":""},"class_list":["post-118","page","type-page","status-publish","hentry"],"acf":[],"_links":{"self":[{"href":"https:\/\/www.ull.es\/servicios\/archivo-universitario\/fr\/wp-json\/wp\/v2\/pages\/118","targetHints":{"allow":["GET"]}}],"collection":[{"href":"https:\/\/www.ull.es\/servicios\/archivo-universitario\/fr\/wp-json\/wp\/v2\/pages"}],"about":[{"href":"https:\/\/www.ull.es\/servicios\/archivo-universitario\/fr\/wp-json\/wp\/v2\/types\/page"}],"author":[{"embeddable":true,"href":"https:\/\/www.ull.es\/servicios\/archivo-universitario\/fr\/wp-json\/wp\/v2\/users\/49"}],"replies":[{"embeddable":true,"href":"https:\/\/www.ull.es\/servicios\/archivo-universitario\/fr\/wp-json\/wp\/v2\/comments?post=118"}],"version-history":[{"count":7,"href":"https:\/\/www.ull.es\/servicios\/archivo-universitario\/fr\/wp-json\/wp\/v2\/pages\/118\/revisions"}],"predecessor-version":[{"id":173,"href":"https:\/\/www.ull.es\/servicios\/archivo-universitario\/fr\/wp-json\/wp\/v2\/pages\/118\/revisions\/173"}],"wp:attachment":[{"href":"https:\/\/www.ull.es\/servicios\/archivo-universitario\/fr\/wp-json\/wp\/v2\/media?parent=118"}],"curies":[{"name":"wp","href":"https:\/\/api.w.org\/{rel}","templated":true}]}}