{"id":15,"date":"2019-06-20T13:15:25","date_gmt":"2019-06-20T11:15:25","guid":{"rendered":"https:\/\/www.ull.es\/servicios\/negociado-pruebas-acceso\/?page_id=2"},"modified":"2026-04-28T08:55:57","modified_gmt":"2026-04-28T06:55:57","slug":"servicios","status":"publish","type":"page","link":"https:\/\/www.ull.es\/servicios\/archivo-universitario\/servicios\/","title":{"rendered":"Servicios"},"content":{"rendered":"\n<div class=\"wp-block-stackable-columns alignfull stk-block-columns stk--hide-mobile stk-block stk-0af3d61\" data-block-id=\"0af3d61\"><style>.stk-0af3d61 {margin-top:-50px !important;margin-bottom:80px !important;}<\/style><div class=\"stk-row stk-inner-blocks stk-block-content stk-content-align stk-0af3d61-column alignfull\">\n<div class=\"wp-block-stackable-column stk-block-column stk-column stk-block stk-14afd3b\" data-v=\"4\" data-block-id=\"14afd3b\"><div class=\"stk-column-wrapper stk-block-column__content stk-container stk-14afd3b-container stk--no-background stk--no-padding\"><div class=\"stk-block-content stk-inner-blocks stk-14afd3b-inner-blocks\">\n<div class=\"wp-block-stackable-image alignfull stk-block-image stk-block stk-6a37533\" data-block-id=\"6a37533\"><style>.stk-6a37533 {margin-bottom:0px !important;}.stk-6a37533 .stk-img-wrapper{width:100% !important;}.stk-6a37533 .stk-img-wrapper img{object-position:52% 100% !important;}<\/style><figure><span class=\"stk-img-wrapper stk-image--shape-stretch\"><img loading=\"lazy\" decoding=\"async\" class=\"stk-img wp-image-96\" src=\"https:\/\/www.ull.es\/servicios\/archivo-universitario\/wp-content\/uploads\/sites\/24\/2026\/04\/Archivo_Univ_Header-1.png\" width=\"1600\" height=\"500\" srcset=\"https:\/\/www.ull.es\/servicios\/archivo-universitario\/wp-content\/uploads\/sites\/24\/2026\/04\/Archivo_Univ_Header-1.png 1600w, https:\/\/www.ull.es\/servicios\/archivo-universitario\/wp-content\/uploads\/sites\/24\/2026\/04\/Archivo_Univ_Header-1-300x94.png 300w, https:\/\/www.ull.es\/servicios\/archivo-universitario\/wp-content\/uploads\/sites\/24\/2026\/04\/Archivo_Univ_Header-1-1024x320.png 1024w, https:\/\/www.ull.es\/servicios\/archivo-universitario\/wp-content\/uploads\/sites\/24\/2026\/04\/Archivo_Univ_Header-1-768x240.png 768w, https:\/\/www.ull.es\/servicios\/archivo-universitario\/wp-content\/uploads\/sites\/24\/2026\/04\/Archivo_Univ_Header-1-1536x480.png 1536w, https:\/\/www.ull.es\/servicios\/archivo-universitario\/wp-content\/uploads\/sites\/24\/2026\/04\/Archivo_Univ_Header-1-18x6.png 18w, https:\/\/www.ull.es\/servicios\/archivo-universitario\/wp-content\/uploads\/sites\/24\/2026\/04\/Archivo_Univ_Header-1-200x63.png 200w, https:\/\/www.ull.es\/servicios\/archivo-universitario\/wp-content\/uploads\/sites\/24\/2026\/04\/Archivo_Univ_Header-1-375x117.png 375w, https:\/\/www.ull.es\/servicios\/archivo-universitario\/wp-content\/uploads\/sites\/24\/2026\/04\/Archivo_Univ_Header-1-750x234.png 750w, https:\/\/www.ull.es\/servicios\/archivo-universitario\/wp-content\/uploads\/sites\/24\/2026\/04\/Archivo_Univ_Header-1-1140x356.png 1140w\" sizes=\"auto, (max-width: 1600px) 100vw, 1600px\" \/><\/span><\/figure><\/div>\n\n\n\n<div class=\"wp-block-stackable-heading stk-block-heading stk-block-heading--v2 stk-block stk-46462b8\" id=\"archivo-br-universitario\" data-block-id=\"46462b8\"><style>.stk-46462b8 {box-shadow:0px 0px 0px 0px #000000 !important;margin-top:-12% !important;margin-bottom:3% !important;margin-left:18% !important;}.stk-46462b8 .stk-block-heading__text{font-size:56px !important;color:#fffffe !important;font-weight:bold !important;font-family:\"Argentum Sans\", Sans-serif !important;letter-spacing:4px !important;}@media screen and (max-width: 1023px){.stk-46462b8 {margin-top:-13% !important;}.stk-46462b8 .stk-block-heading__text{font-size:50px !important;}}<\/style><h2 class=\"stk-block-heading__text has-text-color\">Archivo<br>Universitario<\/h2><\/div>\n<\/div><\/div><\/div>\n<\/div><\/div>\n\n\n\n<div class=\"wp-block-stackable-columns alignfull stk-block-columns stk--hide-desktop stk--hide-tablet stk-block stk-a316a3e\" data-block-id=\"a316a3e\"><style>.stk-a316a3e {margin-bottom:80px !important;}<\/style><div class=\"stk-row stk-inner-blocks stk-block-content stk-content-align stk-a316a3e-column alignfull\">\n<div class=\"wp-block-stackable-column stk-block-column stk-column stk-block stk-ca1bdc8\" data-v=\"4\" data-block-id=\"ca1bdc8\"><div class=\"stk-column-wrapper stk-block-column__content stk-container stk-ca1bdc8-container stk--no-background stk--no-padding\"><div class=\"stk-block-content stk-inner-blocks stk-ca1bdc8-inner-blocks\">\n<div class=\"wp-block-stackable-image alignfull stk-block-image stk-block stk-323a8ac\" data-block-id=\"323a8ac\"><style>.stk-323a8ac {margin-bottom:0px !important;}.stk-323a8ac .stk-img-wrapper{width:100% !important;--stk-gradient-overlay:0.3 !important;}.stk-323a8ac .stk-img-wrapper::after{background-image:linear-gradient(360deg,rgb(255,255,255) 0%,rgb(0,0,0) 100%) !important;}<\/style><figure><span class=\"stk-img-wrapper stk-image--shape-stretch\"><img loading=\"lazy\" decoding=\"async\" class=\"stk-img wp-image-97\" src=\"https:\/\/www.ull.es\/servicios\/archivo-universitario\/wp-content\/uploads\/sites\/24\/2026\/04\/da7acdf30455dfc1479f53d6fce1a282e9c3fff7-1.jpg\" width=\"1600\" height=\"1066\" srcset=\"https:\/\/www.ull.es\/servicios\/archivo-universitario\/wp-content\/uploads\/sites\/24\/2026\/04\/da7acdf30455dfc1479f53d6fce1a282e9c3fff7-1.jpg 1600w, https:\/\/www.ull.es\/servicios\/archivo-universitario\/wp-content\/uploads\/sites\/24\/2026\/04\/da7acdf30455dfc1479f53d6fce1a282e9c3fff7-1-300x200.jpg 300w, https:\/\/www.ull.es\/servicios\/archivo-universitario\/wp-content\/uploads\/sites\/24\/2026\/04\/da7acdf30455dfc1479f53d6fce1a282e9c3fff7-1-1024x682.jpg 1024w, https:\/\/www.ull.es\/servicios\/archivo-universitario\/wp-content\/uploads\/sites\/24\/2026\/04\/da7acdf30455dfc1479f53d6fce1a282e9c3fff7-1-768x512.jpg 768w, https:\/\/www.ull.es\/servicios\/archivo-universitario\/wp-content\/uploads\/sites\/24\/2026\/04\/da7acdf30455dfc1479f53d6fce1a282e9c3fff7-1-1536x1023.jpg 1536w, https:\/\/www.ull.es\/servicios\/archivo-universitario\/wp-content\/uploads\/sites\/24\/2026\/04\/da7acdf30455dfc1479f53d6fce1a282e9c3fff7-1-18x12.jpg 18w, https:\/\/www.ull.es\/servicios\/archivo-universitario\/wp-content\/uploads\/sites\/24\/2026\/04\/da7acdf30455dfc1479f53d6fce1a282e9c3fff7-1-200x133.jpg 200w, https:\/\/www.ull.es\/servicios\/archivo-universitario\/wp-content\/uploads\/sites\/24\/2026\/04\/da7acdf30455dfc1479f53d6fce1a282e9c3fff7-1-375x250.jpg 375w, https:\/\/www.ull.es\/servicios\/archivo-universitario\/wp-content\/uploads\/sites\/24\/2026\/04\/da7acdf30455dfc1479f53d6fce1a282e9c3fff7-1-750x500.jpg 750w, https:\/\/www.ull.es\/servicios\/archivo-universitario\/wp-content\/uploads\/sites\/24\/2026\/04\/da7acdf30455dfc1479f53d6fce1a282e9c3fff7-1-1140x760.jpg 1140w\" sizes=\"auto, (max-width: 1600px) 100vw, 1600px\" \/><\/span><\/figure><\/div>\n\n\n\n<div class=\"wp-block-stackable-heading stk-block-heading stk-block-heading--v2 stk-block stk-59b3d61\" id=\"archivo-universitario\" data-block-id=\"59b3d61\"><style>.stk-59b3d61 {box-shadow:0px 0px 0px 0px #000000 !important;margin-top:-30% !important;margin-left:10% !important;}.stk-59b3d61 .stk-block-heading__text{font-size:24px !important;color:#fffffe !important;font-weight:bold !important;font-family:\"Argentum Sans\", Sans-serif !important;letter-spacing:4px !important;}@media screen and (max-width: 1023px){.stk-59b3d61 .stk-block-heading__text{font-size:24px !important;}}<\/style><h2 class=\"stk-block-heading__text has-text-color\">Archivo universitario<\/h2><\/div>\n<\/div><\/div><\/div>\n<\/div><\/div>\n\n\n\n<div class=\"wp-block-stackable-columns alignfull stk-block-columns stk-block stk-019f113\" data-block-id=\"019f113\"><style>.stk-019f113 .stk--block-align-019f113{align-items:stretch !important;}.stk-019f113-column{--stk-column-gap:95px !important;}<\/style><div class=\"stk-row stk-inner-blocks stk--block-align-019f113 stk-block-content stk-content-align stk-019f113-column alignfull\">\n<div class=\"wp-block-stackable-column stk-block-column stk-column stk-block stk-f687265\" data-v=\"4\" data-block-id=\"f687265\"><style>.stk-f687265 {padding-right:400px !important;padding-left:400px !important;margin-bottom:var(--stk--preset--spacing--none, 0px) !important;}@media screen and (max-width: 1023px){.stk-f687265 {padding-right:50px !important;padding-left:50px !important;}}@media screen and (max-width: 767px){.stk-f687265-inner-blocks{align-items:center !important;}.stk-f687265 {padding-right:20px !important;padding-left:20px !important;}}<\/style><div class=\"stk-column-wrapper stk-block-column__content stk-container stk-f687265-container stk--no-background stk--no-padding\"><div class=\"stk-block-content stk-inner-blocks stk-f687265-inner-blocks\">\n<div class=\"wp-block-stackable-heading stk-block-heading stk-block-heading--v2 stk-block stk-2a764d9\" id=\"servicios-que-ofrece-al-usuario\" data-block-id=\"2a764d9\"><style>.stk-2a764d9 {margin-bottom:12px !important;}.stk-2a764d9 .stk-block-heading__text{font-size:26px !important;color:#5c068c !important;font-weight:700 !important;}@media screen and (max-width: 1023px){.stk-2a764d9 .stk-block-heading__text{font-size:26px !important;}}<\/style><h2 class=\"stk-block-heading__text has-text-color\">Servicios que ofrece al usuario<\/h2><\/div>\n\n\n\n<ul class=\"wp-block-list\">\n<li>Atenci\u00f3n a las sugerencias y reclamaciones. Se podr\u00e1n realizar presencialmente, en las instalaciones del archivo, por correo electr\u00f3nico, tel\u00e9fono, o a trav\u00e9s de los impresos para tal efecto que se tienen en el archivo.<\/li>\n\n\n\n<li>Expurgo y eliminaci\u00f3n certificada de documentos. Se realizar\u00e1 con la documentaci\u00f3n que, una vez identificada y valorada, se determine que no tiene valor hist\u00f3rico.<\/li>\n\n\n\n<li>Transferencia de documentaci\u00f3n. Se refiere al env\u00edo, de manera normalizada, de la documentaci\u00f3n administrativa desde las oficinas de la Universidad, una vez finalizado el tr\u00e1mite administrativo y cumplidos los plazos de permanencia en el archivo de oficina. Y, una vez en el archivo se organizar\u00e1, identificar\u00e1 y, la que se determine de conservaci\u00f3n permanente, pasar\u00e1 a tener consideraci\u00f3n de hist\u00f3rica, seg\u00fan indica la legislaci\u00f3n vigente.<\/li>\n\n\n\n<li>Pr\u00e9stamo interno a las oficinas de la ULL. Se gestiona el pr\u00e9stamo de documentos administrativos transferidos desde las diferentes unidades administrativas de la Universidad. Por norma general s\u00f3lo se suministrar\u00e1 la documentaci\u00f3n a la unidad que, previamente, la haya transferido.<\/li>\n\n\n\n<li>Pr\u00e9stamo para exposiciones. Se colaborar\u00e1 con los Servicios de la Universidad, y las Instituciones que le demanden documentos hist\u00f3ricos para exposiciones, publicaciones, etc. Siempre que se respete la normativa vigente y la seguridad de la documentaci\u00f3n lo permita.<\/li>\n\n\n\n<li>Reprograf\u00eda de documentos. Se podr\u00e1 facilitar copia, en papel o digital, de la documentaci\u00f3n hist\u00f3rica que pueda ser consultada, y seg\u00fan lo se\u00f1ale la reglamentaci\u00f3n interna.<\/li>\n\n\n\n<li>Consulta. El archivo dispone de sala de consulta en la que el usuario\/a podr\u00e1 consultar, seg\u00fan la normativa vigente, los fondos hist\u00f3ricos de la Universidad de La Laguna que ya se encuentren identificados e inventariados y que no est\u00e9n sujetos a protecci\u00f3n de datos, o no hayan transcurrido los plazos legales para el acceso.<\/li>\n<\/ul>\n<\/div><\/div><\/div>\n<\/div><\/div>\n","protected":false},"excerpt":{"rendered":"<p>ArchivoUniversitario Archivo universitario Servicios que ofrece al usuario<\/p>\n","protected":false},"author":49,"featured_media":0,"parent":0,"menu_order":0,"comment_status":"closed","ping_status":"open","template":"templates\/template-frontpage.php","meta":{"_acf_changed":false,"footnotes":""},"class_list":["post-15","page","type-page","status-publish","hentry"],"acf":[],"_links":{"self":[{"href":"https:\/\/www.ull.es\/servicios\/archivo-universitario\/wp-json\/wp\/v2\/pages\/15","targetHints":{"allow":["GET"]}}],"collection":[{"href":"https:\/\/www.ull.es\/servicios\/archivo-universitario\/wp-json\/wp\/v2\/pages"}],"about":[{"href":"https:\/\/www.ull.es\/servicios\/archivo-universitario\/wp-json\/wp\/v2\/types\/page"}],"author":[{"embeddable":true,"href":"https:\/\/www.ull.es\/servicios\/archivo-universitario\/wp-json\/wp\/v2\/users\/49"}],"replies":[{"embeddable":true,"href":"https:\/\/www.ull.es\/servicios\/archivo-universitario\/wp-json\/wp\/v2\/comments?post=15"}],"version-history":[{"count":9,"href":"https:\/\/www.ull.es\/servicios\/archivo-universitario\/wp-json\/wp\/v2\/pages\/15\/revisions"}],"predecessor-version":[{"id":101,"href":"https:\/\/www.ull.es\/servicios\/archivo-universitario\/wp-json\/wp\/v2\/pages\/15\/revisions\/101"}],"wp:attachment":[{"href":"https:\/\/www.ull.es\/servicios\/archivo-universitario\/wp-json\/wp\/v2\/media?parent=15"}],"curies":[{"name":"wp","href":"https:\/\/api.w.org\/{rel}","templated":true}]}}