{"id":16,"date":"2019-06-20T13:17:21","date_gmt":"2019-06-20T11:17:21","guid":{"rendered":"https:\/\/www.ull.es\/servicios\/negociado-pruebas-acceso\/?page_id=13"},"modified":"2026-03-04T11:42:11","modified_gmt":"2026-03-04T10:42:11","slug":"inicio","status":"publish","type":"page","link":"https:\/\/www.ull.es\/servicios\/aulario-general-cesar-manrique\/fr\/","title":{"rendered":"Commencer"},"content":{"rendered":"<div class=\"wp-block-stackable-columns alignfull stk-block-columns stk-block stk-16a94b8\" data-block-id=\"16a94b8\"><style>.stk-16a94b8 {margin-bottom:76px !important;}@media screen and (max-width: 767px){.stk-16a94b8 {padding-top:0px !important;padding-right:0px !important;padding-bottom:0px !important;padding-left:0px !important;}}<\/style><div class=\"stk-row stk-inner-blocks stk-block-content stk-content-align stk-16a94b8-column alignfull\">\n<div class=\"wp-block-stackable-column stk-block-column stk-column stk-block stk-dfe9b01 stk-block-background stk--has-background-overlay\" data-v=\"4\" data-block-id=\"dfe9b01\"><style>.stk-dfe9b01 {background-image:url(https:\/\/www.ull.es\/servicios\/aulario-general-cesar-manrique\/wp-content\/uploads\/sites\/26\/2019\/08\/04-Aulario-de-Guajara.jpg) !important;}.stk-dfe9b01:before{background-color:#000000 !important;opacity:0.3 !important;}@media screen and (max-width: 767px){.stk-dfe9b01 {padding-top:0px !important;padding-right:0px !important;padding-bottom:0px !important;padding-left:0px !important;}.stk-dfe9b01-container{min-height:320px !important;}}<\/style><div class=\"stk-column-wrapper stk-block-column__content stk-container stk-dfe9b01-container stk--no-background stk--no-padding\"><div class=\"stk-block-content stk-inner-blocks stk-dfe9b01-inner-blocks\">\n<div class=\"wp-block-stackable-columns alignfull stk-block-columns stk-block stk-3bf239f\" data-block-id=\"3bf239f\"><style>@media screen and (max-width: 1023px){.stk-3bf239f {padding-left:0px !important;}}<\/style><div class=\"stk-row stk-inner-blocks stk-block-content stk-content-align stk-3bf239f-column alignfull\">\n<div class=\"wp-block-stackable-column stk-block-column stk-column stk-block stk-f66584c\" data-v=\"4\" data-block-id=\"f66584c\"><div class=\"stk-column-wrapper stk-block-column__content stk-container stk-f66584c-container stk--no-background stk--no-padding\"><div class=\"stk-block-content stk-inner-blocks stk-f66584c-inner-blocks\">\n<div class=\"wp-block-stackable-heading stk-block-heading stk-block-heading--v2 stk-block stk-1bb54e9\" id=\"aulario-general-cesar-manrique\" data-block-id=\"1bb54e9\"><style>.stk-1bb54e9 {padding-top:110px !important;padding-right:25px !important;padding-bottom:75px !important;padding-left:420px !important;}.stk-1bb54e9 .stk-block-heading__text{font-size:35px !important;color:#ffffff !important;font-weight:400 !important;}@media screen and (max-width: 1023px){.stk-1bb54e9 {padding-left:55px !important;}.stk-1bb54e9 .stk-block-heading__text{font-size:35px !important;}}@media screen and (max-width: 767px){.stk-1bb54e9 {padding-right:75px !important;padding-left:25px !important;}.stk-1bb54e9 .stk-block-heading__text{font-size:33px !important;}}<\/style><h2 class=\"stk-block-heading__text has-text-color has-text-align-left has-text-align-left-tablet has-text-align-left-mobile\">Classe g\u00e9n\u00e9rale C\u00e9sar Manrique<\/h2><\/div>\n<\/div><\/div><\/div>\n<\/div><\/div>\n<\/div><\/div><\/div>\n<\/div><\/div>\n\n\n\n<div class=\"wp-block-stackable-columns alignfull stk-block-columns stk-block stk-a768426\" data-block-id=\"a768426\"><style>.stk-a768426 {margin-bottom:56px !important;}<\/style><div class=\"stk-row stk-inner-blocks stk-block-content stk-content-align stk-a768426-column alignfull\">\n<div class=\"wp-block-stackable-column stk-block-column stk-column stk-block stk-7a93856\" data-v=\"4\" data-block-id=\"7a93856\"><style>.stk-7a93856 {padding-right:405px !important;padding-left:405px !important;}@media screen and (max-width: 1023px){.stk-7a93856 {padding-right:50px !important;padding-left:50px !important;}}@media screen and (max-width: 767px){.stk-7a93856 {padding-right:20px !important;padding-left:20px !important;}}<\/style><div class=\"stk-column-wrapper stk-block-column__content stk-container stk-7a93856-container stk--no-background stk--no-padding\"><div class=\"stk-block-content stk-inner-blocks stk-7a93856-inner-blocks\">\n<div class=\"wp-block-stackable-text stk-block-text stk-block stk-42f4015\" data-block-id=\"42f4015\"><style>.stk-42f4015 .stk-block-text__text{font-size:16px !important;}@media screen and (max-width: 1023px){.stk-42f4015 .stk-block-text__text{font-size:16px !important;}}<\/style><p class=\"stk-block-text__text has-text-align-left\">L&#039;amphith\u00e9\u00e2tre C\u00e9sar Manrique comprend \u00e9galement l&#039;annexe de l&#039;amphith\u00e9\u00e2tre et le b\u00e2timent des services aux \u00e9tudiants de l&#039;ESA Guajara. L&#039;ensemble comprend 49 salles de classe (dont 3 salles informatiques), 2 salles d&#039;\u00e9tude (dont une \u00e9quip\u00e9e de 80 ordinateurs) et deux auditoriums.<br><br>Concernant la capacit\u00e9 et les \u00e9quipements des salles de cours, celles-ci varient de 30 \u00e0 200 places, r\u00e9parties entre 19 amphith\u00e9\u00e2tres et 13 salles de classe classiques, toutes dot\u00e9es de mobilier fixe, et 17 salles de classe classiques avec mobilier modulable. Toutes les salles sont \u00e9quip\u00e9es d&#039;ordinateurs, de vid\u00e9oprojecteurs, de syst\u00e8mes de sonorisation et d&#039;une connexion Wi-Fi. Environ 50 % d&#039;entre elles disposent de prises \u00e9lectriques suppl\u00e9mentaires pour l&#039;utilisation des ordinateurs (entre 24 et 60 prises par salle). Les deux auditoriums, \u00e9galement \u00e9quip\u00e9s, ont une capacit\u00e9 respective de 90 et 610 places. Les trois b\u00e2timents sont accessibles aux personnes \u00e0 mobilit\u00e9 r\u00e9duite et, dans les salles de cours avec mobilier fixe, une ou deux places sont r\u00e9serv\u00e9es \u00e0 ces derni\u00e8res. Ces m\u00eames b\u00e2timents accueillent les cours de deux facult\u00e9s, dix de leurs programmes de licence et sept de leurs programmes de master. Ils servent \u00e9galement de cadre habituel \u00e0 de nombreuses activit\u00e9s p\u00e9dagogiques et culturelles compl\u00e9mentaires, telles que des congr\u00e8s, des conf\u00e9rences, des cours, des s\u00e9minaires, etc., organis\u00e9s aussi bien par les centres qui y sont rattach\u00e9s que par les autres centres de l&#039;universit\u00e9.<br><br>Ses installations accueillent de nombreux concours et examens, organis\u00e9s par l&#039;Universit\u00e9 de La Laguna (ULL) et des organismes externes. Elles proposent \u00e9galement un service de stockage des copies d&#039;examen sous vid\u00e9osurveillance 24h\/24 et 7j\/7. Le personnel d&#039;accueil organise et coordonne les services n\u00e9cessaires au bon d\u00e9roulement des diff\u00e9rents examens\u00a0: plans des salles, informations sur leur capacit\u00e9 et conseils aux jurys d&#039;examen concernant le nombre et l&#039;emplacement des salles en fonction de leurs besoins.<\/p><\/div>\n<\/div><\/div><\/div>\n<\/div><\/div>\n\n\n\n<div class=\"wp-block-stackable-columns alignfull stk-block-columns stk-block stk-a2ef681\" data-block-id=\"a2ef681\"><style>.stk-a2ef681 {margin-bottom:56px !important;}<\/style><div class=\"stk-row stk-inner-blocks stk-block-content stk-content-align stk-a2ef681-column alignfull\">\n<div class=\"wp-block-stackable-column stk-block-column stk-column stk-block stk-10c85f6\" data-v=\"4\" data-block-id=\"10c85f6\"><style>.stk-10c85f6 {padding-right:405px !important;padding-left:405px !important;}@media screen and (max-width: 1023px){.stk-10c85f6 {padding-right:55px !important;padding-left:55px !important;}}@media screen and (max-width: 767px){.stk-10c85f6 {padding-right:20px !important;padding-left:20px !important;}}<\/style><div class=\"stk-column-wrapper stk-block-column__content stk-container stk-10c85f6-container stk--no-background stk--no-padding\"><div class=\"stk-block-content stk-inner-blocks stk-10c85f6-inner-blocks\">\n<div class=\"wp-block-stackable-heading stk-block-heading stk-block-heading--v2 stk-block stk-9191e66\" id=\"enlaces-de-interes\" data-block-id=\"9191e66\"><style>.stk-9191e66 {margin-bottom:20px !important;}.stk-9191e66 .stk-block-heading__text{font-size:26px !important;color:#5c068c !important;}@media screen and (max-width: 1023px){.stk-9191e66 .stk-block-heading__text{font-size:26px !important;}}<\/style><h2 class=\"stk-block-heading__text has-text-color\">Liens d&#039;int\u00e9r\u00eat<\/h2><\/div>\n\n\n\n<p style=\"margin-bottom: 0px; margin-left: 30px;\"><i class=\"fa fa-external-link\"><\/i><a\n        href=\"https:\/\/sede.ull.es\/ecivilis-site\/catalog\/showProcedure\/497\">\n        demande de r\u00e9servation d&#039;espace<\/a><\/p>\n<p style=\"margin-bottom: 0px; margin-left: 30px;\"><i class=\"fa fa-external-link\"><\/i><a\n        href=\"http:\/\/riull.ull.es\/xmlui\/bitstream\/handle\/915\/3941\/DepositoCustodia.pdf\"> D\u00e9p\u00f4t de garde<\/a>\n<\/p>\n<p style=\"margin-bottom: 0px; margin-left: 30px;\"><i class=\"fa fa-external-link\"><\/i><a\n        href=\"https:\/\/drive.google.com\/open?id=0BzhoXhiMmS2_S2dpVVk1eFQwODA\">\n        Instructions pour la r\u00e9servation et l&#039;attribution des espaces<\/a><\/p>\n<p style=\"margin-bottom: 0px; margin-left: 30px;\"><i class=\"fa fa-external-link\"><\/i><a\n        href=\"https:\/\/riull.ull.es\/xmlui\/bitstream\/handle\/915\/3937\/Anexo%20PB-datos.pdf\"> Plans de la salle de classe de Guajara. Annexe du rez-de-chauss\u00e9e<\/a><\/p>\n<p style=\"margin-bottom: 0px; margin-left: 30px;\"><i class=\"fa fa-external-link\"><\/i><a\n        href=\"https:\/\/riull.ull.es\/xmlui\/bitstream\/handle\/915\/3936\/Anexo%20P1-datos.pdf\"> Plans de la salle de classe de Guajara. Annexe \u00e0 l&#039;\u00e9tage sup\u00e9rieur<\/a><\/p>\n<p style=\"margin-bottom: 0px; margin-left: 30px;\"><i class=\"fa fa-external-link\"><\/i><a\n        href=\"https:\/\/riull.ull.es\/xmlui\/bitstream\/handle\/915\/3938\/Aulario%20PB-datos.pdf\"> Plans de salle de classe de Guajara. \u00c9tage 0<\/a><\/p>\n<p style=\"margin-bottom: 0px; margin-left: 30px;\"><i class=\"fa fa-external-link\"><\/i><a\n        href=\"https:\/\/riull.ull.es\/xmlui\/bitstream\/handle\/915\/3939\/Aulario%20P1-datos.pdf\"> Plans de salle de classe de Guajara. 1er \u00e9tage<\/a><\/p>\n<p style=\"margin-bottom: 0px; margin-left: 30px;\"><i class=\"fa fa-external-link\"><\/i><a\n        href=\"https:\/\/riull.ull.es\/xmlui\/bitstream\/handle\/915\/3940\/Aulario%20P2-datos.pdf\"> Plans de salle de classe de Guajara. 2e \u00e9tage<\/a><\/p>\n<p style=\"margin-bottom: 0px; margin-left: 30px;\"><i class=\"fa fa-external-link\"><\/i><a\n        href=\"https:\/\/riull.ull.es\/xmlui\/bitstream\/handle\/915\/19443\/Sala%20de%20Grado.pdf\"> Salle de remise des dipl\u00f4mes<\/a><\/p>\n<p style=\"margin-bottom: 0px; margin-left: 30px;\"><i class=\"fa fa-external-link\"><\/i><a\n        href=\"https:\/\/riull.ull.es\/xmlui\/bitstream\/handle\/915\/19442\/Aula%20Magna.pdf\">\n        Auditorium principal<\/a><\/p>\n<\/div><\/div><\/div>\n<\/div><\/div>","protected":false},"excerpt":{"rendered":"<p>Aulario General C\u00e9sar Manrique Del Aulario General C\u00e9sar Manrique dependen, adem\u00e1s, el Anexo del Aulario y el Edificio de Servicios al Alumnado ESA Guajara. Entre todos suman 49 aulas (3 de las cuales son de inform\u00e1tica), 2 salas de estudio (una de ellas con 80 PC) y dos salones de actos. En cuanto a la&#8230;<\/p>","protected":false},"author":49,"featured_media":0,"parent":0,"menu_order":0,"comment_status":"closed","ping_status":"closed","template":"templates\/template-frontpage.php","meta":{"_acf_changed":false,"footnotes":""},"class_list":["post-16","page","type-page","status-publish","hentry"],"acf":[],"_links":{"self":[{"href":"https:\/\/www.ull.es\/servicios\/aulario-general-cesar-manrique\/fr\/wp-json\/wp\/v2\/pages\/16","targetHints":{"allow":["GET"]}}],"collection":[{"href":"https:\/\/www.ull.es\/servicios\/aulario-general-cesar-manrique\/fr\/wp-json\/wp\/v2\/pages"}],"about":[{"href":"https:\/\/www.ull.es\/servicios\/aulario-general-cesar-manrique\/fr\/wp-json\/wp\/v2\/types\/page"}],"author":[{"embeddable":true,"href":"https:\/\/www.ull.es\/servicios\/aulario-general-cesar-manrique\/fr\/wp-json\/wp\/v2\/users\/49"}],"replies":[{"embeddable":true,"href":"https:\/\/www.ull.es\/servicios\/aulario-general-cesar-manrique\/fr\/wp-json\/wp\/v2\/comments?post=16"}],"version-history":[{"count":9,"href":"https:\/\/www.ull.es\/servicios\/aulario-general-cesar-manrique\/fr\/wp-json\/wp\/v2\/pages\/16\/revisions"}],"predecessor-version":[{"id":66,"href":"https:\/\/www.ull.es\/servicios\/aulario-general-cesar-manrique\/fr\/wp-json\/wp\/v2\/pages\/16\/revisions\/66"}],"wp:attachment":[{"href":"https:\/\/www.ull.es\/servicios\/aulario-general-cesar-manrique\/fr\/wp-json\/wp\/v2\/media?parent=16"}],"curies":[{"name":"wp","href":"https:\/\/api.w.org\/{rel}","templated":true}]}}