{"id":16,"date":"2019-06-20T13:17:21","date_gmt":"2019-06-20T11:17:21","guid":{"rendered":"https:\/\/www.ull.es\/servicios\/negociado-pruebas-acceso\/?page_id=13"},"modified":"2026-03-04T11:42:11","modified_gmt":"2026-03-04T10:42:11","slug":"inicio","status":"publish","type":"page","link":"https:\/\/www.ull.es\/servicios\/aulario-general-cesar-manrique\/","title":{"rendered":"Inicio"},"content":{"rendered":"\n<div class=\"wp-block-stackable-columns alignfull stk-block-columns stk-block stk-16a94b8\" data-block-id=\"16a94b8\"><style>.stk-16a94b8 {margin-bottom:76px !important;}@media screen and (max-width: 767px){.stk-16a94b8 {padding-top:0px !important;padding-right:0px !important;padding-bottom:0px !important;padding-left:0px !important;}}<\/style><div class=\"stk-row stk-inner-blocks stk-block-content stk-content-align stk-16a94b8-column alignfull\">\n<div class=\"wp-block-stackable-column stk-block-column stk-column stk-block stk-dfe9b01 stk-block-background stk--has-background-overlay\" data-v=\"4\" data-block-id=\"dfe9b01\"><style>.stk-dfe9b01 {background-image:url(https:\/\/www.ull.es\/servicios\/aulario-general-cesar-manrique\/wp-content\/uploads\/sites\/26\/2019\/08\/04-Aulario-de-Guajara.jpg) !important;}.stk-dfe9b01:before{background-color:#000000 !important;opacity:0.3 !important;}@media screen and (max-width: 767px){.stk-dfe9b01 {padding-top:0px !important;padding-right:0px !important;padding-bottom:0px !important;padding-left:0px !important;}.stk-dfe9b01-container{min-height:320px !important;}}<\/style><div class=\"stk-column-wrapper stk-block-column__content stk-container stk-dfe9b01-container stk--no-background stk--no-padding\"><div class=\"stk-block-content stk-inner-blocks stk-dfe9b01-inner-blocks\">\n<div class=\"wp-block-stackable-columns alignfull stk-block-columns stk-block stk-3bf239f\" data-block-id=\"3bf239f\"><style>@media screen and (max-width: 1023px){.stk-3bf239f {padding-left:0px !important;}}<\/style><div class=\"stk-row stk-inner-blocks stk-block-content stk-content-align stk-3bf239f-column alignfull\">\n<div class=\"wp-block-stackable-column stk-block-column stk-column stk-block stk-f66584c\" data-v=\"4\" data-block-id=\"f66584c\"><div class=\"stk-column-wrapper stk-block-column__content stk-container stk-f66584c-container stk--no-background stk--no-padding\"><div class=\"stk-block-content stk-inner-blocks stk-f66584c-inner-blocks\">\n<div class=\"wp-block-stackable-heading stk-block-heading stk-block-heading--v2 stk-block stk-1bb54e9\" id=\"aulario-general-cesar-manrique\" data-block-id=\"1bb54e9\"><style>.stk-1bb54e9 {padding-top:110px !important;padding-right:25px !important;padding-bottom:75px !important;padding-left:420px !important;}.stk-1bb54e9 .stk-block-heading__text{font-size:35px !important;color:#ffffff !important;font-weight:400 !important;}@media screen and (max-width: 1023px){.stk-1bb54e9 {padding-left:55px !important;}.stk-1bb54e9 .stk-block-heading__text{font-size:35px !important;}}@media screen and (max-width: 767px){.stk-1bb54e9 {padding-right:75px !important;padding-left:25px !important;}.stk-1bb54e9 .stk-block-heading__text{font-size:33px !important;}}<\/style><h2 class=\"stk-block-heading__text has-text-color has-text-align-left has-text-align-left-tablet has-text-align-left-mobile\">Aulario General C\u00e9sar Manrique<\/h2><\/div>\n<\/div><\/div><\/div>\n<\/div><\/div>\n<\/div><\/div><\/div>\n<\/div><\/div>\n\n\n\n<div class=\"wp-block-stackable-columns alignfull stk-block-columns stk-block stk-a768426\" data-block-id=\"a768426\"><style>.stk-a768426 {margin-bottom:56px !important;}<\/style><div class=\"stk-row stk-inner-blocks stk-block-content stk-content-align stk-a768426-column alignfull\">\n<div class=\"wp-block-stackable-column stk-block-column stk-column stk-block stk-7a93856\" data-v=\"4\" data-block-id=\"7a93856\"><style>.stk-7a93856 {padding-right:405px !important;padding-left:405px !important;}@media screen and (max-width: 1023px){.stk-7a93856 {padding-right:50px !important;padding-left:50px !important;}}@media screen and (max-width: 767px){.stk-7a93856 {padding-right:20px !important;padding-left:20px !important;}}<\/style><div class=\"stk-column-wrapper stk-block-column__content stk-container stk-7a93856-container stk--no-background stk--no-padding\"><div class=\"stk-block-content stk-inner-blocks stk-7a93856-inner-blocks\">\n<div class=\"wp-block-stackable-text stk-block-text stk-block stk-42f4015\" data-block-id=\"42f4015\"><style>.stk-42f4015 .stk-block-text__text{font-size:16px !important;}@media screen and (max-width: 1023px){.stk-42f4015 .stk-block-text__text{font-size:16px !important;}}<\/style><p class=\"stk-block-text__text has-text-align-left\">Del Aulario General C\u00e9sar Manrique dependen, adem\u00e1s, el Anexo del Aulario y el Edificio de Servicios al Alumnado ESA Guajara. Entre todos suman 49 aulas (3 de las cuales son de inform\u00e1tica), 2 salas de estudio (una de ellas con 80 PC) y dos salones de actos.<br><br>En cuanto a la capacidad y caracter\u00edsticas de las aulas, \u00e9stas oscilan entre los 30 y 200 puestos, distribuidos en 19 aulas en gradas y 13 planas, ambas con mobiliario fijo, y 17 planas con mobiliario m\u00f3vil. Todas las aulas est\u00e1n equipadas con PC, video-proyector, equipo de sonido y Wifi. Aproximadamente el 50% de ellas disponen de tomas de corriente adicionales para el trabajo con PC (entre 24 y 60 tomas por aula).Los dos salones de actos, igualmente equipados, tiene una capacidad de 90 y 610 puestos.Los tres edificios son 100% accesibles, y en las aulas con mobiliario fijo, se han habilitado 1 o 2 puestos para usuarios con movilidad reducida. Estos mismos edificios dan cobertura a la docencia de 2 Facultades, a 10 de sus grados y a 7 m\u00e1steres. As\u00ed mismo, son el marco habitual del desarrollo de numerosas actividades complementarias de la docencia y de \u00edndole cultural, como congresos, jornadas, cursos, conferencias, etc\u2026, tanto de los centros vinculados a dichos edificios, como del resto de centros de la Universidad.<br><br>En sus instalaciones se celebran numerosas oposiciones y ex\u00e1menes, tanto de la ULL como de organismos externos, contando, adem\u00e1s, con un servicio de custodia de ex\u00e1menes, video-vigilado con grabaci\u00f3n 24 horas. Desde la conserjer\u00eda se organizan y coordinan los servicios necesarios para dar cobertura a las distintas oposiciones, facilitando planos, capacidades de aulas y orientando a los Tribunales sobre el n\u00famero de aulas y su ubicaci\u00f3n en funci\u00f3n de sus necesidades.<\/p><\/div>\n<\/div><\/div><\/div>\n<\/div><\/div>\n\n\n\n<div class=\"wp-block-stackable-columns alignfull stk-block-columns stk-block stk-a2ef681\" data-block-id=\"a2ef681\"><style>.stk-a2ef681 {margin-bottom:56px !important;}<\/style><div class=\"stk-row stk-inner-blocks stk-block-content stk-content-align stk-a2ef681-column alignfull\">\n<div class=\"wp-block-stackable-column stk-block-column stk-column stk-block stk-10c85f6\" data-v=\"4\" data-block-id=\"10c85f6\"><style>.stk-10c85f6 {padding-right:405px !important;padding-left:405px !important;}@media screen and (max-width: 1023px){.stk-10c85f6 {padding-right:55px !important;padding-left:55px !important;}}@media screen and (max-width: 767px){.stk-10c85f6 {padding-right:20px !important;padding-left:20px !important;}}<\/style><div class=\"stk-column-wrapper stk-block-column__content stk-container stk-10c85f6-container stk--no-background stk--no-padding\"><div class=\"stk-block-content stk-inner-blocks stk-10c85f6-inner-blocks\">\n<div class=\"wp-block-stackable-heading stk-block-heading stk-block-heading--v2 stk-block stk-9191e66\" id=\"enlaces-de-interes\" data-block-id=\"9191e66\"><style>.stk-9191e66 {margin-bottom:20px !important;}.stk-9191e66 .stk-block-heading__text{font-size:26px !important;color:#5c068c !important;}@media screen and (max-width: 1023px){.stk-9191e66 .stk-block-heading__text{font-size:26px !important;}}<\/style><h2 class=\"stk-block-heading__text has-text-color\">Enlaces de inter\u00e9s<\/h2><\/div>\n\n\n\n<p style=\"margin-bottom: 0px; margin-left: 30px;\"><i class=\"fa fa-external-link\"><\/i><a\n        href=\"https:\/\/sede.ull.es\/ecivilis-site\/catalog\/showProcedure\/497\">\n        Solicitud de reserva de espacios<\/a><\/p>\n<p style=\"margin-bottom: 0px; margin-left: 30px;\"><i class=\"fa fa-external-link\"><\/i><a\n        href=\"http:\/\/riull.ull.es\/xmlui\/bitstream\/handle\/915\/3941\/DepositoCustodia.pdf\"> Dep\u00f3sito de custodia<\/a>\n<\/p>\n<p style=\"margin-bottom: 0px; margin-left: 30px;\"><i class=\"fa fa-external-link\"><\/i><a\n        href=\"https:\/\/drive.google.com\/open?id=0BzhoXhiMmS2_S2dpVVk1eFQwODA\">\n        Instrucciones para las reservas y cesi\u00f3n de espacios<\/a><\/p>\n<p style=\"margin-bottom: 0px; margin-left: 30px;\"><i class=\"fa fa-external-link\"><\/i><a\n        href=\"https:\/\/riull.ull.es\/xmlui\/bitstream\/handle\/915\/3937\/Anexo%20PB-datos.pdf\"> Planos Aulario Guajara.\n        Anexo planta baja<\/a><\/p>\n<p style=\"margin-bottom: 0px; margin-left: 30px;\"><i class=\"fa fa-external-link\"><\/i><a\n        href=\"https:\/\/riull.ull.es\/xmlui\/bitstream\/handle\/915\/3936\/Anexo%20P1-datos.pdf\"> Planos Aulario Guajara.\n        Anexo planta alta<\/a><\/p>\n<p style=\"margin-bottom: 0px; margin-left: 30px;\"><i class=\"fa fa-external-link\"><\/i><a\n        href=\"https:\/\/riull.ull.es\/xmlui\/bitstream\/handle\/915\/3938\/Aulario%20PB-datos.pdf\"> Planos Aulario Guajara.\n        Planta 0<\/a><\/p>\n<p style=\"margin-bottom: 0px; margin-left: 30px;\"><i class=\"fa fa-external-link\"><\/i><a\n        href=\"https:\/\/riull.ull.es\/xmlui\/bitstream\/handle\/915\/3939\/Aulario%20P1-datos.pdf\"> Planos Aulario Guajara.\n        Planta 1<\/a><\/p>\n<p style=\"margin-bottom: 0px; margin-left: 30px;\"><i class=\"fa fa-external-link\"><\/i><a\n        href=\"https:\/\/riull.ull.es\/xmlui\/bitstream\/handle\/915\/3940\/Aulario%20P2-datos.pdf\"> Planos Aulario Guajara.\n        Planta 2<\/a><\/p>\n<p style=\"margin-bottom: 0px; margin-left: 30px;\"><i class=\"fa fa-external-link\"><\/i><a\n        href=\"https:\/\/riull.ull.es\/xmlui\/bitstream\/handle\/915\/19443\/Sala%20de%20Grado.pdf\"> Sala de Grado<\/a><\/p>\n<p style=\"margin-bottom: 0px; margin-left: 30px;\"><i class=\"fa fa-external-link\"><\/i><a\n        href=\"https:\/\/riull.ull.es\/xmlui\/bitstream\/handle\/915\/19442\/Aula%20Magna.pdf\">\n        Aula Magna<\/a><\/p>\n<\/div><\/div><\/div>\n<\/div><\/div>\n","protected":false},"excerpt":{"rendered":"<p>Aulario General C\u00e9sar Manrique Del Aulario General C\u00e9sar Manrique dependen, adem\u00e1s, el Anexo del Aulario y el Edificio de Servicios al Alumnado ESA Guajara. Entre todos suman 49 aulas (3 de las cuales son de inform\u00e1tica), 2 salas de estudio (una de ellas con 80 PC) y dos salones de actos. En cuanto a la&#8230;<\/p>\n","protected":false},"author":49,"featured_media":0,"parent":0,"menu_order":0,"comment_status":"closed","ping_status":"closed","template":"templates\/template-frontpage.php","meta":{"_acf_changed":false,"footnotes":""},"class_list":["post-16","page","type-page","status-publish","hentry"],"acf":[],"_links":{"self":[{"href":"https:\/\/www.ull.es\/servicios\/aulario-general-cesar-manrique\/wp-json\/wp\/v2\/pages\/16","targetHints":{"allow":["GET"]}}],"collection":[{"href":"https:\/\/www.ull.es\/servicios\/aulario-general-cesar-manrique\/wp-json\/wp\/v2\/pages"}],"about":[{"href":"https:\/\/www.ull.es\/servicios\/aulario-general-cesar-manrique\/wp-json\/wp\/v2\/types\/page"}],"author":[{"embeddable":true,"href":"https:\/\/www.ull.es\/servicios\/aulario-general-cesar-manrique\/wp-json\/wp\/v2\/users\/49"}],"replies":[{"embeddable":true,"href":"https:\/\/www.ull.es\/servicios\/aulario-general-cesar-manrique\/wp-json\/wp\/v2\/comments?post=16"}],"version-history":[{"count":9,"href":"https:\/\/www.ull.es\/servicios\/aulario-general-cesar-manrique\/wp-json\/wp\/v2\/pages\/16\/revisions"}],"predecessor-version":[{"id":66,"href":"https:\/\/www.ull.es\/servicios\/aulario-general-cesar-manrique\/wp-json\/wp\/v2\/pages\/16\/revisions\/66"}],"wp:attachment":[{"href":"https:\/\/www.ull.es\/servicios\/aulario-general-cesar-manrique\/wp-json\/wp\/v2\/media?parent=16"}],"curies":[{"name":"wp","href":"https:\/\/api.w.org\/{rel}","templated":true}]}}