{"id":103,"date":"2019-08-05T12:56:33","date_gmt":"2019-08-05T12:56:33","guid":{"rendered":"https:\/\/www.ull.es\/servicios\/becas\/?page_id=103"},"modified":"2026-03-12T10:50:51","modified_gmt":"2026-03-12T10:50:51","slug":"informacion-general","status":"publish","type":"page","link":"https:\/\/www.ull.es\/servicios\/becas\/en\/informacion-general\/","title":{"rendered":"General information"},"content":{"rendered":"<div class=\"wp-block-stackable-columns alignfull stk-block-columns stk-block stk-16a94b8\" data-block-id=\"16a94b8\"><style>.stk-16a94b8 {margin-bottom:40px !important;}@media screen and (max-width: 767px){.stk-16a94b8 {padding-top:0px !important;padding-right:0px !important;padding-bottom:0px !important;padding-left:0px !important;}}<\/style><div class=\"stk-row stk-inner-blocks stk-block-content stk-content-align stk-16a94b8-column alignfull\">\n<div class=\"wp-block-stackable-column stk-block-column stk-column stk-block stk-dfe9b01 stk-block-background stk--has-background-overlay\" data-v=\"4\" data-block-id=\"dfe9b01\"><style>.stk-dfe9b01 {background-image:url(https:\/\/www.ull.es\/servicios\/becas\/wp-content\/uploads\/sites\/18\/2020\/03\/negociado-2.jpg) !important;}.stk-dfe9b01:before{background-color:#000000 !important;opacity:0.3 !important;}@media screen and (max-width: 767px){.stk-dfe9b01 {padding-top:0px !important;padding-right:0px !important;padding-bottom:0px !important;padding-left:0px !important;}.stk-dfe9b01-container{min-height:320px !important;}}<\/style><div class=\"stk-column-wrapper stk-block-column__content stk-container stk-dfe9b01-container stk--no-background stk--no-padding\"><div class=\"stk-block-content stk-inner-blocks stk-dfe9b01-inner-blocks\">\n<div class=\"wp-block-stackable-columns alignfull stk-block-columns stk-block stk-3bf239f\" data-block-id=\"3bf239f\"><style>@media screen and (max-width: 1023px){.stk-3bf239f {padding-left:0px !important;}}<\/style><div class=\"stk-row stk-inner-blocks stk-block-content stk-content-align stk-3bf239f-column alignfull\">\n<div class=\"wp-block-stackable-column stk-block-column stk-column stk-block stk-f66584c\" data-v=\"4\" data-block-id=\"f66584c\"><div class=\"stk-column-wrapper stk-block-column__content stk-container stk-f66584c-container stk--no-background stk--no-padding\"><div class=\"stk-block-content stk-inner-blocks stk-f66584c-inner-blocks\">\n<div class=\"wp-block-stackable-heading stk-block-heading stk-block-heading--v2 stk-block stk-1bb54e9\" id=\"becas\" data-block-id=\"1bb54e9\"><style>.stk-1bb54e9 {padding-top:110px !important;padding-right:25px !important;padding-bottom:75px !important;padding-left:420px !important;}.stk-1bb54e9 .stk-block-heading__text{font-size:35px !important;color:#ffffff !important;font-weight:400 !important;}@media screen and (max-width: 1023px){.stk-1bb54e9 {padding-left:55px !important;}.stk-1bb54e9 .stk-block-heading__text{font-size:35px !important;}}@media screen and (max-width: 767px){.stk-1bb54e9 {padding-top:110px !important;padding-right:75px !important;padding-left:25px !important;}.stk-1bb54e9 .stk-block-heading__text{font-size:33px !important;}}<\/style><h2 class=\"stk-block-heading__text has-text-color has-text-align-left has-text-align-left-tablet has-text-align-left-mobile\">Scholarships<\/h2><\/div>\n<\/div><\/div><\/div>\n<\/div><\/div>\n<\/div><\/div><\/div>\n<\/div><\/div>\n\n\n\n<div class=\"wp-block-stackable-columns alignfull stk-block-columns stk-block stk-4262b06\" data-block-id=\"4262b06\"><div class=\"stk-row stk-inner-blocks stk-block-content stk-content-align stk-4262b06-column alignfull\">\n<div class=\"wp-block-stackable-column stk-block-column stk-column stk-block stk-f78ab69\" data-v=\"4\" data-block-id=\"f78ab69\"><style>.stk-f78ab69 {padding-right:300px !important;padding-left:300px !important;}@media screen and (max-width: 1023px){.stk-f78ab69 {padding-right:50px !important;padding-left:50px !important;}}@media screen and (max-width: 767px){.stk-f78ab69 {padding-right:10px !important;padding-left:10px !important;}}<\/style><div class=\"stk-column-wrapper stk-block-column__content stk-container stk-f78ab69-container stk--no-background stk--no-padding\"><div class=\"stk-block-content stk-inner-blocks stk-f78ab69-inner-blocks\">\n<div class=\"wp-block-stackable-columns stk-block-columns stk-block stk-0f7b284\" data-block-id=\"0f7b284\"><style>.stk-0f7b284-column{--stk-column-gap:25px !important;}<\/style><div class=\"stk-row stk-inner-blocks stk-block-content stk-content-align stk-0f7b284-column\">\n<div class=\"wp-block-stackable-column stk-block-column stk-column stk-block stk-4ee8935\" data-v=\"4\" data-block-id=\"4ee8935\"><style>@media screen and (min-width: 768px){.stk-4ee8935 {flex:var(--stk-flex-grow, 1) 1 calc(60% - var(--stk-column-gap, 0px) * 1 \/ 2 ) !important;}}<\/style><div class=\"stk-column-wrapper stk-block-column__content stk-container stk-4ee8935-container stk--no-background stk--no-padding\"><div class=\"stk-block-content stk-inner-blocks stk-4ee8935-inner-blocks\">\n<h1>Scholarship Service<\/h1>\n\n\n\n\n\n<div class=\"shortcode-descripcion\">\n    <p>The Scholarship Office at the University of La Laguna manages all administrative tasks related to the Ministry of Education&#039;s scholarship programs. Its aim is to be an efficient and effective service, addressing economic, social, and disability-related limitations that hinder students&#039; access to education. The office also promotes practical training, national and international mobility, and professional development, ultimately serving as a tool to ensure equality and equal opportunity for all university students.<\/p><\/div>\n\n\n\n\n\n<style>\n    .shortcode-equipo {\n        margin-top: 40px;\n    }\n    .shortcode-equipo h2 {\n        margin-bottom: 10px !important;\n    }\n<\/style>\n\n<div class=\"shortcode-equipo\">\n    <h2>Service Manager<\/h2><dl><dt><strong>Head of the Scholarships and Welfare Services Section<\/strong><\/dt><dd><a href='https:\/\/www.ull.es\/servicios\/becas\/en\/directorio\/search\/?busqueda=Alicia Mar\u00eda Darias Padr\u00f3n' target='_blank'>Alicia Mar\u00eda Darias Padr\u00f3n<\/a><\/dd><\/dl><\/div>\n\n\n\n\n    <style>\n        .shortcode-servicios {\n            margin-top: 40px;\n        }\n\n        .shortcode-servicios h2 {\n            margin-bottom: 10px !important;\n        }\n    <\/style>\n\n    <div class=\"shortcode-servicios\">\n        <h2>Services offered to the user<\/h2>        <ul>\n            <li>Management and administrative processing of scholarships.<\/li><li>Resources available to the user: computer equipment, so that students can resolve any doubts that may arise when completing scholarship applications, to check the processing status, to request an appointment, as well as electronic readers for those procedures that require it.<\/li><li>Appointment: Users can request an appointment online to receive personalized, in-person service on the day and time that best suits them, and ask questions or receive advice about any of our scholarships.<\/li><li>Support and Information: We provide in-person, telephone, written, and online (email and social media) support and guidance to users regarding the application process for SICUE-SENECA scholarships or mobility programs, including application, acceptance, and appeal deadlines. We also periodically send out newsletters with information on scholarships, grants, subsidies, and awards that may be of interest to users, via email and by publishing them on the scholarships section of the website.<\/li>        <\/ul>\n    <\/div>\n\n\n\n\n\n<\/div><\/div><\/div>\n\n\n\n<div class=\"wp-block-stackable-column stk-block-column stk-column stk-block stk-3738c56\" data-v=\"4\" data-block-id=\"3738c56\"><style>@media screen and (min-width: 768px){.stk-3738c56 {flex:var(--stk-flex-grow, 1) 1 calc(40% - var(--stk-column-gap, 0px) * 1 \/ 2 ) !important;}}<\/style><div class=\"stk-column-wrapper stk-block-column__content stk-container stk-3738c56-container stk--no-background stk--no-padding\"><div class=\"stk-block-content stk-inner-blocks stk-3738c56-inner-blocks\">\n<div class=\"wp-block-stackable-columns stk-block-columns stk-block stk-7f04f5b\" data-block-id=\"7f04f5b\"><style>.stk-7f04f5b {border-style:solid !important;border-color:#5c068c !important;border-top-width:2px !important;border-right-width:2px !important;border-bottom-width:2px !important;border-left-width:2px !important;}<\/style><div class=\"stk-row stk-inner-blocks stk-block-content stk-content-align stk-7f04f5b-column\">\n<div class=\"wp-block-stackable-column stk-block-column stk-column stk-block stk-12042ca\" data-v=\"4\" data-block-id=\"12042ca\"><div class=\"stk-column-wrapper stk-block-column__content stk-container stk-12042ca-container stk--no-background stk--no-padding\"><div class=\"stk-block-content stk-inner-blocks stk-12042ca-inner-blocks\">\n<div class=\"wp-block-stackable-heading stk-block-heading stk-block-heading--v2 stk-block stk-69195b2\" id=\"strong-informacion-de-contacto-strong\" data-block-id=\"69195b2\"><style>.stk-69195b2 {padding-left:25px !important;margin-top:24px !important;margin-bottom:2px !important;}.stk-69195b2 .stk-block-heading__text{color:#5c068c !important;}<\/style><h5 class=\"stk-block-heading__text has-text-color has-text-align-left\"><strong>CONTACT INFORMATION<\/strong><\/h5><\/div>\n\n\n\n<ul class=\"widget-contacto\">\n    <li><i class=\"fa fa-map-marker\"><\/i> C\/ Pedro Zerolo, s\/n. Central Building. Box 456. Postal code 38200. San Crist\u00f3bal de La Laguna. S\/C of Tenerife<\/li><li><i class=\"fa fa-phone\"><\/i> (+34) 922 31 90 06 \/ 07<\/li><li><i class=\"fa fa-address-book-o\"><\/i> <a target=\"_blank\" href=\"https:\/\/www.ull.es\/servicios\/becas\/en\/directorio\/search\/?busqueda=contacto+de+la+seccion+de+becas\">Directory<\/a><\/li><li><i class=\"fa fa-envelope\"><\/i>  <a href=\"mailto:becas@ull.es\">becas@ull.es<\/a><\/li><li><i class=\"fa fa-clock-o\"><\/i> From 9:00 a.m. to 2:00 p.m. Mon - Fri<\/li><li><i class=\"fa fa-clock-o\"><\/i> Public service hours may vary during scholarship application periods due to the high volume of work. Hours may be reduced.<\/li><li><i class=\"fa fa-list-ul\"><\/i><a href=\"http:\/\/riull.ull.es\/xmlui\/bitstream\/handle\/915\/3869\/CS_becas.pdf\"> Service Charter<\/a><\/li><li><i class=\"fa fa-globe\"><\/i><a href=\"http:\/\/becas.ull.es\/\"> Web page<\/a><\/li><li><i class=\"fa fa-calendar\"><\/i><a href=\"http:\/\/citaprevia.ull.es\/index.php?s=becas\"> Appointment required<\/a><\/li><li><i class=\"fa fa-pencil-square-o\"><\/i><a href=\"https:\/\/encuestas.ull.es\/index.php?r=survey\/index&sid=715325&lang=es\"> Satisfaction survey<\/a><\/li><li><i class=\"fa fa-archive\"><\/i><a href=\"https:\/\/sede.ull.es\/ecivilis-site\/catalog\/showProcedure\/484\"> Procedure for complaints, suggestions and compliments<\/a><\/li>\n<\/ul>\n\n<\/div><\/div><\/div>\n<\/div><\/div>\n\n\n\n    \n<style>\n    .google-maps {\n        position: relative;\n        padding-bottom: 75%;\n        height: 0;\n        overflow: hidden;\n    }\n    .google-maps iframe {\n        position: absolute;\n        top: 0;\n        left: 0;\n        width: 100% !important;\n        height: 100% !important;\n    }\n<\/style>\n\n\n<div class=\"google-maps\">\n    <iframe src=\"https:\/\/www.openstreetmap.org\/export\/embed.html?bbox=-16.319295038789%2C28.477562826417%2C-16.313151229199%2C28.483375048697&amp;layer=mapnik&amp;marker=28.481745782157400%2C-16.316468864679300\" style=\"border: 1px solid black\"><\/iframe>\n<\/div>\n\n<div class=\"btn-widget\">\n    <a href=\"https:\/\/www.openstreetmap.org\/directions?engine=graphhopper_car&from=&to=28.481745782157400%2C-16.316468864679300#map=17\/28.481745782157400\/-16.316468864679300\">How to get there<\/a>  \n<\/div>\n\n  <\/body>\n<\/html>\n\n\n<\/div><\/div><\/div>\n<\/div><\/div>\n<\/div><\/div><\/div>\n<\/div><\/div>","protected":false},"excerpt":{"rendered":"<p>Scholarships CONTACT INFORMATION<\/p>","protected":false},"author":12,"featured_media":0,"parent":0,"menu_order":0,"comment_status":"closed","ping_status":"closed","template":"templates\/template-frontpage.php","meta":{"_acf_changed":false,"footnotes":""},"class_list":["post-103","page","type-page","status-publish","hentry"],"acf":[],"_links":{"self":[{"href":"https:\/\/www.ull.es\/servicios\/becas\/en\/wp-json\/wp\/v2\/pages\/103","targetHints":{"allow":["GET"]}}],"collection":[{"href":"https:\/\/www.ull.es\/servicios\/becas\/en\/wp-json\/wp\/v2\/pages"}],"about":[{"href":"https:\/\/www.ull.es\/servicios\/becas\/en\/wp-json\/wp\/v2\/types\/page"}],"author":[{"embeddable":true,"href":"https:\/\/www.ull.es\/servicios\/becas\/en\/wp-json\/wp\/v2\/users\/12"}],"replies":[{"embeddable":true,"href":"https:\/\/www.ull.es\/servicios\/becas\/en\/wp-json\/wp\/v2\/comments?post=103"}],"version-history":[{"count":29,"href":"https:\/\/www.ull.es\/servicios\/becas\/en\/wp-json\/wp\/v2\/pages\/103\/revisions"}],"predecessor-version":[{"id":502,"href":"https:\/\/www.ull.es\/servicios\/becas\/en\/wp-json\/wp\/v2\/pages\/103\/revisions\/502"}],"wp:attachment":[{"href":"https:\/\/www.ull.es\/servicios\/becas\/en\/wp-json\/wp\/v2\/media?parent=103"}],"curies":[{"name":"wp","href":"https:\/\/api.w.org\/{rel}","templated":true}]}}