{"id":103,"date":"2019-08-05T12:56:33","date_gmt":"2019-08-05T12:56:33","guid":{"rendered":"https:\/\/www.ull.es\/servicios\/becas\/?page_id=103"},"modified":"2026-03-12T10:50:51","modified_gmt":"2026-03-12T10:50:51","slug":"informacion-general","status":"publish","type":"page","link":"https:\/\/www.ull.es\/servicios\/becas\/fr\/informacion-general\/","title":{"rendered":"informations g\u00e9n\u00e9rales"},"content":{"rendered":"<div class=\"wp-block-stackable-columns alignfull stk-block-columns stk-block stk-16a94b8\" data-block-id=\"16a94b8\"><style>.stk-16a94b8 {margin-bottom:40px !important;}@media screen and (max-width: 767px){.stk-16a94b8 {padding-top:0px !important;padding-right:0px !important;padding-bottom:0px !important;padding-left:0px !important;}}<\/style><div class=\"stk-row stk-inner-blocks stk-block-content stk-content-align stk-16a94b8-column alignfull\">\n<div class=\"wp-block-stackable-column stk-block-column stk-column stk-block stk-dfe9b01 stk-block-background stk--has-background-overlay\" data-v=\"4\" data-block-id=\"dfe9b01\"><style>.stk-dfe9b01 {background-image:url(https:\/\/www.ull.es\/servicios\/becas\/wp-content\/uploads\/sites\/18\/2020\/03\/negociado-2.jpg) !important;}.stk-dfe9b01:before{background-color:#000000 !important;opacity:0.3 !important;}@media screen and (max-width: 767px){.stk-dfe9b01 {padding-top:0px !important;padding-right:0px !important;padding-bottom:0px !important;padding-left:0px !important;}.stk-dfe9b01-container{min-height:320px !important;}}<\/style><div class=\"stk-column-wrapper stk-block-column__content stk-container stk-dfe9b01-container stk--no-background stk--no-padding\"><div class=\"stk-block-content stk-inner-blocks stk-dfe9b01-inner-blocks\">\n<div class=\"wp-block-stackable-columns alignfull stk-block-columns stk-block stk-3bf239f\" data-block-id=\"3bf239f\"><style>@media screen and (max-width: 1023px){.stk-3bf239f {padding-left:0px !important;}}<\/style><div class=\"stk-row stk-inner-blocks stk-block-content stk-content-align stk-3bf239f-column alignfull\">\n<div class=\"wp-block-stackable-column stk-block-column stk-column stk-block stk-f66584c\" data-v=\"4\" data-block-id=\"f66584c\"><div class=\"stk-column-wrapper stk-block-column__content stk-container stk-f66584c-container stk--no-background stk--no-padding\"><div class=\"stk-block-content stk-inner-blocks stk-f66584c-inner-blocks\">\n<div class=\"wp-block-stackable-heading stk-block-heading stk-block-heading--v2 stk-block stk-1bb54e9\" id=\"becas\" data-block-id=\"1bb54e9\"><style>.stk-1bb54e9 {padding-top:110px !important;padding-right:25px !important;padding-bottom:75px !important;padding-left:420px !important;}.stk-1bb54e9 .stk-block-heading__text{font-size:35px !important;color:#ffffff !important;font-weight:400 !important;}@media screen and (max-width: 1023px){.stk-1bb54e9 {padding-left:55px !important;}.stk-1bb54e9 .stk-block-heading__text{font-size:35px !important;}}@media screen and (max-width: 767px){.stk-1bb54e9 {padding-top:110px !important;padding-right:75px !important;padding-left:25px !important;}.stk-1bb54e9 .stk-block-heading__text{font-size:33px !important;}}<\/style><h2 class=\"stk-block-heading__text has-text-color has-text-align-left has-text-align-left-tablet has-text-align-left-mobile\">Bourses d&#039;\u00e9tudes<\/h2><\/div>\n<\/div><\/div><\/div>\n<\/div><\/div>\n<\/div><\/div><\/div>\n<\/div><\/div>\n\n\n\n<div class=\"wp-block-stackable-columns alignfull stk-block-columns stk-block stk-4262b06\" data-block-id=\"4262b06\"><div class=\"stk-row stk-inner-blocks stk-block-content stk-content-align stk-4262b06-column alignfull\">\n<div class=\"wp-block-stackable-column stk-block-column stk-column stk-block stk-f78ab69\" data-v=\"4\" data-block-id=\"f78ab69\"><style>.stk-f78ab69 {padding-right:300px !important;padding-left:300px !important;}@media screen and (max-width: 1023px){.stk-f78ab69 {padding-right:50px !important;padding-left:50px !important;}}@media screen and (max-width: 767px){.stk-f78ab69 {padding-right:10px !important;padding-left:10px !important;}}<\/style><div class=\"stk-column-wrapper stk-block-column__content stk-container stk-f78ab69-container stk--no-background stk--no-padding\"><div class=\"stk-block-content stk-inner-blocks stk-f78ab69-inner-blocks\">\n<div class=\"wp-block-stackable-columns stk-block-columns stk-block stk-0f7b284\" data-block-id=\"0f7b284\"><style>.stk-0f7b284-column{--stk-column-gap:25px !important;}<\/style><div class=\"stk-row stk-inner-blocks stk-block-content stk-content-align stk-0f7b284-column\">\n<div class=\"wp-block-stackable-column stk-block-column stk-column stk-block stk-4ee8935\" data-v=\"4\" data-block-id=\"4ee8935\"><style>@media screen and (min-width: 768px){.stk-4ee8935 {flex:var(--stk-flex-grow, 1) 1 calc(60% - var(--stk-column-gap, 0px) * 1 \/ 2 ) !important;}}<\/style><div class=\"stk-column-wrapper stk-block-column__content stk-container stk-4ee8935-container stk--no-background stk--no-padding\"><div class=\"stk-block-content stk-inner-blocks stk-4ee8935-inner-blocks\">\n<h1>Service de bourses d&#039;\u00e9tudes<\/h1>\n\n\n\n\n\n<div class=\"shortcode-descripcion\">\n    <p>Le Bureau des bourses de l&#039;Universit\u00e9 de La Laguna g\u00e8re l&#039;ensemble des t\u00e2ches administratives li\u00e9es aux programmes de bourses du Minist\u00e8re de l&#039;\u00c9ducation. Son objectif est d&#039;offrir un service efficace et performant, en levant les obstacles \u00e9conomiques, sociaux et li\u00e9s au handicap qui entravent l&#039;acc\u00e8s \u00e0 l&#039;\u00e9ducation pour les \u00e9tudiants. Le Bureau encourage \u00e9galement les stages, la mobilit\u00e9 nationale et internationale, ainsi que le d\u00e9veloppement professionnel, contribuant ainsi \u00e0 garantir l&#039;\u00e9galit\u00e9 des chances pour tous les \u00e9tudiants universitaires.<\/p><\/div>\n\n\n\n\n\n<style>\n    .shortcode-equipo {\n        margin-top: 40px;\n    }\n    .shortcode-equipo h2 {\n        margin-bottom: 10px !important;\n    }\n<\/style>\n\n<div class=\"shortcode-equipo\">\n    <h2>Responsable du service<\/h2><dl><dt><strong>Chef de la section des bourses et des services sociaux<\/strong><\/dt><dd><a href='https:\/\/www.ull.es\/servicios\/becas\/fr\/directorio\/search\/?busqueda=Alicia Mar\u00eda Darias Padr\u00f3n' target='_blank'>Alicia Mar\u00eda Darias Padr\u00f3n<\/a><\/dd><\/dl><\/div>\n\n\n\n\n    <style>\n        .shortcode-servicios {\n            margin-top: 40px;\n        }\n\n        .shortcode-servicios h2 {\n            margin-bottom: 10px !important;\n        }\n    <\/style>\n\n    <div class=\"shortcode-servicios\">\n        <h2>Services offerts \u00e0 l&#039;utilisateur<\/h2>        <ul>\n            <li>Gestion et traitement administratif des bourses d&#039;\u00e9tudes.<\/li><li>Ressources mises \u00e0 la disposition de l&#039;utilisateur\u00a0: du mat\u00e9riel informatique permettant aux \u00e9tudiants de dissiper tout doute pouvant survenir lors du remplissage des demandes de bourse, de v\u00e9rifier l&#039;\u00e9tat de traitement, de demander un rendez-vous, ainsi que des lecteurs \u00e9lectroniques pour les proc\u00e9dures qui l&#039;exigent.<\/li><li>Rendez-vous\u00a0: Les utilisateurs peuvent prendre rendez-vous en ligne pour b\u00e9n\u00e9ficier d\u2019un service personnalis\u00e9 et en personne, au jour et \u00e0 l\u2019heure qui leur conviennent le mieux, et poser des questions ou obtenir des conseils sur nos bourses d\u2019\u00e9tudes.<\/li><li>Assistance et information\u00a0: Nous offrons un soutien et des conseils en personne, par t\u00e9l\u00e9phone, par \u00e9crit et en ligne (courriel et r\u00e9seaux sociaux) aux utilisateurs concernant le processus de candidature aux bourses ou programmes de mobilit\u00e9 SICUE-SENECA, notamment les dates limites de candidature, d\u2019acceptation et d\u2019appel. Nous envoyons \u00e9galement r\u00e9guli\u00e8rement des bulletins d\u2019information sur les bourses, subventions et prix susceptibles d\u2019int\u00e9resser les utilisateurs, par courriel et en les publiant dans la section \u00ab\u00a0Bourses\u00a0\u00bb du site Web.<\/li>        <\/ul>\n    <\/div>\n\n\n\n\n\n<\/div><\/div><\/div>\n\n\n\n<div class=\"wp-block-stackable-column stk-block-column stk-column stk-block stk-3738c56\" data-v=\"4\" data-block-id=\"3738c56\"><style>@media screen and (min-width: 768px){.stk-3738c56 {flex:var(--stk-flex-grow, 1) 1 calc(40% - var(--stk-column-gap, 0px) * 1 \/ 2 ) !important;}}<\/style><div class=\"stk-column-wrapper stk-block-column__content stk-container stk-3738c56-container stk--no-background stk--no-padding\"><div class=\"stk-block-content stk-inner-blocks stk-3738c56-inner-blocks\">\n<div class=\"wp-block-stackable-columns stk-block-columns stk-block stk-7f04f5b\" data-block-id=\"7f04f5b\"><style>.stk-7f04f5b {border-style:solid !important;border-color:#5c068c !important;border-top-width:2px !important;border-right-width:2px !important;border-bottom-width:2px !important;border-left-width:2px !important;}<\/style><div class=\"stk-row stk-inner-blocks stk-block-content stk-content-align stk-7f04f5b-column\">\n<div class=\"wp-block-stackable-column stk-block-column stk-column stk-block stk-12042ca\" data-v=\"4\" data-block-id=\"12042ca\"><div class=\"stk-column-wrapper stk-block-column__content stk-container stk-12042ca-container stk--no-background stk--no-padding\"><div class=\"stk-block-content stk-inner-blocks stk-12042ca-inner-blocks\">\n<div class=\"wp-block-stackable-heading stk-block-heading stk-block-heading--v2 stk-block stk-69195b2\" id=\"strong-informacion-de-contacto-strong\" data-block-id=\"69195b2\"><style>.stk-69195b2 {padding-left:25px !important;margin-top:24px !important;margin-bottom:2px !important;}.stk-69195b2 .stk-block-heading__text{color:#5c068c !important;}<\/style><h5 class=\"stk-block-heading__text has-text-color has-text-align-left\"><strong>COORDONN\u00c9ES<\/strong><\/h5><\/div>\n\n\n\n<ul class=\"widget-contacto\">\n    <li><i class=\"fa fa-map-marker\"><\/i> C\/ Pedro Zerolo, s\/n. B\u00e2timent central. Bo\u00eete postale 456. Code postal 38200. San Crist\u00f3bal de La Laguna. S\/C de T\u00e9n\u00e9rife<\/li><li><i class=\"fa fa-phone\"><\/i> (+34) 922 31 90 06 \/ 07<\/li><li><i class=\"fa fa-address-book-o\"><\/i> <a target=\"_blank\" href=\"https:\/\/www.ull.es\/servicios\/becas\/fr\/directorio\/search\/?busqueda=contacto+de+la+seccion+de+becas\">Annuaire<\/a><\/li><li><i class=\"fa fa-envelope\"><\/i>  <a href=\"mailto:becas@ull.es\">becas@ull.es<\/a><\/li><li><i class=\"fa fa-clock-o\"><\/i> De 9h00 \u00e0 14h00 du lundi au vendredi<\/li><li><i class=\"fa fa-clock-o\"><\/i> Les heures de service public peuvent varier pendant les p\u00e9riodes de candidature aux bourses d&#039;\u00e9tudes en raison de la charge de travail importante. Ces heures peuvent \u00eatre r\u00e9duites.<\/li><li><i class=\"fa fa-list-ul\"><\/i><a href=\"http:\/\/riull.ull.es\/xmlui\/bitstream\/handle\/915\/3869\/CS_becas.pdf\"> Charte de service<\/a><\/li><li><i class=\"fa fa-globe\"><\/i><a href=\"http:\/\/becas.ull.es\/\"> page web<\/a><\/li><li><i class=\"fa fa-calendar\"><\/i><a href=\"http:\/\/citaprevia.ull.es\/index.php?s=becas\"> Rendez-vous requis<\/a><\/li><li><i class=\"fa fa-pencil-square-o\"><\/i><a href=\"https:\/\/encuestas.ull.es\/index.php?r=survey\/index&sid=715325&lang=es\"> Enqu\u00eate de satisfaction<\/a><\/li><li><i class=\"fa fa-archive\"><\/i><a href=\"https:\/\/sede.ull.es\/ecivilis-site\/catalog\/showProcedure\/484\"> Proc\u00e9dure pour les plaintes, suggestions et compliments<\/a><\/li>\n<\/ul>\n\n<\/div><\/div><\/div>\n<\/div><\/div>\n\n\n\n    \n<style>\n    .google-maps {\n        position: relative;\n        padding-bottom: 75%;\n        height: 0;\n        overflow: hidden;\n    }\n    .google-maps iframe {\n        position: absolute;\n        top: 0;\n        left: 0;\n        width: 100% !important;\n        height: 100% !important;\n    }\n<\/style>\n\n\n<div class=\"google-maps\">\n    <iframe src=\"https:\/\/www.openstreetmap.org\/export\/embed.html?bbox=-16.319295038789%2C28.477562826417%2C-16.313151229199%2C28.483375048697&amp;layer=mapnik&amp;marker=28.481745782157400%2C-16.316468864679300\" style=\"border: 1px solid black\"><\/iframe>\n<\/div>\n\n<div class=\"btn-widget\">\n    <a href=\"https:\/\/www.openstreetmap.org\/directions?engine=graphhopper_car&from=&to=28.481745782157400%2C-16.316468864679300#map=17\/28.481745782157400\/-16.316468864679300\">Comment s&#039;y rendre<\/a>  \n<\/div>\n\n  <\/body>\n<\/html>\n\n\n<\/div><\/div><\/div>\n<\/div><\/div>\n<\/div><\/div><\/div>\n<\/div><\/div>","protected":false},"excerpt":{"rendered":"<p>Bourses d&#039;\u00e9tudes - INFORMATIONS DE CONTACT<\/p>","protected":false},"author":12,"featured_media":0,"parent":0,"menu_order":0,"comment_status":"closed","ping_status":"closed","template":"templates\/template-frontpage.php","meta":{"_acf_changed":false,"footnotes":""},"class_list":["post-103","page","type-page","status-publish","hentry"],"acf":[],"_links":{"self":[{"href":"https:\/\/www.ull.es\/servicios\/becas\/fr\/wp-json\/wp\/v2\/pages\/103","targetHints":{"allow":["GET"]}}],"collection":[{"href":"https:\/\/www.ull.es\/servicios\/becas\/fr\/wp-json\/wp\/v2\/pages"}],"about":[{"href":"https:\/\/www.ull.es\/servicios\/becas\/fr\/wp-json\/wp\/v2\/types\/page"}],"author":[{"embeddable":true,"href":"https:\/\/www.ull.es\/servicios\/becas\/fr\/wp-json\/wp\/v2\/users\/12"}],"replies":[{"embeddable":true,"href":"https:\/\/www.ull.es\/servicios\/becas\/fr\/wp-json\/wp\/v2\/comments?post=103"}],"version-history":[{"count":29,"href":"https:\/\/www.ull.es\/servicios\/becas\/fr\/wp-json\/wp\/v2\/pages\/103\/revisions"}],"predecessor-version":[{"id":502,"href":"https:\/\/www.ull.es\/servicios\/becas\/fr\/wp-json\/wp\/v2\/pages\/103\/revisions\/502"}],"wp:attachment":[{"href":"https:\/\/www.ull.es\/servicios\/becas\/fr\/wp-json\/wp\/v2\/media?parent=103"}],"curies":[{"name":"wp","href":"https:\/\/api.w.org\/{rel}","templated":true}]}}